{"id":10796,"date":"2024-12-13T11:04:25","date_gmt":"2024-12-13T09:04:25","guid":{"rendered":"https:\/\/makelaalu.fi\/?page_id=10796"},"modified":"2025-01-07T10:48:48","modified_gmt":"2025-01-07T08:48:48","slug":"aluplanet","status":"publish","type":"page","link":"https:\/\/makelaalu.fi\/de\/unser-service\/aluplanet\/","title":{"rendered":"AluPlanet\u00ae"},"content":{"rendered":"<h2>AluPlanet\u00ae \u2013 CO2-reduzierte Aluminiumprofile<\/h2>\n<h4>AluPlanet\u00ae ist eine umweltfreundliche Produktfamilie von Aluminiumprofilen, die entwickelt wurde, um Nachhaltigkeitsanforderungen zu erf\u00fcllen und die planetare Widerstandsf\u00e4higkeit zu unterst\u00fctzen. Unsere Kohlenstoffarme Aluminiumprofile spielen eine wichtige Rolle im Kampf gegen den Klimawandel.<\/h4>\n<p class=\"p1\"><strong><img loading=\"lazy\" decoding=\"async\" class=\"alignnone size-full wp-image-10668\" src=\"https:\/\/makelaalu.fi\/wp-content\/uploads\/2024\/11\/AluPlanet_vahahiiliset_alumiiniprofiilit_MakelaAlu.jpg\" alt=\"\" width=\"1000\" height=\"672\" srcset=\"https:\/\/makelaalu.fi\/wp-content\/uploads\/2024\/11\/AluPlanet_vahahiiliset_alumiiniprofiilit_MakelaAlu.jpg 1000w, https:\/\/makelaalu.fi\/wp-content\/uploads\/2024\/11\/AluPlanet_vahahiiliset_alumiiniprofiilit_MakelaAlu-300x202.jpg 300w, https:\/\/makelaalu.fi\/wp-content\/uploads\/2024\/11\/AluPlanet_vahahiiliset_alumiiniprofiilit_MakelaAlu-768x516.jpg 768w, https:\/\/makelaalu.fi\/wp-content\/uploads\/2024\/11\/AluPlanet_vahahiiliset_alumiiniprofiilit_MakelaAlu-500x336.jpg 500w, https:\/\/makelaalu.fi\/wp-content\/uploads\/2024\/11\/AluPlanet_vahahiiliset_alumiiniprofiilit_MakelaAlu-370x250.jpg 370w\" sizes=\"auto, (max-width: 1000px) 100vw, 1000px\" \/><\/strong><\/p>\n<p>Recycelte Aluminiumprofile sind f\u00fcr immer mehr unserer Kunden ein wichtiger Bestandteil ihrer eigenen Klimaneutralit\u00e4t und Emissionsfreiheit in der Produktion. Wir freuen uns, daf\u00fcr mit den emissionsarmen Aluminiumprofilen aus der AluPlanet<span class=\"s2\">\u00ae<\/span>-Produktfamilie eine L\u00f6sung bieten zu k\u00f6nnen.<\/p>\n<p class=\"p1\"><strong>Unsere Produktfamilie besteht aus drei einzigartigen Optionen:<\/strong><\/p>\n<h4 class=\"p2\">AluPlanet<span class=\"s2\">\u00ae <\/span>Basic, Emissionen: 2,04 t CO2e\/t.<\/h4>\n<p class=\"p2\">\u2013 Ein recyceltes, CO2-reduziertes und unbehandeltes Aluminiumprofil, das Qualit\u00e4t und Umweltverantwortung vereint.<\/p>\n<h4 class=\"p2\">AluPlanet<span class=\"s2\">\u00ae <\/span>Paint, Emissionen: 2.59<span class=\"Apple-converted-space\">\u00a0 <\/span>tn CO2e\/t<\/h4>\n<p class=\"p2\">\u2013 Ein pulverbeschichtetes Aluminiumprofil, das ein langlebiges und stilvolles Finish mit minimalen Emissionen bietet.<\/p>\n<h4 class=\"p2\">AluPlanet<span class=\"s2\">\u00ae <\/span>Anod, Emissionen: 2.24 tn CO2e\/t<\/h4>\n<p class=\"p2\">\u2013 Ein anodisiertes Aluminiumprofil, das energieeffizient und mit R\u00fccksicht auf die Umwelt hergestellt wird.<\/p>\n<h2>Legierungen<\/h2>\n<p><span class=\"s2\">Die Profile der AluPlanet\u00ae Emissionsarme Aluminiumprofile sind in der Legierung EN-AW 6063 erh\u00e4ltlich.<\/span><\/p>\n<h2>Herkunft des recycelten Aluminiums<\/h2>\n<p>Die AluPlanet\u00ae-Aluminiumprofile werden aus recyceltem Aluminium hergestellt, das aus Produktionsabf\u00e4llen unseres eigenen Prozesses sowie aus Aluminiumresten stammt, die von Weiterverarbeitungsunternehmen und Kunden zur\u00fcckgef\u00fchrt werden. Wir schmelzen das Aluminium in unserem eigenen Gie\u00dferei erneut zu Pressbolzen um. F\u00fcr uns ist die Wiederverwendung von Produktionsabf\u00e4llen ein nachhaltiger Weg, recycelte Aluminiumprofile herzustellen. Es ist uns wichtig, die Menge an Abf\u00e4llen in unserer Produktion zu minimieren und alle m\u00f6glichen \u00dcbersch\u00fcsse im Sinne der Kreislaufwirtschaft wiederzuverwenden.<\/p>\n<p>Die Beschaffung des recycelten Aluminiums verursacht kaum Transportemissionen, da das Material entweder innerhalb unseres Werksgel\u00e4ndes, von in der N\u00e4he befindlichen Weiterverarbeitungsunternehmen oder im Rahmen anderer Transporte bewegt wird.<\/p>\n<p>Gem\u00e4\u00df der Norm d\u00fcrfen Produktionsabf\u00e4lle als Recyclingmaterial bezeichnet werden, wenn sie erneut geschmolzen und in einem anderen Produktionsprozess weiterverwendet werden.<\/p>\n<h2>Emissionsberechnung<\/h2>\n<p>Die Emissionen der Aluminiumprofile der AluPlanet\u00ae-Produktfamilie sind \u00e4u\u00dferst niedrig \u2013 nur 2,04\u20132,59 t CO2e\/t. Das Kohlenstoffdioxid\u00e4quivalent (CO2e) beschreibt die Klimawirkung der durch menschliche Aktivit\u00e4ten erzeugten Treibhausgase. Die verwendete Einheit (t CO2e\/t) gibt an, wie viele Tonnen CO2-\u00c4quivalent bei der Produktion von einer Tonne des betrachteten Produkts entstehen.<\/p>\n<p>Mit der Wahl der AluPlanet\u00ae-Profile f\u00fcr Ihre Produktion k\u00f6nnen Sie die Umweltbelastung Ihrer eigenen Prozesse erheblich reduzieren. Zum Vergleich: Der durchschnittliche Emissionswert von in Europa produziertem Prim\u00e4raluminium (Rohstoff, kein fertiges Profil) betr\u00e4gt 6,7 t CO2e\/t.<\/p>\n<p>Die Emissionsberechnung basiert auf den Normen ISO 14025 und EN 15804:2012 + A2:2019.<\/p>\n","protected":false},"excerpt":{"rendered":"AluPlanet\u00ae \u2013 CO2-reduzierte Aluminiumprofile AluPlanet\u00ae ist eine umweltfreundliche Produktfamilie von Aluminiumprofilen, die entwickelt wurde, um Nachhaltigkeitsanforderungen zu erf\u00fcllen und die planetare Widerstandsf\u00e4higkeit zu unterst\u00fctzen. Unsere Kohlenstoffarme Aluminiumprofile spielen eine wichtige Rolle im Kampf gegen den Klimawandel. Recycelte Aluminiumprofile sind f\u00fcr immer mehr unserer Kunden ein wichtiger Bestandteil ihrer eigenen Klimaneutralit\u00e4t und Emissionsfreiheit in der Produktion. Wir freuen uns, daf\u00fcr mit den emissionsarmen Aluminiumprofilen aus der AluPlanet\u00ae-Produktfamilie eine L\u00f6sung bieten zu k\u00f6nnen. Unsere Produktfamilie besteht aus drei einzigartigen Optionen: AluPlanet\u00ae Basic, Emissionen: 2,04 t CO2e\/t. \u2013 Ein recyceltes, CO2-reduziertes und unbehandeltes Aluminiumprofil, das Qualit\u00e4t und Umweltverantwortung vereint. AluPlanet\u00ae Paint, Emissionen: 2.59\u00a0 tn CO2e\/t \u2013 Ein pulverbeschichtetes Aluminiumprofil, das ein langlebiges und stilvolles Finish mit minimalen Emissionen bietet. AluPlanet\u00ae Anod, Emissionen: 2.24 tn CO2e\/t \u2013 Ein anodisiertes Aluminiumprofil, das energieeffizient und mit R\u00fccksicht auf die Umwelt hergestellt wird. Legierungen Die Profile der AluPlanet\u00ae Emissionsarme Aluminiumprofile sind in der Legierung EN-AW 6063 erh\u00e4ltlich. Herkunft des recycelten Aluminiums Die AluPlanet\u00ae-Aluminiumprofile werden aus recyceltem Aluminium hergestellt, das aus Produktionsabf\u00e4llen unseres eigenen Prozesses sowie aus Aluminiumresten stammt, die von Weiterverarbeitungsunternehmen und Kunden zur\u00fcckgef\u00fchrt werden. Wir schmelzen das Aluminium in unserem eigenen Gie\u00dferei erneut zu Pressbolzen um. F\u00fcr uns ist die Wiederverwendung von Produktionsabf\u00e4llen ein nachhaltiger Weg, recycelte Aluminiumprofile herzustellen. Es ist uns wichtig, die Menge an Abf\u00e4llen in unserer Produktion zu minimieren und alle m\u00f6glichen \u00dcbersch\u00fcsse im Sinne der Kreislaufwirtschaft wiederzuverwenden. Die Beschaffung des recycelten Aluminiums verursacht kaum Transportemissionen, da das Material entweder innerhalb unseres Werksgel\u00e4ndes, von in der N\u00e4he befindlichen Weiterverarbeitungsunternehmen oder im Rahmen anderer Transporte bewegt wird. Gem\u00e4\u00df der Norm d\u00fcrfen Produktionsabf\u00e4lle als Recyclingmaterial bezeichnet werden, wenn sie erneut geschmolzen und in einem anderen Produktionsprozess weiterverwendet werden. Emissionsberechnung Die Emissionen der Aluminiumprofile der AluPlanet\u00ae-Produktfamilie sind \u00e4u\u00dferst niedrig \u2013 nur 2,04\u20132,59 t CO2e\/t. Das Kohlenstoffdioxid\u00e4quivalent (CO2e) beschreibt die Klimawirkung der durch menschliche Aktivit\u00e4ten erzeugten Treibhausgase. Die verwendete Einheit (t CO2e\/t) gibt an, wie viele Tonnen CO2-\u00c4quivalent bei der Produktion von einer Tonne des betrachteten Produkts entstehen. Mit der Wahl der AluPlanet\u00ae-Profile f\u00fcr Ihre Produktion k\u00f6nnen Sie die Umweltbelastung Ihrer eigenen Prozesse erheblich reduzieren. Zum Vergleich: Der durchschnittliche Emissionswert von in Europa produziertem Prim\u00e4raluminium (Rohstoff, kein fertiges Profil) betr\u00e4gt 6,7 t CO2e\/t. Die Emissionsberechnung basiert auf den Normen ISO 14025 und EN 15804:2012 + A2:2019.","protected":false},"author":2,"featured_media":0,"parent":7073,"menu_order":13,"comment_status":"closed","ping_status":"closed","template":"","meta":{"_acf_changed":false,"footnotes":""},"class_list":["post-10796","page","type-page","status-publish","hentry"],"acf":[],"yoast_head":"<!-- This site is optimized with the Yoast SEO plugin v27.4 - https:\/\/yoast.com\/product\/yoast-seo-wordpress\/ -->\n<title>AluPlanet\u00ae - CO2-reduzierte Aluminiumprofil-Produktfamilie<\/title>\n<meta name=\"robots\" content=\"index, follow, max-snippet:-1, max-image-preview:large, max-video-preview:-1\" \/>\n<link rel=\"canonical\" href=\"https:\/\/makelaalu.fi\/de\/unser-service\/aluplanet\/\" \/>\n<meta property=\"og:locale\" content=\"de_DE\" \/>\n<meta property=\"og:type\" content=\"article\" \/>\n<meta property=\"og:title\" content=\"AluPlanet\u00ae - CO2-reduzierte Aluminiumprofil-Produktfamilie\" \/>\n<meta property=\"og:description\" content=\"AluPlanet\u00ae \u2013 CO2-reduzierte Aluminiumprofile AluPlanet\u00ae ist eine umweltfreundliche Produktfamilie von Aluminiumprofilen, die entwickelt wurde, um Nachhaltigkeitsanforderungen zu erf\u00fcllen und die planetare Widerstandsf\u00e4higkeit zu unterst\u00fctzen. Unsere Kohlenstoffarme Aluminiumprofile spielen eine wichtige Rolle im Kampf gegen den Klimawandel. Recycelte Aluminiumprofile sind f\u00fcr immer mehr unserer Kunden ein wichtiger Bestandteil ihrer eigenen Klimaneutralit\u00e4t und Emissionsfreiheit in der Produktion. Wir freuen uns, daf\u00fcr mit den emissionsarmen Aluminiumprofilen aus der AluPlanet\u00ae-Produktfamilie eine L\u00f6sung bieten zu k\u00f6nnen. Unsere Produktfamilie besteht aus drei einzigartigen Optionen: AluPlanet\u00ae Basic, Emissionen: 2,04 t CO2e\/t. \u2013 Ein recyceltes, CO2-reduziertes und unbehandeltes Aluminiumprofil, das Qualit\u00e4t und Umweltverantwortung vereint. AluPlanet\u00ae Paint, Emissionen: 2.59\u00a0 tn CO2e\/t \u2013 Ein pulverbeschichtetes Aluminiumprofil, das ein langlebiges und stilvolles Finish mit minimalen Emissionen bietet. AluPlanet\u00ae Anod, Emissionen: 2.24 tn CO2e\/t \u2013 Ein anodisiertes Aluminiumprofil, das energieeffizient und mit R\u00fccksicht auf die Umwelt hergestellt wird. Legierungen Die Profile der AluPlanet\u00ae Emissionsarme Aluminiumprofile sind in der Legierung EN-AW 6063 erh\u00e4ltlich. Herkunft des recycelten Aluminiums Die AluPlanet\u00ae-Aluminiumprofile werden aus recyceltem Aluminium hergestellt, das aus Produktionsabf\u00e4llen unseres eigenen Prozesses sowie aus Aluminiumresten stammt, die von Weiterverarbeitungsunternehmen und Kunden zur\u00fcckgef\u00fchrt werden. Wir schmelzen das Aluminium in unserem eigenen Gie\u00dferei erneut zu Pressbolzen um. F\u00fcr uns ist die Wiederverwendung von Produktionsabf\u00e4llen ein nachhaltiger Weg, recycelte Aluminiumprofile herzustellen. Es ist uns wichtig, die Menge an Abf\u00e4llen in unserer Produktion zu minimieren und alle m\u00f6glichen \u00dcbersch\u00fcsse im Sinne der Kreislaufwirtschaft wiederzuverwenden. Die Beschaffung des recycelten Aluminiums verursacht kaum Transportemissionen, da das Material entweder innerhalb unseres Werksgel\u00e4ndes, von in der N\u00e4he befindlichen Weiterverarbeitungsunternehmen oder im Rahmen anderer Transporte bewegt wird. Gem\u00e4\u00df der Norm d\u00fcrfen Produktionsabf\u00e4lle als Recyclingmaterial bezeichnet werden, wenn sie erneut geschmolzen und in einem anderen Produktionsprozess weiterverwendet werden. Emissionsberechnung Die Emissionen der Aluminiumprofile der AluPlanet\u00ae-Produktfamilie sind \u00e4u\u00dferst niedrig \u2013 nur 2,04\u20132,59 t CO2e\/t. Das Kohlenstoffdioxid\u00e4quivalent (CO2e) beschreibt die Klimawirkung der durch menschliche Aktivit\u00e4ten erzeugten Treibhausgase. Die verwendete Einheit (t CO2e\/t) gibt an, wie viele Tonnen CO2-\u00c4quivalent bei der Produktion von einer Tonne des betrachteten Produkts entstehen. Mit der Wahl der AluPlanet\u00ae-Profile f\u00fcr Ihre Produktion k\u00f6nnen Sie die Umweltbelastung Ihrer eigenen Prozesse erheblich reduzieren. Zum Vergleich: Der durchschnittliche Emissionswert von in Europa produziertem Prim\u00e4raluminium (Rohstoff, kein fertiges Profil) betr\u00e4gt 6,7 t CO2e\/t. Die Emissionsberechnung basiert auf den Normen ISO 14025 und EN 15804:2012 + A2:2019.\" \/>\n<meta property=\"og:url\" content=\"https:\/\/makelaalu.fi\/de\/unser-service\/aluplanet\/\" \/>\n<meta property=\"og:site_name\" content=\"M&auml;kel&auml; Alu Oy\" \/>\n<meta property=\"article:modified_time\" content=\"2025-01-07T08:48:48+00:00\" \/>\n<meta property=\"og:image\" content=\"https:\/\/makelaalu.fi\/wp-content\/uploads\/2024\/11\/AluPlanet_vahahiiliset_alumiiniprofiilit_MakelaAlu.jpg\" \/>\n\t<meta property=\"og:image:width\" content=\"1000\" \/>\n\t<meta property=\"og:image:height\" content=\"672\" \/>\n\t<meta property=\"og:image:type\" content=\"image\/jpeg\" \/>\n<meta name=\"twitter:card\" content=\"summary_large_image\" \/>\n<meta name=\"twitter:label1\" content=\"Gesch\u00e4tzte Lesezeit\" \/>\n\t<meta name=\"twitter:data1\" content=\"3\u00a0Minuten\" \/>\n<script type=\"application\/ld+json\" class=\"yoast-schema-graph\">{\"@context\":\"https:\\\/\\\/schema.org\",\"@graph\":[{\"@type\":\"WebPage\",\"@id\":\"https:\\\/\\\/makelaalu.fi\\\/de\\\/unser-service\\\/aluplanet\\\/\",\"url\":\"https:\\\/\\\/makelaalu.fi\\\/de\\\/unser-service\\\/aluplanet\\\/\",\"name\":\"AluPlanet\u00ae - CO2-reduzierte Aluminiumprofil-Produktfamilie\",\"isPartOf\":{\"@id\":\"https:\\\/\\\/dev.makelaalu.fi\\\/#website\"},\"primaryImageOfPage\":{\"@id\":\"https:\\\/\\\/makelaalu.fi\\\/de\\\/unser-service\\\/aluplanet\\\/#primaryimage\"},\"image\":{\"@id\":\"https:\\\/\\\/makelaalu.fi\\\/de\\\/unser-service\\\/aluplanet\\\/#primaryimage\"},\"thumbnailUrl\":\"https:\\\/\\\/makelaalu.fi\\\/wp-content\\\/uploads\\\/2024\\\/11\\\/AluPlanet_vahahiiliset_alumiiniprofiilit_MakelaAlu.jpg\",\"datePublished\":\"2024-12-13T09:04:25+00:00\",\"dateModified\":\"2025-01-07T08:48:48+00:00\",\"breadcrumb\":{\"@id\":\"https:\\\/\\\/makelaalu.fi\\\/de\\\/unser-service\\\/aluplanet\\\/#breadcrumb\"},\"inLanguage\":\"de\",\"potentialAction\":[{\"@type\":\"ReadAction\",\"target\":[\"https:\\\/\\\/makelaalu.fi\\\/de\\\/unser-service\\\/aluplanet\\\/\"]}]},{\"@type\":\"ImageObject\",\"inLanguage\":\"de\",\"@id\":\"https:\\\/\\\/makelaalu.fi\\\/de\\\/unser-service\\\/aluplanet\\\/#primaryimage\",\"url\":\"https:\\\/\\\/makelaalu.fi\\\/wp-content\\\/uploads\\\/2024\\\/11\\\/AluPlanet_vahahiiliset_alumiiniprofiilit_MakelaAlu.jpg\",\"contentUrl\":\"https:\\\/\\\/makelaalu.fi\\\/wp-content\\\/uploads\\\/2024\\\/11\\\/AluPlanet_vahahiiliset_alumiiniprofiilit_MakelaAlu.jpg\"},{\"@type\":\"BreadcrumbList\",\"@id\":\"https:\\\/\\\/makelaalu.fi\\\/de\\\/unser-service\\\/aluplanet\\\/#breadcrumb\",\"itemListElement\":[{\"@type\":\"ListItem\",\"position\":1,\"name\":\"Frontpage\",\"item\":\"https:\\\/\\\/makelaalu.fi\\\/de\\\/\"},{\"@type\":\"ListItem\",\"position\":2,\"name\":\"Unser Service\",\"item\":\"https:\\\/\\\/makelaalu.fi\\\/de\\\/unser-service\\\/\"},{\"@type\":\"ListItem\",\"position\":3,\"name\":\"AluPlanet\u00ae\"}]},{\"@type\":\"WebSite\",\"@id\":\"https:\\\/\\\/dev.makelaalu.fi\\\/#website\",\"url\":\"https:\\\/\\\/dev.makelaalu.fi\\\/\",\"name\":\"M&auml;kel&auml; Alu Oy\",\"description\":\"Alumiiniprofiilien puristaminen vuosikymmenten kokemuksella.\",\"potentialAction\":[{\"@type\":\"SearchAction\",\"target\":{\"@type\":\"EntryPoint\",\"urlTemplate\":\"https:\\\/\\\/dev.makelaalu.fi\\\/?s={search_term_string}\"},\"query-input\":{\"@type\":\"PropertyValueSpecification\",\"valueRequired\":true,\"valueName\":\"search_term_string\"}}],\"inLanguage\":\"de\"}]}<\/script>\n<!-- \/ Yoast SEO plugin. -->","yoast_head_json":{"title":"AluPlanet\u00ae - CO2-reduzierte Aluminiumprofil-Produktfamilie","robots":{"index":"index","follow":"follow","max-snippet":"max-snippet:-1","max-image-preview":"max-image-preview:large","max-video-preview":"max-video-preview:-1"},"canonical":"https:\/\/makelaalu.fi\/de\/unser-service\/aluplanet\/","og_locale":"de_DE","og_type":"article","og_title":"AluPlanet\u00ae - CO2-reduzierte Aluminiumprofil-Produktfamilie","og_description":"AluPlanet\u00ae \u2013 CO2-reduzierte Aluminiumprofile AluPlanet\u00ae ist eine umweltfreundliche Produktfamilie von Aluminiumprofilen, die entwickelt wurde, um Nachhaltigkeitsanforderungen zu erf\u00fcllen und die planetare Widerstandsf\u00e4higkeit zu unterst\u00fctzen. Unsere Kohlenstoffarme Aluminiumprofile spielen eine wichtige Rolle im Kampf gegen den Klimawandel. Recycelte Aluminiumprofile sind f\u00fcr immer mehr unserer Kunden ein wichtiger Bestandteil ihrer eigenen Klimaneutralit\u00e4t und Emissionsfreiheit in der Produktion. Wir freuen uns, daf\u00fcr mit den emissionsarmen Aluminiumprofilen aus der AluPlanet\u00ae-Produktfamilie eine L\u00f6sung bieten zu k\u00f6nnen. Unsere Produktfamilie besteht aus drei einzigartigen Optionen: AluPlanet\u00ae Basic, Emissionen: 2,04 t CO2e\/t. \u2013 Ein recyceltes, CO2-reduziertes und unbehandeltes Aluminiumprofil, das Qualit\u00e4t und Umweltverantwortung vereint. AluPlanet\u00ae Paint, Emissionen: 2.59\u00a0 tn CO2e\/t \u2013 Ein pulverbeschichtetes Aluminiumprofil, das ein langlebiges und stilvolles Finish mit minimalen Emissionen bietet. AluPlanet\u00ae Anod, Emissionen: 2.24 tn CO2e\/t \u2013 Ein anodisiertes Aluminiumprofil, das energieeffizient und mit R\u00fccksicht auf die Umwelt hergestellt wird. Legierungen Die Profile der AluPlanet\u00ae Emissionsarme Aluminiumprofile sind in der Legierung EN-AW 6063 erh\u00e4ltlich. Herkunft des recycelten Aluminiums Die AluPlanet\u00ae-Aluminiumprofile werden aus recyceltem Aluminium hergestellt, das aus Produktionsabf\u00e4llen unseres eigenen Prozesses sowie aus Aluminiumresten stammt, die von Weiterverarbeitungsunternehmen und Kunden zur\u00fcckgef\u00fchrt werden. Wir schmelzen das Aluminium in unserem eigenen Gie\u00dferei erneut zu Pressbolzen um. F\u00fcr uns ist die Wiederverwendung von Produktionsabf\u00e4llen ein nachhaltiger Weg, recycelte Aluminiumprofile herzustellen. Es ist uns wichtig, die Menge an Abf\u00e4llen in unserer Produktion zu minimieren und alle m\u00f6glichen \u00dcbersch\u00fcsse im Sinne der Kreislaufwirtschaft wiederzuverwenden. Die Beschaffung des recycelten Aluminiums verursacht kaum Transportemissionen, da das Material entweder innerhalb unseres Werksgel\u00e4ndes, von in der N\u00e4he befindlichen Weiterverarbeitungsunternehmen oder im Rahmen anderer Transporte bewegt wird. Gem\u00e4\u00df der Norm d\u00fcrfen Produktionsabf\u00e4lle als Recyclingmaterial bezeichnet werden, wenn sie erneut geschmolzen und in einem anderen Produktionsprozess weiterverwendet werden. Emissionsberechnung Die Emissionen der Aluminiumprofile der AluPlanet\u00ae-Produktfamilie sind \u00e4u\u00dferst niedrig \u2013 nur 2,04\u20132,59 t CO2e\/t. Das Kohlenstoffdioxid\u00e4quivalent (CO2e) beschreibt die Klimawirkung der durch menschliche Aktivit\u00e4ten erzeugten Treibhausgase. Die verwendete Einheit (t CO2e\/t) gibt an, wie viele Tonnen CO2-\u00c4quivalent bei der Produktion von einer Tonne des betrachteten Produkts entstehen. Mit der Wahl der AluPlanet\u00ae-Profile f\u00fcr Ihre Produktion k\u00f6nnen Sie die Umweltbelastung Ihrer eigenen Prozesse erheblich reduzieren. Zum Vergleich: Der durchschnittliche Emissionswert von in Europa produziertem Prim\u00e4raluminium (Rohstoff, kein fertiges Profil) betr\u00e4gt 6,7 t CO2e\/t. Die Emissionsberechnung basiert auf den Normen ISO 14025 und EN 15804:2012 + A2:2019.","og_url":"https:\/\/makelaalu.fi\/de\/unser-service\/aluplanet\/","og_site_name":"M&auml;kel&auml; Alu Oy","article_modified_time":"2025-01-07T08:48:48+00:00","og_image":[{"width":1000,"height":672,"url":"https:\/\/makelaalu.fi\/wp-content\/uploads\/2024\/11\/AluPlanet_vahahiiliset_alumiiniprofiilit_MakelaAlu.jpg","type":"image\/jpeg"}],"twitter_card":"summary_large_image","twitter_misc":{"Gesch\u00e4tzte Lesezeit":"3\u00a0Minuten"},"schema":{"@context":"https:\/\/schema.org","@graph":[{"@type":"WebPage","@id":"https:\/\/makelaalu.fi\/de\/unser-service\/aluplanet\/","url":"https:\/\/makelaalu.fi\/de\/unser-service\/aluplanet\/","name":"AluPlanet\u00ae - CO2-reduzierte Aluminiumprofil-Produktfamilie","isPartOf":{"@id":"https:\/\/dev.makelaalu.fi\/#website"},"primaryImageOfPage":{"@id":"https:\/\/makelaalu.fi\/de\/unser-service\/aluplanet\/#primaryimage"},"image":{"@id":"https:\/\/makelaalu.fi\/de\/unser-service\/aluplanet\/#primaryimage"},"thumbnailUrl":"https:\/\/makelaalu.fi\/wp-content\/uploads\/2024\/11\/AluPlanet_vahahiiliset_alumiiniprofiilit_MakelaAlu.jpg","datePublished":"2024-12-13T09:04:25+00:00","dateModified":"2025-01-07T08:48:48+00:00","breadcrumb":{"@id":"https:\/\/makelaalu.fi\/de\/unser-service\/aluplanet\/#breadcrumb"},"inLanguage":"de","potentialAction":[{"@type":"ReadAction","target":["https:\/\/makelaalu.fi\/de\/unser-service\/aluplanet\/"]}]},{"@type":"ImageObject","inLanguage":"de","@id":"https:\/\/makelaalu.fi\/de\/unser-service\/aluplanet\/#primaryimage","url":"https:\/\/makelaalu.fi\/wp-content\/uploads\/2024\/11\/AluPlanet_vahahiiliset_alumiiniprofiilit_MakelaAlu.jpg","contentUrl":"https:\/\/makelaalu.fi\/wp-content\/uploads\/2024\/11\/AluPlanet_vahahiiliset_alumiiniprofiilit_MakelaAlu.jpg"},{"@type":"BreadcrumbList","@id":"https:\/\/makelaalu.fi\/de\/unser-service\/aluplanet\/#breadcrumb","itemListElement":[{"@type":"ListItem","position":1,"name":"Frontpage","item":"https:\/\/makelaalu.fi\/de\/"},{"@type":"ListItem","position":2,"name":"Unser Service","item":"https:\/\/makelaalu.fi\/de\/unser-service\/"},{"@type":"ListItem","position":3,"name":"AluPlanet\u00ae"}]},{"@type":"WebSite","@id":"https:\/\/dev.makelaalu.fi\/#website","url":"https:\/\/dev.makelaalu.fi\/","name":"M&auml;kel&auml; Alu Oy","description":"Alumiiniprofiilien puristaminen vuosikymmenten kokemuksella.","potentialAction":[{"@type":"SearchAction","target":{"@type":"EntryPoint","urlTemplate":"https:\/\/dev.makelaalu.fi\/?s={search_term_string}"},"query-input":{"@type":"PropertyValueSpecification","valueRequired":true,"valueName":"search_term_string"}}],"inLanguage":"de"}]}},"_links":{"self":[{"href":"https:\/\/makelaalu.fi\/de\/wp-json\/wp\/v2\/pages\/10796","targetHints":{"allow":["GET"]}}],"collection":[{"href":"https:\/\/makelaalu.fi\/de\/wp-json\/wp\/v2\/pages"}],"about":[{"href":"https:\/\/makelaalu.fi\/de\/wp-json\/wp\/v2\/types\/page"}],"author":[{"embeddable":true,"href":"https:\/\/makelaalu.fi\/de\/wp-json\/wp\/v2\/users\/2"}],"replies":[{"embeddable":true,"href":"https:\/\/makelaalu.fi\/de\/wp-json\/wp\/v2\/comments?post=10796"}],"version-history":[{"count":5,"href":"https:\/\/makelaalu.fi\/de\/wp-json\/wp\/v2\/pages\/10796\/revisions"}],"predecessor-version":[{"id":10809,"href":"https:\/\/makelaalu.fi\/de\/wp-json\/wp\/v2\/pages\/10796\/revisions\/10809"}],"up":[{"embeddable":true,"href":"https:\/\/makelaalu.fi\/de\/wp-json\/wp\/v2\/pages\/7073"}],"wp:attachment":[{"href":"https:\/\/makelaalu.fi\/de\/wp-json\/wp\/v2\/media?parent=10796"}],"curies":[{"name":"wp","href":"https:\/\/api.w.org\/{rel}","templated":true}]}}