{"id":10930,"date":"2025-02-18T11:14:11","date_gmt":"2025-02-18T09:14:11","guid":{"rendered":"https:\/\/makelaalu.fi\/?page_id=10930"},"modified":"2025-02-18T11:14:11","modified_gmt":"2025-02-18T09:14:11","slug":"standardprofile","status":"publish","type":"page","link":"https:\/\/makelaalu.fi\/de\/aluminiumprofile\/standardprofile\/","title":{"rendered":"Standardprofile"},"content":{"rendered":"<h2 data-start=\"2140\" data-end=\"2177\"><strong data-start=\"2145\" data-end=\"2175\">M\u00e4kel\u00e4 Alu Standardprofile<\/strong><\/h2>\n<h4 data-start=\"2178\" data-end=\"2373\">Standardprofile eignen sich f\u00fcr verschiedene Bau- und Industrieanwendungen. Sie werden in Tragkonstruktionen, Regalen und Rahmen, Fassadenelementen sowie verschiedenen Gel\u00e4ndern eingesetzt.<\/h4>\n<p data-start=\"2375\" data-end=\"2866\">Die Leichtigkeit, Haltbarkeit und Korrosionsbest\u00e4ndigkeit von Aluminiumprofilen machen sie ideal f\u00fcr den Innen- und Au\u00dfeneinsatz. Wir bieten eine gro\u00dfe Auswahl an Standardprofilen. Die Standardl\u00e4nge der Profile betr\u00e4gt 6 Meter, aber Kunden k\u00f6nnen auch Sonderl\u00e4ngen bestellen. Grunds\u00e4tzlich sind alle von M\u00e4kel\u00e4 Alu verwendeten Aluminiumlegierungen f\u00fcr diese Profile geeignet. Wir empfehlen jedoch, die Eignung der Legierung mit unserem Vertriebsteam abzukl\u00e4ren.<\/p>\n<p data-start=\"2868\" data-end=\"3021\">Standardprofile bieten kosteneffiziente, standardisierte L\u00f6sungen f\u00fcr verschiedene Anforderungen und sind in mehreren Formen und Gr\u00f6\u00dfen erh\u00e4ltlich.<\/p>\n<p data-start=\"3023\" data-end=\"3069\"><strong data-start=\"3027\" data-end=\"3067\">G\u00e4ngigste aluminium-standardprofile:<\/strong><\/p>\n<ul data-start=\"3070\" data-end=\"3679\">\n<li data-start=\"3070\" data-end=\"3172\"><strong data-start=\"3072\" data-end=\"3089\">Flachstangen:<\/strong> Rechteckige Profile f\u00fcr Konstruktionen, die glatte und breite Fl\u00e4chen erfordern.<\/li>\n<li data-start=\"3173\" data-end=\"3251\"><strong data-start=\"3175\" data-end=\"3189\">U-Profile:<\/strong> U-f\u00f6rmige Profile f\u00fcr Kantenschutz und tragende Strukturen.<\/li>\n<li data-start=\"3252\" data-end=\"3380\"><strong data-start=\"3254\" data-end=\"3293\">Quadratische und rechteckige Rohre:<\/strong> Hohlprofile, die Leichtigkeit und Stabilit\u00e4t bieten, ideal f\u00fcr Rahmenkonstruktionen.<\/li>\n<li data-start=\"3381\" data-end=\"3461\"><strong data-start=\"3383\" data-end=\"3397\">L-Profile:<\/strong> L-f\u00f6rmige Profile zur Verst\u00e4rkung von Ecken und Verbindungen.<\/li>\n<li data-start=\"3462\" data-end=\"3565\"><strong data-start=\"3464\" data-end=\"3478\">T-Profile:<\/strong> T-f\u00f6rmige Profile, die als Trenn- oder Verbindungselemente in Konstruktionen dienen.<\/li>\n<li data-start=\"3566\" data-end=\"3679\"><strong data-start=\"3568\" data-end=\"3582\">Rundrohre:<\/strong> Zylindrische Profile, die beispielsweise f\u00fcr Gel\u00e4nder und Rohrkonstruktionen verwendet werden.<\/li>\n<\/ul>\n<p data-start=\"3681\" data-end=\"4042\">Standardprofile k\u00f6nnen auch durch Pulverbeschichtung oder Anodisieren oberfl\u00e4chenbehandelt und in unserem Weiterverarbeitungsnetzwerk zu einem fertigen Endprodukt verarbeitet werden. Die Anodisieren verbessert die Haltbarkeit und erleichtert die Reinigung der Oberfl\u00e4che. Weitere Informationen zu unseren Oberfl\u00e4chenbehandlungen finden Sie <a href=\"https:\/\/makelaalu.fi\/de\/oberflaechenbehandlung-von-aluminiumprofilen\/\">hier<\/a>.<\/p>\n<p data-start=\"4044\" data-end=\"4176\">Laden Sie den Standardprofil-Katalog <a href=\"https:\/\/makelaalu.fi\/wp-content\/uploads\/2018\/10\/makela_alu_vakioprofiilit_alumiiniprofiilit_standard_profiles.pdf\">hier<\/a> herunter. Der Katalog enth\u00e4lt alle verf\u00fcgbaren Profilformen und deren Abmessungen.<\/p>\n<p data-start=\"4178\" data-end=\"4288\">Falls Sie nicht die gew\u00fcnschten Produktinformationen finden, <a href=\"https:\/\/makelaalu.fi\/de\/kontakt\/\">kontaktieren Sie bitte unser Vertriebsteam<\/a>.<\/p>\n","protected":false},"excerpt":{"rendered":"M\u00e4kel\u00e4 Alu Standardprofile Standardprofile eignen sich f\u00fcr verschiedene Bau- und Industrieanwendungen. Sie werden in Tragkonstruktionen, Regalen und Rahmen, Fassadenelementen sowie verschiedenen Gel\u00e4ndern eingesetzt. Die Leichtigkeit, Haltbarkeit und Korrosionsbest\u00e4ndigkeit von Aluminiumprofilen machen sie ideal f\u00fcr den Innen- und Au\u00dfeneinsatz. Wir bieten eine gro\u00dfe Auswahl an Standardprofilen. Die Standardl\u00e4nge der Profile betr\u00e4gt 6 Meter, aber Kunden k\u00f6nnen auch Sonderl\u00e4ngen bestellen. Grunds\u00e4tzlich sind alle von M\u00e4kel\u00e4 Alu verwendeten Aluminiumlegierungen f\u00fcr diese Profile geeignet. Wir empfehlen jedoch, die Eignung der Legierung mit unserem Vertriebsteam abzukl\u00e4ren. Standardprofile bieten kosteneffiziente, standardisierte L\u00f6sungen f\u00fcr verschiedene Anforderungen und sind in mehreren Formen und Gr\u00f6\u00dfen erh\u00e4ltlich. G\u00e4ngigste aluminium-standardprofile: Flachstangen: Rechteckige Profile f\u00fcr Konstruktionen, die glatte und breite Fl\u00e4chen erfordern. U-Profile: U-f\u00f6rmige Profile f\u00fcr Kantenschutz und tragende Strukturen. Quadratische und rechteckige Rohre: Hohlprofile, die Leichtigkeit und Stabilit\u00e4t bieten, ideal f\u00fcr Rahmenkonstruktionen. L-Profile: L-f\u00f6rmige Profile zur Verst\u00e4rkung von Ecken und Verbindungen. T-Profile: T-f\u00f6rmige Profile, die als Trenn- oder Verbindungselemente in Konstruktionen dienen. Rundrohre: Zylindrische Profile, die beispielsweise f\u00fcr Gel\u00e4nder und Rohrkonstruktionen verwendet werden. Standardprofile k\u00f6nnen auch durch Pulverbeschichtung oder Anodisieren oberfl\u00e4chenbehandelt und in unserem Weiterverarbeitungsnetzwerk zu einem fertigen Endprodukt verarbeitet werden. Die Anodisieren verbessert die Haltbarkeit und erleichtert die Reinigung der Oberfl\u00e4che. Weitere Informationen zu unseren Oberfl\u00e4chenbehandlungen finden Sie hier. Laden Sie den Standardprofil-Katalog hier herunter. Der Katalog enth\u00e4lt alle verf\u00fcgbaren Profilformen und deren Abmessungen. Falls Sie nicht die gew\u00fcnschten Produktinformationen finden, kontaktieren Sie bitte unser Vertriebsteam.","protected":false},"author":2,"featured_media":0,"parent":6917,"menu_order":9,"comment_status":"closed","ping_status":"closed","template":"","meta":{"_acf_changed":false,"footnotes":""},"class_list":["post-10930","page","type-page","status-publish","hentry"],"acf":[],"yoast_head":"<!-- This site is optimized with the Yoast SEO plugin v27.3 - https:\/\/yoast.com\/product\/yoast-seo-wordpress\/ -->\n<title>Standardprofile - M&auml;kel&auml; Alu Oy<\/title>\n<meta name=\"robots\" content=\"index, follow, max-snippet:-1, max-image-preview:large, max-video-preview:-1\" \/>\n<link rel=\"canonical\" href=\"https:\/\/makelaalu.fi\/de\/aluminiumprofile\/standardprofile\/\" \/>\n<meta property=\"og:locale\" content=\"de_DE\" \/>\n<meta property=\"og:type\" content=\"article\" \/>\n<meta property=\"og:title\" content=\"Standardprofile - M&auml;kel&auml; Alu Oy\" \/>\n<meta property=\"og:description\" content=\"M\u00e4kel\u00e4 Alu Standardprofile Standardprofile eignen sich f\u00fcr verschiedene Bau- und Industrieanwendungen. Sie werden in Tragkonstruktionen, Regalen und Rahmen, Fassadenelementen sowie verschiedenen Gel\u00e4ndern eingesetzt. Die Leichtigkeit, Haltbarkeit und Korrosionsbest\u00e4ndigkeit von Aluminiumprofilen machen sie ideal f\u00fcr den Innen- und Au\u00dfeneinsatz. Wir bieten eine gro\u00dfe Auswahl an Standardprofilen. Die Standardl\u00e4nge der Profile betr\u00e4gt 6 Meter, aber Kunden k\u00f6nnen auch Sonderl\u00e4ngen bestellen. Grunds\u00e4tzlich sind alle von M\u00e4kel\u00e4 Alu verwendeten Aluminiumlegierungen f\u00fcr diese Profile geeignet. Wir empfehlen jedoch, die Eignung der Legierung mit unserem Vertriebsteam abzukl\u00e4ren. Standardprofile bieten kosteneffiziente, standardisierte L\u00f6sungen f\u00fcr verschiedene Anforderungen und sind in mehreren Formen und Gr\u00f6\u00dfen erh\u00e4ltlich. G\u00e4ngigste aluminium-standardprofile: Flachstangen: Rechteckige Profile f\u00fcr Konstruktionen, die glatte und breite Fl\u00e4chen erfordern. U-Profile: U-f\u00f6rmige Profile f\u00fcr Kantenschutz und tragende Strukturen. Quadratische und rechteckige Rohre: Hohlprofile, die Leichtigkeit und Stabilit\u00e4t bieten, ideal f\u00fcr Rahmenkonstruktionen. L-Profile: L-f\u00f6rmige Profile zur Verst\u00e4rkung von Ecken und Verbindungen. T-Profile: T-f\u00f6rmige Profile, die als Trenn- oder Verbindungselemente in Konstruktionen dienen. Rundrohre: Zylindrische Profile, die beispielsweise f\u00fcr Gel\u00e4nder und Rohrkonstruktionen verwendet werden. Standardprofile k\u00f6nnen auch durch Pulverbeschichtung oder Anodisieren oberfl\u00e4chenbehandelt und in unserem Weiterverarbeitungsnetzwerk zu einem fertigen Endprodukt verarbeitet werden. Die Anodisieren verbessert die Haltbarkeit und erleichtert die Reinigung der Oberfl\u00e4che. Weitere Informationen zu unseren Oberfl\u00e4chenbehandlungen finden Sie hier. Laden Sie den Standardprofil-Katalog hier herunter. Der Katalog enth\u00e4lt alle verf\u00fcgbaren Profilformen und deren Abmessungen. Falls Sie nicht die gew\u00fcnschten Produktinformationen finden, kontaktieren Sie bitte unser Vertriebsteam.\" \/>\n<meta property=\"og:url\" content=\"https:\/\/makelaalu.fi\/de\/aluminiumprofile\/standardprofile\/\" \/>\n<meta property=\"og:site_name\" content=\"M&auml;kel&auml; Alu Oy\" \/>\n<meta name=\"twitter:card\" content=\"summary_large_image\" \/>\n<meta name=\"twitter:label1\" content=\"Gesch\u00e4tzte Lesezeit\" \/>\n\t<meta name=\"twitter:data1\" content=\"2\u00a0Minuten\" \/>\n<script type=\"application\/ld+json\" class=\"yoast-schema-graph\">{\"@context\":\"https:\\\/\\\/schema.org\",\"@graph\":[{\"@type\":\"WebPage\",\"@id\":\"https:\\\/\\\/makelaalu.fi\\\/de\\\/aluminiumprofile\\\/standardprofile\\\/\",\"url\":\"https:\\\/\\\/makelaalu.fi\\\/de\\\/aluminiumprofile\\\/standardprofile\\\/\",\"name\":\"Standardprofile - M&auml;kel&auml; Alu Oy\",\"isPartOf\":{\"@id\":\"https:\\\/\\\/dev.makelaalu.fi\\\/#website\"},\"datePublished\":\"2025-02-18T09:14:11+00:00\",\"breadcrumb\":{\"@id\":\"https:\\\/\\\/makelaalu.fi\\\/de\\\/aluminiumprofile\\\/standardprofile\\\/#breadcrumb\"},\"inLanguage\":\"de\",\"potentialAction\":[{\"@type\":\"ReadAction\",\"target\":[\"https:\\\/\\\/makelaalu.fi\\\/de\\\/aluminiumprofile\\\/standardprofile\\\/\"]}]},{\"@type\":\"BreadcrumbList\",\"@id\":\"https:\\\/\\\/makelaalu.fi\\\/de\\\/aluminiumprofile\\\/standardprofile\\\/#breadcrumb\",\"itemListElement\":[{\"@type\":\"ListItem\",\"position\":1,\"name\":\"Frontpage\",\"item\":\"https:\\\/\\\/makelaalu.fi\\\/de\\\/\"},{\"@type\":\"ListItem\",\"position\":2,\"name\":\"Aluminiumprofile\",\"item\":\"https:\\\/\\\/makelaalu.fi\\\/de\\\/aluminiumprofile\\\/\"},{\"@type\":\"ListItem\",\"position\":3,\"name\":\"Standardprofile\"}]},{\"@type\":\"WebSite\",\"@id\":\"https:\\\/\\\/dev.makelaalu.fi\\\/#website\",\"url\":\"https:\\\/\\\/dev.makelaalu.fi\\\/\",\"name\":\"M&auml;kel&auml; Alu Oy\",\"description\":\"Alumiiniprofiilien puristaminen vuosikymmenten kokemuksella.\",\"potentialAction\":[{\"@type\":\"SearchAction\",\"target\":{\"@type\":\"EntryPoint\",\"urlTemplate\":\"https:\\\/\\\/dev.makelaalu.fi\\\/?s={search_term_string}\"},\"query-input\":{\"@type\":\"PropertyValueSpecification\",\"valueRequired\":true,\"valueName\":\"search_term_string\"}}],\"inLanguage\":\"de\"}]}<\/script>\n<!-- \/ Yoast SEO plugin. -->","yoast_head_json":{"title":"Standardprofile - M&auml;kel&auml; Alu Oy","robots":{"index":"index","follow":"follow","max-snippet":"max-snippet:-1","max-image-preview":"max-image-preview:large","max-video-preview":"max-video-preview:-1"},"canonical":"https:\/\/makelaalu.fi\/de\/aluminiumprofile\/standardprofile\/","og_locale":"de_DE","og_type":"article","og_title":"Standardprofile - M&auml;kel&auml; Alu Oy","og_description":"M\u00e4kel\u00e4 Alu Standardprofile Standardprofile eignen sich f\u00fcr verschiedene Bau- und Industrieanwendungen. Sie werden in Tragkonstruktionen, Regalen und Rahmen, Fassadenelementen sowie verschiedenen Gel\u00e4ndern eingesetzt. Die Leichtigkeit, Haltbarkeit und Korrosionsbest\u00e4ndigkeit von Aluminiumprofilen machen sie ideal f\u00fcr den Innen- und Au\u00dfeneinsatz. Wir bieten eine gro\u00dfe Auswahl an Standardprofilen. Die Standardl\u00e4nge der Profile betr\u00e4gt 6 Meter, aber Kunden k\u00f6nnen auch Sonderl\u00e4ngen bestellen. Grunds\u00e4tzlich sind alle von M\u00e4kel\u00e4 Alu verwendeten Aluminiumlegierungen f\u00fcr diese Profile geeignet. Wir empfehlen jedoch, die Eignung der Legierung mit unserem Vertriebsteam abzukl\u00e4ren. Standardprofile bieten kosteneffiziente, standardisierte L\u00f6sungen f\u00fcr verschiedene Anforderungen und sind in mehreren Formen und Gr\u00f6\u00dfen erh\u00e4ltlich. G\u00e4ngigste aluminium-standardprofile: Flachstangen: Rechteckige Profile f\u00fcr Konstruktionen, die glatte und breite Fl\u00e4chen erfordern. U-Profile: U-f\u00f6rmige Profile f\u00fcr Kantenschutz und tragende Strukturen. Quadratische und rechteckige Rohre: Hohlprofile, die Leichtigkeit und Stabilit\u00e4t bieten, ideal f\u00fcr Rahmenkonstruktionen. L-Profile: L-f\u00f6rmige Profile zur Verst\u00e4rkung von Ecken und Verbindungen. T-Profile: T-f\u00f6rmige Profile, die als Trenn- oder Verbindungselemente in Konstruktionen dienen. Rundrohre: Zylindrische Profile, die beispielsweise f\u00fcr Gel\u00e4nder und Rohrkonstruktionen verwendet werden. Standardprofile k\u00f6nnen auch durch Pulverbeschichtung oder Anodisieren oberfl\u00e4chenbehandelt und in unserem Weiterverarbeitungsnetzwerk zu einem fertigen Endprodukt verarbeitet werden. Die Anodisieren verbessert die Haltbarkeit und erleichtert die Reinigung der Oberfl\u00e4che. Weitere Informationen zu unseren Oberfl\u00e4chenbehandlungen finden Sie hier. Laden Sie den Standardprofil-Katalog hier herunter. Der Katalog enth\u00e4lt alle verf\u00fcgbaren Profilformen und deren Abmessungen. Falls Sie nicht die gew\u00fcnschten Produktinformationen finden, kontaktieren Sie bitte unser Vertriebsteam.","og_url":"https:\/\/makelaalu.fi\/de\/aluminiumprofile\/standardprofile\/","og_site_name":"M&auml;kel&auml; Alu Oy","twitter_card":"summary_large_image","twitter_misc":{"Gesch\u00e4tzte Lesezeit":"2\u00a0Minuten"},"schema":{"@context":"https:\/\/schema.org","@graph":[{"@type":"WebPage","@id":"https:\/\/makelaalu.fi\/de\/aluminiumprofile\/standardprofile\/","url":"https:\/\/makelaalu.fi\/de\/aluminiumprofile\/standardprofile\/","name":"Standardprofile - M&auml;kel&auml; Alu Oy","isPartOf":{"@id":"https:\/\/dev.makelaalu.fi\/#website"},"datePublished":"2025-02-18T09:14:11+00:00","breadcrumb":{"@id":"https:\/\/makelaalu.fi\/de\/aluminiumprofile\/standardprofile\/#breadcrumb"},"inLanguage":"de","potentialAction":[{"@type":"ReadAction","target":["https:\/\/makelaalu.fi\/de\/aluminiumprofile\/standardprofile\/"]}]},{"@type":"BreadcrumbList","@id":"https:\/\/makelaalu.fi\/de\/aluminiumprofile\/standardprofile\/#breadcrumb","itemListElement":[{"@type":"ListItem","position":1,"name":"Frontpage","item":"https:\/\/makelaalu.fi\/de\/"},{"@type":"ListItem","position":2,"name":"Aluminiumprofile","item":"https:\/\/makelaalu.fi\/de\/aluminiumprofile\/"},{"@type":"ListItem","position":3,"name":"Standardprofile"}]},{"@type":"WebSite","@id":"https:\/\/dev.makelaalu.fi\/#website","url":"https:\/\/dev.makelaalu.fi\/","name":"M&auml;kel&auml; Alu Oy","description":"Alumiiniprofiilien puristaminen vuosikymmenten kokemuksella.","potentialAction":[{"@type":"SearchAction","target":{"@type":"EntryPoint","urlTemplate":"https:\/\/dev.makelaalu.fi\/?s={search_term_string}"},"query-input":{"@type":"PropertyValueSpecification","valueRequired":true,"valueName":"search_term_string"}}],"inLanguage":"de"}]}},"_links":{"self":[{"href":"https:\/\/makelaalu.fi\/de\/wp-json\/wp\/v2\/pages\/10930","targetHints":{"allow":["GET"]}}],"collection":[{"href":"https:\/\/makelaalu.fi\/de\/wp-json\/wp\/v2\/pages"}],"about":[{"href":"https:\/\/makelaalu.fi\/de\/wp-json\/wp\/v2\/types\/page"}],"author":[{"embeddable":true,"href":"https:\/\/makelaalu.fi\/de\/wp-json\/wp\/v2\/users\/2"}],"replies":[{"embeddable":true,"href":"https:\/\/makelaalu.fi\/de\/wp-json\/wp\/v2\/comments?post=10930"}],"version-history":[{"count":1,"href":"https:\/\/makelaalu.fi\/de\/wp-json\/wp\/v2\/pages\/10930\/revisions"}],"predecessor-version":[{"id":10932,"href":"https:\/\/makelaalu.fi\/de\/wp-json\/wp\/v2\/pages\/10930\/revisions\/10932"}],"up":[{"embeddable":true,"href":"https:\/\/makelaalu.fi\/de\/wp-json\/wp\/v2\/pages\/6917"}],"wp:attachment":[{"href":"https:\/\/makelaalu.fi\/de\/wp-json\/wp\/v2\/media?parent=10930"}],"curies":[{"name":"wp","href":"https:\/\/api.w.org\/{rel}","templated":true}]}}