{"id":11205,"date":"2025-05-30T11:24:45","date_gmt":"2025-05-30T08:24:45","guid":{"rendered":"https:\/\/makelaalu.fi\/?page_id=11205"},"modified":"2025-06-01T11:58:27","modified_gmt":"2025-06-01T08:58:27","slug":"co2neutralitaet","status":"publish","type":"page","link":"https:\/\/makelaalu.fi\/de\/verantwortung\/co2neutralitaet\/","title":{"rendered":"CO\u2082-Neutralit\u00e4t"},"content":{"rendered":"<h2>M\u00e4kel\u00e4 Alu Oy ist CO\u2082-neutral<\/h2>\n<h4 data-start=\"248\" data-end=\"546\">M\u00e4kel\u00e4 Alu engagiert sich langfristig f\u00fcr den Klimaschutz. Unser Ziel ist es, Aluminiumprofile mit m\u00f6glichst geringen Emissionen zu produzieren und wir haben bereits bedeutende Fortschritte auf diesem Weg erzielt. Heute k\u00f6nnen wir mit Stolz sagen: Wir haben die CO\u2082-Neutralit\u00e4t in unserer eigenen Produktion und internen Logistik erreicht.<\/h4>\n<p>Dieses Ziel haben wir durch eine verbesserte Energieeffizienz, den Umstieg von fossilen auf erneuerbare Energiequellen und die Optimierung unserer Produktionsprozesse erreicht. Einen Teil unserer CO\u2082-Emissionen haben wir durch zertifizierte Klimaschutzma\u00dfnahmen eines unabh\u00e4ngigen Dritten kompensiert. Die Kompensation erfolgte durch ein Aufforstungsprojekt in Zusammenarbeit mit einem finnischen Partner. Dabei wurden auf einer ehemaligen Ackerfl\u00e4che rund 1.000 Kiefern- und 1.000 Fichtensetzlinge pro Hektar gepflanzt. Diese Ma\u00dfnahme hat echte Auswirkungen auf die Umwelt und kommt auch unserer Region zugute denn das Gebiet befindet sich in Levijoki, Alaj\u00e4rvi.<\/p>\n<p><img loading=\"lazy\" decoding=\"async\" class=\"alignnone wp-image-11146\" style=\"color: #333333; font-style: normal; font-weight: 300;\" src=\"https:\/\/makelaalu.fi\/wp-content\/uploads\/2025\/05\/Carboreal_Sertifikaatti25.png\" alt=\"\" width=\"360\" height=\"348\" srcset=\"https:\/\/makelaalu.fi\/wp-content\/uploads\/2025\/05\/Carboreal_Sertifikaatti25.png 500w, https:\/\/makelaalu.fi\/wp-content\/uploads\/2025\/05\/Carboreal_Sertifikaatti25-300x290.png 300w\" sizes=\"auto, (max-width: 360px) 100vw, 360px\" \/><\/p>\n<h3>Energieprojekte zur Emissionsminderung<\/h3>\n<p data-start=\"1264\" data-end=\"1762\">Wir haben zahlreiche Projekte umgesetzt, um die Energieeffizienz zu steigern und fossile Energien durch erneuerbare Alternativen zu ersetzen. F\u00fcr das gr\u00f6\u00dfte Projektpaket haben wir eine Investitionsf\u00f6rderung vom finnischen Ministerium f\u00fcr Wirtschaft und Arbeit (TEM) erhalten. Das RRF-gef\u00f6rderte Paket umfasst insgesamt acht verschiedene Projekte mit einem Gesamtvolumen von \u00fcber 10 Millionen Euro. Nach Abschluss aller Projekte reduzieren sich unsere j\u00e4hrlichen CO\u2082-Emissionen um rund 2.800 Tonnen.<\/p>\n<p data-start=\"1764\" data-end=\"1808\">Diese Projekte wurden bereits abgeschlossen:<\/p>\n<p data-start=\"140\" data-end=\"217\"><strong>Elektrifizierung der Bolzenerw\u00e4rmung (RRF), Presslinie 3, Luoma-aho<\/strong><\/p>\n<ul>\n<li data-start=\"219\" data-end=\"415\">Die gasbetriebene Bolzenerw\u00e4rmung wurde durch eine elektrisch betriebene Technik ersetzt<\/li>\n<li data-start=\"219\" data-end=\"415\">Reduziert den Fl\u00fcssiggasverbrauch um ca. 300 Tonnen und die CO\u2082-Emissionen j\u00e4hrlich um ca. 900 Tonnen<\/li>\n<\/ul>\n<p><strong>R\u00fcckgewinnung von Prozessabw\u00e4rme in der Lackiererei, Voikkaa (RRF)<\/strong><\/p>\n<ul>\n<li>Erw\u00e4rmung von Prozesswasser ohne Erdgas<\/li>\n<li>Reduziert die j\u00e4hrlichen CO\u2082-Emissionen um ca. 204 Tonnen<\/li>\n<\/ul>\n<p><strong>R\u00fcckgewinnung von Prozessabw\u00e4rme in der Lackiererei, Luoma-aho (RRF)<\/strong><\/p>\n<ul>\n<li>Erw\u00e4rmung von Prozesswasser ohne Fl\u00fcssiggas<\/li>\n<li>Reduziert die j\u00e4hrlichen CO\u2082-Emissionen um ca. 290 Tonnen<\/li>\n<\/ul>\n<p><strong>Stromspeicher und neue Umspannstation, Luoma-aho (RRF)<\/strong><\/p>\n<ul>\n<li>\n<p data-start=\"2483\" data-end=\"2599\">Verbesserungen der elektrischen Infrastruktur am Standort erm\u00f6glichten die Umsetzung der Elektrifizierungsprojekte<\/p>\n<\/li>\n<\/ul>\n<p><strong><img loading=\"lazy\" decoding=\"async\" class=\"alignnone size-full wp-image-9909\" src=\"https:\/\/makelaalu.fi\/wp-content\/uploads\/2023\/11\/EN_Funded_by_the_European_Union_RGB_POS.jpg\" alt=\"\" width=\"500\" height=\"120\" srcset=\"https:\/\/makelaalu.fi\/wp-content\/uploads\/2023\/11\/EN_Funded_by_the_European_Union_RGB_POS.jpg 500w, https:\/\/makelaalu.fi\/wp-content\/uploads\/2023\/11\/EN_Funded_by_the_European_Union_RGB_POS-300x72.jpg 300w\" sizes=\"auto, (max-width: 500px) 100vw, 500px\" \/><\/strong><\/p>\n<p data-start=\"2601\" data-end=\"2662\"><strong>Erneuerung des Energiesystems der Eloxalanlage, Luoma-aho<\/strong><\/p>\n<ul>\n<li>W\u00e4rmepumpen- und W\u00e4rmer\u00fcckgewinnungssystem<\/li>\n<li>Eine einzigartige L\u00f6sung, ausgezeichnet auf nationaler und internationaler Ebene<\/li>\n<li>Reduziert die j\u00e4hrlichen CO\u2082-Emissionen um ca. 800 Tonnen<\/li>\n<li>Vollst\u00e4ndig CO\u2082-neutral<\/li>\n<\/ul>\n<h3>Aufforstungsprojekt zur CO\u2082-Bindung und F\u00f6rderung der Biodiversit\u00e4t<\/h3>\n<p data-start=\"2958\" data-end=\"3518\">Unser Aufforstungsprojekt umfasst ein sieben Hektar gro\u00dfes Gebiet, auf dem Nadelbaumsetzlinge gepflanzt wurden. Unser Projektpartner ist Carboreal Oy. Die Fl\u00e4che ist ehemaliges, torfreiches Ackerland, das nicht mehr landwirtschaftlich genutzt wird. Durch die Umwandlung in Wald werden die Treibhausgasemissionen des Bodens verringert. In dem Gebiet wachsen auch Laubb\u00e4ume, die im Rahmen der Pflege erhalten bleiben, um die Artenvielfalt zu f\u00f6rdern. Die Fl\u00e4che ist nicht Teil der nationalen CO\u2082-Buchhaltung und kann nicht mehr landwirtschaftlich genutzt werden.<\/p>\n<p data-start=\"3520\" data-end=\"3771\">Die Aufforstung bindet langfristig Kohlenstoff im Boden und st\u00e4rkt die Gesundheit des \u00d6kosystems. Die Berechnung der CO\u2082-Bindung basiert auf umfangreichen finnischen wissenschaftlichen Daten und wurde von einer unabh\u00e4ngigen dritten Partei verifiziert.<\/p>\n<figure id=\"attachment_11153\" aria-describedby=\"caption-attachment-11153\" style=\"width: 567px\" class=\"wp-caption aligncenter\"><img loading=\"lazy\" decoding=\"async\" class=\"wp-image-11153\" src=\"https:\/\/makelaalu.fi\/wp-content\/uploads\/2025\/05\/makela-alu-metsitysprojekti-carboreal-scaled.jpeg\" alt=\"\" width=\"567\" height=\"428\" \/><figcaption id=\"caption-attachment-11153\" class=\"wp-caption-text\">Auch wenn die Setzlinge noch klein sind, wird diese mehrere Hektar gro\u00dfe Fl\u00e4che in den kommenden Jahrzehnten erhebliche Mengen an CO\u2082 binden.<\/figcaption><\/figure>\n<h3>Unser Weg zur CO\u2082-Negativit\u00e4t<\/h3>\n<p>Wir werden unsere Ma\u00dfnahmen zur Emissionsminderung in der Produktion fortsetzen. Weitere Elektrifizierungsprojekte k\u00f6nnen in verschiedenen Abteilungen umgesetzt werden. Die Fortsetzung unserer Umweltarbeit ist uns wichtig und unser n\u00e4chstes Ziel ist CO\u2082-Negativit\u00e4t. Auch wenn wir noch nicht jeden Schritt auf diesem Weg kennen, wissen wir bereits, mit welchen Mitteln dieses Ziel erreichbar ist.<\/p>\n","protected":false},"excerpt":{"rendered":"M\u00e4kel\u00e4 Alu Oy ist CO\u2082-neutral M\u00e4kel\u00e4 Alu engagiert sich langfristig f\u00fcr den Klimaschutz. Unser Ziel ist es, Aluminiumprofile mit m\u00f6glichst geringen Emissionen zu produzieren und wir haben bereits bedeutende Fortschritte auf diesem Weg erzielt. Heute k\u00f6nnen wir mit Stolz sagen: Wir haben die CO\u2082-Neutralit\u00e4t in unserer eigenen Produktion und internen Logistik erreicht. Dieses Ziel haben wir durch eine verbesserte Energieeffizienz, den Umstieg von fossilen auf erneuerbare Energiequellen und die Optimierung unserer Produktionsprozesse erreicht. Einen Teil unserer CO\u2082-Emissionen haben wir durch zertifizierte Klimaschutzma\u00dfnahmen eines unabh\u00e4ngigen Dritten kompensiert. Die Kompensation erfolgte durch ein Aufforstungsprojekt in Zusammenarbeit mit einem finnischen Partner. Dabei wurden auf einer ehemaligen Ackerfl\u00e4che rund 1.000 Kiefern- und 1.000 Fichtensetzlinge pro Hektar gepflanzt. Diese Ma\u00dfnahme hat echte Auswirkungen auf die Umwelt und kommt auch unserer Region zugute denn das Gebiet befindet sich in Levijoki, Alaj\u00e4rvi. Energieprojekte zur Emissionsminderung Wir haben zahlreiche Projekte umgesetzt, um die Energieeffizienz zu steigern und fossile Energien durch erneuerbare Alternativen zu ersetzen. F\u00fcr das gr\u00f6\u00dfte Projektpaket haben wir eine Investitionsf\u00f6rderung vom finnischen Ministerium f\u00fcr Wirtschaft und Arbeit (TEM) erhalten. Das RRF-gef\u00f6rderte Paket umfasst insgesamt acht verschiedene Projekte mit einem Gesamtvolumen von \u00fcber 10 Millionen Euro. Nach Abschluss aller Projekte reduzieren sich unsere j\u00e4hrlichen CO\u2082-Emissionen um rund 2.800 Tonnen. Diese Projekte wurden bereits abgeschlossen: Elektrifizierung der Bolzenerw\u00e4rmung (RRF), Presslinie 3, Luoma-aho Die gasbetriebene Bolzenerw\u00e4rmung wurde durch eine elektrisch betriebene Technik ersetzt Reduziert den Fl\u00fcssiggasverbrauch um ca. 300 Tonnen und die CO\u2082-Emissionen j\u00e4hrlich um ca. 900 Tonnen R\u00fcckgewinnung von Prozessabw\u00e4rme in der Lackiererei, Voikkaa (RRF) Erw\u00e4rmung von Prozesswasser ohne Erdgas Reduziert die j\u00e4hrlichen CO\u2082-Emissionen um ca. 204 Tonnen R\u00fcckgewinnung von Prozessabw\u00e4rme in der Lackiererei, Luoma-aho (RRF) Erw\u00e4rmung von Prozesswasser ohne Fl\u00fcssiggas Reduziert die j\u00e4hrlichen CO\u2082-Emissionen um ca. 290 Tonnen Stromspeicher und neue Umspannstation, Luoma-aho (RRF) Verbesserungen der elektrischen Infrastruktur am Standort erm\u00f6glichten die Umsetzung der Elektrifizierungsprojekte Erneuerung des Energiesystems der Eloxalanlage, Luoma-aho W\u00e4rmepumpen- und W\u00e4rmer\u00fcckgewinnungssystem Eine einzigartige L\u00f6sung, ausgezeichnet auf nationaler und internationaler Ebene Reduziert die j\u00e4hrlichen CO\u2082-Emissionen um ca. 800 Tonnen Vollst\u00e4ndig CO\u2082-neutral Aufforstungsprojekt zur CO\u2082-Bindung und F\u00f6rderung der Biodiversit\u00e4t Unser Aufforstungsprojekt umfasst ein sieben Hektar gro\u00dfes Gebiet, auf dem Nadelbaumsetzlinge gepflanzt wurden. Unser Projektpartner ist Carboreal Oy. Die Fl\u00e4che ist ehemaliges, torfreiches Ackerland, das nicht mehr landwirtschaftlich genutzt wird. Durch die Umwandlung in Wald werden die Treibhausgasemissionen des Bodens verringert. In dem Gebiet wachsen auch Laubb\u00e4ume, die im Rahmen der Pflege erhalten bleiben, um die Artenvielfalt zu f\u00f6rdern. Die Fl\u00e4che ist nicht Teil der nationalen CO\u2082-Buchhaltung und kann nicht mehr landwirtschaftlich genutzt werden. Die Aufforstung bindet langfristig Kohlenstoff im Boden und st\u00e4rkt die Gesundheit des \u00d6kosystems. Die Berechnung der CO\u2082-Bindung basiert auf umfangreichen finnischen wissenschaftlichen Daten und wurde von einer unabh\u00e4ngigen dritten Partei verifiziert. Unser Weg zur CO\u2082-Negativit\u00e4t Wir werden unsere Ma\u00dfnahmen zur Emissionsminderung in der Produktion fortsetzen. Weitere Elektrifizierungsprojekte k\u00f6nnen in verschiedenen Abteilungen umgesetzt werden. Die Fortsetzung unserer Umweltarbeit ist uns wichtig und unser n\u00e4chstes Ziel ist CO\u2082-Negativit\u00e4t. Auch wenn wir noch nicht jeden Schritt auf diesem Weg kennen, wissen wir bereits, mit welchen Mitteln dieses Ziel erreichbar ist.","protected":false},"author":2,"featured_media":0,"parent":7140,"menu_order":4,"comment_status":"closed","ping_status":"closed","template":"","meta":{"_acf_changed":false,"footnotes":""},"class_list":["post-11205","page","type-page","status-publish","hentry"],"acf":[],"yoast_head":"<!-- This site is optimized with the Yoast SEO plugin v27.3 - https:\/\/yoast.com\/product\/yoast-seo-wordpress\/ -->\n<title>M\u00e4kel\u00e4 Alu ist CO\u2082-neutral \u2013 auf dem Weg zur CO\u2082-Negativit\u00e4t<\/title>\n<meta name=\"description\" content=\"Wir haben die CO\u2082-Neutralit\u00e4t in unserer Produktion erreicht durch Energieeffizienz, erneuerbare Energien und ein regionales Aufforstungsprojekt zur CO\u2082-Kompensation.\" \/>\n<meta name=\"robots\" content=\"index, follow, max-snippet:-1, max-image-preview:large, max-video-preview:-1\" \/>\n<link rel=\"canonical\" href=\"https:\/\/makelaalu.fi\/de\/verantwortung\/co2neutralitaet\/\" \/>\n<meta property=\"og:locale\" content=\"de_DE\" \/>\n<meta property=\"og:type\" content=\"article\" \/>\n<meta property=\"og:title\" content=\"M\u00e4kel\u00e4 Alu ist CO\u2082-neutral \u2013 auf dem Weg zur CO\u2082-Negativit\u00e4t\" \/>\n<meta property=\"og:description\" content=\"Wir haben die CO\u2082-Neutralit\u00e4t in unserer Produktion erreicht durch Energieeffizienz, erneuerbare Energien und ein regionales Aufforstungsprojekt zur CO\u2082-Kompensation.\" \/>\n<meta property=\"og:url\" content=\"https:\/\/makelaalu.fi\/de\/verantwortung\/co2neutralitaet\/\" \/>\n<meta property=\"og:site_name\" content=\"M&auml;kel&auml; Alu Oy\" \/>\n<meta property=\"article:modified_time\" content=\"2025-06-01T08:58:27+00:00\" \/>\n<meta property=\"og:image\" content=\"https:\/\/makelaalu.fi\/wp-content\/uploads\/2025\/05\/Carboreal_Sertifikaatti25.png\" \/>\n\t<meta property=\"og:image:width\" content=\"500\" \/>\n\t<meta property=\"og:image:height\" content=\"483\" \/>\n\t<meta property=\"og:image:type\" content=\"image\/png\" \/>\n<meta name=\"twitter:card\" content=\"summary_large_image\" \/>\n<meta name=\"twitter:label1\" content=\"Gesch\u00e4tzte Lesezeit\" \/>\n\t<meta name=\"twitter:data1\" content=\"4\u00a0Minuten\" \/>\n<script type=\"application\/ld+json\" class=\"yoast-schema-graph\">{\"@context\":\"https:\\\/\\\/schema.org\",\"@graph\":[{\"@type\":\"WebPage\",\"@id\":\"https:\\\/\\\/makelaalu.fi\\\/de\\\/verantwortung\\\/co2neutralitaet\\\/\",\"url\":\"https:\\\/\\\/makelaalu.fi\\\/de\\\/verantwortung\\\/co2neutralitaet\\\/\",\"name\":\"M\u00e4kel\u00e4 Alu ist CO\u2082-neutral \u2013 auf dem Weg zur CO\u2082-Negativit\u00e4t\",\"isPartOf\":{\"@id\":\"https:\\\/\\\/dev.makelaalu.fi\\\/#website\"},\"primaryImageOfPage\":{\"@id\":\"https:\\\/\\\/makelaalu.fi\\\/de\\\/verantwortung\\\/co2neutralitaet\\\/#primaryimage\"},\"image\":{\"@id\":\"https:\\\/\\\/makelaalu.fi\\\/de\\\/verantwortung\\\/co2neutralitaet\\\/#primaryimage\"},\"thumbnailUrl\":\"https:\\\/\\\/makelaalu.fi\\\/wp-content\\\/uploads\\\/2025\\\/05\\\/Carboreal_Sertifikaatti25.png\",\"datePublished\":\"2025-05-30T08:24:45+00:00\",\"dateModified\":\"2025-06-01T08:58:27+00:00\",\"description\":\"Wir haben die CO\u2082-Neutralit\u00e4t in unserer Produktion erreicht durch Energieeffizienz, erneuerbare Energien und ein regionales Aufforstungsprojekt zur CO\u2082-Kompensation.\",\"breadcrumb\":{\"@id\":\"https:\\\/\\\/makelaalu.fi\\\/de\\\/verantwortung\\\/co2neutralitaet\\\/#breadcrumb\"},\"inLanguage\":\"de\",\"potentialAction\":[{\"@type\":\"ReadAction\",\"target\":[\"https:\\\/\\\/makelaalu.fi\\\/de\\\/verantwortung\\\/co2neutralitaet\\\/\"]}]},{\"@type\":\"ImageObject\",\"inLanguage\":\"de\",\"@id\":\"https:\\\/\\\/makelaalu.fi\\\/de\\\/verantwortung\\\/co2neutralitaet\\\/#primaryimage\",\"url\":\"https:\\\/\\\/makelaalu.fi\\\/wp-content\\\/uploads\\\/2025\\\/05\\\/Carboreal_Sertifikaatti25.png\",\"contentUrl\":\"https:\\\/\\\/makelaalu.fi\\\/wp-content\\\/uploads\\\/2025\\\/05\\\/Carboreal_Sertifikaatti25.png\"},{\"@type\":\"BreadcrumbList\",\"@id\":\"https:\\\/\\\/makelaalu.fi\\\/de\\\/verantwortung\\\/co2neutralitaet\\\/#breadcrumb\",\"itemListElement\":[{\"@type\":\"ListItem\",\"position\":1,\"name\":\"Frontpage\",\"item\":\"https:\\\/\\\/makelaalu.fi\\\/de\\\/\"},{\"@type\":\"ListItem\",\"position\":2,\"name\":\"Nachhaltigkeit\",\"item\":\"https:\\\/\\\/makelaalu.fi\\\/de\\\/verantwortung\\\/\"},{\"@type\":\"ListItem\",\"position\":3,\"name\":\"CO\u2082-Neutralit\u00e4t\"}]},{\"@type\":\"WebSite\",\"@id\":\"https:\\\/\\\/dev.makelaalu.fi\\\/#website\",\"url\":\"https:\\\/\\\/dev.makelaalu.fi\\\/\",\"name\":\"M&auml;kel&auml; Alu Oy\",\"description\":\"Alumiiniprofiilien puristaminen vuosikymmenten kokemuksella.\",\"potentialAction\":[{\"@type\":\"SearchAction\",\"target\":{\"@type\":\"EntryPoint\",\"urlTemplate\":\"https:\\\/\\\/dev.makelaalu.fi\\\/?s={search_term_string}\"},\"query-input\":{\"@type\":\"PropertyValueSpecification\",\"valueRequired\":true,\"valueName\":\"search_term_string\"}}],\"inLanguage\":\"de\"}]}<\/script>\n<!-- \/ Yoast SEO plugin. -->","yoast_head_json":{"title":"M\u00e4kel\u00e4 Alu ist CO\u2082-neutral \u2013 auf dem Weg zur CO\u2082-Negativit\u00e4t","description":"Wir haben die CO\u2082-Neutralit\u00e4t in unserer Produktion erreicht durch Energieeffizienz, erneuerbare Energien und ein regionales Aufforstungsprojekt zur CO\u2082-Kompensation.","robots":{"index":"index","follow":"follow","max-snippet":"max-snippet:-1","max-image-preview":"max-image-preview:large","max-video-preview":"max-video-preview:-1"},"canonical":"https:\/\/makelaalu.fi\/de\/verantwortung\/co2neutralitaet\/","og_locale":"de_DE","og_type":"article","og_title":"M\u00e4kel\u00e4 Alu ist CO\u2082-neutral \u2013 auf dem Weg zur CO\u2082-Negativit\u00e4t","og_description":"Wir haben die CO\u2082-Neutralit\u00e4t in unserer Produktion erreicht durch Energieeffizienz, erneuerbare Energien und ein regionales Aufforstungsprojekt zur CO\u2082-Kompensation.","og_url":"https:\/\/makelaalu.fi\/de\/verantwortung\/co2neutralitaet\/","og_site_name":"M&auml;kel&auml; Alu Oy","article_modified_time":"2025-06-01T08:58:27+00:00","og_image":[{"width":500,"height":483,"url":"https:\/\/makelaalu.fi\/wp-content\/uploads\/2025\/05\/Carboreal_Sertifikaatti25.png","type":"image\/png"}],"twitter_card":"summary_large_image","twitter_misc":{"Gesch\u00e4tzte Lesezeit":"4\u00a0Minuten"},"schema":{"@context":"https:\/\/schema.org","@graph":[{"@type":"WebPage","@id":"https:\/\/makelaalu.fi\/de\/verantwortung\/co2neutralitaet\/","url":"https:\/\/makelaalu.fi\/de\/verantwortung\/co2neutralitaet\/","name":"M\u00e4kel\u00e4 Alu ist CO\u2082-neutral \u2013 auf dem Weg zur CO\u2082-Negativit\u00e4t","isPartOf":{"@id":"https:\/\/dev.makelaalu.fi\/#website"},"primaryImageOfPage":{"@id":"https:\/\/makelaalu.fi\/de\/verantwortung\/co2neutralitaet\/#primaryimage"},"image":{"@id":"https:\/\/makelaalu.fi\/de\/verantwortung\/co2neutralitaet\/#primaryimage"},"thumbnailUrl":"https:\/\/makelaalu.fi\/wp-content\/uploads\/2025\/05\/Carboreal_Sertifikaatti25.png","datePublished":"2025-05-30T08:24:45+00:00","dateModified":"2025-06-01T08:58:27+00:00","description":"Wir haben die CO\u2082-Neutralit\u00e4t in unserer Produktion erreicht durch Energieeffizienz, erneuerbare Energien und ein regionales Aufforstungsprojekt zur CO\u2082-Kompensation.","breadcrumb":{"@id":"https:\/\/makelaalu.fi\/de\/verantwortung\/co2neutralitaet\/#breadcrumb"},"inLanguage":"de","potentialAction":[{"@type":"ReadAction","target":["https:\/\/makelaalu.fi\/de\/verantwortung\/co2neutralitaet\/"]}]},{"@type":"ImageObject","inLanguage":"de","@id":"https:\/\/makelaalu.fi\/de\/verantwortung\/co2neutralitaet\/#primaryimage","url":"https:\/\/makelaalu.fi\/wp-content\/uploads\/2025\/05\/Carboreal_Sertifikaatti25.png","contentUrl":"https:\/\/makelaalu.fi\/wp-content\/uploads\/2025\/05\/Carboreal_Sertifikaatti25.png"},{"@type":"BreadcrumbList","@id":"https:\/\/makelaalu.fi\/de\/verantwortung\/co2neutralitaet\/#breadcrumb","itemListElement":[{"@type":"ListItem","position":1,"name":"Frontpage","item":"https:\/\/makelaalu.fi\/de\/"},{"@type":"ListItem","position":2,"name":"Nachhaltigkeit","item":"https:\/\/makelaalu.fi\/de\/verantwortung\/"},{"@type":"ListItem","position":3,"name":"CO\u2082-Neutralit\u00e4t"}]},{"@type":"WebSite","@id":"https:\/\/dev.makelaalu.fi\/#website","url":"https:\/\/dev.makelaalu.fi\/","name":"M&auml;kel&auml; Alu Oy","description":"Alumiiniprofiilien puristaminen vuosikymmenten kokemuksella.","potentialAction":[{"@type":"SearchAction","target":{"@type":"EntryPoint","urlTemplate":"https:\/\/dev.makelaalu.fi\/?s={search_term_string}"},"query-input":{"@type":"PropertyValueSpecification","valueRequired":true,"valueName":"search_term_string"}}],"inLanguage":"de"}]}},"_links":{"self":[{"href":"https:\/\/makelaalu.fi\/de\/wp-json\/wp\/v2\/pages\/11205","targetHints":{"allow":["GET"]}}],"collection":[{"href":"https:\/\/makelaalu.fi\/de\/wp-json\/wp\/v2\/pages"}],"about":[{"href":"https:\/\/makelaalu.fi\/de\/wp-json\/wp\/v2\/types\/page"}],"author":[{"embeddable":true,"href":"https:\/\/makelaalu.fi\/de\/wp-json\/wp\/v2\/users\/2"}],"replies":[{"embeddable":true,"href":"https:\/\/makelaalu.fi\/de\/wp-json\/wp\/v2\/comments?post=11205"}],"version-history":[{"count":4,"href":"https:\/\/makelaalu.fi\/de\/wp-json\/wp\/v2\/pages\/11205\/revisions"}],"predecessor-version":[{"id":11239,"href":"https:\/\/makelaalu.fi\/de\/wp-json\/wp\/v2\/pages\/11205\/revisions\/11239"}],"up":[{"embeddable":true,"href":"https:\/\/makelaalu.fi\/de\/wp-json\/wp\/v2\/pages\/7140"}],"wp:attachment":[{"href":"https:\/\/makelaalu.fi\/de\/wp-json\/wp\/v2\/media?parent=11205"}],"curies":[{"name":"wp","href":"https:\/\/api.w.org\/{rel}","templated":true}]}}