{"id":6986,"date":"2022-04-04T13:14:18","date_gmt":"2022-04-04T10:14:18","guid":{"rendered":"https:\/\/dev.makelaalu.fi\/?page_id=6986"},"modified":"2022-05-25T12:47:44","modified_gmt":"2022-05-25T09:47:44","slug":"planung","status":"publish","type":"page","link":"https:\/\/makelaalu.fi\/de\/aluminiumprofile\/planung\/","title":{"rendered":"Profile Planung"},"content":{"rendered":"<h2>Unser gemeinsames Produkt<\/h2>\n<article class=\"caption\">\n<h4>Um ein bestm\u00f6gliches Resultat zu gew\u00e4hrleisten, bedarf es einer guten Planung. Diese beginnt bei der Ermittlung der Kundenbed\u00fcrfnisse und der Anforderungen an das Produkt. Unsere fachkundigen Berater stehen Ihnen z.B. bei der Planung von Mechanik und Montage sowie bei der Erstellung von Images und 3D-Modellen zur Seite. Bei der Gestaltung von Aluminiumprofilen arbeiten wir stets in enger Zusammenarbeit und im Dialog mit dem Kunden.<\/h4>\n<p>Eine gute Planung gew\u00e4hrleistet, dass genau die ben\u00f6tigte Menge produziert wird, dass das Produkt wirklich funktioniert und dass die Produktion effektiv abl\u00e4uft. Mit modernen Werkzeugen lassen sich immer komplexere Aluminiumprofile herstellen. Richtige Planung und innovative L\u00f6sungen f\u00fchren zu einem Endprodukt, mit dem sich auch Kosten sparen lassen.<\/p>\n<p>Der Kunde wird auf Wunsch in allen Planungsphasen konsultiert. So sprechen wir immer dieselbe Sprache und haben ein hochwertiges Aluminiumprofil, dass die Kundenanforderungen bis zum letzten Detail erf\u00fcllt.<\/p>\n<\/article>\n<p><img loading=\"lazy\" decoding=\"async\" class=\"alignnone wp-image-774 size-full\" src=\"https:\/\/makelaalu.fi\/wp-content\/uploads\/2017\/06\/suunnittelu-iso.jpg\" alt=\"\" width=\"1200\" height=\"600\" srcset=\"https:\/\/makelaalu.fi\/wp-content\/uploads\/2017\/06\/suunnittelu-iso.jpg 1200w, https:\/\/makelaalu.fi\/wp-content\/uploads\/2017\/06\/suunnittelu-iso-300x150.jpg 300w, https:\/\/makelaalu.fi\/wp-content\/uploads\/2017\/06\/suunnittelu-iso-768x384.jpg 768w, https:\/\/makelaalu.fi\/wp-content\/uploads\/2017\/06\/suunnittelu-iso-1024x512.jpg 1024w, https:\/\/makelaalu.fi\/wp-content\/uploads\/2017\/06\/suunnittelu-iso-600x300.jpg 600w\" sizes=\"auto, (max-width: 1200px) 100vw, 1200px\" \/><\/p>\n<h3>Welche Anforderungen werden an Profile gestellt?<\/h3>\n<p>Ca. 90\u00a0% unserer Profile werden nach Kundenma\u00dfgaben hergestellt. Unsere Designer und\/oder Verkaufsberater besprechen mit dem Kunden alle Anforderungen an das Profil, bis ins kleinste Detail. In welcher Temperatur oder Umgebung wird das Aluminiumprofil verwendet? Gew\u00fcnschte Liefermenge und -frist? Welche Sonderanforderungen werden gestellt? Ben\u00f6tigen die Profile Anodisierung oder Farbbeschichtung? Welche Muster werden vom Kunden ben\u00f6tigt?<\/p>\n<p>Bei der Planung von Aluminiumprofilen spielen sowohl die Herstellbarkeit als auch die Anforderungen an Aussehen und Funktionalit\u00e4t eine wichtige Rolle und sollten daher von Anfang an mitber\u00fccksichtigt werden. Aus diesem Grund ist die reibungslose Zusammenarbeit zwischen Kunden und Designern von gro\u00dfer Wichtigkeit.<\/p>\n<p>Unsere Profildesigner sind Spezialisten im Bereich Aluminium. Sie wissen genau, welche Auswirkungen die Umweltbedingungen auf die Wahl von Aluminiumprofil und die eventuell erforderliche Oberfl\u00e4chenbehandlung haben. Eine Beschichtung z.B. durch Anodisierung verleiht dem Profil zus\u00e4tzlichen Schutz f\u00fcr anspruchsvolle Einsatzzwecke unter schwierigeren Bedingungen.<\/p>\n<h3>Merkliste<\/h3>\n<p>Um die Angebotsstellung zu erleichtern bitten wir Sie, das erw\u00fcnschte Produkt gleich zu Beginn m\u00f6glichst genau zu beschreiben. z.B.<\/p>\n<ul>\n<li>Zeichnung des Profils als PDF-, DWG- oder DXF-Datei (auch manueller Entwurf gen\u00fcgt)<\/li>\n<li>\u00a0Einsatzzweck des Profils<\/li>\n<li>\u00a0bei Bedarf Oberfl\u00e4chenbehandlung und sichtbare Profilfl\u00e4chen<\/li>\n<li>\u00a0f\u00fcr die Funktion ma\u00dfgebliche Abmessungen<\/li>\n<li>\u00a0Legierung<\/li>\n<li>\u00a0Lieferdauer<\/li>\n<li>\u00a0Bestellmenge und Jahresbedarf<\/li>\n<li>\u00a0Kontaktinformationen.<\/li>\n<\/ul>\n<h3>Werkzeuge<\/h3>\n<p>Sind die Profileigenschaften festgelegt, werden die gefertigten Entw\u00fcrfe vom Papier auf CAD-Tools \u00fcbertragen. Die Planung der Profile erfolgt bei uns mit modernen Tools und aktuellster CAD-Software. In dieser Weise generierte Dokumente k\u00f6nnen auch vom Kunden elektronisch verwendet werden. Das visuelle Aussehen kann bei Bedarf als 3D simuliert werden. Dadurch erhalten Sie eine m\u00f6glichst lebensechte Vorstellung von dem Endprodukt.<\/p>\n<p>Unsere fachkundigen und erfahrenen Profildesigner stehen unseren Kunden zur Seite. Sie wissen, wie man die gute Verformbarkeit des Aluminiums zu Nutze macht, und k\u00f6nnen verschiedene Verbindungen einbauen und f\u00fcr jeden Einsatz die jeweils richtige Legierung und Beschichtung ausw\u00e4hlen. Durch die enge Zusammenarbeit mit unseren Verkaufsberatern und Kunden wissen unsere Designer auch, wie man kosteneffizient arbeitet.<\/p>\n<h3>Dokumente und Muster<\/h3>\n<p>Nach der CAD-Planung erh\u00e4lt der Kunde entweder ein herk\u00f6mmliches 2D-Bild oder auf Wunsch eine 3D-Simulation. Der Kunde erh\u00e4lt immer auch die gefertigten Planungsdokumente und Muster.<\/p>\n<p>Auf Wunsch liefern wir auch einen dem Profil nachgeahmten 3D-Ausdruck aus Kunststoff, den der Kunde zu Testzwecken in das fertige Produkt einbauen kann. So kann schon vor der Bestellung des eigentlichen Werkzeugs sichergestellt werden, dass das Profil passt.<\/p>\n<p>Wenn das Produktionswerkzeug im Werkzeugservice eingelangt ist, wird es f\u00fcr den Produktion vorbereitet. Wenn der Kunde einen Testlauf bestellt hat, die Testlauf-Musterst\u00fccke werden, wenn dies vereinbart wurde, dem Kunden ausgeh\u00e4ndigt. Die Querschnitte der Musterst\u00fccke entsprechen dem Profilbild. Durch die Natur des Testablaufs kann es bez\u00fcglich der Oberfl\u00e4chenqualit\u00e4t und Profilfestigkeit zur Abweichungen von definierten Werten kommen. Aus diesem Grund sollten die Musterst\u00fccke nicht oberfl\u00e4chenbehandelt werden.<\/p>\n<p>Wenn Sie Fragen zu Design oder Tools haben, k\u00f6nnen Sie unseren <a href=\"https:\/\/makelaalu.fi\/de\/kontakt\/\">Verk\u00e4ufern<\/a> weitere Fragen stellen.<\/p>\n","protected":false},"excerpt":{"rendered":"Unser gemeinsames Produkt Um ein bestm\u00f6gliches Resultat zu gew\u00e4hrleisten, bedarf es einer guten Planung. Diese beginnt bei der Ermittlung der Kundenbed\u00fcrfnisse und der Anforderungen an das Produkt. Unsere fachkundigen Berater stehen Ihnen z.B. bei der Planung von Mechanik und Montage sowie bei der Erstellung von Images und 3D-Modellen zur Seite. Bei der Gestaltung von Aluminiumprofilen arbeiten wir stets in enger Zusammenarbeit und im Dialog mit dem Kunden. Eine gute Planung gew\u00e4hrleistet, dass genau die ben\u00f6tigte Menge produziert wird, dass das Produkt wirklich funktioniert und dass die Produktion effektiv abl\u00e4uft. Mit modernen Werkzeugen lassen sich immer komplexere Aluminiumprofile herstellen. Richtige Planung und innovative L\u00f6sungen f\u00fchren zu einem Endprodukt, mit dem sich auch Kosten sparen lassen. Der Kunde wird auf Wunsch in allen Planungsphasen konsultiert. So sprechen wir immer dieselbe Sprache und haben ein hochwertiges Aluminiumprofil, dass die Kundenanforderungen bis zum letzten Detail erf\u00fcllt. Welche Anforderungen werden an Profile gestellt? Ca. 90\u00a0% unserer Profile werden nach Kundenma\u00dfgaben hergestellt. Unsere Designer und\/oder Verkaufsberater besprechen mit dem Kunden alle Anforderungen an das Profil, bis ins kleinste Detail. In welcher Temperatur oder Umgebung wird das Aluminiumprofil verwendet? Gew\u00fcnschte Liefermenge und -frist? Welche Sonderanforderungen werden gestellt? Ben\u00f6tigen die Profile Anodisierung oder Farbbeschichtung? Welche Muster werden vom Kunden ben\u00f6tigt? Bei der Planung von Aluminiumprofilen spielen sowohl die Herstellbarkeit als auch die Anforderungen an Aussehen und Funktionalit\u00e4t eine wichtige Rolle und sollten daher von Anfang an mitber\u00fccksichtigt werden. Aus diesem Grund ist die reibungslose Zusammenarbeit zwischen Kunden und Designern von gro\u00dfer Wichtigkeit. Unsere Profildesigner sind Spezialisten im Bereich Aluminium. Sie wissen genau, welche Auswirkungen die Umweltbedingungen auf die Wahl von Aluminiumprofil und die eventuell erforderliche Oberfl\u00e4chenbehandlung haben. Eine Beschichtung z.B. durch Anodisierung verleiht dem Profil zus\u00e4tzlichen Schutz f\u00fcr anspruchsvolle Einsatzzwecke unter schwierigeren Bedingungen. Merkliste Um die Angebotsstellung zu erleichtern bitten wir Sie, das erw\u00fcnschte Produkt gleich zu Beginn m\u00f6glichst genau zu beschreiben. z.B. Zeichnung des Profils als PDF-, DWG- oder DXF-Datei (auch manueller Entwurf gen\u00fcgt) \u00a0Einsatzzweck des Profils \u00a0bei Bedarf Oberfl\u00e4chenbehandlung und sichtbare Profilfl\u00e4chen \u00a0f\u00fcr die Funktion ma\u00dfgebliche Abmessungen \u00a0Legierung \u00a0Lieferdauer \u00a0Bestellmenge und Jahresbedarf \u00a0Kontaktinformationen. Werkzeuge Sind die Profileigenschaften festgelegt, werden die gefertigten Entw\u00fcrfe vom Papier auf CAD-Tools \u00fcbertragen. Die Planung der Profile erfolgt bei uns mit modernen Tools und aktuellster CAD-Software. In dieser Weise generierte Dokumente k\u00f6nnen auch vom Kunden elektronisch verwendet werden. Das visuelle Aussehen kann bei Bedarf als 3D simuliert werden. Dadurch erhalten Sie eine m\u00f6glichst lebensechte Vorstellung von dem Endprodukt. Unsere fachkundigen und erfahrenen Profildesigner stehen unseren Kunden zur Seite. Sie wissen, wie man die gute Verformbarkeit des Aluminiums zu Nutze macht, und k\u00f6nnen verschiedene Verbindungen einbauen und f\u00fcr jeden Einsatz die jeweils richtige Legierung und Beschichtung ausw\u00e4hlen. Durch die enge Zusammenarbeit mit unseren Verkaufsberatern und Kunden wissen unsere Designer auch, wie man kosteneffizient arbeitet. Dokumente und Muster Nach der CAD-Planung erh\u00e4lt der Kunde entweder ein herk\u00f6mmliches 2D-Bild oder auf Wunsch eine 3D-Simulation. Der Kunde erh\u00e4lt immer auch die gefertigten Planungsdokumente und Muster. Auf Wunsch liefern wir auch einen dem Profil nachgeahmten 3D-Ausdruck aus Kunststoff, den der Kunde zu Testzwecken in das fertige Produkt einbauen kann. So kann schon vor der Bestellung des eigentlichen Werkzeugs sichergestellt werden, dass das Profil passt. Wenn das Produktionswerkzeug im Werkzeugservice eingelangt ist, wird es f\u00fcr den Produktion vorbereitet. Wenn der Kunde einen Testlauf bestellt hat, die Testlauf-Musterst\u00fccke werden, wenn dies vereinbart wurde, dem Kunden ausgeh\u00e4ndigt. Die Querschnitte der Musterst\u00fccke entsprechen dem Profilbild. Durch die Natur des Testablaufs kann es bez\u00fcglich der Oberfl\u00e4chenqualit\u00e4t und Profilfestigkeit zur Abweichungen von definierten Werten kommen. Aus diesem Grund sollten die Musterst\u00fccke nicht oberfl\u00e4chenbehandelt werden. Wenn Sie Fragen zu Design oder Tools haben, k\u00f6nnen Sie unseren Verk\u00e4ufern weitere Fragen stellen.","protected":false},"author":5,"featured_media":0,"parent":6917,"menu_order":23,"comment_status":"closed","ping_status":"closed","template":"","meta":{"_acf_changed":false,"footnotes":""},"class_list":["post-6986","page","type-page","status-publish","hentry"],"acf":[],"yoast_head":"<!-- This site is optimized with the Yoast SEO plugin v27.3 - https:\/\/yoast.com\/product\/yoast-seo-wordpress\/ -->\n<title>Profile Planung - Aluminiumprofile<\/title>\n<meta name=\"description\" content=\"Aluminiumprofile Planung. Um ein bestm\u00f6gliches Resultat zu gew\u00e4hrleisten, bedarf es einer guten profile Planung.\" \/>\n<meta name=\"robots\" content=\"index, follow, max-snippet:-1, max-image-preview:large, max-video-preview:-1\" \/>\n<link rel=\"canonical\" href=\"https:\/\/makelaalu.fi\/de\/aluminiumprofile\/planung\/\" \/>\n<meta property=\"og:locale\" content=\"de_DE\" \/>\n<meta property=\"og:type\" content=\"article\" \/>\n<meta property=\"og:title\" content=\"Profile Planung - Aluminiumprofile\" \/>\n<meta property=\"og:description\" content=\"Aluminiumprofile Planung. Um ein bestm\u00f6gliches Resultat zu gew\u00e4hrleisten, bedarf es einer guten profile Planung.\" \/>\n<meta property=\"og:url\" content=\"https:\/\/makelaalu.fi\/de\/aluminiumprofile\/planung\/\" \/>\n<meta property=\"og:site_name\" content=\"M&auml;kel&auml; Alu Oy\" \/>\n<meta property=\"article:modified_time\" content=\"2022-05-25T09:47:44+00:00\" \/>\n<meta property=\"og:image\" content=\"https:\/\/makelaalu.fi\/wp-content\/uploads\/2017\/06\/suunnittelu-iso.jpg\" \/>\n<meta name=\"twitter:card\" content=\"summary_large_image\" \/>\n<meta name=\"twitter:label1\" content=\"Gesch\u00e4tzte Lesezeit\" \/>\n\t<meta name=\"twitter:data1\" content=\"4\u00a0Minuten\" \/>\n<script type=\"application\/ld+json\" class=\"yoast-schema-graph\">{\"@context\":\"https:\\\/\\\/schema.org\",\"@graph\":[{\"@type\":\"WebPage\",\"@id\":\"https:\\\/\\\/makelaalu.fi\\\/de\\\/aluminiumprofile\\\/planung\\\/\",\"url\":\"https:\\\/\\\/makelaalu.fi\\\/de\\\/aluminiumprofile\\\/planung\\\/\",\"name\":\"Profile Planung - Aluminiumprofile\",\"isPartOf\":{\"@id\":\"https:\\\/\\\/dev.makelaalu.fi\\\/#website\"},\"primaryImageOfPage\":{\"@id\":\"https:\\\/\\\/makelaalu.fi\\\/de\\\/aluminiumprofile\\\/planung\\\/#primaryimage\"},\"image\":{\"@id\":\"https:\\\/\\\/makelaalu.fi\\\/de\\\/aluminiumprofile\\\/planung\\\/#primaryimage\"},\"thumbnailUrl\":\"https:\\\/\\\/makelaalu.fi\\\/wp-content\\\/uploads\\\/2017\\\/06\\\/suunnittelu-iso.jpg\",\"datePublished\":\"2022-04-04T10:14:18+00:00\",\"dateModified\":\"2022-05-25T09:47:44+00:00\",\"description\":\"Aluminiumprofile Planung. Um ein bestm\u00f6gliches Resultat zu gew\u00e4hrleisten, bedarf es einer guten profile Planung.\",\"breadcrumb\":{\"@id\":\"https:\\\/\\\/makelaalu.fi\\\/de\\\/aluminiumprofile\\\/planung\\\/#breadcrumb\"},\"inLanguage\":\"de\",\"potentialAction\":[{\"@type\":\"ReadAction\",\"target\":[\"https:\\\/\\\/makelaalu.fi\\\/de\\\/aluminiumprofile\\\/planung\\\/\"]}]},{\"@type\":\"ImageObject\",\"inLanguage\":\"de\",\"@id\":\"https:\\\/\\\/makelaalu.fi\\\/de\\\/aluminiumprofile\\\/planung\\\/#primaryimage\",\"url\":\"https:\\\/\\\/makelaalu.fi\\\/wp-content\\\/uploads\\\/2017\\\/06\\\/suunnittelu-iso.jpg\",\"contentUrl\":\"https:\\\/\\\/makelaalu.fi\\\/wp-content\\\/uploads\\\/2017\\\/06\\\/suunnittelu-iso.jpg\"},{\"@type\":\"BreadcrumbList\",\"@id\":\"https:\\\/\\\/makelaalu.fi\\\/de\\\/aluminiumprofile\\\/planung\\\/#breadcrumb\",\"itemListElement\":[{\"@type\":\"ListItem\",\"position\":1,\"name\":\"Frontpage\",\"item\":\"https:\\\/\\\/makelaalu.fi\\\/de\\\/\"},{\"@type\":\"ListItem\",\"position\":2,\"name\":\"Aluminiumprofile\",\"item\":\"https:\\\/\\\/makelaalu.fi\\\/de\\\/aluminiumprofile\\\/\"},{\"@type\":\"ListItem\",\"position\":3,\"name\":\"Profile Planung\"}]},{\"@type\":\"WebSite\",\"@id\":\"https:\\\/\\\/dev.makelaalu.fi\\\/#website\",\"url\":\"https:\\\/\\\/dev.makelaalu.fi\\\/\",\"name\":\"M&auml;kel&auml; Alu Oy\",\"description\":\"Alumiiniprofiilien puristaminen vuosikymmenten kokemuksella.\",\"potentialAction\":[{\"@type\":\"SearchAction\",\"target\":{\"@type\":\"EntryPoint\",\"urlTemplate\":\"https:\\\/\\\/dev.makelaalu.fi\\\/?s={search_term_string}\"},\"query-input\":{\"@type\":\"PropertyValueSpecification\",\"valueRequired\":true,\"valueName\":\"search_term_string\"}}],\"inLanguage\":\"de\"}]}<\/script>\n<!-- \/ Yoast SEO plugin. -->","yoast_head_json":{"title":"Profile Planung - Aluminiumprofile","description":"Aluminiumprofile Planung. Um ein bestm\u00f6gliches Resultat zu gew\u00e4hrleisten, bedarf es einer guten profile Planung.","robots":{"index":"index","follow":"follow","max-snippet":"max-snippet:-1","max-image-preview":"max-image-preview:large","max-video-preview":"max-video-preview:-1"},"canonical":"https:\/\/makelaalu.fi\/de\/aluminiumprofile\/planung\/","og_locale":"de_DE","og_type":"article","og_title":"Profile Planung - Aluminiumprofile","og_description":"Aluminiumprofile Planung. Um ein bestm\u00f6gliches Resultat zu gew\u00e4hrleisten, bedarf es einer guten profile Planung.","og_url":"https:\/\/makelaalu.fi\/de\/aluminiumprofile\/planung\/","og_site_name":"M&auml;kel&auml; Alu Oy","article_modified_time":"2022-05-25T09:47:44+00:00","og_image":[{"url":"https:\/\/makelaalu.fi\/wp-content\/uploads\/2017\/06\/suunnittelu-iso.jpg","type":"","width":"","height":""}],"twitter_card":"summary_large_image","twitter_misc":{"Gesch\u00e4tzte Lesezeit":"4\u00a0Minuten"},"schema":{"@context":"https:\/\/schema.org","@graph":[{"@type":"WebPage","@id":"https:\/\/makelaalu.fi\/de\/aluminiumprofile\/planung\/","url":"https:\/\/makelaalu.fi\/de\/aluminiumprofile\/planung\/","name":"Profile Planung - Aluminiumprofile","isPartOf":{"@id":"https:\/\/dev.makelaalu.fi\/#website"},"primaryImageOfPage":{"@id":"https:\/\/makelaalu.fi\/de\/aluminiumprofile\/planung\/#primaryimage"},"image":{"@id":"https:\/\/makelaalu.fi\/de\/aluminiumprofile\/planung\/#primaryimage"},"thumbnailUrl":"https:\/\/makelaalu.fi\/wp-content\/uploads\/2017\/06\/suunnittelu-iso.jpg","datePublished":"2022-04-04T10:14:18+00:00","dateModified":"2022-05-25T09:47:44+00:00","description":"Aluminiumprofile Planung. Um ein bestm\u00f6gliches Resultat zu gew\u00e4hrleisten, bedarf es einer guten profile Planung.","breadcrumb":{"@id":"https:\/\/makelaalu.fi\/de\/aluminiumprofile\/planung\/#breadcrumb"},"inLanguage":"de","potentialAction":[{"@type":"ReadAction","target":["https:\/\/makelaalu.fi\/de\/aluminiumprofile\/planung\/"]}]},{"@type":"ImageObject","inLanguage":"de","@id":"https:\/\/makelaalu.fi\/de\/aluminiumprofile\/planung\/#primaryimage","url":"https:\/\/makelaalu.fi\/wp-content\/uploads\/2017\/06\/suunnittelu-iso.jpg","contentUrl":"https:\/\/makelaalu.fi\/wp-content\/uploads\/2017\/06\/suunnittelu-iso.jpg"},{"@type":"BreadcrumbList","@id":"https:\/\/makelaalu.fi\/de\/aluminiumprofile\/planung\/#breadcrumb","itemListElement":[{"@type":"ListItem","position":1,"name":"Frontpage","item":"https:\/\/makelaalu.fi\/de\/"},{"@type":"ListItem","position":2,"name":"Aluminiumprofile","item":"https:\/\/makelaalu.fi\/de\/aluminiumprofile\/"},{"@type":"ListItem","position":3,"name":"Profile Planung"}]},{"@type":"WebSite","@id":"https:\/\/dev.makelaalu.fi\/#website","url":"https:\/\/dev.makelaalu.fi\/","name":"M&auml;kel&auml; Alu Oy","description":"Alumiiniprofiilien puristaminen vuosikymmenten kokemuksella.","potentialAction":[{"@type":"SearchAction","target":{"@type":"EntryPoint","urlTemplate":"https:\/\/dev.makelaalu.fi\/?s={search_term_string}"},"query-input":{"@type":"PropertyValueSpecification","valueRequired":true,"valueName":"search_term_string"}}],"inLanguage":"de"}]}},"_links":{"self":[{"href":"https:\/\/makelaalu.fi\/de\/wp-json\/wp\/v2\/pages\/6986","targetHints":{"allow":["GET"]}}],"collection":[{"href":"https:\/\/makelaalu.fi\/de\/wp-json\/wp\/v2\/pages"}],"about":[{"href":"https:\/\/makelaalu.fi\/de\/wp-json\/wp\/v2\/types\/page"}],"author":[{"embeddable":true,"href":"https:\/\/makelaalu.fi\/de\/wp-json\/wp\/v2\/users\/5"}],"replies":[{"embeddable":true,"href":"https:\/\/makelaalu.fi\/de\/wp-json\/wp\/v2\/comments?post=6986"}],"version-history":[{"count":13,"href":"https:\/\/makelaalu.fi\/de\/wp-json\/wp\/v2\/pages\/6986\/revisions"}],"predecessor-version":[{"id":8529,"href":"https:\/\/makelaalu.fi\/de\/wp-json\/wp\/v2\/pages\/6986\/revisions\/8529"}],"up":[{"embeddable":true,"href":"https:\/\/makelaalu.fi\/de\/wp-json\/wp\/v2\/pages\/6917"}],"wp:attachment":[{"href":"https:\/\/makelaalu.fi\/de\/wp-json\/wp\/v2\/media?parent=6986"}],"curies":[{"name":"wp","href":"https:\/\/api.w.org\/{rel}","templated":true}]}}