{"id":6996,"date":"2022-04-04T13:35:47","date_gmt":"2022-04-04T10:35:47","guid":{"rendered":"https:\/\/dev.makelaalu.fi\/?page_id=6996"},"modified":"2022-05-18T13:37:07","modified_gmt":"2022-05-18T10:37:07","slug":"oberflaechenbehandlung-von-aluminiumprofilen","status":"publish","type":"page","link":"https:\/\/makelaalu.fi\/de\/oberflaechenbehandlung-von-aluminiumprofilen\/","title":{"rendered":"Oberfl\u00e4chenbehandlung"},"content":{"rendered":"<div class=\"wpb-content-wrapper\"><p>[vc_row lg_spacing=&#8220;padding_top:60;padding_bottom:20&#8243;][vc_column][vc_row_inner][vc_column_inner][vc_column_text]<\/p>\n<h2>AluCoating\u00ae f\u00fcr flexible Oberfl\u00e4chenbehandlung<\/h2>\n<h4 class=\"caption\">Das hergestellte Produkt wird nach den Anforderungen der Einsatzbedingungen beschichtet. F\u00fcr den stetig steigenden Beschichtungsbedarf haben wir mit AluCoating ein umfassendes Servicekonzept entwickelt, das die g\u00e4ngigsten Beschichtungsm\u00f6glichkeiten wie Pulverbeschichtung\u00ae oder Anodisierung des Aluminiumprofils beinhaltet.<\/h4>\n<p>[\/vc_column_text][vc_zigzag][\/vc_column_inner][\/vc_row_inner][\/vc_column][\/vc_row][vc_row lg_spacing=&#8220;padding_bottom:30&#8243;][vc_column][vc_row_inner][vc_column_inner][vc_column_text]Unsere Kunden haben die M\u00f6glichkeit, die Oberfl\u00e4chenbehandlungsfarbe des Aluminiumprofils aus einer breiten Farbpalette oder der Anodisierung in nat\u00fcrlicher Farbe zu w\u00e4hlen. Das Eloxieren ist eine beliebte Oberfl\u00e4chenbehandlungsmethode f\u00fcr Aluminium, da es die Korrosionsbest\u00e4ndigkeit und Lebensdauer von Aluminium verbessert. Mehr zum Eloxieren lesen Sie hier. Wir sind auch in der Lage, farbige Eloxalisierungen mit Hilfe unseres Subunternehmernetzwerks herzustellen.[\/vc_column_text][\/vc_column_inner][\/vc_row_inner][\/vc_column][\/vc_row][vc_row lg_spacing=&#8220;padding_bottom:30&#8243;][vc_column][vc_row_inner][vc_column_inner width=&#8220;1\/2&#8243;][vc_column_text]<\/p>\n<h3>Pulverbeschichtung<\/h3>\n<p><img loading=\"lazy\" decoding=\"async\" class=\"alignright wp-image-7060\" src=\"https:\/\/makelaalu.fi\/wp-content\/uploads\/2022\/04\/GSB_International-150x150-1.png\" alt=\"\" width=\"80\" height=\"80\" \/>Aluminiumprofile k\u00f6nnen auch in Sonderfarben oder zweifarbig lackiert werden. Wir verf\u00fcgen \u00fcber eigene GSB-zertifizierte Lackierstra\u00dfen, die eine hohe Qualit\u00e4t der Beschichtung garantieren.\u00a0Die Pulverbeschichtung von Aluminiumprofilen ist eine sehr verbreitete Oberfl\u00e4chenbehandlung, \u00fcber die Sie hier mehr erfahren k\u00f6nnen. Wir \u00fcberwachen die Homogenit\u00e4t der Gem\u00e4lde und bem\u00fchen uns, die Qualit\u00e4t kontinuierlich zu verbessern. Das Lackieren m\u00f6glicher Peripherieger\u00e4te kann m\u00fchelos gleichzeitig mit den Profilen erfolgen.<\/p>\n<p>Die Zertifizierungen unserer Lackierereien sind eine Garantie f\u00fcr kontinuierliche Qualit\u00e4tskontrolle und Entwicklung.<\/p>\n<p>Bitte beachten Sie, dass Sie <a href=\"https:\/\/makelaalu.fi\/de\/unser-service\/alucoating\/\">AluCoating\u00ae<\/a> mit dem <a href=\"https:\/\/makelaalu.fi\/de\/unser-service\/alustorage\/\">AluStorage\u00ae<\/a> Zusatzservice kombinieren k\u00f6nnen, so dass oberfl\u00e4chenbehandelte Profile flexibel und schnell geliefert werden, wenn Sie sie ben\u00f6tigen.[\/vc_column_text][\/vc_column_inner][vc_column_inner width=&#8220;1\/2&#8243;][vc_single_image image=&#8220;6603&#8243; img_size=&#8220;1200&#215;600&#8243;][\/vc_column_inner][\/vc_row_inner][\/vc_column][\/vc_row][vc_row full_width=&#8220;stretch_row&#8220; overlay_background=&#8220;overlay_custom_background&#8220; overlay_custom_background=&#8220;#ffffff&#8220; overlay_opacity=&#8220;90&#8243; lg_spacing=&#8220;padding_top:20;padding_bottom:20&#8243; el_id=&#8220;palvelumme&#8220;][vc_column][vc_row_inner lg_spacing=&#8220;padding_bottom:40&#8243;][vc_column_inner][vc_zigzag][\/vc_column_inner][\/vc_row_inner][vc_row_inner][vc_column_inner width=&#8220;1\/5&#8243;][vc_single_image image=&#8220;6586&#8243; img_size=&#8220;600&#215;350&#8243; alignment=&#8220;center&#8220; style=&#8220;vc_box_shadow&#8220; onclick=&#8220;custom_link&#8220; link=&#8220;\/de\/unser-service\/&#8220;][vc_column_text]<\/p>\n<h4 style=\"text-align: center;\"><a href=\"\/de\/unser-service\/\">Unser service<\/a><\/h4>\n<p>[\/vc_column_text][\/vc_column_inner][vc_column_inner width=&#8220;1\/5&#8243;][vc_single_image image=&#8220;6479&#8243; img_size=&#8220;600&#215;350&#8243; alignment=&#8220;center&#8220; style=&#8220;vc_box_shadow&#8220; onclick=&#8220;custom_link&#8220; link=&#8220;\/de\/referenzen\/&#8220;][vc_column_text]<\/p>\n<h4 style=\"text-align: center;\"><a href=\"\/de\/referenzen\/\">Referenzen<\/a><\/h4>\n<p>[\/vc_column_text][\/vc_column_inner][vc_column_inner width=&#8220;1\/5&#8243;][vc_single_image image=&#8220;6539&#8243; img_size=&#8220;600&#215;350&#8243; alignment=&#8220;center&#8220; style=&#8220;vc_box_shadow&#8220; onclick=&#8220;custom_link&#8220; link=&#8220;\/de\/aktuelles\/&#8220;][vc_column_text]<\/p>\n<h4 style=\"text-align: center;\"><a href=\"\/de\/aktuelles\/\">Aktuelles<\/a><\/h4>\n<p>[\/vc_column_text][\/vc_column_inner][vc_column_inner width=&#8220;1\/5&#8243;][vc_single_image image=&#8220;6548&#8243; img_size=&#8220;600&#215;350&#8243; alignment=&#8220;center&#8220; style=&#8220;vc_box_shadow&#8220; onclick=&#8220;custom_link&#8220; link=&#8220;\/de\/kontakt\/&#8220;][vc_column_text]<\/p>\n<h4 style=\"text-align: center;\"><a href=\"\/de\/kontakt\/\">Kontakt<\/a><\/h4>\n<p>[\/vc_column_text][\/vc_column_inner][vc_column_inner width=&#8220;1\/5&#8243;][vc_single_image image=&#8220;6533&#8243; img_size=&#8220;600&#215;350&#8243; alignment=&#8220;center&#8220; style=&#8220;vc_box_shadow&#8220; onclick=&#8220;custom_link&#8220; link=&#8220;\/de\/unternehmen\/&#8220;][vc_column_text]<\/p>\n<h4 style=\"text-align: center;\"><a href=\"\/de\/unternehmen\/\">Unternehmen<\/a><\/h4>\n<p>[\/vc_column_text][\/vc_column_inner][\/vc_row_inner][\/vc_column][\/vc_row][vc_row full_width=&#8220;stretch_row&#8220; background_color=&#8220;custom_color&#8220; background_attachment=&#8220;fixed&#8220; overlay_background=&#8220;overlay_custom_background&#8220; overlay_opacity=&#8220;80&#8243; lg_spacing=&#8220;margin_bottom:-40;padding_top:70;padding_bottom:50&#8243; el_class=&#8220;faq&#8220; custom_background_color=&#8220;#ffffff&#8220; el_id=&#8220;faq&#8220; background_image=&#8220;6357&#8243; background_position=&#8220;center center&#8220;][vc_column][vc_row_inner lg_spacing=&#8220;padding_bottom:20&#8243;][vc_column_inner][vc_text_separator title=&#8220;FAQ&#8220;][\/vc_column_inner][\/vc_row_inner][vc_column_text]<\/p>\n<h3 style=\"text-align: center;\"><span class=\"parent-title\">FAQ Oberfl\u00e4chenbehandlung\u00a0<\/span><\/h3>\n<p>[\/vc_column_text][vc_tta_accordion style=&#8220;flat&#8220; shape=&#8220;square&#8220; color=&#8220;black&#8220; active_section=&#8220;999&#8243; no_fill=&#8220;true&#8220; collapsible_all=&#8220;true&#8220;][vc_tta_section title=&#8220;Siehe FAQ von hier&#8220; tab_id=&#8220;faq-questions1647865206086&#8243;][vc_column_text]<\/p>\n<ol>\n<li><strong>Kann sich die Eloxalschicht l\u00f6sen? <\/strong>Nein, da die Anodisierung in die Oberfl\u00e4che des Aluminiums selbst eingreift.<\/li>\n<li><strong>Ist die f\u00fcr die Anodisierung eingesetzte Farbe UV-lichtbest\u00e4ndig? <\/strong>Naturfarbe, schwarz und Braunt\u00f6ne sowie Gold sind im hohen Ma\u00df lichtecht. Die mit sog. organischen Farbstoffen gef\u00e4rbte Farbstoffl\u00f6sung ist nicht UV-lichtbest\u00e4ndig.<\/li>\n<li><strong>Kann eine mit Pulverbeschichtung aufgetragene Farbe nachtr\u00e4glich ge\u00e4ndert werden? <\/strong>Das h\u00e4ngt von den Angaben des Pulverherstellers ab \u2013 kontaktieren Sie daf\u00fcr unsere Verkaufsberater.<\/li>\n<li><strong>Wie werden farbbeschichtete Profile vorbehandelt? <\/strong>Wir setzen in allen unseren Farbanlagen die bew\u00e4hrte chromfreie Vorbehandlung, die f\u00fcr eine exzellente Auflage f\u00fcr die Pulverbeschichtung sorgt.<\/li>\n<\/ol>\n<p>[\/vc_column_text][\/vc_tta_section][\/vc_tta_accordion][\/vc_column][\/vc_row]<\/p>\n<\/div>","protected":false},"excerpt":{"rendered":"[vc_row lg_spacing=&#8220;padding_top:60;padding_bottom:20&#8243;][vc_column][vc_row_inner][vc_column_inner][vc_column_text] AluCoating\u00ae f\u00fcr flexible Oberfl\u00e4chenbehandlung Das hergestellte Produkt wird nach den Anforderungen der Einsatzbedingungen beschichtet. F\u00fcr den stetig steigenden Beschichtungsbedarf haben wir mit AluCoating ein umfassendes Servicekonzept entwickelt, das die g\u00e4ngigsten Beschichtungsm\u00f6glichkeiten wie Pulverbeschichtung\u00ae oder Anodisierung des Aluminiumprofils beinhaltet. [\/vc_column_text][vc_zigzag][\/vc_column_inner][\/vc_row_inner][\/vc_column][\/vc_row][vc_row lg_spacing=&#8220;padding_bottom:30&#8243;][vc_column][vc_row_inner][vc_column_inner][vc_column_text]Unsere Kunden haben die M\u00f6glichkeit, die Oberfl\u00e4chenbehandlungsfarbe des Aluminiumprofils aus einer breiten Farbpalette oder der Anodisierung in nat\u00fcrlicher Farbe zu w\u00e4hlen. Das Eloxieren ist eine beliebte Oberfl\u00e4chenbehandlungsmethode f\u00fcr Aluminium, da es die Korrosionsbest\u00e4ndigkeit und Lebensdauer von Aluminium verbessert. Mehr zum Eloxieren lesen Sie hier. Wir sind auch in der Lage, farbige Eloxalisierungen mit Hilfe unseres Subunternehmernetzwerks herzustellen.[\/vc_column_text][\/vc_column_inner][\/vc_row_inner][\/vc_column][\/vc_row][vc_row lg_spacing=&#8220;padding_bottom:30&#8243;][vc_column][vc_row_inner][vc_column_inner width=&#8220;1\/2&#8243;][vc_column_text] Pulverbeschichtung Aluminiumprofile k\u00f6nnen auch in Sonderfarben oder zweifarbig lackiert werden. Wir verf\u00fcgen \u00fcber eigene GSB-zertifizierte Lackierstra\u00dfen, die eine hohe Qualit\u00e4t der Beschichtung garantieren.\u00a0Die Pulverbeschichtung von Aluminiumprofilen ist eine sehr verbreitete Oberfl\u00e4chenbehandlung, \u00fcber die Sie hier mehr erfahren k\u00f6nnen. Wir \u00fcberwachen die Homogenit\u00e4t der Gem\u00e4lde und bem\u00fchen uns, die Qualit\u00e4t kontinuierlich zu verbessern. Das Lackieren m\u00f6glicher Peripherieger\u00e4te kann m\u00fchelos gleichzeitig mit den Profilen erfolgen. Die Zertifizierungen unserer Lackierereien sind eine Garantie f\u00fcr kontinuierliche Qualit\u00e4tskontrolle und Entwicklung. Bitte beachten Sie, dass Sie AluCoating\u00ae mit dem AluStorage\u00ae Zusatzservice kombinieren k\u00f6nnen, so dass oberfl\u00e4chenbehandelte Profile flexibel und schnell geliefert werden, wenn Sie sie ben\u00f6tigen.[\/vc_column_text][\/vc_column_inner][vc_column_inner width=&#8220;1\/2&#8243;][vc_single_image image=&#8220;6603&#8243; img_size=&#8220;1200&#215;600&#8243;][\/vc_column_inner][\/vc_row_inner][\/vc_column][\/vc_row][vc_row full_width=&#8220;stretch_row&#8220; overlay_background=&#8220;overlay_custom_background&#8220; overlay_custom_background=&#8220;#ffffff&#8220; overlay_opacity=&#8220;90&#8243; lg_spacing=&#8220;padding_top:20;padding_bottom:20&#8243; el_id=&#8220;palvelumme&#8220;][vc_column][vc_row_inner lg_spacing=&#8220;padding_bottom:40&#8243;][vc_column_inner][vc_zigzag][\/vc_column_inner][\/vc_row_inner][vc_row_inner][vc_column_inner width=&#8220;1\/5&#8243;][vc_single_image image=&#8220;6586&#8243; img_size=&#8220;600&#215;350&#8243; alignment=&#8220;center&#8220; style=&#8220;vc_box_shadow&#8220; onclick=&#8220;custom_link&#8220; link=&#8220;\/de\/unser-service\/&#8220;][vc_column_text] Unser service [\/vc_column_text][\/vc_column_inner][vc_column_inner width=&#8220;1\/5&#8243;][vc_single_image image=&#8220;6479&#8243; img_size=&#8220;600&#215;350&#8243; alignment=&#8220;center&#8220; style=&#8220;vc_box_shadow&#8220; onclick=&#8220;custom_link&#8220; link=&#8220;\/de\/referenzen\/&#8220;][vc_column_text] Referenzen [\/vc_column_text][\/vc_column_inner][vc_column_inner width=&#8220;1\/5&#8243;][vc_single_image image=&#8220;6539&#8243; img_size=&#8220;600&#215;350&#8243; alignment=&#8220;center&#8220; style=&#8220;vc_box_shadow&#8220; onclick=&#8220;custom_link&#8220; link=&#8220;\/de\/aktuelles\/&#8220;][vc_column_text] Aktuelles [\/vc_column_text][\/vc_column_inner][vc_column_inner width=&#8220;1\/5&#8243;][vc_single_image image=&#8220;6548&#8243; img_size=&#8220;600&#215;350&#8243; alignment=&#8220;center&#8220; style=&#8220;vc_box_shadow&#8220; onclick=&#8220;custom_link&#8220; link=&#8220;\/de\/kontakt\/&#8220;][vc_column_text] Kontakt [\/vc_column_text][\/vc_column_inner][vc_column_inner width=&#8220;1\/5&#8243;][vc_single_image image=&#8220;6533&#8243; img_size=&#8220;600&#215;350&#8243; alignment=&#8220;center&#8220; style=&#8220;vc_box_shadow&#8220; onclick=&#8220;custom_link&#8220; link=&#8220;\/de\/unternehmen\/&#8220;][vc_column_text] Unternehmen [\/vc_column_text][\/vc_column_inner][\/vc_row_inner][\/vc_column][\/vc_row][vc_row full_width=&#8220;stretch_row&#8220; background_color=&#8220;custom_color&#8220; background_attachment=&#8220;fixed&#8220; overlay_background=&#8220;overlay_custom_background&#8220; overlay_opacity=&#8220;80&#8243; lg_spacing=&#8220;margin_bottom:-40;padding_top:70;padding_bottom:50&#8243; el_class=&#8220;faq&#8220; custom_background_color=&#8220;#ffffff&#8220; el_id=&#8220;faq&#8220; background_image=&#8220;6357&#8243; background_position=&#8220;center center&#8220;][vc_column][vc_row_inner lg_spacing=&#8220;padding_bottom:20&#8243;][vc_column_inner][vc_text_separator title=&#8220;FAQ&#8220;][\/vc_column_inner][\/vc_row_inner][vc_column_text] FAQ Oberfl\u00e4chenbehandlung\u00a0 [\/vc_column_text][vc_tta_accordion style=&#8220;flat&#8220; shape=&#8220;square&#8220; color=&#8220;black&#8220; active_section=&#8220;999&#8243; no_fill=&#8220;true&#8220; collapsible_all=&#8220;true&#8220;][vc_tta_section title=&#8220;Siehe FAQ von hier&#8220; tab_id=&#8220;faq-questions1647865206086&#8243;][vc_column_text] Kann sich die Eloxalschicht l\u00f6sen? Nein, da die Anodisierung in die Oberfl\u00e4che des Aluminiums selbst eingreift. Ist die f\u00fcr die Anodisierung eingesetzte Farbe UV-lichtbest\u00e4ndig? Naturfarbe, schwarz und Braunt\u00f6ne sowie Gold sind im hohen Ma\u00df lichtecht. Die mit sog. organischen Farbstoffen gef\u00e4rbte Farbstoffl\u00f6sung ist nicht UV-lichtbest\u00e4ndig. Kann eine mit Pulverbeschichtung aufgetragene Farbe nachtr\u00e4glich ge\u00e4ndert werden? Das h\u00e4ngt von den Angaben des Pulverherstellers ab \u2013 kontaktieren Sie daf\u00fcr unsere Verkaufsberater. Wie werden farbbeschichtete Profile vorbehandelt? Wir setzen in allen unseren Farbanlagen die bew\u00e4hrte chromfreie Vorbehandlung, die f\u00fcr eine exzellente Auflage f\u00fcr die Pulverbeschichtung sorgt. [\/vc_column_text][\/vc_tta_section][\/vc_tta_accordion][\/vc_column][\/vc_row]","protected":false},"author":5,"featured_media":6186,"parent":0,"menu_order":42,"comment_status":"closed","ping_status":"closed","template":"","meta":{"_acf_changed":false,"footnotes":""},"class_list":["post-6996","page","type-page","status-publish","has-post-thumbnail","hentry"],"acf":[],"yoast_head":"<!-- This site is optimized with the Yoast SEO plugin v27.4 - https:\/\/yoast.com\/product\/yoast-seo-wordpress\/ -->\n<title>Oberfl\u00e4chenbehandlung - von Aluminiumprofilen<\/title>\n<meta name=\"description\" content=\"Oberfl\u00e4chenbehandlung.Beschichtungsm\u00f6glichkeiten wie Pulverbeschichtung oder Anodisierung des Aluminiumprofils beinhaltet.\" \/>\n<meta name=\"robots\" content=\"index, follow, max-snippet:-1, max-image-preview:large, max-video-preview:-1\" \/>\n<link rel=\"canonical\" href=\"https:\/\/dev.makelaalu.fi\/de\/oberflaechenbehandlung-von-aluminiumprofilen\/\" \/>\n<meta property=\"og:locale\" content=\"de_DE\" \/>\n<meta property=\"og:type\" content=\"article\" \/>\n<meta property=\"og:title\" content=\"Oberfl\u00e4chenbehandlung - von Aluminiumprofilen\" \/>\n<meta property=\"og:description\" content=\"Oberfl\u00e4chenbehandlung.Beschichtungsm\u00f6glichkeiten wie Pulverbeschichtung oder Anodisierung des Aluminiumprofils beinhaltet.\" \/>\n<meta property=\"og:url\" content=\"https:\/\/dev.makelaalu.fi\/de\/oberflaechenbehandlung-von-aluminiumprofilen\/\" \/>\n<meta property=\"og:site_name\" content=\"M&auml;kel&auml; Alu Oy\" \/>\n<meta property=\"article:modified_time\" content=\"2022-05-18T10:37:07+00:00\" \/>\n<meta property=\"og:image\" content=\"https:\/\/dev.makelaalu.fi\/wp-content\/uploads\/2022\/02\/makelaalu_pintakasittely.jpg\" \/>\n\t<meta property=\"og:image:width\" content=\"2500\" \/>\n\t<meta property=\"og:image:height\" content=\"1506\" \/>\n\t<meta property=\"og:image:type\" content=\"image\/jpeg\" \/>\n<meta name=\"twitter:card\" content=\"summary_large_image\" \/>\n<meta name=\"twitter:label1\" content=\"Gesch\u00e4tzte Lesezeit\" \/>\n\t<meta name=\"twitter:data1\" content=\"3\u00a0Minuten\" \/>\n<script type=\"application\/ld+json\" class=\"yoast-schema-graph\">{\"@context\":\"https:\\\/\\\/schema.org\",\"@graph\":[{\"@type\":\"WebPage\",\"@id\":\"https:\\\/\\\/dev.makelaalu.fi\\\/de\\\/oberflaechenbehandlung-von-aluminiumprofilen\\\/\",\"url\":\"https:\\\/\\\/dev.makelaalu.fi\\\/de\\\/oberflaechenbehandlung-von-aluminiumprofilen\\\/\",\"name\":\"Oberfl\u00e4chenbehandlung - von Aluminiumprofilen\",\"isPartOf\":{\"@id\":\"https:\\\/\\\/dev.makelaalu.fi\\\/#website\"},\"primaryImageOfPage\":{\"@id\":\"https:\\\/\\\/dev.makelaalu.fi\\\/de\\\/oberflaechenbehandlung-von-aluminiumprofilen\\\/#primaryimage\"},\"image\":{\"@id\":\"https:\\\/\\\/dev.makelaalu.fi\\\/de\\\/oberflaechenbehandlung-von-aluminiumprofilen\\\/#primaryimage\"},\"thumbnailUrl\":\"https:\\\/\\\/makelaalu.fi\\\/wp-content\\\/uploads\\\/2022\\\/02\\\/makelaalu_pintakasittely.jpg\",\"datePublished\":\"2022-04-04T10:35:47+00:00\",\"dateModified\":\"2022-05-18T10:37:07+00:00\",\"description\":\"Oberfl\u00e4chenbehandlung.Beschichtungsm\u00f6glichkeiten wie Pulverbeschichtung oder Anodisierung des Aluminiumprofils beinhaltet.\",\"breadcrumb\":{\"@id\":\"https:\\\/\\\/dev.makelaalu.fi\\\/de\\\/oberflaechenbehandlung-von-aluminiumprofilen\\\/#breadcrumb\"},\"inLanguage\":\"de\",\"potentialAction\":[{\"@type\":\"ReadAction\",\"target\":[\"https:\\\/\\\/dev.makelaalu.fi\\\/de\\\/oberflaechenbehandlung-von-aluminiumprofilen\\\/\"]}]},{\"@type\":\"ImageObject\",\"inLanguage\":\"de\",\"@id\":\"https:\\\/\\\/dev.makelaalu.fi\\\/de\\\/oberflaechenbehandlung-von-aluminiumprofilen\\\/#primaryimage\",\"url\":\"https:\\\/\\\/makelaalu.fi\\\/wp-content\\\/uploads\\\/2022\\\/02\\\/makelaalu_pintakasittely.jpg\",\"contentUrl\":\"https:\\\/\\\/makelaalu.fi\\\/wp-content\\\/uploads\\\/2022\\\/02\\\/makelaalu_pintakasittely.jpg\",\"width\":2500,\"height\":1506},{\"@type\":\"BreadcrumbList\",\"@id\":\"https:\\\/\\\/dev.makelaalu.fi\\\/de\\\/oberflaechenbehandlung-von-aluminiumprofilen\\\/#breadcrumb\",\"itemListElement\":[{\"@type\":\"ListItem\",\"position\":1,\"name\":\"Frontpage\",\"item\":\"https:\\\/\\\/makelaalu.fi\\\/de\\\/\"},{\"@type\":\"ListItem\",\"position\":2,\"name\":\"Oberfl\u00e4chenbehandlung\"}]},{\"@type\":\"WebSite\",\"@id\":\"https:\\\/\\\/dev.makelaalu.fi\\\/#website\",\"url\":\"https:\\\/\\\/dev.makelaalu.fi\\\/\",\"name\":\"M&auml;kel&auml; Alu Oy\",\"description\":\"Alumiiniprofiilien puristaminen vuosikymmenten kokemuksella.\",\"potentialAction\":[{\"@type\":\"SearchAction\",\"target\":{\"@type\":\"EntryPoint\",\"urlTemplate\":\"https:\\\/\\\/dev.makelaalu.fi\\\/?s={search_term_string}\"},\"query-input\":{\"@type\":\"PropertyValueSpecification\",\"valueRequired\":true,\"valueName\":\"search_term_string\"}}],\"inLanguage\":\"de\"}]}<\/script>\n<!-- \/ Yoast SEO plugin. -->","yoast_head_json":{"title":"Oberfl\u00e4chenbehandlung - von Aluminiumprofilen","description":"Oberfl\u00e4chenbehandlung.Beschichtungsm\u00f6glichkeiten wie Pulverbeschichtung oder Anodisierung des Aluminiumprofils beinhaltet.","robots":{"index":"index","follow":"follow","max-snippet":"max-snippet:-1","max-image-preview":"max-image-preview:large","max-video-preview":"max-video-preview:-1"},"canonical":"https:\/\/dev.makelaalu.fi\/de\/oberflaechenbehandlung-von-aluminiumprofilen\/","og_locale":"de_DE","og_type":"article","og_title":"Oberfl\u00e4chenbehandlung - von Aluminiumprofilen","og_description":"Oberfl\u00e4chenbehandlung.Beschichtungsm\u00f6glichkeiten wie Pulverbeschichtung oder Anodisierung des Aluminiumprofils beinhaltet.","og_url":"https:\/\/dev.makelaalu.fi\/de\/oberflaechenbehandlung-von-aluminiumprofilen\/","og_site_name":"M&auml;kel&auml; Alu Oy","article_modified_time":"2022-05-18T10:37:07+00:00","og_image":[{"width":2500,"height":1506,"url":"https:\/\/dev.makelaalu.fi\/wp-content\/uploads\/2022\/02\/makelaalu_pintakasittely.jpg","type":"image\/jpeg"}],"twitter_card":"summary_large_image","twitter_misc":{"Gesch\u00e4tzte Lesezeit":"3\u00a0Minuten"},"schema":{"@context":"https:\/\/schema.org","@graph":[{"@type":"WebPage","@id":"https:\/\/dev.makelaalu.fi\/de\/oberflaechenbehandlung-von-aluminiumprofilen\/","url":"https:\/\/dev.makelaalu.fi\/de\/oberflaechenbehandlung-von-aluminiumprofilen\/","name":"Oberfl\u00e4chenbehandlung - von Aluminiumprofilen","isPartOf":{"@id":"https:\/\/dev.makelaalu.fi\/#website"},"primaryImageOfPage":{"@id":"https:\/\/dev.makelaalu.fi\/de\/oberflaechenbehandlung-von-aluminiumprofilen\/#primaryimage"},"image":{"@id":"https:\/\/dev.makelaalu.fi\/de\/oberflaechenbehandlung-von-aluminiumprofilen\/#primaryimage"},"thumbnailUrl":"https:\/\/makelaalu.fi\/wp-content\/uploads\/2022\/02\/makelaalu_pintakasittely.jpg","datePublished":"2022-04-04T10:35:47+00:00","dateModified":"2022-05-18T10:37:07+00:00","description":"Oberfl\u00e4chenbehandlung.Beschichtungsm\u00f6glichkeiten wie Pulverbeschichtung oder Anodisierung des Aluminiumprofils beinhaltet.","breadcrumb":{"@id":"https:\/\/dev.makelaalu.fi\/de\/oberflaechenbehandlung-von-aluminiumprofilen\/#breadcrumb"},"inLanguage":"de","potentialAction":[{"@type":"ReadAction","target":["https:\/\/dev.makelaalu.fi\/de\/oberflaechenbehandlung-von-aluminiumprofilen\/"]}]},{"@type":"ImageObject","inLanguage":"de","@id":"https:\/\/dev.makelaalu.fi\/de\/oberflaechenbehandlung-von-aluminiumprofilen\/#primaryimage","url":"https:\/\/makelaalu.fi\/wp-content\/uploads\/2022\/02\/makelaalu_pintakasittely.jpg","contentUrl":"https:\/\/makelaalu.fi\/wp-content\/uploads\/2022\/02\/makelaalu_pintakasittely.jpg","width":2500,"height":1506},{"@type":"BreadcrumbList","@id":"https:\/\/dev.makelaalu.fi\/de\/oberflaechenbehandlung-von-aluminiumprofilen\/#breadcrumb","itemListElement":[{"@type":"ListItem","position":1,"name":"Frontpage","item":"https:\/\/makelaalu.fi\/de\/"},{"@type":"ListItem","position":2,"name":"Oberfl\u00e4chenbehandlung"}]},{"@type":"WebSite","@id":"https:\/\/dev.makelaalu.fi\/#website","url":"https:\/\/dev.makelaalu.fi\/","name":"M&auml;kel&auml; Alu Oy","description":"Alumiiniprofiilien puristaminen vuosikymmenten kokemuksella.","potentialAction":[{"@type":"SearchAction","target":{"@type":"EntryPoint","urlTemplate":"https:\/\/dev.makelaalu.fi\/?s={search_term_string}"},"query-input":{"@type":"PropertyValueSpecification","valueRequired":true,"valueName":"search_term_string"}}],"inLanguage":"de"}]}},"_links":{"self":[{"href":"https:\/\/makelaalu.fi\/de\/wp-json\/wp\/v2\/pages\/6996","targetHints":{"allow":["GET"]}}],"collection":[{"href":"https:\/\/makelaalu.fi\/de\/wp-json\/wp\/v2\/pages"}],"about":[{"href":"https:\/\/makelaalu.fi\/de\/wp-json\/wp\/v2\/types\/page"}],"author":[{"embeddable":true,"href":"https:\/\/makelaalu.fi\/de\/wp-json\/wp\/v2\/users\/5"}],"replies":[{"embeddable":true,"href":"https:\/\/makelaalu.fi\/de\/wp-json\/wp\/v2\/comments?post=6996"}],"version-history":[{"count":26,"href":"https:\/\/makelaalu.fi\/de\/wp-json\/wp\/v2\/pages\/6996\/revisions"}],"predecessor-version":[{"id":8391,"href":"https:\/\/makelaalu.fi\/de\/wp-json\/wp\/v2\/pages\/6996\/revisions\/8391"}],"wp:featuredmedia":[{"embeddable":true,"href":"https:\/\/makelaalu.fi\/de\/wp-json\/wp\/v2\/media\/6186"}],"wp:attachment":[{"href":"https:\/\/makelaalu.fi\/de\/wp-json\/wp\/v2\/media?parent=6996"}],"curies":[{"name":"wp","href":"https:\/\/api.w.org\/{rel}","templated":true}]}}