{"id":7044,"date":"2022-04-04T13:51:59","date_gmt":"2022-04-04T10:51:59","guid":{"rendered":"https:\/\/dev.makelaalu.fi\/?page_id=7044"},"modified":"2025-04-22T15:31:40","modified_gmt":"2025-04-22T12:31:40","slug":"anodisieren-eloxieren","status":"publish","type":"page","link":"https:\/\/makelaalu.fi\/de\/oberflaechenbehandlung-von-aluminiumprofilen\/anodisieren-eloxieren\/","title":{"rendered":"Anodisieren"},"content":{"rendered":"<h2>Eloxieren f\u00fcr langlebige und pflegeleichte Aluminiumoberfl\u00e4chen<\/h2>\n<h4 class=\"caption\">Anodisieren oder Eloxieren verbessert die Best\u00e4ndigkeit der Aluminiumprofile deutlich. Durch das Verfahren werden die nat\u00fcrlichen Eigenschaften des Aluminiums verst\u00e4rkt, insbesondere die Korrosionsbest\u00e4ndigkeit. Auch St\u00fcckeloxieren ist m\u00f6glich.<\/h4>\n<p><img loading=\"lazy\" decoding=\"async\" class=\"alignnone size-full wp-image-829\" src=\"https:\/\/makelaalu.fi\/wp-content\/uploads\/2017\/06\/anodisointi_sivulle.jpg\" alt=\"\" width=\"1200\" height=\"600\" srcset=\"https:\/\/makelaalu.fi\/wp-content\/uploads\/2017\/06\/anodisointi_sivulle.jpg 1200w, https:\/\/makelaalu.fi\/wp-content\/uploads\/2017\/06\/anodisointi_sivulle-300x150.jpg 300w, https:\/\/makelaalu.fi\/wp-content\/uploads\/2017\/06\/anodisointi_sivulle-768x384.jpg 768w, https:\/\/makelaalu.fi\/wp-content\/uploads\/2017\/06\/anodisointi_sivulle-1024x512.jpg 1024w, https:\/\/makelaalu.fi\/wp-content\/uploads\/2017\/06\/anodisointi_sivulle-600x300.jpg 600w\" sizes=\"auto, (max-width: 1200px) 100vw, 1200px\" \/><\/p>\n<p class=\"\" data-start=\"438\" data-end=\"779\">Anodisieren ist ein elektrochemisches Verfahren zur Oberfl\u00e4chenbehandlung, das die Haltbarkeit und Lebensdauer von Aluminium deutlich erh\u00f6ht. Eine eloxierte Oberfl\u00e4che wirkt glatt und sauber und l\u00e4sst sich leichter reinigen. In unseren modernen Anodisierungsanlagen fertigen wir naturfarbene Aluminiumprofile mit verschiedenen Schichtdicken.<\/p>\n<p class=\"\" data-start=\"781\" data-end=\"1052\">Die Schichtdicke richtet sich nach dem Verwendungszweck. Bei Bedarf ist auch eine reine Schutzeloxierung f\u00fcr die Dauer der Weiterverarbeitung m\u00f6glich. Unsere Anlage erm\u00f6glicht die Behandlung von Aluminiumprofilen bis zu einer L\u00e4nge von 7,8 Metern sowie St\u00fcckeloxierungen.<\/p>\n<p><img loading=\"lazy\" decoding=\"async\" class=\"alignnone wp-image-8486\" src=\"https:\/\/makelaalu.fi\/wp-content\/uploads\/2022\/05\/IMG_0059-1024x627.jpg\" alt=\"\" width=\"1200\" height=\"735\" srcset=\"https:\/\/makelaalu.fi\/wp-content\/uploads\/2022\/05\/IMG_0059-1024x627.jpg 1024w, https:\/\/makelaalu.fi\/wp-content\/uploads\/2022\/05\/IMG_0059-300x184.jpg 300w, https:\/\/makelaalu.fi\/wp-content\/uploads\/2022\/05\/IMG_0059-768x470.jpg 768w, https:\/\/makelaalu.fi\/wp-content\/uploads\/2022\/05\/IMG_0059-1536x941.jpg 1536w, https:\/\/makelaalu.fi\/wp-content\/uploads\/2022\/05\/IMG_0059-2048x1255.jpg 2048w, https:\/\/makelaalu.fi\/wp-content\/uploads\/2022\/05\/IMG_0059-500x306.jpg 500w\" sizes=\"auto, (max-width: 1200px) 100vw, 1200px\" \/><\/p>\n<p>Je nach Aufh\u00e4ngung k\u00f6nnen die Profile an den Enden oder in der Mitte Aufh\u00e4ngespuren oder leichte Verformungen aufweisen. In solchen F\u00e4llen sind Sonderl\u00f6sungen erforderlich, die individuell mit dem Kunden abgestimmt werden.<\/p>\n<p>Durch unsere <a href=\"https:\/\/makelaalu.fi\/de\/weiterverarbeitung\/\">Partnerunternehmen<\/a> sind wir in der Lage, auch farbige Profile zu liefern.<\/p>\n","protected":false},"excerpt":{"rendered":"Eloxieren f\u00fcr langlebige und pflegeleichte Aluminiumoberfl\u00e4chen Anodisieren oder Eloxieren verbessert die Best\u00e4ndigkeit der Aluminiumprofile deutlich. Durch das Verfahren werden die nat\u00fcrlichen Eigenschaften des Aluminiums verst\u00e4rkt, insbesondere die Korrosionsbest\u00e4ndigkeit. Auch St\u00fcckeloxieren ist m\u00f6glich. Anodisieren ist ein elektrochemisches Verfahren zur Oberfl\u00e4chenbehandlung, das die Haltbarkeit und Lebensdauer von Aluminium deutlich erh\u00f6ht. Eine eloxierte Oberfl\u00e4che wirkt glatt und sauber und l\u00e4sst sich leichter reinigen. In unseren modernen Anodisierungsanlagen fertigen wir naturfarbene Aluminiumprofile mit verschiedenen Schichtdicken. Die Schichtdicke richtet sich nach dem Verwendungszweck. Bei Bedarf ist auch eine reine Schutzeloxierung f\u00fcr die Dauer der Weiterverarbeitung m\u00f6glich. Unsere Anlage erm\u00f6glicht die Behandlung von Aluminiumprofilen bis zu einer L\u00e4nge von 7,8 Metern sowie St\u00fcckeloxierungen. Je nach Aufh\u00e4ngung k\u00f6nnen die Profile an den Enden oder in der Mitte Aufh\u00e4ngespuren oder leichte Verformungen aufweisen. In solchen F\u00e4llen sind Sonderl\u00f6sungen erforderlich, die individuell mit dem Kunden abgestimmt werden. Durch unsere Partnerunternehmen sind wir in der Lage, auch farbige Profile zu liefern.","protected":false},"author":5,"featured_media":0,"parent":6996,"menu_order":43,"comment_status":"closed","ping_status":"closed","template":"","meta":{"_acf_changed":false,"footnotes":""},"class_list":["post-7044","page","type-page","status-publish","hentry"],"acf":[],"yoast_head":"<!-- This site is optimized with the Yoast SEO plugin v27.3 - https:\/\/yoast.com\/product\/yoast-seo-wordpress\/ -->\n<title>Anodisieren - von Aluminiumprofilen<\/title>\n<meta name=\"description\" content=\"Anodisieren und Eloxieren von Aluminiumprofilen. Korrosionsschutz, Schutzeloxierung, St\u00fcckeloxierung, bis 7,8 m L\u00e4nge.\" \/>\n<meta name=\"robots\" content=\"index, follow, max-snippet:-1, max-image-preview:large, max-video-preview:-1\" \/>\n<link rel=\"canonical\" href=\"https:\/\/makelaalu.fi\/de\/oberflaechenbehandlung-von-aluminiumprofilen\/anodisieren-eloxieren\/\" \/>\n<meta property=\"og:locale\" content=\"de_DE\" \/>\n<meta property=\"og:type\" content=\"article\" \/>\n<meta property=\"og:title\" content=\"Anodisieren - von Aluminiumprofilen\" \/>\n<meta property=\"og:description\" content=\"Anodisieren und Eloxieren von Aluminiumprofilen. Korrosionsschutz, Schutzeloxierung, St\u00fcckeloxierung, bis 7,8 m L\u00e4nge.\" \/>\n<meta property=\"og:url\" content=\"https:\/\/makelaalu.fi\/de\/oberflaechenbehandlung-von-aluminiumprofilen\/anodisieren-eloxieren\/\" \/>\n<meta property=\"og:site_name\" content=\"M&auml;kel&auml; Alu Oy\" \/>\n<meta property=\"article:modified_time\" content=\"2025-04-22T12:31:40+00:00\" \/>\n<meta property=\"og:image\" content=\"https:\/\/makelaalu.fi\/wp-content\/uploads\/2017\/06\/anodisointi_sivulle.jpg\" \/>\n\t<meta property=\"og:image:width\" content=\"1200\" \/>\n\t<meta property=\"og:image:height\" content=\"600\" \/>\n\t<meta property=\"og:image:type\" content=\"image\/jpeg\" \/>\n<meta name=\"twitter:card\" content=\"summary_large_image\" \/>\n<meta name=\"twitter:label1\" content=\"Gesch\u00e4tzte Lesezeit\" \/>\n\t<meta name=\"twitter:data1\" content=\"2\u00a0Minuten\" \/>\n<script type=\"application\/ld+json\" class=\"yoast-schema-graph\">{\"@context\":\"https:\\\/\\\/schema.org\",\"@graph\":[{\"@type\":\"WebPage\",\"@id\":\"https:\\\/\\\/makelaalu.fi\\\/de\\\/oberflaechenbehandlung-von-aluminiumprofilen\\\/anodisieren-eloxieren\\\/\",\"url\":\"https:\\\/\\\/makelaalu.fi\\\/de\\\/oberflaechenbehandlung-von-aluminiumprofilen\\\/anodisieren-eloxieren\\\/\",\"name\":\"Anodisieren - von Aluminiumprofilen\",\"isPartOf\":{\"@id\":\"https:\\\/\\\/dev.makelaalu.fi\\\/#website\"},\"primaryImageOfPage\":{\"@id\":\"https:\\\/\\\/makelaalu.fi\\\/de\\\/oberflaechenbehandlung-von-aluminiumprofilen\\\/anodisieren-eloxieren\\\/#primaryimage\"},\"image\":{\"@id\":\"https:\\\/\\\/makelaalu.fi\\\/de\\\/oberflaechenbehandlung-von-aluminiumprofilen\\\/anodisieren-eloxieren\\\/#primaryimage\"},\"thumbnailUrl\":\"https:\\\/\\\/makelaalu.fi\\\/wp-content\\\/uploads\\\/2017\\\/06\\\/anodisointi_sivulle.jpg\",\"datePublished\":\"2022-04-04T10:51:59+00:00\",\"dateModified\":\"2025-04-22T12:31:40+00:00\",\"description\":\"Anodisieren und Eloxieren von Aluminiumprofilen. Korrosionsschutz, Schutzeloxierung, St\u00fcckeloxierung, bis 7,8 m L\u00e4nge.\",\"breadcrumb\":{\"@id\":\"https:\\\/\\\/makelaalu.fi\\\/de\\\/oberflaechenbehandlung-von-aluminiumprofilen\\\/anodisieren-eloxieren\\\/#breadcrumb\"},\"inLanguage\":\"de\",\"potentialAction\":[{\"@type\":\"ReadAction\",\"target\":[\"https:\\\/\\\/makelaalu.fi\\\/de\\\/oberflaechenbehandlung-von-aluminiumprofilen\\\/anodisieren-eloxieren\\\/\"]}]},{\"@type\":\"ImageObject\",\"inLanguage\":\"de\",\"@id\":\"https:\\\/\\\/makelaalu.fi\\\/de\\\/oberflaechenbehandlung-von-aluminiumprofilen\\\/anodisieren-eloxieren\\\/#primaryimage\",\"url\":\"https:\\\/\\\/makelaalu.fi\\\/wp-content\\\/uploads\\\/2017\\\/06\\\/anodisointi_sivulle.jpg\",\"contentUrl\":\"https:\\\/\\\/makelaalu.fi\\\/wp-content\\\/uploads\\\/2017\\\/06\\\/anodisointi_sivulle.jpg\"},{\"@type\":\"BreadcrumbList\",\"@id\":\"https:\\\/\\\/makelaalu.fi\\\/de\\\/oberflaechenbehandlung-von-aluminiumprofilen\\\/anodisieren-eloxieren\\\/#breadcrumb\",\"itemListElement\":[{\"@type\":\"ListItem\",\"position\":1,\"name\":\"Frontpage\",\"item\":\"https:\\\/\\\/makelaalu.fi\\\/de\\\/\"},{\"@type\":\"ListItem\",\"position\":2,\"name\":\"Oberfl\u00e4chenbehandlung\",\"item\":\"https:\\\/\\\/dev.makelaalu.fi\\\/de\\\/oberflaechenbehandlung-von-aluminiumprofilen\\\/\"},{\"@type\":\"ListItem\",\"position\":3,\"name\":\"Anodisieren\"}]},{\"@type\":\"WebSite\",\"@id\":\"https:\\\/\\\/dev.makelaalu.fi\\\/#website\",\"url\":\"https:\\\/\\\/dev.makelaalu.fi\\\/\",\"name\":\"M&auml;kel&auml; Alu Oy\",\"description\":\"Alumiiniprofiilien puristaminen vuosikymmenten kokemuksella.\",\"potentialAction\":[{\"@type\":\"SearchAction\",\"target\":{\"@type\":\"EntryPoint\",\"urlTemplate\":\"https:\\\/\\\/dev.makelaalu.fi\\\/?s={search_term_string}\"},\"query-input\":{\"@type\":\"PropertyValueSpecification\",\"valueRequired\":true,\"valueName\":\"search_term_string\"}}],\"inLanguage\":\"de\"}]}<\/script>\n<!-- \/ Yoast SEO plugin. -->","yoast_head_json":{"title":"Anodisieren - von Aluminiumprofilen","description":"Anodisieren und Eloxieren von Aluminiumprofilen. Korrosionsschutz, Schutzeloxierung, St\u00fcckeloxierung, bis 7,8 m L\u00e4nge.","robots":{"index":"index","follow":"follow","max-snippet":"max-snippet:-1","max-image-preview":"max-image-preview:large","max-video-preview":"max-video-preview:-1"},"canonical":"https:\/\/makelaalu.fi\/de\/oberflaechenbehandlung-von-aluminiumprofilen\/anodisieren-eloxieren\/","og_locale":"de_DE","og_type":"article","og_title":"Anodisieren - von Aluminiumprofilen","og_description":"Anodisieren und Eloxieren von Aluminiumprofilen. Korrosionsschutz, Schutzeloxierung, St\u00fcckeloxierung, bis 7,8 m L\u00e4nge.","og_url":"https:\/\/makelaalu.fi\/de\/oberflaechenbehandlung-von-aluminiumprofilen\/anodisieren-eloxieren\/","og_site_name":"M&auml;kel&auml; Alu Oy","article_modified_time":"2025-04-22T12:31:40+00:00","og_image":[{"width":1200,"height":600,"url":"https:\/\/makelaalu.fi\/wp-content\/uploads\/2017\/06\/anodisointi_sivulle.jpg","type":"image\/jpeg"}],"twitter_card":"summary_large_image","twitter_misc":{"Gesch\u00e4tzte Lesezeit":"2\u00a0Minuten"},"schema":{"@context":"https:\/\/schema.org","@graph":[{"@type":"WebPage","@id":"https:\/\/makelaalu.fi\/de\/oberflaechenbehandlung-von-aluminiumprofilen\/anodisieren-eloxieren\/","url":"https:\/\/makelaalu.fi\/de\/oberflaechenbehandlung-von-aluminiumprofilen\/anodisieren-eloxieren\/","name":"Anodisieren - von Aluminiumprofilen","isPartOf":{"@id":"https:\/\/dev.makelaalu.fi\/#website"},"primaryImageOfPage":{"@id":"https:\/\/makelaalu.fi\/de\/oberflaechenbehandlung-von-aluminiumprofilen\/anodisieren-eloxieren\/#primaryimage"},"image":{"@id":"https:\/\/makelaalu.fi\/de\/oberflaechenbehandlung-von-aluminiumprofilen\/anodisieren-eloxieren\/#primaryimage"},"thumbnailUrl":"https:\/\/makelaalu.fi\/wp-content\/uploads\/2017\/06\/anodisointi_sivulle.jpg","datePublished":"2022-04-04T10:51:59+00:00","dateModified":"2025-04-22T12:31:40+00:00","description":"Anodisieren und Eloxieren von Aluminiumprofilen. Korrosionsschutz, Schutzeloxierung, St\u00fcckeloxierung, bis 7,8 m L\u00e4nge.","breadcrumb":{"@id":"https:\/\/makelaalu.fi\/de\/oberflaechenbehandlung-von-aluminiumprofilen\/anodisieren-eloxieren\/#breadcrumb"},"inLanguage":"de","potentialAction":[{"@type":"ReadAction","target":["https:\/\/makelaalu.fi\/de\/oberflaechenbehandlung-von-aluminiumprofilen\/anodisieren-eloxieren\/"]}]},{"@type":"ImageObject","inLanguage":"de","@id":"https:\/\/makelaalu.fi\/de\/oberflaechenbehandlung-von-aluminiumprofilen\/anodisieren-eloxieren\/#primaryimage","url":"https:\/\/makelaalu.fi\/wp-content\/uploads\/2017\/06\/anodisointi_sivulle.jpg","contentUrl":"https:\/\/makelaalu.fi\/wp-content\/uploads\/2017\/06\/anodisointi_sivulle.jpg"},{"@type":"BreadcrumbList","@id":"https:\/\/makelaalu.fi\/de\/oberflaechenbehandlung-von-aluminiumprofilen\/anodisieren-eloxieren\/#breadcrumb","itemListElement":[{"@type":"ListItem","position":1,"name":"Frontpage","item":"https:\/\/makelaalu.fi\/de\/"},{"@type":"ListItem","position":2,"name":"Oberfl\u00e4chenbehandlung","item":"https:\/\/dev.makelaalu.fi\/de\/oberflaechenbehandlung-von-aluminiumprofilen\/"},{"@type":"ListItem","position":3,"name":"Anodisieren"}]},{"@type":"WebSite","@id":"https:\/\/dev.makelaalu.fi\/#website","url":"https:\/\/dev.makelaalu.fi\/","name":"M&auml;kel&auml; Alu Oy","description":"Alumiiniprofiilien puristaminen vuosikymmenten kokemuksella.","potentialAction":[{"@type":"SearchAction","target":{"@type":"EntryPoint","urlTemplate":"https:\/\/dev.makelaalu.fi\/?s={search_term_string}"},"query-input":{"@type":"PropertyValueSpecification","valueRequired":true,"valueName":"search_term_string"}}],"inLanguage":"de"}]}},"_links":{"self":[{"href":"https:\/\/makelaalu.fi\/de\/wp-json\/wp\/v2\/pages\/7044","targetHints":{"allow":["GET"]}}],"collection":[{"href":"https:\/\/makelaalu.fi\/de\/wp-json\/wp\/v2\/pages"}],"about":[{"href":"https:\/\/makelaalu.fi\/de\/wp-json\/wp\/v2\/types\/page"}],"author":[{"embeddable":true,"href":"https:\/\/makelaalu.fi\/de\/wp-json\/wp\/v2\/users\/5"}],"replies":[{"embeddable":true,"href":"https:\/\/makelaalu.fi\/de\/wp-json\/wp\/v2\/comments?post=7044"}],"version-history":[{"count":6,"href":"https:\/\/makelaalu.fi\/de\/wp-json\/wp\/v2\/pages\/7044\/revisions"}],"predecessor-version":[{"id":11050,"href":"https:\/\/makelaalu.fi\/de\/wp-json\/wp\/v2\/pages\/7044\/revisions\/11050"}],"up":[{"embeddable":true,"href":"https:\/\/makelaalu.fi\/de\/wp-json\/wp\/v2\/pages\/6996"}],"wp:attachment":[{"href":"https:\/\/makelaalu.fi\/de\/wp-json\/wp\/v2\/media?parent=7044"}],"curies":[{"name":"wp","href":"https:\/\/api.w.org\/{rel}","templated":true}]}}