{"id":7057,"date":"2022-04-04T14:04:34","date_gmt":"2022-04-04T11:04:34","guid":{"rendered":"https:\/\/dev.makelaalu.fi\/?page_id=7057"},"modified":"2024-02-21T09:56:05","modified_gmt":"2024-02-21T07:56:05","slug":"pulverbeschichtung","status":"publish","type":"page","link":"https:\/\/makelaalu.fi\/de\/oberflaechenbehandlung-von-aluminiumprofilen\/pulverbeschichtung\/","title":{"rendered":"Pulverbeschichtung"},"content":{"rendered":"<h2>Kosteng\u00fcnstige Pulverbeschichtung \u2013 auch bei kleinen Mengen<\/h2>\n<article class=\"caption\">\n<h4>Die Pulverbeschichtung ist das heutzutage am meisten eingesetzte Verfahren zur Farbbeschichtung, denn damit lassen sich Oberfl\u00e4chen herstellen, die gegen UV-Strahlung und Korrosion best\u00e4ndig und abrieb- und schlagfest sind. Die Pulverbeschichtung bietet fast unbeschr\u00e4nkte M\u00f6glichkeiten f\u00fcr diverse Farbt\u00f6ne. In unseren drei Pulverbeschichtungsanlagen stehen uns tausende von Farbt\u00f6nen zur Verf\u00fcgung.<\/h4>\n<\/article>\n<p><img loading=\"lazy\" decoding=\"async\" class=\"alignnone size-full wp-image-832\" src=\"https:\/\/makelaalu.fi\/wp-content\/uploads\/2017\/06\/maalaus2.jpg\" alt=\"\" width=\"1200\" height=\"600\" srcset=\"https:\/\/makelaalu.fi\/wp-content\/uploads\/2017\/06\/maalaus2.jpg 1200w, https:\/\/makelaalu.fi\/wp-content\/uploads\/2017\/06\/maalaus2-300x150.jpg 300w, https:\/\/makelaalu.fi\/wp-content\/uploads\/2017\/06\/maalaus2-768x384.jpg 768w, https:\/\/makelaalu.fi\/wp-content\/uploads\/2017\/06\/maalaus2-1024x512.jpg 1024w, https:\/\/makelaalu.fi\/wp-content\/uploads\/2017\/06\/maalaus2-600x300.jpg 600w\" sizes=\"auto, (max-width: 1200px) 100vw, 1200px\" \/><\/p>\n<p>Die elegante und ansehnliche Decoral-Sonderbeschichtung wird immer beliebter. Mit diesem Verfahren lassen sich verschiedenste Muster und Abbildungen, wie Fantasiebilder oder Baum- oder Steinnachbildungen, auf Aluminiumfl\u00e4chen anbringen.<\/p>\n<p>Bei Bedarf werden die Profile vor der Beschichtung noch anodisiert. So lassen sich die Vorteile von eloxierten Profilen \u2013 hervorragende Korrosionsbest\u00e4ndigkeit \u2013 und von Pulverbeschichtung in einem Produkt vereinen. Unsere Beschichtungsanlage erm\u00f6glicht die Beschichtung von max. 7,4 m langen Profilen.<\/p>\n<p>Die Farbbeschichtung ist ein additives Fertigungsverfahren, so dass sich die Profilma\u00dfe durch die Beschichtung \u00e4ndern. Dies ist bei Verbinden der Profile mit anderen Profilen oder Materialien zu ber\u00fccksichtigen. Je nach Aufh\u00e4ngung k\u00f6nnen die Profile an den Enden oder in der Mitte Aufh\u00e4ngespuren aufweisen. In diesem Fall sind Sonderoptionen n\u00f6tig, welche mit dem Kunden extra vereinbart werden.<\/p>\n<p>Unsere vier Farbbeschichtungsanlagen \u2013 zwei vertikale und zwei horizontale \u2013 k\u00f6nnen auch gr\u00f6\u00dfere Produktionskapazit\u00e4ten bew\u00e4ltigen. Durch moderne Produktionsmaschinen lassen sich aber auch kleine Produktionsmengen kosteneffizient produzieren. Ein Ausdruck unserer hohen Qualit\u00e4t ist das uns vergebene GSB-Zertifikat.<\/p>\n<p><img decoding=\"async\" src=\"https:\/\/makelaalu.fi\/wp-content\/uploads\/2022\/04\/GSB_International-150x150-1-150x150.png\" \/><\/p>\n<p><img loading=\"lazy\" decoding=\"async\" class=\"alignnone size-full wp-image-831\" src=\"https:\/\/makelaalu.fi\/wp-content\/uploads\/2017\/06\/maalaus1.jpg\" alt=\"\" width=\"1200\" height=\"600\" srcset=\"https:\/\/makelaalu.fi\/wp-content\/uploads\/2017\/06\/maalaus1.jpg 1200w, https:\/\/makelaalu.fi\/wp-content\/uploads\/2017\/06\/maalaus1-300x150.jpg 300w, https:\/\/makelaalu.fi\/wp-content\/uploads\/2017\/06\/maalaus1-768x384.jpg 768w, https:\/\/makelaalu.fi\/wp-content\/uploads\/2017\/06\/maalaus1-1024x512.jpg 1024w, https:\/\/makelaalu.fi\/wp-content\/uploads\/2017\/06\/maalaus1-600x300.jpg 600w\" sizes=\"auto, (max-width: 1200px) 100vw, 1200px\" \/><\/p>\n<h3>Video<\/h3>\n<p><iframe loading=\"lazy\" src=\"https:\/\/www.youtube.com\/embed\/6TyYkW02zbI\" width=\"560\" height=\"315\" frameborder=\"0\" allowfullscreen=\"allowfullscreen\" data-mce-fragment=\"1\"><\/iframe><\/p>\n","protected":false},"excerpt":{"rendered":"Kosteng\u00fcnstige Pulverbeschichtung \u2013 auch bei kleinen Mengen Die Pulverbeschichtung ist das heutzutage am meisten eingesetzte Verfahren zur Farbbeschichtung, denn damit lassen sich Oberfl\u00e4chen herstellen, die gegen UV-Strahlung und Korrosion best\u00e4ndig und abrieb- und schlagfest sind. Die Pulverbeschichtung bietet fast unbeschr\u00e4nkte M\u00f6glichkeiten f\u00fcr diverse Farbt\u00f6ne. In unseren drei Pulverbeschichtungsanlagen stehen uns tausende von Farbt\u00f6nen zur Verf\u00fcgung. Die elegante und ansehnliche Decoral-Sonderbeschichtung wird immer beliebter. Mit diesem Verfahren lassen sich verschiedenste Muster und Abbildungen, wie Fantasiebilder oder Baum- oder Steinnachbildungen, auf Aluminiumfl\u00e4chen anbringen. Bei Bedarf werden die Profile vor der Beschichtung noch anodisiert. So lassen sich die Vorteile von eloxierten Profilen \u2013 hervorragende Korrosionsbest\u00e4ndigkeit \u2013 und von Pulverbeschichtung in einem Produkt vereinen. Unsere Beschichtungsanlage erm\u00f6glicht die Beschichtung von max. 7,4 m langen Profilen. Die Farbbeschichtung ist ein additives Fertigungsverfahren, so dass sich die Profilma\u00dfe durch die Beschichtung \u00e4ndern. Dies ist bei Verbinden der Profile mit anderen Profilen oder Materialien zu ber\u00fccksichtigen. Je nach Aufh\u00e4ngung k\u00f6nnen die Profile an den Enden oder in der Mitte Aufh\u00e4ngespuren aufweisen. In diesem Fall sind Sonderoptionen n\u00f6tig, welche mit dem Kunden extra vereinbart werden. Unsere vier Farbbeschichtungsanlagen \u2013 zwei vertikale und zwei horizontale \u2013 k\u00f6nnen auch gr\u00f6\u00dfere Produktionskapazit\u00e4ten bew\u00e4ltigen. Durch moderne Produktionsmaschinen lassen sich aber auch kleine Produktionsmengen kosteneffizient produzieren. Ein Ausdruck unserer hohen Qualit\u00e4t ist das uns vergebene GSB-Zertifikat. Video","protected":false},"author":5,"featured_media":0,"parent":6996,"menu_order":48,"comment_status":"closed","ping_status":"closed","template":"","meta":{"_acf_changed":false,"footnotes":""},"class_list":["post-7057","page","type-page","status-publish","hentry"],"acf":[],"yoast_head":"<!-- This site is optimized with the Yoast SEO plugin v27.4 - https:\/\/yoast.com\/product\/yoast-seo-wordpress\/ -->\n<title>Pulverbeschichtung - M&auml;kel&auml; Alu Oy<\/title>\n<meta name=\"robots\" content=\"index, follow, max-snippet:-1, max-image-preview:large, max-video-preview:-1\" \/>\n<link rel=\"canonical\" href=\"https:\/\/makelaalu.fi\/de\/oberflaechenbehandlung-von-aluminiumprofilen\/pulverbeschichtung\/\" \/>\n<meta property=\"og:locale\" content=\"de_DE\" \/>\n<meta property=\"og:type\" content=\"article\" \/>\n<meta property=\"og:title\" content=\"Pulverbeschichtung - M&auml;kel&auml; Alu Oy\" \/>\n<meta property=\"og:description\" content=\"Kosteng\u00fcnstige Pulverbeschichtung \u2013 auch bei kleinen Mengen Die Pulverbeschichtung ist das heutzutage am meisten eingesetzte Verfahren zur Farbbeschichtung, denn damit lassen sich Oberfl\u00e4chen herstellen, die gegen UV-Strahlung und Korrosion best\u00e4ndig und abrieb- und schlagfest sind. Die Pulverbeschichtung bietet fast unbeschr\u00e4nkte M\u00f6glichkeiten f\u00fcr diverse Farbt\u00f6ne. In unseren drei Pulverbeschichtungsanlagen stehen uns tausende von Farbt\u00f6nen zur Verf\u00fcgung. Die elegante und ansehnliche Decoral-Sonderbeschichtung wird immer beliebter. Mit diesem Verfahren lassen sich verschiedenste Muster und Abbildungen, wie Fantasiebilder oder Baum- oder Steinnachbildungen, auf Aluminiumfl\u00e4chen anbringen. Bei Bedarf werden die Profile vor der Beschichtung noch anodisiert. So lassen sich die Vorteile von eloxierten Profilen \u2013 hervorragende Korrosionsbest\u00e4ndigkeit \u2013 und von Pulverbeschichtung in einem Produkt vereinen. Unsere Beschichtungsanlage erm\u00f6glicht die Beschichtung von max. 7,4 m langen Profilen. Die Farbbeschichtung ist ein additives Fertigungsverfahren, so dass sich die Profilma\u00dfe durch die Beschichtung \u00e4ndern. Dies ist bei Verbinden der Profile mit anderen Profilen oder Materialien zu ber\u00fccksichtigen. Je nach Aufh\u00e4ngung k\u00f6nnen die Profile an den Enden oder in der Mitte Aufh\u00e4ngespuren aufweisen. In diesem Fall sind Sonderoptionen n\u00f6tig, welche mit dem Kunden extra vereinbart werden. Unsere vier Farbbeschichtungsanlagen \u2013 zwei vertikale und zwei horizontale \u2013 k\u00f6nnen auch gr\u00f6\u00dfere Produktionskapazit\u00e4ten bew\u00e4ltigen. Durch moderne Produktionsmaschinen lassen sich aber auch kleine Produktionsmengen kosteneffizient produzieren. Ein Ausdruck unserer hohen Qualit\u00e4t ist das uns vergebene GSB-Zertifikat. Video\" \/>\n<meta property=\"og:url\" content=\"https:\/\/makelaalu.fi\/de\/oberflaechenbehandlung-von-aluminiumprofilen\/pulverbeschichtung\/\" \/>\n<meta property=\"og:site_name\" content=\"M&auml;kel&auml; Alu Oy\" \/>\n<meta property=\"article:modified_time\" content=\"2024-02-21T07:56:05+00:00\" \/>\n<meta property=\"og:image\" content=\"https:\/\/makelaalu.fi\/wp-content\/uploads\/2017\/06\/maalaus2.jpg\" \/>\n<meta name=\"twitter:card\" content=\"summary_large_image\" \/>\n<meta name=\"twitter:label1\" content=\"Gesch\u00e4tzte Lesezeit\" \/>\n\t<meta name=\"twitter:data1\" content=\"2\u00a0Minuten\" \/>\n<script type=\"application\/ld+json\" class=\"yoast-schema-graph\">{\"@context\":\"https:\\\/\\\/schema.org\",\"@graph\":[{\"@type\":\"WebPage\",\"@id\":\"https:\\\/\\\/makelaalu.fi\\\/de\\\/oberflaechenbehandlung-von-aluminiumprofilen\\\/pulverbeschichtung\\\/\",\"url\":\"https:\\\/\\\/makelaalu.fi\\\/de\\\/oberflaechenbehandlung-von-aluminiumprofilen\\\/pulverbeschichtung\\\/\",\"name\":\"Pulverbeschichtung - M&auml;kel&auml; Alu Oy\",\"isPartOf\":{\"@id\":\"https:\\\/\\\/dev.makelaalu.fi\\\/#website\"},\"primaryImageOfPage\":{\"@id\":\"https:\\\/\\\/makelaalu.fi\\\/de\\\/oberflaechenbehandlung-von-aluminiumprofilen\\\/pulverbeschichtung\\\/#primaryimage\"},\"image\":{\"@id\":\"https:\\\/\\\/makelaalu.fi\\\/de\\\/oberflaechenbehandlung-von-aluminiumprofilen\\\/pulverbeschichtung\\\/#primaryimage\"},\"thumbnailUrl\":\"https:\\\/\\\/makelaalu.fi\\\/wp-content\\\/uploads\\\/2017\\\/06\\\/maalaus2.jpg\",\"datePublished\":\"2022-04-04T11:04:34+00:00\",\"dateModified\":\"2024-02-21T07:56:05+00:00\",\"breadcrumb\":{\"@id\":\"https:\\\/\\\/makelaalu.fi\\\/de\\\/oberflaechenbehandlung-von-aluminiumprofilen\\\/pulverbeschichtung\\\/#breadcrumb\"},\"inLanguage\":\"de\",\"potentialAction\":[{\"@type\":\"ReadAction\",\"target\":[\"https:\\\/\\\/makelaalu.fi\\\/de\\\/oberflaechenbehandlung-von-aluminiumprofilen\\\/pulverbeschichtung\\\/\"]}]},{\"@type\":\"ImageObject\",\"inLanguage\":\"de\",\"@id\":\"https:\\\/\\\/makelaalu.fi\\\/de\\\/oberflaechenbehandlung-von-aluminiumprofilen\\\/pulverbeschichtung\\\/#primaryimage\",\"url\":\"https:\\\/\\\/makelaalu.fi\\\/wp-content\\\/uploads\\\/2017\\\/06\\\/maalaus2.jpg\",\"contentUrl\":\"https:\\\/\\\/makelaalu.fi\\\/wp-content\\\/uploads\\\/2017\\\/06\\\/maalaus2.jpg\"},{\"@type\":\"BreadcrumbList\",\"@id\":\"https:\\\/\\\/makelaalu.fi\\\/de\\\/oberflaechenbehandlung-von-aluminiumprofilen\\\/pulverbeschichtung\\\/#breadcrumb\",\"itemListElement\":[{\"@type\":\"ListItem\",\"position\":1,\"name\":\"Frontpage\",\"item\":\"https:\\\/\\\/makelaalu.fi\\\/de\\\/\"},{\"@type\":\"ListItem\",\"position\":2,\"name\":\"Oberfl\u00e4chenbehandlung\",\"item\":\"https:\\\/\\\/dev.makelaalu.fi\\\/de\\\/oberflaechenbehandlung-von-aluminiumprofilen\\\/\"},{\"@type\":\"ListItem\",\"position\":3,\"name\":\"Pulverbeschichtung\"}]},{\"@type\":\"WebSite\",\"@id\":\"https:\\\/\\\/dev.makelaalu.fi\\\/#website\",\"url\":\"https:\\\/\\\/dev.makelaalu.fi\\\/\",\"name\":\"M&auml;kel&auml; Alu Oy\",\"description\":\"Alumiiniprofiilien puristaminen vuosikymmenten kokemuksella.\",\"potentialAction\":[{\"@type\":\"SearchAction\",\"target\":{\"@type\":\"EntryPoint\",\"urlTemplate\":\"https:\\\/\\\/dev.makelaalu.fi\\\/?s={search_term_string}\"},\"query-input\":{\"@type\":\"PropertyValueSpecification\",\"valueRequired\":true,\"valueName\":\"search_term_string\"}}],\"inLanguage\":\"de\"}]}<\/script>\n<!-- \/ Yoast SEO plugin. -->","yoast_head_json":{"title":"Pulverbeschichtung - M&auml;kel&auml; Alu Oy","robots":{"index":"index","follow":"follow","max-snippet":"max-snippet:-1","max-image-preview":"max-image-preview:large","max-video-preview":"max-video-preview:-1"},"canonical":"https:\/\/makelaalu.fi\/de\/oberflaechenbehandlung-von-aluminiumprofilen\/pulverbeschichtung\/","og_locale":"de_DE","og_type":"article","og_title":"Pulverbeschichtung - M&auml;kel&auml; Alu Oy","og_description":"Kosteng\u00fcnstige Pulverbeschichtung \u2013 auch bei kleinen Mengen Die Pulverbeschichtung ist das heutzutage am meisten eingesetzte Verfahren zur Farbbeschichtung, denn damit lassen sich Oberfl\u00e4chen herstellen, die gegen UV-Strahlung und Korrosion best\u00e4ndig und abrieb- und schlagfest sind. Die Pulverbeschichtung bietet fast unbeschr\u00e4nkte M\u00f6glichkeiten f\u00fcr diverse Farbt\u00f6ne. In unseren drei Pulverbeschichtungsanlagen stehen uns tausende von Farbt\u00f6nen zur Verf\u00fcgung. Die elegante und ansehnliche Decoral-Sonderbeschichtung wird immer beliebter. Mit diesem Verfahren lassen sich verschiedenste Muster und Abbildungen, wie Fantasiebilder oder Baum- oder Steinnachbildungen, auf Aluminiumfl\u00e4chen anbringen. Bei Bedarf werden die Profile vor der Beschichtung noch anodisiert. So lassen sich die Vorteile von eloxierten Profilen \u2013 hervorragende Korrosionsbest\u00e4ndigkeit \u2013 und von Pulverbeschichtung in einem Produkt vereinen. Unsere Beschichtungsanlage erm\u00f6glicht die Beschichtung von max. 7,4 m langen Profilen. Die Farbbeschichtung ist ein additives Fertigungsverfahren, so dass sich die Profilma\u00dfe durch die Beschichtung \u00e4ndern. Dies ist bei Verbinden der Profile mit anderen Profilen oder Materialien zu ber\u00fccksichtigen. Je nach Aufh\u00e4ngung k\u00f6nnen die Profile an den Enden oder in der Mitte Aufh\u00e4ngespuren aufweisen. In diesem Fall sind Sonderoptionen n\u00f6tig, welche mit dem Kunden extra vereinbart werden. Unsere vier Farbbeschichtungsanlagen \u2013 zwei vertikale und zwei horizontale \u2013 k\u00f6nnen auch gr\u00f6\u00dfere Produktionskapazit\u00e4ten bew\u00e4ltigen. Durch moderne Produktionsmaschinen lassen sich aber auch kleine Produktionsmengen kosteneffizient produzieren. Ein Ausdruck unserer hohen Qualit\u00e4t ist das uns vergebene GSB-Zertifikat. Video","og_url":"https:\/\/makelaalu.fi\/de\/oberflaechenbehandlung-von-aluminiumprofilen\/pulverbeschichtung\/","og_site_name":"M&auml;kel&auml; Alu Oy","article_modified_time":"2024-02-21T07:56:05+00:00","og_image":[{"url":"https:\/\/makelaalu.fi\/wp-content\/uploads\/2017\/06\/maalaus2.jpg","type":"","width":"","height":""}],"twitter_card":"summary_large_image","twitter_misc":{"Gesch\u00e4tzte Lesezeit":"2\u00a0Minuten"},"schema":{"@context":"https:\/\/schema.org","@graph":[{"@type":"WebPage","@id":"https:\/\/makelaalu.fi\/de\/oberflaechenbehandlung-von-aluminiumprofilen\/pulverbeschichtung\/","url":"https:\/\/makelaalu.fi\/de\/oberflaechenbehandlung-von-aluminiumprofilen\/pulverbeschichtung\/","name":"Pulverbeschichtung - M&auml;kel&auml; Alu Oy","isPartOf":{"@id":"https:\/\/dev.makelaalu.fi\/#website"},"primaryImageOfPage":{"@id":"https:\/\/makelaalu.fi\/de\/oberflaechenbehandlung-von-aluminiumprofilen\/pulverbeschichtung\/#primaryimage"},"image":{"@id":"https:\/\/makelaalu.fi\/de\/oberflaechenbehandlung-von-aluminiumprofilen\/pulverbeschichtung\/#primaryimage"},"thumbnailUrl":"https:\/\/makelaalu.fi\/wp-content\/uploads\/2017\/06\/maalaus2.jpg","datePublished":"2022-04-04T11:04:34+00:00","dateModified":"2024-02-21T07:56:05+00:00","breadcrumb":{"@id":"https:\/\/makelaalu.fi\/de\/oberflaechenbehandlung-von-aluminiumprofilen\/pulverbeschichtung\/#breadcrumb"},"inLanguage":"de","potentialAction":[{"@type":"ReadAction","target":["https:\/\/makelaalu.fi\/de\/oberflaechenbehandlung-von-aluminiumprofilen\/pulverbeschichtung\/"]}]},{"@type":"ImageObject","inLanguage":"de","@id":"https:\/\/makelaalu.fi\/de\/oberflaechenbehandlung-von-aluminiumprofilen\/pulverbeschichtung\/#primaryimage","url":"https:\/\/makelaalu.fi\/wp-content\/uploads\/2017\/06\/maalaus2.jpg","contentUrl":"https:\/\/makelaalu.fi\/wp-content\/uploads\/2017\/06\/maalaus2.jpg"},{"@type":"BreadcrumbList","@id":"https:\/\/makelaalu.fi\/de\/oberflaechenbehandlung-von-aluminiumprofilen\/pulverbeschichtung\/#breadcrumb","itemListElement":[{"@type":"ListItem","position":1,"name":"Frontpage","item":"https:\/\/makelaalu.fi\/de\/"},{"@type":"ListItem","position":2,"name":"Oberfl\u00e4chenbehandlung","item":"https:\/\/dev.makelaalu.fi\/de\/oberflaechenbehandlung-von-aluminiumprofilen\/"},{"@type":"ListItem","position":3,"name":"Pulverbeschichtung"}]},{"@type":"WebSite","@id":"https:\/\/dev.makelaalu.fi\/#website","url":"https:\/\/dev.makelaalu.fi\/","name":"M&auml;kel&auml; Alu Oy","description":"Alumiiniprofiilien puristaminen vuosikymmenten kokemuksella.","potentialAction":[{"@type":"SearchAction","target":{"@type":"EntryPoint","urlTemplate":"https:\/\/dev.makelaalu.fi\/?s={search_term_string}"},"query-input":{"@type":"PropertyValueSpecification","valueRequired":true,"valueName":"search_term_string"}}],"inLanguage":"de"}]}},"_links":{"self":[{"href":"https:\/\/makelaalu.fi\/de\/wp-json\/wp\/v2\/pages\/7057","targetHints":{"allow":["GET"]}}],"collection":[{"href":"https:\/\/makelaalu.fi\/de\/wp-json\/wp\/v2\/pages"}],"about":[{"href":"https:\/\/makelaalu.fi\/de\/wp-json\/wp\/v2\/types\/page"}],"author":[{"embeddable":true,"href":"https:\/\/makelaalu.fi\/de\/wp-json\/wp\/v2\/users\/5"}],"replies":[{"embeddable":true,"href":"https:\/\/makelaalu.fi\/de\/wp-json\/wp\/v2\/comments?post=7057"}],"version-history":[{"count":6,"href":"https:\/\/makelaalu.fi\/de\/wp-json\/wp\/v2\/pages\/7057\/revisions"}],"predecessor-version":[{"id":10229,"href":"https:\/\/makelaalu.fi\/de\/wp-json\/wp\/v2\/pages\/7057\/revisions\/10229"}],"up":[{"embeddable":true,"href":"https:\/\/makelaalu.fi\/de\/wp-json\/wp\/v2\/pages\/6996"}],"wp:attachment":[{"href":"https:\/\/makelaalu.fi\/de\/wp-json\/wp\/v2\/media?parent=7057"}],"curies":[{"name":"wp","href":"https:\/\/api.w.org\/{rel}","templated":true}]}}