{"id":7068,"date":"2022-04-04T14:12:29","date_gmt":"2022-04-04T11:12:29","guid":{"rendered":"https:\/\/dev.makelaalu.fi\/?page_id=7068"},"modified":"2024-11-01T11:19:29","modified_gmt":"2024-11-01T09:19:29","slug":"decoral","status":"publish","type":"page","link":"https:\/\/makelaalu.fi\/de\/oberflaechenbehandlung-von-aluminiumprofilen\/decoral\/","title":{"rendered":"Decoral"},"content":{"rendered":"<h2>Decoral \u2013 einzigartige Beschichtung f\u00fcr Aluminiumprofile<\/h2>\n<article class=\"caption\">\n<h4>Die ansehnliche Strukturbeschichtung Decoral gibt Aluminiumprofilen den letzten Schliff. Mit Decoral-Strukturbeschichtung erzielen Sie dieselben Eigenschaften wie mit Pulverbeschichtung.<\/h4>\n<\/article>\n<figure id=\"attachment_5236\" aria-describedby=\"caption-attachment-5236\" style=\"width: 1200px\" class=\"wp-caption alignnone\"><img loading=\"lazy\" decoding=\"async\" class=\"wp-image-5236\" src=\"https:\/\/makelaalu.fi\/wp-content\/uploads\/2021\/02\/Makela_Alu_2021_decoral_alu_alucoating_kauppakeskus_columbus_1-300x200.jpg\" alt=\"M\u00e4kel\u00e4 Alun Decoral-pinnoite Kauppakeskus Columbuksessa\" width=\"1200\" height=\"800\" srcset=\"https:\/\/makelaalu.fi\/wp-content\/uploads\/2021\/02\/Makela_Alu_2021_decoral_alu_alucoating_kauppakeskus_columbus_1-300x200.jpg 300w, https:\/\/makelaalu.fi\/wp-content\/uploads\/2021\/02\/Makela_Alu_2021_decoral_alu_alucoating_kauppakeskus_columbus_1-1024x683.jpg 1024w, https:\/\/makelaalu.fi\/wp-content\/uploads\/2021\/02\/Makela_Alu_2021_decoral_alu_alucoating_kauppakeskus_columbus_1-768x512.jpg 768w, https:\/\/makelaalu.fi\/wp-content\/uploads\/2021\/02\/Makela_Alu_2021_decoral_alu_alucoating_kauppakeskus_columbus_1-1536x1024.jpg 1536w, https:\/\/makelaalu.fi\/wp-content\/uploads\/2021\/02\/Makela_Alu_2021_decoral_alu_alucoating_kauppakeskus_columbus_1.jpg 1920w\" sizes=\"auto, (max-width: 1200px) 100vw, 1200px\" \/><figcaption id=\"caption-attachment-5236\" class=\"wp-caption-text\">M\u00e4kel\u00e4 Alun Decoral-kuviopinnoite kauppakeskus Columbuksen k\u00e4yt\u00e4v\u00e4ss\u00e4 Vuosaaressa. Kuva Jarno Mela<\/figcaption><\/figure>\n<p>Das Oberfl\u00e4chenbeschichtungskonzept\u00a0<a href=\"https:\/\/makelaalu.fi\/de\/unser-service\/alucoating\/\" target=\"_blank\" rel=\"noopener noreferrer\">AluCoating\u00ae<\/a>\u00a0zeichnet sich durch die ansehnliche Decoral-Beschichtung aus, mit der Stein, Holz und fast jede andere Muster nachgebildet werden k\u00f6nnen. Mit Decoral k\u00f6nnen maximal 6,7 Meter lange Aluminiumprofile beschichtet werden. 90 Prozent unserer\u00a0<a href=\"https:\/\/makelaalu.fi\/de\/aluminiumprofile\/\" target=\"_blank\" rel=\"noopener noreferrer\">Aluminiumprofile<\/a>\u00a0werden im Auftrag unserer Kunden hergestellt.<\/p>\n<p><iframe loading=\"lazy\" src=\"https:\/\/www.youtube.com\/embed\/OD5UtQ7DT6A\" width=\"560\" height=\"315\" frameborder=\"0\" allowfullscreen=\"allowfullscreen\" data-mce-fragment=\"1\"><\/iframe><\/p>\n<h3>Wo eignet sich Decoral?<\/h3>\n<p>Decoral eignet sich ausgezeichnet f\u00fcr die Beschichtung von Aluminiumprofilen, die sowohl ansehnlich als auch leicht sein m\u00fcssen. Holzstrukturen sind naturgem\u00e4\u00df schwer, daher ist Aluminium oft gerade f\u00fcr gr\u00f6\u00dfere Einsatzzwecke besser geeignet. Mit Aluminium l\u00e4sst sich auch die Brandlast deutlich verringern. Mit Decoral k\u00f6nnen Sie dem Profil eine holz- oder stein\u00e4hnliche Oberfl\u00e4che verleihen.<\/p>\n<p>Die Eigenschaften der Decoral-Beschichtung sind gleich wie bei pulverbeschichteten Aluminiumprofilen. Die Beschichtung ist sehr best\u00e4ndig und sch\u00fctzt das Aluminiumprofil vor Verschlei\u00df. Decoral ist im Au\u00dfengebrauch wartungsfrei; eventuelle Verschmutzungen k\u00f6nnen einfach abgewaschen werden. Mit Decoral beschichtete Gegenst\u00e4nde k\u00f6nnen auch recycelt werden.<\/p>\n<p>In unserem Decoral &#8218;<em>Instructions for delivering items for batch coating<\/em>&#8218; -Leitfaden bieten wir detaillierte Informationen dar\u00fcber, was bei den zum Beschichten gesendeten Teilen ber\u00fccksichtigt werden muss. Laden Sie den Leitfaden \u00fcber <a href=\"https:\/\/makelaalu.fi\/wp-content\/uploads\/2024\/11\/Decoral_Instructions_for_delivering_items_for_batch_coating_2024.pdf\" target=\"_blank\" rel=\"noopener\">diesen Link<\/a> herunter.&#8220;<\/p>\n<h3>Verschlei\u00dffest und ansehnlich<\/h3>\n<p>Beim Decoral-Verfahren werden Muster und die in der Folie enthaltenen Pigmente in die Farbschicht des pulverbeschichteten Aluminiumprofils \u00fcbertragen, so dass sie direkt mit der Farbe verbunden sind und nicht leicht abbl\u00e4ttern. Die Beschichtung ist sehr verschlei\u00dffest und eignet sich daher auch f\u00fcr anspruchsvolle Zwecke. Die so beschichtete Oberfl\u00e4che ist best\u00e4ndig gegen Wasser, Feuchtigkeit und UV-Strahlung, so dass sich Decoral bestens f\u00fcr Zwecke eignet, in der sowohl ansprechendes Aussehen als auch Best\u00e4ndigkeit gefragt sind. Vor der Decoral-Beschichtung erfolgt die gleiche Vorbehandlung wie bei anderen oberfl\u00e4chenbehandelten Aluminiumprofilen: sie werden gewaschen und anschlie\u00dfend mit Oxilan behandelt und grundiert. Die Farbe der gew\u00fcnschten Decoral-Beschichtung beeinflusst auch die Grundierung. Zur Ansicht der verf\u00fcgbaren Folien klicken Sie\u00a0<a href=\"https:\/\/makelaalu.fi\/wp-content\/uploads\/2024\/05\/makela_alu_decoral_standard_colours_A4_2024.pdf\" target=\"_blank\" rel=\"noopener noreferrer\"><u>hier<\/u><\/a>.\u00a0Es gibt Tausende von verschiedenen Modellen. Hier sind nur ein paar Beispiele von ihnen.<\/p>\n<p>Wollen Sie mehr \u00fcber die Beschichtung mit Decoral erfahren? Fragen Sie\u00a0<a href=\"https:\/\/makelaalu.fi\/de\/kontakt\/\">unsere Verkaufsberater<\/a>!<\/p>\n<p><img loading=\"lazy\" decoding=\"async\" class=\"wp-image-2126 alignnone\" src=\"https:\/\/www.makelaalu.fi\/wp-content\/uploads\/2018\/03\/m\u00e4kel\u00e4alu_alumiiniprofiilit_pintak\u00e4sittely_pulverimaalaus_decoral1-731x1024.jpg\" alt=\"\" width=\"562\" height=\"788\" srcset=\"https:\/\/makelaalu.fi\/wp-content\/uploads\/2018\/03\/m\u00e4kel\u00e4alu_alumiiniprofiilit_pintak\u00e4sittely_pulverimaalaus_decoral1-731x1024.jpg 731w, https:\/\/makelaalu.fi\/wp-content\/uploads\/2018\/03\/m\u00e4kel\u00e4alu_alumiiniprofiilit_pintak\u00e4sittely_pulverimaalaus_decoral1-214x300.jpg 214w, https:\/\/makelaalu.fi\/wp-content\/uploads\/2018\/03\/m\u00e4kel\u00e4alu_alumiiniprofiilit_pintak\u00e4sittely_pulverimaalaus_decoral1-768x1076.jpg 768w, https:\/\/makelaalu.fi\/wp-content\/uploads\/2018\/03\/m\u00e4kel\u00e4alu_alumiiniprofiilit_pintak\u00e4sittely_pulverimaalaus_decoral1.jpg 874w\" sizes=\"auto, (max-width: 562px) 100vw, 562px\" \/><\/p>\n<p>&nbsp;<\/p>\n","protected":false},"excerpt":{"rendered":"Decoral \u2013 einzigartige Beschichtung f\u00fcr Aluminiumprofile Die ansehnliche Strukturbeschichtung Decoral gibt Aluminiumprofilen den letzten Schliff. Mit Decoral-Strukturbeschichtung erzielen Sie dieselben Eigenschaften wie mit Pulverbeschichtung. Das Oberfl\u00e4chenbeschichtungskonzept\u00a0AluCoating\u00ae\u00a0zeichnet sich durch die ansehnliche Decoral-Beschichtung aus, mit der Stein, Holz und fast jede andere Muster nachgebildet werden k\u00f6nnen. Mit Decoral k\u00f6nnen maximal 6,7 Meter lange Aluminiumprofile beschichtet werden. 90 Prozent unserer\u00a0Aluminiumprofile\u00a0werden im Auftrag unserer Kunden hergestellt. Wo eignet sich Decoral? Decoral eignet sich ausgezeichnet f\u00fcr die Beschichtung von Aluminiumprofilen, die sowohl ansehnlich als auch leicht sein m\u00fcssen. Holzstrukturen sind naturgem\u00e4\u00df schwer, daher ist Aluminium oft gerade f\u00fcr gr\u00f6\u00dfere Einsatzzwecke besser geeignet. Mit Aluminium l\u00e4sst sich auch die Brandlast deutlich verringern. Mit Decoral k\u00f6nnen Sie dem Profil eine holz- oder stein\u00e4hnliche Oberfl\u00e4che verleihen. Die Eigenschaften der Decoral-Beschichtung sind gleich wie bei pulverbeschichteten Aluminiumprofilen. Die Beschichtung ist sehr best\u00e4ndig und sch\u00fctzt das Aluminiumprofil vor Verschlei\u00df. Decoral ist im Au\u00dfengebrauch wartungsfrei; eventuelle Verschmutzungen k\u00f6nnen einfach abgewaschen werden. Mit Decoral beschichtete Gegenst\u00e4nde k\u00f6nnen auch recycelt werden. In unserem Decoral &#8218;Instructions for delivering items for batch coating&#8218; -Leitfaden bieten wir detaillierte Informationen dar\u00fcber, was bei den zum Beschichten gesendeten Teilen ber\u00fccksichtigt werden muss. Laden Sie den Leitfaden \u00fcber diesen Link herunter.&#8220; Verschlei\u00dffest und ansehnlich Beim Decoral-Verfahren werden Muster und die in der Folie enthaltenen Pigmente in die Farbschicht des pulverbeschichteten Aluminiumprofils \u00fcbertragen, so dass sie direkt mit der Farbe verbunden sind und nicht leicht abbl\u00e4ttern. Die Beschichtung ist sehr verschlei\u00dffest und eignet sich daher auch f\u00fcr anspruchsvolle Zwecke. Die so beschichtete Oberfl\u00e4che ist best\u00e4ndig gegen Wasser, Feuchtigkeit und UV-Strahlung, so dass sich Decoral bestens f\u00fcr Zwecke eignet, in der sowohl ansprechendes Aussehen als auch Best\u00e4ndigkeit gefragt sind. Vor der Decoral-Beschichtung erfolgt die gleiche Vorbehandlung wie bei anderen oberfl\u00e4chenbehandelten Aluminiumprofilen: sie werden gewaschen und anschlie\u00dfend mit Oxilan behandelt und grundiert. Die Farbe der gew\u00fcnschten Decoral-Beschichtung beeinflusst auch die Grundierung. Zur Ansicht der verf\u00fcgbaren Folien klicken Sie\u00a0hier.\u00a0Es gibt Tausende von verschiedenen Modellen. Hier sind nur ein paar Beispiele von ihnen. Wollen Sie mehr \u00fcber die Beschichtung mit Decoral erfahren? Fragen Sie\u00a0unsere Verkaufsberater! &nbsp;","protected":false},"author":5,"featured_media":0,"parent":6996,"menu_order":45,"comment_status":"closed","ping_status":"closed","template":"","meta":{"_acf_changed":false,"footnotes":""},"class_list":["post-7068","page","type-page","status-publish","hentry"],"acf":[],"yoast_head":"<!-- This site is optimized with the Yoast SEO plugin v27.3 - https:\/\/yoast.com\/product\/yoast-seo-wordpress\/ -->\n<title>Decoral - M&auml;kel&auml; Alu Oy<\/title>\n<meta name=\"robots\" content=\"index, follow, max-snippet:-1, max-image-preview:large, max-video-preview:-1\" \/>\n<link rel=\"canonical\" href=\"https:\/\/makelaalu.fi\/de\/oberflaechenbehandlung-von-aluminiumprofilen\/decoral\/\" \/>\n<meta property=\"og:locale\" content=\"de_DE\" \/>\n<meta property=\"og:type\" content=\"article\" \/>\n<meta property=\"og:title\" content=\"Decoral - M&auml;kel&auml; Alu Oy\" \/>\n<meta property=\"og:description\" content=\"Decoral \u2013 einzigartige Beschichtung f\u00fcr Aluminiumprofile Die ansehnliche Strukturbeschichtung Decoral gibt Aluminiumprofilen den letzten Schliff. Mit Decoral-Strukturbeschichtung erzielen Sie dieselben Eigenschaften wie mit Pulverbeschichtung. Das Oberfl\u00e4chenbeschichtungskonzept\u00a0AluCoating\u00ae\u00a0zeichnet sich durch die ansehnliche Decoral-Beschichtung aus, mit der Stein, Holz und fast jede andere Muster nachgebildet werden k\u00f6nnen. Mit Decoral k\u00f6nnen maximal 6,7 Meter lange Aluminiumprofile beschichtet werden. 90 Prozent unserer\u00a0Aluminiumprofile\u00a0werden im Auftrag unserer Kunden hergestellt. Wo eignet sich Decoral? Decoral eignet sich ausgezeichnet f\u00fcr die Beschichtung von Aluminiumprofilen, die sowohl ansehnlich als auch leicht sein m\u00fcssen. Holzstrukturen sind naturgem\u00e4\u00df schwer, daher ist Aluminium oft gerade f\u00fcr gr\u00f6\u00dfere Einsatzzwecke besser geeignet. Mit Aluminium l\u00e4sst sich auch die Brandlast deutlich verringern. Mit Decoral k\u00f6nnen Sie dem Profil eine holz- oder stein\u00e4hnliche Oberfl\u00e4che verleihen. Die Eigenschaften der Decoral-Beschichtung sind gleich wie bei pulverbeschichteten Aluminiumprofilen. Die Beschichtung ist sehr best\u00e4ndig und sch\u00fctzt das Aluminiumprofil vor Verschlei\u00df. Decoral ist im Au\u00dfengebrauch wartungsfrei; eventuelle Verschmutzungen k\u00f6nnen einfach abgewaschen werden. Mit Decoral beschichtete Gegenst\u00e4nde k\u00f6nnen auch recycelt werden. In unserem Decoral &#8218;Instructions for delivering items for batch coating&#8218; -Leitfaden bieten wir detaillierte Informationen dar\u00fcber, was bei den zum Beschichten gesendeten Teilen ber\u00fccksichtigt werden muss. Laden Sie den Leitfaden \u00fcber diesen Link herunter.&#8220; Verschlei\u00dffest und ansehnlich Beim Decoral-Verfahren werden Muster und die in der Folie enthaltenen Pigmente in die Farbschicht des pulverbeschichteten Aluminiumprofils \u00fcbertragen, so dass sie direkt mit der Farbe verbunden sind und nicht leicht abbl\u00e4ttern. Die Beschichtung ist sehr verschlei\u00dffest und eignet sich daher auch f\u00fcr anspruchsvolle Zwecke. Die so beschichtete Oberfl\u00e4che ist best\u00e4ndig gegen Wasser, Feuchtigkeit und UV-Strahlung, so dass sich Decoral bestens f\u00fcr Zwecke eignet, in der sowohl ansprechendes Aussehen als auch Best\u00e4ndigkeit gefragt sind. Vor der Decoral-Beschichtung erfolgt die gleiche Vorbehandlung wie bei anderen oberfl\u00e4chenbehandelten Aluminiumprofilen: sie werden gewaschen und anschlie\u00dfend mit Oxilan behandelt und grundiert. Die Farbe der gew\u00fcnschten Decoral-Beschichtung beeinflusst auch die Grundierung. Zur Ansicht der verf\u00fcgbaren Folien klicken Sie\u00a0hier.\u00a0Es gibt Tausende von verschiedenen Modellen. Hier sind nur ein paar Beispiele von ihnen. Wollen Sie mehr \u00fcber die Beschichtung mit Decoral erfahren? Fragen Sie\u00a0unsere Verkaufsberater! &nbsp;\" \/>\n<meta property=\"og:url\" content=\"https:\/\/makelaalu.fi\/de\/oberflaechenbehandlung-von-aluminiumprofilen\/decoral\/\" \/>\n<meta property=\"og:site_name\" content=\"M&auml;kel&auml; Alu Oy\" \/>\n<meta property=\"article:modified_time\" content=\"2024-11-01T09:19:29+00:00\" \/>\n<meta property=\"og:image\" content=\"https:\/\/makelaalu.fi\/wp-content\/uploads\/2021\/02\/Makela_Alu_2021_decoral_alu_alucoating_kauppakeskus_columbus_1-1024x683.jpg\" \/>\n\t<meta property=\"og:image:width\" content=\"1024\" \/>\n\t<meta property=\"og:image:height\" content=\"683\" \/>\n\t<meta property=\"og:image:type\" content=\"image\/jpeg\" \/>\n<meta name=\"twitter:card\" content=\"summary_large_image\" \/>\n<meta name=\"twitter:label1\" content=\"Gesch\u00e4tzte Lesezeit\" \/>\n\t<meta name=\"twitter:data1\" content=\"3\u00a0Minuten\" \/>\n<script type=\"application\/ld+json\" class=\"yoast-schema-graph\">{\"@context\":\"https:\\\/\\\/schema.org\",\"@graph\":[{\"@type\":\"WebPage\",\"@id\":\"https:\\\/\\\/makelaalu.fi\\\/de\\\/oberflaechenbehandlung-von-aluminiumprofilen\\\/decoral\\\/\",\"url\":\"https:\\\/\\\/makelaalu.fi\\\/de\\\/oberflaechenbehandlung-von-aluminiumprofilen\\\/decoral\\\/\",\"name\":\"Decoral - M&auml;kel&auml; Alu Oy\",\"isPartOf\":{\"@id\":\"https:\\\/\\\/dev.makelaalu.fi\\\/#website\"},\"primaryImageOfPage\":{\"@id\":\"https:\\\/\\\/makelaalu.fi\\\/de\\\/oberflaechenbehandlung-von-aluminiumprofilen\\\/decoral\\\/#primaryimage\"},\"image\":{\"@id\":\"https:\\\/\\\/makelaalu.fi\\\/de\\\/oberflaechenbehandlung-von-aluminiumprofilen\\\/decoral\\\/#primaryimage\"},\"thumbnailUrl\":\"https:\\\/\\\/makelaalu.fi\\\/wp-content\\\/uploads\\\/2021\\\/02\\\/Makela_Alu_2021_decoral_alu_alucoating_kauppakeskus_columbus_1-300x200.jpg\",\"datePublished\":\"2022-04-04T11:12:29+00:00\",\"dateModified\":\"2024-11-01T09:19:29+00:00\",\"breadcrumb\":{\"@id\":\"https:\\\/\\\/makelaalu.fi\\\/de\\\/oberflaechenbehandlung-von-aluminiumprofilen\\\/decoral\\\/#breadcrumb\"},\"inLanguage\":\"de\",\"potentialAction\":[{\"@type\":\"ReadAction\",\"target\":[\"https:\\\/\\\/makelaalu.fi\\\/de\\\/oberflaechenbehandlung-von-aluminiumprofilen\\\/decoral\\\/\"]}]},{\"@type\":\"ImageObject\",\"inLanguage\":\"de\",\"@id\":\"https:\\\/\\\/makelaalu.fi\\\/de\\\/oberflaechenbehandlung-von-aluminiumprofilen\\\/decoral\\\/#primaryimage\",\"url\":\"https:\\\/\\\/makelaalu.fi\\\/wp-content\\\/uploads\\\/2021\\\/02\\\/Makela_Alu_2021_decoral_alu_alucoating_kauppakeskus_columbus_1-300x200.jpg\",\"contentUrl\":\"https:\\\/\\\/makelaalu.fi\\\/wp-content\\\/uploads\\\/2021\\\/02\\\/Makela_Alu_2021_decoral_alu_alucoating_kauppakeskus_columbus_1-300x200.jpg\"},{\"@type\":\"BreadcrumbList\",\"@id\":\"https:\\\/\\\/makelaalu.fi\\\/de\\\/oberflaechenbehandlung-von-aluminiumprofilen\\\/decoral\\\/#breadcrumb\",\"itemListElement\":[{\"@type\":\"ListItem\",\"position\":1,\"name\":\"Frontpage\",\"item\":\"https:\\\/\\\/makelaalu.fi\\\/de\\\/\"},{\"@type\":\"ListItem\",\"position\":2,\"name\":\"Oberfl\u00e4chenbehandlung\",\"item\":\"https:\\\/\\\/dev.makelaalu.fi\\\/de\\\/oberflaechenbehandlung-von-aluminiumprofilen\\\/\"},{\"@type\":\"ListItem\",\"position\":3,\"name\":\"Decoral\"}]},{\"@type\":\"WebSite\",\"@id\":\"https:\\\/\\\/dev.makelaalu.fi\\\/#website\",\"url\":\"https:\\\/\\\/dev.makelaalu.fi\\\/\",\"name\":\"M&auml;kel&auml; Alu Oy\",\"description\":\"Alumiiniprofiilien puristaminen vuosikymmenten kokemuksella.\",\"potentialAction\":[{\"@type\":\"SearchAction\",\"target\":{\"@type\":\"EntryPoint\",\"urlTemplate\":\"https:\\\/\\\/dev.makelaalu.fi\\\/?s={search_term_string}\"},\"query-input\":{\"@type\":\"PropertyValueSpecification\",\"valueRequired\":true,\"valueName\":\"search_term_string\"}}],\"inLanguage\":\"de\"}]}<\/script>\n<!-- \/ Yoast SEO plugin. -->","yoast_head_json":{"title":"Decoral - M&auml;kel&auml; Alu Oy","robots":{"index":"index","follow":"follow","max-snippet":"max-snippet:-1","max-image-preview":"max-image-preview:large","max-video-preview":"max-video-preview:-1"},"canonical":"https:\/\/makelaalu.fi\/de\/oberflaechenbehandlung-von-aluminiumprofilen\/decoral\/","og_locale":"de_DE","og_type":"article","og_title":"Decoral - M&auml;kel&auml; Alu Oy","og_description":"Decoral \u2013 einzigartige Beschichtung f\u00fcr Aluminiumprofile Die ansehnliche Strukturbeschichtung Decoral gibt Aluminiumprofilen den letzten Schliff. Mit Decoral-Strukturbeschichtung erzielen Sie dieselben Eigenschaften wie mit Pulverbeschichtung. Das Oberfl\u00e4chenbeschichtungskonzept\u00a0AluCoating\u00ae\u00a0zeichnet sich durch die ansehnliche Decoral-Beschichtung aus, mit der Stein, Holz und fast jede andere Muster nachgebildet werden k\u00f6nnen. Mit Decoral k\u00f6nnen maximal 6,7 Meter lange Aluminiumprofile beschichtet werden. 90 Prozent unserer\u00a0Aluminiumprofile\u00a0werden im Auftrag unserer Kunden hergestellt. Wo eignet sich Decoral? Decoral eignet sich ausgezeichnet f\u00fcr die Beschichtung von Aluminiumprofilen, die sowohl ansehnlich als auch leicht sein m\u00fcssen. Holzstrukturen sind naturgem\u00e4\u00df schwer, daher ist Aluminium oft gerade f\u00fcr gr\u00f6\u00dfere Einsatzzwecke besser geeignet. Mit Aluminium l\u00e4sst sich auch die Brandlast deutlich verringern. Mit Decoral k\u00f6nnen Sie dem Profil eine holz- oder stein\u00e4hnliche Oberfl\u00e4che verleihen. Die Eigenschaften der Decoral-Beschichtung sind gleich wie bei pulverbeschichteten Aluminiumprofilen. Die Beschichtung ist sehr best\u00e4ndig und sch\u00fctzt das Aluminiumprofil vor Verschlei\u00df. Decoral ist im Au\u00dfengebrauch wartungsfrei; eventuelle Verschmutzungen k\u00f6nnen einfach abgewaschen werden. Mit Decoral beschichtete Gegenst\u00e4nde k\u00f6nnen auch recycelt werden. In unserem Decoral &#8218;Instructions for delivering items for batch coating&#8218; -Leitfaden bieten wir detaillierte Informationen dar\u00fcber, was bei den zum Beschichten gesendeten Teilen ber\u00fccksichtigt werden muss. Laden Sie den Leitfaden \u00fcber diesen Link herunter.&#8220; Verschlei\u00dffest und ansehnlich Beim Decoral-Verfahren werden Muster und die in der Folie enthaltenen Pigmente in die Farbschicht des pulverbeschichteten Aluminiumprofils \u00fcbertragen, so dass sie direkt mit der Farbe verbunden sind und nicht leicht abbl\u00e4ttern. Die Beschichtung ist sehr verschlei\u00dffest und eignet sich daher auch f\u00fcr anspruchsvolle Zwecke. Die so beschichtete Oberfl\u00e4che ist best\u00e4ndig gegen Wasser, Feuchtigkeit und UV-Strahlung, so dass sich Decoral bestens f\u00fcr Zwecke eignet, in der sowohl ansprechendes Aussehen als auch Best\u00e4ndigkeit gefragt sind. Vor der Decoral-Beschichtung erfolgt die gleiche Vorbehandlung wie bei anderen oberfl\u00e4chenbehandelten Aluminiumprofilen: sie werden gewaschen und anschlie\u00dfend mit Oxilan behandelt und grundiert. Die Farbe der gew\u00fcnschten Decoral-Beschichtung beeinflusst auch die Grundierung. Zur Ansicht der verf\u00fcgbaren Folien klicken Sie\u00a0hier.\u00a0Es gibt Tausende von verschiedenen Modellen. Hier sind nur ein paar Beispiele von ihnen. Wollen Sie mehr \u00fcber die Beschichtung mit Decoral erfahren? Fragen Sie\u00a0unsere Verkaufsberater! &nbsp;","og_url":"https:\/\/makelaalu.fi\/de\/oberflaechenbehandlung-von-aluminiumprofilen\/decoral\/","og_site_name":"M&auml;kel&auml; Alu Oy","article_modified_time":"2024-11-01T09:19:29+00:00","og_image":[{"width":1024,"height":683,"url":"https:\/\/makelaalu.fi\/wp-content\/uploads\/2021\/02\/Makela_Alu_2021_decoral_alu_alucoating_kauppakeskus_columbus_1-1024x683.jpg","type":"image\/jpeg"}],"twitter_card":"summary_large_image","twitter_misc":{"Gesch\u00e4tzte Lesezeit":"3\u00a0Minuten"},"schema":{"@context":"https:\/\/schema.org","@graph":[{"@type":"WebPage","@id":"https:\/\/makelaalu.fi\/de\/oberflaechenbehandlung-von-aluminiumprofilen\/decoral\/","url":"https:\/\/makelaalu.fi\/de\/oberflaechenbehandlung-von-aluminiumprofilen\/decoral\/","name":"Decoral - M&auml;kel&auml; Alu Oy","isPartOf":{"@id":"https:\/\/dev.makelaalu.fi\/#website"},"primaryImageOfPage":{"@id":"https:\/\/makelaalu.fi\/de\/oberflaechenbehandlung-von-aluminiumprofilen\/decoral\/#primaryimage"},"image":{"@id":"https:\/\/makelaalu.fi\/de\/oberflaechenbehandlung-von-aluminiumprofilen\/decoral\/#primaryimage"},"thumbnailUrl":"https:\/\/makelaalu.fi\/wp-content\/uploads\/2021\/02\/Makela_Alu_2021_decoral_alu_alucoating_kauppakeskus_columbus_1-300x200.jpg","datePublished":"2022-04-04T11:12:29+00:00","dateModified":"2024-11-01T09:19:29+00:00","breadcrumb":{"@id":"https:\/\/makelaalu.fi\/de\/oberflaechenbehandlung-von-aluminiumprofilen\/decoral\/#breadcrumb"},"inLanguage":"de","potentialAction":[{"@type":"ReadAction","target":["https:\/\/makelaalu.fi\/de\/oberflaechenbehandlung-von-aluminiumprofilen\/decoral\/"]}]},{"@type":"ImageObject","inLanguage":"de","@id":"https:\/\/makelaalu.fi\/de\/oberflaechenbehandlung-von-aluminiumprofilen\/decoral\/#primaryimage","url":"https:\/\/makelaalu.fi\/wp-content\/uploads\/2021\/02\/Makela_Alu_2021_decoral_alu_alucoating_kauppakeskus_columbus_1-300x200.jpg","contentUrl":"https:\/\/makelaalu.fi\/wp-content\/uploads\/2021\/02\/Makela_Alu_2021_decoral_alu_alucoating_kauppakeskus_columbus_1-300x200.jpg"},{"@type":"BreadcrumbList","@id":"https:\/\/makelaalu.fi\/de\/oberflaechenbehandlung-von-aluminiumprofilen\/decoral\/#breadcrumb","itemListElement":[{"@type":"ListItem","position":1,"name":"Frontpage","item":"https:\/\/makelaalu.fi\/de\/"},{"@type":"ListItem","position":2,"name":"Oberfl\u00e4chenbehandlung","item":"https:\/\/dev.makelaalu.fi\/de\/oberflaechenbehandlung-von-aluminiumprofilen\/"},{"@type":"ListItem","position":3,"name":"Decoral"}]},{"@type":"WebSite","@id":"https:\/\/dev.makelaalu.fi\/#website","url":"https:\/\/dev.makelaalu.fi\/","name":"M&auml;kel&auml; Alu Oy","description":"Alumiiniprofiilien puristaminen vuosikymmenten kokemuksella.","potentialAction":[{"@type":"SearchAction","target":{"@type":"EntryPoint","urlTemplate":"https:\/\/dev.makelaalu.fi\/?s={search_term_string}"},"query-input":{"@type":"PropertyValueSpecification","valueRequired":true,"valueName":"search_term_string"}}],"inLanguage":"de"}]}},"_links":{"self":[{"href":"https:\/\/makelaalu.fi\/de\/wp-json\/wp\/v2\/pages\/7068","targetHints":{"allow":["GET"]}}],"collection":[{"href":"https:\/\/makelaalu.fi\/de\/wp-json\/wp\/v2\/pages"}],"about":[{"href":"https:\/\/makelaalu.fi\/de\/wp-json\/wp\/v2\/types\/page"}],"author":[{"embeddable":true,"href":"https:\/\/makelaalu.fi\/de\/wp-json\/wp\/v2\/users\/5"}],"replies":[{"embeddable":true,"href":"https:\/\/makelaalu.fi\/de\/wp-json\/wp\/v2\/comments?post=7068"}],"version-history":[{"count":9,"href":"https:\/\/makelaalu.fi\/de\/wp-json\/wp\/v2\/pages\/7068\/revisions"}],"predecessor-version":[{"id":10654,"href":"https:\/\/makelaalu.fi\/de\/wp-json\/wp\/v2\/pages\/7068\/revisions\/10654"}],"up":[{"embeddable":true,"href":"https:\/\/makelaalu.fi\/de\/wp-json\/wp\/v2\/pages\/6996"}],"wp:attachment":[{"href":"https:\/\/makelaalu.fi\/de\/wp-json\/wp\/v2\/media?parent=7068"}],"curies":[{"name":"wp","href":"https:\/\/api.w.org\/{rel}","templated":true}]}}