{"id":7073,"date":"2022-04-04T14:35:21","date_gmt":"2022-04-04T11:35:21","guid":{"rendered":"https:\/\/dev.makelaalu.fi\/?page_id=7073"},"modified":"2025-10-06T11:36:15","modified_gmt":"2025-10-06T08:36:15","slug":"unser-service","status":"publish","type":"page","link":"https:\/\/makelaalu.fi\/de\/unser-service\/","title":{"rendered":"Unser Service"},"content":{"rendered":"<div class=\"wpb-content-wrapper\"><p>[vc_row lg_spacing=&#8220;padding_top:60;padding_bottom:20&#8243;][vc_column][vc_row_inner][vc_column_inner][vc_column_text]<\/p>\n<h2>AluServices-Konzept f\u00fcr effizientere Prozesse<\/h2>\n<p>Zus\u00e4tzliche logistische Dienstleistungen, die gemeinsam mit unseren Kunden entwickelt wurden, stellen sich den Herausforderungen der Handhabung, des Transports und der Lagerung von Profilen. Wir sind bestrebt, unseren Kunden die Beschaffung von Aluminiumprofilen zum gew\u00fcnschten Zeitpunkt und in der gew\u00fcnschten Menge so einfach wie m\u00f6glich zu machen.<\/p>\n<article class=\"caption\"><\/article>\n<p>[\/vc_column_text][vc_zigzag][\/vc_column_inner][\/vc_row_inner][\/vc_column][\/vc_row][vc_row][vc_column][vc_row_inner][vc_column_inner][vc_column_text]Es geht nicht um den niedrigsten Preis f\u00fcr ein Produkt, sondern die gesamtwirtschaftlich rentabelste Art zu agieren. Schlie\u00dflich besteht der Endpreis nicht nur aus Rohmaterial, sondern aus dem gesamten Produktionsprozess und wie effizient dieser gestaltet wurde. Hier k\u00f6nnen wir mit dem AluServices-Konzept einen Mehrwert bieten.[\/vc_column_text][\/vc_column_inner][\/vc_row_inner][\/vc_column][\/vc_row][vc_row lg_spacing=&#8220;padding_top:30&#8243;][vc_column][vc_row_inner][vc_column_inner width=&#8220;1\/2&#8243;][vc_column_text css=&#8220;&#8220;]Durch die Auslagerung des gesamten Lieferprozesses von Aluminiumprofilen sparen Sie Unternehmen Zeit und Geld. So reduzieren unsere <a href=\"https:\/\/makelaalu.fi\/de\/unser-service\/alustorage\/\">Lagerungsdienste<\/a> den Immobilien- und Raumbedarf Ihres Unternehmens und die damit verbundenen Kosten. Dadurch k\u00f6nnen Sie Ihr Unternehmen effizienter und wettbewerbsf\u00e4higer zu machen. Wir entwickeln unsere Dienstleistungen st\u00e4ndig weiter in enger Zusammenarbeit mit unseren Kunden. Die Effizienz der Produktion und die Agilit\u00e4t der Dienstleistungen werden durch kontinuierliche Schulungen und neue Investitionen erh\u00f6ht. Wir wollen unseren Kunden als ganzheitliche Partner begegnen \u2013 zum gr\u00f6\u00dftm\u00f6glichen Nutzen f\u00fcr beide Teile.<\/p>\n<p>Erfahren Sie hier mehr \u00fcber unser Dienstleistungsangebot oder fragen Sie unser <a href=\"https:\/\/makelaalu.fi\/de\/kontakt\/\">Vertriebsteam<\/a> nach weiteren Informationen. Die Dienstleistungen sind auch\u00a0in der beigef\u00fcgten Animation beschrieben.<\/p>\n<p><iframe loading=\"lazy\" title=\"M\u00e4kel\u00e4 Alu Services\" width=\"640\" height=\"360\" src=\"https:\/\/www.youtube.com\/embed\/uLGb6VW8ncc?feature=oembed\" frameborder=\"0\" allow=\"accelerometer; autoplay; clipboard-write; encrypted-media; gyroscope; picture-in-picture; web-share\" referrerpolicy=\"strict-origin-when-cross-origin\" allowfullscreen><\/iframe><\/p>\n<p>[\/vc_column_text][\/vc_column_inner][vc_column_inner width=&#8220;1\/2&#8243;][vc_single_image image=&#8220;11399&#8243; img_size=&#8220;1200&#215;600&#8243; css=&#8220;&#8220;][\/vc_column_inner][\/vc_row_inner][\/vc_column][\/vc_row][vc_row full_width=&#8220;stretch_row&#8220; overlay_background=&#8220;overlay_custom_background&#8220; overlay_custom_background=&#8220;#ffffff&#8220; overlay_opacity=&#8220;90&#8243; lg_spacing=&#8220;padding_top:20;padding_bottom:20&#8243; el_id=&#8220;palvelumme&#8220;][vc_column][vc_row_inner lg_spacing=&#8220;padding_bottom:40&#8243;][vc_column_inner][vc_zigzag][\/vc_column_inner][\/vc_row_inner][vc_row_inner lg_spacing=&#8220;padding_bottom:10&#8243;][vc_column_inner][vc_column_text]<\/p>\n<h2>Unser service<\/h2>\n<p>[\/vc_column_text][\/vc_column_inner][\/vc_row_inner][vc_row_inner][vc_column_inner width=&#8220;1\/6&#8243;][vc_single_image image=&#8220;793&#8243; img_size=&#8220;600&#215;350&#8243; alignment=&#8220;center&#8220; style=&#8220;vc_box_shadow&#8220; onclick=&#8220;custom_link&#8220; link=&#8220;\/de\/unser-service\/alubasket\/&#8220;][vc_column_text]<\/p>\n<h4 style=\"text-align: center;\"><a href=\"\/de\/unser-service\/alubasket\/\">AluBasket\u00ae<\/a><\/h4>\n<p>[\/vc_column_text][\/vc_column_inner][vc_column_inner width=&#8220;1\/6&#8243;][vc_single_image image=&#8220;8474&#8243; img_size=&#8220;600&#215;350&#8243; alignment=&#8220;center&#8220; style=&#8220;vc_box_shadow&#8220; onclick=&#8220;custom_link&#8220; link=&#8220;\/de\/unser-service\/alucalloff&#8220;][vc_column_text]<\/p>\n<h4 style=\"text-align: center;\"><a href=\"\/de\/unser-service\/alucalloff\/\">AluCallOff\u00ae<\/a><\/h4>\n<p>[\/vc_column_text][\/vc_column_inner][vc_column_inner width=&#8220;1\/6&#8243;][vc_single_image image=&#8220;6184&#8243; img_size=&#8220;600&#215;350&#8243; alignment=&#8220;center&#8220; style=&#8220;vc_box_shadow&#8220; onclick=&#8220;custom_link&#8220; link=&#8220;\/de\/unser-service\/alucoating&#8220;][vc_column_text]<\/p>\n<h4 style=\"text-align: center;\"><a href=\"\/de\/unser-service\/alucoating\/\">AluCoating\u00ae<\/a><\/h4>\n<p>[\/vc_column_text][\/vc_column_inner][vc_column_inner width=&#8220;1\/6&#8243;][vc_single_image image=&#8220;6325&#8243; img_size=&#8220;600&#215;350&#8243; alignment=&#8220;center&#8220; style=&#8220;vc_box_shadow&#8220; onclick=&#8220;custom_link&#8220; link=&#8220;\/de\/unser-service\/aludesign&#8220;][vc_column_text]<\/p>\n<h4 style=\"text-align: center;\"><a href=\"\/de\/unser-service\/aludesign\">AluDesign<\/a><\/h4>\n<p>[\/vc_column_text][\/vc_column_inner][vc_column_inner width=&#8220;1\/6&#8243;][vc_single_image image=&#8220;6188&#8243; img_size=&#8220;600&#215;350&#8243; alignment=&#8220;center&#8220; style=&#8220;vc_box_shadow&#8220; onclick=&#8220;custom_link&#8220; link=&#8220;\/de\/unser-service\/alustorage&#8220;][vc_column_text]<\/p>\n<h4 style=\"text-align: center;\"><a href=\"\/de\/unser-service\/alustorage\/\">AluStorage\u00ae<\/a><\/h4>\n<p>[\/vc_column_text][\/vc_column_inner][vc_column_inner width=&#8220;1\/6&#8243;][vc_single_image image=&#8220;10668&#8243; img_size=&#8220;600&#215;350&#8243; alignment=&#8220;center&#8220; style=&#8220;vc_box_shadow&#8220; onclick=&#8220;custom_link&#8220; css=&#8220;&#8220; link=&#8220;\/de\/unser-service\/aluplanet\/&#8220;][vc_column_text css=&#8220;&#8220;]<\/p>\n<h4 style=\"text-align: center;\"><a href=\"\/de\/unser-service\/aluplanet\/\">AluPlanet\u00ae<\/a><\/h4>\n<p>[\/vc_column_text][\/vc_column_inner][\/vc_row_inner][\/vc_column][\/vc_row]<\/p>\n<\/div>","protected":false},"excerpt":{"rendered":"[vc_row lg_spacing=&#8220;padding_top:60;padding_bottom:20&#8243;][vc_column][vc_row_inner][vc_column_inner][vc_column_text] AluServices-Konzept f\u00fcr effizientere Prozesse Zus\u00e4tzliche logistische Dienstleistungen, die gemeinsam mit unseren Kunden entwickelt wurden, stellen sich den Herausforderungen der Handhabung, des Transports und der Lagerung von Profilen. Wir sind bestrebt, unseren Kunden die Beschaffung von Aluminiumprofilen zum gew\u00fcnschten Zeitpunkt und in der gew\u00fcnschten Menge so einfach wie m\u00f6glich zu machen. [\/vc_column_text][vc_zigzag][\/vc_column_inner][\/vc_row_inner][\/vc_column][\/vc_row][vc_row][vc_column][vc_row_inner][vc_column_inner][vc_column_text]Es geht nicht um den niedrigsten Preis f\u00fcr ein Produkt, sondern die gesamtwirtschaftlich rentabelste Art zu agieren. Schlie\u00dflich besteht der Endpreis nicht nur aus Rohmaterial, sondern aus dem gesamten Produktionsprozess und wie effizient dieser gestaltet wurde. Hier k\u00f6nnen wir mit dem AluServices-Konzept einen Mehrwert bieten.[\/vc_column_text][\/vc_column_inner][\/vc_row_inner][\/vc_column][\/vc_row][vc_row lg_spacing=&#8220;padding_top:30&#8243;][vc_column][vc_row_inner][vc_column_inner width=&#8220;1\/2&#8243;][vc_column_text css=&#8220;&#8220;]Durch die Auslagerung des gesamten Lieferprozesses von Aluminiumprofilen sparen Sie Unternehmen Zeit und Geld. So reduzieren unsere Lagerungsdienste den Immobilien- und Raumbedarf Ihres Unternehmens und die damit verbundenen Kosten. Dadurch k\u00f6nnen Sie Ihr Unternehmen effizienter und wettbewerbsf\u00e4higer zu machen. Wir entwickeln unsere Dienstleistungen st\u00e4ndig weiter in enger Zusammenarbeit mit unseren Kunden. Die Effizienz der Produktion und die Agilit\u00e4t der Dienstleistungen werden durch kontinuierliche Schulungen und neue Investitionen erh\u00f6ht. Wir wollen unseren Kunden als ganzheitliche Partner begegnen \u2013 zum gr\u00f6\u00dftm\u00f6glichen Nutzen f\u00fcr beide Teile. Erfahren Sie hier mehr \u00fcber unser Dienstleistungsangebot oder fragen Sie unser Vertriebsteam nach weiteren Informationen. Die Dienstleistungen sind auch\u00a0in der beigef\u00fcgten Animation beschrieben. [\/vc_column_text][\/vc_column_inner][vc_column_inner width=&#8220;1\/2&#8243;][vc_single_image image=&#8220;11399&#8243; img_size=&#8220;1200&#215;600&#8243; css=&#8220;&#8220;][\/vc_column_inner][\/vc_row_inner][\/vc_column][\/vc_row][vc_row full_width=&#8220;stretch_row&#8220; overlay_background=&#8220;overlay_custom_background&#8220; overlay_custom_background=&#8220;#ffffff&#8220; overlay_opacity=&#8220;90&#8243; lg_spacing=&#8220;padding_top:20;padding_bottom:20&#8243; el_id=&#8220;palvelumme&#8220;][vc_column][vc_row_inner lg_spacing=&#8220;padding_bottom:40&#8243;][vc_column_inner][vc_zigzag][\/vc_column_inner][\/vc_row_inner][vc_row_inner lg_spacing=&#8220;padding_bottom:10&#8243;][vc_column_inner][vc_column_text] Unser service [\/vc_column_text][\/vc_column_inner][\/vc_row_inner][vc_row_inner][vc_column_inner width=&#8220;1\/6&#8243;][vc_single_image image=&#8220;793&#8243; img_size=&#8220;600&#215;350&#8243; alignment=&#8220;center&#8220; style=&#8220;vc_box_shadow&#8220; onclick=&#8220;custom_link&#8220; link=&#8220;\/de\/unser-service\/alubasket\/&#8220;][vc_column_text] AluBasket\u00ae [\/vc_column_text][\/vc_column_inner][vc_column_inner width=&#8220;1\/6&#8243;][vc_single_image image=&#8220;8474&#8243; img_size=&#8220;600&#215;350&#8243; alignment=&#8220;center&#8220; style=&#8220;vc_box_shadow&#8220; onclick=&#8220;custom_link&#8220; link=&#8220;\/de\/unser-service\/alucalloff&#8220;][vc_column_text] AluCallOff\u00ae [\/vc_column_text][\/vc_column_inner][vc_column_inner width=&#8220;1\/6&#8243;][vc_single_image image=&#8220;6184&#8243; img_size=&#8220;600&#215;350&#8243; alignment=&#8220;center&#8220; style=&#8220;vc_box_shadow&#8220; onclick=&#8220;custom_link&#8220; link=&#8220;\/de\/unser-service\/alucoating&#8220;][vc_column_text] AluCoating\u00ae [\/vc_column_text][\/vc_column_inner][vc_column_inner width=&#8220;1\/6&#8243;][vc_single_image image=&#8220;6325&#8243; img_size=&#8220;600&#215;350&#8243; alignment=&#8220;center&#8220; style=&#8220;vc_box_shadow&#8220; onclick=&#8220;custom_link&#8220; link=&#8220;\/de\/unser-service\/aludesign&#8220;][vc_column_text] AluDesign [\/vc_column_text][\/vc_column_inner][vc_column_inner width=&#8220;1\/6&#8243;][vc_single_image image=&#8220;6188&#8243; img_size=&#8220;600&#215;350&#8243; alignment=&#8220;center&#8220; style=&#8220;vc_box_shadow&#8220; onclick=&#8220;custom_link&#8220; link=&#8220;\/de\/unser-service\/alustorage&#8220;][vc_column_text] AluStorage\u00ae [\/vc_column_text][\/vc_column_inner][vc_column_inner width=&#8220;1\/6&#8243;][vc_single_image image=&#8220;10668&#8243; img_size=&#8220;600&#215;350&#8243; alignment=&#8220;center&#8220; style=&#8220;vc_box_shadow&#8220; onclick=&#8220;custom_link&#8220; css=&#8220;&#8220; link=&#8220;\/de\/unser-service\/aluplanet\/&#8220;][vc_column_text css=&#8220;&#8220;] AluPlanet\u00ae [\/vc_column_text][\/vc_column_inner][\/vc_row_inner][\/vc_column][\/vc_row]","protected":false},"author":5,"featured_media":0,"parent":0,"menu_order":26,"comment_status":"closed","ping_status":"closed","template":"","meta":{"_acf_changed":false,"footnotes":""},"class_list":["post-7073","page","type-page","status-publish","hentry"],"acf":[],"yoast_head":"<!-- This site is optimized with the Yoast SEO plugin v27.4 - https:\/\/yoast.com\/product\/yoast-seo-wordpress\/ -->\n<title>Unser Service - M&auml;kel&auml; Alu Oy<\/title>\n<meta name=\"robots\" content=\"index, follow, max-snippet:-1, max-image-preview:large, max-video-preview:-1\" \/>\n<link rel=\"canonical\" href=\"https:\/\/makelaalu.fi\/de\/unser-service\/\" \/>\n<meta property=\"og:locale\" content=\"de_DE\" \/>\n<meta property=\"og:type\" content=\"article\" \/>\n<meta property=\"og:title\" content=\"Unser Service - M&auml;kel&auml; Alu Oy\" \/>\n<meta property=\"og:description\" content=\"[vc_row lg_spacing=&#8220;padding_top:60;padding_bottom:20&#8243;][vc_column][vc_row_inner][vc_column_inner][vc_column_text] AluServices-Konzept f\u00fcr effizientere Prozesse Zus\u00e4tzliche logistische Dienstleistungen, die gemeinsam mit unseren Kunden entwickelt wurden, stellen sich den Herausforderungen der Handhabung, des Transports und der Lagerung von Profilen. Wir sind bestrebt, unseren Kunden die Beschaffung von Aluminiumprofilen zum gew\u00fcnschten Zeitpunkt und in der gew\u00fcnschten Menge so einfach wie m\u00f6glich zu machen. [\/vc_column_text][vc_zigzag][\/vc_column_inner][\/vc_row_inner][\/vc_column][\/vc_row][vc_row][vc_column][vc_row_inner][vc_column_inner][vc_column_text]Es geht nicht um den niedrigsten Preis f\u00fcr ein Produkt, sondern die gesamtwirtschaftlich rentabelste Art zu agieren. Schlie\u00dflich besteht der Endpreis nicht nur aus Rohmaterial, sondern aus dem gesamten Produktionsprozess und wie effizient dieser gestaltet wurde. Hier k\u00f6nnen wir mit dem AluServices-Konzept einen Mehrwert bieten.[\/vc_column_text][\/vc_column_inner][\/vc_row_inner][\/vc_column][\/vc_row][vc_row lg_spacing=&#8220;padding_top:30&#8243;][vc_column][vc_row_inner][vc_column_inner width=&#8220;1\/2&#8243;][vc_column_text css=&#8220;&#8220;]Durch die Auslagerung des gesamten Lieferprozesses von Aluminiumprofilen sparen Sie Unternehmen Zeit und Geld. So reduzieren unsere Lagerungsdienste den Immobilien- und Raumbedarf Ihres Unternehmens und die damit verbundenen Kosten. Dadurch k\u00f6nnen Sie Ihr Unternehmen effizienter und wettbewerbsf\u00e4higer zu machen. Wir entwickeln unsere Dienstleistungen st\u00e4ndig weiter in enger Zusammenarbeit mit unseren Kunden. Die Effizienz der Produktion und die Agilit\u00e4t der Dienstleistungen werden durch kontinuierliche Schulungen und neue Investitionen erh\u00f6ht. Wir wollen unseren Kunden als ganzheitliche Partner begegnen \u2013 zum gr\u00f6\u00dftm\u00f6glichen Nutzen f\u00fcr beide Teile. Erfahren Sie hier mehr \u00fcber unser Dienstleistungsangebot oder fragen Sie unser Vertriebsteam nach weiteren Informationen. Die Dienstleistungen sind auch\u00a0in der beigef\u00fcgten Animation beschrieben. [\/vc_column_text][\/vc_column_inner][vc_column_inner width=&#8220;1\/2&#8243;][vc_single_image image=&#8220;11399&#8243; img_size=&#8220;1200&#215;600&#8243; css=&#8220;&#8220;][\/vc_column_inner][\/vc_row_inner][\/vc_column][\/vc_row][vc_row full_width=&#8220;stretch_row&#8220; overlay_background=&#8220;overlay_custom_background&#8220; overlay_custom_background=&#8220;#ffffff&#8220; overlay_opacity=&#8220;90&#8243; lg_spacing=&#8220;padding_top:20;padding_bottom:20&#8243; el_id=&#8220;palvelumme&#8220;][vc_column][vc_row_inner lg_spacing=&#8220;padding_bottom:40&#8243;][vc_column_inner][vc_zigzag][\/vc_column_inner][\/vc_row_inner][vc_row_inner lg_spacing=&#8220;padding_bottom:10&#8243;][vc_column_inner][vc_column_text] Unser service [\/vc_column_text][\/vc_column_inner][\/vc_row_inner][vc_row_inner][vc_column_inner width=&#8220;1\/6&#8243;][vc_single_image image=&#8220;793&#8243; img_size=&#8220;600&#215;350&#8243; alignment=&#8220;center&#8220; style=&#8220;vc_box_shadow&#8220; onclick=&#8220;custom_link&#8220; link=&#8220;\/de\/unser-service\/alubasket\/&#8220;][vc_column_text] AluBasket\u00ae [\/vc_column_text][\/vc_column_inner][vc_column_inner width=&#8220;1\/6&#8243;][vc_single_image image=&#8220;8474&#8243; img_size=&#8220;600&#215;350&#8243; alignment=&#8220;center&#8220; style=&#8220;vc_box_shadow&#8220; onclick=&#8220;custom_link&#8220; link=&#8220;\/de\/unser-service\/alucalloff&#8220;][vc_column_text] AluCallOff\u00ae [\/vc_column_text][\/vc_column_inner][vc_column_inner width=&#8220;1\/6&#8243;][vc_single_image image=&#8220;6184&#8243; img_size=&#8220;600&#215;350&#8243; alignment=&#8220;center&#8220; style=&#8220;vc_box_shadow&#8220; onclick=&#8220;custom_link&#8220; link=&#8220;\/de\/unser-service\/alucoating&#8220;][vc_column_text] AluCoating\u00ae [\/vc_column_text][\/vc_column_inner][vc_column_inner width=&#8220;1\/6&#8243;][vc_single_image image=&#8220;6325&#8243; img_size=&#8220;600&#215;350&#8243; alignment=&#8220;center&#8220; style=&#8220;vc_box_shadow&#8220; onclick=&#8220;custom_link&#8220; link=&#8220;\/de\/unser-service\/aludesign&#8220;][vc_column_text] AluDesign [\/vc_column_text][\/vc_column_inner][vc_column_inner width=&#8220;1\/6&#8243;][vc_single_image image=&#8220;6188&#8243; img_size=&#8220;600&#215;350&#8243; alignment=&#8220;center&#8220; style=&#8220;vc_box_shadow&#8220; onclick=&#8220;custom_link&#8220; link=&#8220;\/de\/unser-service\/alustorage&#8220;][vc_column_text] AluStorage\u00ae [\/vc_column_text][\/vc_column_inner][vc_column_inner width=&#8220;1\/6&#8243;][vc_single_image image=&#8220;10668&#8243; img_size=&#8220;600&#215;350&#8243; alignment=&#8220;center&#8220; style=&#8220;vc_box_shadow&#8220; onclick=&#8220;custom_link&#8220; css=&#8220;&#8220; link=&#8220;\/de\/unser-service\/aluplanet\/&#8220;][vc_column_text css=&#8220;&#8220;] AluPlanet\u00ae [\/vc_column_text][\/vc_column_inner][\/vc_row_inner][\/vc_column][\/vc_row]\" \/>\n<meta property=\"og:url\" content=\"https:\/\/makelaalu.fi\/de\/unser-service\/\" \/>\n<meta property=\"og:site_name\" content=\"M&auml;kel&auml; Alu Oy\" \/>\n<meta property=\"article:modified_time\" content=\"2025-10-06T08:36:15+00:00\" \/>\n<meta name=\"twitter:card\" content=\"summary_large_image\" \/>\n<meta name=\"twitter:label1\" content=\"Gesch\u00e4tzte Lesezeit\" \/>\n\t<meta name=\"twitter:data1\" content=\"4\u00a0Minuten\" \/>\n<script type=\"application\/ld+json\" class=\"yoast-schema-graph\">{\"@context\":\"https:\\\/\\\/schema.org\",\"@graph\":[{\"@type\":\"WebPage\",\"@id\":\"https:\\\/\\\/makelaalu.fi\\\/de\\\/unser-service\\\/\",\"url\":\"https:\\\/\\\/makelaalu.fi\\\/de\\\/unser-service\\\/\",\"name\":\"Unser Service - M&auml;kel&auml; Alu Oy\",\"isPartOf\":{\"@id\":\"https:\\\/\\\/dev.makelaalu.fi\\\/#website\"},\"datePublished\":\"2022-04-04T11:35:21+00:00\",\"dateModified\":\"2025-10-06T08:36:15+00:00\",\"breadcrumb\":{\"@id\":\"https:\\\/\\\/makelaalu.fi\\\/de\\\/unser-service\\\/#breadcrumb\"},\"inLanguage\":\"de\",\"potentialAction\":[{\"@type\":\"ReadAction\",\"target\":[\"https:\\\/\\\/makelaalu.fi\\\/de\\\/unser-service\\\/\"]}]},{\"@type\":\"BreadcrumbList\",\"@id\":\"https:\\\/\\\/makelaalu.fi\\\/de\\\/unser-service\\\/#breadcrumb\",\"itemListElement\":[{\"@type\":\"ListItem\",\"position\":1,\"name\":\"Frontpage\",\"item\":\"https:\\\/\\\/makelaalu.fi\\\/de\\\/\"},{\"@type\":\"ListItem\",\"position\":2,\"name\":\"Unser Service\"}]},{\"@type\":\"WebSite\",\"@id\":\"https:\\\/\\\/dev.makelaalu.fi\\\/#website\",\"url\":\"https:\\\/\\\/dev.makelaalu.fi\\\/\",\"name\":\"M&auml;kel&auml; Alu Oy\",\"description\":\"Alumiiniprofiilien puristaminen vuosikymmenten kokemuksella.\",\"potentialAction\":[{\"@type\":\"SearchAction\",\"target\":{\"@type\":\"EntryPoint\",\"urlTemplate\":\"https:\\\/\\\/dev.makelaalu.fi\\\/?s={search_term_string}\"},\"query-input\":{\"@type\":\"PropertyValueSpecification\",\"valueRequired\":true,\"valueName\":\"search_term_string\"}}],\"inLanguage\":\"de\"}]}<\/script>\n<!-- \/ Yoast SEO plugin. -->","yoast_head_json":{"title":"Unser Service - M&auml;kel&auml; Alu Oy","robots":{"index":"index","follow":"follow","max-snippet":"max-snippet:-1","max-image-preview":"max-image-preview:large","max-video-preview":"max-video-preview:-1"},"canonical":"https:\/\/makelaalu.fi\/de\/unser-service\/","og_locale":"de_DE","og_type":"article","og_title":"Unser Service - M&auml;kel&auml; Alu Oy","og_description":"[vc_row lg_spacing=&#8220;padding_top:60;padding_bottom:20&#8243;][vc_column][vc_row_inner][vc_column_inner][vc_column_text] AluServices-Konzept f\u00fcr effizientere Prozesse Zus\u00e4tzliche logistische Dienstleistungen, die gemeinsam mit unseren Kunden entwickelt wurden, stellen sich den Herausforderungen der Handhabung, des Transports und der Lagerung von Profilen. Wir sind bestrebt, unseren Kunden die Beschaffung von Aluminiumprofilen zum gew\u00fcnschten Zeitpunkt und in der gew\u00fcnschten Menge so einfach wie m\u00f6glich zu machen. [\/vc_column_text][vc_zigzag][\/vc_column_inner][\/vc_row_inner][\/vc_column][\/vc_row][vc_row][vc_column][vc_row_inner][vc_column_inner][vc_column_text]Es geht nicht um den niedrigsten Preis f\u00fcr ein Produkt, sondern die gesamtwirtschaftlich rentabelste Art zu agieren. Schlie\u00dflich besteht der Endpreis nicht nur aus Rohmaterial, sondern aus dem gesamten Produktionsprozess und wie effizient dieser gestaltet wurde. Hier k\u00f6nnen wir mit dem AluServices-Konzept einen Mehrwert bieten.[\/vc_column_text][\/vc_column_inner][\/vc_row_inner][\/vc_column][\/vc_row][vc_row lg_spacing=&#8220;padding_top:30&#8243;][vc_column][vc_row_inner][vc_column_inner width=&#8220;1\/2&#8243;][vc_column_text css=&#8220;&#8220;]Durch die Auslagerung des gesamten Lieferprozesses von Aluminiumprofilen sparen Sie Unternehmen Zeit und Geld. So reduzieren unsere Lagerungsdienste den Immobilien- und Raumbedarf Ihres Unternehmens und die damit verbundenen Kosten. Dadurch k\u00f6nnen Sie Ihr Unternehmen effizienter und wettbewerbsf\u00e4higer zu machen. Wir entwickeln unsere Dienstleistungen st\u00e4ndig weiter in enger Zusammenarbeit mit unseren Kunden. Die Effizienz der Produktion und die Agilit\u00e4t der Dienstleistungen werden durch kontinuierliche Schulungen und neue Investitionen erh\u00f6ht. Wir wollen unseren Kunden als ganzheitliche Partner begegnen \u2013 zum gr\u00f6\u00dftm\u00f6glichen Nutzen f\u00fcr beide Teile. Erfahren Sie hier mehr \u00fcber unser Dienstleistungsangebot oder fragen Sie unser Vertriebsteam nach weiteren Informationen. Die Dienstleistungen sind auch\u00a0in der beigef\u00fcgten Animation beschrieben. [\/vc_column_text][\/vc_column_inner][vc_column_inner width=&#8220;1\/2&#8243;][vc_single_image image=&#8220;11399&#8243; img_size=&#8220;1200&#215;600&#8243; css=&#8220;&#8220;][\/vc_column_inner][\/vc_row_inner][\/vc_column][\/vc_row][vc_row full_width=&#8220;stretch_row&#8220; overlay_background=&#8220;overlay_custom_background&#8220; overlay_custom_background=&#8220;#ffffff&#8220; overlay_opacity=&#8220;90&#8243; lg_spacing=&#8220;padding_top:20;padding_bottom:20&#8243; el_id=&#8220;palvelumme&#8220;][vc_column][vc_row_inner lg_spacing=&#8220;padding_bottom:40&#8243;][vc_column_inner][vc_zigzag][\/vc_column_inner][\/vc_row_inner][vc_row_inner lg_spacing=&#8220;padding_bottom:10&#8243;][vc_column_inner][vc_column_text] Unser service [\/vc_column_text][\/vc_column_inner][\/vc_row_inner][vc_row_inner][vc_column_inner width=&#8220;1\/6&#8243;][vc_single_image image=&#8220;793&#8243; img_size=&#8220;600&#215;350&#8243; alignment=&#8220;center&#8220; style=&#8220;vc_box_shadow&#8220; onclick=&#8220;custom_link&#8220; link=&#8220;\/de\/unser-service\/alubasket\/&#8220;][vc_column_text] AluBasket\u00ae [\/vc_column_text][\/vc_column_inner][vc_column_inner width=&#8220;1\/6&#8243;][vc_single_image image=&#8220;8474&#8243; img_size=&#8220;600&#215;350&#8243; alignment=&#8220;center&#8220; style=&#8220;vc_box_shadow&#8220; onclick=&#8220;custom_link&#8220; link=&#8220;\/de\/unser-service\/alucalloff&#8220;][vc_column_text] AluCallOff\u00ae [\/vc_column_text][\/vc_column_inner][vc_column_inner width=&#8220;1\/6&#8243;][vc_single_image image=&#8220;6184&#8243; img_size=&#8220;600&#215;350&#8243; alignment=&#8220;center&#8220; style=&#8220;vc_box_shadow&#8220; onclick=&#8220;custom_link&#8220; link=&#8220;\/de\/unser-service\/alucoating&#8220;][vc_column_text] AluCoating\u00ae [\/vc_column_text][\/vc_column_inner][vc_column_inner width=&#8220;1\/6&#8243;][vc_single_image image=&#8220;6325&#8243; img_size=&#8220;600&#215;350&#8243; alignment=&#8220;center&#8220; style=&#8220;vc_box_shadow&#8220; onclick=&#8220;custom_link&#8220; link=&#8220;\/de\/unser-service\/aludesign&#8220;][vc_column_text] AluDesign [\/vc_column_text][\/vc_column_inner][vc_column_inner width=&#8220;1\/6&#8243;][vc_single_image image=&#8220;6188&#8243; img_size=&#8220;600&#215;350&#8243; alignment=&#8220;center&#8220; style=&#8220;vc_box_shadow&#8220; onclick=&#8220;custom_link&#8220; link=&#8220;\/de\/unser-service\/alustorage&#8220;][vc_column_text] AluStorage\u00ae [\/vc_column_text][\/vc_column_inner][vc_column_inner width=&#8220;1\/6&#8243;][vc_single_image image=&#8220;10668&#8243; img_size=&#8220;600&#215;350&#8243; alignment=&#8220;center&#8220; style=&#8220;vc_box_shadow&#8220; onclick=&#8220;custom_link&#8220; css=&#8220;&#8220; link=&#8220;\/de\/unser-service\/aluplanet\/&#8220;][vc_column_text css=&#8220;&#8220;] AluPlanet\u00ae [\/vc_column_text][\/vc_column_inner][\/vc_row_inner][\/vc_column][\/vc_row]","og_url":"https:\/\/makelaalu.fi\/de\/unser-service\/","og_site_name":"M&auml;kel&auml; Alu Oy","article_modified_time":"2025-10-06T08:36:15+00:00","twitter_card":"summary_large_image","twitter_misc":{"Gesch\u00e4tzte Lesezeit":"4\u00a0Minuten"},"schema":{"@context":"https:\/\/schema.org","@graph":[{"@type":"WebPage","@id":"https:\/\/makelaalu.fi\/de\/unser-service\/","url":"https:\/\/makelaalu.fi\/de\/unser-service\/","name":"Unser Service - M&auml;kel&auml; Alu Oy","isPartOf":{"@id":"https:\/\/dev.makelaalu.fi\/#website"},"datePublished":"2022-04-04T11:35:21+00:00","dateModified":"2025-10-06T08:36:15+00:00","breadcrumb":{"@id":"https:\/\/makelaalu.fi\/de\/unser-service\/#breadcrumb"},"inLanguage":"de","potentialAction":[{"@type":"ReadAction","target":["https:\/\/makelaalu.fi\/de\/unser-service\/"]}]},{"@type":"BreadcrumbList","@id":"https:\/\/makelaalu.fi\/de\/unser-service\/#breadcrumb","itemListElement":[{"@type":"ListItem","position":1,"name":"Frontpage","item":"https:\/\/makelaalu.fi\/de\/"},{"@type":"ListItem","position":2,"name":"Unser Service"}]},{"@type":"WebSite","@id":"https:\/\/dev.makelaalu.fi\/#website","url":"https:\/\/dev.makelaalu.fi\/","name":"M&auml;kel&auml; Alu Oy","description":"Alumiiniprofiilien puristaminen vuosikymmenten kokemuksella.","potentialAction":[{"@type":"SearchAction","target":{"@type":"EntryPoint","urlTemplate":"https:\/\/dev.makelaalu.fi\/?s={search_term_string}"},"query-input":{"@type":"PropertyValueSpecification","valueRequired":true,"valueName":"search_term_string"}}],"inLanguage":"de"}]}},"_links":{"self":[{"href":"https:\/\/makelaalu.fi\/de\/wp-json\/wp\/v2\/pages\/7073","targetHints":{"allow":["GET"]}}],"collection":[{"href":"https:\/\/makelaalu.fi\/de\/wp-json\/wp\/v2\/pages"}],"about":[{"href":"https:\/\/makelaalu.fi\/de\/wp-json\/wp\/v2\/types\/page"}],"author":[{"embeddable":true,"href":"https:\/\/makelaalu.fi\/de\/wp-json\/wp\/v2\/users\/5"}],"replies":[{"embeddable":true,"href":"https:\/\/makelaalu.fi\/de\/wp-json\/wp\/v2\/comments?post=7073"}],"version-history":[{"count":20,"href":"https:\/\/makelaalu.fi\/de\/wp-json\/wp\/v2\/pages\/7073\/revisions"}],"predecessor-version":[{"id":11419,"href":"https:\/\/makelaalu.fi\/de\/wp-json\/wp\/v2\/pages\/7073\/revisions\/11419"}],"wp:attachment":[{"href":"https:\/\/makelaalu.fi\/de\/wp-json\/wp\/v2\/media?parent=7073"}],"curies":[{"name":"wp","href":"https:\/\/api.w.org\/{rel}","templated":true}]}}