{"id":7079,"date":"2022-04-04T14:44:57","date_gmt":"2022-04-04T11:44:57","guid":{"rendered":"https:\/\/dev.makelaalu.fi\/?page_id=7079"},"modified":"2022-05-25T09:18:50","modified_gmt":"2022-05-25T06:18:50","slug":"alubasket","status":"publish","type":"page","link":"https:\/\/makelaalu.fi\/de\/unser-service\/alubasket\/","title":{"rendered":"AluBasket\u00ae"},"content":{"rendered":"<h2>Eigene L\u00f6sungen f\u00fcr Transport und Verarbeitung<\/h2>\n<h4 class=\"caption\">Um den diversen Bed\u00fcrfnissen unserer Kunden zu gen\u00fcgen, haben wir L\u00f6sungen f\u00fcr die Bef\u00f6rderung und Handhabung von Aluminiumprofilen entwickelt. Neben der Herstellung von Aluminiumprofilen, die auf die Bed\u00fcrfnisse unserer Kunden zugeschnitten sind, sind wir bestrebt, unsere Kunden so umfassend wie m\u00f6glich zu bedienen.<\/h4>\n<p><img loading=\"lazy\" decoding=\"async\" class=\"alignnone size-full wp-image-793\" src=\"https:\/\/makelaalu.fi\/wp-content\/uploads\/2017\/06\/logistiikka-iso.jpg\" alt=\"\" width=\"1200\" height=\"800\" srcset=\"https:\/\/makelaalu.fi\/wp-content\/uploads\/2017\/06\/logistiikka-iso.jpg 1200w, https:\/\/makelaalu.fi\/wp-content\/uploads\/2017\/06\/logistiikka-iso-300x200.jpg 300w, https:\/\/makelaalu.fi\/wp-content\/uploads\/2017\/06\/logistiikka-iso-768x512.jpg 768w, https:\/\/makelaalu.fi\/wp-content\/uploads\/2017\/06\/logistiikka-iso-1024x683.jpg 1024w\" sizes=\"auto, (max-width: 1200px) 100vw, 1200px\" \/><\/p>\n<p>Der Aluminiumk\u00e4fig AluBasket\u00ae ist eine wetterbest\u00e4ndige und umweltfreundliche L\u00f6sung f\u00fcr die Bef\u00f6rderung, Handhabung und Lagerung von langen Profilen. Die K\u00e4fige erhalten Sie gegen Einsatz f\u00fcr die Dauer des Transports und der Lagerung der Aluminiumprofile. Die K\u00e4fige sind stapelbar und lassen sich leicht mit Gabelstapler bef\u00f6rdern. Die K\u00e4fige erleichtern die Handhabung von Profilen und sch\u00fctzen diese vor St\u00f6\u00dfen. Durch die Wiederverwertbarkeit werden auch Verpackungsabf\u00e4lle minimiert.<\/p>\n<h3>So geht das<\/h3>\n<p>Um den AluBasket\u00ae-Service in Anspruch zu nehmen, geben Sie diesen Wunsch bei Bestellung bekannt. Wir verrechnen daf\u00fcr lediglich eine Liefergeb\u00fchr. Die von Ihnen bestellten Profile werden dann in K\u00e4figen geliefert. Dann k\u00f6nnen Sie die Profile ganz nach Ihren W\u00fcnschen bearbeiten und lagern. Nach Gebrauch werden die K\u00e4fige wie vereinbart an uns zur\u00fcckgegeben.<\/p>\n<p>Haben wir Ihr Interesse geweckt? Fragen Sie\u00a0<a href=\"https:\/\/makelaalu.fi\/de\/kontakt\/\">unsere Verkaufsberater.<\/a><\/p>\n<p>&nbsp;<\/p>\n","protected":false},"excerpt":{"rendered":"Eigene L\u00f6sungen f\u00fcr Transport und Verarbeitung Um den diversen Bed\u00fcrfnissen unserer Kunden zu gen\u00fcgen, haben wir L\u00f6sungen f\u00fcr die Bef\u00f6rderung und Handhabung von Aluminiumprofilen entwickelt. Neben der Herstellung von Aluminiumprofilen, die auf die Bed\u00fcrfnisse unserer Kunden zugeschnitten sind, sind wir bestrebt, unsere Kunden so umfassend wie m\u00f6glich zu bedienen. Der Aluminiumk\u00e4fig AluBasket\u00ae ist eine wetterbest\u00e4ndige und umweltfreundliche L\u00f6sung f\u00fcr die Bef\u00f6rderung, Handhabung und Lagerung von langen Profilen. Die K\u00e4fige erhalten Sie gegen Einsatz f\u00fcr die Dauer des Transports und der Lagerung der Aluminiumprofile. Die K\u00e4fige sind stapelbar und lassen sich leicht mit Gabelstapler bef\u00f6rdern. Die K\u00e4fige erleichtern die Handhabung von Profilen und sch\u00fctzen diese vor St\u00f6\u00dfen. Durch die Wiederverwertbarkeit werden auch Verpackungsabf\u00e4lle minimiert. So geht das Um den AluBasket\u00ae-Service in Anspruch zu nehmen, geben Sie diesen Wunsch bei Bestellung bekannt. Wir verrechnen daf\u00fcr lediglich eine Liefergeb\u00fchr. Die von Ihnen bestellten Profile werden dann in K\u00e4figen geliefert. Dann k\u00f6nnen Sie die Profile ganz nach Ihren W\u00fcnschen bearbeiten und lagern. Nach Gebrauch werden die K\u00e4fige wie vereinbart an uns zur\u00fcckgegeben. Haben wir Ihr Interesse geweckt? Fragen Sie\u00a0unsere Verkaufsberater. &nbsp;","protected":false},"author":5,"featured_media":5995,"parent":7073,"menu_order":30,"comment_status":"closed","ping_status":"closed","template":"","meta":{"_acf_changed":false,"footnotes":""},"class_list":["post-7079","page","type-page","status-publish","has-post-thumbnail","hentry"],"acf":[],"yoast_head":"<!-- This site is optimized with the Yoast SEO plugin v27.3 - https:\/\/yoast.com\/product\/yoast-seo-wordpress\/ -->\n<title>AluBasket\u00ae - M&auml;kel&auml; Alu Oy<\/title>\n<meta name=\"robots\" content=\"index, follow, max-snippet:-1, max-image-preview:large, max-video-preview:-1\" \/>\n<link rel=\"canonical\" href=\"https:\/\/makelaalu.fi\/de\/unser-service\/alubasket\/\" \/>\n<meta property=\"og:locale\" content=\"de_DE\" \/>\n<meta property=\"og:type\" content=\"article\" \/>\n<meta property=\"og:title\" content=\"AluBasket\u00ae - M&auml;kel&auml; Alu Oy\" \/>\n<meta property=\"og:description\" content=\"Eigene L\u00f6sungen f\u00fcr Transport und Verarbeitung Um den diversen Bed\u00fcrfnissen unserer Kunden zu gen\u00fcgen, haben wir L\u00f6sungen f\u00fcr die Bef\u00f6rderung und Handhabung von Aluminiumprofilen entwickelt. Neben der Herstellung von Aluminiumprofilen, die auf die Bed\u00fcrfnisse unserer Kunden zugeschnitten sind, sind wir bestrebt, unsere Kunden so umfassend wie m\u00f6glich zu bedienen. Der Aluminiumk\u00e4fig AluBasket\u00ae ist eine wetterbest\u00e4ndige und umweltfreundliche L\u00f6sung f\u00fcr die Bef\u00f6rderung, Handhabung und Lagerung von langen Profilen. Die K\u00e4fige erhalten Sie gegen Einsatz f\u00fcr die Dauer des Transports und der Lagerung der Aluminiumprofile. Die K\u00e4fige sind stapelbar und lassen sich leicht mit Gabelstapler bef\u00f6rdern. Die K\u00e4fige erleichtern die Handhabung von Profilen und sch\u00fctzen diese vor St\u00f6\u00dfen. Durch die Wiederverwertbarkeit werden auch Verpackungsabf\u00e4lle minimiert. So geht das Um den AluBasket\u00ae-Service in Anspruch zu nehmen, geben Sie diesen Wunsch bei Bestellung bekannt. Wir verrechnen daf\u00fcr lediglich eine Liefergeb\u00fchr. Die von Ihnen bestellten Profile werden dann in K\u00e4figen geliefert. Dann k\u00f6nnen Sie die Profile ganz nach Ihren W\u00fcnschen bearbeiten und lagern. Nach Gebrauch werden die K\u00e4fige wie vereinbart an uns zur\u00fcckgegeben. Haben wir Ihr Interesse geweckt? Fragen Sie\u00a0unsere Verkaufsberater. &nbsp;\" \/>\n<meta property=\"og:url\" content=\"https:\/\/makelaalu.fi\/de\/unser-service\/alubasket\/\" \/>\n<meta property=\"og:site_name\" content=\"M&auml;kel&auml; Alu Oy\" \/>\n<meta property=\"article:modified_time\" content=\"2022-05-25T06:18:50+00:00\" \/>\n<meta property=\"og:image\" content=\"https:\/\/dev.makelaalu.fi\/wp-content\/uploads\/2017\/06\/hakki.jpg\" \/>\n\t<meta property=\"og:image:width\" content=\"600\" \/>\n\t<meta property=\"og:image:height\" content=\"300\" \/>\n\t<meta property=\"og:image:type\" content=\"image\/jpeg\" \/>\n<meta name=\"twitter:card\" content=\"summary_large_image\" \/>\n<meta name=\"twitter:label1\" content=\"Gesch\u00e4tzte Lesezeit\" \/>\n\t<meta name=\"twitter:data1\" content=\"2\u00a0Minuten\" \/>\n<script type=\"application\/ld+json\" class=\"yoast-schema-graph\">{\"@context\":\"https:\\\/\\\/schema.org\",\"@graph\":[{\"@type\":\"WebPage\",\"@id\":\"https:\\\/\\\/makelaalu.fi\\\/de\\\/unser-service\\\/alubasket\\\/\",\"url\":\"https:\\\/\\\/makelaalu.fi\\\/de\\\/unser-service\\\/alubasket\\\/\",\"name\":\"AluBasket\u00ae - M&auml;kel&auml; Alu Oy\",\"isPartOf\":{\"@id\":\"https:\\\/\\\/dev.makelaalu.fi\\\/#website\"},\"primaryImageOfPage\":{\"@id\":\"https:\\\/\\\/makelaalu.fi\\\/de\\\/unser-service\\\/alubasket\\\/#primaryimage\"},\"image\":{\"@id\":\"https:\\\/\\\/makelaalu.fi\\\/de\\\/unser-service\\\/alubasket\\\/#primaryimage\"},\"thumbnailUrl\":\"https:\\\/\\\/makelaalu.fi\\\/wp-content\\\/uploads\\\/2017\\\/06\\\/hakki.jpg\",\"datePublished\":\"2022-04-04T11:44:57+00:00\",\"dateModified\":\"2022-05-25T06:18:50+00:00\",\"breadcrumb\":{\"@id\":\"https:\\\/\\\/makelaalu.fi\\\/de\\\/unser-service\\\/alubasket\\\/#breadcrumb\"},\"inLanguage\":\"de\",\"potentialAction\":[{\"@type\":\"ReadAction\",\"target\":[\"https:\\\/\\\/makelaalu.fi\\\/de\\\/unser-service\\\/alubasket\\\/\"]}]},{\"@type\":\"ImageObject\",\"inLanguage\":\"de\",\"@id\":\"https:\\\/\\\/makelaalu.fi\\\/de\\\/unser-service\\\/alubasket\\\/#primaryimage\",\"url\":\"https:\\\/\\\/makelaalu.fi\\\/wp-content\\\/uploads\\\/2017\\\/06\\\/hakki.jpg\",\"contentUrl\":\"https:\\\/\\\/makelaalu.fi\\\/wp-content\\\/uploads\\\/2017\\\/06\\\/hakki.jpg\",\"width\":600,\"height\":300},{\"@type\":\"BreadcrumbList\",\"@id\":\"https:\\\/\\\/makelaalu.fi\\\/de\\\/unser-service\\\/alubasket\\\/#breadcrumb\",\"itemListElement\":[{\"@type\":\"ListItem\",\"position\":1,\"name\":\"Frontpage\",\"item\":\"https:\\\/\\\/makelaalu.fi\\\/de\\\/\"},{\"@type\":\"ListItem\",\"position\":2,\"name\":\"Unser Service\",\"item\":\"https:\\\/\\\/makelaalu.fi\\\/de\\\/unser-service\\\/\"},{\"@type\":\"ListItem\",\"position\":3,\"name\":\"AluBasket\u00ae\"}]},{\"@type\":\"WebSite\",\"@id\":\"https:\\\/\\\/dev.makelaalu.fi\\\/#website\",\"url\":\"https:\\\/\\\/dev.makelaalu.fi\\\/\",\"name\":\"M&auml;kel&auml; Alu Oy\",\"description\":\"Alumiiniprofiilien puristaminen vuosikymmenten kokemuksella.\",\"potentialAction\":[{\"@type\":\"SearchAction\",\"target\":{\"@type\":\"EntryPoint\",\"urlTemplate\":\"https:\\\/\\\/dev.makelaalu.fi\\\/?s={search_term_string}\"},\"query-input\":{\"@type\":\"PropertyValueSpecification\",\"valueRequired\":true,\"valueName\":\"search_term_string\"}}],\"inLanguage\":\"de\"}]}<\/script>\n<!-- \/ Yoast SEO plugin. -->","yoast_head_json":{"title":"AluBasket\u00ae - M&auml;kel&auml; Alu Oy","robots":{"index":"index","follow":"follow","max-snippet":"max-snippet:-1","max-image-preview":"max-image-preview:large","max-video-preview":"max-video-preview:-1"},"canonical":"https:\/\/makelaalu.fi\/de\/unser-service\/alubasket\/","og_locale":"de_DE","og_type":"article","og_title":"AluBasket\u00ae - M&auml;kel&auml; Alu Oy","og_description":"Eigene L\u00f6sungen f\u00fcr Transport und Verarbeitung Um den diversen Bed\u00fcrfnissen unserer Kunden zu gen\u00fcgen, haben wir L\u00f6sungen f\u00fcr die Bef\u00f6rderung und Handhabung von Aluminiumprofilen entwickelt. Neben der Herstellung von Aluminiumprofilen, die auf die Bed\u00fcrfnisse unserer Kunden zugeschnitten sind, sind wir bestrebt, unsere Kunden so umfassend wie m\u00f6glich zu bedienen. Der Aluminiumk\u00e4fig AluBasket\u00ae ist eine wetterbest\u00e4ndige und umweltfreundliche L\u00f6sung f\u00fcr die Bef\u00f6rderung, Handhabung und Lagerung von langen Profilen. Die K\u00e4fige erhalten Sie gegen Einsatz f\u00fcr die Dauer des Transports und der Lagerung der Aluminiumprofile. Die K\u00e4fige sind stapelbar und lassen sich leicht mit Gabelstapler bef\u00f6rdern. Die K\u00e4fige erleichtern die Handhabung von Profilen und sch\u00fctzen diese vor St\u00f6\u00dfen. Durch die Wiederverwertbarkeit werden auch Verpackungsabf\u00e4lle minimiert. So geht das Um den AluBasket\u00ae-Service in Anspruch zu nehmen, geben Sie diesen Wunsch bei Bestellung bekannt. Wir verrechnen daf\u00fcr lediglich eine Liefergeb\u00fchr. Die von Ihnen bestellten Profile werden dann in K\u00e4figen geliefert. Dann k\u00f6nnen Sie die Profile ganz nach Ihren W\u00fcnschen bearbeiten und lagern. Nach Gebrauch werden die K\u00e4fige wie vereinbart an uns zur\u00fcckgegeben. Haben wir Ihr Interesse geweckt? Fragen Sie\u00a0unsere Verkaufsberater. &nbsp;","og_url":"https:\/\/makelaalu.fi\/de\/unser-service\/alubasket\/","og_site_name":"M&auml;kel&auml; Alu Oy","article_modified_time":"2022-05-25T06:18:50+00:00","og_image":[{"width":600,"height":300,"url":"https:\/\/dev.makelaalu.fi\/wp-content\/uploads\/2017\/06\/hakki.jpg","type":"image\/jpeg"}],"twitter_card":"summary_large_image","twitter_misc":{"Gesch\u00e4tzte Lesezeit":"2\u00a0Minuten"},"schema":{"@context":"https:\/\/schema.org","@graph":[{"@type":"WebPage","@id":"https:\/\/makelaalu.fi\/de\/unser-service\/alubasket\/","url":"https:\/\/makelaalu.fi\/de\/unser-service\/alubasket\/","name":"AluBasket\u00ae - M&auml;kel&auml; Alu Oy","isPartOf":{"@id":"https:\/\/dev.makelaalu.fi\/#website"},"primaryImageOfPage":{"@id":"https:\/\/makelaalu.fi\/de\/unser-service\/alubasket\/#primaryimage"},"image":{"@id":"https:\/\/makelaalu.fi\/de\/unser-service\/alubasket\/#primaryimage"},"thumbnailUrl":"https:\/\/makelaalu.fi\/wp-content\/uploads\/2017\/06\/hakki.jpg","datePublished":"2022-04-04T11:44:57+00:00","dateModified":"2022-05-25T06:18:50+00:00","breadcrumb":{"@id":"https:\/\/makelaalu.fi\/de\/unser-service\/alubasket\/#breadcrumb"},"inLanguage":"de","potentialAction":[{"@type":"ReadAction","target":["https:\/\/makelaalu.fi\/de\/unser-service\/alubasket\/"]}]},{"@type":"ImageObject","inLanguage":"de","@id":"https:\/\/makelaalu.fi\/de\/unser-service\/alubasket\/#primaryimage","url":"https:\/\/makelaalu.fi\/wp-content\/uploads\/2017\/06\/hakki.jpg","contentUrl":"https:\/\/makelaalu.fi\/wp-content\/uploads\/2017\/06\/hakki.jpg","width":600,"height":300},{"@type":"BreadcrumbList","@id":"https:\/\/makelaalu.fi\/de\/unser-service\/alubasket\/#breadcrumb","itemListElement":[{"@type":"ListItem","position":1,"name":"Frontpage","item":"https:\/\/makelaalu.fi\/de\/"},{"@type":"ListItem","position":2,"name":"Unser Service","item":"https:\/\/makelaalu.fi\/de\/unser-service\/"},{"@type":"ListItem","position":3,"name":"AluBasket\u00ae"}]},{"@type":"WebSite","@id":"https:\/\/dev.makelaalu.fi\/#website","url":"https:\/\/dev.makelaalu.fi\/","name":"M&auml;kel&auml; Alu Oy","description":"Alumiiniprofiilien puristaminen vuosikymmenten kokemuksella.","potentialAction":[{"@type":"SearchAction","target":{"@type":"EntryPoint","urlTemplate":"https:\/\/dev.makelaalu.fi\/?s={search_term_string}"},"query-input":{"@type":"PropertyValueSpecification","valueRequired":true,"valueName":"search_term_string"}}],"inLanguage":"de"}]}},"_links":{"self":[{"href":"https:\/\/makelaalu.fi\/de\/wp-json\/wp\/v2\/pages\/7079","targetHints":{"allow":["GET"]}}],"collection":[{"href":"https:\/\/makelaalu.fi\/de\/wp-json\/wp\/v2\/pages"}],"about":[{"href":"https:\/\/makelaalu.fi\/de\/wp-json\/wp\/v2\/types\/page"}],"author":[{"embeddable":true,"href":"https:\/\/makelaalu.fi\/de\/wp-json\/wp\/v2\/users\/5"}],"replies":[{"embeddable":true,"href":"https:\/\/makelaalu.fi\/de\/wp-json\/wp\/v2\/comments?post=7079"}],"version-history":[{"count":9,"href":"https:\/\/makelaalu.fi\/de\/wp-json\/wp\/v2\/pages\/7079\/revisions"}],"predecessor-version":[{"id":7792,"href":"https:\/\/makelaalu.fi\/de\/wp-json\/wp\/v2\/pages\/7079\/revisions\/7792"}],"up":[{"embeddable":true,"href":"https:\/\/makelaalu.fi\/de\/wp-json\/wp\/v2\/pages\/7073"}],"wp:featuredmedia":[{"embeddable":true,"href":"https:\/\/makelaalu.fi\/de\/wp-json\/wp\/v2\/media\/5995"}],"wp:attachment":[{"href":"https:\/\/makelaalu.fi\/de\/wp-json\/wp\/v2\/media?parent=7079"}],"curies":[{"name":"wp","href":"https:\/\/api.w.org\/{rel}","templated":true}]}}