{"id":7082,"date":"2022-04-04T14:49:06","date_gmt":"2022-04-04T11:49:06","guid":{"rendered":"https:\/\/dev.makelaalu.fi\/?page_id=7082"},"modified":"2022-05-25T09:21:17","modified_gmt":"2022-05-25T06:21:17","slug":"alucalloff","status":"publish","type":"page","link":"https:\/\/makelaalu.fi\/de\/unser-service\/alucalloff\/","title":{"rendered":"AluCallOff\u00ae"},"content":{"rendered":"<h2>Mit unserem Lagerservice sparen Sie Zeit und Geld<\/h2>\n<h4>Der Lagerdienst AluCallOff\u00ae wird zwar physisch in den R\u00e4umlichkeiten des Kunden durchgef\u00fchrt, aber von uns betrieben.<\/h4>\n<p><img loading=\"lazy\" decoding=\"async\" class=\"alignnone wp-image-825 size-full\" src=\"https:\/\/makelaalu.fi\/wp-content\/uploads\/2017\/06\/callof.jpg\" alt=\"\" width=\"1200\" height=\"600\" srcset=\"https:\/\/makelaalu.fi\/wp-content\/uploads\/2017\/06\/callof.jpg 1200w, https:\/\/makelaalu.fi\/wp-content\/uploads\/2017\/06\/callof-300x150.jpg 300w, https:\/\/makelaalu.fi\/wp-content\/uploads\/2017\/06\/callof-768x384.jpg 768w, https:\/\/makelaalu.fi\/wp-content\/uploads\/2017\/06\/callof-1024x512.jpg 1024w, https:\/\/makelaalu.fi\/wp-content\/uploads\/2017\/06\/callof-600x300.jpg 600w\" sizes=\"auto, (max-width: 1200px) 100vw, 1200px\" \/><\/p>\n<p>Der Dienst reduziert den Arbeitsaufwand des Kunden und das in der Lagerung gebundene Kapital erheblich. AluCallOff\u00ae garantiert die st\u00e4ndige Verf\u00fcgbarkeit der Profile \u2013 Sie brauchen sich keine Gedanken mehr \u00fcber Bestellungen oder Lieferzeiten machen.<\/p>\n<p>Die Verwaltung des Lagerbestands und der Durchlaufzeiten wird erleichtert: unser AluVendor\u00ae verwaltet die Lagerbest\u00e4nde und den Nachschub der von der Dienstleistung abgedeckten Aluminiumprofile. \u00dcber das System k\u00f6nnen Sie den Lagerstand und die Lieferungen in Echtzeit zu verfolgen.<\/p>\n<h3>So geht das<\/h3>\n<p>Beim AluCallOff legen wir zuerst dem Kundenunternehmen gemeinsam den ben\u00f6tigten Lagerstand fest. Die AluVendor-Software \u00fcberwacht automatisch den Stand und spart so Zeit f\u00fcr sinnvollere Arbeiten. Nachschubbestellungen erfolgen vollautomatisch, entsprechend dem zu Beginn vereinbarten Lagerbestand. Die Profile werden an das Kundenunternehmen geliefert, das sie in seinem eigenen Lager f\u00fcr die Produktion bereitstellt.<\/p>\n<p>In unserer Animation k\u00f6nnen Sie sehen, wie einfach das Ganze in der Praxis funktioniert.<\/p>\n<p>&nbsp;<\/p>\n<p><iframe loading=\"lazy\" title=\"AluCallOff DE subtitles\" width=\"640\" height=\"360\" src=\"https:\/\/www.youtube.com\/embed\/mrr6Kyjkjo8?feature=oembed\" frameborder=\"0\" allow=\"accelerometer; autoplay; clipboard-write; encrypted-media; gyroscope; picture-in-picture; web-share\" referrerpolicy=\"strict-origin-when-cross-origin\" allowfullscreen><\/iframe><\/p>\n<p>Haben wir Ihr Interesse geweckt? Kontaktieren Sie\u00a0<a href=\"https:\/\/makelaalu.fi\/de\/kontakt\/\">unsere Verkaufsberater<\/a>.<\/p>\n","protected":false},"excerpt":{"rendered":"Mit unserem Lagerservice sparen Sie Zeit und Geld Der Lagerdienst AluCallOff\u00ae wird zwar physisch in den R\u00e4umlichkeiten des Kunden durchgef\u00fchrt, aber von uns betrieben. Der Dienst reduziert den Arbeitsaufwand des Kunden und das in der Lagerung gebundene Kapital erheblich. AluCallOff\u00ae garantiert die st\u00e4ndige Verf\u00fcgbarkeit der Profile \u2013 Sie brauchen sich keine Gedanken mehr \u00fcber Bestellungen oder Lieferzeiten machen. Die Verwaltung des Lagerbestands und der Durchlaufzeiten wird erleichtert: unser AluVendor\u00ae verwaltet die Lagerbest\u00e4nde und den Nachschub der von der Dienstleistung abgedeckten Aluminiumprofile. \u00dcber das System k\u00f6nnen Sie den Lagerstand und die Lieferungen in Echtzeit zu verfolgen. So geht das Beim AluCallOff legen wir zuerst dem Kundenunternehmen gemeinsam den ben\u00f6tigten Lagerstand fest. Die AluVendor-Software \u00fcberwacht automatisch den Stand und spart so Zeit f\u00fcr sinnvollere Arbeiten. Nachschubbestellungen erfolgen vollautomatisch, entsprechend dem zu Beginn vereinbarten Lagerbestand. Die Profile werden an das Kundenunternehmen geliefert, das sie in seinem eigenen Lager f\u00fcr die Produktion bereitstellt. In unserer Animation k\u00f6nnen Sie sehen, wie einfach das Ganze in der Praxis funktioniert. &nbsp; Haben wir Ihr Interesse geweckt? Kontaktieren Sie\u00a0unsere Verkaufsberater.","protected":false},"author":5,"featured_media":0,"parent":7073,"menu_order":31,"comment_status":"closed","ping_status":"closed","template":"","meta":{"_acf_changed":false,"footnotes":""},"class_list":["post-7082","page","type-page","status-publish","hentry"],"acf":[],"yoast_head":"<!-- This site is optimized with the Yoast SEO plugin v27.3 - https:\/\/yoast.com\/product\/yoast-seo-wordpress\/ -->\n<title>AluCallOff\u00ae - Lagerservice f\u00fcr Aluminiumprofile<\/title>\n<meta name=\"description\" content=\"Unser Lagerservice f\u00fcr Aluminiumprofile\" \/>\n<meta name=\"robots\" content=\"index, follow, max-snippet:-1, max-image-preview:large, max-video-preview:-1\" \/>\n<link rel=\"canonical\" href=\"https:\/\/makelaalu.fi\/de\/unser-service\/alucalloff\/\" \/>\n<meta property=\"og:locale\" content=\"de_DE\" \/>\n<meta property=\"og:type\" content=\"article\" \/>\n<meta property=\"og:title\" content=\"AluCallOff\u00ae - Lagerservice f\u00fcr Aluminiumprofile\" \/>\n<meta property=\"og:description\" content=\"Unser Lagerservice f\u00fcr Aluminiumprofile\" \/>\n<meta property=\"og:url\" content=\"https:\/\/makelaalu.fi\/de\/unser-service\/alucalloff\/\" \/>\n<meta property=\"og:site_name\" content=\"M&auml;kel&auml; Alu Oy\" \/>\n<meta property=\"article:modified_time\" content=\"2022-05-25T06:21:17+00:00\" \/>\n<meta property=\"og:image\" content=\"https:\/\/dev.makelaalu.fi\/wp-content\/uploads\/2017\/06\/callof.jpg\" \/>\n<meta name=\"twitter:card\" content=\"summary_large_image\" \/>\n<meta name=\"twitter:label1\" content=\"Gesch\u00e4tzte Lesezeit\" \/>\n\t<meta name=\"twitter:data1\" content=\"1\u00a0Minute\" \/>\n<script type=\"application\/ld+json\" class=\"yoast-schema-graph\">{\"@context\":\"https:\\\/\\\/schema.org\",\"@graph\":[{\"@type\":\"WebPage\",\"@id\":\"https:\\\/\\\/makelaalu.fi\\\/de\\\/unser-service\\\/alucalloff\\\/\",\"url\":\"https:\\\/\\\/makelaalu.fi\\\/de\\\/unser-service\\\/alucalloff\\\/\",\"name\":\"AluCallOff\u00ae - Lagerservice f\u00fcr Aluminiumprofile\",\"isPartOf\":{\"@id\":\"https:\\\/\\\/dev.makelaalu.fi\\\/#website\"},\"primaryImageOfPage\":{\"@id\":\"https:\\\/\\\/makelaalu.fi\\\/de\\\/unser-service\\\/alucalloff\\\/#primaryimage\"},\"image\":{\"@id\":\"https:\\\/\\\/makelaalu.fi\\\/de\\\/unser-service\\\/alucalloff\\\/#primaryimage\"},\"thumbnailUrl\":\"https:\\\/\\\/makelaalu.fi\\\/wp-content\\\/uploads\\\/2017\\\/06\\\/callof.jpg\",\"datePublished\":\"2022-04-04T11:49:06+00:00\",\"dateModified\":\"2022-05-25T06:21:17+00:00\",\"description\":\"Unser Lagerservice f\u00fcr Aluminiumprofile\",\"breadcrumb\":{\"@id\":\"https:\\\/\\\/makelaalu.fi\\\/de\\\/unser-service\\\/alucalloff\\\/#breadcrumb\"},\"inLanguage\":\"de\",\"potentialAction\":[{\"@type\":\"ReadAction\",\"target\":[\"https:\\\/\\\/makelaalu.fi\\\/de\\\/unser-service\\\/alucalloff\\\/\"]}]},{\"@type\":\"ImageObject\",\"inLanguage\":\"de\",\"@id\":\"https:\\\/\\\/makelaalu.fi\\\/de\\\/unser-service\\\/alucalloff\\\/#primaryimage\",\"url\":\"https:\\\/\\\/makelaalu.fi\\\/wp-content\\\/uploads\\\/2017\\\/06\\\/callof.jpg\",\"contentUrl\":\"https:\\\/\\\/makelaalu.fi\\\/wp-content\\\/uploads\\\/2017\\\/06\\\/callof.jpg\"},{\"@type\":\"BreadcrumbList\",\"@id\":\"https:\\\/\\\/makelaalu.fi\\\/de\\\/unser-service\\\/alucalloff\\\/#breadcrumb\",\"itemListElement\":[{\"@type\":\"ListItem\",\"position\":1,\"name\":\"Frontpage\",\"item\":\"https:\\\/\\\/makelaalu.fi\\\/de\\\/\"},{\"@type\":\"ListItem\",\"position\":2,\"name\":\"Unser Service\",\"item\":\"https:\\\/\\\/makelaalu.fi\\\/de\\\/unser-service\\\/\"},{\"@type\":\"ListItem\",\"position\":3,\"name\":\"AluCallOff\u00ae\"}]},{\"@type\":\"WebSite\",\"@id\":\"https:\\\/\\\/dev.makelaalu.fi\\\/#website\",\"url\":\"https:\\\/\\\/dev.makelaalu.fi\\\/\",\"name\":\"M&auml;kel&auml; Alu Oy\",\"description\":\"Alumiiniprofiilien puristaminen vuosikymmenten kokemuksella.\",\"potentialAction\":[{\"@type\":\"SearchAction\",\"target\":{\"@type\":\"EntryPoint\",\"urlTemplate\":\"https:\\\/\\\/dev.makelaalu.fi\\\/?s={search_term_string}\"},\"query-input\":{\"@type\":\"PropertyValueSpecification\",\"valueRequired\":true,\"valueName\":\"search_term_string\"}}],\"inLanguage\":\"de\"}]}<\/script>\n<!-- \/ Yoast SEO plugin. -->","yoast_head_json":{"title":"AluCallOff\u00ae - Lagerservice f\u00fcr Aluminiumprofile","description":"Unser Lagerservice f\u00fcr Aluminiumprofile","robots":{"index":"index","follow":"follow","max-snippet":"max-snippet:-1","max-image-preview":"max-image-preview:large","max-video-preview":"max-video-preview:-1"},"canonical":"https:\/\/makelaalu.fi\/de\/unser-service\/alucalloff\/","og_locale":"de_DE","og_type":"article","og_title":"AluCallOff\u00ae - Lagerservice f\u00fcr Aluminiumprofile","og_description":"Unser Lagerservice f\u00fcr Aluminiumprofile","og_url":"https:\/\/makelaalu.fi\/de\/unser-service\/alucalloff\/","og_site_name":"M&auml;kel&auml; Alu Oy","article_modified_time":"2022-05-25T06:21:17+00:00","og_image":[{"url":"https:\/\/dev.makelaalu.fi\/wp-content\/uploads\/2017\/06\/callof.jpg","type":"","width":"","height":""}],"twitter_card":"summary_large_image","twitter_misc":{"Gesch\u00e4tzte Lesezeit":"1\u00a0Minute"},"schema":{"@context":"https:\/\/schema.org","@graph":[{"@type":"WebPage","@id":"https:\/\/makelaalu.fi\/de\/unser-service\/alucalloff\/","url":"https:\/\/makelaalu.fi\/de\/unser-service\/alucalloff\/","name":"AluCallOff\u00ae - Lagerservice f\u00fcr Aluminiumprofile","isPartOf":{"@id":"https:\/\/dev.makelaalu.fi\/#website"},"primaryImageOfPage":{"@id":"https:\/\/makelaalu.fi\/de\/unser-service\/alucalloff\/#primaryimage"},"image":{"@id":"https:\/\/makelaalu.fi\/de\/unser-service\/alucalloff\/#primaryimage"},"thumbnailUrl":"https:\/\/makelaalu.fi\/wp-content\/uploads\/2017\/06\/callof.jpg","datePublished":"2022-04-04T11:49:06+00:00","dateModified":"2022-05-25T06:21:17+00:00","description":"Unser Lagerservice f\u00fcr Aluminiumprofile","breadcrumb":{"@id":"https:\/\/makelaalu.fi\/de\/unser-service\/alucalloff\/#breadcrumb"},"inLanguage":"de","potentialAction":[{"@type":"ReadAction","target":["https:\/\/makelaalu.fi\/de\/unser-service\/alucalloff\/"]}]},{"@type":"ImageObject","inLanguage":"de","@id":"https:\/\/makelaalu.fi\/de\/unser-service\/alucalloff\/#primaryimage","url":"https:\/\/makelaalu.fi\/wp-content\/uploads\/2017\/06\/callof.jpg","contentUrl":"https:\/\/makelaalu.fi\/wp-content\/uploads\/2017\/06\/callof.jpg"},{"@type":"BreadcrumbList","@id":"https:\/\/makelaalu.fi\/de\/unser-service\/alucalloff\/#breadcrumb","itemListElement":[{"@type":"ListItem","position":1,"name":"Frontpage","item":"https:\/\/makelaalu.fi\/de\/"},{"@type":"ListItem","position":2,"name":"Unser Service","item":"https:\/\/makelaalu.fi\/de\/unser-service\/"},{"@type":"ListItem","position":3,"name":"AluCallOff\u00ae"}]},{"@type":"WebSite","@id":"https:\/\/dev.makelaalu.fi\/#website","url":"https:\/\/dev.makelaalu.fi\/","name":"M&auml;kel&auml; Alu Oy","description":"Alumiiniprofiilien puristaminen vuosikymmenten kokemuksella.","potentialAction":[{"@type":"SearchAction","target":{"@type":"EntryPoint","urlTemplate":"https:\/\/dev.makelaalu.fi\/?s={search_term_string}"},"query-input":{"@type":"PropertyValueSpecification","valueRequired":true,"valueName":"search_term_string"}}],"inLanguage":"de"}]}},"_links":{"self":[{"href":"https:\/\/makelaalu.fi\/de\/wp-json\/wp\/v2\/pages\/7082","targetHints":{"allow":["GET"]}}],"collection":[{"href":"https:\/\/makelaalu.fi\/de\/wp-json\/wp\/v2\/pages"}],"about":[{"href":"https:\/\/makelaalu.fi\/de\/wp-json\/wp\/v2\/types\/page"}],"author":[{"embeddable":true,"href":"https:\/\/makelaalu.fi\/de\/wp-json\/wp\/v2\/users\/5"}],"replies":[{"embeddable":true,"href":"https:\/\/makelaalu.fi\/de\/wp-json\/wp\/v2\/comments?post=7082"}],"version-history":[{"count":12,"href":"https:\/\/makelaalu.fi\/de\/wp-json\/wp\/v2\/pages\/7082\/revisions"}],"predecessor-version":[{"id":8520,"href":"https:\/\/makelaalu.fi\/de\/wp-json\/wp\/v2\/pages\/7082\/revisions\/8520"}],"up":[{"embeddable":true,"href":"https:\/\/makelaalu.fi\/de\/wp-json\/wp\/v2\/pages\/7073"}],"wp:attachment":[{"href":"https:\/\/makelaalu.fi\/de\/wp-json\/wp\/v2\/media?parent=7082"}],"curies":[{"name":"wp","href":"https:\/\/api.w.org\/{rel}","templated":true}]}}