{"id":7092,"date":"2022-04-04T14:57:52","date_gmt":"2022-04-04T11:57:52","guid":{"rendered":"https:\/\/dev.makelaalu.fi\/?page_id=7092"},"modified":"2022-05-14T19:42:37","modified_gmt":"2022-05-14T16:42:37","slug":"aludesign","status":"publish","type":"page","link":"https:\/\/makelaalu.fi\/de\/unser-service\/aludesign\/","title":{"rendered":"AluDesign"},"content":{"rendered":"<h2>AluDesign\u00ae-Planungsservice<\/h2>\n<article class=\"caption\">\n<h4 class=\"caption\">Das AluDesign\u00ae-Servicekonzept dient dazu, gemeinsam mit dem Kunden m\u00f6glichst kosteneffiziente Aluminiumprofile zu planen. Beste Resultate lassen sich erzielen, wenn wir bereits am Anfangsstadium der Produktentwicklung \u2013 wenn m\u00f6glich schon bei der ersten Idee \u2013 mitwirken d\u00fcrfen.<\/h4>\n<p><img loading=\"lazy\" decoding=\"async\" class=\"alignnone wp-image-6325\" src=\"https:\/\/makelaalu.fi\/wp-content\/uploads\/2022\/03\/DSF1455-300x194.jpg\" alt=\"\" width=\"1200\" height=\"775\" srcset=\"https:\/\/makelaalu.fi\/wp-content\/uploads\/2022\/03\/DSF1455-300x194.jpg 300w, https:\/\/makelaalu.fi\/wp-content\/uploads\/2022\/03\/DSF1455-1024x661.jpg 1024w, https:\/\/makelaalu.fi\/wp-content\/uploads\/2022\/03\/DSF1455-768x496.jpg 768w, https:\/\/makelaalu.fi\/wp-content\/uploads\/2022\/03\/DSF1455-1536x992.jpg 1536w, https:\/\/makelaalu.fi\/wp-content\/uploads\/2022\/03\/DSF1455-2048x1322.jpg 2048w, https:\/\/makelaalu.fi\/wp-content\/uploads\/2022\/03\/DSF1455-500x323.jpg 500w\" sizes=\"auto, (max-width: 1200px) 100vw, 1200px\" \/><\/p>\n<\/article>\n<p>Es ist uns wichtig, dass Kunden, die bei uns Aluminiumprofile bestellen, sicher sein k\u00f6nnen, dass sie genau das Aluminiumprofil erhalten, das sie f\u00fcr ihre Anwendung ben\u00f6tigen.<\/p>\n<p>Um ein bestm\u00f6gliches Resultat zu gew\u00e4hrleisten, bedarf es einer guten Planung. Diese beginnt bei der Ermittlung der Kundenbed\u00fcrfnisse und der Anforderungen an das Produkt. Unsere fachkundigen Berater stehen Ihnen z.B. bei der Planung von Mechanik und Montage sowie bei der Erstellung von Images und 3D-Modellen zur Seite.<\/p>\n<h3>So geht das<\/h3>\n<p>Der Vorteil des AluDesign\u00ae-Dienstes f\u00fcr den Kunden: genau auf Kundenbed\u00fcrfnisse zugeschnittene Profile, und zwar unter Einbeziehung eines Profidesigners, der zum Beispiel die geeignete Aluminiumlegierung und Profilbeschichtung festlegt. Bevor wir mit dem Entwurf beginnen, \u00fcberlegen wir gemeinsam, f\u00fcr welchen Einsatzzweck das Profil gesucht wird und welche Anforderungen es erf\u00fcllen muss. Der Kunde hat vielleicht nur eine Idee f\u00fcr ein Produkt oder schon einen fertigen Entwurf. Der Profildesigner entwirft dann mit Hilfe von CAD-Software die Pl\u00e4ne. Der Kunde erh\u00e4lt gebrauchsfertige Planbilder.<\/p>\n<p>Haben wir Ihr Interesse geweckt? Kontaktieren Sie unsere\u00a0<a href=\"https:\/\/makelaalu.fi\/de\/kontakt\/\">Verkaufsberater<\/a>\u00a0und sagen Sie uns, wie wir Ihnen helfen k\u00f6nnen!<\/p>\n","protected":false},"excerpt":{"rendered":"AluDesign\u00ae-Planungsservice Das AluDesign\u00ae-Servicekonzept dient dazu, gemeinsam mit dem Kunden m\u00f6glichst kosteneffiziente Aluminiumprofile zu planen. Beste Resultate lassen sich erzielen, wenn wir bereits am Anfangsstadium der Produktentwicklung \u2013 wenn m\u00f6glich schon bei der ersten Idee \u2013 mitwirken d\u00fcrfen. Es ist uns wichtig, dass Kunden, die bei uns Aluminiumprofile bestellen, sicher sein k\u00f6nnen, dass sie genau das Aluminiumprofil erhalten, das sie f\u00fcr ihre Anwendung ben\u00f6tigen. Um ein bestm\u00f6gliches Resultat zu gew\u00e4hrleisten, bedarf es einer guten Planung. Diese beginnt bei der Ermittlung der Kundenbed\u00fcrfnisse und der Anforderungen an das Produkt. Unsere fachkundigen Berater stehen Ihnen z.B. bei der Planung von Mechanik und Montage sowie bei der Erstellung von Images und 3D-Modellen zur Seite. So geht das Der Vorteil des AluDesign\u00ae-Dienstes f\u00fcr den Kunden: genau auf Kundenbed\u00fcrfnisse zugeschnittene Profile, und zwar unter Einbeziehung eines Profidesigners, der zum Beispiel die geeignete Aluminiumlegierung und Profilbeschichtung festlegt. Bevor wir mit dem Entwurf beginnen, \u00fcberlegen wir gemeinsam, f\u00fcr welchen Einsatzzweck das Profil gesucht wird und welche Anforderungen es erf\u00fcllen muss. Der Kunde hat vielleicht nur eine Idee f\u00fcr ein Produkt oder schon einen fertigen Entwurf. Der Profildesigner entwirft dann mit Hilfe von CAD-Software die Pl\u00e4ne. Der Kunde erh\u00e4lt gebrauchsfertige Planbilder. Haben wir Ihr Interesse geweckt? Kontaktieren Sie unsere\u00a0Verkaufsberater\u00a0und sagen Sie uns, wie wir Ihnen helfen k\u00f6nnen!","protected":false},"author":5,"featured_media":5998,"parent":7073,"menu_order":33,"comment_status":"closed","ping_status":"closed","template":"","meta":{"_acf_changed":false,"footnotes":""},"class_list":["post-7092","page","type-page","status-publish","has-post-thumbnail","hentry"],"acf":[],"yoast_head":"<!-- This site is optimized with the Yoast SEO plugin v27.3 - https:\/\/yoast.com\/product\/yoast-seo-wordpress\/ -->\n<title>AluDesign - Planungsservice f\u00fcr Aluminiumprofile<\/title>\n<meta name=\"description\" content=\"Das AluDesign\u00ae-Servicekonzept dient dazu, gemeinsam mit dem Kunden m\u00f6glichst kosteneffiziente Aluminiumprofile zu planen.\" \/>\n<meta name=\"robots\" content=\"index, follow, max-snippet:-1, max-image-preview:large, max-video-preview:-1\" \/>\n<link rel=\"canonical\" href=\"https:\/\/makelaalu.fi\/de\/unser-service\/aludesign\/\" \/>\n<meta property=\"og:locale\" content=\"de_DE\" \/>\n<meta property=\"og:type\" content=\"article\" \/>\n<meta property=\"og:title\" content=\"AluDesign - Planungsservice f\u00fcr Aluminiumprofile\" \/>\n<meta property=\"og:description\" content=\"Das AluDesign\u00ae-Servicekonzept dient dazu, gemeinsam mit dem Kunden m\u00f6glichst kosteneffiziente Aluminiumprofile zu planen.\" \/>\n<meta property=\"og:url\" content=\"https:\/\/makelaalu.fi\/de\/unser-service\/aludesign\/\" \/>\n<meta property=\"og:site_name\" content=\"M&auml;kel&auml; Alu Oy\" \/>\n<meta property=\"article:modified_time\" content=\"2022-05-14T16:42:37+00:00\" \/>\n<meta property=\"og:image\" content=\"https:\/\/dev.makelaalu.fi\/wp-content\/uploads\/2017\/03\/ma-cadsuunnittelu.jpg\" \/>\n\t<meta property=\"og:image:width\" content=\"600\" \/>\n\t<meta property=\"og:image:height\" content=\"300\" \/>\n\t<meta property=\"og:image:type\" content=\"image\/jpeg\" \/>\n<meta name=\"twitter:card\" content=\"summary_large_image\" \/>\n<meta name=\"twitter:label1\" content=\"Gesch\u00e4tzte Lesezeit\" \/>\n\t<meta name=\"twitter:data1\" content=\"2\u00a0Minuten\" \/>\n<script type=\"application\/ld+json\" class=\"yoast-schema-graph\">{\"@context\":\"https:\\\/\\\/schema.org\",\"@graph\":[{\"@type\":\"WebPage\",\"@id\":\"https:\\\/\\\/makelaalu.fi\\\/de\\\/unser-service\\\/aludesign\\\/\",\"url\":\"https:\\\/\\\/makelaalu.fi\\\/de\\\/unser-service\\\/aludesign\\\/\",\"name\":\"AluDesign - Planungsservice f\u00fcr Aluminiumprofile\",\"isPartOf\":{\"@id\":\"https:\\\/\\\/dev.makelaalu.fi\\\/#website\"},\"primaryImageOfPage\":{\"@id\":\"https:\\\/\\\/makelaalu.fi\\\/de\\\/unser-service\\\/aludesign\\\/#primaryimage\"},\"image\":{\"@id\":\"https:\\\/\\\/makelaalu.fi\\\/de\\\/unser-service\\\/aludesign\\\/#primaryimage\"},\"thumbnailUrl\":\"https:\\\/\\\/makelaalu.fi\\\/wp-content\\\/uploads\\\/2017\\\/03\\\/ma-cadsuunnittelu.jpg\",\"datePublished\":\"2022-04-04T11:57:52+00:00\",\"dateModified\":\"2022-05-14T16:42:37+00:00\",\"description\":\"Das AluDesign\u00ae-Servicekonzept dient dazu, gemeinsam mit dem Kunden m\u00f6glichst kosteneffiziente Aluminiumprofile zu planen.\",\"breadcrumb\":{\"@id\":\"https:\\\/\\\/makelaalu.fi\\\/de\\\/unser-service\\\/aludesign\\\/#breadcrumb\"},\"inLanguage\":\"de\",\"potentialAction\":[{\"@type\":\"ReadAction\",\"target\":[\"https:\\\/\\\/makelaalu.fi\\\/de\\\/unser-service\\\/aludesign\\\/\"]}]},{\"@type\":\"ImageObject\",\"inLanguage\":\"de\",\"@id\":\"https:\\\/\\\/makelaalu.fi\\\/de\\\/unser-service\\\/aludesign\\\/#primaryimage\",\"url\":\"https:\\\/\\\/makelaalu.fi\\\/wp-content\\\/uploads\\\/2017\\\/03\\\/ma-cadsuunnittelu.jpg\",\"contentUrl\":\"https:\\\/\\\/makelaalu.fi\\\/wp-content\\\/uploads\\\/2017\\\/03\\\/ma-cadsuunnittelu.jpg\",\"width\":600,\"height\":300},{\"@type\":\"BreadcrumbList\",\"@id\":\"https:\\\/\\\/makelaalu.fi\\\/de\\\/unser-service\\\/aludesign\\\/#breadcrumb\",\"itemListElement\":[{\"@type\":\"ListItem\",\"position\":1,\"name\":\"Frontpage\",\"item\":\"https:\\\/\\\/makelaalu.fi\\\/de\\\/\"},{\"@type\":\"ListItem\",\"position\":2,\"name\":\"Unser Service\",\"item\":\"https:\\\/\\\/makelaalu.fi\\\/de\\\/unser-service\\\/\"},{\"@type\":\"ListItem\",\"position\":3,\"name\":\"AluDesign\"}]},{\"@type\":\"WebSite\",\"@id\":\"https:\\\/\\\/dev.makelaalu.fi\\\/#website\",\"url\":\"https:\\\/\\\/dev.makelaalu.fi\\\/\",\"name\":\"M&auml;kel&auml; Alu Oy\",\"description\":\"Alumiiniprofiilien puristaminen vuosikymmenten kokemuksella.\",\"potentialAction\":[{\"@type\":\"SearchAction\",\"target\":{\"@type\":\"EntryPoint\",\"urlTemplate\":\"https:\\\/\\\/dev.makelaalu.fi\\\/?s={search_term_string}\"},\"query-input\":{\"@type\":\"PropertyValueSpecification\",\"valueRequired\":true,\"valueName\":\"search_term_string\"}}],\"inLanguage\":\"de\"}]}<\/script>\n<!-- \/ Yoast SEO plugin. -->","yoast_head_json":{"title":"AluDesign - Planungsservice f\u00fcr Aluminiumprofile","description":"Das AluDesign\u00ae-Servicekonzept dient dazu, gemeinsam mit dem Kunden m\u00f6glichst kosteneffiziente Aluminiumprofile zu planen.","robots":{"index":"index","follow":"follow","max-snippet":"max-snippet:-1","max-image-preview":"max-image-preview:large","max-video-preview":"max-video-preview:-1"},"canonical":"https:\/\/makelaalu.fi\/de\/unser-service\/aludesign\/","og_locale":"de_DE","og_type":"article","og_title":"AluDesign - Planungsservice f\u00fcr Aluminiumprofile","og_description":"Das AluDesign\u00ae-Servicekonzept dient dazu, gemeinsam mit dem Kunden m\u00f6glichst kosteneffiziente Aluminiumprofile zu planen.","og_url":"https:\/\/makelaalu.fi\/de\/unser-service\/aludesign\/","og_site_name":"M&auml;kel&auml; Alu Oy","article_modified_time":"2022-05-14T16:42:37+00:00","og_image":[{"width":600,"height":300,"url":"https:\/\/dev.makelaalu.fi\/wp-content\/uploads\/2017\/03\/ma-cadsuunnittelu.jpg","type":"image\/jpeg"}],"twitter_card":"summary_large_image","twitter_misc":{"Gesch\u00e4tzte Lesezeit":"2\u00a0Minuten"},"schema":{"@context":"https:\/\/schema.org","@graph":[{"@type":"WebPage","@id":"https:\/\/makelaalu.fi\/de\/unser-service\/aludesign\/","url":"https:\/\/makelaalu.fi\/de\/unser-service\/aludesign\/","name":"AluDesign - Planungsservice f\u00fcr Aluminiumprofile","isPartOf":{"@id":"https:\/\/dev.makelaalu.fi\/#website"},"primaryImageOfPage":{"@id":"https:\/\/makelaalu.fi\/de\/unser-service\/aludesign\/#primaryimage"},"image":{"@id":"https:\/\/makelaalu.fi\/de\/unser-service\/aludesign\/#primaryimage"},"thumbnailUrl":"https:\/\/makelaalu.fi\/wp-content\/uploads\/2017\/03\/ma-cadsuunnittelu.jpg","datePublished":"2022-04-04T11:57:52+00:00","dateModified":"2022-05-14T16:42:37+00:00","description":"Das AluDesign\u00ae-Servicekonzept dient dazu, gemeinsam mit dem Kunden m\u00f6glichst kosteneffiziente Aluminiumprofile zu planen.","breadcrumb":{"@id":"https:\/\/makelaalu.fi\/de\/unser-service\/aludesign\/#breadcrumb"},"inLanguage":"de","potentialAction":[{"@type":"ReadAction","target":["https:\/\/makelaalu.fi\/de\/unser-service\/aludesign\/"]}]},{"@type":"ImageObject","inLanguage":"de","@id":"https:\/\/makelaalu.fi\/de\/unser-service\/aludesign\/#primaryimage","url":"https:\/\/makelaalu.fi\/wp-content\/uploads\/2017\/03\/ma-cadsuunnittelu.jpg","contentUrl":"https:\/\/makelaalu.fi\/wp-content\/uploads\/2017\/03\/ma-cadsuunnittelu.jpg","width":600,"height":300},{"@type":"BreadcrumbList","@id":"https:\/\/makelaalu.fi\/de\/unser-service\/aludesign\/#breadcrumb","itemListElement":[{"@type":"ListItem","position":1,"name":"Frontpage","item":"https:\/\/makelaalu.fi\/de\/"},{"@type":"ListItem","position":2,"name":"Unser Service","item":"https:\/\/makelaalu.fi\/de\/unser-service\/"},{"@type":"ListItem","position":3,"name":"AluDesign"}]},{"@type":"WebSite","@id":"https:\/\/dev.makelaalu.fi\/#website","url":"https:\/\/dev.makelaalu.fi\/","name":"M&auml;kel&auml; Alu Oy","description":"Alumiiniprofiilien puristaminen vuosikymmenten kokemuksella.","potentialAction":[{"@type":"SearchAction","target":{"@type":"EntryPoint","urlTemplate":"https:\/\/dev.makelaalu.fi\/?s={search_term_string}"},"query-input":{"@type":"PropertyValueSpecification","valueRequired":true,"valueName":"search_term_string"}}],"inLanguage":"de"}]}},"_links":{"self":[{"href":"https:\/\/makelaalu.fi\/de\/wp-json\/wp\/v2\/pages\/7092","targetHints":{"allow":["GET"]}}],"collection":[{"href":"https:\/\/makelaalu.fi\/de\/wp-json\/wp\/v2\/pages"}],"about":[{"href":"https:\/\/makelaalu.fi\/de\/wp-json\/wp\/v2\/types\/page"}],"author":[{"embeddable":true,"href":"https:\/\/makelaalu.fi\/de\/wp-json\/wp\/v2\/users\/5"}],"replies":[{"embeddable":true,"href":"https:\/\/makelaalu.fi\/de\/wp-json\/wp\/v2\/comments?post=7092"}],"version-history":[{"count":8,"href":"https:\/\/makelaalu.fi\/de\/wp-json\/wp\/v2\/pages\/7092\/revisions"}],"predecessor-version":[{"id":8235,"href":"https:\/\/makelaalu.fi\/de\/wp-json\/wp\/v2\/pages\/7092\/revisions\/8235"}],"up":[{"embeddable":true,"href":"https:\/\/makelaalu.fi\/de\/wp-json\/wp\/v2\/pages\/7073"}],"wp:featuredmedia":[{"embeddable":true,"href":"https:\/\/makelaalu.fi\/de\/wp-json\/wp\/v2\/media\/5998"}],"wp:attachment":[{"href":"https:\/\/makelaalu.fi\/de\/wp-json\/wp\/v2\/media?parent=7092"}],"curies":[{"name":"wp","href":"https:\/\/api.w.org\/{rel}","templated":true}]}}