{"id":7097,"date":"2022-04-04T15:03:11","date_gmt":"2022-04-04T12:03:11","guid":{"rendered":"https:\/\/dev.makelaalu.fi\/?page_id=7097"},"modified":"2022-05-14T19:49:20","modified_gmt":"2022-05-14T16:49:20","slug":"alustorage","status":"publish","type":"page","link":"https:\/\/makelaalu.fi\/de\/unser-service\/alustorage\/","title":{"rendered":"AluStorage\u00ae"},"content":{"rendered":"<h2>AluStorage\u00ae-Service in unserem Lager<\/h2>\n<h4>Mit AluStorage\u00ae lagern wir Ihre Aluminiumprofile in unserem Lager in Luoma-aho oder Voikkaa, Kuusankoski.<\/h4>\n<p><img loading=\"lazy\" decoding=\"async\" class=\"alignnone wp-image-6188\" src=\"https:\/\/makelaalu.fi\/wp-content\/uploads\/2022\/02\/makelaalu_alustorage-300x200.jpg\" alt=\"\" width=\"1200\" height=\"800\" srcset=\"https:\/\/makelaalu.fi\/wp-content\/uploads\/2022\/02\/makelaalu_alustorage-300x200.jpg 300w, https:\/\/makelaalu.fi\/wp-content\/uploads\/2022\/02\/makelaalu_alustorage-1024x683.jpg 1024w, https:\/\/makelaalu.fi\/wp-content\/uploads\/2022\/02\/makelaalu_alustorage-768x512.jpg 768w, https:\/\/makelaalu.fi\/wp-content\/uploads\/2022\/02\/makelaalu_alustorage-1536x1024.jpg 1536w, https:\/\/makelaalu.fi\/wp-content\/uploads\/2022\/02\/makelaalu_alustorage-1170x780.jpg 1170w, https:\/\/makelaalu.fi\/wp-content\/uploads\/2022\/02\/makelaalu_alustorage-500x333.jpg 500w, https:\/\/makelaalu.fi\/wp-content\/uploads\/2022\/02\/makelaalu_alustorage.jpg 1920w\" sizes=\"auto, (max-width: 1200px) 100vw, 1200px\" \/><\/p>\n<p>Die Haltung und Auff\u00fcllung des Lagers erfolgen automatisch mit unserem System im mit unseren Kunden vereinbarten Umfang. Wir k\u00fcmmern uns darum, dass Sie immer die f\u00fcr Ihr Unternehmen richtige Menge Profile lagernd haben. Durch die automatisierte \u00dcberwachung bleibt der Lagerbestand immer auf der gew\u00fcnschten H\u00f6he, so dass Sie nur die Bestellung abgeben und auf die Lieferung warten m\u00fcssen.<\/p>\n<h3>So geht das<\/h3>\n<p>Bei AluStorage\u00ae bestimmen wir zun\u00e4chst f\u00fcr jeden Kunden den geeigneten Lagerstand, der den Kundenbed\u00fcrfnissen entspricht. Das <a href=\"https:\/\/makelaalu.fi\/de\/unser-service\/aluvendor\/\">AluVendor-System<\/a> \u00fcberwacht den Lagerstand automatisch, und unsere Produktion liefert entsprechend den vereinbarten Liefermengen Nachschub. Wenn Sie Bedarf an Profilen haben, bestellen Sie einfach die ben\u00f6tigte Menge aus Ihrem Kontingent. Ihre Bestellung wird ausgeliefert, und Ihr Kontostand wird automatisch aktualisiert.<\/p>\n<p>In unserer Animation k\u00f6nnen Sie sehen, wie einfach das Ganze in der Praxis funktioniert.<\/p>\n<p><iframe loading=\"lazy\" title=\"AluStorage DE Subtitle\" width=\"640\" height=\"360\" src=\"https:\/\/www.youtube.com\/embed\/1Oiyxf3QLNE?feature=oembed\" frameborder=\"0\" allow=\"accelerometer; autoplay; clipboard-write; encrypted-media; gyroscope; picture-in-picture; web-share\" referrerpolicy=\"strict-origin-when-cross-origin\" allowfullscreen><\/iframe><\/p>\n<p><span style=\"font-weight: 300;\">N\u00e4here Informationen erhalten Sie bei unseren <\/span><a style=\"font-weight: 300;\" href=\"https:\/\/makelaalu.fi\/de\/kontakt\/\">Verkaufsberatern<\/a><span style=\"font-weight: 300;\">.<\/span><\/p>\n","protected":false},"excerpt":{"rendered":"AluStorage\u00ae-Service in unserem Lager Mit AluStorage\u00ae lagern wir Ihre Aluminiumprofile in unserem Lager in Luoma-aho oder Voikkaa, Kuusankoski. Die Haltung und Auff\u00fcllung des Lagers erfolgen automatisch mit unserem System im mit unseren Kunden vereinbarten Umfang. Wir k\u00fcmmern uns darum, dass Sie immer die f\u00fcr Ihr Unternehmen richtige Menge Profile lagernd haben. Durch die automatisierte \u00dcberwachung bleibt der Lagerbestand immer auf der gew\u00fcnschten H\u00f6he, so dass Sie nur die Bestellung abgeben und auf die Lieferung warten m\u00fcssen. So geht das Bei AluStorage\u00ae bestimmen wir zun\u00e4chst f\u00fcr jeden Kunden den geeigneten Lagerstand, der den Kundenbed\u00fcrfnissen entspricht. Das AluVendor-System \u00fcberwacht den Lagerstand automatisch, und unsere Produktion liefert entsprechend den vereinbarten Liefermengen Nachschub. Wenn Sie Bedarf an Profilen haben, bestellen Sie einfach die ben\u00f6tigte Menge aus Ihrem Kontingent. Ihre Bestellung wird ausgeliefert, und Ihr Kontostand wird automatisch aktualisiert. In unserer Animation k\u00f6nnen Sie sehen, wie einfach das Ganze in der Praxis funktioniert. N\u00e4here Informationen erhalten Sie bei unseren Verkaufsberatern.","protected":false},"author":5,"featured_media":0,"parent":7073,"menu_order":36,"comment_status":"closed","ping_status":"closed","template":"","meta":{"_acf_changed":false,"footnotes":""},"class_list":["post-7097","page","type-page","status-publish","hentry"],"acf":[],"yoast_head":"<!-- This site is optimized with the Yoast SEO plugin v27.3 - https:\/\/yoast.com\/product\/yoast-seo-wordpress\/ -->\n<title>AluStorage\u00ae - Lagerservice f\u00fcr Aluminiumprofile<\/title>\n<meta name=\"description\" content=\"Mit AluStorage\u00ae lagerservice lagern wir Ihre Aluminiumprofile in unserem Lager in Luoma-aho oder Voikkaa, Kuusankoski.\" \/>\n<meta name=\"robots\" content=\"index, follow, max-snippet:-1, max-image-preview:large, max-video-preview:-1\" \/>\n<link rel=\"canonical\" href=\"https:\/\/makelaalu.fi\/de\/unser-service\/alustorage\/\" \/>\n<meta property=\"og:locale\" content=\"de_DE\" \/>\n<meta property=\"og:type\" content=\"article\" \/>\n<meta property=\"og:title\" content=\"AluStorage\u00ae - Lagerservice f\u00fcr Aluminiumprofile\" \/>\n<meta property=\"og:description\" content=\"Mit AluStorage\u00ae lagerservice lagern wir Ihre Aluminiumprofile in unserem Lager in Luoma-aho oder Voikkaa, Kuusankoski.\" \/>\n<meta property=\"og:url\" content=\"https:\/\/makelaalu.fi\/de\/unser-service\/alustorage\/\" \/>\n<meta property=\"og:site_name\" content=\"M&auml;kel&auml; Alu Oy\" \/>\n<meta property=\"article:modified_time\" content=\"2022-05-14T16:49:20+00:00\" \/>\n<meta property=\"og:image\" content=\"https:\/\/dev.makelaalu.fi\/wp-content\/uploads\/2022\/02\/makelaalu_alustorage-300x200.jpg\" \/>\n<meta name=\"twitter:card\" content=\"summary_large_image\" \/>\n<meta name=\"twitter:label1\" content=\"Gesch\u00e4tzte Lesezeit\" \/>\n\t<meta name=\"twitter:data1\" content=\"1\u00a0Minute\" \/>\n<script type=\"application\/ld+json\" class=\"yoast-schema-graph\">{\"@context\":\"https:\\\/\\\/schema.org\",\"@graph\":[{\"@type\":\"WebPage\",\"@id\":\"https:\\\/\\\/makelaalu.fi\\\/de\\\/unser-service\\\/alustorage\\\/\",\"url\":\"https:\\\/\\\/makelaalu.fi\\\/de\\\/unser-service\\\/alustorage\\\/\",\"name\":\"AluStorage\u00ae - Lagerservice f\u00fcr Aluminiumprofile\",\"isPartOf\":{\"@id\":\"https:\\\/\\\/dev.makelaalu.fi\\\/#website\"},\"primaryImageOfPage\":{\"@id\":\"https:\\\/\\\/makelaalu.fi\\\/de\\\/unser-service\\\/alustorage\\\/#primaryimage\"},\"image\":{\"@id\":\"https:\\\/\\\/makelaalu.fi\\\/de\\\/unser-service\\\/alustorage\\\/#primaryimage\"},\"thumbnailUrl\":\"https:\\\/\\\/makelaalu.fi\\\/wp-content\\\/uploads\\\/2022\\\/02\\\/makelaalu_alustorage-300x200.jpg\",\"datePublished\":\"2022-04-04T12:03:11+00:00\",\"dateModified\":\"2022-05-14T16:49:20+00:00\",\"description\":\"Mit AluStorage\u00ae lagerservice lagern wir Ihre Aluminiumprofile in unserem Lager in Luoma-aho oder Voikkaa, Kuusankoski.\",\"breadcrumb\":{\"@id\":\"https:\\\/\\\/makelaalu.fi\\\/de\\\/unser-service\\\/alustorage\\\/#breadcrumb\"},\"inLanguage\":\"de\",\"potentialAction\":[{\"@type\":\"ReadAction\",\"target\":[\"https:\\\/\\\/makelaalu.fi\\\/de\\\/unser-service\\\/alustorage\\\/\"]}]},{\"@type\":\"ImageObject\",\"inLanguage\":\"de\",\"@id\":\"https:\\\/\\\/makelaalu.fi\\\/de\\\/unser-service\\\/alustorage\\\/#primaryimage\",\"url\":\"https:\\\/\\\/makelaalu.fi\\\/wp-content\\\/uploads\\\/2022\\\/02\\\/makelaalu_alustorage-300x200.jpg\",\"contentUrl\":\"https:\\\/\\\/makelaalu.fi\\\/wp-content\\\/uploads\\\/2022\\\/02\\\/makelaalu_alustorage-300x200.jpg\"},{\"@type\":\"BreadcrumbList\",\"@id\":\"https:\\\/\\\/makelaalu.fi\\\/de\\\/unser-service\\\/alustorage\\\/#breadcrumb\",\"itemListElement\":[{\"@type\":\"ListItem\",\"position\":1,\"name\":\"Frontpage\",\"item\":\"https:\\\/\\\/makelaalu.fi\\\/de\\\/\"},{\"@type\":\"ListItem\",\"position\":2,\"name\":\"Unser Service\",\"item\":\"https:\\\/\\\/makelaalu.fi\\\/de\\\/unser-service\\\/\"},{\"@type\":\"ListItem\",\"position\":3,\"name\":\"AluStorage\u00ae\"}]},{\"@type\":\"WebSite\",\"@id\":\"https:\\\/\\\/dev.makelaalu.fi\\\/#website\",\"url\":\"https:\\\/\\\/dev.makelaalu.fi\\\/\",\"name\":\"M&auml;kel&auml; Alu Oy\",\"description\":\"Alumiiniprofiilien puristaminen vuosikymmenten kokemuksella.\",\"potentialAction\":[{\"@type\":\"SearchAction\",\"target\":{\"@type\":\"EntryPoint\",\"urlTemplate\":\"https:\\\/\\\/dev.makelaalu.fi\\\/?s={search_term_string}\"},\"query-input\":{\"@type\":\"PropertyValueSpecification\",\"valueRequired\":true,\"valueName\":\"search_term_string\"}}],\"inLanguage\":\"de\"}]}<\/script>\n<!-- \/ Yoast SEO plugin. -->","yoast_head_json":{"title":"AluStorage\u00ae - Lagerservice f\u00fcr Aluminiumprofile","description":"Mit AluStorage\u00ae lagerservice lagern wir Ihre Aluminiumprofile in unserem Lager in Luoma-aho oder Voikkaa, Kuusankoski.","robots":{"index":"index","follow":"follow","max-snippet":"max-snippet:-1","max-image-preview":"max-image-preview:large","max-video-preview":"max-video-preview:-1"},"canonical":"https:\/\/makelaalu.fi\/de\/unser-service\/alustorage\/","og_locale":"de_DE","og_type":"article","og_title":"AluStorage\u00ae - Lagerservice f\u00fcr Aluminiumprofile","og_description":"Mit AluStorage\u00ae lagerservice lagern wir Ihre Aluminiumprofile in unserem Lager in Luoma-aho oder Voikkaa, Kuusankoski.","og_url":"https:\/\/makelaalu.fi\/de\/unser-service\/alustorage\/","og_site_name":"M&auml;kel&auml; Alu Oy","article_modified_time":"2022-05-14T16:49:20+00:00","og_image":[{"url":"https:\/\/dev.makelaalu.fi\/wp-content\/uploads\/2022\/02\/makelaalu_alustorage-300x200.jpg","type":"","width":"","height":""}],"twitter_card":"summary_large_image","twitter_misc":{"Gesch\u00e4tzte Lesezeit":"1\u00a0Minute"},"schema":{"@context":"https:\/\/schema.org","@graph":[{"@type":"WebPage","@id":"https:\/\/makelaalu.fi\/de\/unser-service\/alustorage\/","url":"https:\/\/makelaalu.fi\/de\/unser-service\/alustorage\/","name":"AluStorage\u00ae - Lagerservice f\u00fcr Aluminiumprofile","isPartOf":{"@id":"https:\/\/dev.makelaalu.fi\/#website"},"primaryImageOfPage":{"@id":"https:\/\/makelaalu.fi\/de\/unser-service\/alustorage\/#primaryimage"},"image":{"@id":"https:\/\/makelaalu.fi\/de\/unser-service\/alustorage\/#primaryimage"},"thumbnailUrl":"https:\/\/makelaalu.fi\/wp-content\/uploads\/2022\/02\/makelaalu_alustorage-300x200.jpg","datePublished":"2022-04-04T12:03:11+00:00","dateModified":"2022-05-14T16:49:20+00:00","description":"Mit AluStorage\u00ae lagerservice lagern wir Ihre Aluminiumprofile in unserem Lager in Luoma-aho oder Voikkaa, Kuusankoski.","breadcrumb":{"@id":"https:\/\/makelaalu.fi\/de\/unser-service\/alustorage\/#breadcrumb"},"inLanguage":"de","potentialAction":[{"@type":"ReadAction","target":["https:\/\/makelaalu.fi\/de\/unser-service\/alustorage\/"]}]},{"@type":"ImageObject","inLanguage":"de","@id":"https:\/\/makelaalu.fi\/de\/unser-service\/alustorage\/#primaryimage","url":"https:\/\/makelaalu.fi\/wp-content\/uploads\/2022\/02\/makelaalu_alustorage-300x200.jpg","contentUrl":"https:\/\/makelaalu.fi\/wp-content\/uploads\/2022\/02\/makelaalu_alustorage-300x200.jpg"},{"@type":"BreadcrumbList","@id":"https:\/\/makelaalu.fi\/de\/unser-service\/alustorage\/#breadcrumb","itemListElement":[{"@type":"ListItem","position":1,"name":"Frontpage","item":"https:\/\/makelaalu.fi\/de\/"},{"@type":"ListItem","position":2,"name":"Unser Service","item":"https:\/\/makelaalu.fi\/de\/unser-service\/"},{"@type":"ListItem","position":3,"name":"AluStorage\u00ae"}]},{"@type":"WebSite","@id":"https:\/\/dev.makelaalu.fi\/#website","url":"https:\/\/dev.makelaalu.fi\/","name":"M&auml;kel&auml; Alu Oy","description":"Alumiiniprofiilien puristaminen vuosikymmenten kokemuksella.","potentialAction":[{"@type":"SearchAction","target":{"@type":"EntryPoint","urlTemplate":"https:\/\/dev.makelaalu.fi\/?s={search_term_string}"},"query-input":{"@type":"PropertyValueSpecification","valueRequired":true,"valueName":"search_term_string"}}],"inLanguage":"de"}]}},"_links":{"self":[{"href":"https:\/\/makelaalu.fi\/de\/wp-json\/wp\/v2\/pages\/7097","targetHints":{"allow":["GET"]}}],"collection":[{"href":"https:\/\/makelaalu.fi\/de\/wp-json\/wp\/v2\/pages"}],"about":[{"href":"https:\/\/makelaalu.fi\/de\/wp-json\/wp\/v2\/types\/page"}],"author":[{"embeddable":true,"href":"https:\/\/makelaalu.fi\/de\/wp-json\/wp\/v2\/users\/5"}],"replies":[{"embeddable":true,"href":"https:\/\/makelaalu.fi\/de\/wp-json\/wp\/v2\/comments?post=7097"}],"version-history":[{"count":12,"href":"https:\/\/makelaalu.fi\/de\/wp-json\/wp\/v2\/pages\/7097\/revisions"}],"predecessor-version":[{"id":8239,"href":"https:\/\/makelaalu.fi\/de\/wp-json\/wp\/v2\/pages\/7097\/revisions\/8239"}],"up":[{"embeddable":true,"href":"https:\/\/makelaalu.fi\/de\/wp-json\/wp\/v2\/pages\/7073"}],"wp:attachment":[{"href":"https:\/\/makelaalu.fi\/de\/wp-json\/wp\/v2\/media?parent=7097"}],"curies":[{"name":"wp","href":"https:\/\/api.w.org\/{rel}","templated":true}]}}