{"id":7125,"date":"2022-04-04T15:21:59","date_gmt":"2022-04-04T12:21:59","guid":{"rendered":"https:\/\/dev.makelaalu.fi\/?page_id=7125"},"modified":"2023-10-23T14:20:08","modified_gmt":"2023-10-23T11:20:08","slug":"unternehmen","status":"publish","type":"page","link":"https:\/\/makelaalu.fi\/de\/unternehmen\/","title":{"rendered":"Unternehmen"},"content":{"rendered":"<div class=\"wpb-content-wrapper\"><p>[vc_row lg_spacing=&#8220;padding_top:60;padding_bottom:20&#8243;][vc_column][vc_row_inner][vc_column_inner][vc_column_text]<\/p>\n<h2>Wir verbessern st\u00e4ndig unsere Produktionsanlagen, unsere Logistik und unser Know-how<\/h2>\n<h4>Unsere Produktion besteht zu ca. 90\u00a0% aus nach Kundenangaben ma\u00dfgeschneiderten Aluminiumprofilen. Neben der Produktion von Aluminiumprofilen bieten unsere vielseitige Logistik und zus\u00e4tzliche Dienstleistungen einen Mehrwert f\u00fcr unsere Kunden, zum Beispiel bei der Minimierung von Lagerkosten: Bei Bedarf lagern wir die Profile des Kunden in unseren eigenen Anlagen.<\/h4>\n<p>[\/vc_column_text][\/vc_column_inner][\/vc_row_inner][\/vc_column][\/vc_row][vc_row][vc_column][vc_row_inner][vc_column_inner][vc_column_text]Mit unserem <a href=\"https:\/\/makelaalu.fi\/de\/weiterverarbeitung\/\">Netzwerk an Fachwissen<\/a> k\u00f6nnen wir auch die anspruchsvollsten zus\u00e4tzlichen Dienstleistungen und Behandlungen anbieten, von der CNC-Bearbeitung und Musterbeschichtung bis zum Schleifen, Polieren und Montieren. Entdecken Sie <a href=\"https:\/\/makelaalu.fi\/de\/unser-service\/\">hier<\/a> unsere Dienstleistungen in den Bereichen Lagerhaltung, Logistik und Oberfl\u00e4chenbehandlung, das AluServices-Konzept.<\/p>\n<p>Schauen Sie sich unser neuestes Video an, um unseren Betrieb und unsere R\u00e4umlichkeiten kennenzulernen.[\/vc_column_text][vc_video link=&#8220;https:\/\/youtu.be\/GFO00m-Zeew&#8220; el_width=&#8220;90&#8243; align=&#8220;center&#8220;][\/vc_column_inner][\/vc_row_inner][\/vc_column][\/vc_row][vc_row lg_spacing=&#8220;padding_top:60;padding_bottom:40&#8243;][vc_column][vc_row_inner lg_spacing=&#8220;padding_bottom:20&#8243;][vc_column_inner][vc_text_separator title=&#8220;Unsere Standorte&#8220;][\/vc_column_inner][\/vc_row_inner][vc_row_inner lg_spacing=&#8220;padding_bottom:30&#8243;][vc_column_inner width=&#8220;1\/2&#8243;][vc_column_text]<\/p>\n<h3>Luoma-aho<\/h3>\n<p>Unser Hauptsitz in Luoma-aho, Alaj\u00e4rvi, beherbergt eine eigene Gie\u00dferei, ein Strangpresswerk, vertikale und horizontale Beschichtungsanlagen, eine Anodisierungsanlage und unser Vertriebsb\u00fcro f\u00fcr Finnland. M\u00e4kel\u00e4 Alu wurde 1937 an diesem Standort gegr\u00fcndet. Lesen Sie mehr \u00fcber unsere Geschichte in unserer <a href=\"https:\/\/makelaalu.fi\/de\/unternehmen\/unsere-geschichte\/\">Unternehmensgeschichte<\/a>. Das Werksgel\u00e4nde in Luoma-aho ist eine kompakte Anlage, um den herum sich im Laufe der Jahre ein bedeutendes Netz von Kooperationspartnern und anderen Akteuren der Aluminiumindustrie entwickelt hat.[\/vc_column_text][\/vc_column_inner][vc_column_inner width=&#8220;1\/2&#8243;][vc_single_image image=&#8220;6523&#8243; img_size=&#8220;1200&#215;600&#8243;][\/vc_column_inner][\/vc_row_inner][vc_row_inner lg_spacing=&#8220;padding_bottom:30&#8243;][vc_column_inner width=&#8220;1\/2&#8243;][vc_single_image image=&#8220;6527&#8243; img_size=&#8220;1200&#215;600&#8243;][\/vc_column_inner][vc_column_inner width=&#8220;1\/2&#8243;][vc_column_text]<\/p>\n<h3>Voikkaa<\/h3>\n<p>In unserem zweiten Standort Voikkaa im Ort Kuusankoski befinden sich unsere zweite vertikale Beschichtungsanlage und unser Lager. In der Voikkaa-Beschichtungsanlage sind rund 20 Personen besch\u00e4ftigt. Der Standort Voikkaa eignet sich hervorragend f\u00fcr unsere Lieferungen in S\u00fcdfinnland.[\/vc_column_text][\/vc_column_inner][\/vc_row_inner][vc_row_inner lg_spacing=&#8220;padding_bottom:30&#8243;][vc_column_inner width=&#8220;1\/2&#8243;][vc_column_text]<\/p>\n<h3>M\u00e4kel\u00e4 Alu AB<\/h3>\n<p>Die schwedische Tochtergesellschaft von M\u00e4kel\u00e4 Alu ist f\u00fcr den Verkauf in Schweden zust\u00e4ndig. Unser B\u00fcro befindet sich in \u00c5seda.[\/vc_column_text][\/vc_column_inner][vc_column_inner width=&#8220;1\/2&#8243;][vc_column_text][\/vc_column_text][\/vc_column_inner][\/vc_row_inner][\/vc_column][\/vc_row]<\/p>\n<\/div>","protected":false},"excerpt":{"rendered":"[vc_row lg_spacing=&#8220;padding_top:60;padding_bottom:20&#8243;][vc_column][vc_row_inner][vc_column_inner][vc_column_text] Wir verbessern st\u00e4ndig unsere Produktionsanlagen, unsere Logistik und unser Know-how Unsere Produktion besteht zu ca. 90\u00a0% aus nach Kundenangaben ma\u00dfgeschneiderten Aluminiumprofilen. Neben der Produktion von Aluminiumprofilen bieten unsere vielseitige Logistik und zus\u00e4tzliche Dienstleistungen einen Mehrwert f\u00fcr unsere Kunden, zum Beispiel bei der Minimierung von Lagerkosten: Bei Bedarf lagern wir die Profile des Kunden in unseren eigenen Anlagen. [\/vc_column_text][\/vc_column_inner][\/vc_row_inner][\/vc_column][\/vc_row][vc_row][vc_column][vc_row_inner][vc_column_inner][vc_column_text]Mit unserem Netzwerk an Fachwissen k\u00f6nnen wir auch die anspruchsvollsten zus\u00e4tzlichen Dienstleistungen und Behandlungen anbieten, von der CNC-Bearbeitung und Musterbeschichtung bis zum Schleifen, Polieren und Montieren. Entdecken Sie hier unsere Dienstleistungen in den Bereichen Lagerhaltung, Logistik und Oberfl\u00e4chenbehandlung, das AluServices-Konzept. Schauen Sie sich unser neuestes Video an, um unseren Betrieb und unsere R\u00e4umlichkeiten kennenzulernen.[\/vc_column_text][vc_video link=&#8220;https:\/\/youtu.be\/GFO00m-Zeew&#8220; el_width=&#8220;90&#8243; align=&#8220;center&#8220;][\/vc_column_inner][\/vc_row_inner][\/vc_column][\/vc_row][vc_row lg_spacing=&#8220;padding_top:60;padding_bottom:40&#8243;][vc_column][vc_row_inner lg_spacing=&#8220;padding_bottom:20&#8243;][vc_column_inner][vc_text_separator title=&#8220;Unsere Standorte&#8220;][\/vc_column_inner][\/vc_row_inner][vc_row_inner lg_spacing=&#8220;padding_bottom:30&#8243;][vc_column_inner width=&#8220;1\/2&#8243;][vc_column_text] Luoma-aho Unser Hauptsitz in Luoma-aho, Alaj\u00e4rvi, beherbergt eine eigene Gie\u00dferei, ein Strangpresswerk, vertikale und horizontale Beschichtungsanlagen, eine Anodisierungsanlage und unser Vertriebsb\u00fcro f\u00fcr Finnland. M\u00e4kel\u00e4 Alu wurde 1937 an diesem Standort gegr\u00fcndet. Lesen Sie mehr \u00fcber unsere Geschichte in unserer Unternehmensgeschichte. Das Werksgel\u00e4nde in Luoma-aho ist eine kompakte Anlage, um den herum sich im Laufe der Jahre ein bedeutendes Netz von Kooperationspartnern und anderen Akteuren der Aluminiumindustrie entwickelt hat.[\/vc_column_text][\/vc_column_inner][vc_column_inner width=&#8220;1\/2&#8243;][vc_single_image image=&#8220;6523&#8243; img_size=&#8220;1200&#215;600&#8243;][\/vc_column_inner][\/vc_row_inner][vc_row_inner lg_spacing=&#8220;padding_bottom:30&#8243;][vc_column_inner width=&#8220;1\/2&#8243;][vc_single_image image=&#8220;6527&#8243; img_size=&#8220;1200&#215;600&#8243;][\/vc_column_inner][vc_column_inner width=&#8220;1\/2&#8243;][vc_column_text] Voikkaa In unserem zweiten Standort Voikkaa im Ort Kuusankoski befinden sich unsere zweite vertikale Beschichtungsanlage und unser Lager. In der Voikkaa-Beschichtungsanlage sind rund 20 Personen besch\u00e4ftigt. Der Standort Voikkaa eignet sich hervorragend f\u00fcr unsere Lieferungen in S\u00fcdfinnland.[\/vc_column_text][\/vc_column_inner][\/vc_row_inner][vc_row_inner lg_spacing=&#8220;padding_bottom:30&#8243;][vc_column_inner width=&#8220;1\/2&#8243;][vc_column_text] M\u00e4kel\u00e4 Alu AB Die schwedische Tochtergesellschaft von M\u00e4kel\u00e4 Alu ist f\u00fcr den Verkauf in Schweden zust\u00e4ndig. Unser B\u00fcro befindet sich in \u00c5seda.[\/vc_column_text][\/vc_column_inner][vc_column_inner width=&#8220;1\/2&#8243;][vc_column_text][\/vc_column_text][\/vc_column_inner][\/vc_row_inner][\/vc_column][\/vc_row]","protected":false},"author":5,"featured_media":0,"parent":0,"menu_order":64,"comment_status":"closed","ping_status":"closed","template":"","meta":{"_acf_changed":false,"footnotes":""},"class_list":["post-7125","page","type-page","status-publish","hentry"],"acf":[],"yoast_head":"<!-- This site is optimized with the Yoast SEO plugin v27.3 - https:\/\/yoast.com\/product\/yoast-seo-wordpress\/ -->\n<title>Unternehmen - M&auml;kel&auml; Alu Oy<\/title>\n<meta name=\"robots\" content=\"index, follow, max-snippet:-1, max-image-preview:large, max-video-preview:-1\" \/>\n<link rel=\"canonical\" href=\"https:\/\/makelaalu.fi\/de\/unternehmen\/\" \/>\n<meta property=\"og:locale\" content=\"de_DE\" \/>\n<meta property=\"og:type\" content=\"article\" \/>\n<meta property=\"og:title\" content=\"Unternehmen - M&auml;kel&auml; Alu Oy\" \/>\n<meta property=\"og:description\" content=\"[vc_row lg_spacing=&#8220;padding_top:60;padding_bottom:20&#8243;][vc_column][vc_row_inner][vc_column_inner][vc_column_text] Wir verbessern st\u00e4ndig unsere Produktionsanlagen, unsere Logistik und unser Know-how Unsere Produktion besteht zu ca. 90\u00a0% aus nach Kundenangaben ma\u00dfgeschneiderten Aluminiumprofilen. Neben der Produktion von Aluminiumprofilen bieten unsere vielseitige Logistik und zus\u00e4tzliche Dienstleistungen einen Mehrwert f\u00fcr unsere Kunden, zum Beispiel bei der Minimierung von Lagerkosten: Bei Bedarf lagern wir die Profile des Kunden in unseren eigenen Anlagen. [\/vc_column_text][\/vc_column_inner][\/vc_row_inner][\/vc_column][\/vc_row][vc_row][vc_column][vc_row_inner][vc_column_inner][vc_column_text]Mit unserem Netzwerk an Fachwissen k\u00f6nnen wir auch die anspruchsvollsten zus\u00e4tzlichen Dienstleistungen und Behandlungen anbieten, von der CNC-Bearbeitung und Musterbeschichtung bis zum Schleifen, Polieren und Montieren. Entdecken Sie hier unsere Dienstleistungen in den Bereichen Lagerhaltung, Logistik und Oberfl\u00e4chenbehandlung, das AluServices-Konzept. Schauen Sie sich unser neuestes Video an, um unseren Betrieb und unsere R\u00e4umlichkeiten kennenzulernen.[\/vc_column_text][vc_video link=&#8220;https:\/\/youtu.be\/GFO00m-Zeew&#8220; el_width=&#8220;90&#8243; align=&#8220;center&#8220;][\/vc_column_inner][\/vc_row_inner][\/vc_column][\/vc_row][vc_row lg_spacing=&#8220;padding_top:60;padding_bottom:40&#8243;][vc_column][vc_row_inner lg_spacing=&#8220;padding_bottom:20&#8243;][vc_column_inner][vc_text_separator title=&#8220;Unsere Standorte&#8220;][\/vc_column_inner][\/vc_row_inner][vc_row_inner lg_spacing=&#8220;padding_bottom:30&#8243;][vc_column_inner width=&#8220;1\/2&#8243;][vc_column_text] Luoma-aho Unser Hauptsitz in Luoma-aho, Alaj\u00e4rvi, beherbergt eine eigene Gie\u00dferei, ein Strangpresswerk, vertikale und horizontale Beschichtungsanlagen, eine Anodisierungsanlage und unser Vertriebsb\u00fcro f\u00fcr Finnland. M\u00e4kel\u00e4 Alu wurde 1937 an diesem Standort gegr\u00fcndet. Lesen Sie mehr \u00fcber unsere Geschichte in unserer Unternehmensgeschichte. Das Werksgel\u00e4nde in Luoma-aho ist eine kompakte Anlage, um den herum sich im Laufe der Jahre ein bedeutendes Netz von Kooperationspartnern und anderen Akteuren der Aluminiumindustrie entwickelt hat.[\/vc_column_text][\/vc_column_inner][vc_column_inner width=&#8220;1\/2&#8243;][vc_single_image image=&#8220;6523&#8243; img_size=&#8220;1200&#215;600&#8243;][\/vc_column_inner][\/vc_row_inner][vc_row_inner lg_spacing=&#8220;padding_bottom:30&#8243;][vc_column_inner width=&#8220;1\/2&#8243;][vc_single_image image=&#8220;6527&#8243; img_size=&#8220;1200&#215;600&#8243;][\/vc_column_inner][vc_column_inner width=&#8220;1\/2&#8243;][vc_column_text] Voikkaa In unserem zweiten Standort Voikkaa im Ort Kuusankoski befinden sich unsere zweite vertikale Beschichtungsanlage und unser Lager. In der Voikkaa-Beschichtungsanlage sind rund 20 Personen besch\u00e4ftigt. Der Standort Voikkaa eignet sich hervorragend f\u00fcr unsere Lieferungen in S\u00fcdfinnland.[\/vc_column_text][\/vc_column_inner][\/vc_row_inner][vc_row_inner lg_spacing=&#8220;padding_bottom:30&#8243;][vc_column_inner width=&#8220;1\/2&#8243;][vc_column_text] M\u00e4kel\u00e4 Alu AB Die schwedische Tochtergesellschaft von M\u00e4kel\u00e4 Alu ist f\u00fcr den Verkauf in Schweden zust\u00e4ndig. Unser B\u00fcro befindet sich in \u00c5seda.[\/vc_column_text][\/vc_column_inner][vc_column_inner width=&#8220;1\/2&#8243;][vc_column_text][\/vc_column_text][\/vc_column_inner][\/vc_row_inner][\/vc_column][\/vc_row]\" \/>\n<meta property=\"og:url\" content=\"https:\/\/makelaalu.fi\/de\/unternehmen\/\" \/>\n<meta property=\"og:site_name\" content=\"M&auml;kel&auml; Alu Oy\" \/>\n<meta property=\"article:modified_time\" content=\"2023-10-23T11:20:08+00:00\" \/>\n<meta name=\"twitter:card\" content=\"summary_large_image\" \/>\n<meta name=\"twitter:label1\" content=\"Gesch\u00e4tzte Lesezeit\" \/>\n\t<meta name=\"twitter:data1\" content=\"2\u00a0Minuten\" \/>\n<script type=\"application\/ld+json\" class=\"yoast-schema-graph\">{\"@context\":\"https:\\\/\\\/schema.org\",\"@graph\":[{\"@type\":\"WebPage\",\"@id\":\"https:\\\/\\\/makelaalu.fi\\\/de\\\/unternehmen\\\/\",\"url\":\"https:\\\/\\\/makelaalu.fi\\\/de\\\/unternehmen\\\/\",\"name\":\"Unternehmen - M&auml;kel&auml; Alu Oy\",\"isPartOf\":{\"@id\":\"https:\\\/\\\/dev.makelaalu.fi\\\/#website\"},\"datePublished\":\"2022-04-04T12:21:59+00:00\",\"dateModified\":\"2023-10-23T11:20:08+00:00\",\"breadcrumb\":{\"@id\":\"https:\\\/\\\/makelaalu.fi\\\/de\\\/unternehmen\\\/#breadcrumb\"},\"inLanguage\":\"de\",\"potentialAction\":[{\"@type\":\"ReadAction\",\"target\":[\"https:\\\/\\\/makelaalu.fi\\\/de\\\/unternehmen\\\/\"]}]},{\"@type\":\"BreadcrumbList\",\"@id\":\"https:\\\/\\\/makelaalu.fi\\\/de\\\/unternehmen\\\/#breadcrumb\",\"itemListElement\":[{\"@type\":\"ListItem\",\"position\":1,\"name\":\"Frontpage\",\"item\":\"https:\\\/\\\/makelaalu.fi\\\/de\\\/\"},{\"@type\":\"ListItem\",\"position\":2,\"name\":\"Unternehmen\"}]},{\"@type\":\"WebSite\",\"@id\":\"https:\\\/\\\/dev.makelaalu.fi\\\/#website\",\"url\":\"https:\\\/\\\/dev.makelaalu.fi\\\/\",\"name\":\"M&auml;kel&auml; Alu Oy\",\"description\":\"Alumiiniprofiilien puristaminen vuosikymmenten kokemuksella.\",\"potentialAction\":[{\"@type\":\"SearchAction\",\"target\":{\"@type\":\"EntryPoint\",\"urlTemplate\":\"https:\\\/\\\/dev.makelaalu.fi\\\/?s={search_term_string}\"},\"query-input\":{\"@type\":\"PropertyValueSpecification\",\"valueRequired\":true,\"valueName\":\"search_term_string\"}}],\"inLanguage\":\"de\"}]}<\/script>\n<!-- \/ Yoast SEO plugin. -->","yoast_head_json":{"title":"Unternehmen - M&auml;kel&auml; Alu Oy","robots":{"index":"index","follow":"follow","max-snippet":"max-snippet:-1","max-image-preview":"max-image-preview:large","max-video-preview":"max-video-preview:-1"},"canonical":"https:\/\/makelaalu.fi\/de\/unternehmen\/","og_locale":"de_DE","og_type":"article","og_title":"Unternehmen - M&auml;kel&auml; Alu Oy","og_description":"[vc_row lg_spacing=&#8220;padding_top:60;padding_bottom:20&#8243;][vc_column][vc_row_inner][vc_column_inner][vc_column_text] Wir verbessern st\u00e4ndig unsere Produktionsanlagen, unsere Logistik und unser Know-how Unsere Produktion besteht zu ca. 90\u00a0% aus nach Kundenangaben ma\u00dfgeschneiderten Aluminiumprofilen. Neben der Produktion von Aluminiumprofilen bieten unsere vielseitige Logistik und zus\u00e4tzliche Dienstleistungen einen Mehrwert f\u00fcr unsere Kunden, zum Beispiel bei der Minimierung von Lagerkosten: Bei Bedarf lagern wir die Profile des Kunden in unseren eigenen Anlagen. [\/vc_column_text][\/vc_column_inner][\/vc_row_inner][\/vc_column][\/vc_row][vc_row][vc_column][vc_row_inner][vc_column_inner][vc_column_text]Mit unserem Netzwerk an Fachwissen k\u00f6nnen wir auch die anspruchsvollsten zus\u00e4tzlichen Dienstleistungen und Behandlungen anbieten, von der CNC-Bearbeitung und Musterbeschichtung bis zum Schleifen, Polieren und Montieren. Entdecken Sie hier unsere Dienstleistungen in den Bereichen Lagerhaltung, Logistik und Oberfl\u00e4chenbehandlung, das AluServices-Konzept. Schauen Sie sich unser neuestes Video an, um unseren Betrieb und unsere R\u00e4umlichkeiten kennenzulernen.[\/vc_column_text][vc_video link=&#8220;https:\/\/youtu.be\/GFO00m-Zeew&#8220; el_width=&#8220;90&#8243; align=&#8220;center&#8220;][\/vc_column_inner][\/vc_row_inner][\/vc_column][\/vc_row][vc_row lg_spacing=&#8220;padding_top:60;padding_bottom:40&#8243;][vc_column][vc_row_inner lg_spacing=&#8220;padding_bottom:20&#8243;][vc_column_inner][vc_text_separator title=&#8220;Unsere Standorte&#8220;][\/vc_column_inner][\/vc_row_inner][vc_row_inner lg_spacing=&#8220;padding_bottom:30&#8243;][vc_column_inner width=&#8220;1\/2&#8243;][vc_column_text] Luoma-aho Unser Hauptsitz in Luoma-aho, Alaj\u00e4rvi, beherbergt eine eigene Gie\u00dferei, ein Strangpresswerk, vertikale und horizontale Beschichtungsanlagen, eine Anodisierungsanlage und unser Vertriebsb\u00fcro f\u00fcr Finnland. M\u00e4kel\u00e4 Alu wurde 1937 an diesem Standort gegr\u00fcndet. Lesen Sie mehr \u00fcber unsere Geschichte in unserer Unternehmensgeschichte. Das Werksgel\u00e4nde in Luoma-aho ist eine kompakte Anlage, um den herum sich im Laufe der Jahre ein bedeutendes Netz von Kooperationspartnern und anderen Akteuren der Aluminiumindustrie entwickelt hat.[\/vc_column_text][\/vc_column_inner][vc_column_inner width=&#8220;1\/2&#8243;][vc_single_image image=&#8220;6523&#8243; img_size=&#8220;1200&#215;600&#8243;][\/vc_column_inner][\/vc_row_inner][vc_row_inner lg_spacing=&#8220;padding_bottom:30&#8243;][vc_column_inner width=&#8220;1\/2&#8243;][vc_single_image image=&#8220;6527&#8243; img_size=&#8220;1200&#215;600&#8243;][\/vc_column_inner][vc_column_inner width=&#8220;1\/2&#8243;][vc_column_text] Voikkaa In unserem zweiten Standort Voikkaa im Ort Kuusankoski befinden sich unsere zweite vertikale Beschichtungsanlage und unser Lager. In der Voikkaa-Beschichtungsanlage sind rund 20 Personen besch\u00e4ftigt. Der Standort Voikkaa eignet sich hervorragend f\u00fcr unsere Lieferungen in S\u00fcdfinnland.[\/vc_column_text][\/vc_column_inner][\/vc_row_inner][vc_row_inner lg_spacing=&#8220;padding_bottom:30&#8243;][vc_column_inner width=&#8220;1\/2&#8243;][vc_column_text] M\u00e4kel\u00e4 Alu AB Die schwedische Tochtergesellschaft von M\u00e4kel\u00e4 Alu ist f\u00fcr den Verkauf in Schweden zust\u00e4ndig. Unser B\u00fcro befindet sich in \u00c5seda.[\/vc_column_text][\/vc_column_inner][vc_column_inner width=&#8220;1\/2&#8243;][vc_column_text][\/vc_column_text][\/vc_column_inner][\/vc_row_inner][\/vc_column][\/vc_row]","og_url":"https:\/\/makelaalu.fi\/de\/unternehmen\/","og_site_name":"M&auml;kel&auml; Alu Oy","article_modified_time":"2023-10-23T11:20:08+00:00","twitter_card":"summary_large_image","twitter_misc":{"Gesch\u00e4tzte Lesezeit":"2\u00a0Minuten"},"schema":{"@context":"https:\/\/schema.org","@graph":[{"@type":"WebPage","@id":"https:\/\/makelaalu.fi\/de\/unternehmen\/","url":"https:\/\/makelaalu.fi\/de\/unternehmen\/","name":"Unternehmen - M&auml;kel&auml; Alu Oy","isPartOf":{"@id":"https:\/\/dev.makelaalu.fi\/#website"},"datePublished":"2022-04-04T12:21:59+00:00","dateModified":"2023-10-23T11:20:08+00:00","breadcrumb":{"@id":"https:\/\/makelaalu.fi\/de\/unternehmen\/#breadcrumb"},"inLanguage":"de","potentialAction":[{"@type":"ReadAction","target":["https:\/\/makelaalu.fi\/de\/unternehmen\/"]}]},{"@type":"BreadcrumbList","@id":"https:\/\/makelaalu.fi\/de\/unternehmen\/#breadcrumb","itemListElement":[{"@type":"ListItem","position":1,"name":"Frontpage","item":"https:\/\/makelaalu.fi\/de\/"},{"@type":"ListItem","position":2,"name":"Unternehmen"}]},{"@type":"WebSite","@id":"https:\/\/dev.makelaalu.fi\/#website","url":"https:\/\/dev.makelaalu.fi\/","name":"M&auml;kel&auml; Alu Oy","description":"Alumiiniprofiilien puristaminen vuosikymmenten kokemuksella.","potentialAction":[{"@type":"SearchAction","target":{"@type":"EntryPoint","urlTemplate":"https:\/\/dev.makelaalu.fi\/?s={search_term_string}"},"query-input":{"@type":"PropertyValueSpecification","valueRequired":true,"valueName":"search_term_string"}}],"inLanguage":"de"}]}},"_links":{"self":[{"href":"https:\/\/makelaalu.fi\/de\/wp-json\/wp\/v2\/pages\/7125","targetHints":{"allow":["GET"]}}],"collection":[{"href":"https:\/\/makelaalu.fi\/de\/wp-json\/wp\/v2\/pages"}],"about":[{"href":"https:\/\/makelaalu.fi\/de\/wp-json\/wp\/v2\/types\/page"}],"author":[{"embeddable":true,"href":"https:\/\/makelaalu.fi\/de\/wp-json\/wp\/v2\/users\/5"}],"replies":[{"embeddable":true,"href":"https:\/\/makelaalu.fi\/de\/wp-json\/wp\/v2\/comments?post=7125"}],"version-history":[{"count":16,"href":"https:\/\/makelaalu.fi\/de\/wp-json\/wp\/v2\/pages\/7125\/revisions"}],"predecessor-version":[{"id":9669,"href":"https:\/\/makelaalu.fi\/de\/wp-json\/wp\/v2\/pages\/7125\/revisions\/9669"}],"wp:attachment":[{"href":"https:\/\/makelaalu.fi\/de\/wp-json\/wp\/v2\/media?parent=7125"}],"curies":[{"name":"wp","href":"https:\/\/api.w.org\/{rel}","templated":true}]}}