{"id":7148,"date":"2022-04-04T15:57:56","date_gmt":"2022-04-04T12:57:56","guid":{"rendered":"https:\/\/dev.makelaalu.fi\/?page_id=7148"},"modified":"2022-05-18T13:58:49","modified_gmt":"2022-05-18T10:58:49","slug":"weiterverarbeitung","status":"publish","type":"page","link":"https:\/\/makelaalu.fi\/de\/weiterverarbeitung\/","title":{"rendered":"Weiterverarbeitung"},"content":{"rendered":"<div class=\"wpb-content-wrapper\"><p>[vc_row lg_spacing=&#8220;padding_top:60;padding_bottom:20&#8243;][vc_column][vc_row_inner][vc_column_inner][vc_column_text]<\/p>\n<h2>Kompetente Partner vervollst\u00e4ndigen unsere Weiterverarbeitungsangebote<\/h2>\n<h4>F\u00fcr die Weiterverarbeitung von Aluminiumprofilen steht uns das geballte Spezialwissen unseres Partnernetzwerkes \u00fcber diverse Oberfl\u00e4chenbehandlungen und Bearbeitungstechniken zur Verf\u00fcgung. Das Aluminiumcluster LA Alucenter ist das f\u00fchrende Aluminiumnetzwerk Finnlands, dessen Mitglieder sich durch Exzellenz in ihrem jeweiligen Spezialgebiet auszeichnen.<\/h4>\n<p>[\/vc_column_text][vc_zigzag][\/vc_column_inner][\/vc_row_inner][\/vc_column][\/vc_row][vc_row][vc_column][vc_row_inner][vc_column_inner width=&#8220;1\/2&#8243;][vc_column_text]Wir liefern unseren Kunden auch fertige St\u00fccke. Als Teil des\u00a0<a href=\"http:\/\/www.laalucenter.fi\/\" target=\"_blank\" rel=\"noopener\">LA Alucenter<\/a>-Kompetenzclusters profitieren wir von der Fachkompetenz anderer Mitgliedsbetriebe, die sich auch physisch in unserer unmittelbaren N\u00e4he befinden. So l\u00e4sst sich die ganze Produktionskette, von der Bestellung bis zur Lieferung, sehr kosteng\u00fcnstig und nachhaltig gestalten. Durch die Zusammenarbeit mit LA Alucenter-Partnerbetrieben sind wir in der Lage, hochspezielle, individuelle Produkte \u2013 von Einzelst\u00fccken bis hin zu gro\u00dfen, kompakten Gesamtheiten \u2013 schl\u00fcsselfertig zu liefern. Auf Wunsch k\u00f6nnen wir auch noch die Lagerung \u00fcbernehmen und Ihnen damit ein \u00e4u\u00dferst kosteng\u00fcnstiges, bew\u00e4hrtes und flexibles Versorgungskonzept bieten.<\/p>\n<p>Kontaktieren Sie unsere\u00a0<a href=\"https:\/\/makelaalu.fi\/de\/kontakt\/\">Verkaufsberater<\/a>\u00a0oder senden Sie uns\u00a0<a href=\"https:\/\/makelaalu.fi\/de\/kontakt\/\">eine Nachricht<\/a>.[\/vc_column_text][\/vc_column_inner][vc_column_inner width=&#8220;1\/2&#8243;][vc_single_image image=&#8220;872&#8243; img_size=&#8220;1200&#215;600&#8243;][\/vc_column_inner][\/vc_row_inner][\/vc_column][\/vc_row]<\/p>\n<\/div>","protected":false},"excerpt":{"rendered":"[vc_row lg_spacing=&#8220;padding_top:60;padding_bottom:20&#8243;][vc_column][vc_row_inner][vc_column_inner][vc_column_text] Kompetente Partner vervollst\u00e4ndigen unsere Weiterverarbeitungsangebote F\u00fcr die Weiterverarbeitung von Aluminiumprofilen steht uns das geballte Spezialwissen unseres Partnernetzwerkes \u00fcber diverse Oberfl\u00e4chenbehandlungen und Bearbeitungstechniken zur Verf\u00fcgung. Das Aluminiumcluster LA Alucenter ist das f\u00fchrende Aluminiumnetzwerk Finnlands, dessen Mitglieder sich durch Exzellenz in ihrem jeweiligen Spezialgebiet auszeichnen. [\/vc_column_text][vc_zigzag][\/vc_column_inner][\/vc_row_inner][\/vc_column][\/vc_row][vc_row][vc_column][vc_row_inner][vc_column_inner width=&#8220;1\/2&#8243;][vc_column_text]Wir liefern unseren Kunden auch fertige St\u00fccke. Als Teil des\u00a0LA Alucenter-Kompetenzclusters profitieren wir von der Fachkompetenz anderer Mitgliedsbetriebe, die sich auch physisch in unserer unmittelbaren N\u00e4he befinden. So l\u00e4sst sich die ganze Produktionskette, von der Bestellung bis zur Lieferung, sehr kosteng\u00fcnstig und nachhaltig gestalten. Durch die Zusammenarbeit mit LA Alucenter-Partnerbetrieben sind wir in der Lage, hochspezielle, individuelle Produkte \u2013 von Einzelst\u00fccken bis hin zu gro\u00dfen, kompakten Gesamtheiten \u2013 schl\u00fcsselfertig zu liefern. Auf Wunsch k\u00f6nnen wir auch noch die Lagerung \u00fcbernehmen und Ihnen damit ein \u00e4u\u00dferst kosteng\u00fcnstiges, bew\u00e4hrtes und flexibles Versorgungskonzept bieten. Kontaktieren Sie unsere\u00a0Verkaufsberater\u00a0oder senden Sie uns\u00a0eine Nachricht.[\/vc_column_text][\/vc_column_inner][vc_column_inner width=&#8220;1\/2&#8243;][vc_single_image image=&#8220;872&#8243; img_size=&#8220;1200&#215;600&#8243;][\/vc_column_inner][\/vc_row_inner][\/vc_column][\/vc_row]","protected":false},"author":5,"featured_media":0,"parent":0,"menu_order":50,"comment_status":"closed","ping_status":"closed","template":"","meta":{"_acf_changed":false,"footnotes":""},"class_list":["post-7148","page","type-page","status-publish","hentry"],"acf":[],"yoast_head":"<!-- This site is optimized with the Yoast SEO plugin v27.3 - https:\/\/yoast.com\/product\/yoast-seo-wordpress\/ -->\n<title>Weiterverarbeitung - M&auml;kel&auml; Alu Oy<\/title>\n<meta name=\"robots\" content=\"index, follow, max-snippet:-1, max-image-preview:large, max-video-preview:-1\" \/>\n<link rel=\"canonical\" href=\"https:\/\/dev.makelaalu.fi\/de\/weiterverarbeitung\/\" \/>\n<meta property=\"og:locale\" content=\"de_DE\" \/>\n<meta property=\"og:type\" content=\"article\" \/>\n<meta property=\"og:title\" content=\"Weiterverarbeitung - M&auml;kel&auml; Alu Oy\" \/>\n<meta property=\"og:description\" content=\"[vc_row lg_spacing=&#8220;padding_top:60;padding_bottom:20&#8243;][vc_column][vc_row_inner][vc_column_inner][vc_column_text] Kompetente Partner vervollst\u00e4ndigen unsere Weiterverarbeitungsangebote F\u00fcr die Weiterverarbeitung von Aluminiumprofilen steht uns das geballte Spezialwissen unseres Partnernetzwerkes \u00fcber diverse Oberfl\u00e4chenbehandlungen und Bearbeitungstechniken zur Verf\u00fcgung. Das Aluminiumcluster LA Alucenter ist das f\u00fchrende Aluminiumnetzwerk Finnlands, dessen Mitglieder sich durch Exzellenz in ihrem jeweiligen Spezialgebiet auszeichnen. [\/vc_column_text][vc_zigzag][\/vc_column_inner][\/vc_row_inner][\/vc_column][\/vc_row][vc_row][vc_column][vc_row_inner][vc_column_inner width=&#8220;1\/2&#8243;][vc_column_text]Wir liefern unseren Kunden auch fertige St\u00fccke. Als Teil des\u00a0LA Alucenter-Kompetenzclusters profitieren wir von der Fachkompetenz anderer Mitgliedsbetriebe, die sich auch physisch in unserer unmittelbaren N\u00e4he befinden. So l\u00e4sst sich die ganze Produktionskette, von der Bestellung bis zur Lieferung, sehr kosteng\u00fcnstig und nachhaltig gestalten. Durch die Zusammenarbeit mit LA Alucenter-Partnerbetrieben sind wir in der Lage, hochspezielle, individuelle Produkte \u2013 von Einzelst\u00fccken bis hin zu gro\u00dfen, kompakten Gesamtheiten \u2013 schl\u00fcsselfertig zu liefern. Auf Wunsch k\u00f6nnen wir auch noch die Lagerung \u00fcbernehmen und Ihnen damit ein \u00e4u\u00dferst kosteng\u00fcnstiges, bew\u00e4hrtes und flexibles Versorgungskonzept bieten. Kontaktieren Sie unsere\u00a0Verkaufsberater\u00a0oder senden Sie uns\u00a0eine Nachricht.[\/vc_column_text][\/vc_column_inner][vc_column_inner width=&#8220;1\/2&#8243;][vc_single_image image=&#8220;872&#8243; img_size=&#8220;1200&#215;600&#8243;][\/vc_column_inner][\/vc_row_inner][\/vc_column][\/vc_row]\" \/>\n<meta property=\"og:url\" content=\"https:\/\/dev.makelaalu.fi\/de\/weiterverarbeitung\/\" \/>\n<meta property=\"og:site_name\" content=\"M&auml;kel&auml; Alu Oy\" \/>\n<meta property=\"article:modified_time\" content=\"2022-05-18T10:58:49+00:00\" \/>\n<meta name=\"twitter:card\" content=\"summary_large_image\" \/>\n<meta name=\"twitter:label1\" content=\"Gesch\u00e4tzte Lesezeit\" \/>\n\t<meta name=\"twitter:data1\" content=\"1\u00a0Minute\" \/>\n<script type=\"application\/ld+json\" class=\"yoast-schema-graph\">{\"@context\":\"https:\\\/\\\/schema.org\",\"@graph\":[{\"@type\":\"WebPage\",\"@id\":\"https:\\\/\\\/dev.makelaalu.fi\\\/de\\\/weiterverarbeitung\\\/\",\"url\":\"https:\\\/\\\/dev.makelaalu.fi\\\/de\\\/weiterverarbeitung\\\/\",\"name\":\"Weiterverarbeitung - M&auml;kel&auml; Alu Oy\",\"isPartOf\":{\"@id\":\"https:\\\/\\\/dev.makelaalu.fi\\\/#website\"},\"datePublished\":\"2022-04-04T12:57:56+00:00\",\"dateModified\":\"2022-05-18T10:58:49+00:00\",\"breadcrumb\":{\"@id\":\"https:\\\/\\\/dev.makelaalu.fi\\\/de\\\/weiterverarbeitung\\\/#breadcrumb\"},\"inLanguage\":\"de\",\"potentialAction\":[{\"@type\":\"ReadAction\",\"target\":[\"https:\\\/\\\/dev.makelaalu.fi\\\/de\\\/weiterverarbeitung\\\/\"]}]},{\"@type\":\"BreadcrumbList\",\"@id\":\"https:\\\/\\\/dev.makelaalu.fi\\\/de\\\/weiterverarbeitung\\\/#breadcrumb\",\"itemListElement\":[{\"@type\":\"ListItem\",\"position\":1,\"name\":\"Frontpage\",\"item\":\"https:\\\/\\\/makelaalu.fi\\\/de\\\/\"},{\"@type\":\"ListItem\",\"position\":2,\"name\":\"Weiterverarbeitung\"}]},{\"@type\":\"WebSite\",\"@id\":\"https:\\\/\\\/dev.makelaalu.fi\\\/#website\",\"url\":\"https:\\\/\\\/dev.makelaalu.fi\\\/\",\"name\":\"M&auml;kel&auml; Alu Oy\",\"description\":\"Alumiiniprofiilien puristaminen vuosikymmenten kokemuksella.\",\"potentialAction\":[{\"@type\":\"SearchAction\",\"target\":{\"@type\":\"EntryPoint\",\"urlTemplate\":\"https:\\\/\\\/dev.makelaalu.fi\\\/?s={search_term_string}\"},\"query-input\":{\"@type\":\"PropertyValueSpecification\",\"valueRequired\":true,\"valueName\":\"search_term_string\"}}],\"inLanguage\":\"de\"}]}<\/script>\n<!-- \/ Yoast SEO plugin. -->","yoast_head_json":{"title":"Weiterverarbeitung - M&auml;kel&auml; Alu Oy","robots":{"index":"index","follow":"follow","max-snippet":"max-snippet:-1","max-image-preview":"max-image-preview:large","max-video-preview":"max-video-preview:-1"},"canonical":"https:\/\/dev.makelaalu.fi\/de\/weiterverarbeitung\/","og_locale":"de_DE","og_type":"article","og_title":"Weiterverarbeitung - M&auml;kel&auml; Alu Oy","og_description":"[vc_row lg_spacing=&#8220;padding_top:60;padding_bottom:20&#8243;][vc_column][vc_row_inner][vc_column_inner][vc_column_text] Kompetente Partner vervollst\u00e4ndigen unsere Weiterverarbeitungsangebote F\u00fcr die Weiterverarbeitung von Aluminiumprofilen steht uns das geballte Spezialwissen unseres Partnernetzwerkes \u00fcber diverse Oberfl\u00e4chenbehandlungen und Bearbeitungstechniken zur Verf\u00fcgung. Das Aluminiumcluster LA Alucenter ist das f\u00fchrende Aluminiumnetzwerk Finnlands, dessen Mitglieder sich durch Exzellenz in ihrem jeweiligen Spezialgebiet auszeichnen. [\/vc_column_text][vc_zigzag][\/vc_column_inner][\/vc_row_inner][\/vc_column][\/vc_row][vc_row][vc_column][vc_row_inner][vc_column_inner width=&#8220;1\/2&#8243;][vc_column_text]Wir liefern unseren Kunden auch fertige St\u00fccke. Als Teil des\u00a0LA Alucenter-Kompetenzclusters profitieren wir von der Fachkompetenz anderer Mitgliedsbetriebe, die sich auch physisch in unserer unmittelbaren N\u00e4he befinden. So l\u00e4sst sich die ganze Produktionskette, von der Bestellung bis zur Lieferung, sehr kosteng\u00fcnstig und nachhaltig gestalten. Durch die Zusammenarbeit mit LA Alucenter-Partnerbetrieben sind wir in der Lage, hochspezielle, individuelle Produkte \u2013 von Einzelst\u00fccken bis hin zu gro\u00dfen, kompakten Gesamtheiten \u2013 schl\u00fcsselfertig zu liefern. Auf Wunsch k\u00f6nnen wir auch noch die Lagerung \u00fcbernehmen und Ihnen damit ein \u00e4u\u00dferst kosteng\u00fcnstiges, bew\u00e4hrtes und flexibles Versorgungskonzept bieten. Kontaktieren Sie unsere\u00a0Verkaufsberater\u00a0oder senden Sie uns\u00a0eine Nachricht.[\/vc_column_text][\/vc_column_inner][vc_column_inner width=&#8220;1\/2&#8243;][vc_single_image image=&#8220;872&#8243; img_size=&#8220;1200&#215;600&#8243;][\/vc_column_inner][\/vc_row_inner][\/vc_column][\/vc_row]","og_url":"https:\/\/dev.makelaalu.fi\/de\/weiterverarbeitung\/","og_site_name":"M&auml;kel&auml; Alu Oy","article_modified_time":"2022-05-18T10:58:49+00:00","twitter_card":"summary_large_image","twitter_misc":{"Gesch\u00e4tzte Lesezeit":"1\u00a0Minute"},"schema":{"@context":"https:\/\/schema.org","@graph":[{"@type":"WebPage","@id":"https:\/\/dev.makelaalu.fi\/de\/weiterverarbeitung\/","url":"https:\/\/dev.makelaalu.fi\/de\/weiterverarbeitung\/","name":"Weiterverarbeitung - M&auml;kel&auml; Alu Oy","isPartOf":{"@id":"https:\/\/dev.makelaalu.fi\/#website"},"datePublished":"2022-04-04T12:57:56+00:00","dateModified":"2022-05-18T10:58:49+00:00","breadcrumb":{"@id":"https:\/\/dev.makelaalu.fi\/de\/weiterverarbeitung\/#breadcrumb"},"inLanguage":"de","potentialAction":[{"@type":"ReadAction","target":["https:\/\/dev.makelaalu.fi\/de\/weiterverarbeitung\/"]}]},{"@type":"BreadcrumbList","@id":"https:\/\/dev.makelaalu.fi\/de\/weiterverarbeitung\/#breadcrumb","itemListElement":[{"@type":"ListItem","position":1,"name":"Frontpage","item":"https:\/\/makelaalu.fi\/de\/"},{"@type":"ListItem","position":2,"name":"Weiterverarbeitung"}]},{"@type":"WebSite","@id":"https:\/\/dev.makelaalu.fi\/#website","url":"https:\/\/dev.makelaalu.fi\/","name":"M&auml;kel&auml; Alu Oy","description":"Alumiiniprofiilien puristaminen vuosikymmenten kokemuksella.","potentialAction":[{"@type":"SearchAction","target":{"@type":"EntryPoint","urlTemplate":"https:\/\/dev.makelaalu.fi\/?s={search_term_string}"},"query-input":{"@type":"PropertyValueSpecification","valueRequired":true,"valueName":"search_term_string"}}],"inLanguage":"de"}]}},"_links":{"self":[{"href":"https:\/\/makelaalu.fi\/de\/wp-json\/wp\/v2\/pages\/7148","targetHints":{"allow":["GET"]}}],"collection":[{"href":"https:\/\/makelaalu.fi\/de\/wp-json\/wp\/v2\/pages"}],"about":[{"href":"https:\/\/makelaalu.fi\/de\/wp-json\/wp\/v2\/types\/page"}],"author":[{"embeddable":true,"href":"https:\/\/makelaalu.fi\/de\/wp-json\/wp\/v2\/users\/5"}],"replies":[{"embeddable":true,"href":"https:\/\/makelaalu.fi\/de\/wp-json\/wp\/v2\/comments?post=7148"}],"version-history":[{"count":2,"href":"https:\/\/makelaalu.fi\/de\/wp-json\/wp\/v2\/pages\/7148\/revisions"}],"predecessor-version":[{"id":8243,"href":"https:\/\/makelaalu.fi\/de\/wp-json\/wp\/v2\/pages\/7148\/revisions\/8243"}],"wp:attachment":[{"href":"https:\/\/makelaalu.fi\/de\/wp-json\/wp\/v2\/media?parent=7148"}],"curies":[{"name":"wp","href":"https:\/\/api.w.org\/{rel}","templated":true}]}}