{"id":7265,"date":"2022-04-05T11:41:57","date_gmt":"2022-04-05T08:41:57","guid":{"rendered":"https:\/\/dev.makelaalu.fi\/?page_id=7265"},"modified":"2022-05-18T09:59:42","modified_gmt":"2022-05-18T06:59:42","slug":"verweise","status":"publish","type":"page","link":"https:\/\/makelaalu.fi\/de\/verweise\/","title":{"rendered":"Referenzen"},"content":{"rendered":"<div class=\"wpb-content-wrapper\"><p>[vc_row lg_spacing=&#8220;padding_top:60;padding_bottom:20&#8243;][vc_column][vc_row_inner][vc_column_inner][vc_column_text]<\/p>\n<h2>Erfahrungen unserer Kunden<\/h2>\n<h4>Unsere Kunden haben positive Erfahrungen mit den Kostenvorteilen, die die langj\u00e4hrige Zusammenarbeit mit M\u00e4kel\u00e4 Alu f\u00fcr ihre Betriebe gebracht hat. Auf dieser Seite haben wir einige Beispiele von Kunden gesammelt, die einen der AluServices-Konzeptdienste nutzen.<\/h4>\n<h4><\/h4>\n<p>[\/vc_column_text][vc_zigzag][\/vc_column_inner][\/vc_row_inner][\/vc_column][\/vc_row][vc_row][vc_column][vc_column_text]In den Erfahrungsberichten erz\u00e4hlen unsere Kunden in ihren eigenen Worten, wie sich die Nutzung von AluServices-Dienstleistungen wie <a href=\"https:\/\/makelaalu.fi\/de\/unser-service\/alustorage\/\">AluStorage<\/a> und <a href=\"https:\/\/makelaalu.fi\/de\/unser-service\/alucalloff\/\">AluCallOff<\/a> in der Praxis auf ihr Gesch\u00e4ft ausgewirkt hat. Die Geschichten geben Ihnen auch Einblicke in die Arbeit vielen gro\u00dfartigen Unternehmen aus verschiedenen Branchen.[\/vc_column_text][\/vc_column][\/vc_row][vc_row full_width=&#8220;stretch_row&#8220; lg_spacing=&#8220;padding_top:60;padding_bottom:30&#8243; el_id=&#8220;uutiset&#8220;][vc_column][vc_row_inner][vc_column_inner width=&#8220;1\/2&#8243;][vc_column_text]<\/p>\n<h2>Lagerservice<\/h2>\n<p>[\/vc_column_text][\/vc_column_inner][vc_column_inner el_class=&#8220;lue-lisaa&#8220; width=&#8220;1\/2&#8243;][vc_column_text]<a href=\"\/de\/category\/referenzen\/lagerservice\/\">Mehr \u00fcber das<\/a> Thema Lagerservice[\/vc_column_text][\/vc_column_inner][\/vc_row_inner][vc_row_inner][vc_column_inner][tm_blog style=&#8220;2&#8243; gutter=&#8220;15&#8243; number=&#8220;4&#8243; taxonomies=&#8220;category:varastointi-asiakaskokemukset&#8220; columns=&#8220;xs:1;sm:2;lg:4&#8243;][\/vc_column_inner][\/vc_row_inner][\/vc_column][\/vc_row][vc_row full_width=&#8220;stretch_row&#8220; lg_spacing=&#8220;padding_top:30;padding_bottom:30&#8243; el_id=&#8220;uutiset&#8220;][vc_column][vc_row_inner][vc_column_inner width=&#8220;1\/2&#8243;][vc_column_text]<\/p>\n<h2>Logistik<\/h2>\n<p>[\/vc_column_text][\/vc_column_inner][vc_column_inner el_class=&#8220;lue-lisaa&#8220; width=&#8220;1\/2&#8243;][vc_column_text]<a href=\"\/de\/category\/referenzen\/logistik-de\/\">Mehr \u00fcber das<\/a> Thema Logistik.[\/vc_column_text][\/vc_column_inner][\/vc_row_inner][vc_row_inner][vc_column_inner][tm_blog style=&#8220;2&#8243; gutter=&#8220;15&#8243; number=&#8220;4&#8243; taxonomies=&#8220;category:logistiikka-asiakaskokemukset&#8220; columns=&#8220;xs:1;sm:2;lg:4&#8243;][\/vc_column_inner][\/vc_row_inner][\/vc_column][\/vc_row][vc_row full_width=&#8220;stretch_row&#8220; lg_spacing=&#8220;padding_top:30;padding_bottom:30&#8243; el_id=&#8220;uutiset&#8220;][vc_column][vc_row_inner][vc_column_inner width=&#8220;1\/2&#8243;][vc_column_text]<\/p>\n<h2>Oberfl\u00e4chenbehandlungen<\/h2>\n<p>[\/vc_column_text][\/vc_column_inner][vc_column_inner el_class=&#8220;lue-lisaa&#8220; width=&#8220;1\/2&#8243;][vc_column_text]<a href=\"\/de\/category\/referenzen\/oberflaechenbehandlung\/\">Mehr \u00fcber das<\/a> Thema f\u00fcr Oberfl\u00e4chenbehandlungen[\/vc_column_text][\/vc_column_inner][\/vc_row_inner][vc_row_inner][vc_column_inner][tm_blog style=&#8220;2&#8243; gutter=&#8220;15&#8243; number=&#8220;4&#8243; taxonomies=&#8220;category:pintakasittelyt-asiakaskokemukset&#8220; columns=&#8220;xs:1;sm:2;lg:4&#8243;][\/vc_column_inner][\/vc_row_inner][\/vc_column][\/vc_row]<\/p>\n<\/div>","protected":false},"excerpt":{"rendered":"[vc_row lg_spacing=&#8220;padding_top:60;padding_bottom:20&#8243;][vc_column][vc_row_inner][vc_column_inner][vc_column_text] Erfahrungen unserer Kunden Unsere Kunden haben positive Erfahrungen mit den Kostenvorteilen, die die langj\u00e4hrige Zusammenarbeit mit M\u00e4kel\u00e4 Alu f\u00fcr ihre Betriebe gebracht hat. Auf dieser Seite haben wir einige Beispiele von Kunden gesammelt, die einen der AluServices-Konzeptdienste nutzen. [\/vc_column_text][vc_zigzag][\/vc_column_inner][\/vc_row_inner][\/vc_column][\/vc_row][vc_row][vc_column][vc_column_text]In den Erfahrungsberichten erz\u00e4hlen unsere Kunden in ihren eigenen Worten, wie sich die Nutzung von AluServices-Dienstleistungen wie AluStorage und AluCallOff in der Praxis auf ihr Gesch\u00e4ft ausgewirkt hat. Die Geschichten geben Ihnen auch Einblicke in die Arbeit vielen gro\u00dfartigen Unternehmen aus verschiedenen Branchen.[\/vc_column_text][\/vc_column][\/vc_row][vc_row full_width=&#8220;stretch_row&#8220; lg_spacing=&#8220;padding_top:60;padding_bottom:30&#8243; el_id=&#8220;uutiset&#8220;][vc_column][vc_row_inner][vc_column_inner width=&#8220;1\/2&#8243;][vc_column_text] Lagerservice [\/vc_column_text][\/vc_column_inner][vc_column_inner el_class=&#8220;lue-lisaa&#8220; width=&#8220;1\/2&#8243;][vc_column_text]Mehr \u00fcber das Thema Lagerservice[\/vc_column_text][\/vc_column_inner][\/vc_row_inner][vc_row_inner][vc_column_inner][tm_blog style=&#8220;2&#8243; gutter=&#8220;15&#8243; number=&#8220;4&#8243; taxonomies=&#8220;category:varastointi-asiakaskokemukset&#8220; columns=&#8220;xs:1;sm:2;lg:4&#8243;][\/vc_column_inner][\/vc_row_inner][\/vc_column][\/vc_row][vc_row full_width=&#8220;stretch_row&#8220; lg_spacing=&#8220;padding_top:30;padding_bottom:30&#8243; el_id=&#8220;uutiset&#8220;][vc_column][vc_row_inner][vc_column_inner width=&#8220;1\/2&#8243;][vc_column_text] Logistik [\/vc_column_text][\/vc_column_inner][vc_column_inner el_class=&#8220;lue-lisaa&#8220; width=&#8220;1\/2&#8243;][vc_column_text]Mehr \u00fcber das Thema Logistik.[\/vc_column_text][\/vc_column_inner][\/vc_row_inner][vc_row_inner][vc_column_inner][tm_blog style=&#8220;2&#8243; gutter=&#8220;15&#8243; number=&#8220;4&#8243; taxonomies=&#8220;category:logistiikka-asiakaskokemukset&#8220; columns=&#8220;xs:1;sm:2;lg:4&#8243;][\/vc_column_inner][\/vc_row_inner][\/vc_column][\/vc_row][vc_row full_width=&#8220;stretch_row&#8220; lg_spacing=&#8220;padding_top:30;padding_bottom:30&#8243; el_id=&#8220;uutiset&#8220;][vc_column][vc_row_inner][vc_column_inner width=&#8220;1\/2&#8243;][vc_column_text] Oberfl\u00e4chenbehandlungen [\/vc_column_text][\/vc_column_inner][vc_column_inner el_class=&#8220;lue-lisaa&#8220; width=&#8220;1\/2&#8243;][vc_column_text]Mehr \u00fcber das Thema f\u00fcr Oberfl\u00e4chenbehandlungen[\/vc_column_text][\/vc_column_inner][\/vc_row_inner][vc_row_inner][vc_column_inner][tm_blog style=&#8220;2&#8243; gutter=&#8220;15&#8243; number=&#8220;4&#8243; taxonomies=&#8220;category:pintakasittelyt-asiakaskokemukset&#8220; columns=&#8220;xs:1;sm:2;lg:4&#8243;][\/vc_column_inner][\/vc_row_inner][\/vc_column][\/vc_row]","protected":false},"author":5,"featured_media":0,"parent":0,"menu_order":56,"comment_status":"closed","ping_status":"closed","template":"","meta":{"_acf_changed":false,"footnotes":""},"class_list":["post-7265","page","type-page","status-publish","hentry"],"acf":[],"yoast_head":"<!-- This site is optimized with the Yoast SEO plugin v27.4 - https:\/\/yoast.com\/product\/yoast-seo-wordpress\/ -->\n<title>Referenzen - M&auml;kel&auml; Alu Oy<\/title>\n<meta name=\"robots\" content=\"index, follow, max-snippet:-1, max-image-preview:large, max-video-preview:-1\" \/>\n<link rel=\"canonical\" href=\"https:\/\/dev.makelaalu.fi\/de\/verweise\/\" \/>\n<meta property=\"og:locale\" content=\"de_DE\" \/>\n<meta property=\"og:type\" content=\"article\" \/>\n<meta property=\"og:title\" content=\"Referenzen - M&auml;kel&auml; Alu Oy\" \/>\n<meta property=\"og:description\" content=\"[vc_row lg_spacing=&#8220;padding_top:60;padding_bottom:20&#8243;][vc_column][vc_row_inner][vc_column_inner][vc_column_text] Erfahrungen unserer Kunden Unsere Kunden haben positive Erfahrungen mit den Kostenvorteilen, die die langj\u00e4hrige Zusammenarbeit mit M\u00e4kel\u00e4 Alu f\u00fcr ihre Betriebe gebracht hat. Auf dieser Seite haben wir einige Beispiele von Kunden gesammelt, die einen der AluServices-Konzeptdienste nutzen. [\/vc_column_text][vc_zigzag][\/vc_column_inner][\/vc_row_inner][\/vc_column][\/vc_row][vc_row][vc_column][vc_column_text]In den Erfahrungsberichten erz\u00e4hlen unsere Kunden in ihren eigenen Worten, wie sich die Nutzung von AluServices-Dienstleistungen wie AluStorage und AluCallOff in der Praxis auf ihr Gesch\u00e4ft ausgewirkt hat. Die Geschichten geben Ihnen auch Einblicke in die Arbeit vielen gro\u00dfartigen Unternehmen aus verschiedenen Branchen.[\/vc_column_text][\/vc_column][\/vc_row][vc_row full_width=&#8220;stretch_row&#8220; lg_spacing=&#8220;padding_top:60;padding_bottom:30&#8243; el_id=&#8220;uutiset&#8220;][vc_column][vc_row_inner][vc_column_inner width=&#8220;1\/2&#8243;][vc_column_text] Lagerservice [\/vc_column_text][\/vc_column_inner][vc_column_inner el_class=&#8220;lue-lisaa&#8220; width=&#8220;1\/2&#8243;][vc_column_text]Mehr \u00fcber das Thema Lagerservice[\/vc_column_text][\/vc_column_inner][\/vc_row_inner][vc_row_inner][vc_column_inner][tm_blog style=&#8220;2&#8243; gutter=&#8220;15&#8243; number=&#8220;4&#8243; taxonomies=&#8220;category:varastointi-asiakaskokemukset&#8220; columns=&#8220;xs:1;sm:2;lg:4&#8243;][\/vc_column_inner][\/vc_row_inner][\/vc_column][\/vc_row][vc_row full_width=&#8220;stretch_row&#8220; lg_spacing=&#8220;padding_top:30;padding_bottom:30&#8243; el_id=&#8220;uutiset&#8220;][vc_column][vc_row_inner][vc_column_inner width=&#8220;1\/2&#8243;][vc_column_text] Logistik [\/vc_column_text][\/vc_column_inner][vc_column_inner el_class=&#8220;lue-lisaa&#8220; width=&#8220;1\/2&#8243;][vc_column_text]Mehr \u00fcber das Thema Logistik.[\/vc_column_text][\/vc_column_inner][\/vc_row_inner][vc_row_inner][vc_column_inner][tm_blog style=&#8220;2&#8243; gutter=&#8220;15&#8243; number=&#8220;4&#8243; taxonomies=&#8220;category:logistiikka-asiakaskokemukset&#8220; columns=&#8220;xs:1;sm:2;lg:4&#8243;][\/vc_column_inner][\/vc_row_inner][\/vc_column][\/vc_row][vc_row full_width=&#8220;stretch_row&#8220; lg_spacing=&#8220;padding_top:30;padding_bottom:30&#8243; el_id=&#8220;uutiset&#8220;][vc_column][vc_row_inner][vc_column_inner width=&#8220;1\/2&#8243;][vc_column_text] Oberfl\u00e4chenbehandlungen [\/vc_column_text][\/vc_column_inner][vc_column_inner el_class=&#8220;lue-lisaa&#8220; width=&#8220;1\/2&#8243;][vc_column_text]Mehr \u00fcber das Thema f\u00fcr Oberfl\u00e4chenbehandlungen[\/vc_column_text][\/vc_column_inner][\/vc_row_inner][vc_row_inner][vc_column_inner][tm_blog style=&#8220;2&#8243; gutter=&#8220;15&#8243; number=&#8220;4&#8243; taxonomies=&#8220;category:pintakasittelyt-asiakaskokemukset&#8220; columns=&#8220;xs:1;sm:2;lg:4&#8243;][\/vc_column_inner][\/vc_row_inner][\/vc_column][\/vc_row]\" \/>\n<meta property=\"og:url\" content=\"https:\/\/dev.makelaalu.fi\/de\/verweise\/\" \/>\n<meta property=\"og:site_name\" content=\"M&auml;kel&auml; Alu Oy\" \/>\n<meta property=\"article:modified_time\" content=\"2022-05-18T06:59:42+00:00\" \/>\n<meta name=\"twitter:card\" content=\"summary_large_image\" \/>\n<meta name=\"twitter:label1\" content=\"Gesch\u00e4tzte Lesezeit\" \/>\n\t<meta name=\"twitter:data1\" content=\"1\u00a0Minute\" \/>\n<script type=\"application\/ld+json\" class=\"yoast-schema-graph\">{\"@context\":\"https:\\\/\\\/schema.org\",\"@graph\":[{\"@type\":\"WebPage\",\"@id\":\"https:\\\/\\\/dev.makelaalu.fi\\\/de\\\/verweise\\\/\",\"url\":\"https:\\\/\\\/dev.makelaalu.fi\\\/de\\\/verweise\\\/\",\"name\":\"Referenzen - M&auml;kel&auml; Alu Oy\",\"isPartOf\":{\"@id\":\"https:\\\/\\\/dev.makelaalu.fi\\\/#website\"},\"datePublished\":\"2022-04-05T08:41:57+00:00\",\"dateModified\":\"2022-05-18T06:59:42+00:00\",\"breadcrumb\":{\"@id\":\"https:\\\/\\\/dev.makelaalu.fi\\\/de\\\/verweise\\\/#breadcrumb\"},\"inLanguage\":\"de\",\"potentialAction\":[{\"@type\":\"ReadAction\",\"target\":[\"https:\\\/\\\/dev.makelaalu.fi\\\/de\\\/verweise\\\/\"]}]},{\"@type\":\"BreadcrumbList\",\"@id\":\"https:\\\/\\\/dev.makelaalu.fi\\\/de\\\/verweise\\\/#breadcrumb\",\"itemListElement\":[{\"@type\":\"ListItem\",\"position\":1,\"name\":\"Frontpage\",\"item\":\"https:\\\/\\\/makelaalu.fi\\\/de\\\/\"},{\"@type\":\"ListItem\",\"position\":2,\"name\":\"Referenzen\"}]},{\"@type\":\"WebSite\",\"@id\":\"https:\\\/\\\/dev.makelaalu.fi\\\/#website\",\"url\":\"https:\\\/\\\/dev.makelaalu.fi\\\/\",\"name\":\"M&auml;kel&auml; Alu Oy\",\"description\":\"Alumiiniprofiilien puristaminen vuosikymmenten kokemuksella.\",\"potentialAction\":[{\"@type\":\"SearchAction\",\"target\":{\"@type\":\"EntryPoint\",\"urlTemplate\":\"https:\\\/\\\/dev.makelaalu.fi\\\/?s={search_term_string}\"},\"query-input\":{\"@type\":\"PropertyValueSpecification\",\"valueRequired\":true,\"valueName\":\"search_term_string\"}}],\"inLanguage\":\"de\"}]}<\/script>\n<!-- \/ Yoast SEO plugin. -->","yoast_head_json":{"title":"Referenzen - M&auml;kel&auml; Alu Oy","robots":{"index":"index","follow":"follow","max-snippet":"max-snippet:-1","max-image-preview":"max-image-preview:large","max-video-preview":"max-video-preview:-1"},"canonical":"https:\/\/dev.makelaalu.fi\/de\/verweise\/","og_locale":"de_DE","og_type":"article","og_title":"Referenzen - M&auml;kel&auml; Alu Oy","og_description":"[vc_row lg_spacing=&#8220;padding_top:60;padding_bottom:20&#8243;][vc_column][vc_row_inner][vc_column_inner][vc_column_text] Erfahrungen unserer Kunden Unsere Kunden haben positive Erfahrungen mit den Kostenvorteilen, die die langj\u00e4hrige Zusammenarbeit mit M\u00e4kel\u00e4 Alu f\u00fcr ihre Betriebe gebracht hat. Auf dieser Seite haben wir einige Beispiele von Kunden gesammelt, die einen der AluServices-Konzeptdienste nutzen. [\/vc_column_text][vc_zigzag][\/vc_column_inner][\/vc_row_inner][\/vc_column][\/vc_row][vc_row][vc_column][vc_column_text]In den Erfahrungsberichten erz\u00e4hlen unsere Kunden in ihren eigenen Worten, wie sich die Nutzung von AluServices-Dienstleistungen wie AluStorage und AluCallOff in der Praxis auf ihr Gesch\u00e4ft ausgewirkt hat. Die Geschichten geben Ihnen auch Einblicke in die Arbeit vielen gro\u00dfartigen Unternehmen aus verschiedenen Branchen.[\/vc_column_text][\/vc_column][\/vc_row][vc_row full_width=&#8220;stretch_row&#8220; lg_spacing=&#8220;padding_top:60;padding_bottom:30&#8243; el_id=&#8220;uutiset&#8220;][vc_column][vc_row_inner][vc_column_inner width=&#8220;1\/2&#8243;][vc_column_text] Lagerservice [\/vc_column_text][\/vc_column_inner][vc_column_inner el_class=&#8220;lue-lisaa&#8220; width=&#8220;1\/2&#8243;][vc_column_text]Mehr \u00fcber das Thema Lagerservice[\/vc_column_text][\/vc_column_inner][\/vc_row_inner][vc_row_inner][vc_column_inner][tm_blog style=&#8220;2&#8243; gutter=&#8220;15&#8243; number=&#8220;4&#8243; taxonomies=&#8220;category:varastointi-asiakaskokemukset&#8220; columns=&#8220;xs:1;sm:2;lg:4&#8243;][\/vc_column_inner][\/vc_row_inner][\/vc_column][\/vc_row][vc_row full_width=&#8220;stretch_row&#8220; lg_spacing=&#8220;padding_top:30;padding_bottom:30&#8243; el_id=&#8220;uutiset&#8220;][vc_column][vc_row_inner][vc_column_inner width=&#8220;1\/2&#8243;][vc_column_text] Logistik [\/vc_column_text][\/vc_column_inner][vc_column_inner el_class=&#8220;lue-lisaa&#8220; width=&#8220;1\/2&#8243;][vc_column_text]Mehr \u00fcber das Thema Logistik.[\/vc_column_text][\/vc_column_inner][\/vc_row_inner][vc_row_inner][vc_column_inner][tm_blog style=&#8220;2&#8243; gutter=&#8220;15&#8243; number=&#8220;4&#8243; taxonomies=&#8220;category:logistiikka-asiakaskokemukset&#8220; columns=&#8220;xs:1;sm:2;lg:4&#8243;][\/vc_column_inner][\/vc_row_inner][\/vc_column][\/vc_row][vc_row full_width=&#8220;stretch_row&#8220; lg_spacing=&#8220;padding_top:30;padding_bottom:30&#8243; el_id=&#8220;uutiset&#8220;][vc_column][vc_row_inner][vc_column_inner width=&#8220;1\/2&#8243;][vc_column_text] Oberfl\u00e4chenbehandlungen [\/vc_column_text][\/vc_column_inner][vc_column_inner el_class=&#8220;lue-lisaa&#8220; width=&#8220;1\/2&#8243;][vc_column_text]Mehr \u00fcber das Thema f\u00fcr Oberfl\u00e4chenbehandlungen[\/vc_column_text][\/vc_column_inner][\/vc_row_inner][vc_row_inner][vc_column_inner][tm_blog style=&#8220;2&#8243; gutter=&#8220;15&#8243; number=&#8220;4&#8243; taxonomies=&#8220;category:pintakasittelyt-asiakaskokemukset&#8220; columns=&#8220;xs:1;sm:2;lg:4&#8243;][\/vc_column_inner][\/vc_row_inner][\/vc_column][\/vc_row]","og_url":"https:\/\/dev.makelaalu.fi\/de\/verweise\/","og_site_name":"M&auml;kel&auml; Alu Oy","article_modified_time":"2022-05-18T06:59:42+00:00","twitter_card":"summary_large_image","twitter_misc":{"Gesch\u00e4tzte Lesezeit":"1\u00a0Minute"},"schema":{"@context":"https:\/\/schema.org","@graph":[{"@type":"WebPage","@id":"https:\/\/dev.makelaalu.fi\/de\/verweise\/","url":"https:\/\/dev.makelaalu.fi\/de\/verweise\/","name":"Referenzen - M&auml;kel&auml; Alu Oy","isPartOf":{"@id":"https:\/\/dev.makelaalu.fi\/#website"},"datePublished":"2022-04-05T08:41:57+00:00","dateModified":"2022-05-18T06:59:42+00:00","breadcrumb":{"@id":"https:\/\/dev.makelaalu.fi\/de\/verweise\/#breadcrumb"},"inLanguage":"de","potentialAction":[{"@type":"ReadAction","target":["https:\/\/dev.makelaalu.fi\/de\/verweise\/"]}]},{"@type":"BreadcrumbList","@id":"https:\/\/dev.makelaalu.fi\/de\/verweise\/#breadcrumb","itemListElement":[{"@type":"ListItem","position":1,"name":"Frontpage","item":"https:\/\/makelaalu.fi\/de\/"},{"@type":"ListItem","position":2,"name":"Referenzen"}]},{"@type":"WebSite","@id":"https:\/\/dev.makelaalu.fi\/#website","url":"https:\/\/dev.makelaalu.fi\/","name":"M&auml;kel&auml; Alu Oy","description":"Alumiiniprofiilien puristaminen vuosikymmenten kokemuksella.","potentialAction":[{"@type":"SearchAction","target":{"@type":"EntryPoint","urlTemplate":"https:\/\/dev.makelaalu.fi\/?s={search_term_string}"},"query-input":{"@type":"PropertyValueSpecification","valueRequired":true,"valueName":"search_term_string"}}],"inLanguage":"de"}]}},"_links":{"self":[{"href":"https:\/\/makelaalu.fi\/de\/wp-json\/wp\/v2\/pages\/7265","targetHints":{"allow":["GET"]}}],"collection":[{"href":"https:\/\/makelaalu.fi\/de\/wp-json\/wp\/v2\/pages"}],"about":[{"href":"https:\/\/makelaalu.fi\/de\/wp-json\/wp\/v2\/types\/page"}],"author":[{"embeddable":true,"href":"https:\/\/makelaalu.fi\/de\/wp-json\/wp\/v2\/users\/5"}],"replies":[{"embeddable":true,"href":"https:\/\/makelaalu.fi\/de\/wp-json\/wp\/v2\/comments?post=7265"}],"version-history":[{"count":17,"href":"https:\/\/makelaalu.fi\/de\/wp-json\/wp\/v2\/pages\/7265\/revisions"}],"predecessor-version":[{"id":8358,"href":"https:\/\/makelaalu.fi\/de\/wp-json\/wp\/v2\/pages\/7265\/revisions\/8358"}],"wp:attachment":[{"href":"https:\/\/makelaalu.fi\/de\/wp-json\/wp\/v2\/media?parent=7265"}],"curies":[{"name":"wp","href":"https:\/\/api.w.org\/{rel}","templated":true}]}}