{"id":7302,"date":"2022-04-05T12:38:14","date_gmt":"2022-04-05T09:38:14","guid":{"rendered":"https:\/\/dev.makelaalu.fi\/?page_id=7302"},"modified":"2022-05-25T09:21:10","modified_gmt":"2022-05-25T06:21:10","slug":"alucoating","status":"publish","type":"page","link":"https:\/\/makelaalu.fi\/de\/unser-service\/alucoating\/","title":{"rendered":"AluCoating\u00ae"},"content":{"rendered":"<div class=\"wpb-content-wrapper\"><p>[vc_row][vc_column][vc_column_text]<\/p>\n<h2>Unser AluCoating\u00ae Oberfl\u00e4chenbehandlungsservice gibt Ihnen die Wahl<\/h2>\n<h4>Das Aluminiumprofil erm\u00f6glicht es, sehr komplexe Formen zu erstellen und ihnen verschiedene Funktionen hinzuzuf\u00fcgen, die mit anderen Materialien sehr schwer zu implementieren sind.<\/h4>\n<p><img loading=\"lazy\" decoding=\"async\" class=\"alignnone wp-image-6184\" src=\"https:\/\/makelaalu.fi\/wp-content\/uploads\/2022\/02\/makelaalu_pintakasittely-300x181.jpg\" alt=\"\" width=\"1200\" height=\"723\" srcset=\"https:\/\/makelaalu.fi\/wp-content\/uploads\/2022\/02\/makelaalu_pintakasittely-300x181.jpg 300w, https:\/\/makelaalu.fi\/wp-content\/uploads\/2022\/02\/makelaalu_pintakasittely-1024x617.jpg 1024w, https:\/\/makelaalu.fi\/wp-content\/uploads\/2022\/02\/makelaalu_pintakasittely-768x463.jpg 768w, https:\/\/makelaalu.fi\/wp-content\/uploads\/2022\/02\/makelaalu_pintakasittely-1536x925.jpg 1536w, https:\/\/makelaalu.fi\/wp-content\/uploads\/2022\/02\/makelaalu_pintakasittely-2048x1234.jpg 2048w, https:\/\/makelaalu.fi\/wp-content\/uploads\/2022\/02\/makelaalu_pintakasittely-500x301.jpg 500w\" sizes=\"auto, (max-width: 1200px) 100vw, 1200px\" \/><\/p>\n<p>Das hergestellte Produkt wird nach den Anforderungen der Einsatzbedingungen beschichtet. Um dem wachsenden Bedarf an Beschichtungen zu gen\u00fcgen, haben wir das Servicekonzept AluCoating\u00ae entwickelt, mit dem wir alle g\u00e4ngigen Beschichtungen.<\/p>\n<p>Anodisierung ist eine beliebte Oberfl\u00e4chenbehandlung f\u00fcr Aluminium, da sie die Korrosionsbest\u00e4ndigkeit und Lebensdauer von Aluminium verbessert. Mehr \u00fcber die Anodisierung <a href=\"https:\/\/makelaalu.fi\/de\/oberflaechenbehandlung-von-aluminiumprofilen\/anodisieren\/\">hier<\/a>. \u00dcber unser Lieferantennetz k\u00f6nnen wir auch farbige Anodisierung anbieten.<\/p>\n<h3>Farbbeschichtung<\/h3>\n<p><img loading=\"lazy\" decoding=\"async\" class=\"alignright wp-image-7060\" src=\"https:\/\/makelaalu.fi\/wp-content\/uploads\/2022\/04\/GSB_International-150x150-1.png\" alt=\"\" width=\"80\" height=\"80\" \/>Auch ein Farbauftrag mit Spezialfarben oder mit zwei Farben ist m\u00f6glich. Wir verf\u00fcgen \u00fcber drei eigene GSB-zertifizierte Lackierstra\u00dfen, die eine hohe Qualit\u00e4t der Beschichtung garantieren. Die Gleichm\u00e4\u00dfigkeit des Farbauftrags wird von uns st\u00e4ndig kontrolliert, und wir sind bem\u00fcht, sie stets zu optimieren. Eventuelle Peripheriekomponenten lassen sich einfach gemeinsam mit den Profilen beschichten.<\/p>\n<p>Sie k\u00f6nnen zum AluCoating\u00ae-Service auch den\u00a0<a href=\"https:\/\/www.makelaalu.fi\/de\/unser-service\/lager\/\">AluStorage\u00ae-Zusatzservice<\/a>\u00a0zubuchen, so bekommen Sie die von Ihnen ben\u00f6tigten oberfl\u00e4chenbehandelten Profile immer flexibel und schnell.<\/p>\n<h3>So geht das<\/h3>\n<p>Die Oberfl\u00e4chenbehandlung wird in Abh\u00e4ngigkeit von der Art des Objekts, f\u00fcr das das Aluminiumprofil oberfl\u00e4chenbehandelt werden soll, gemeinsam ausgew\u00e4hlt. Danach werden die Profile und eventuelle Anbauteile in unserer Beschichtungsanlage. oberfl\u00e4chenbehandelt. Die Produkte werden verpackt und an den Kunden geliefert. Wenn Sie sich zus\u00e4tzlich f\u00fcr den Service <a href=\"https:\/\/makelaalu.fi\/de\/unser-service\/alustorage\/\">AluStorage\u00ae<\/a> entschieden haben, ist es m\u00f6glich, die ben\u00f6tigten oberfl\u00e4chenbehandelten Mengen schnell in die Produktion zu bringen. Der AluStorage\u00ae-Service bringt Flexibilit\u00e4t bei der Planung Ihres eigenen Produktions- und Lagerbedarfs.[\/vc_column_text][\/vc_column][\/vc_row]<\/p>\n<\/div>","protected":false},"excerpt":{"rendered":"[vc_row][vc_column][vc_column_text] Unser AluCoating\u00ae Oberfl\u00e4chenbehandlungsservice gibt Ihnen die Wahl Das Aluminiumprofil erm\u00f6glicht es, sehr komplexe Formen zu erstellen und ihnen verschiedene Funktionen hinzuzuf\u00fcgen, die mit anderen Materialien sehr schwer zu implementieren sind. Das hergestellte Produkt wird nach den Anforderungen der Einsatzbedingungen beschichtet. Um dem wachsenden Bedarf an Beschichtungen zu gen\u00fcgen, haben wir das Servicekonzept AluCoating\u00ae entwickelt, mit dem wir alle g\u00e4ngigen Beschichtungen. Anodisierung ist eine beliebte Oberfl\u00e4chenbehandlung f\u00fcr Aluminium, da sie die Korrosionsbest\u00e4ndigkeit und Lebensdauer von Aluminium verbessert. Mehr \u00fcber die Anodisierung hier. \u00dcber unser Lieferantennetz k\u00f6nnen wir auch farbige Anodisierung anbieten. Farbbeschichtung Auch ein Farbauftrag mit Spezialfarben oder mit zwei Farben ist m\u00f6glich. Wir verf\u00fcgen \u00fcber drei eigene GSB-zertifizierte Lackierstra\u00dfen, die eine hohe Qualit\u00e4t der Beschichtung garantieren. Die Gleichm\u00e4\u00dfigkeit des Farbauftrags wird von uns st\u00e4ndig kontrolliert, und wir sind bem\u00fcht, sie stets zu optimieren. Eventuelle Peripheriekomponenten lassen sich einfach gemeinsam mit den Profilen beschichten. Sie k\u00f6nnen zum AluCoating\u00ae-Service auch den\u00a0AluStorage\u00ae-Zusatzservice\u00a0zubuchen, so bekommen Sie die von Ihnen ben\u00f6tigten oberfl\u00e4chenbehandelten Profile immer flexibel und schnell. So geht das Die Oberfl\u00e4chenbehandlung wird in Abh\u00e4ngigkeit von der Art des Objekts, f\u00fcr das das Aluminiumprofil oberfl\u00e4chenbehandelt werden soll, gemeinsam ausgew\u00e4hlt. Danach werden die Profile und eventuelle Anbauteile in unserer Beschichtungsanlage. oberfl\u00e4chenbehandelt. Die Produkte werden verpackt und an den Kunden geliefert. Wenn Sie sich zus\u00e4tzlich f\u00fcr den Service AluStorage\u00ae entschieden haben, ist es m\u00f6glich, die ben\u00f6tigten oberfl\u00e4chenbehandelten Mengen schnell in die Produktion zu bringen. Der AluStorage\u00ae-Service bringt Flexibilit\u00e4t bei der Planung Ihres eigenen Produktions- und Lagerbedarfs.[\/vc_column_text][\/vc_column][\/vc_row]","protected":false},"author":5,"featured_media":0,"parent":7073,"menu_order":28,"comment_status":"closed","ping_status":"closed","template":"","meta":{"_acf_changed":false,"footnotes":""},"class_list":["post-7302","page","type-page","status-publish","hentry"],"acf":[],"yoast_head":"<!-- This site is optimized with the Yoast SEO plugin v27.3 - https:\/\/yoast.com\/product\/yoast-seo-wordpress\/ -->\n<title>AluCoating\u00ae - Oberfl\u00e4chenbehandlungsservice<\/title>\n<meta name=\"description\" content=\"Unser Oberfl\u00e4chenbehandlungsservice f\u00fcr Aluminiumprofile gibt Ihnen die Wahl. Die Farbbeschichtung oder Anodisierung.\" \/>\n<meta name=\"robots\" content=\"index, follow, max-snippet:-1, max-image-preview:large, max-video-preview:-1\" \/>\n<link rel=\"canonical\" href=\"https:\/\/makelaalu.fi\/de\/unser-service\/alucoating\/\" \/>\n<meta property=\"og:locale\" content=\"de_DE\" \/>\n<meta property=\"og:type\" content=\"article\" \/>\n<meta property=\"og:title\" content=\"AluCoating\u00ae - Oberfl\u00e4chenbehandlungsservice\" \/>\n<meta property=\"og:description\" content=\"Unser Oberfl\u00e4chenbehandlungsservice f\u00fcr Aluminiumprofile gibt Ihnen die Wahl. Die Farbbeschichtung oder Anodisierung.\" \/>\n<meta property=\"og:url\" content=\"https:\/\/makelaalu.fi\/de\/unser-service\/alucoating\/\" \/>\n<meta property=\"og:site_name\" content=\"M&auml;kel&auml; Alu Oy\" \/>\n<meta property=\"article:modified_time\" content=\"2022-05-25T06:21:10+00:00\" \/>\n<meta property=\"og:image\" content=\"https:\/\/dev.makelaalu.fi\/wp-content\/uploads\/2022\/02\/makelaalu_pintakasittely-300x181.jpg\" \/>\n<meta name=\"twitter:card\" content=\"summary_large_image\" \/>\n<meta name=\"twitter:label1\" content=\"Gesch\u00e4tzte Lesezeit\" \/>\n\t<meta name=\"twitter:data1\" content=\"2\u00a0Minuten\" \/>\n<script type=\"application\/ld+json\" class=\"yoast-schema-graph\">{\"@context\":\"https:\\\/\\\/schema.org\",\"@graph\":[{\"@type\":\"WebPage\",\"@id\":\"https:\\\/\\\/makelaalu.fi\\\/de\\\/unser-service\\\/alucoating\\\/\",\"url\":\"https:\\\/\\\/makelaalu.fi\\\/de\\\/unser-service\\\/alucoating\\\/\",\"name\":\"AluCoating\u00ae - Oberfl\u00e4chenbehandlungsservice\",\"isPartOf\":{\"@id\":\"https:\\\/\\\/dev.makelaalu.fi\\\/#website\"},\"primaryImageOfPage\":{\"@id\":\"https:\\\/\\\/makelaalu.fi\\\/de\\\/unser-service\\\/alucoating\\\/#primaryimage\"},\"image\":{\"@id\":\"https:\\\/\\\/makelaalu.fi\\\/de\\\/unser-service\\\/alucoating\\\/#primaryimage\"},\"thumbnailUrl\":\"https:\\\/\\\/makelaalu.fi\\\/wp-content\\\/uploads\\\/2022\\\/02\\\/makelaalu_pintakasittely-300x181.jpg\",\"datePublished\":\"2022-04-05T09:38:14+00:00\",\"dateModified\":\"2022-05-25T06:21:10+00:00\",\"description\":\"Unser Oberfl\u00e4chenbehandlungsservice f\u00fcr Aluminiumprofile gibt Ihnen die Wahl. Die Farbbeschichtung oder Anodisierung.\",\"breadcrumb\":{\"@id\":\"https:\\\/\\\/makelaalu.fi\\\/de\\\/unser-service\\\/alucoating\\\/#breadcrumb\"},\"inLanguage\":\"de\",\"potentialAction\":[{\"@type\":\"ReadAction\",\"target\":[\"https:\\\/\\\/makelaalu.fi\\\/de\\\/unser-service\\\/alucoating\\\/\"]}]},{\"@type\":\"ImageObject\",\"inLanguage\":\"de\",\"@id\":\"https:\\\/\\\/makelaalu.fi\\\/de\\\/unser-service\\\/alucoating\\\/#primaryimage\",\"url\":\"https:\\\/\\\/makelaalu.fi\\\/wp-content\\\/uploads\\\/2022\\\/02\\\/makelaalu_pintakasittely-300x181.jpg\",\"contentUrl\":\"https:\\\/\\\/makelaalu.fi\\\/wp-content\\\/uploads\\\/2022\\\/02\\\/makelaalu_pintakasittely-300x181.jpg\"},{\"@type\":\"BreadcrumbList\",\"@id\":\"https:\\\/\\\/makelaalu.fi\\\/de\\\/unser-service\\\/alucoating\\\/#breadcrumb\",\"itemListElement\":[{\"@type\":\"ListItem\",\"position\":1,\"name\":\"Frontpage\",\"item\":\"https:\\\/\\\/makelaalu.fi\\\/de\\\/\"},{\"@type\":\"ListItem\",\"position\":2,\"name\":\"Unser Service\",\"item\":\"https:\\\/\\\/makelaalu.fi\\\/de\\\/unser-service\\\/\"},{\"@type\":\"ListItem\",\"position\":3,\"name\":\"AluCoating\u00ae\"}]},{\"@type\":\"WebSite\",\"@id\":\"https:\\\/\\\/dev.makelaalu.fi\\\/#website\",\"url\":\"https:\\\/\\\/dev.makelaalu.fi\\\/\",\"name\":\"M&auml;kel&auml; Alu Oy\",\"description\":\"Alumiiniprofiilien puristaminen vuosikymmenten kokemuksella.\",\"potentialAction\":[{\"@type\":\"SearchAction\",\"target\":{\"@type\":\"EntryPoint\",\"urlTemplate\":\"https:\\\/\\\/dev.makelaalu.fi\\\/?s={search_term_string}\"},\"query-input\":{\"@type\":\"PropertyValueSpecification\",\"valueRequired\":true,\"valueName\":\"search_term_string\"}}],\"inLanguage\":\"de\"}]}<\/script>\n<!-- \/ Yoast SEO plugin. -->","yoast_head_json":{"title":"AluCoating\u00ae - Oberfl\u00e4chenbehandlungsservice","description":"Unser Oberfl\u00e4chenbehandlungsservice f\u00fcr Aluminiumprofile gibt Ihnen die Wahl. Die Farbbeschichtung oder Anodisierung.","robots":{"index":"index","follow":"follow","max-snippet":"max-snippet:-1","max-image-preview":"max-image-preview:large","max-video-preview":"max-video-preview:-1"},"canonical":"https:\/\/makelaalu.fi\/de\/unser-service\/alucoating\/","og_locale":"de_DE","og_type":"article","og_title":"AluCoating\u00ae - Oberfl\u00e4chenbehandlungsservice","og_description":"Unser Oberfl\u00e4chenbehandlungsservice f\u00fcr Aluminiumprofile gibt Ihnen die Wahl. Die Farbbeschichtung oder Anodisierung.","og_url":"https:\/\/makelaalu.fi\/de\/unser-service\/alucoating\/","og_site_name":"M&auml;kel&auml; Alu Oy","article_modified_time":"2022-05-25T06:21:10+00:00","og_image":[{"url":"https:\/\/dev.makelaalu.fi\/wp-content\/uploads\/2022\/02\/makelaalu_pintakasittely-300x181.jpg","type":"","width":"","height":""}],"twitter_card":"summary_large_image","twitter_misc":{"Gesch\u00e4tzte Lesezeit":"2\u00a0Minuten"},"schema":{"@context":"https:\/\/schema.org","@graph":[{"@type":"WebPage","@id":"https:\/\/makelaalu.fi\/de\/unser-service\/alucoating\/","url":"https:\/\/makelaalu.fi\/de\/unser-service\/alucoating\/","name":"AluCoating\u00ae - Oberfl\u00e4chenbehandlungsservice","isPartOf":{"@id":"https:\/\/dev.makelaalu.fi\/#website"},"primaryImageOfPage":{"@id":"https:\/\/makelaalu.fi\/de\/unser-service\/alucoating\/#primaryimage"},"image":{"@id":"https:\/\/makelaalu.fi\/de\/unser-service\/alucoating\/#primaryimage"},"thumbnailUrl":"https:\/\/makelaalu.fi\/wp-content\/uploads\/2022\/02\/makelaalu_pintakasittely-300x181.jpg","datePublished":"2022-04-05T09:38:14+00:00","dateModified":"2022-05-25T06:21:10+00:00","description":"Unser Oberfl\u00e4chenbehandlungsservice f\u00fcr Aluminiumprofile gibt Ihnen die Wahl. Die Farbbeschichtung oder Anodisierung.","breadcrumb":{"@id":"https:\/\/makelaalu.fi\/de\/unser-service\/alucoating\/#breadcrumb"},"inLanguage":"de","potentialAction":[{"@type":"ReadAction","target":["https:\/\/makelaalu.fi\/de\/unser-service\/alucoating\/"]}]},{"@type":"ImageObject","inLanguage":"de","@id":"https:\/\/makelaalu.fi\/de\/unser-service\/alucoating\/#primaryimage","url":"https:\/\/makelaalu.fi\/wp-content\/uploads\/2022\/02\/makelaalu_pintakasittely-300x181.jpg","contentUrl":"https:\/\/makelaalu.fi\/wp-content\/uploads\/2022\/02\/makelaalu_pintakasittely-300x181.jpg"},{"@type":"BreadcrumbList","@id":"https:\/\/makelaalu.fi\/de\/unser-service\/alucoating\/#breadcrumb","itemListElement":[{"@type":"ListItem","position":1,"name":"Frontpage","item":"https:\/\/makelaalu.fi\/de\/"},{"@type":"ListItem","position":2,"name":"Unser Service","item":"https:\/\/makelaalu.fi\/de\/unser-service\/"},{"@type":"ListItem","position":3,"name":"AluCoating\u00ae"}]},{"@type":"WebSite","@id":"https:\/\/dev.makelaalu.fi\/#website","url":"https:\/\/dev.makelaalu.fi\/","name":"M&auml;kel&auml; Alu Oy","description":"Alumiiniprofiilien puristaminen vuosikymmenten kokemuksella.","potentialAction":[{"@type":"SearchAction","target":{"@type":"EntryPoint","urlTemplate":"https:\/\/dev.makelaalu.fi\/?s={search_term_string}"},"query-input":{"@type":"PropertyValueSpecification","valueRequired":true,"valueName":"search_term_string"}}],"inLanguage":"de"}]}},"_links":{"self":[{"href":"https:\/\/makelaalu.fi\/de\/wp-json\/wp\/v2\/pages\/7302","targetHints":{"allow":["GET"]}}],"collection":[{"href":"https:\/\/makelaalu.fi\/de\/wp-json\/wp\/v2\/pages"}],"about":[{"href":"https:\/\/makelaalu.fi\/de\/wp-json\/wp\/v2\/types\/page"}],"author":[{"embeddable":true,"href":"https:\/\/makelaalu.fi\/de\/wp-json\/wp\/v2\/users\/5"}],"replies":[{"embeddable":true,"href":"https:\/\/makelaalu.fi\/de\/wp-json\/wp\/v2\/comments?post=7302"}],"version-history":[{"count":12,"href":"https:\/\/makelaalu.fi\/de\/wp-json\/wp\/v2\/pages\/7302\/revisions"}],"predecessor-version":[{"id":8519,"href":"https:\/\/makelaalu.fi\/de\/wp-json\/wp\/v2\/pages\/7302\/revisions\/8519"}],"up":[{"embeddable":true,"href":"https:\/\/makelaalu.fi\/de\/wp-json\/wp\/v2\/pages\/7073"}],"wp:attachment":[{"href":"https:\/\/makelaalu.fi\/de\/wp-json\/wp\/v2\/media?parent=7302"}],"curies":[{"name":"wp","href":"https:\/\/api.w.org\/{rel}","templated":true}]}}