{"id":11203,"date":"2025-05-30T11:09:02","date_gmt":"2025-05-30T08:09:02","guid":{"rendered":"https:\/\/makelaalu.fi\/?page_id=11203"},"modified":"2025-06-01T12:32:00","modified_gmt":"2025-06-01T09:32:00","slug":"carbon-neutrality","status":"publish","type":"page","link":"https:\/\/makelaalu.fi\/en\/responsibility\/carbon-neutrality\/","title":{"rendered":"Carbon neutrality"},"content":{"rendered":"<h2>M\u00e4kel\u00e4 Alu Oy is carbon neutral<\/h2>\n<h4 data-start=\"248\" data-end=\"546\">M\u00e4kel\u00e4 Alu is committed to long-term climate action. Our goal is to produce aluminium profiles with the lowest possible emissions and we have already taken significant steps toward this. Today, we are proud to announce that we have achieved carbon neutrality in our own production and internal logistics.<\/h4>\n<p>We reached this goal by improving energy efficiency, switching from fossil fuels to renewable energy, and optimising our production processes. Part of our carbon dioxide emissions has been offset through verified climate actions by a third party. The offsetting was carried out through a reforestation project in cooperation with a Finnish partner. In this project, around 1,000 pine and 1,000 spruce seedlings per hectare were planted on former farmland. This solution has a real impact on the environment and benefits our local area, as the site is located in Levijoki, Alaj\u00e4rvi.<\/p>\n<p><img loading=\"lazy\" decoding=\"async\" class=\"alignnone wp-image-11146\" style=\"color: #333333; font-style: normal; font-weight: 300;\" src=\"https:\/\/makelaalu.fi\/wp-content\/uploads\/2025\/05\/Carboreal_Sertifikaatti25.png\" alt=\"\" width=\"360\" height=\"348\" srcset=\"https:\/\/makelaalu.fi\/wp-content\/uploads\/2025\/05\/Carboreal_Sertifikaatti25.png 500w, https:\/\/makelaalu.fi\/wp-content\/uploads\/2025\/05\/Carboreal_Sertifikaatti25-300x290.png 300w\" sizes=\"auto, (max-width: 360px) 100vw, 360px\" \/><\/p>\n<h3>Energy projects that reduced our emissions<\/h3>\n<p data-start=\"1178\" data-end=\"1664\">We have implemented several projects to improve energy efficiency and replace fossil fuels with renewable alternatives. The largest group of projects has received energy investment support from the Ministry of Economic Affairs and Employment of Finland (TEM). This RRF-funded package includes a total of eight separate projects, with a combined value of over 10 million euros. Once completed, these projects will reduce our annual carbon dioxide emissions by approximately 2,800 tonnes.<\/p>\n<p data-start=\"1666\" data-end=\"1717\">The following projects have already been completed:<\/p>\n<p><strong>Electrification of billet heating, Luoma-aho (RRF)<\/strong><\/p>\n<ul>\n<li>Replaced LPG-based billet heating with an electric system<\/li>\n<li>Reduces LPG use by approx. 300 tonnes and annual CO\u2082 emissions by around 900 tonnes<\/li>\n<\/ul>\n<p><strong>Waste heat recovery in the paint shop, Voikkaa (RRF)<\/strong><\/p>\n<ul>\n<li>Process water heating without natural gas<\/li>\n<li>Reduces annual CO\u2082 emissions by approx. 204 tonnes<\/li>\n<\/ul>\n<p><strong>Waste heat recovery in paint shops, Luoma-aho (RRF)<\/strong><\/p>\n<ul>\n<li>Process water heating without LPG<\/li>\n<li>Reduces annual CO\u2082 emissions by approx. 290 tonnes<\/li>\n<\/ul>\n<p><strong>Electricity storage and new substation, Luoma-aho (RRF)<\/strong><\/p>\n<ul>\n<li>Upgrades to the factory&#8217;s electrical infrastructure enabled the electrification projects<\/li>\n<\/ul>\n<p><strong><img loading=\"lazy\" decoding=\"async\" class=\"alignnone size-full wp-image-9909\" src=\"https:\/\/makelaalu.fi\/wp-content\/uploads\/2023\/11\/EN_Funded_by_the_European_Union_RGB_POS.jpg\" alt=\"\" width=\"500\" height=\"120\" srcset=\"https:\/\/makelaalu.fi\/wp-content\/uploads\/2023\/11\/EN_Funded_by_the_European_Union_RGB_POS.jpg 500w, https:\/\/makelaalu.fi\/wp-content\/uploads\/2023\/11\/EN_Funded_by_the_European_Union_RGB_POS-300x72.jpg 300w\" sizes=\"auto, (max-width: 500px) 100vw, 500px\" \/><\/strong><\/p>\n<p><strong>Energy system upgrade at the anodising plant, Luoma-aho<\/strong><\/p>\n<ul>\n<li>Heat pump and heat recovery systems<\/li>\n<li>A unique solution recognised with both national and international awards<\/li>\n<li>Reduces annual CO\u2082 emissions by approx. 800 tonnes<\/li>\n<li>Fully carbon neutral<\/li>\n<\/ul>\n<h3>Our reforestation project captures carbon and supports biodiversity<\/h3>\n<p data-start=\"2723\" data-end=\"3226\">Our reforestation project covers seven hectares of land planted with coniferous seedlings. Our partner in the project is Carboreal Oy. The area is a former peat-rich field no longer in agricultural use. As the former cropland turns into forest, soil emissions are reduced. Deciduous trees also grow naturally in the area, and other species will be preserved during management to enhance biodiversity. The field is not included in the national carbon accounting and is no longer suitable for cultivation.<\/p>\n<p data-start=\"3228\" data-end=\"3426\">Reforestation binds carbon long term into the soil and improves ecosystem health. The carbon capture calculation is based on extensive Finnish scientific data verified by an independent third party.<\/p>\n<figure id=\"attachment_11153\" aria-describedby=\"caption-attachment-11153\" style=\"width: 567px\" class=\"wp-caption aligncenter\"><img loading=\"lazy\" decoding=\"async\" class=\"wp-image-11153\" src=\"https:\/\/makelaalu.fi\/wp-content\/uploads\/2025\/05\/makela-alu-metsitysprojekti-carboreal-scaled.jpeg\" alt=\"\" width=\"567\" height=\"428\" \/><figcaption id=\"caption-attachment-11153\" class=\"wp-caption-text\">Although the seedlings are still small, this multi-hectare site will capture significant amounts of carbon dioxide in the coming decades.<\/figcaption><\/figure>\n<h3>On our way to carbon negativity<\/h3>\n<p>We will continue our work to reduce emissions in our production. For example, further electrification projects can still be implemented in different departments. Continuing our environmental work is important to us and our next goal is carbon negativity. While we don\u2019t yet know every step it will take to reach that goal, we already know the tools that can help make it happen.<\/p>\n","protected":false},"excerpt":{"rendered":"M\u00e4kel\u00e4 Alu Oy is carbon neutral M\u00e4kel\u00e4 Alu is committed to long-term climate action. Our goal is to produce aluminium profiles with the lowest possible emissions and we have already taken significant steps toward this. Today, we are proud to announce that we have achieved carbon neutrality in our own production and internal logistics. We reached this goal by improving energy efficiency, switching from fossil fuels to renewable energy, and optimising our production processes. Part of our carbon dioxide emissions has been offset through verified climate actions by a third party. The offsetting was carried out through a reforestation project in cooperation with a Finnish partner. In this project, around 1,000 pine and 1,000 spruce seedlings per hectare were planted on former farmland. This solution has a real impact on the environment and benefits our local area, as the site is located in Levijoki, Alaj\u00e4rvi. Energy projects that reduced our emissions We have implemented several projects to improve energy efficiency and replace fossil fuels with renewable alternatives. The largest group of projects has received energy investment support from the Ministry of Economic Affairs and Employment of Finland (TEM). This RRF-funded package includes a total of eight separate projects, with a combined value of over 10 million euros. Once completed, these projects will reduce our annual carbon dioxide emissions by approximately 2,800 tonnes. The following projects have already been completed: Electrification of billet heating, Luoma-aho (RRF) Replaced LPG-based billet heating with an electric system Reduces LPG use by approx. 300 tonnes and annual CO\u2082 emissions by around 900 tonnes Waste heat recovery in the paint shop, Voikkaa (RRF) Process water heating without natural gas Reduces annual CO\u2082 emissions by approx. 204 tonnes Waste heat recovery in paint shops, Luoma-aho (RRF) Process water heating without LPG Reduces annual CO\u2082 emissions by approx. 290 tonnes Electricity storage and new substation, Luoma-aho (RRF) Upgrades to the factory&#8217;s electrical infrastructure enabled the electrification projects Energy system upgrade at the anodising plant, Luoma-aho Heat pump and heat recovery systems A unique solution recognised with both national and international awards Reduces annual CO\u2082 emissions by approx. 800 tonnes Fully carbon neutral Our reforestation project captures carbon and supports biodiversity Our reforestation project covers seven hectares of land planted with coniferous seedlings. Our partner in the project is Carboreal Oy. The area is a former peat-rich field no longer in agricultural use. As the former cropland turns into forest, soil emissions are reduced. Deciduous trees also grow naturally in the area, and other species will be preserved during management to enhance biodiversity. The field is not included in the national carbon accounting and is no longer suitable for cultivation. Reforestation binds carbon long term into the soil and improves ecosystem health. The carbon capture calculation is based on extensive Finnish scientific data verified by an independent third party. On our way to carbon negativity We will continue our work to reduce emissions in our production. For example, further electrification projects can still be implemented in different departments. Continuing our environmental work is important to us and our next goal is carbon negativity. While we don\u2019t yet know every step it will take to reach that goal, we already know the tools that can help make it happen.","protected":false},"author":2,"featured_media":0,"parent":6984,"menu_order":5,"comment_status":"closed","ping_status":"closed","template":"","meta":{"_acf_changed":false,"footnotes":""},"class_list":["post-11203","page","type-page","status-publish","hentry"],"acf":[],"yoast_head":"<!-- This site is optimized with the Yoast SEO plugin v27.3 - https:\/\/yoast.com\/product\/yoast-seo-wordpress\/ -->\n<title>M\u00e4kel\u00e4 Alu is carbon neutral \u2013 on the path to carbon negativity<\/title>\n<meta name=\"description\" content=\"We have achieved carbon neutrality in our own production by improving energy efficiency, switching to renewable energy and offsetting emissions through a local reforestation project.\" \/>\n<meta name=\"robots\" content=\"index, follow, max-snippet:-1, max-image-preview:large, max-video-preview:-1\" \/>\n<link rel=\"canonical\" href=\"https:\/\/makelaalu.fi\/en\/responsibility\/carbon-neutrality\/\" \/>\n<meta property=\"og:locale\" content=\"en_GB\" \/>\n<meta property=\"og:type\" content=\"article\" \/>\n<meta property=\"og:title\" content=\"M\u00e4kel\u00e4 Alu is carbon neutral \u2013 on the path to carbon negativity\" \/>\n<meta property=\"og:description\" content=\"We have achieved carbon neutrality in our own production by improving energy efficiency, switching to renewable energy and offsetting emissions through a local reforestation project.\" \/>\n<meta property=\"og:url\" content=\"https:\/\/makelaalu.fi\/en\/responsibility\/carbon-neutrality\/\" \/>\n<meta property=\"og:site_name\" content=\"M&auml;kel&auml; Alu Oy\" \/>\n<meta property=\"article:modified_time\" content=\"2025-06-01T09:32:00+00:00\" \/>\n<meta property=\"og:image\" content=\"https:\/\/makelaalu.fi\/wp-content\/uploads\/2025\/05\/Carboreal_Sertifikaatti25.png\" \/>\n\t<meta property=\"og:image:width\" content=\"500\" \/>\n\t<meta property=\"og:image:height\" content=\"483\" \/>\n\t<meta property=\"og:image:type\" content=\"image\/png\" \/>\n<meta name=\"twitter:card\" content=\"summary_large_image\" \/>\n<meta name=\"twitter:label1\" content=\"Estimated reading time\" \/>\n\t<meta name=\"twitter:data1\" content=\"5 minutes\" \/>\n<script type=\"application\/ld+json\" class=\"yoast-schema-graph\">{\"@context\":\"https:\\\/\\\/schema.org\",\"@graph\":[{\"@type\":\"WebPage\",\"@id\":\"https:\\\/\\\/makelaalu.fi\\\/en\\\/responsibility\\\/carbon-neutrality\\\/\",\"url\":\"https:\\\/\\\/makelaalu.fi\\\/en\\\/responsibility\\\/carbon-neutrality\\\/\",\"name\":\"M\u00e4kel\u00e4 Alu is carbon neutral \u2013 on the path to carbon negativity\",\"isPartOf\":{\"@id\":\"https:\\\/\\\/dev.makelaalu.fi\\\/#website\"},\"primaryImageOfPage\":{\"@id\":\"https:\\\/\\\/makelaalu.fi\\\/en\\\/responsibility\\\/carbon-neutrality\\\/#primaryimage\"},\"image\":{\"@id\":\"https:\\\/\\\/makelaalu.fi\\\/en\\\/responsibility\\\/carbon-neutrality\\\/#primaryimage\"},\"thumbnailUrl\":\"https:\\\/\\\/makelaalu.fi\\\/wp-content\\\/uploads\\\/2025\\\/05\\\/Carboreal_Sertifikaatti25.png\",\"datePublished\":\"2025-05-30T08:09:02+00:00\",\"dateModified\":\"2025-06-01T09:32:00+00:00\",\"description\":\"We have achieved carbon neutrality in our own production by improving energy efficiency, switching to renewable energy and offsetting emissions through a local reforestation project.\",\"breadcrumb\":{\"@id\":\"https:\\\/\\\/makelaalu.fi\\\/en\\\/responsibility\\\/carbon-neutrality\\\/#breadcrumb\"},\"inLanguage\":\"en-GB\",\"potentialAction\":[{\"@type\":\"ReadAction\",\"target\":[\"https:\\\/\\\/makelaalu.fi\\\/en\\\/responsibility\\\/carbon-neutrality\\\/\"]}]},{\"@type\":\"ImageObject\",\"inLanguage\":\"en-GB\",\"@id\":\"https:\\\/\\\/makelaalu.fi\\\/en\\\/responsibility\\\/carbon-neutrality\\\/#primaryimage\",\"url\":\"https:\\\/\\\/makelaalu.fi\\\/wp-content\\\/uploads\\\/2025\\\/05\\\/Carboreal_Sertifikaatti25.png\",\"contentUrl\":\"https:\\\/\\\/makelaalu.fi\\\/wp-content\\\/uploads\\\/2025\\\/05\\\/Carboreal_Sertifikaatti25.png\"},{\"@type\":\"BreadcrumbList\",\"@id\":\"https:\\\/\\\/makelaalu.fi\\\/en\\\/responsibility\\\/carbon-neutrality\\\/#breadcrumb\",\"itemListElement\":[{\"@type\":\"ListItem\",\"position\":1,\"name\":\"Etusivu\",\"item\":\"https:\\\/\\\/makelaalu.fi\\\/en\\\/\"},{\"@type\":\"ListItem\",\"position\":2,\"name\":\"Responsibility\",\"item\":\"https:\\\/\\\/makelaalu.fi\\\/en\\\/responsibility\\\/\"},{\"@type\":\"ListItem\",\"position\":3,\"name\":\"Carbon neutrality\"}]},{\"@type\":\"WebSite\",\"@id\":\"https:\\\/\\\/dev.makelaalu.fi\\\/#website\",\"url\":\"https:\\\/\\\/dev.makelaalu.fi\\\/\",\"name\":\"M&auml;kel&auml; Alu Oy\",\"description\":\"Alumiiniprofiilien puristaminen vuosikymmenten kokemuksella.\",\"potentialAction\":[{\"@type\":\"SearchAction\",\"target\":{\"@type\":\"EntryPoint\",\"urlTemplate\":\"https:\\\/\\\/dev.makelaalu.fi\\\/?s={search_term_string}\"},\"query-input\":{\"@type\":\"PropertyValueSpecification\",\"valueRequired\":true,\"valueName\":\"search_term_string\"}}],\"inLanguage\":\"en-GB\"}]}<\/script>\n<!-- \/ Yoast SEO plugin. -->","yoast_head_json":{"title":"M\u00e4kel\u00e4 Alu is carbon neutral \u2013 on the path to carbon negativity","description":"We have achieved carbon neutrality in our own production by improving energy efficiency, switching to renewable energy and offsetting emissions through a local reforestation project.","robots":{"index":"index","follow":"follow","max-snippet":"max-snippet:-1","max-image-preview":"max-image-preview:large","max-video-preview":"max-video-preview:-1"},"canonical":"https:\/\/makelaalu.fi\/en\/responsibility\/carbon-neutrality\/","og_locale":"en_GB","og_type":"article","og_title":"M\u00e4kel\u00e4 Alu is carbon neutral \u2013 on the path to carbon negativity","og_description":"We have achieved carbon neutrality in our own production by improving energy efficiency, switching to renewable energy and offsetting emissions through a local reforestation project.","og_url":"https:\/\/makelaalu.fi\/en\/responsibility\/carbon-neutrality\/","og_site_name":"M&auml;kel&auml; Alu Oy","article_modified_time":"2025-06-01T09:32:00+00:00","og_image":[{"width":500,"height":483,"url":"https:\/\/makelaalu.fi\/wp-content\/uploads\/2025\/05\/Carboreal_Sertifikaatti25.png","type":"image\/png"}],"twitter_card":"summary_large_image","twitter_misc":{"Estimated reading time":"5 minutes"},"schema":{"@context":"https:\/\/schema.org","@graph":[{"@type":"WebPage","@id":"https:\/\/makelaalu.fi\/en\/responsibility\/carbon-neutrality\/","url":"https:\/\/makelaalu.fi\/en\/responsibility\/carbon-neutrality\/","name":"M\u00e4kel\u00e4 Alu is carbon neutral \u2013 on the path to carbon negativity","isPartOf":{"@id":"https:\/\/dev.makelaalu.fi\/#website"},"primaryImageOfPage":{"@id":"https:\/\/makelaalu.fi\/en\/responsibility\/carbon-neutrality\/#primaryimage"},"image":{"@id":"https:\/\/makelaalu.fi\/en\/responsibility\/carbon-neutrality\/#primaryimage"},"thumbnailUrl":"https:\/\/makelaalu.fi\/wp-content\/uploads\/2025\/05\/Carboreal_Sertifikaatti25.png","datePublished":"2025-05-30T08:09:02+00:00","dateModified":"2025-06-01T09:32:00+00:00","description":"We have achieved carbon neutrality in our own production by improving energy efficiency, switching to renewable energy and offsetting emissions through a local reforestation project.","breadcrumb":{"@id":"https:\/\/makelaalu.fi\/en\/responsibility\/carbon-neutrality\/#breadcrumb"},"inLanguage":"en-GB","potentialAction":[{"@type":"ReadAction","target":["https:\/\/makelaalu.fi\/en\/responsibility\/carbon-neutrality\/"]}]},{"@type":"ImageObject","inLanguage":"en-GB","@id":"https:\/\/makelaalu.fi\/en\/responsibility\/carbon-neutrality\/#primaryimage","url":"https:\/\/makelaalu.fi\/wp-content\/uploads\/2025\/05\/Carboreal_Sertifikaatti25.png","contentUrl":"https:\/\/makelaalu.fi\/wp-content\/uploads\/2025\/05\/Carboreal_Sertifikaatti25.png"},{"@type":"BreadcrumbList","@id":"https:\/\/makelaalu.fi\/en\/responsibility\/carbon-neutrality\/#breadcrumb","itemListElement":[{"@type":"ListItem","position":1,"name":"Etusivu","item":"https:\/\/makelaalu.fi\/en\/"},{"@type":"ListItem","position":2,"name":"Responsibility","item":"https:\/\/makelaalu.fi\/en\/responsibility\/"},{"@type":"ListItem","position":3,"name":"Carbon neutrality"}]},{"@type":"WebSite","@id":"https:\/\/dev.makelaalu.fi\/#website","url":"https:\/\/dev.makelaalu.fi\/","name":"M&auml;kel&auml; Alu Oy","description":"Alumiiniprofiilien puristaminen vuosikymmenten kokemuksella.","potentialAction":[{"@type":"SearchAction","target":{"@type":"EntryPoint","urlTemplate":"https:\/\/dev.makelaalu.fi\/?s={search_term_string}"},"query-input":{"@type":"PropertyValueSpecification","valueRequired":true,"valueName":"search_term_string"}}],"inLanguage":"en-GB"}]}},"_links":{"self":[{"href":"https:\/\/makelaalu.fi\/en\/wp-json\/wp\/v2\/pages\/11203","targetHints":{"allow":["GET"]}}],"collection":[{"href":"https:\/\/makelaalu.fi\/en\/wp-json\/wp\/v2\/pages"}],"about":[{"href":"https:\/\/makelaalu.fi\/en\/wp-json\/wp\/v2\/types\/page"}],"author":[{"embeddable":true,"href":"https:\/\/makelaalu.fi\/en\/wp-json\/wp\/v2\/users\/2"}],"replies":[{"embeddable":true,"href":"https:\/\/makelaalu.fi\/en\/wp-json\/wp\/v2\/comments?post=11203"}],"version-history":[{"count":4,"href":"https:\/\/makelaalu.fi\/en\/wp-json\/wp\/v2\/pages\/11203\/revisions"}],"predecessor-version":[{"id":11249,"href":"https:\/\/makelaalu.fi\/en\/wp-json\/wp\/v2\/pages\/11203\/revisions\/11249"}],"up":[{"embeddable":true,"href":"https:\/\/makelaalu.fi\/en\/wp-json\/wp\/v2\/pages\/6984"}],"wp:attachment":[{"href":"https:\/\/makelaalu.fi\/en\/wp-json\/wp\/v2\/media?parent=11203"}],"curies":[{"name":"wp","href":"https:\/\/api.w.org\/{rel}","templated":true}]}}