{"id":6941,"date":"2022-04-04T11:34:42","date_gmt":"2022-04-04T08:34:42","guid":{"rendered":"https:\/\/dev.makelaalu.fi\/?page_id=6941"},"modified":"2024-11-01T11:19:53","modified_gmt":"2024-11-01T09:19:53","slug":"decoral","status":"publish","type":"page","link":"https:\/\/makelaalu.fi\/en\/surface-treatment\/decoral\/","title":{"rendered":"Decoral"},"content":{"rendered":"<div class=\"wpb-content-wrapper\"><p>[vc_row][vc_column][vc_column_text]<\/p>\n<h2>Decoral is a unique coating solution for aluminium profiles<\/h2>\n<h4>The decorative Decoral coating is an ideal surface treatment solution for aluminium profiles. Decoral-patterned aluminium profiles have the same properties as powder-coated profiles.<\/h4>\n<figure id=\"attachment_5236\" aria-describedby=\"caption-attachment-5236\" style=\"width: 1200px\" class=\"wp-caption alignnone\"><img loading=\"lazy\" decoding=\"async\" class=\"wp-image-5236\" src=\"https:\/\/makelaalu.fi\/wp-content\/uploads\/2021\/02\/Makela_Alu_2021_decoral_alu_alucoating_kauppakeskus_columbus_1-300x200.jpg\" alt=\"M\u00e4kel\u00e4 Alun Decoral-pinnoite Kauppakeskus Columbuksessa\" width=\"1200\" height=\"800\" srcset=\"https:\/\/makelaalu.fi\/wp-content\/uploads\/2021\/02\/Makela_Alu_2021_decoral_alu_alucoating_kauppakeskus_columbus_1-300x200.jpg 300w, https:\/\/makelaalu.fi\/wp-content\/uploads\/2021\/02\/Makela_Alu_2021_decoral_alu_alucoating_kauppakeskus_columbus_1-1024x683.jpg 1024w, https:\/\/makelaalu.fi\/wp-content\/uploads\/2021\/02\/Makela_Alu_2021_decoral_alu_alucoating_kauppakeskus_columbus_1-768x512.jpg 768w, https:\/\/makelaalu.fi\/wp-content\/uploads\/2021\/02\/Makela_Alu_2021_decoral_alu_alucoating_kauppakeskus_columbus_1-1536x1024.jpg 1536w, https:\/\/makelaalu.fi\/wp-content\/uploads\/2021\/02\/Makela_Alu_2021_decoral_alu_alucoating_kauppakeskus_columbus_1.jpg 1920w\" sizes=\"auto, (max-width: 1200px) 100vw, 1200px\" \/><figcaption id=\"caption-attachment-5236\" class=\"wp-caption-text\">M\u00e4kel\u00e4 Alun Decoral pattern coating in the corridor of the Columbus shopping center in Vuosaari. Photo by Jarno Mela<\/figcaption><\/figure>\n<p>M\u00e4kel\u00e4 Alu\u2019s latest novelty of\u00a0<a href=\"https:\/\/makelaalu.fi\/en\/services\/alucoating\/\">AluCoating\u00ae<\/a>\u00a0surface treatment concept is Decoral \u2013 a decorative coating which imitates stone, wood, or almost any desired pattern. The Decoral coating can be applied up to 6.7-metre-long aluminium profiles. 90 per cent of our\u00a0<a href=\"https:\/\/makelaalu.fi\/en\/aluminium-profiles\/\" target=\"_blank\" rel=\"noopener noreferrer\">aluminium profiles<\/a>\u00a0are made directly to our customers\u2019 needs.<\/p>\n<p><iframe loading=\"lazy\" src=\"https:\/\/www.youtube.com\/embed\/OD5UtQ7DT6A\" width=\"560\" height=\"315\" frameborder=\"0\" allowfullscreen=\"allowfullscreen\" data-mce-fragment=\"1\"><\/iframe><\/p>\n<h3>Where can the Decoral coating be used?<\/h3>\n<p>Decoral is an excellent coating option for aluminium profiles when visually appealing but lightweight structures are required. Wooden structures are naturally heavy; aluminium may be a more sensible option for large structures. Fire load can also be reduced significantly by using aluminium. The Decoral method can be used for decorating surfaces with desired wood or stone imitating designs.<\/p>\n<p>Decoral-coated aluminium profiles have the same properties as powder-coated profiles. The coating is durable and protects the aluminium from abrasion. The Decoral coating does not require any maintenance even in outdoor use. Dirt and stains can be removed from the surfaces by washing. Decoral-coated products can also be recycled.<\/p>\n<p>In our Decoral <i>Instructions for delivering <\/i><i>items for batch coating &#8211;<\/i>guide, we provide detailed information on what needs to be considered for pieces sent for coating. Download the guide from <a href=\"https:\/\/makelaalu.fi\/wp-content\/uploads\/2024\/11\/Decoral_Instructions_for_delivering_items_for_batch_coating_2024.pdf\" target=\"_blank\" rel=\"noopener\">this link<\/a>.<\/p>\n<h3>Durability and style<\/h3>\n<p>In the Decoral process, the pattern and coating pigments are transferred into the durable paint layer of the powder-coated aluminium profile. The coating is extremely durable and therefore a suitable solution for challenging environments and applications as well. The coating withstands water, humidity and UV radiation, which is why Decoral is the right choice when you are looking for a durable and stylish coating solution. Decoral-coated aluminium profiles are pre-treated in the same way as other surface-treated profiles: they are washed, Oxilan-treated and undercoated. The colour of the undercoat will depend on the colour of the chosen Decoral coating. Check out our coating options\u00a0<a href=\"https:\/\/makelaalu.fi\/wp-content\/uploads\/2024\/05\/makela_alu_decoral_standard_colours_A4_2024.pdf\" target=\"_blank\" rel=\"noopener noreferrer\">here<\/a>.\u00a0There are thousands of models, so here are just a few examples.<\/p>\n<p>Would you like to learn more about our Decoral coatings? Ask for more information\u00a0<a href=\"https:\/\/makelaalu.fi\/en\/contact-us\/\" rel=\"noopener noreferrer\">from our salesteam.<\/a><\/p>\n<p><img loading=\"lazy\" decoding=\"async\" class=\"wp-image-2126 alignnone\" src=\"https:\/\/www.makelaalu.fi\/wp-content\/uploads\/2018\/03\/m\u00e4kel\u00e4alu_alumiiniprofiilit_pintak\u00e4sittely_pulverimaalaus_decoral1-731x1024.jpg\" alt=\"\" width=\"562\" height=\"788\" srcset=\"https:\/\/makelaalu.fi\/wp-content\/uploads\/2018\/03\/m\u00e4kel\u00e4alu_alumiiniprofiilit_pintak\u00e4sittely_pulverimaalaus_decoral1-731x1024.jpg 731w, https:\/\/makelaalu.fi\/wp-content\/uploads\/2018\/03\/m\u00e4kel\u00e4alu_alumiiniprofiilit_pintak\u00e4sittely_pulverimaalaus_decoral1-214x300.jpg 214w, https:\/\/makelaalu.fi\/wp-content\/uploads\/2018\/03\/m\u00e4kel\u00e4alu_alumiiniprofiilit_pintak\u00e4sittely_pulverimaalaus_decoral1-768x1076.jpg 768w, https:\/\/makelaalu.fi\/wp-content\/uploads\/2018\/03\/m\u00e4kel\u00e4alu_alumiiniprofiilit_pintak\u00e4sittely_pulverimaalaus_decoral1.jpg 874w\" sizes=\"auto, (max-width: 562px) 100vw, 562px\" \/>[\/vc_column_text][\/vc_column][\/vc_row]<\/p>\n<\/div>","protected":false},"excerpt":{"rendered":"[vc_row][vc_column][vc_column_text] Decoral is a unique coating solution for aluminium profiles The decorative Decoral coating is an ideal surface treatment solution for aluminium profiles. Decoral-patterned aluminium profiles have the same properties as powder-coated profiles. M\u00e4kel\u00e4 Alu\u2019s latest novelty of\u00a0AluCoating\u00ae\u00a0surface treatment concept is Decoral \u2013 a decorative coating which imitates stone, wood, or almost any desired pattern. The Decoral coating can be applied up to 6.7-metre-long aluminium profiles. 90 per cent of our\u00a0aluminium profiles\u00a0are made directly to our customers\u2019 needs. Where can the Decoral coating be used? Decoral is an excellent coating option for aluminium profiles when visually appealing but lightweight structures are required. Wooden structures are naturally heavy; aluminium may be a more sensible option for large structures. Fire load can also be reduced significantly by using aluminium. The Decoral method can be used for decorating surfaces with desired wood or stone imitating designs. Decoral-coated aluminium profiles have the same properties as powder-coated profiles. The coating is durable and protects the aluminium from abrasion. The Decoral coating does not require any maintenance even in outdoor use. Dirt and stains can be removed from the surfaces by washing. Decoral-coated products can also be recycled. In our Decoral Instructions for delivering items for batch coating &#8211;guide, we provide detailed information on what needs to be considered for pieces sent for coating. Download the guide from this link. Durability and style In the Decoral process, the pattern and coating pigments are transferred into the durable paint layer of the powder-coated aluminium profile. The coating is extremely durable and therefore a suitable solution for challenging environments and applications as well. The coating withstands water, humidity and UV radiation, which is why Decoral is the right choice when you are looking for a durable and stylish coating solution. Decoral-coated aluminium profiles are pre-treated in the same way as other surface-treated profiles: they are washed, Oxilan-treated and undercoated. The colour of the undercoat will depend on the colour of the chosen Decoral coating. Check out our coating options\u00a0here.\u00a0There are thousands of models, so here are just a few examples. Would you like to learn more about our Decoral coatings? Ask for more information\u00a0from our salesteam. [\/vc_column_text][\/vc_column][\/vc_row]","protected":false},"author":5,"featured_media":0,"parent":6921,"menu_order":78,"comment_status":"closed","ping_status":"closed","template":"","meta":{"_acf_changed":false,"footnotes":""},"class_list":["post-6941","page","type-page","status-publish","hentry"],"acf":[],"yoast_head":"<!-- This site is optimized with the Yoast SEO plugin v27.4 - https:\/\/yoast.com\/product\/yoast-seo-wordpress\/ -->\n<title>Decoral - Decorative coating for aluminium profiles<\/title>\n<meta name=\"description\" content=\"Decoral is a unique coating solution for aluminium profiles. The decorative Decoral coating is an ideal surface treatment solution for aluminium profiles.\" \/>\n<meta name=\"robots\" content=\"index, follow, max-snippet:-1, max-image-preview:large, max-video-preview:-1\" \/>\n<link rel=\"canonical\" href=\"https:\/\/makelaalu.fi\/en\/surface-treatment\/decoral\/\" \/>\n<meta property=\"og:locale\" content=\"en_GB\" \/>\n<meta property=\"og:type\" content=\"article\" \/>\n<meta property=\"og:title\" content=\"Decoral - Decorative coating for aluminium profiles\" \/>\n<meta property=\"og:description\" content=\"Decoral is a unique coating solution for aluminium profiles. The decorative Decoral coating is an ideal surface treatment solution for aluminium profiles.\" \/>\n<meta property=\"og:url\" content=\"https:\/\/makelaalu.fi\/en\/surface-treatment\/decoral\/\" \/>\n<meta property=\"og:site_name\" content=\"M&auml;kel&auml; Alu Oy\" \/>\n<meta property=\"article:modified_time\" content=\"2024-11-01T09:19:53+00:00\" \/>\n<meta property=\"og:image\" content=\"https:\/\/makelaalu.fi\/wp-content\/uploads\/2021\/02\/Makela_Alu_2021_decoral_alu_alucoating_kauppakeskus_columbus_1-1024x683.jpg\" \/>\n\t<meta property=\"og:image:width\" content=\"1024\" \/>\n\t<meta property=\"og:image:height\" content=\"683\" \/>\n\t<meta property=\"og:image:type\" content=\"image\/jpeg\" \/>\n<meta name=\"twitter:card\" content=\"summary_large_image\" \/>\n<meta name=\"twitter:label1\" content=\"Estimated reading time\" \/>\n\t<meta name=\"twitter:data1\" content=\"3 minutes\" \/>\n<script type=\"application\/ld+json\" class=\"yoast-schema-graph\">{\"@context\":\"https:\\\/\\\/schema.org\",\"@graph\":[{\"@type\":\"WebPage\",\"@id\":\"https:\\\/\\\/makelaalu.fi\\\/en\\\/surface-treatment\\\/decoral\\\/\",\"url\":\"https:\\\/\\\/makelaalu.fi\\\/en\\\/surface-treatment\\\/decoral\\\/\",\"name\":\"Decoral - Decorative coating for aluminium profiles\",\"isPartOf\":{\"@id\":\"https:\\\/\\\/dev.makelaalu.fi\\\/#website\"},\"primaryImageOfPage\":{\"@id\":\"https:\\\/\\\/makelaalu.fi\\\/en\\\/surface-treatment\\\/decoral\\\/#primaryimage\"},\"image\":{\"@id\":\"https:\\\/\\\/makelaalu.fi\\\/en\\\/surface-treatment\\\/decoral\\\/#primaryimage\"},\"thumbnailUrl\":\"https:\\\/\\\/makelaalu.fi\\\/wp-content\\\/uploads\\\/2021\\\/02\\\/Makela_Alu_2021_decoral_alu_alucoating_kauppakeskus_columbus_1-300x200.jpg\",\"datePublished\":\"2022-04-04T08:34:42+00:00\",\"dateModified\":\"2024-11-01T09:19:53+00:00\",\"description\":\"Decoral is a unique coating solution for aluminium profiles. The decorative Decoral coating is an ideal surface treatment solution for aluminium profiles.\",\"breadcrumb\":{\"@id\":\"https:\\\/\\\/makelaalu.fi\\\/en\\\/surface-treatment\\\/decoral\\\/#breadcrumb\"},\"inLanguage\":\"en-GB\",\"potentialAction\":[{\"@type\":\"ReadAction\",\"target\":[\"https:\\\/\\\/makelaalu.fi\\\/en\\\/surface-treatment\\\/decoral\\\/\"]}]},{\"@type\":\"ImageObject\",\"inLanguage\":\"en-GB\",\"@id\":\"https:\\\/\\\/makelaalu.fi\\\/en\\\/surface-treatment\\\/decoral\\\/#primaryimage\",\"url\":\"https:\\\/\\\/makelaalu.fi\\\/wp-content\\\/uploads\\\/2021\\\/02\\\/Makela_Alu_2021_decoral_alu_alucoating_kauppakeskus_columbus_1-300x200.jpg\",\"contentUrl\":\"https:\\\/\\\/makelaalu.fi\\\/wp-content\\\/uploads\\\/2021\\\/02\\\/Makela_Alu_2021_decoral_alu_alucoating_kauppakeskus_columbus_1-300x200.jpg\"},{\"@type\":\"BreadcrumbList\",\"@id\":\"https:\\\/\\\/makelaalu.fi\\\/en\\\/surface-treatment\\\/decoral\\\/#breadcrumb\",\"itemListElement\":[{\"@type\":\"ListItem\",\"position\":1,\"name\":\"Etusivu\",\"item\":\"https:\\\/\\\/makelaalu.fi\\\/en\\\/\"},{\"@type\":\"ListItem\",\"position\":2,\"name\":\"Surface treatment\",\"item\":\"https:\\\/\\\/dev.makelaalu.fi\\\/en\\\/surface-treatment\\\/\"},{\"@type\":\"ListItem\",\"position\":3,\"name\":\"Decoral\"}]},{\"@type\":\"WebSite\",\"@id\":\"https:\\\/\\\/dev.makelaalu.fi\\\/#website\",\"url\":\"https:\\\/\\\/dev.makelaalu.fi\\\/\",\"name\":\"M&auml;kel&auml; Alu Oy\",\"description\":\"Alumiiniprofiilien puristaminen vuosikymmenten kokemuksella.\",\"potentialAction\":[{\"@type\":\"SearchAction\",\"target\":{\"@type\":\"EntryPoint\",\"urlTemplate\":\"https:\\\/\\\/dev.makelaalu.fi\\\/?s={search_term_string}\"},\"query-input\":{\"@type\":\"PropertyValueSpecification\",\"valueRequired\":true,\"valueName\":\"search_term_string\"}}],\"inLanguage\":\"en-GB\"}]}<\/script>\n<!-- \/ Yoast SEO plugin. -->","yoast_head_json":{"title":"Decoral - Decorative coating for aluminium profiles","description":"Decoral is a unique coating solution for aluminium profiles. The decorative Decoral coating is an ideal surface treatment solution for aluminium profiles.","robots":{"index":"index","follow":"follow","max-snippet":"max-snippet:-1","max-image-preview":"max-image-preview:large","max-video-preview":"max-video-preview:-1"},"canonical":"https:\/\/makelaalu.fi\/en\/surface-treatment\/decoral\/","og_locale":"en_GB","og_type":"article","og_title":"Decoral - Decorative coating for aluminium profiles","og_description":"Decoral is a unique coating solution for aluminium profiles. The decorative Decoral coating is an ideal surface treatment solution for aluminium profiles.","og_url":"https:\/\/makelaalu.fi\/en\/surface-treatment\/decoral\/","og_site_name":"M&auml;kel&auml; Alu Oy","article_modified_time":"2024-11-01T09:19:53+00:00","og_image":[{"width":1024,"height":683,"url":"https:\/\/makelaalu.fi\/wp-content\/uploads\/2021\/02\/Makela_Alu_2021_decoral_alu_alucoating_kauppakeskus_columbus_1-1024x683.jpg","type":"image\/jpeg"}],"twitter_card":"summary_large_image","twitter_misc":{"Estimated reading time":"3 minutes"},"schema":{"@context":"https:\/\/schema.org","@graph":[{"@type":"WebPage","@id":"https:\/\/makelaalu.fi\/en\/surface-treatment\/decoral\/","url":"https:\/\/makelaalu.fi\/en\/surface-treatment\/decoral\/","name":"Decoral - Decorative coating for aluminium profiles","isPartOf":{"@id":"https:\/\/dev.makelaalu.fi\/#website"},"primaryImageOfPage":{"@id":"https:\/\/makelaalu.fi\/en\/surface-treatment\/decoral\/#primaryimage"},"image":{"@id":"https:\/\/makelaalu.fi\/en\/surface-treatment\/decoral\/#primaryimage"},"thumbnailUrl":"https:\/\/makelaalu.fi\/wp-content\/uploads\/2021\/02\/Makela_Alu_2021_decoral_alu_alucoating_kauppakeskus_columbus_1-300x200.jpg","datePublished":"2022-04-04T08:34:42+00:00","dateModified":"2024-11-01T09:19:53+00:00","description":"Decoral is a unique coating solution for aluminium profiles. The decorative Decoral coating is an ideal surface treatment solution for aluminium profiles.","breadcrumb":{"@id":"https:\/\/makelaalu.fi\/en\/surface-treatment\/decoral\/#breadcrumb"},"inLanguage":"en-GB","potentialAction":[{"@type":"ReadAction","target":["https:\/\/makelaalu.fi\/en\/surface-treatment\/decoral\/"]}]},{"@type":"ImageObject","inLanguage":"en-GB","@id":"https:\/\/makelaalu.fi\/en\/surface-treatment\/decoral\/#primaryimage","url":"https:\/\/makelaalu.fi\/wp-content\/uploads\/2021\/02\/Makela_Alu_2021_decoral_alu_alucoating_kauppakeskus_columbus_1-300x200.jpg","contentUrl":"https:\/\/makelaalu.fi\/wp-content\/uploads\/2021\/02\/Makela_Alu_2021_decoral_alu_alucoating_kauppakeskus_columbus_1-300x200.jpg"},{"@type":"BreadcrumbList","@id":"https:\/\/makelaalu.fi\/en\/surface-treatment\/decoral\/#breadcrumb","itemListElement":[{"@type":"ListItem","position":1,"name":"Etusivu","item":"https:\/\/makelaalu.fi\/en\/"},{"@type":"ListItem","position":2,"name":"Surface treatment","item":"https:\/\/dev.makelaalu.fi\/en\/surface-treatment\/"},{"@type":"ListItem","position":3,"name":"Decoral"}]},{"@type":"WebSite","@id":"https:\/\/dev.makelaalu.fi\/#website","url":"https:\/\/dev.makelaalu.fi\/","name":"M&auml;kel&auml; Alu Oy","description":"Alumiiniprofiilien puristaminen vuosikymmenten kokemuksella.","potentialAction":[{"@type":"SearchAction","target":{"@type":"EntryPoint","urlTemplate":"https:\/\/dev.makelaalu.fi\/?s={search_term_string}"},"query-input":{"@type":"PropertyValueSpecification","valueRequired":true,"valueName":"search_term_string"}}],"inLanguage":"en-GB"}]}},"_links":{"self":[{"href":"https:\/\/makelaalu.fi\/en\/wp-json\/wp\/v2\/pages\/6941","targetHints":{"allow":["GET"]}}],"collection":[{"href":"https:\/\/makelaalu.fi\/en\/wp-json\/wp\/v2\/pages"}],"about":[{"href":"https:\/\/makelaalu.fi\/en\/wp-json\/wp\/v2\/types\/page"}],"author":[{"embeddable":true,"href":"https:\/\/makelaalu.fi\/en\/wp-json\/wp\/v2\/users\/5"}],"replies":[{"embeddable":true,"href":"https:\/\/makelaalu.fi\/en\/wp-json\/wp\/v2\/comments?post=6941"}],"version-history":[{"count":13,"href":"https:\/\/makelaalu.fi\/en\/wp-json\/wp\/v2\/pages\/6941\/revisions"}],"predecessor-version":[{"id":10655,"href":"https:\/\/makelaalu.fi\/en\/wp-json\/wp\/v2\/pages\/6941\/revisions\/10655"}],"up":[{"embeddable":true,"href":"https:\/\/makelaalu.fi\/en\/wp-json\/wp\/v2\/pages\/6921"}],"wp:attachment":[{"href":"https:\/\/makelaalu.fi\/en\/wp-json\/wp\/v2\/media?parent=6941"}],"curies":[{"name":"wp","href":"https:\/\/api.w.org\/{rel}","templated":true}]}}