{"id":6984,"date":"2016-07-26T17:36:15","date_gmt":"2016-07-26T14:36:15","guid":{"rendered":"https:\/\/dev.makelaalu.fi\/?page_id=6984"},"modified":"2025-07-08T11:11:25","modified_gmt":"2025-07-08T08:11:25","slug":"responsibility","status":"publish","type":"page","link":"https:\/\/makelaalu.fi\/en\/responsibility\/","title":{"rendered":"Responsibility"},"content":{"rendered":"<div class=\"wpb-content-wrapper\"><p>[vc_row lg_spacing=&#8221;padding_top:60;padding_bottom:20&#8243;][vc_column][vc_row_inner][vc_column_inner][vc_column_text]<\/p>\n<h2>The Goal: The World\u2019s Lowest-Emission Aluminium Profile<\/h2>\n<h4>Sustainability is an integral part of everything we do. It covers actions related to the environment, the economy and social issues. These principles have guided us from the very beginning.<\/h4>\n<h4>For us, sustainability is not just a word; it manifests in daily, concrete actions that make it a reality \u2013 every day. Our own production and inner logistics are carbon neutral. Read more about our <a href=\"https:\/\/makelaalu.fi\/en\/responsibility\/carbon-neutrality\/\">CARBON NEUTRALITY<\/a>.<\/h4>\n<p>[\/vc_column_text][vc_zigzag][\/vc_column_inner][\/vc_row_inner][\/vc_column][\/vc_row][vc_row][vc_column][vc_row_inner][vc_column_inner][vc_column_text css=&#8221;&#8221;]All our products are available with CE marking. If necessary, customers can also have the most common quality certificates from us. Quality is an important theme for us. We want to make sure that the product ordered by the customer is flawless and therefore carry out quality work and follow-up continuously. You will find all the certificates in our <a href=\"https:\/\/makelaalu.fi\/en\/company\/materialbank\/\" target=\"_blank\" rel=\"noopener\">material bank<\/a>.<\/p>\n<h3>Corporate Responsibility Report<\/h3>\n<p>In our corporate responsibility report, we provide detailed information about all of our sustainability activities. Explore our report here: <a href=\"https:\/\/makelaalu.fi\/wp-content\/uploads\/2025\/07\/Responsibility_report2024.pdf\" target=\"_blank\" rel=\"noopener\"><strong>M\u00e4kel\u00e4 Alu Oy Corporate Responsibility Report 2024<\/strong><\/a>.<\/p>\n<p>Watch our board chairman&#8217;s thoughts on responsibility in the video.[\/vc_column_text][vc_video link=&#8221;https:\/\/youtu.be\/y5wI5oP5cbg?si=M8-yj9nMnxQ6Y_uc&#8221; el_width=&#8221;60&#8243; align=&#8221;center&#8221;][\/vc_column_inner][\/vc_row_inner][\/vc_column][\/vc_row][vc_row lg_spacing=&#8221;padding_top:60;padding_bottom:40&#8243;][vc_column][vc_row_inner lg_spacing=&#8221;padding_bottom:20&#8243;][vc_column_inner][vc_text_separator title=&#8221;People&#8221;][\/vc_column_inner][\/vc_row_inner][vc_row_inner][vc_column_inner width=&#8221;1\/2&#8243;][vc_column_text]<\/p>\n<h3>We take care of People<\/h3>\n<p>We maintain a work community where our employees feel well, safe, and comfortable at work. Ensuring competence is important, as a smoothly functioning work community guarantees job satisfaction, high customer satisfaction, reliability of delivery, and occupational safety.<\/p>\n<p>We have made it as easy as possible to make safety observations, and everyone can follow the progress of corrective actions. Employees have the opportunity to contribute and make development suggestions. We are committed to the Zero Accidents vision and have been awarded the ISO 45001 certification.<\/p>\n<p>Our personnel have access to comprehensive occupational health services, which, in addition to statutory preventive and work ability support activities, include extensive healthcare services. In addition to the insurance covering work hours, all our employees are also covered by a leisure-time accident insurance policy provided by M\u00e4kel\u00e4 Alu.[\/vc_column_text][\/vc_column_inner][vc_column_inner width=&#8221;1\/2&#8243;][vc_single_image image=&#8221;10292&#8243; img_size=&#8221;1200&#215;1200&#8243;][\/vc_column_inner][\/vc_row_inner][\/vc_column][\/vc_row][vc_row lg_spacing=&#8221;padding_top:60;padding_bottom:40&#8243;][vc_column][vc_row_inner lg_spacing=&#8221;padding_bottom:20&#8243;][vc_column_inner][vc_text_separator title=&#8221;Environment&#8221;][\/vc_column_inner][\/vc_row_inner][vc_row_inner][vc_column_inner width=&#8221;1\/2&#8243;][vc_column_text]<strong>Concrete actions<\/strong><\/p>\n<p>The core of everything we do can be summed up in two words: taking care of planetary sustainability. Our key goals are to manufacture the world&#8217;s lowest-emission aluminum profile, either coated or uncoated, and to achieve carbon neutrality in our own production and internal logistics by 2025.<\/p>\n<p>In our production, we utilize heat recovery and invest in electrification and replacing liquefied petroleum gas with other low-carbon energy systems. Since 2005, we have reduced our carbon dioxide emissions (from our gate to the customer\u2019s gate) by 51% per ton of aluminum produced. The low emissions (2.01) from our recycled aluminum billets produced in our own foundry show that we have successfully optimized our processes and energy usage. The low emissions (5.67) of our primary aluminum indicate that we have succeeded in selecting the cleanest aluminum suppliers in the world, who mostly use hydropower in their production.<\/p>\n<p><em>Photo: Beautiful Lappaj\u00e4rvi, a crater lake near our production facility. The picture was taken from the &#8220;crater&#8217;s edge&#8221;, Lakeaharju. Photo by Tapio Niemi.<\/em>[\/vc_column_text][\/vc_column_inner][vc_column_inner width=&#8221;1\/2&#8243;][vc_single_image image=&#8221;10285&#8243; img_size=&#8221;1200&#215;1200&#8243;][\/vc_column_inner][\/vc_row_inner][\/vc_column][\/vc_row][vc_row full_width=&#8221;stretch_row&#8221; lg_spacing=&#8221;padding_top:65;padding_bottom:20&#8243; el_id=&#8221;uutiset&#8221;][vc_column][vc_row_inner][vc_column_inner width=&#8221;1\/2&#8243;][vc_column_text]<\/p>\n<h2>Responsibility<\/h2>\n<p>[\/vc_column_text][\/vc_column_inner][vc_column_inner el_class=&#8221;lue-lisaa&#8221; width=&#8221;1\/2&#8243;][vc_column_text]You can read more in our <a href=\"\/?tag=responsibility\" target=\"_blank\" rel=\"noopener\">articles on sustainability<\/a>[\/vc_column_text][\/vc_column_inner][\/vc_row_inner][vc_row_inner][vc_column_inner][tm_blog style=&#8221;2&#8243; gutter=&#8221;15&#8243; number=&#8221;4&#8243; taxonomies=&#8221;category:vastuullisuus&#8221; columns=&#8221;xs:1;sm:2;lg:4&#8243;][\/vc_column_inner][\/vc_row_inner][\/vc_column][\/vc_row]<\/p>\n<\/div>","protected":false},"excerpt":{"rendered":"[vc_row lg_spacing=&#8221;padding_top:60;padding_bottom:20&#8243;][vc_column][vc_row_inner][vc_column_inner][vc_column_text] The Goal: The World\u2019s Lowest-Emission Aluminium Profile Sustainability is an integral part of everything we do. It covers actions related to the environment, the economy and social issues. These principles have guided us from the very beginning. For us, sustainability is not just a word; it manifests in daily, concrete actions that make it a reality \u2013 every day. Our own production and inner logistics are carbon neutral. Read more about our CARBON NEUTRALITY. [\/vc_column_text][vc_zigzag][\/vc_column_inner][\/vc_row_inner][\/vc_column][\/vc_row][vc_row][vc_column][vc_row_inner][vc_column_inner][vc_column_text css=&#8221;&#8221;]All our products are available with CE marking. If necessary, customers can also have the most common quality certificates from us. Quality is an important theme for us. We want to make sure that the product ordered by the customer is flawless and therefore carry out quality work and follow-up continuously. You will find all the certificates in our material bank. Corporate Responsibility Report In our corporate responsibility report, we provide detailed information about all of our sustainability activities. Explore our report here: M\u00e4kel\u00e4 Alu Oy Corporate Responsibility Report 2024. Watch our board chairman&#8217;s thoughts on responsibility in the video.[\/vc_column_text][vc_video link=&#8221;https:\/\/youtu.be\/y5wI5oP5cbg?si=M8-yj9nMnxQ6Y_uc&#8221; el_width=&#8221;60&#8243; align=&#8221;center&#8221;][\/vc_column_inner][\/vc_row_inner][\/vc_column][\/vc_row][vc_row lg_spacing=&#8221;padding_top:60;padding_bottom:40&#8243;][vc_column][vc_row_inner lg_spacing=&#8221;padding_bottom:20&#8243;][vc_column_inner][vc_text_separator title=&#8221;People&#8221;][\/vc_column_inner][\/vc_row_inner][vc_row_inner][vc_column_inner width=&#8221;1\/2&#8243;][vc_column_text] We take care of People We maintain a work community where our employees feel well, safe, and comfortable at work. Ensuring competence is important, as a smoothly functioning work community guarantees job satisfaction, high customer satisfaction, reliability of delivery, and occupational safety. We have made it as easy as possible to make safety observations, and everyone can follow the progress of corrective actions. Employees have the opportunity to contribute and make development suggestions. We are committed to the Zero Accidents vision and have been awarded the ISO 45001 certification. Our personnel have access to comprehensive occupational health services, which, in addition to statutory preventive and work ability support activities, include extensive healthcare services. In addition to the insurance covering work hours, all our employees are also covered by a leisure-time accident insurance policy provided by M\u00e4kel\u00e4 Alu.[\/vc_column_text][\/vc_column_inner][vc_column_inner width=&#8221;1\/2&#8243;][vc_single_image image=&#8221;10292&#8243; img_size=&#8221;1200&#215;1200&#8243;][\/vc_column_inner][\/vc_row_inner][\/vc_column][\/vc_row][vc_row lg_spacing=&#8221;padding_top:60;padding_bottom:40&#8243;][vc_column][vc_row_inner lg_spacing=&#8221;padding_bottom:20&#8243;][vc_column_inner][vc_text_separator title=&#8221;Environment&#8221;][\/vc_column_inner][\/vc_row_inner][vc_row_inner][vc_column_inner width=&#8221;1\/2&#8243;][vc_column_text]Concrete actions The core of everything we do can be summed up in two words: taking care of planetary sustainability. Our key goals are to manufacture the world&#8217;s lowest-emission aluminum profile, either coated or uncoated, and to achieve carbon neutrality in our own production and internal logistics by 2025. In our production, we utilize heat recovery and invest in electrification and replacing liquefied petroleum gas with other low-carbon energy systems. Since 2005, we have reduced our carbon dioxide emissions (from our gate to the customer\u2019s gate) by 51% per ton of aluminum produced. The low emissions (2.01) from our recycled aluminum billets produced in our own foundry show that we have successfully optimized our processes and energy usage. The low emissions (5.67) of our primary aluminum indicate that we have succeeded in selecting the cleanest aluminum suppliers in the world, who mostly use hydropower in their production. Photo: Beautiful Lappaj\u00e4rvi, a crater lake near our production facility. The picture was taken from the &#8220;crater&#8217;s edge&#8221;, Lakeaharju. Photo by Tapio Niemi.[\/vc_column_text][\/vc_column_inner][vc_column_inner width=&#8221;1\/2&#8243;][vc_single_image image=&#8221;10285&#8243; img_size=&#8221;1200&#215;1200&#8243;][\/vc_column_inner][\/vc_row_inner][\/vc_column][\/vc_row][vc_row full_width=&#8221;stretch_row&#8221; lg_spacing=&#8221;padding_top:65;padding_bottom:20&#8243; el_id=&#8221;uutiset&#8221;][vc_column][vc_row_inner][vc_column_inner width=&#8221;1\/2&#8243;][vc_column_text] Responsibility [\/vc_column_text][\/vc_column_inner][vc_column_inner el_class=&#8221;lue-lisaa&#8221; width=&#8221;1\/2&#8243;][vc_column_text]You can read more in our articles on sustainability[\/vc_column_text][\/vc_column_inner][\/vc_row_inner][vc_row_inner][vc_column_inner][tm_blog style=&#8221;2&#8243; gutter=&#8221;15&#8243; number=&#8221;4&#8243; taxonomies=&#8221;category:vastuullisuus&#8221; columns=&#8221;xs:1;sm:2;lg:4&#8243;][\/vc_column_inner][\/vc_row_inner][\/vc_column][\/vc_row]","protected":false},"author":2,"featured_media":0,"parent":0,"menu_order":114,"comment_status":"closed","ping_status":"closed","template":"","meta":{"_acf_changed":false,"footnotes":""},"class_list":["post-6984","page","type-page","status-publish","hentry"],"acf":[],"yoast_head":"<!-- This site is optimized with the Yoast SEO plugin v27.3 - https:\/\/yoast.com\/product\/yoast-seo-wordpress\/ -->\n<title>M\u00e4kel\u00e4 Alu valmistaa alumiiniprofiileja vastuullisesti<\/title>\n<meta name=\"description\" content=\"M\u00e4kel\u00e4 Alu valmistaa alumiiniprofiileja Luoma-aholla Alaj\u00e4rvell\u00e4. Toiminnallemme t\u00e4rke\u00e4\u00e4 on vastuu ymp\u00e4rist\u00f6st\u00e4, vastuu ihmisist\u00e4 ja vastuu yhteis\u00f6st\u00e4.\" \/>\n<meta name=\"robots\" content=\"index, follow, max-snippet:-1, max-image-preview:large, max-video-preview:-1\" \/>\n<link rel=\"canonical\" href=\"https:\/\/makelaalu.fi\/en\/responsibility\/\" \/>\n<meta property=\"og:locale\" content=\"en_GB\" \/>\n<meta property=\"og:type\" content=\"article\" \/>\n<meta property=\"og:title\" content=\"M\u00e4kel\u00e4 Alu valmistaa alumiiniprofiileja vastuullisesti\" \/>\n<meta property=\"og:description\" content=\"M\u00e4kel\u00e4 Alu valmistaa alumiiniprofiileja Luoma-aholla Alaj\u00e4rvell\u00e4. Toiminnallemme t\u00e4rke\u00e4\u00e4 on vastuu ymp\u00e4rist\u00f6st\u00e4, vastuu ihmisist\u00e4 ja vastuu yhteis\u00f6st\u00e4.\" \/>\n<meta property=\"og:url\" content=\"https:\/\/makelaalu.fi\/en\/responsibility\/\" \/>\n<meta property=\"og:site_name\" content=\"M&auml;kel&auml; Alu Oy\" \/>\n<meta property=\"article:modified_time\" content=\"2025-07-08T08:11:25+00:00\" \/>\n<meta name=\"twitter:card\" content=\"summary_large_image\" \/>\n<meta name=\"twitter:label1\" content=\"Estimated reading time\" \/>\n\t<meta name=\"twitter:data1\" content=\"4 minutes\" \/>\n<script type=\"application\/ld+json\" class=\"yoast-schema-graph\">{\"@context\":\"https:\\\/\\\/schema.org\",\"@graph\":[{\"@type\":\"WebPage\",\"@id\":\"https:\\\/\\\/makelaalu.fi\\\/en\\\/responsibility\\\/\",\"url\":\"https:\\\/\\\/makelaalu.fi\\\/en\\\/responsibility\\\/\",\"name\":\"M\u00e4kel\u00e4 Alu valmistaa alumiiniprofiileja vastuullisesti\",\"isPartOf\":{\"@id\":\"https:\\\/\\\/dev.makelaalu.fi\\\/#website\"},\"datePublished\":\"2016-07-26T14:36:15+00:00\",\"dateModified\":\"2025-07-08T08:11:25+00:00\",\"description\":\"M\u00e4kel\u00e4 Alu valmistaa alumiiniprofiileja Luoma-aholla Alaj\u00e4rvell\u00e4. Toiminnallemme t\u00e4rke\u00e4\u00e4 on vastuu ymp\u00e4rist\u00f6st\u00e4, vastuu ihmisist\u00e4 ja vastuu yhteis\u00f6st\u00e4.\",\"breadcrumb\":{\"@id\":\"https:\\\/\\\/makelaalu.fi\\\/en\\\/responsibility\\\/#breadcrumb\"},\"inLanguage\":\"en-GB\",\"potentialAction\":[{\"@type\":\"ReadAction\",\"target\":[\"https:\\\/\\\/makelaalu.fi\\\/en\\\/responsibility\\\/\"]}]},{\"@type\":\"BreadcrumbList\",\"@id\":\"https:\\\/\\\/makelaalu.fi\\\/en\\\/responsibility\\\/#breadcrumb\",\"itemListElement\":[{\"@type\":\"ListItem\",\"position\":1,\"name\":\"Etusivu\",\"item\":\"https:\\\/\\\/makelaalu.fi\\\/en\\\/\"},{\"@type\":\"ListItem\",\"position\":2,\"name\":\"Responsibility\"}]},{\"@type\":\"WebSite\",\"@id\":\"https:\\\/\\\/dev.makelaalu.fi\\\/#website\",\"url\":\"https:\\\/\\\/dev.makelaalu.fi\\\/\",\"name\":\"M&auml;kel&auml; Alu Oy\",\"description\":\"Alumiiniprofiilien puristaminen vuosikymmenten kokemuksella.\",\"potentialAction\":[{\"@type\":\"SearchAction\",\"target\":{\"@type\":\"EntryPoint\",\"urlTemplate\":\"https:\\\/\\\/dev.makelaalu.fi\\\/?s={search_term_string}\"},\"query-input\":{\"@type\":\"PropertyValueSpecification\",\"valueRequired\":true,\"valueName\":\"search_term_string\"}}],\"inLanguage\":\"en-GB\"}]}<\/script>\n<!-- \/ Yoast SEO plugin. -->","yoast_head_json":{"title":"M\u00e4kel\u00e4 Alu valmistaa alumiiniprofiileja vastuullisesti","description":"M\u00e4kel\u00e4 Alu valmistaa alumiiniprofiileja Luoma-aholla Alaj\u00e4rvell\u00e4. Toiminnallemme t\u00e4rke\u00e4\u00e4 on vastuu ymp\u00e4rist\u00f6st\u00e4, vastuu ihmisist\u00e4 ja vastuu yhteis\u00f6st\u00e4.","robots":{"index":"index","follow":"follow","max-snippet":"max-snippet:-1","max-image-preview":"max-image-preview:large","max-video-preview":"max-video-preview:-1"},"canonical":"https:\/\/makelaalu.fi\/en\/responsibility\/","og_locale":"en_GB","og_type":"article","og_title":"M\u00e4kel\u00e4 Alu valmistaa alumiiniprofiileja vastuullisesti","og_description":"M\u00e4kel\u00e4 Alu valmistaa alumiiniprofiileja Luoma-aholla Alaj\u00e4rvell\u00e4. Toiminnallemme t\u00e4rke\u00e4\u00e4 on vastuu ymp\u00e4rist\u00f6st\u00e4, vastuu ihmisist\u00e4 ja vastuu yhteis\u00f6st\u00e4.","og_url":"https:\/\/makelaalu.fi\/en\/responsibility\/","og_site_name":"M&auml;kel&auml; Alu Oy","article_modified_time":"2025-07-08T08:11:25+00:00","twitter_card":"summary_large_image","twitter_misc":{"Estimated reading time":"4 minutes"},"schema":{"@context":"https:\/\/schema.org","@graph":[{"@type":"WebPage","@id":"https:\/\/makelaalu.fi\/en\/responsibility\/","url":"https:\/\/makelaalu.fi\/en\/responsibility\/","name":"M\u00e4kel\u00e4 Alu valmistaa alumiiniprofiileja vastuullisesti","isPartOf":{"@id":"https:\/\/dev.makelaalu.fi\/#website"},"datePublished":"2016-07-26T14:36:15+00:00","dateModified":"2025-07-08T08:11:25+00:00","description":"M\u00e4kel\u00e4 Alu valmistaa alumiiniprofiileja Luoma-aholla Alaj\u00e4rvell\u00e4. Toiminnallemme t\u00e4rke\u00e4\u00e4 on vastuu ymp\u00e4rist\u00f6st\u00e4, vastuu ihmisist\u00e4 ja vastuu yhteis\u00f6st\u00e4.","breadcrumb":{"@id":"https:\/\/makelaalu.fi\/en\/responsibility\/#breadcrumb"},"inLanguage":"en-GB","potentialAction":[{"@type":"ReadAction","target":["https:\/\/makelaalu.fi\/en\/responsibility\/"]}]},{"@type":"BreadcrumbList","@id":"https:\/\/makelaalu.fi\/en\/responsibility\/#breadcrumb","itemListElement":[{"@type":"ListItem","position":1,"name":"Etusivu","item":"https:\/\/makelaalu.fi\/en\/"},{"@type":"ListItem","position":2,"name":"Responsibility"}]},{"@type":"WebSite","@id":"https:\/\/dev.makelaalu.fi\/#website","url":"https:\/\/dev.makelaalu.fi\/","name":"M&auml;kel&auml; Alu Oy","description":"Alumiiniprofiilien puristaminen vuosikymmenten kokemuksella.","potentialAction":[{"@type":"SearchAction","target":{"@type":"EntryPoint","urlTemplate":"https:\/\/dev.makelaalu.fi\/?s={search_term_string}"},"query-input":{"@type":"PropertyValueSpecification","valueRequired":true,"valueName":"search_term_string"}}],"inLanguage":"en-GB"}]}},"_links":{"self":[{"href":"https:\/\/makelaalu.fi\/en\/wp-json\/wp\/v2\/pages\/6984","targetHints":{"allow":["GET"]}}],"collection":[{"href":"https:\/\/makelaalu.fi\/en\/wp-json\/wp\/v2\/pages"}],"about":[{"href":"https:\/\/makelaalu.fi\/en\/wp-json\/wp\/v2\/types\/page"}],"author":[{"embeddable":true,"href":"https:\/\/makelaalu.fi\/en\/wp-json\/wp\/v2\/users\/2"}],"replies":[{"embeddable":true,"href":"https:\/\/makelaalu.fi\/en\/wp-json\/wp\/v2\/comments?post=6984"}],"version-history":[{"count":20,"href":"https:\/\/makelaalu.fi\/en\/wp-json\/wp\/v2\/pages\/6984\/revisions"}],"predecessor-version":[{"id":11322,"href":"https:\/\/makelaalu.fi\/en\/wp-json\/wp\/v2\/pages\/6984\/revisions\/11322"}],"wp:attachment":[{"href":"https:\/\/makelaalu.fi\/en\/wp-json\/wp\/v2\/media?parent=6984"}],"curies":[{"name":"wp","href":"https:\/\/api.w.org\/{rel}","templated":true}]}}