{"id":7001,"date":"2022-04-04T13:32:48","date_gmt":"2022-04-04T10:32:48","guid":{"rendered":"https:\/\/dev.makelaalu.fi\/?page_id=7001"},"modified":"2023-10-23T14:17:45","modified_gmt":"2023-10-23T11:17:45","slug":"company","status":"publish","type":"page","link":"https:\/\/makelaalu.fi\/en\/company\/","title":{"rendered":"Company"},"content":{"rendered":"<div class=\"wpb-content-wrapper\"><p>[vc_row lg_spacing=&#8221;padding_top:60;padding_bottom:20&#8243;][vc_column][vc_row_inner][vc_column_inner][vc_column_text]<\/p>\n<h2>We are always working to develop our production facilities, logistics, and professional skills<\/h2>\n<p>About 90% of our production consists of aluminium profiles fully tailored to meet the customer&#8217;s needs. Along with aluminium profile production, our versatile logistics and other services add value for our customers, for instance, by minimising storage costs: if necessary, we can store customers\u2019 profiles at our own premises.<\/p>\n<h4><\/h4>\n<p>[\/vc_column_text][\/vc_column_inner][\/vc_row_inner][\/vc_column][\/vc_row][vc_row][vc_column][vc_row_inner][vc_column_inner][vc_column_text]With the help of our<a href=\"https:\/\/makelaalu.fi\/en\/further-processing\/\"> partner network<\/a>, we can provide highly advanced further processing and treatment, from CNC machining and patterned coatings to grinding, polishing, and assembly. Learn more about our warehousing, logistics, and surface treatment services, i.e. the AluServices concept, <a href=\"https:\/\/makelaalu.fi\/en\/services\/\">here<\/a>.<\/p>\n<p>Check out our latest video to see our operation and premises.[\/vc_column_text][vc_video link=&#8221;https:\/\/youtu.be\/gz6tJqkB6As&#8221; el_width=&#8221;60&#8243; align=&#8221;center&#8221;][\/vc_column_inner][\/vc_row_inner][\/vc_column][\/vc_row][vc_row lg_spacing=&#8221;padding_top:60;padding_bottom:40&#8243;][vc_column][vc_row_inner lg_spacing=&#8221;padding_bottom:20&#8243;][vc_column_inner][vc_text_separator title=&#8221;Our offices&#8221;][\/vc_column_inner][\/vc_row_inner][vc_row_inner lg_spacing=&#8221;padding_bottom:30&#8243;][vc_column_inner width=&#8221;1\/2&#8243;][vc_column_text]<\/p>\n<h3>Luoma-aho<\/h3>\n<p>Our head office, foundry, extrusion line, vertical and horizontal powder coating lines, warehouse, anodizing plant, and our Finnish sales office are located in Luoma-aho, Alaj\u00e4rvi, where M\u00e4kel\u00e4 Alu\u2019s operations began in 1937. Read more about our history in our <a href=\"https:\/\/makelaalu.fi\/en\/company\/story\/\">company story<\/a>. The factory area in Luoma-aho is a cohesive complex around which our extensive collaboration network, and other players in the aluminium industry, have grown over the years.[\/vc_column_text][\/vc_column_inner][vc_column_inner width=&#8221;1\/2&#8243;][vc_single_image image=&#8221;6523&#8243; img_size=&#8221;1200&#215;600&#8243;][\/vc_column_inner][\/vc_row_inner][vc_row_inner lg_spacing=&#8221;padding_bottom:30&#8243;][vc_column_inner width=&#8221;1\/2&#8243;][vc_single_image image=&#8221;6527&#8243; img_size=&#8221;1200&#215;600&#8243;][\/vc_column_inner][vc_column_inner width=&#8221;1\/2&#8243;][vc_column_text]<\/p>\n<h3>Voikkaa<\/h3>\n<p>Our other vertical powder coating line and warehouse are located in Voikkaa in Kuusankoski, Kouvola. Our powder coating paint shop in Voikkaa employs about 20 people. Voikkaa provides an excellent location for our deliveries in and via Southern Finland.[\/vc_column_text][\/vc_column_inner][\/vc_row_inner][vc_row_inner lg_spacing=&#8221;padding_bottom:30&#8243;][vc_column_inner width=&#8221;1\/2&#8243;][vc_column_text]<\/p>\n<h3>M\u00e4kel\u00e4 Alu AB<\/h3>\n<p>M\u00e4kel\u00e4 Alu\u2019s Swedish subsidiary M\u00e4kel\u00e4 Alu AB is responsible for sales in Sweden. The office is located at \u00c5seda.[\/vc_column_text][\/vc_column_inner][vc_column_inner width=&#8221;1\/2&#8243;][vc_column_text][\/vc_column_text][\/vc_column_inner][\/vc_row_inner][\/vc_column][\/vc_row]<\/p>\n<\/div>","protected":false},"excerpt":{"rendered":"[vc_row lg_spacing=&#8221;padding_top:60;padding_bottom:20&#8243;][vc_column][vc_row_inner][vc_column_inner][vc_column_text] We are always working to develop our production facilities, logistics, and professional skills About 90% of our production consists of aluminium profiles fully tailored to meet the customer&#8217;s needs. Along with aluminium profile production, our versatile logistics and other services add value for our customers, for instance, by minimising storage costs: if necessary, we can store customers\u2019 profiles at our own premises. [\/vc_column_text][\/vc_column_inner][\/vc_row_inner][\/vc_column][\/vc_row][vc_row][vc_column][vc_row_inner][vc_column_inner][vc_column_text]With the help of our partner network, we can provide highly advanced further processing and treatment, from CNC machining and patterned coatings to grinding, polishing, and assembly. Learn more about our warehousing, logistics, and surface treatment services, i.e. the AluServices concept, here. Check out our latest video to see our operation and premises.[\/vc_column_text][vc_video link=&#8221;https:\/\/youtu.be\/gz6tJqkB6As&#8221; el_width=&#8221;60&#8243; align=&#8221;center&#8221;][\/vc_column_inner][\/vc_row_inner][\/vc_column][\/vc_row][vc_row lg_spacing=&#8221;padding_top:60;padding_bottom:40&#8243;][vc_column][vc_row_inner lg_spacing=&#8221;padding_bottom:20&#8243;][vc_column_inner][vc_text_separator title=&#8221;Our offices&#8221;][\/vc_column_inner][\/vc_row_inner][vc_row_inner lg_spacing=&#8221;padding_bottom:30&#8243;][vc_column_inner width=&#8221;1\/2&#8243;][vc_column_text] Luoma-aho Our head office, foundry, extrusion line, vertical and horizontal powder coating lines, warehouse, anodizing plant, and our Finnish sales office are located in Luoma-aho, Alaj\u00e4rvi, where M\u00e4kel\u00e4 Alu\u2019s operations began in 1937. Read more about our history in our company story. The factory area in Luoma-aho is a cohesive complex around which our extensive collaboration network, and other players in the aluminium industry, have grown over the years.[\/vc_column_text][\/vc_column_inner][vc_column_inner width=&#8221;1\/2&#8243;][vc_single_image image=&#8221;6523&#8243; img_size=&#8221;1200&#215;600&#8243;][\/vc_column_inner][\/vc_row_inner][vc_row_inner lg_spacing=&#8221;padding_bottom:30&#8243;][vc_column_inner width=&#8221;1\/2&#8243;][vc_single_image image=&#8221;6527&#8243; img_size=&#8221;1200&#215;600&#8243;][\/vc_column_inner][vc_column_inner width=&#8221;1\/2&#8243;][vc_column_text] Voikkaa Our other vertical powder coating line and warehouse are located in Voikkaa in Kuusankoski, Kouvola. Our powder coating paint shop in Voikkaa employs about 20 people. Voikkaa provides an excellent location for our deliveries in and via Southern Finland.[\/vc_column_text][\/vc_column_inner][\/vc_row_inner][vc_row_inner lg_spacing=&#8221;padding_bottom:30&#8243;][vc_column_inner width=&#8221;1\/2&#8243;][vc_column_text] M\u00e4kel\u00e4 Alu AB M\u00e4kel\u00e4 Alu\u2019s Swedish subsidiary M\u00e4kel\u00e4 Alu AB is responsible for sales in Sweden. The office is located at \u00c5seda.[\/vc_column_text][\/vc_column_inner][vc_column_inner width=&#8221;1\/2&#8243;][vc_column_text][\/vc_column_text][\/vc_column_inner][\/vc_row_inner][\/vc_column][\/vc_row]","protected":false},"author":5,"featured_media":0,"parent":0,"menu_order":91,"comment_status":"closed","ping_status":"closed","template":"","meta":{"_acf_changed":false,"footnotes":""},"class_list":["post-7001","page","type-page","status-publish","hentry"],"acf":[],"yoast_head":"<!-- This site is optimized with the Yoast SEO plugin v27.3 - https:\/\/yoast.com\/product\/yoast-seo-wordpress\/ -->\n<title>Company - M&auml;kel&auml; Alu Oy<\/title>\n<meta name=\"robots\" content=\"index, follow, max-snippet:-1, max-image-preview:large, max-video-preview:-1\" \/>\n<link rel=\"canonical\" href=\"https:\/\/makelaalu.fi\/en\/company\/\" \/>\n<meta property=\"og:locale\" content=\"en_GB\" \/>\n<meta property=\"og:type\" content=\"article\" \/>\n<meta property=\"og:title\" content=\"Company - M&auml;kel&auml; Alu Oy\" \/>\n<meta property=\"og:description\" content=\"[vc_row lg_spacing=&#8221;padding_top:60;padding_bottom:20&#8243;][vc_column][vc_row_inner][vc_column_inner][vc_column_text] We are always working to develop our production facilities, logistics, and professional skills About 90% of our production consists of aluminium profiles fully tailored to meet the customer&#8217;s needs. Along with aluminium profile production, our versatile logistics and other services add value for our customers, for instance, by minimising storage costs: if necessary, we can store customers\u2019 profiles at our own premises. [\/vc_column_text][\/vc_column_inner][\/vc_row_inner][\/vc_column][\/vc_row][vc_row][vc_column][vc_row_inner][vc_column_inner][vc_column_text]With the help of our partner network, we can provide highly advanced further processing and treatment, from CNC machining and patterned coatings to grinding, polishing, and assembly. Learn more about our warehousing, logistics, and surface treatment services, i.e. the AluServices concept, here. Check out our latest video to see our operation and premises.[\/vc_column_text][vc_video link=&#8221;https:\/\/youtu.be\/gz6tJqkB6As&#8221; el_width=&#8221;60&#8243; align=&#8221;center&#8221;][\/vc_column_inner][\/vc_row_inner][\/vc_column][\/vc_row][vc_row lg_spacing=&#8221;padding_top:60;padding_bottom:40&#8243;][vc_column][vc_row_inner lg_spacing=&#8221;padding_bottom:20&#8243;][vc_column_inner][vc_text_separator title=&#8221;Our offices&#8221;][\/vc_column_inner][\/vc_row_inner][vc_row_inner lg_spacing=&#8221;padding_bottom:30&#8243;][vc_column_inner width=&#8221;1\/2&#8243;][vc_column_text] Luoma-aho Our head office, foundry, extrusion line, vertical and horizontal powder coating lines, warehouse, anodizing plant, and our Finnish sales office are located in Luoma-aho, Alaj\u00e4rvi, where M\u00e4kel\u00e4 Alu\u2019s operations began in 1937. Read more about our history in our company story. The factory area in Luoma-aho is a cohesive complex around which our extensive collaboration network, and other players in the aluminium industry, have grown over the years.[\/vc_column_text][\/vc_column_inner][vc_column_inner width=&#8221;1\/2&#8243;][vc_single_image image=&#8221;6523&#8243; img_size=&#8221;1200&#215;600&#8243;][\/vc_column_inner][\/vc_row_inner][vc_row_inner lg_spacing=&#8221;padding_bottom:30&#8243;][vc_column_inner width=&#8221;1\/2&#8243;][vc_single_image image=&#8221;6527&#8243; img_size=&#8221;1200&#215;600&#8243;][\/vc_column_inner][vc_column_inner width=&#8221;1\/2&#8243;][vc_column_text] Voikkaa Our other vertical powder coating line and warehouse are located in Voikkaa in Kuusankoski, Kouvola. Our powder coating paint shop in Voikkaa employs about 20 people. Voikkaa provides an excellent location for our deliveries in and via Southern Finland.[\/vc_column_text][\/vc_column_inner][\/vc_row_inner][vc_row_inner lg_spacing=&#8221;padding_bottom:30&#8243;][vc_column_inner width=&#8221;1\/2&#8243;][vc_column_text] M\u00e4kel\u00e4 Alu AB M\u00e4kel\u00e4 Alu\u2019s Swedish subsidiary M\u00e4kel\u00e4 Alu AB is responsible for sales in Sweden. The office is located at \u00c5seda.[\/vc_column_text][\/vc_column_inner][vc_column_inner width=&#8221;1\/2&#8243;][vc_column_text][\/vc_column_text][\/vc_column_inner][\/vc_row_inner][\/vc_column][\/vc_row]\" \/>\n<meta property=\"og:url\" content=\"https:\/\/makelaalu.fi\/en\/company\/\" \/>\n<meta property=\"og:site_name\" content=\"M&auml;kel&auml; Alu Oy\" \/>\n<meta property=\"article:modified_time\" content=\"2023-10-23T11:17:45+00:00\" \/>\n<meta name=\"twitter:card\" content=\"summary_large_image\" \/>\n<meta name=\"twitter:label1\" content=\"Estimated reading time\" \/>\n\t<meta name=\"twitter:data1\" content=\"2 minutes\" \/>\n<script type=\"application\/ld+json\" class=\"yoast-schema-graph\">{\"@context\":\"https:\\\/\\\/schema.org\",\"@graph\":[{\"@type\":\"WebPage\",\"@id\":\"https:\\\/\\\/makelaalu.fi\\\/en\\\/company\\\/\",\"url\":\"https:\\\/\\\/makelaalu.fi\\\/en\\\/company\\\/\",\"name\":\"Company - M&auml;kel&auml; Alu Oy\",\"isPartOf\":{\"@id\":\"https:\\\/\\\/dev.makelaalu.fi\\\/#website\"},\"datePublished\":\"2022-04-04T10:32:48+00:00\",\"dateModified\":\"2023-10-23T11:17:45+00:00\",\"breadcrumb\":{\"@id\":\"https:\\\/\\\/makelaalu.fi\\\/en\\\/company\\\/#breadcrumb\"},\"inLanguage\":\"en-GB\",\"potentialAction\":[{\"@type\":\"ReadAction\",\"target\":[\"https:\\\/\\\/makelaalu.fi\\\/en\\\/company\\\/\"]}]},{\"@type\":\"BreadcrumbList\",\"@id\":\"https:\\\/\\\/makelaalu.fi\\\/en\\\/company\\\/#breadcrumb\",\"itemListElement\":[{\"@type\":\"ListItem\",\"position\":1,\"name\":\"Etusivu\",\"item\":\"https:\\\/\\\/makelaalu.fi\\\/en\\\/\"},{\"@type\":\"ListItem\",\"position\":2,\"name\":\"Company\"}]},{\"@type\":\"WebSite\",\"@id\":\"https:\\\/\\\/dev.makelaalu.fi\\\/#website\",\"url\":\"https:\\\/\\\/dev.makelaalu.fi\\\/\",\"name\":\"M&auml;kel&auml; Alu Oy\",\"description\":\"Alumiiniprofiilien puristaminen vuosikymmenten kokemuksella.\",\"potentialAction\":[{\"@type\":\"SearchAction\",\"target\":{\"@type\":\"EntryPoint\",\"urlTemplate\":\"https:\\\/\\\/dev.makelaalu.fi\\\/?s={search_term_string}\"},\"query-input\":{\"@type\":\"PropertyValueSpecification\",\"valueRequired\":true,\"valueName\":\"search_term_string\"}}],\"inLanguage\":\"en-GB\"}]}<\/script>\n<!-- \/ Yoast SEO plugin. -->","yoast_head_json":{"title":"Company - M&auml;kel&auml; Alu Oy","robots":{"index":"index","follow":"follow","max-snippet":"max-snippet:-1","max-image-preview":"max-image-preview:large","max-video-preview":"max-video-preview:-1"},"canonical":"https:\/\/makelaalu.fi\/en\/company\/","og_locale":"en_GB","og_type":"article","og_title":"Company - M&auml;kel&auml; Alu Oy","og_description":"[vc_row lg_spacing=&#8221;padding_top:60;padding_bottom:20&#8243;][vc_column][vc_row_inner][vc_column_inner][vc_column_text] We are always working to develop our production facilities, logistics, and professional skills About 90% of our production consists of aluminium profiles fully tailored to meet the customer&#8217;s needs. Along with aluminium profile production, our versatile logistics and other services add value for our customers, for instance, by minimising storage costs: if necessary, we can store customers\u2019 profiles at our own premises. [\/vc_column_text][\/vc_column_inner][\/vc_row_inner][\/vc_column][\/vc_row][vc_row][vc_column][vc_row_inner][vc_column_inner][vc_column_text]With the help of our partner network, we can provide highly advanced further processing and treatment, from CNC machining and patterned coatings to grinding, polishing, and assembly. Learn more about our warehousing, logistics, and surface treatment services, i.e. the AluServices concept, here. Check out our latest video to see our operation and premises.[\/vc_column_text][vc_video link=&#8221;https:\/\/youtu.be\/gz6tJqkB6As&#8221; el_width=&#8221;60&#8243; align=&#8221;center&#8221;][\/vc_column_inner][\/vc_row_inner][\/vc_column][\/vc_row][vc_row lg_spacing=&#8221;padding_top:60;padding_bottom:40&#8243;][vc_column][vc_row_inner lg_spacing=&#8221;padding_bottom:20&#8243;][vc_column_inner][vc_text_separator title=&#8221;Our offices&#8221;][\/vc_column_inner][\/vc_row_inner][vc_row_inner lg_spacing=&#8221;padding_bottom:30&#8243;][vc_column_inner width=&#8221;1\/2&#8243;][vc_column_text] Luoma-aho Our head office, foundry, extrusion line, vertical and horizontal powder coating lines, warehouse, anodizing plant, and our Finnish sales office are located in Luoma-aho, Alaj\u00e4rvi, where M\u00e4kel\u00e4 Alu\u2019s operations began in 1937. Read more about our history in our company story. The factory area in Luoma-aho is a cohesive complex around which our extensive collaboration network, and other players in the aluminium industry, have grown over the years.[\/vc_column_text][\/vc_column_inner][vc_column_inner width=&#8221;1\/2&#8243;][vc_single_image image=&#8221;6523&#8243; img_size=&#8221;1200&#215;600&#8243;][\/vc_column_inner][\/vc_row_inner][vc_row_inner lg_spacing=&#8221;padding_bottom:30&#8243;][vc_column_inner width=&#8221;1\/2&#8243;][vc_single_image image=&#8221;6527&#8243; img_size=&#8221;1200&#215;600&#8243;][\/vc_column_inner][vc_column_inner width=&#8221;1\/2&#8243;][vc_column_text] Voikkaa Our other vertical powder coating line and warehouse are located in Voikkaa in Kuusankoski, Kouvola. Our powder coating paint shop in Voikkaa employs about 20 people. Voikkaa provides an excellent location for our deliveries in and via Southern Finland.[\/vc_column_text][\/vc_column_inner][\/vc_row_inner][vc_row_inner lg_spacing=&#8221;padding_bottom:30&#8243;][vc_column_inner width=&#8221;1\/2&#8243;][vc_column_text] M\u00e4kel\u00e4 Alu AB M\u00e4kel\u00e4 Alu\u2019s Swedish subsidiary M\u00e4kel\u00e4 Alu AB is responsible for sales in Sweden. The office is located at \u00c5seda.[\/vc_column_text][\/vc_column_inner][vc_column_inner width=&#8221;1\/2&#8243;][vc_column_text][\/vc_column_text][\/vc_column_inner][\/vc_row_inner][\/vc_column][\/vc_row]","og_url":"https:\/\/makelaalu.fi\/en\/company\/","og_site_name":"M&auml;kel&auml; Alu Oy","article_modified_time":"2023-10-23T11:17:45+00:00","twitter_card":"summary_large_image","twitter_misc":{"Estimated reading time":"2 minutes"},"schema":{"@context":"https:\/\/schema.org","@graph":[{"@type":"WebPage","@id":"https:\/\/makelaalu.fi\/en\/company\/","url":"https:\/\/makelaalu.fi\/en\/company\/","name":"Company - M&auml;kel&auml; Alu Oy","isPartOf":{"@id":"https:\/\/dev.makelaalu.fi\/#website"},"datePublished":"2022-04-04T10:32:48+00:00","dateModified":"2023-10-23T11:17:45+00:00","breadcrumb":{"@id":"https:\/\/makelaalu.fi\/en\/company\/#breadcrumb"},"inLanguage":"en-GB","potentialAction":[{"@type":"ReadAction","target":["https:\/\/makelaalu.fi\/en\/company\/"]}]},{"@type":"BreadcrumbList","@id":"https:\/\/makelaalu.fi\/en\/company\/#breadcrumb","itemListElement":[{"@type":"ListItem","position":1,"name":"Etusivu","item":"https:\/\/makelaalu.fi\/en\/"},{"@type":"ListItem","position":2,"name":"Company"}]},{"@type":"WebSite","@id":"https:\/\/dev.makelaalu.fi\/#website","url":"https:\/\/dev.makelaalu.fi\/","name":"M&auml;kel&auml; Alu Oy","description":"Alumiiniprofiilien puristaminen vuosikymmenten kokemuksella.","potentialAction":[{"@type":"SearchAction","target":{"@type":"EntryPoint","urlTemplate":"https:\/\/dev.makelaalu.fi\/?s={search_term_string}"},"query-input":{"@type":"PropertyValueSpecification","valueRequired":true,"valueName":"search_term_string"}}],"inLanguage":"en-GB"}]}},"_links":{"self":[{"href":"https:\/\/makelaalu.fi\/en\/wp-json\/wp\/v2\/pages\/7001","targetHints":{"allow":["GET"]}}],"collection":[{"href":"https:\/\/makelaalu.fi\/en\/wp-json\/wp\/v2\/pages"}],"about":[{"href":"https:\/\/makelaalu.fi\/en\/wp-json\/wp\/v2\/types\/page"}],"author":[{"embeddable":true,"href":"https:\/\/makelaalu.fi\/en\/wp-json\/wp\/v2\/users\/5"}],"replies":[{"embeddable":true,"href":"https:\/\/makelaalu.fi\/en\/wp-json\/wp\/v2\/comments?post=7001"}],"version-history":[{"count":16,"href":"https:\/\/makelaalu.fi\/en\/wp-json\/wp\/v2\/pages\/7001\/revisions"}],"predecessor-version":[{"id":9667,"href":"https:\/\/makelaalu.fi\/en\/wp-json\/wp\/v2\/pages\/7001\/revisions\/9667"}],"wp:attachment":[{"href":"https:\/\/makelaalu.fi\/en\/wp-json\/wp\/v2\/media?parent=7001"}],"curies":[{"name":"wp","href":"https:\/\/api.w.org\/{rel}","templated":true}]}}