{"id":10800,"date":"2024-12-13T11:21:58","date_gmt":"2024-12-13T09:21:58","guid":{"rendered":"https:\/\/makelaalu.fi\/?page_id=10800"},"modified":"2025-03-11T10:34:03","modified_gmt":"2025-03-11T08:34:03","slug":"aluplanet","status":"publish","type":"page","link":"https:\/\/makelaalu.fi\/sv\/tjanster\/aluplanet\/","title":{"rendered":"AluPlanet\u00ae"},"content":{"rendered":"<h2>AluPlanet\u00ae \u2013 <b><span data-ogsc=\"black\">Aluminiumprofiler med l\u00e5gt CO2<\/span><\/b><\/h2>\n<h4>AluPlanet\u00ae \u00e4r en milj\u00f6v\u00e4nlig produktfamilj av aluminiumprofiler, designad f\u00f6r att uppfylla h\u00e5llbarhetskraven och st\u00f6dja planetens h\u00e5llbarhet. V\u00e5ra AluPlanet\u00ae-produkter spelar en viktig roll i kampen mot klimatf\u00f6r\u00e4ndringarna.<\/h4>\n<h2><img loading=\"lazy\" decoding=\"async\" class=\"alignnone size-full wp-image-10666\" src=\"https:\/\/makelaalu.fi\/wp-content\/uploads\/2024\/11\/AluPlanet_vahahiiliset_alumiiniprofiilit_MakelaAlu.jpg\" alt=\"\" width=\"1000\" height=\"672\" srcset=\"https:\/\/makelaalu.fi\/wp-content\/uploads\/2024\/11\/AluPlanet_vahahiiliset_alumiiniprofiilit_MakelaAlu.jpg 1000w, https:\/\/makelaalu.fi\/wp-content\/uploads\/2024\/11\/AluPlanet_vahahiiliset_alumiiniprofiilit_MakelaAlu-300x202.jpg 300w, https:\/\/makelaalu.fi\/wp-content\/uploads\/2024\/11\/AluPlanet_vahahiiliset_alumiiniprofiilit_MakelaAlu-768x516.jpg 768w, https:\/\/makelaalu.fi\/wp-content\/uploads\/2024\/11\/AluPlanet_vahahiiliset_alumiiniprofiilit_MakelaAlu-500x336.jpg 500w, https:\/\/makelaalu.fi\/wp-content\/uploads\/2024\/11\/AluPlanet_vahahiiliset_alumiiniprofiilit_MakelaAlu-370x250.jpg 370w\" sizes=\"auto, (max-width: 1000px) 100vw, 1000px\" \/><\/h2>\n<p><strong>V\u00e5r produktfamilj best\u00e5r av tre unika alternativ:<\/strong><\/p>\n<h4 class=\"p2\">AluPlanet<span class=\"s2\">\u00ae <\/span>Basic, Emissioner 2.04 tn CO2e\/t.<\/h4>\n<p class=\"p2\">\u2013 En \u00e5tervunnen aluminiumprofil med l\u00e5gt CO2 utan ytbehandling, som kombinerar kvalitet och milj\u00f6ansvar.<\/p>\n<h4 class=\"p2\">AluPlanet<span class=\"s2\">\u00ae <\/span>Paint, Emissioner 2.59 tn CO2e\/t.<\/h4>\n<p class=\"p2\">\u2013 En pulverlackerad aluminiumprofil som erbjuder en h\u00e5llbar och elegant finish med l\u00e5ga utsl\u00e4pp.<\/p>\n<h4 class=\"p2\">AluPlanet<span class=\"s2\">\u00ae <\/span>Anod, Emissioner 2.24 tn CO2e\/t.<\/h4>\n<p class=\"p2\">\u2013 En anodiserad aluminiumprofil som tillverkas energieffektivt med h\u00e4nsyn till milj\u00f6n.<\/p>\n<h2>Legeringar<\/h2>\n<p>Profilerna i AluPlanet\u00ae-produktfamiljen finns tillg\u00e4ngliga i legeringen EN-AW 6063.<\/p>\n<h2>Ursprung f\u00f6r \u00e5tervunnet aluminium<\/h2>\n<p>AluPlanet\u00ae-aluminiumprofiler tillverkas av \u00e5tervunnet aluminium som kommer fr\u00e5n processavfall fr\u00e5n v\u00e5r egen produktion samt aluminiumskrot som \u00e5terl\u00e4mnas av vidaref\u00f6r\u00e4dlingsf\u00f6retag och kunder. Vi sm\u00e4lter om aluminiumskrotet till g\u00f6t i v\u00e5rt egna sm\u00e4ltverk. F\u00f6r oss \u00e4r det ett h\u00e5llbart s\u00e4tt att tillverka \u00e5tervunna aluminiumprofiler genom att \u00e5teranv\u00e4nda spill fr\u00e5n v\u00e5ra egna processer. Det \u00e4r viktigt f\u00f6r oss att minimera m\u00e4ngden avfall i v\u00e5r produktion och att allt m\u00f6jligt spill tas tillvara enligt cirkul\u00e4rekonomins principer.<\/p>\n<p>Ink\u00f6pet av \u00e5tervunnet aluminium ger knappt n\u00e5gra transportutsl\u00e4pp, eftersom materialet hanteras inom v\u00e5rt fabriksomr\u00e5de, fr\u00e5n vidaref\u00f6r\u00e4dlingsf\u00f6retag i n\u00e4rheten eller som en del av annan transport.<\/p>\n<p>Enligt standarden f\u00e5r produktionsspill kallas \u00e5tervunnet material om det har sm\u00e4lts om till g\u00f6t och \u00e5teranv\u00e4nts i en annan produktionsprocess.<\/p>\n<h3><\/h3>\n<h2>Utsl\u00e4ppsber\u00e4kning<\/h2>\n<p>Utsl\u00e4ppen fr\u00e5n aluminiumprofilerna i AluPlanet\u00ae-produktfamiljen \u00e4r mycket l\u00e5ga \u2013 endast 2,04\u20132,59 ton CO2e\/ton. Koldioxidekvivalent (CO2e) beskriver klimatp\u00e5verkan av v\u00e4xthusgaser som produceras av m\u00e4nsklig aktivitet. Den anv\u00e4nda enheten (ton CO2e\/ton) anger hur m\u00e5nga ton koldioxidekvivalenter som genereras vid produktionen av ett ton av den aktuella produkten.<\/p>\n<p>Genom att v\u00e4lja AluPlanet\u00ae-profiler till din produktion kan du avsev\u00e4rt minska den milj\u00f6p\u00e5verkan som din verksamhet orsakar. Som j\u00e4mf\u00f6relse \u00e4r det genomsnittliga utsl\u00e4ppsv\u00e4rdet f\u00f6r prim\u00e4raluminium producerat i Europa (r\u00e5material, ej f\u00e4rdig profil) 6,7 ton CO2e\/ton.<\/p>\n<p>Utsl\u00e4ppsber\u00e4kningen baseras p\u00e5 standarderna ISO 14025 och EN 15804:2012 + A2:2019.<\/p>\n","protected":false},"excerpt":{"rendered":"AluPlanet\u00ae \u2013 Aluminiumprofiler med l\u00e5gt CO2 AluPlanet\u00ae \u00e4r en milj\u00f6v\u00e4nlig produktfamilj av aluminiumprofiler, designad f\u00f6r att uppfylla h\u00e5llbarhetskraven och st\u00f6dja planetens h\u00e5llbarhet. V\u00e5ra AluPlanet\u00ae-produkter spelar en viktig roll i kampen mot klimatf\u00f6r\u00e4ndringarna. V\u00e5r produktfamilj best\u00e5r av tre unika alternativ: AluPlanet\u00ae Basic, Emissioner 2.04 tn CO2e\/t. \u2013 En \u00e5tervunnen aluminiumprofil med l\u00e5gt CO2 utan ytbehandling, som kombinerar kvalitet och milj\u00f6ansvar. AluPlanet\u00ae Paint, Emissioner 2.59 tn CO2e\/t. \u2013 En pulverlackerad aluminiumprofil som erbjuder en h\u00e5llbar och elegant finish med l\u00e5ga utsl\u00e4pp. AluPlanet\u00ae Anod, Emissioner 2.24 tn CO2e\/t. \u2013 En anodiserad aluminiumprofil som tillverkas energieffektivt med h\u00e4nsyn till milj\u00f6n. Legeringar Profilerna i AluPlanet\u00ae-produktfamiljen finns tillg\u00e4ngliga i legeringen EN-AW 6063. Ursprung f\u00f6r \u00e5tervunnet aluminium AluPlanet\u00ae-aluminiumprofiler tillverkas av \u00e5tervunnet aluminium som kommer fr\u00e5n processavfall fr\u00e5n v\u00e5r egen produktion samt aluminiumskrot som \u00e5terl\u00e4mnas av vidaref\u00f6r\u00e4dlingsf\u00f6retag och kunder. Vi sm\u00e4lter om aluminiumskrotet till g\u00f6t i v\u00e5rt egna sm\u00e4ltverk. F\u00f6r oss \u00e4r det ett h\u00e5llbart s\u00e4tt att tillverka \u00e5tervunna aluminiumprofiler genom att \u00e5teranv\u00e4nda spill fr\u00e5n v\u00e5ra egna processer. Det \u00e4r viktigt f\u00f6r oss att minimera m\u00e4ngden avfall i v\u00e5r produktion och att allt m\u00f6jligt spill tas tillvara enligt cirkul\u00e4rekonomins principer. Ink\u00f6pet av \u00e5tervunnet aluminium ger knappt n\u00e5gra transportutsl\u00e4pp, eftersom materialet hanteras inom v\u00e5rt fabriksomr\u00e5de, fr\u00e5n vidaref\u00f6r\u00e4dlingsf\u00f6retag i n\u00e4rheten eller som en del av annan transport. Enligt standarden f\u00e5r produktionsspill kallas \u00e5tervunnet material om det har sm\u00e4lts om till g\u00f6t och \u00e5teranv\u00e4nts i en annan produktionsprocess. Utsl\u00e4ppsber\u00e4kning Utsl\u00e4ppen fr\u00e5n aluminiumprofilerna i AluPlanet\u00ae-produktfamiljen \u00e4r mycket l\u00e5ga \u2013 endast 2,04\u20132,59 ton CO2e\/ton. Koldioxidekvivalent (CO2e) beskriver klimatp\u00e5verkan av v\u00e4xthusgaser som produceras av m\u00e4nsklig aktivitet. Den anv\u00e4nda enheten (ton CO2e\/ton) anger hur m\u00e5nga ton koldioxidekvivalenter som genereras vid produktionen av ett ton av den aktuella produkten. Genom att v\u00e4lja AluPlanet\u00ae-profiler till din produktion kan du avsev\u00e4rt minska den milj\u00f6p\u00e5verkan som din verksamhet orsakar. Som j\u00e4mf\u00f6relse \u00e4r det genomsnittliga utsl\u00e4ppsv\u00e4rdet f\u00f6r prim\u00e4raluminium producerat i Europa (r\u00e5material, ej f\u00e4rdig profil) 6,7 ton CO2e\/ton. Utsl\u00e4ppsber\u00e4kningen baseras p\u00e5 standarderna ISO 14025 och EN 15804:2012 + A2:2019.","protected":false},"author":2,"featured_media":0,"parent":7186,"menu_order":12,"comment_status":"closed","ping_status":"closed","template":"","meta":{"_acf_changed":false,"footnotes":""},"class_list":["post-10800","page","type-page","status-publish","hentry"],"acf":[],"yoast_head":"<!-- This site is optimized with the Yoast SEO plugin v27.4 - https:\/\/yoast.com\/product\/yoast-seo-wordpress\/ -->\n<title>AluPlanet\u00ae - L\u00e5g CO2-produktfamilj av aluminiumprofiler<\/title>\n<meta name=\"robots\" content=\"index, follow, max-snippet:-1, max-image-preview:large, max-video-preview:-1\" \/>\n<link rel=\"canonical\" href=\"https:\/\/makelaalu.fi\/sv\/tjanster\/aluplanet\/\" \/>\n<meta property=\"og:locale\" content=\"sv_SE\" \/>\n<meta property=\"og:type\" content=\"article\" \/>\n<meta property=\"og:title\" content=\"AluPlanet\u00ae - L\u00e5g CO2-produktfamilj av aluminiumprofiler\" \/>\n<meta property=\"og:description\" content=\"AluPlanet\u00ae \u2013 Aluminiumprofiler med l\u00e5gt CO2 AluPlanet\u00ae \u00e4r en milj\u00f6v\u00e4nlig produktfamilj av aluminiumprofiler, designad f\u00f6r att uppfylla h\u00e5llbarhetskraven och st\u00f6dja planetens h\u00e5llbarhet. V\u00e5ra AluPlanet\u00ae-produkter spelar en viktig roll i kampen mot klimatf\u00f6r\u00e4ndringarna. V\u00e5r produktfamilj best\u00e5r av tre unika alternativ: AluPlanet\u00ae Basic, Emissioner 2.04 tn CO2e\/t. \u2013 En \u00e5tervunnen aluminiumprofil med l\u00e5gt CO2 utan ytbehandling, som kombinerar kvalitet och milj\u00f6ansvar. AluPlanet\u00ae Paint, Emissioner 2.59 tn CO2e\/t. \u2013 En pulverlackerad aluminiumprofil som erbjuder en h\u00e5llbar och elegant finish med l\u00e5ga utsl\u00e4pp. AluPlanet\u00ae Anod, Emissioner 2.24 tn CO2e\/t. \u2013 En anodiserad aluminiumprofil som tillverkas energieffektivt med h\u00e4nsyn till milj\u00f6n. Legeringar Profilerna i AluPlanet\u00ae-produktfamiljen finns tillg\u00e4ngliga i legeringen EN-AW 6063. Ursprung f\u00f6r \u00e5tervunnet aluminium AluPlanet\u00ae-aluminiumprofiler tillverkas av \u00e5tervunnet aluminium som kommer fr\u00e5n processavfall fr\u00e5n v\u00e5r egen produktion samt aluminiumskrot som \u00e5terl\u00e4mnas av vidaref\u00f6r\u00e4dlingsf\u00f6retag och kunder. Vi sm\u00e4lter om aluminiumskrotet till g\u00f6t i v\u00e5rt egna sm\u00e4ltverk. F\u00f6r oss \u00e4r det ett h\u00e5llbart s\u00e4tt att tillverka \u00e5tervunna aluminiumprofiler genom att \u00e5teranv\u00e4nda spill fr\u00e5n v\u00e5ra egna processer. Det \u00e4r viktigt f\u00f6r oss att minimera m\u00e4ngden avfall i v\u00e5r produktion och att allt m\u00f6jligt spill tas tillvara enligt cirkul\u00e4rekonomins principer. Ink\u00f6pet av \u00e5tervunnet aluminium ger knappt n\u00e5gra transportutsl\u00e4pp, eftersom materialet hanteras inom v\u00e5rt fabriksomr\u00e5de, fr\u00e5n vidaref\u00f6r\u00e4dlingsf\u00f6retag i n\u00e4rheten eller som en del av annan transport. Enligt standarden f\u00e5r produktionsspill kallas \u00e5tervunnet material om det har sm\u00e4lts om till g\u00f6t och \u00e5teranv\u00e4nts i en annan produktionsprocess. Utsl\u00e4ppsber\u00e4kning Utsl\u00e4ppen fr\u00e5n aluminiumprofilerna i AluPlanet\u00ae-produktfamiljen \u00e4r mycket l\u00e5ga \u2013 endast 2,04\u20132,59 ton CO2e\/ton. Koldioxidekvivalent (CO2e) beskriver klimatp\u00e5verkan av v\u00e4xthusgaser som produceras av m\u00e4nsklig aktivitet. Den anv\u00e4nda enheten (ton CO2e\/ton) anger hur m\u00e5nga ton koldioxidekvivalenter som genereras vid produktionen av ett ton av den aktuella produkten. Genom att v\u00e4lja AluPlanet\u00ae-profiler till din produktion kan du avsev\u00e4rt minska den milj\u00f6p\u00e5verkan som din verksamhet orsakar. Som j\u00e4mf\u00f6relse \u00e4r det genomsnittliga utsl\u00e4ppsv\u00e4rdet f\u00f6r prim\u00e4raluminium producerat i Europa (r\u00e5material, ej f\u00e4rdig profil) 6,7 ton CO2e\/ton. Utsl\u00e4ppsber\u00e4kningen baseras p\u00e5 standarderna ISO 14025 och EN 15804:2012 + A2:2019.\" \/>\n<meta property=\"og:url\" content=\"https:\/\/makelaalu.fi\/sv\/tjanster\/aluplanet\/\" \/>\n<meta property=\"og:site_name\" content=\"M&auml;kel&auml; Alu Oy\" \/>\n<meta property=\"article:modified_time\" content=\"2025-03-11T08:34:03+00:00\" \/>\n<meta property=\"og:image\" content=\"https:\/\/makelaalu.fi\/wp-content\/uploads\/2024\/11\/AluPlanet_vahahiiliset_alumiiniprofiilit_MakelaAlu.jpg\" \/>\n\t<meta property=\"og:image:width\" content=\"1000\" \/>\n\t<meta property=\"og:image:height\" content=\"672\" \/>\n\t<meta property=\"og:image:type\" content=\"image\/jpeg\" \/>\n<meta name=\"twitter:card\" content=\"summary_large_image\" \/>\n<meta name=\"twitter:label1\" content=\"Ber\u00e4knad l\u00e4stid\" \/>\n\t<meta name=\"twitter:data1\" content=\"3 minuter\" \/>\n<script type=\"application\/ld+json\" class=\"yoast-schema-graph\">{\"@context\":\"https:\\\/\\\/schema.org\",\"@graph\":[{\"@type\":\"WebPage\",\"@id\":\"https:\\\/\\\/makelaalu.fi\\\/sv\\\/tjanster\\\/aluplanet\\\/\",\"url\":\"https:\\\/\\\/makelaalu.fi\\\/sv\\\/tjanster\\\/aluplanet\\\/\",\"name\":\"AluPlanet\u00ae - L\u00e5g CO2-produktfamilj av aluminiumprofiler\",\"isPartOf\":{\"@id\":\"https:\\\/\\\/dev.makelaalu.fi\\\/#website\"},\"primaryImageOfPage\":{\"@id\":\"https:\\\/\\\/makelaalu.fi\\\/sv\\\/tjanster\\\/aluplanet\\\/#primaryimage\"},\"image\":{\"@id\":\"https:\\\/\\\/makelaalu.fi\\\/sv\\\/tjanster\\\/aluplanet\\\/#primaryimage\"},\"thumbnailUrl\":\"https:\\\/\\\/makelaalu.fi\\\/wp-content\\\/uploads\\\/2024\\\/11\\\/AluPlanet_vahahiiliset_alumiiniprofiilit_MakelaAlu.jpg\",\"datePublished\":\"2024-12-13T09:21:58+00:00\",\"dateModified\":\"2025-03-11T08:34:03+00:00\",\"breadcrumb\":{\"@id\":\"https:\\\/\\\/makelaalu.fi\\\/sv\\\/tjanster\\\/aluplanet\\\/#breadcrumb\"},\"inLanguage\":\"sv-SE\",\"potentialAction\":[{\"@type\":\"ReadAction\",\"target\":[\"https:\\\/\\\/makelaalu.fi\\\/sv\\\/tjanster\\\/aluplanet\\\/\"]}]},{\"@type\":\"ImageObject\",\"inLanguage\":\"sv-SE\",\"@id\":\"https:\\\/\\\/makelaalu.fi\\\/sv\\\/tjanster\\\/aluplanet\\\/#primaryimage\",\"url\":\"https:\\\/\\\/makelaalu.fi\\\/wp-content\\\/uploads\\\/2024\\\/11\\\/AluPlanet_vahahiiliset_alumiiniprofiilit_MakelaAlu.jpg\",\"contentUrl\":\"https:\\\/\\\/makelaalu.fi\\\/wp-content\\\/uploads\\\/2024\\\/11\\\/AluPlanet_vahahiiliset_alumiiniprofiilit_MakelaAlu.jpg\"},{\"@type\":\"BreadcrumbList\",\"@id\":\"https:\\\/\\\/makelaalu.fi\\\/sv\\\/tjanster\\\/aluplanet\\\/#breadcrumb\",\"itemListElement\":[{\"@type\":\"ListItem\",\"position\":1,\"name\":\"Frontpage\",\"item\":\"https:\\\/\\\/makelaalu.fi\\\/sv\\\/\"},{\"@type\":\"ListItem\",\"position\":2,\"name\":\"Tj\u00e4nster\",\"item\":\"https:\\\/\\\/makelaalu.fi\\\/sv\\\/tjanster\\\/\"},{\"@type\":\"ListItem\",\"position\":3,\"name\":\"AluPlanet\u00ae\"}]},{\"@type\":\"WebSite\",\"@id\":\"https:\\\/\\\/dev.makelaalu.fi\\\/#website\",\"url\":\"https:\\\/\\\/dev.makelaalu.fi\\\/\",\"name\":\"M&auml;kel&auml; Alu Oy\",\"description\":\"Alumiiniprofiilien puristaminen vuosikymmenten kokemuksella.\",\"potentialAction\":[{\"@type\":\"SearchAction\",\"target\":{\"@type\":\"EntryPoint\",\"urlTemplate\":\"https:\\\/\\\/dev.makelaalu.fi\\\/?s={search_term_string}\"},\"query-input\":{\"@type\":\"PropertyValueSpecification\",\"valueRequired\":true,\"valueName\":\"search_term_string\"}}],\"inLanguage\":\"sv-SE\"}]}<\/script>\n<!-- \/ Yoast SEO plugin. -->","yoast_head_json":{"title":"AluPlanet\u00ae - L\u00e5g CO2-produktfamilj av aluminiumprofiler","robots":{"index":"index","follow":"follow","max-snippet":"max-snippet:-1","max-image-preview":"max-image-preview:large","max-video-preview":"max-video-preview:-1"},"canonical":"https:\/\/makelaalu.fi\/sv\/tjanster\/aluplanet\/","og_locale":"sv_SE","og_type":"article","og_title":"AluPlanet\u00ae - L\u00e5g CO2-produktfamilj av aluminiumprofiler","og_description":"AluPlanet\u00ae \u2013 Aluminiumprofiler med l\u00e5gt CO2 AluPlanet\u00ae \u00e4r en milj\u00f6v\u00e4nlig produktfamilj av aluminiumprofiler, designad f\u00f6r att uppfylla h\u00e5llbarhetskraven och st\u00f6dja planetens h\u00e5llbarhet. V\u00e5ra AluPlanet\u00ae-produkter spelar en viktig roll i kampen mot klimatf\u00f6r\u00e4ndringarna. V\u00e5r produktfamilj best\u00e5r av tre unika alternativ: AluPlanet\u00ae Basic, Emissioner 2.04 tn CO2e\/t. \u2013 En \u00e5tervunnen aluminiumprofil med l\u00e5gt CO2 utan ytbehandling, som kombinerar kvalitet och milj\u00f6ansvar. AluPlanet\u00ae Paint, Emissioner 2.59 tn CO2e\/t. \u2013 En pulverlackerad aluminiumprofil som erbjuder en h\u00e5llbar och elegant finish med l\u00e5ga utsl\u00e4pp. AluPlanet\u00ae Anod, Emissioner 2.24 tn CO2e\/t. \u2013 En anodiserad aluminiumprofil som tillverkas energieffektivt med h\u00e4nsyn till milj\u00f6n. Legeringar Profilerna i AluPlanet\u00ae-produktfamiljen finns tillg\u00e4ngliga i legeringen EN-AW 6063. Ursprung f\u00f6r \u00e5tervunnet aluminium AluPlanet\u00ae-aluminiumprofiler tillverkas av \u00e5tervunnet aluminium som kommer fr\u00e5n processavfall fr\u00e5n v\u00e5r egen produktion samt aluminiumskrot som \u00e5terl\u00e4mnas av vidaref\u00f6r\u00e4dlingsf\u00f6retag och kunder. Vi sm\u00e4lter om aluminiumskrotet till g\u00f6t i v\u00e5rt egna sm\u00e4ltverk. F\u00f6r oss \u00e4r det ett h\u00e5llbart s\u00e4tt att tillverka \u00e5tervunna aluminiumprofiler genom att \u00e5teranv\u00e4nda spill fr\u00e5n v\u00e5ra egna processer. Det \u00e4r viktigt f\u00f6r oss att minimera m\u00e4ngden avfall i v\u00e5r produktion och att allt m\u00f6jligt spill tas tillvara enligt cirkul\u00e4rekonomins principer. Ink\u00f6pet av \u00e5tervunnet aluminium ger knappt n\u00e5gra transportutsl\u00e4pp, eftersom materialet hanteras inom v\u00e5rt fabriksomr\u00e5de, fr\u00e5n vidaref\u00f6r\u00e4dlingsf\u00f6retag i n\u00e4rheten eller som en del av annan transport. Enligt standarden f\u00e5r produktionsspill kallas \u00e5tervunnet material om det har sm\u00e4lts om till g\u00f6t och \u00e5teranv\u00e4nts i en annan produktionsprocess. Utsl\u00e4ppsber\u00e4kning Utsl\u00e4ppen fr\u00e5n aluminiumprofilerna i AluPlanet\u00ae-produktfamiljen \u00e4r mycket l\u00e5ga \u2013 endast 2,04\u20132,59 ton CO2e\/ton. Koldioxidekvivalent (CO2e) beskriver klimatp\u00e5verkan av v\u00e4xthusgaser som produceras av m\u00e4nsklig aktivitet. Den anv\u00e4nda enheten (ton CO2e\/ton) anger hur m\u00e5nga ton koldioxidekvivalenter som genereras vid produktionen av ett ton av den aktuella produkten. Genom att v\u00e4lja AluPlanet\u00ae-profiler till din produktion kan du avsev\u00e4rt minska den milj\u00f6p\u00e5verkan som din verksamhet orsakar. Som j\u00e4mf\u00f6relse \u00e4r det genomsnittliga utsl\u00e4ppsv\u00e4rdet f\u00f6r prim\u00e4raluminium producerat i Europa (r\u00e5material, ej f\u00e4rdig profil) 6,7 ton CO2e\/ton. Utsl\u00e4ppsber\u00e4kningen baseras p\u00e5 standarderna ISO 14025 och EN 15804:2012 + A2:2019.","og_url":"https:\/\/makelaalu.fi\/sv\/tjanster\/aluplanet\/","og_site_name":"M&auml;kel&auml; Alu Oy","article_modified_time":"2025-03-11T08:34:03+00:00","og_image":[{"width":1000,"height":672,"url":"https:\/\/makelaalu.fi\/wp-content\/uploads\/2024\/11\/AluPlanet_vahahiiliset_alumiiniprofiilit_MakelaAlu.jpg","type":"image\/jpeg"}],"twitter_card":"summary_large_image","twitter_misc":{"Ber\u00e4knad l\u00e4stid":"3 minuter"},"schema":{"@context":"https:\/\/schema.org","@graph":[{"@type":"WebPage","@id":"https:\/\/makelaalu.fi\/sv\/tjanster\/aluplanet\/","url":"https:\/\/makelaalu.fi\/sv\/tjanster\/aluplanet\/","name":"AluPlanet\u00ae - L\u00e5g CO2-produktfamilj av aluminiumprofiler","isPartOf":{"@id":"https:\/\/dev.makelaalu.fi\/#website"},"primaryImageOfPage":{"@id":"https:\/\/makelaalu.fi\/sv\/tjanster\/aluplanet\/#primaryimage"},"image":{"@id":"https:\/\/makelaalu.fi\/sv\/tjanster\/aluplanet\/#primaryimage"},"thumbnailUrl":"https:\/\/makelaalu.fi\/wp-content\/uploads\/2024\/11\/AluPlanet_vahahiiliset_alumiiniprofiilit_MakelaAlu.jpg","datePublished":"2024-12-13T09:21:58+00:00","dateModified":"2025-03-11T08:34:03+00:00","breadcrumb":{"@id":"https:\/\/makelaalu.fi\/sv\/tjanster\/aluplanet\/#breadcrumb"},"inLanguage":"sv-SE","potentialAction":[{"@type":"ReadAction","target":["https:\/\/makelaalu.fi\/sv\/tjanster\/aluplanet\/"]}]},{"@type":"ImageObject","inLanguage":"sv-SE","@id":"https:\/\/makelaalu.fi\/sv\/tjanster\/aluplanet\/#primaryimage","url":"https:\/\/makelaalu.fi\/wp-content\/uploads\/2024\/11\/AluPlanet_vahahiiliset_alumiiniprofiilit_MakelaAlu.jpg","contentUrl":"https:\/\/makelaalu.fi\/wp-content\/uploads\/2024\/11\/AluPlanet_vahahiiliset_alumiiniprofiilit_MakelaAlu.jpg"},{"@type":"BreadcrumbList","@id":"https:\/\/makelaalu.fi\/sv\/tjanster\/aluplanet\/#breadcrumb","itemListElement":[{"@type":"ListItem","position":1,"name":"Frontpage","item":"https:\/\/makelaalu.fi\/sv\/"},{"@type":"ListItem","position":2,"name":"Tj\u00e4nster","item":"https:\/\/makelaalu.fi\/sv\/tjanster\/"},{"@type":"ListItem","position":3,"name":"AluPlanet\u00ae"}]},{"@type":"WebSite","@id":"https:\/\/dev.makelaalu.fi\/#website","url":"https:\/\/dev.makelaalu.fi\/","name":"M&auml;kel&auml; Alu Oy","description":"Alumiiniprofiilien puristaminen vuosikymmenten kokemuksella.","potentialAction":[{"@type":"SearchAction","target":{"@type":"EntryPoint","urlTemplate":"https:\/\/dev.makelaalu.fi\/?s={search_term_string}"},"query-input":{"@type":"PropertyValueSpecification","valueRequired":true,"valueName":"search_term_string"}}],"inLanguage":"sv-SE"}]}},"_links":{"self":[{"href":"https:\/\/makelaalu.fi\/sv\/wp-json\/wp\/v2\/pages\/10800","targetHints":{"allow":["GET"]}}],"collection":[{"href":"https:\/\/makelaalu.fi\/sv\/wp-json\/wp\/v2\/pages"}],"about":[{"href":"https:\/\/makelaalu.fi\/sv\/wp-json\/wp\/v2\/types\/page"}],"author":[{"embeddable":true,"href":"https:\/\/makelaalu.fi\/sv\/wp-json\/wp\/v2\/users\/2"}],"replies":[{"embeddable":true,"href":"https:\/\/makelaalu.fi\/sv\/wp-json\/wp\/v2\/comments?post=10800"}],"version-history":[{"count":5,"href":"https:\/\/makelaalu.fi\/sv\/wp-json\/wp\/v2\/pages\/10800\/revisions"}],"predecessor-version":[{"id":11031,"href":"https:\/\/makelaalu.fi\/sv\/wp-json\/wp\/v2\/pages\/10800\/revisions\/11031"}],"up":[{"embeddable":true,"href":"https:\/\/makelaalu.fi\/sv\/wp-json\/wp\/v2\/pages\/7186"}],"wp:attachment":[{"href":"https:\/\/makelaalu.fi\/sv\/wp-json\/wp\/v2\/media?parent=10800"}],"curies":[{"name":"wp","href":"https:\/\/api.w.org\/{rel}","templated":true}]}}