{"id":10934,"date":"2025-02-18T11:20:25","date_gmt":"2025-02-18T09:20:25","guid":{"rendered":"https:\/\/makelaalu.fi\/?page_id=10934"},"modified":"2025-02-18T11:20:45","modified_gmt":"2025-02-18T09:20:45","slug":"standardprofiler","status":"publish","type":"page","link":"https:\/\/makelaalu.fi\/sv\/aluminiumprofiler\/standardprofiler\/","title":{"rendered":"Standardprofiler"},"content":{"rendered":"<h2 data-start=\"126\" data-end=\"165\"><strong data-start=\"131\" data-end=\"163\">M\u00e4kel\u00e4 Alus standardprofiler<\/strong><\/h2>\n<h4 data-start=\"166\" data-end=\"326\">Standardprofiler \u00e4r l\u00e4mpliga f\u00f6r olika bygg- och industril\u00f6sningar. De anv\u00e4nds i b\u00e4rande konstruktioner, hyllor och ramar, fasadelement samt olika r\u00e4cken.<\/h4>\n<p data-start=\"328\" data-end=\"813\">Aluminiumprofilernas l\u00e4tthet, h\u00e5llbarhet och korrosionsbest\u00e4ndighet g\u00f6r dem idealiska f\u00f6r b\u00e5de inomhus- och utomhusbruk. Vi erbjuder ett brett urval av standardprofiler. Standardl\u00e4ngden f\u00f6r profiler \u00e4r 6 meter, men kunder kan \u00e4ven best\u00e4lla aluminiumprofiler i specialm\u00e5tt. I allm\u00e4nhet \u00e4r alla aluminiumlegeringar som anv\u00e4nds av M\u00e4kel\u00e4 Alu l\u00e4mpliga f\u00f6r dessa profiler, men vi rekommenderar att du bekr\u00e4ftar legeringens l\u00e4mplighet med v\u00e5r f\u00f6rs\u00e4ljningsavdelning.<\/p>\n<p data-start=\"815\" data-end=\"942\">Standardprofiler erbjuder kostnadseffektiva och f\u00e4rdiga l\u00f6sningar f\u00f6r olika behov och finns i flera former och storlekar.<\/p>\n<p data-start=\"944\" data-end=\"985\"><strong data-start=\"948\" data-end=\"983\">Vanligaste aluminiumprofilerna:<\/strong><\/p>\n<ul data-start=\"986\" data-end=\"1597\">\n<li data-start=\"986\" data-end=\"1090\"><strong data-start=\"988\" data-end=\"1005\">Plattst\u00e4nger:<\/strong> Rektangul\u00e4ra profiler som anv\u00e4nds i konstruktioner d\u00e4r j\u00e4mna och breda ytor kr\u00e4vs.<\/li>\n<li data-start=\"1091\" data-end=\"1187\"><strong data-start=\"1093\" data-end=\"1108\">U-profiler:<\/strong> U-formade profiler l\u00e4mpliga f\u00f6r kantf\u00f6rst\u00e4rkning och b\u00e4rande konstruktioner.<\/li>\n<li data-start=\"1188\" data-end=\"1317\"><strong data-start=\"1190\" data-end=\"1227\">Kvadratiska och rektangul\u00e4ra r\u00f6r:<\/strong> Ih\u00e5liga profiler som ger l\u00e5g vikt och h\u00f6g h\u00e5llfasthet, idealiska f\u00f6r ramkonstruktioner.<\/li>\n<li data-start=\"1318\" data-end=\"1402\"><strong data-start=\"1320\" data-end=\"1335\">L-profiler:<\/strong> L-formade profiler som anv\u00e4nds f\u00f6r att f\u00f6rst\u00e4rka h\u00f6rn och fogar.<\/li>\n<li data-start=\"1403\" data-end=\"1508\"><strong data-start=\"1405\" data-end=\"1420\">T-profiler:<\/strong> T-formade profiler som fungerar som avdelare eller kopplingselement i konstruktioner.<\/li>\n<li data-start=\"1509\" data-end=\"1597\"><strong data-start=\"1511\" data-end=\"1525\">Runda r\u00f6r:<\/strong> Cylindriska profiler som ofta anv\u00e4nds i r\u00e4cken och r\u00f6rkonstruktioner.<\/li>\n<\/ul>\n<p data-start=\"1599\" data-end=\"1901\">Standardprofiler kan \u00e4ven ytbehandlas genom pulverlackering eller anodisering och bearbetas vidare inom v\u00e5rt vidaref\u00f6r\u00e4dling n\u00e4tverk till en f\u00e4rdig slutprodukt. Anodisering f\u00f6rb\u00e4ttrar h\u00e5llbarheten och g\u00f6r ytan l\u00e4ttare att reng\u00f6ra. Du kan l\u00e4sa mer om v\u00e5ra ytbehandlingar <a href=\"https:\/\/makelaalu.fi\/sv\/ytbehandlingar\/\">h\u00e4r<\/a>.<\/p>\n<p data-start=\"1903\" data-end=\"2018\">Ladda ner Standardprofillistan <a href=\"https:\/\/makelaalu.fi\/wp-content\/uploads\/2018\/10\/makela_alu_vakioprofiilit_alumiiniprofiilit_standard_profiles.pdf\" target=\"_blank\" rel=\"noopener\">h\u00e4r<\/a>. I katalogen hittar du alla tillg\u00e4ngliga profiler och deras dimensioner.<\/p>\n<p data-start=\"2020\" data-end=\"2116\">Om du inte hittar den information du beh\u00f6ver, v\u00e4nligen kontakta v\u00e5r <a href=\"https:\/\/makelaalu.fi\/sv\/kontakta\/\">f\u00f6rs\u00e4ljningsavdelning<\/a>.<\/p>\n","protected":false},"excerpt":{"rendered":"M\u00e4kel\u00e4 Alus standardprofiler Standardprofiler \u00e4r l\u00e4mpliga f\u00f6r olika bygg- och industril\u00f6sningar. De anv\u00e4nds i b\u00e4rande konstruktioner, hyllor och ramar, fasadelement samt olika r\u00e4cken. Aluminiumprofilernas l\u00e4tthet, h\u00e5llbarhet och korrosionsbest\u00e4ndighet g\u00f6r dem idealiska f\u00f6r b\u00e5de inomhus- och utomhusbruk. Vi erbjuder ett brett urval av standardprofiler. Standardl\u00e4ngden f\u00f6r profiler \u00e4r 6 meter, men kunder kan \u00e4ven best\u00e4lla aluminiumprofiler i specialm\u00e5tt. I allm\u00e4nhet \u00e4r alla aluminiumlegeringar som anv\u00e4nds av M\u00e4kel\u00e4 Alu l\u00e4mpliga f\u00f6r dessa profiler, men vi rekommenderar att du bekr\u00e4ftar legeringens l\u00e4mplighet med v\u00e5r f\u00f6rs\u00e4ljningsavdelning. Standardprofiler erbjuder kostnadseffektiva och f\u00e4rdiga l\u00f6sningar f\u00f6r olika behov och finns i flera former och storlekar. Vanligaste aluminiumprofilerna: Plattst\u00e4nger: Rektangul\u00e4ra profiler som anv\u00e4nds i konstruktioner d\u00e4r j\u00e4mna och breda ytor kr\u00e4vs. U-profiler: U-formade profiler l\u00e4mpliga f\u00f6r kantf\u00f6rst\u00e4rkning och b\u00e4rande konstruktioner. Kvadratiska och rektangul\u00e4ra r\u00f6r: Ih\u00e5liga profiler som ger l\u00e5g vikt och h\u00f6g h\u00e5llfasthet, idealiska f\u00f6r ramkonstruktioner. L-profiler: L-formade profiler som anv\u00e4nds f\u00f6r att f\u00f6rst\u00e4rka h\u00f6rn och fogar. T-profiler: T-formade profiler som fungerar som avdelare eller kopplingselement i konstruktioner. Runda r\u00f6r: Cylindriska profiler som ofta anv\u00e4nds i r\u00e4cken och r\u00f6rkonstruktioner. Standardprofiler kan \u00e4ven ytbehandlas genom pulverlackering eller anodisering och bearbetas vidare inom v\u00e5rt vidaref\u00f6r\u00e4dling n\u00e4tverk till en f\u00e4rdig slutprodukt. Anodisering f\u00f6rb\u00e4ttrar h\u00e5llbarheten och g\u00f6r ytan l\u00e4ttare att reng\u00f6ra. Du kan l\u00e4sa mer om v\u00e5ra ytbehandlingar h\u00e4r. Ladda ner Standardprofillistan h\u00e4r. I katalogen hittar du alla tillg\u00e4ngliga profiler och deras dimensioner. Om du inte hittar den information du beh\u00f6ver, v\u00e4nligen kontakta v\u00e5r f\u00f6rs\u00e4ljningsavdelning.","protected":false},"author":2,"featured_media":0,"parent":7152,"menu_order":8,"comment_status":"closed","ping_status":"closed","template":"","meta":{"_acf_changed":false,"footnotes":""},"class_list":["post-10934","page","type-page","status-publish","hentry"],"acf":[],"yoast_head":"<!-- This site is optimized with the Yoast SEO plugin v27.4 - https:\/\/yoast.com\/product\/yoast-seo-wordpress\/ -->\n<title>Standardprofiler - M&auml;kel&auml; Alu Oy<\/title>\n<meta name=\"robots\" content=\"index, follow, max-snippet:-1, max-image-preview:large, max-video-preview:-1\" \/>\n<link rel=\"canonical\" href=\"https:\/\/makelaalu.fi\/sv\/aluminiumprofiler\/standardprofiler\/\" \/>\n<meta property=\"og:locale\" content=\"sv_SE\" \/>\n<meta property=\"og:type\" content=\"article\" \/>\n<meta property=\"og:title\" content=\"Standardprofiler - M&auml;kel&auml; Alu Oy\" \/>\n<meta property=\"og:description\" content=\"M\u00e4kel\u00e4 Alus standardprofiler Standardprofiler \u00e4r l\u00e4mpliga f\u00f6r olika bygg- och industril\u00f6sningar. De anv\u00e4nds i b\u00e4rande konstruktioner, hyllor och ramar, fasadelement samt olika r\u00e4cken. Aluminiumprofilernas l\u00e4tthet, h\u00e5llbarhet och korrosionsbest\u00e4ndighet g\u00f6r dem idealiska f\u00f6r b\u00e5de inomhus- och utomhusbruk. Vi erbjuder ett brett urval av standardprofiler. Standardl\u00e4ngden f\u00f6r profiler \u00e4r 6 meter, men kunder kan \u00e4ven best\u00e4lla aluminiumprofiler i specialm\u00e5tt. I allm\u00e4nhet \u00e4r alla aluminiumlegeringar som anv\u00e4nds av M\u00e4kel\u00e4 Alu l\u00e4mpliga f\u00f6r dessa profiler, men vi rekommenderar att du bekr\u00e4ftar legeringens l\u00e4mplighet med v\u00e5r f\u00f6rs\u00e4ljningsavdelning. Standardprofiler erbjuder kostnadseffektiva och f\u00e4rdiga l\u00f6sningar f\u00f6r olika behov och finns i flera former och storlekar. Vanligaste aluminiumprofilerna: Plattst\u00e4nger: Rektangul\u00e4ra profiler som anv\u00e4nds i konstruktioner d\u00e4r j\u00e4mna och breda ytor kr\u00e4vs. U-profiler: U-formade profiler l\u00e4mpliga f\u00f6r kantf\u00f6rst\u00e4rkning och b\u00e4rande konstruktioner. Kvadratiska och rektangul\u00e4ra r\u00f6r: Ih\u00e5liga profiler som ger l\u00e5g vikt och h\u00f6g h\u00e5llfasthet, idealiska f\u00f6r ramkonstruktioner. L-profiler: L-formade profiler som anv\u00e4nds f\u00f6r att f\u00f6rst\u00e4rka h\u00f6rn och fogar. T-profiler: T-formade profiler som fungerar som avdelare eller kopplingselement i konstruktioner. Runda r\u00f6r: Cylindriska profiler som ofta anv\u00e4nds i r\u00e4cken och r\u00f6rkonstruktioner. Standardprofiler kan \u00e4ven ytbehandlas genom pulverlackering eller anodisering och bearbetas vidare inom v\u00e5rt vidaref\u00f6r\u00e4dling n\u00e4tverk till en f\u00e4rdig slutprodukt. Anodisering f\u00f6rb\u00e4ttrar h\u00e5llbarheten och g\u00f6r ytan l\u00e4ttare att reng\u00f6ra. Du kan l\u00e4sa mer om v\u00e5ra ytbehandlingar h\u00e4r. Ladda ner Standardprofillistan h\u00e4r. I katalogen hittar du alla tillg\u00e4ngliga profiler och deras dimensioner. Om du inte hittar den information du beh\u00f6ver, v\u00e4nligen kontakta v\u00e5r f\u00f6rs\u00e4ljningsavdelning.\" \/>\n<meta property=\"og:url\" content=\"https:\/\/makelaalu.fi\/sv\/aluminiumprofiler\/standardprofiler\/\" \/>\n<meta property=\"og:site_name\" content=\"M&auml;kel&auml; Alu Oy\" \/>\n<meta property=\"article:modified_time\" content=\"2025-02-18T09:20:45+00:00\" \/>\n<meta name=\"twitter:card\" content=\"summary_large_image\" \/>\n<meta name=\"twitter:label1\" content=\"Ber\u00e4knad l\u00e4stid\" \/>\n\t<meta name=\"twitter:data1\" content=\"2 minuter\" \/>\n<script type=\"application\/ld+json\" class=\"yoast-schema-graph\">{\"@context\":\"https:\\\/\\\/schema.org\",\"@graph\":[{\"@type\":\"WebPage\",\"@id\":\"https:\\\/\\\/makelaalu.fi\\\/sv\\\/aluminiumprofiler\\\/standardprofiler\\\/\",\"url\":\"https:\\\/\\\/makelaalu.fi\\\/sv\\\/aluminiumprofiler\\\/standardprofiler\\\/\",\"name\":\"Standardprofiler - M&auml;kel&auml; Alu Oy\",\"isPartOf\":{\"@id\":\"https:\\\/\\\/dev.makelaalu.fi\\\/#website\"},\"datePublished\":\"2025-02-18T09:20:25+00:00\",\"dateModified\":\"2025-02-18T09:20:45+00:00\",\"breadcrumb\":{\"@id\":\"https:\\\/\\\/makelaalu.fi\\\/sv\\\/aluminiumprofiler\\\/standardprofiler\\\/#breadcrumb\"},\"inLanguage\":\"sv-SE\",\"potentialAction\":[{\"@type\":\"ReadAction\",\"target\":[\"https:\\\/\\\/makelaalu.fi\\\/sv\\\/aluminiumprofiler\\\/standardprofiler\\\/\"]}]},{\"@type\":\"BreadcrumbList\",\"@id\":\"https:\\\/\\\/makelaalu.fi\\\/sv\\\/aluminiumprofiler\\\/standardprofiler\\\/#breadcrumb\",\"itemListElement\":[{\"@type\":\"ListItem\",\"position\":1,\"name\":\"Frontpage\",\"item\":\"https:\\\/\\\/makelaalu.fi\\\/sv\\\/\"},{\"@type\":\"ListItem\",\"position\":2,\"name\":\"Aluminiumprofiler\",\"item\":\"https:\\\/\\\/makelaalu.fi\\\/sv\\\/aluminiumprofiler\\\/\"},{\"@type\":\"ListItem\",\"position\":3,\"name\":\"Standardprofiler\"}]},{\"@type\":\"WebSite\",\"@id\":\"https:\\\/\\\/dev.makelaalu.fi\\\/#website\",\"url\":\"https:\\\/\\\/dev.makelaalu.fi\\\/\",\"name\":\"M&auml;kel&auml; Alu Oy\",\"description\":\"Alumiiniprofiilien puristaminen vuosikymmenten kokemuksella.\",\"potentialAction\":[{\"@type\":\"SearchAction\",\"target\":{\"@type\":\"EntryPoint\",\"urlTemplate\":\"https:\\\/\\\/dev.makelaalu.fi\\\/?s={search_term_string}\"},\"query-input\":{\"@type\":\"PropertyValueSpecification\",\"valueRequired\":true,\"valueName\":\"search_term_string\"}}],\"inLanguage\":\"sv-SE\"}]}<\/script>\n<!-- \/ Yoast SEO plugin. -->","yoast_head_json":{"title":"Standardprofiler - M&auml;kel&auml; Alu Oy","robots":{"index":"index","follow":"follow","max-snippet":"max-snippet:-1","max-image-preview":"max-image-preview:large","max-video-preview":"max-video-preview:-1"},"canonical":"https:\/\/makelaalu.fi\/sv\/aluminiumprofiler\/standardprofiler\/","og_locale":"sv_SE","og_type":"article","og_title":"Standardprofiler - M&auml;kel&auml; Alu Oy","og_description":"M\u00e4kel\u00e4 Alus standardprofiler Standardprofiler \u00e4r l\u00e4mpliga f\u00f6r olika bygg- och industril\u00f6sningar. De anv\u00e4nds i b\u00e4rande konstruktioner, hyllor och ramar, fasadelement samt olika r\u00e4cken. Aluminiumprofilernas l\u00e4tthet, h\u00e5llbarhet och korrosionsbest\u00e4ndighet g\u00f6r dem idealiska f\u00f6r b\u00e5de inomhus- och utomhusbruk. Vi erbjuder ett brett urval av standardprofiler. Standardl\u00e4ngden f\u00f6r profiler \u00e4r 6 meter, men kunder kan \u00e4ven best\u00e4lla aluminiumprofiler i specialm\u00e5tt. I allm\u00e4nhet \u00e4r alla aluminiumlegeringar som anv\u00e4nds av M\u00e4kel\u00e4 Alu l\u00e4mpliga f\u00f6r dessa profiler, men vi rekommenderar att du bekr\u00e4ftar legeringens l\u00e4mplighet med v\u00e5r f\u00f6rs\u00e4ljningsavdelning. Standardprofiler erbjuder kostnadseffektiva och f\u00e4rdiga l\u00f6sningar f\u00f6r olika behov och finns i flera former och storlekar. Vanligaste aluminiumprofilerna: Plattst\u00e4nger: Rektangul\u00e4ra profiler som anv\u00e4nds i konstruktioner d\u00e4r j\u00e4mna och breda ytor kr\u00e4vs. U-profiler: U-formade profiler l\u00e4mpliga f\u00f6r kantf\u00f6rst\u00e4rkning och b\u00e4rande konstruktioner. Kvadratiska och rektangul\u00e4ra r\u00f6r: Ih\u00e5liga profiler som ger l\u00e5g vikt och h\u00f6g h\u00e5llfasthet, idealiska f\u00f6r ramkonstruktioner. L-profiler: L-formade profiler som anv\u00e4nds f\u00f6r att f\u00f6rst\u00e4rka h\u00f6rn och fogar. T-profiler: T-formade profiler som fungerar som avdelare eller kopplingselement i konstruktioner. Runda r\u00f6r: Cylindriska profiler som ofta anv\u00e4nds i r\u00e4cken och r\u00f6rkonstruktioner. Standardprofiler kan \u00e4ven ytbehandlas genom pulverlackering eller anodisering och bearbetas vidare inom v\u00e5rt vidaref\u00f6r\u00e4dling n\u00e4tverk till en f\u00e4rdig slutprodukt. Anodisering f\u00f6rb\u00e4ttrar h\u00e5llbarheten och g\u00f6r ytan l\u00e4ttare att reng\u00f6ra. Du kan l\u00e4sa mer om v\u00e5ra ytbehandlingar h\u00e4r. Ladda ner Standardprofillistan h\u00e4r. I katalogen hittar du alla tillg\u00e4ngliga profiler och deras dimensioner. Om du inte hittar den information du beh\u00f6ver, v\u00e4nligen kontakta v\u00e5r f\u00f6rs\u00e4ljningsavdelning.","og_url":"https:\/\/makelaalu.fi\/sv\/aluminiumprofiler\/standardprofiler\/","og_site_name":"M&auml;kel&auml; Alu Oy","article_modified_time":"2025-02-18T09:20:45+00:00","twitter_card":"summary_large_image","twitter_misc":{"Ber\u00e4knad l\u00e4stid":"2 minuter"},"schema":{"@context":"https:\/\/schema.org","@graph":[{"@type":"WebPage","@id":"https:\/\/makelaalu.fi\/sv\/aluminiumprofiler\/standardprofiler\/","url":"https:\/\/makelaalu.fi\/sv\/aluminiumprofiler\/standardprofiler\/","name":"Standardprofiler - M&auml;kel&auml; Alu Oy","isPartOf":{"@id":"https:\/\/dev.makelaalu.fi\/#website"},"datePublished":"2025-02-18T09:20:25+00:00","dateModified":"2025-02-18T09:20:45+00:00","breadcrumb":{"@id":"https:\/\/makelaalu.fi\/sv\/aluminiumprofiler\/standardprofiler\/#breadcrumb"},"inLanguage":"sv-SE","potentialAction":[{"@type":"ReadAction","target":["https:\/\/makelaalu.fi\/sv\/aluminiumprofiler\/standardprofiler\/"]}]},{"@type":"BreadcrumbList","@id":"https:\/\/makelaalu.fi\/sv\/aluminiumprofiler\/standardprofiler\/#breadcrumb","itemListElement":[{"@type":"ListItem","position":1,"name":"Frontpage","item":"https:\/\/makelaalu.fi\/sv\/"},{"@type":"ListItem","position":2,"name":"Aluminiumprofiler","item":"https:\/\/makelaalu.fi\/sv\/aluminiumprofiler\/"},{"@type":"ListItem","position":3,"name":"Standardprofiler"}]},{"@type":"WebSite","@id":"https:\/\/dev.makelaalu.fi\/#website","url":"https:\/\/dev.makelaalu.fi\/","name":"M&auml;kel&auml; Alu Oy","description":"Alumiiniprofiilien puristaminen vuosikymmenten kokemuksella.","potentialAction":[{"@type":"SearchAction","target":{"@type":"EntryPoint","urlTemplate":"https:\/\/dev.makelaalu.fi\/?s={search_term_string}"},"query-input":{"@type":"PropertyValueSpecification","valueRequired":true,"valueName":"search_term_string"}}],"inLanguage":"sv-SE"}]}},"_links":{"self":[{"href":"https:\/\/makelaalu.fi\/sv\/wp-json\/wp\/v2\/pages\/10934","targetHints":{"allow":["GET"]}}],"collection":[{"href":"https:\/\/makelaalu.fi\/sv\/wp-json\/wp\/v2\/pages"}],"about":[{"href":"https:\/\/makelaalu.fi\/sv\/wp-json\/wp\/v2\/types\/page"}],"author":[{"embeddable":true,"href":"https:\/\/makelaalu.fi\/sv\/wp-json\/wp\/v2\/users\/2"}],"replies":[{"embeddable":true,"href":"https:\/\/makelaalu.fi\/sv\/wp-json\/wp\/v2\/comments?post=10934"}],"version-history":[{"count":2,"href":"https:\/\/makelaalu.fi\/sv\/wp-json\/wp\/v2\/pages\/10934\/revisions"}],"predecessor-version":[{"id":10937,"href":"https:\/\/makelaalu.fi\/sv\/wp-json\/wp\/v2\/pages\/10934\/revisions\/10937"}],"up":[{"embeddable":true,"href":"https:\/\/makelaalu.fi\/sv\/wp-json\/wp\/v2\/pages\/7152"}],"wp:attachment":[{"href":"https:\/\/makelaalu.fi\/sv\/wp-json\/wp\/v2\/media?parent=10934"}],"curies":[{"name":"wp","href":"https:\/\/api.w.org\/{rel}","templated":true}]}}