{"id":11037,"date":"2025-03-26T10:22:07","date_gmt":"2025-03-26T08:22:07","guid":{"rendered":"https:\/\/makelaalu.fi\/?page_id=11037"},"modified":"2025-03-26T10:26:18","modified_gmt":"2025-03-26T08:26:18","slug":"allmanna-leveransvillkor","status":"publish","type":"page","link":"https:\/\/makelaalu.fi\/sv\/aluminiumprofiler\/allmanna-leveransvillkor\/","title":{"rendered":"Allm\u00e4nna leveransvillkor"},"content":{"rendered":"<p><strong>1. Till\u00e4mpningsomr\u00e5de<\/strong><\/p>\n<p>Dessa leveransvillkor fr\u00e5n M\u00e4kel\u00e4 Alu Oy g\u00e4ller f\u00f6r aluminiumprofiler och produkter som tillverkas enligt best\u00e4llning.<\/p>\n<p><strong>2. Betalningsvillkor<\/strong><\/p>\n<p>Enligt \u00f6verenskommelse.<\/p>\n<p><strong>3. Leveransvillkor<\/strong><\/p>\n<p>FCA Luoma-aho (Incoterms 2010) eller enligt \u00f6verenskommelse.<\/p>\n<p><strong>4. Leveransparti<\/strong><\/p>\n<p>Storleken p\u00e5 leveranspartiet avtalas med kunden. Sm\u00e5 partier medf\u00f6r ett till\u00e4gg f\u00f6r liten leverans. Leveransm\u00e4ngden kan avvika fr\u00e5n den best\u00e4llda m\u00e4ngden med +\/- 10 % och med +\/- 50 kg i partier under 500 kg. Om kunden \u00f6nskar ett exakt antal enheter eller ett visst minimital, tas en till\u00e4ggsavgift ut.<\/p>\n<p><strong>5. F\u00f6rpackning<\/strong><\/p>\n<p>Standardf\u00f6rpackning enligt avtalad ytklass ing\u00e5r i priset. Specialf\u00f6rpackningar ska avtalas separat vid best\u00e4llningstillf\u00e4llet.<\/p>\n<p><strong>6. Ritningar<\/strong><\/p>\n<p>Ritningar f\u00e5r inte anv\u00e4ndas, reproduceras, kopieras, utl\u00e4mnas eller kommuniceras till tredje part. Vi ansvarar inte f\u00f6r eventuella intr\u00e5ng i immateriella r\u00e4ttigheter f\u00f6r profiler eller produkter som tillverkats enligt kundens anvisningar, modeller osv.<\/p>\n<p><strong>7. Toleranser<\/strong><\/p>\n<p>Toleranser f\u00f6r profilernas tv\u00e4rsnittsm\u00e5tt och leveransl\u00e4ngd f\u00f6ljer standard SFS-EN 755-9, om inget annat avtalats.<\/p>\n<p><strong>8. Kvalitetsintyg<\/strong><\/p>\n<p>Vid leveranser \u00e4r det m\u00f6jligt att erh\u00e5lla ett materialcertifikat enligt exempelvis EN 10204. Leverans av materialcertifikat eller andra intyg ska avtalas vid best\u00e4llningen.<\/p>\n<p><strong>9. Anm\u00e4rkningar<\/strong><\/p>\n<p>Leveranskontroll ska g\u00f6ras omedelbart efter att produkterna har lossats. Kontrollera f\u00f6rpackningens skick och eventuell transportskada som kan ha orsakat skador p\u00e5 profilerna. Anm\u00e4rkningar om transportskador ska noteras p\u00e5 fraktsedeln och meddelas oss skriftligen utan dr\u00f6jsm\u00e5l. Felaktiga produkter som inte kan uppt\u00e4ckas f\u00f6re uppackning ska anm\u00e4las skriftligen utan dr\u00f6jsm\u00e5l, dock senast inom sex (6) m\u00e5nader fr\u00e5n leverans. M\u00e4kel\u00e4 Alu Oy har i f\u00f6rsta hand r\u00e4tt att reparera, ers\u00e4tta eller \u00e5terbetala s\u00e5dana defekta produkter.<\/p>\n<p><strong>10. Profilverktyg<\/strong><\/p>\n<p>En profilform som tillverkas med ett profilverktyg tillh\u00f6r kunden, men verktyget \u00e4gs av M\u00e4kel\u00e4 Alu Oy. Verktyget f\u00e5r endast anv\u00e4ndas f\u00f6r kundens best\u00e4llningar, om inte kunden skriftligen meddelar oss att verktyget ska delas.<br \/>\nVid behov kan en viss m\u00e4ngd reservverktyg avtalas gemensamt beroende p\u00e5 leveransvolym, kritikalitet eller risk f\u00f6r verktygsbrott. I s\u00e5dana fall ska kunden informera oss om eventuella f\u00f6r\u00e4ndringar i anv\u00e4ndningsvolymen.<br \/>\nProfilverktyget f\u00f6rvaras i tre (3) \u00e5r fr\u00e5n senaste tillverkning, varefter kunden informeras om att verktyget kommer att kasseras. Om separat avtalats, kan kunden v\u00e4lja att l\u00e5ta M\u00e4kel\u00e4 Alu Oy forts\u00e4tta f\u00f6rvara verktyget mot en \u00e5rlig f\u00f6rvaringsavgift. Efter att ha mottagit meddelandet har kunden en (1) m\u00e5nad p\u00e5 sig att meddela om hen vill anv\u00e4nda lagringstj\u00e4nsten \u2013 annars kasseras verktyget.<br \/>\nKunden har inte r\u00e4tt till ers\u00e4ttning f\u00f6r ett kasserat verktyg, och leverant\u00f6ren \u00e4r inte skyldig att skaffa ett nytt verktyg kostnadsfritt.<\/p>\n<p><strong>11. F\u00f6rvaring<\/strong><\/p>\n<p>F\u00f6rh\u00e5llandena vid f\u00f6rvaring kan p\u00e5verka aluminiumprofilernas skick (korrosion, oxidation, slag, f\u00f6roreningar).<br \/>\nAluminiumprofiler ska f\u00f6rvaras torrt, rent och v\u00e4l ventilerat, skyddade fr\u00e5n fukt och direkt solljus. V\u00e5ta f\u00f6rpackningar ska \u00f6ppnas, inneh\u00e5llet torkas och kvaliteten kontrolleras s\u00e5 snart som m\u00f6jligt. Paketen ska staplas f\u00f6rsiktigt, utan att enskilda profiler belastas f\u00f6r mycket. L\u00e4mplig lyftutrustning och metodik ska anv\u00e4ndas f\u00f6r att undvika skador vid hantering.<\/p>\n<p><strong>12. Anodisering och pulverlackering<\/strong><\/p>\n<p>Profilens \u00e4ndar och mittparti kan ha m\u00e4rken eller deformationer fr\u00e5n upph\u00e4ngning. Vid behov avtalas s\u00e4rskilda krav p\u00e5 ytbehandling med kunden.<\/p>\n<p><strong>13. Force majeure<\/strong><\/p>\n<p>F\u00f6rutom orsakerna som n\u00e4mns i Allm\u00e4nna leveransvillkor NL 01, betraktas det \u00e4ven som force majeure om verktyget och eventuella reservverktyg g\u00e5r s\u00f6nder samtidigt p\u00e5 ett s\u00e4tt som f\u00f6rhindrar eller om\u00f6jligg\u00f6r att avtalsf\u00f6rpliktelserna uppfylls. Vi kan inte ange n\u00e5gon bindande leveranstid f\u00f6r en ny produkt, eftersom ett nytt verktyg alltid kr\u00e4ver ett eller flera provk\u00f6rningar samt eventuella reparationer innan det fungerar korrekt.<\/p>\n<p><strong>14. I \u00f6vrigt till\u00e4mpar vi Allm\u00e4nna leveransvillkor NL 01.<\/strong><\/p>\n","protected":false},"excerpt":{"rendered":"1. Till\u00e4mpningsomr\u00e5de Dessa leveransvillkor fr\u00e5n M\u00e4kel\u00e4 Alu Oy g\u00e4ller f\u00f6r aluminiumprofiler och produkter som tillverkas enligt best\u00e4llning. 2. Betalningsvillkor Enligt \u00f6verenskommelse. 3. Leveransvillkor FCA Luoma-aho (Incoterms 2010) eller enligt \u00f6verenskommelse. 4. Leveransparti Storleken p\u00e5 leveranspartiet avtalas med kunden. Sm\u00e5 partier medf\u00f6r ett till\u00e4gg f\u00f6r liten leverans. Leveransm\u00e4ngden kan avvika fr\u00e5n den best\u00e4llda m\u00e4ngden med +\/- 10 % och med +\/- 50 kg i partier under 500 kg. Om kunden \u00f6nskar ett exakt antal enheter eller ett visst minimital, tas en till\u00e4ggsavgift ut. 5. F\u00f6rpackning Standardf\u00f6rpackning enligt avtalad ytklass ing\u00e5r i priset. Specialf\u00f6rpackningar ska avtalas separat vid best\u00e4llningstillf\u00e4llet. 6. Ritningar Ritningar f\u00e5r inte anv\u00e4ndas, reproduceras, kopieras, utl\u00e4mnas eller kommuniceras till tredje part. Vi ansvarar inte f\u00f6r eventuella intr\u00e5ng i immateriella r\u00e4ttigheter f\u00f6r profiler eller produkter som tillverkats enligt kundens anvisningar, modeller osv. 7. Toleranser Toleranser f\u00f6r profilernas tv\u00e4rsnittsm\u00e5tt och leveransl\u00e4ngd f\u00f6ljer standard SFS-EN 755-9, om inget annat avtalats. 8. Kvalitetsintyg Vid leveranser \u00e4r det m\u00f6jligt att erh\u00e5lla ett materialcertifikat enligt exempelvis EN 10204. Leverans av materialcertifikat eller andra intyg ska avtalas vid best\u00e4llningen. 9. Anm\u00e4rkningar Leveranskontroll ska g\u00f6ras omedelbart efter att produkterna har lossats. Kontrollera f\u00f6rpackningens skick och eventuell transportskada som kan ha orsakat skador p\u00e5 profilerna. Anm\u00e4rkningar om transportskador ska noteras p\u00e5 fraktsedeln och meddelas oss skriftligen utan dr\u00f6jsm\u00e5l. Felaktiga produkter som inte kan uppt\u00e4ckas f\u00f6re uppackning ska anm\u00e4las skriftligen utan dr\u00f6jsm\u00e5l, dock senast inom sex (6) m\u00e5nader fr\u00e5n leverans. M\u00e4kel\u00e4 Alu Oy har i f\u00f6rsta hand r\u00e4tt att reparera, ers\u00e4tta eller \u00e5terbetala s\u00e5dana defekta produkter. 10. Profilverktyg En profilform som tillverkas med ett profilverktyg tillh\u00f6r kunden, men verktyget \u00e4gs av M\u00e4kel\u00e4 Alu Oy. Verktyget f\u00e5r endast anv\u00e4ndas f\u00f6r kundens best\u00e4llningar, om inte kunden skriftligen meddelar oss att verktyget ska delas. Vid behov kan en viss m\u00e4ngd reservverktyg avtalas gemensamt beroende p\u00e5 leveransvolym, kritikalitet eller risk f\u00f6r verktygsbrott. I s\u00e5dana fall ska kunden informera oss om eventuella f\u00f6r\u00e4ndringar i anv\u00e4ndningsvolymen. Profilverktyget f\u00f6rvaras i tre (3) \u00e5r fr\u00e5n senaste tillverkning, varefter kunden informeras om att verktyget kommer att kasseras. Om separat avtalats, kan kunden v\u00e4lja att l\u00e5ta M\u00e4kel\u00e4 Alu Oy forts\u00e4tta f\u00f6rvara verktyget mot en \u00e5rlig f\u00f6rvaringsavgift. Efter att ha mottagit meddelandet har kunden en (1) m\u00e5nad p\u00e5 sig att meddela om hen vill anv\u00e4nda lagringstj\u00e4nsten \u2013 annars kasseras verktyget. Kunden har inte r\u00e4tt till ers\u00e4ttning f\u00f6r ett kasserat verktyg, och leverant\u00f6ren \u00e4r inte skyldig att skaffa ett nytt verktyg kostnadsfritt. 11. F\u00f6rvaring F\u00f6rh\u00e5llandena vid f\u00f6rvaring kan p\u00e5verka aluminiumprofilernas skick (korrosion, oxidation, slag, f\u00f6roreningar). Aluminiumprofiler ska f\u00f6rvaras torrt, rent och v\u00e4l ventilerat, skyddade fr\u00e5n fukt och direkt solljus. V\u00e5ta f\u00f6rpackningar ska \u00f6ppnas, inneh\u00e5llet torkas och kvaliteten kontrolleras s\u00e5 snart som m\u00f6jligt. Paketen ska staplas f\u00f6rsiktigt, utan att enskilda profiler belastas f\u00f6r mycket. L\u00e4mplig lyftutrustning och metodik ska anv\u00e4ndas f\u00f6r att undvika skador vid hantering. 12. Anodisering och pulverlackering Profilens \u00e4ndar och mittparti kan ha m\u00e4rken eller deformationer fr\u00e5n upph\u00e4ngning. Vid behov avtalas s\u00e4rskilda krav p\u00e5 ytbehandling med kunden. 13. Force majeure F\u00f6rutom orsakerna som n\u00e4mns i Allm\u00e4nna leveransvillkor NL 01, betraktas det \u00e4ven som force majeure om verktyget och eventuella reservverktyg g\u00e5r s\u00f6nder samtidigt p\u00e5 ett s\u00e4tt som f\u00f6rhindrar eller om\u00f6jligg\u00f6r att avtalsf\u00f6rpliktelserna uppfylls. Vi kan inte ange n\u00e5gon bindande leveranstid f\u00f6r en ny produkt, eftersom ett nytt verktyg alltid kr\u00e4ver ett eller flera provk\u00f6rningar samt eventuella reparationer innan det fungerar korrekt. 14. I \u00f6vrigt till\u00e4mpar vi Allm\u00e4nna leveransvillkor NL 01.","protected":false},"author":2,"featured_media":0,"parent":7152,"menu_order":7,"comment_status":"closed","ping_status":"closed","template":"","meta":{"_acf_changed":false,"footnotes":""},"class_list":["post-11037","page","type-page","status-publish","hentry"],"acf":[],"yoast_head":"<!-- This site is optimized with the Yoast SEO plugin v27.3 - https:\/\/yoast.com\/product\/yoast-seo-wordpress\/ -->\n<title>Allm\u00e4nna leveransvillkor - M&auml;kel&auml; Alu Oy<\/title>\n<meta name=\"robots\" content=\"index, follow, max-snippet:-1, max-image-preview:large, max-video-preview:-1\" \/>\n<link rel=\"canonical\" href=\"https:\/\/makelaalu.fi\/sv\/aluminiumprofiler\/allmanna-leveransvillkor\/\" \/>\n<meta property=\"og:locale\" content=\"sv_SE\" \/>\n<meta property=\"og:type\" content=\"article\" \/>\n<meta property=\"og:title\" content=\"Allm\u00e4nna leveransvillkor - M&auml;kel&auml; Alu Oy\" \/>\n<meta property=\"og:description\" content=\"1. Till\u00e4mpningsomr\u00e5de Dessa leveransvillkor fr\u00e5n M\u00e4kel\u00e4 Alu Oy g\u00e4ller f\u00f6r aluminiumprofiler och produkter som tillverkas enligt best\u00e4llning. 2. Betalningsvillkor Enligt \u00f6verenskommelse. 3. Leveransvillkor FCA Luoma-aho (Incoterms 2010) eller enligt \u00f6verenskommelse. 4. Leveransparti Storleken p\u00e5 leveranspartiet avtalas med kunden. Sm\u00e5 partier medf\u00f6r ett till\u00e4gg f\u00f6r liten leverans. Leveransm\u00e4ngden kan avvika fr\u00e5n den best\u00e4llda m\u00e4ngden med +\/- 10 % och med +\/- 50 kg i partier under 500 kg. Om kunden \u00f6nskar ett exakt antal enheter eller ett visst minimital, tas en till\u00e4ggsavgift ut. 5. F\u00f6rpackning Standardf\u00f6rpackning enligt avtalad ytklass ing\u00e5r i priset. Specialf\u00f6rpackningar ska avtalas separat vid best\u00e4llningstillf\u00e4llet. 6. Ritningar Ritningar f\u00e5r inte anv\u00e4ndas, reproduceras, kopieras, utl\u00e4mnas eller kommuniceras till tredje part. Vi ansvarar inte f\u00f6r eventuella intr\u00e5ng i immateriella r\u00e4ttigheter f\u00f6r profiler eller produkter som tillverkats enligt kundens anvisningar, modeller osv. 7. Toleranser Toleranser f\u00f6r profilernas tv\u00e4rsnittsm\u00e5tt och leveransl\u00e4ngd f\u00f6ljer standard SFS-EN 755-9, om inget annat avtalats. 8. Kvalitetsintyg Vid leveranser \u00e4r det m\u00f6jligt att erh\u00e5lla ett materialcertifikat enligt exempelvis EN 10204. Leverans av materialcertifikat eller andra intyg ska avtalas vid best\u00e4llningen. 9. Anm\u00e4rkningar Leveranskontroll ska g\u00f6ras omedelbart efter att produkterna har lossats. Kontrollera f\u00f6rpackningens skick och eventuell transportskada som kan ha orsakat skador p\u00e5 profilerna. Anm\u00e4rkningar om transportskador ska noteras p\u00e5 fraktsedeln och meddelas oss skriftligen utan dr\u00f6jsm\u00e5l. Felaktiga produkter som inte kan uppt\u00e4ckas f\u00f6re uppackning ska anm\u00e4las skriftligen utan dr\u00f6jsm\u00e5l, dock senast inom sex (6) m\u00e5nader fr\u00e5n leverans. M\u00e4kel\u00e4 Alu Oy har i f\u00f6rsta hand r\u00e4tt att reparera, ers\u00e4tta eller \u00e5terbetala s\u00e5dana defekta produkter. 10. Profilverktyg En profilform som tillverkas med ett profilverktyg tillh\u00f6r kunden, men verktyget \u00e4gs av M\u00e4kel\u00e4 Alu Oy. Verktyget f\u00e5r endast anv\u00e4ndas f\u00f6r kundens best\u00e4llningar, om inte kunden skriftligen meddelar oss att verktyget ska delas. Vid behov kan en viss m\u00e4ngd reservverktyg avtalas gemensamt beroende p\u00e5 leveransvolym, kritikalitet eller risk f\u00f6r verktygsbrott. I s\u00e5dana fall ska kunden informera oss om eventuella f\u00f6r\u00e4ndringar i anv\u00e4ndningsvolymen. Profilverktyget f\u00f6rvaras i tre (3) \u00e5r fr\u00e5n senaste tillverkning, varefter kunden informeras om att verktyget kommer att kasseras. Om separat avtalats, kan kunden v\u00e4lja att l\u00e5ta M\u00e4kel\u00e4 Alu Oy forts\u00e4tta f\u00f6rvara verktyget mot en \u00e5rlig f\u00f6rvaringsavgift. Efter att ha mottagit meddelandet har kunden en (1) m\u00e5nad p\u00e5 sig att meddela om hen vill anv\u00e4nda lagringstj\u00e4nsten \u2013 annars kasseras verktyget. Kunden har inte r\u00e4tt till ers\u00e4ttning f\u00f6r ett kasserat verktyg, och leverant\u00f6ren \u00e4r inte skyldig att skaffa ett nytt verktyg kostnadsfritt. 11. F\u00f6rvaring F\u00f6rh\u00e5llandena vid f\u00f6rvaring kan p\u00e5verka aluminiumprofilernas skick (korrosion, oxidation, slag, f\u00f6roreningar). Aluminiumprofiler ska f\u00f6rvaras torrt, rent och v\u00e4l ventilerat, skyddade fr\u00e5n fukt och direkt solljus. V\u00e5ta f\u00f6rpackningar ska \u00f6ppnas, inneh\u00e5llet torkas och kvaliteten kontrolleras s\u00e5 snart som m\u00f6jligt. Paketen ska staplas f\u00f6rsiktigt, utan att enskilda profiler belastas f\u00f6r mycket. L\u00e4mplig lyftutrustning och metodik ska anv\u00e4ndas f\u00f6r att undvika skador vid hantering. 12. Anodisering och pulverlackering Profilens \u00e4ndar och mittparti kan ha m\u00e4rken eller deformationer fr\u00e5n upph\u00e4ngning. Vid behov avtalas s\u00e4rskilda krav p\u00e5 ytbehandling med kunden. 13. Force majeure F\u00f6rutom orsakerna som n\u00e4mns i Allm\u00e4nna leveransvillkor NL 01, betraktas det \u00e4ven som force majeure om verktyget och eventuella reservverktyg g\u00e5r s\u00f6nder samtidigt p\u00e5 ett s\u00e4tt som f\u00f6rhindrar eller om\u00f6jligg\u00f6r att avtalsf\u00f6rpliktelserna uppfylls. Vi kan inte ange n\u00e5gon bindande leveranstid f\u00f6r en ny produkt, eftersom ett nytt verktyg alltid kr\u00e4ver ett eller flera provk\u00f6rningar samt eventuella reparationer innan det fungerar korrekt. 14. I \u00f6vrigt till\u00e4mpar vi Allm\u00e4nna leveransvillkor NL 01.\" \/>\n<meta property=\"og:url\" content=\"https:\/\/makelaalu.fi\/sv\/aluminiumprofiler\/allmanna-leveransvillkor\/\" \/>\n<meta property=\"og:site_name\" content=\"M&auml;kel&auml; Alu Oy\" \/>\n<meta property=\"article:modified_time\" content=\"2025-03-26T08:26:18+00:00\" \/>\n<meta name=\"twitter:card\" content=\"summary_large_image\" \/>\n<meta name=\"twitter:label1\" content=\"Ber\u00e4knad l\u00e4stid\" \/>\n\t<meta name=\"twitter:data1\" content=\"4 minuter\" \/>\n<script type=\"application\/ld+json\" class=\"yoast-schema-graph\">{\"@context\":\"https:\\\/\\\/schema.org\",\"@graph\":[{\"@type\":\"WebPage\",\"@id\":\"https:\\\/\\\/makelaalu.fi\\\/sv\\\/aluminiumprofiler\\\/allmanna-leveransvillkor\\\/\",\"url\":\"https:\\\/\\\/makelaalu.fi\\\/sv\\\/aluminiumprofiler\\\/allmanna-leveransvillkor\\\/\",\"name\":\"Allm\u00e4nna leveransvillkor - M&auml;kel&auml; Alu Oy\",\"isPartOf\":{\"@id\":\"https:\\\/\\\/dev.makelaalu.fi\\\/#website\"},\"datePublished\":\"2025-03-26T08:22:07+00:00\",\"dateModified\":\"2025-03-26T08:26:18+00:00\",\"breadcrumb\":{\"@id\":\"https:\\\/\\\/makelaalu.fi\\\/sv\\\/aluminiumprofiler\\\/allmanna-leveransvillkor\\\/#breadcrumb\"},\"inLanguage\":\"sv-SE\",\"potentialAction\":[{\"@type\":\"ReadAction\",\"target\":[\"https:\\\/\\\/makelaalu.fi\\\/sv\\\/aluminiumprofiler\\\/allmanna-leveransvillkor\\\/\"]}]},{\"@type\":\"BreadcrumbList\",\"@id\":\"https:\\\/\\\/makelaalu.fi\\\/sv\\\/aluminiumprofiler\\\/allmanna-leveransvillkor\\\/#breadcrumb\",\"itemListElement\":[{\"@type\":\"ListItem\",\"position\":1,\"name\":\"Frontpage\",\"item\":\"https:\\\/\\\/makelaalu.fi\\\/sv\\\/\"},{\"@type\":\"ListItem\",\"position\":2,\"name\":\"Aluminiumprofiler\",\"item\":\"https:\\\/\\\/makelaalu.fi\\\/sv\\\/aluminiumprofiler\\\/\"},{\"@type\":\"ListItem\",\"position\":3,\"name\":\"Allm\u00e4nna leveransvillkor\"}]},{\"@type\":\"WebSite\",\"@id\":\"https:\\\/\\\/dev.makelaalu.fi\\\/#website\",\"url\":\"https:\\\/\\\/dev.makelaalu.fi\\\/\",\"name\":\"M&auml;kel&auml; Alu Oy\",\"description\":\"Alumiiniprofiilien puristaminen vuosikymmenten kokemuksella.\",\"potentialAction\":[{\"@type\":\"SearchAction\",\"target\":{\"@type\":\"EntryPoint\",\"urlTemplate\":\"https:\\\/\\\/dev.makelaalu.fi\\\/?s={search_term_string}\"},\"query-input\":{\"@type\":\"PropertyValueSpecification\",\"valueRequired\":true,\"valueName\":\"search_term_string\"}}],\"inLanguage\":\"sv-SE\"}]}<\/script>\n<!-- \/ Yoast SEO plugin. -->","yoast_head_json":{"title":"Allm\u00e4nna leveransvillkor - M&auml;kel&auml; Alu Oy","robots":{"index":"index","follow":"follow","max-snippet":"max-snippet:-1","max-image-preview":"max-image-preview:large","max-video-preview":"max-video-preview:-1"},"canonical":"https:\/\/makelaalu.fi\/sv\/aluminiumprofiler\/allmanna-leveransvillkor\/","og_locale":"sv_SE","og_type":"article","og_title":"Allm\u00e4nna leveransvillkor - M&auml;kel&auml; Alu Oy","og_description":"1. Till\u00e4mpningsomr\u00e5de Dessa leveransvillkor fr\u00e5n M\u00e4kel\u00e4 Alu Oy g\u00e4ller f\u00f6r aluminiumprofiler och produkter som tillverkas enligt best\u00e4llning. 2. Betalningsvillkor Enligt \u00f6verenskommelse. 3. Leveransvillkor FCA Luoma-aho (Incoterms 2010) eller enligt \u00f6verenskommelse. 4. Leveransparti Storleken p\u00e5 leveranspartiet avtalas med kunden. Sm\u00e5 partier medf\u00f6r ett till\u00e4gg f\u00f6r liten leverans. Leveransm\u00e4ngden kan avvika fr\u00e5n den best\u00e4llda m\u00e4ngden med +\/- 10 % och med +\/- 50 kg i partier under 500 kg. Om kunden \u00f6nskar ett exakt antal enheter eller ett visst minimital, tas en till\u00e4ggsavgift ut. 5. F\u00f6rpackning Standardf\u00f6rpackning enligt avtalad ytklass ing\u00e5r i priset. Specialf\u00f6rpackningar ska avtalas separat vid best\u00e4llningstillf\u00e4llet. 6. Ritningar Ritningar f\u00e5r inte anv\u00e4ndas, reproduceras, kopieras, utl\u00e4mnas eller kommuniceras till tredje part. Vi ansvarar inte f\u00f6r eventuella intr\u00e5ng i immateriella r\u00e4ttigheter f\u00f6r profiler eller produkter som tillverkats enligt kundens anvisningar, modeller osv. 7. Toleranser Toleranser f\u00f6r profilernas tv\u00e4rsnittsm\u00e5tt och leveransl\u00e4ngd f\u00f6ljer standard SFS-EN 755-9, om inget annat avtalats. 8. Kvalitetsintyg Vid leveranser \u00e4r det m\u00f6jligt att erh\u00e5lla ett materialcertifikat enligt exempelvis EN 10204. Leverans av materialcertifikat eller andra intyg ska avtalas vid best\u00e4llningen. 9. Anm\u00e4rkningar Leveranskontroll ska g\u00f6ras omedelbart efter att produkterna har lossats. Kontrollera f\u00f6rpackningens skick och eventuell transportskada som kan ha orsakat skador p\u00e5 profilerna. Anm\u00e4rkningar om transportskador ska noteras p\u00e5 fraktsedeln och meddelas oss skriftligen utan dr\u00f6jsm\u00e5l. Felaktiga produkter som inte kan uppt\u00e4ckas f\u00f6re uppackning ska anm\u00e4las skriftligen utan dr\u00f6jsm\u00e5l, dock senast inom sex (6) m\u00e5nader fr\u00e5n leverans. M\u00e4kel\u00e4 Alu Oy har i f\u00f6rsta hand r\u00e4tt att reparera, ers\u00e4tta eller \u00e5terbetala s\u00e5dana defekta produkter. 10. Profilverktyg En profilform som tillverkas med ett profilverktyg tillh\u00f6r kunden, men verktyget \u00e4gs av M\u00e4kel\u00e4 Alu Oy. Verktyget f\u00e5r endast anv\u00e4ndas f\u00f6r kundens best\u00e4llningar, om inte kunden skriftligen meddelar oss att verktyget ska delas. Vid behov kan en viss m\u00e4ngd reservverktyg avtalas gemensamt beroende p\u00e5 leveransvolym, kritikalitet eller risk f\u00f6r verktygsbrott. I s\u00e5dana fall ska kunden informera oss om eventuella f\u00f6r\u00e4ndringar i anv\u00e4ndningsvolymen. Profilverktyget f\u00f6rvaras i tre (3) \u00e5r fr\u00e5n senaste tillverkning, varefter kunden informeras om att verktyget kommer att kasseras. Om separat avtalats, kan kunden v\u00e4lja att l\u00e5ta M\u00e4kel\u00e4 Alu Oy forts\u00e4tta f\u00f6rvara verktyget mot en \u00e5rlig f\u00f6rvaringsavgift. Efter att ha mottagit meddelandet har kunden en (1) m\u00e5nad p\u00e5 sig att meddela om hen vill anv\u00e4nda lagringstj\u00e4nsten \u2013 annars kasseras verktyget. Kunden har inte r\u00e4tt till ers\u00e4ttning f\u00f6r ett kasserat verktyg, och leverant\u00f6ren \u00e4r inte skyldig att skaffa ett nytt verktyg kostnadsfritt. 11. F\u00f6rvaring F\u00f6rh\u00e5llandena vid f\u00f6rvaring kan p\u00e5verka aluminiumprofilernas skick (korrosion, oxidation, slag, f\u00f6roreningar). Aluminiumprofiler ska f\u00f6rvaras torrt, rent och v\u00e4l ventilerat, skyddade fr\u00e5n fukt och direkt solljus. V\u00e5ta f\u00f6rpackningar ska \u00f6ppnas, inneh\u00e5llet torkas och kvaliteten kontrolleras s\u00e5 snart som m\u00f6jligt. Paketen ska staplas f\u00f6rsiktigt, utan att enskilda profiler belastas f\u00f6r mycket. L\u00e4mplig lyftutrustning och metodik ska anv\u00e4ndas f\u00f6r att undvika skador vid hantering. 12. Anodisering och pulverlackering Profilens \u00e4ndar och mittparti kan ha m\u00e4rken eller deformationer fr\u00e5n upph\u00e4ngning. Vid behov avtalas s\u00e4rskilda krav p\u00e5 ytbehandling med kunden. 13. Force majeure F\u00f6rutom orsakerna som n\u00e4mns i Allm\u00e4nna leveransvillkor NL 01, betraktas det \u00e4ven som force majeure om verktyget och eventuella reservverktyg g\u00e5r s\u00f6nder samtidigt p\u00e5 ett s\u00e4tt som f\u00f6rhindrar eller om\u00f6jligg\u00f6r att avtalsf\u00f6rpliktelserna uppfylls. Vi kan inte ange n\u00e5gon bindande leveranstid f\u00f6r en ny produkt, eftersom ett nytt verktyg alltid kr\u00e4ver ett eller flera provk\u00f6rningar samt eventuella reparationer innan det fungerar korrekt. 14. I \u00f6vrigt till\u00e4mpar vi Allm\u00e4nna leveransvillkor NL 01.","og_url":"https:\/\/makelaalu.fi\/sv\/aluminiumprofiler\/allmanna-leveransvillkor\/","og_site_name":"M&auml;kel&auml; Alu Oy","article_modified_time":"2025-03-26T08:26:18+00:00","twitter_card":"summary_large_image","twitter_misc":{"Ber\u00e4knad l\u00e4stid":"4 minuter"},"schema":{"@context":"https:\/\/schema.org","@graph":[{"@type":"WebPage","@id":"https:\/\/makelaalu.fi\/sv\/aluminiumprofiler\/allmanna-leveransvillkor\/","url":"https:\/\/makelaalu.fi\/sv\/aluminiumprofiler\/allmanna-leveransvillkor\/","name":"Allm\u00e4nna leveransvillkor - M&auml;kel&auml; Alu Oy","isPartOf":{"@id":"https:\/\/dev.makelaalu.fi\/#website"},"datePublished":"2025-03-26T08:22:07+00:00","dateModified":"2025-03-26T08:26:18+00:00","breadcrumb":{"@id":"https:\/\/makelaalu.fi\/sv\/aluminiumprofiler\/allmanna-leveransvillkor\/#breadcrumb"},"inLanguage":"sv-SE","potentialAction":[{"@type":"ReadAction","target":["https:\/\/makelaalu.fi\/sv\/aluminiumprofiler\/allmanna-leveransvillkor\/"]}]},{"@type":"BreadcrumbList","@id":"https:\/\/makelaalu.fi\/sv\/aluminiumprofiler\/allmanna-leveransvillkor\/#breadcrumb","itemListElement":[{"@type":"ListItem","position":1,"name":"Frontpage","item":"https:\/\/makelaalu.fi\/sv\/"},{"@type":"ListItem","position":2,"name":"Aluminiumprofiler","item":"https:\/\/makelaalu.fi\/sv\/aluminiumprofiler\/"},{"@type":"ListItem","position":3,"name":"Allm\u00e4nna leveransvillkor"}]},{"@type":"WebSite","@id":"https:\/\/dev.makelaalu.fi\/#website","url":"https:\/\/dev.makelaalu.fi\/","name":"M&auml;kel&auml; Alu Oy","description":"Alumiiniprofiilien puristaminen vuosikymmenten kokemuksella.","potentialAction":[{"@type":"SearchAction","target":{"@type":"EntryPoint","urlTemplate":"https:\/\/dev.makelaalu.fi\/?s={search_term_string}"},"query-input":{"@type":"PropertyValueSpecification","valueRequired":true,"valueName":"search_term_string"}}],"inLanguage":"sv-SE"}]}},"_links":{"self":[{"href":"https:\/\/makelaalu.fi\/sv\/wp-json\/wp\/v2\/pages\/11037","targetHints":{"allow":["GET"]}}],"collection":[{"href":"https:\/\/makelaalu.fi\/sv\/wp-json\/wp\/v2\/pages"}],"about":[{"href":"https:\/\/makelaalu.fi\/sv\/wp-json\/wp\/v2\/types\/page"}],"author":[{"embeddable":true,"href":"https:\/\/makelaalu.fi\/sv\/wp-json\/wp\/v2\/users\/2"}],"replies":[{"embeddable":true,"href":"https:\/\/makelaalu.fi\/sv\/wp-json\/wp\/v2\/comments?post=11037"}],"version-history":[{"count":3,"href":"https:\/\/makelaalu.fi\/sv\/wp-json\/wp\/v2\/pages\/11037\/revisions"}],"predecessor-version":[{"id":11040,"href":"https:\/\/makelaalu.fi\/sv\/wp-json\/wp\/v2\/pages\/11037\/revisions\/11040"}],"up":[{"embeddable":true,"href":"https:\/\/makelaalu.fi\/sv\/wp-json\/wp\/v2\/pages\/7152"}],"wp:attachment":[{"href":"https:\/\/makelaalu.fi\/sv\/wp-json\/wp\/v2\/media?parent=11037"}],"curies":[{"name":"wp","href":"https:\/\/api.w.org\/{rel}","templated":true}]}}