{"id":11235,"date":"2025-06-01T11:45:15","date_gmt":"2025-06-01T08:45:15","guid":{"rendered":"https:\/\/makelaalu.fi\/?page_id=11235"},"modified":"2025-06-02T13:44:58","modified_gmt":"2025-06-02T10:44:58","slug":"koldioxidneutralitet","status":"publish","type":"page","link":"https:\/\/makelaalu.fi\/sv\/ansvar\/koldioxidneutralitet\/","title":{"rendered":"Koldioxidneutralitet"},"content":{"rendered":"<h2>M\u00e4kel\u00e4 Alu Oy \u00e4r koldioxidneutralt<\/h2>\n<h4 data-start=\"242\" data-end=\"546\">M\u00e4kel\u00e4 Alu har f\u00f6rbundit sig till l\u00e5ngsiktigt klimatarbete. V\u00e5rt m\u00e5l \u00e4r att tillverka aluminiumprofiler med s\u00e5 l\u00e5ga utsl\u00e4pp som m\u00f6jligt och vi har redan tagit betydande steg i r\u00e4tt riktning. Nu kan vi med stolthet s\u00e4ga att vi har uppn\u00e5tt koldioxidneutralitet i v\u00e5r egen produktion och interna logistik.<\/h4>\n<p data-start=\"548\" data-end=\"1098\">Vi n\u00e5dde m\u00e5let genom att f\u00f6rb\u00e4ttra energieffektiviteten, byta ut fossila br\u00e4nslen mot f\u00f6rnybar energi och optimera v\u00e5ra produktionsprocesser. En del av v\u00e5ra koldioxidutsl\u00e4pp har vi balanserat genom klimat\u00e5tg\u00e4rder som verifierats av en tredje part. \u00c5tg\u00e4rden genomf\u00f6rdes i samarbete med en finl\u00e4ndsk partner genom ett skogsplanteringsprojekt, d\u00e4r cirka 1\u202f000 tall- och 1\u202f000 granplantor per hektar planterades p\u00e5 tidigare \u00e5kermark. L\u00f6sningen har en verklig effekt p\u00e5 milj\u00f6n och gynnar \u00e4ven v\u00e5rt n\u00e4romr\u00e5de, eftersom omr\u00e5det ligger i Levijoki i Alaj\u00e4rvi.<\/p>\n<p><img loading=\"lazy\" decoding=\"async\" class=\"alignnone wp-image-11146\" style=\"color: #333333; font-style: normal; font-weight: 300;\" src=\"https:\/\/makelaalu.fi\/wp-content\/uploads\/2025\/05\/Carboreal_Sertifikaatti25.png\" alt=\"\" width=\"360\" height=\"348\" srcset=\"https:\/\/makelaalu.fi\/wp-content\/uploads\/2025\/05\/Carboreal_Sertifikaatti25.png 500w, https:\/\/makelaalu.fi\/wp-content\/uploads\/2025\/05\/Carboreal_Sertifikaatti25-300x290.png 300w\" sizes=\"auto, (max-width: 360px) 100vw, 360px\" \/><\/p>\n<h3 data-start=\"1100\" data-end=\"1146\">Energieffektivisering minskade v\u00e5ra utsl\u00e4pp<\/h3>\n<p data-start=\"1148\" data-end=\"1599\">Vi har genomf\u00f6rt ett flertal projekt f\u00f6r att f\u00f6rb\u00e4ttra energieffektiviteten och ers\u00e4tta fossila br\u00e4nslen med f\u00f6rnybara alternativ. V\u00e5rt st\u00f6rsta projektpaket har f\u00e5tt investeringsst\u00f6d fr\u00e5n Finlands arbets- och n\u00e4ringsministerium (TEM). Paketet, som finansieras genom RRF, omfattar totalt \u00e5tta olika projekt till ett sammanlagt v\u00e4rde av \u00f6ver 10 miljoner euro. N\u00e4r samtliga projekt har genomf\u00f6rts minskar v\u00e5ra \u00e5rliga koldioxidutsl\u00e4pp med cirka 2\u202f800 ton.<\/p>\n<p data-start=\"1601\" data-end=\"1638\">F\u00f6ljande projekt har redan slutf\u00f6rts:<\/p>\n<p data-start=\"1640\" data-end=\"1695\"><strong>Elektrifiering av g\u00f6tuppv\u00e4rmningen, Luoma-aho (RRF)<\/strong><\/p>\n<ul>\n<li data-start=\"1697\" data-end=\"1850\">G\u00f6tuppv\u00e4rmning med gas ersattes med ett elektriskt system<\/li>\n<li data-start=\"1697\" data-end=\"1850\">Minskar f\u00f6rbrukningen av gas med cirka 300 ton och CO\u2082-utsl\u00e4ppen med cirka 900 ton per \u00e5r<\/li>\n<\/ul>\n<p data-start=\"1852\" data-end=\"1898\"><strong>V\u00e4rme\u00e5tervinning i m\u00e5leriet, Voikkaa (RRF)<\/strong><\/p>\n<ul>\n<li data-start=\"1900\" data-end=\"1995\">Uppv\u00e4rmning av processvatten utan naturgas<\/li>\n<li data-start=\"1900\" data-end=\"1995\">Minskar CO\u2082-utsl\u00e4ppen med cirka 204 ton per \u00e5r<\/li>\n<\/ul>\n<p data-start=\"1997\" data-end=\"2045\"><strong>V\u00e4rme\u00e5tervinning i m\u00e5leriet, Luoma-aho (RRF)<\/strong><\/p>\n<ul>\n<li data-start=\"2047\" data-end=\"2137\">Uppv\u00e4rmning av processvatten utan gas<\/li>\n<li data-start=\"2047\" data-end=\"2137\">Minskar CO\u2082-utsl\u00e4ppen med cirka 290 ton per \u00e5r<\/li>\n<\/ul>\n<p data-start=\"2139\" data-end=\"2192\"><strong>Elenergilagring och ny elstation, Luoma-aho (RRF)<\/strong><\/p>\n<ul>\n<li data-start=\"2194\" data-end=\"2278\">F\u00f6rb\u00e4ttrad elinfrastruktur p\u00e5 fabriksomr\u00e5det m\u00f6jliggjorde elektrifieringsprojekten<\/li>\n<\/ul>\n<p data-start=\"2280\" data-end=\"2343\"><strong>F\u00f6rnyelse av energisystemet i anodiseringsverket, Luoma-aho<\/strong><\/p>\n<ul>\n<li data-start=\"2345\" data-end=\"2526\">V\u00e4rmepumpar och v\u00e4rme\u00e5tervinning<\/li>\n<li data-start=\"2345\" data-end=\"2526\">En unik l\u00f6sning som bel\u00f6nats b\u00e5de nationellt och internationellt<\/li>\n<li data-start=\"2345\" data-end=\"2526\">Minskar CO\u2082-utsl\u00e4ppen med cirka 800 ton per \u00e5r<\/li>\n<li data-start=\"2345\" data-end=\"2526\">Helt koldioxidneutralt<\/li>\n<\/ul>\n<h3><img loading=\"lazy\" decoding=\"async\" class=\"alignnone size-full wp-image-9922\" style=\"color: #333333; font-style: normal; font-weight: 300;\" src=\"https:\/\/makelaalu.fi\/wp-content\/uploads\/2023\/11\/SV_Finansieras_av_Europeiska_unionen_RGB_POS.jpg\" alt=\"\" width=\"498\" height=\"119\" srcset=\"https:\/\/makelaalu.fi\/wp-content\/uploads\/2023\/11\/SV_Finansieras_av_Europeiska_unionen_RGB_POS.jpg 498w, https:\/\/makelaalu.fi\/wp-content\/uploads\/2023\/11\/SV_Finansieras_av_Europeiska_unionen_RGB_POS-300x72.jpg 300w\" sizes=\"auto, (max-width: 498px) 100vw, 498px\" \/><\/h3>\n<h3 data-start=\"2528\" data-end=\"2588\">Skogsplantering binder kol och fr\u00e4mjar biologisk m\u00e5ngfald<\/h3>\n<p data-start=\"2590\" data-end=\"3096\">V\u00e5rt skogsplanteringsprojekt omfattar ett omr\u00e5de p\u00e5 sju hektar d\u00e4r barrtr\u00e4d har planterats. V\u00e5r partner i projektet \u00e4r Carboreal Oy. Marken \u00e4r tidigare \u00e5kermark med torvrik jord som inte l\u00e4ngre anv\u00e4nds f\u00f6r odling. N\u00e4r marken omvandlas till skog minskar utsl\u00e4ppen fr\u00e5n jorden. P\u00e5 omr\u00e5det v\u00e4xer \u00e4ven naturliga l\u00f6vtr\u00e4d, och andra tr\u00e4dslag kommer att sparas vid sk\u00f6tseln f\u00f6r att \u00f6ka den biologiska m\u00e5ngfalden. Marken ing\u00e5r inte i statens officiella koldioxidber\u00e4kningar och kan inte l\u00e4ngre anv\u00e4ndas f\u00f6r odling.<\/p>\n<p data-start=\"3098\" data-end=\"3307\">Skogsplantering binder kol l\u00e5ngsiktigt i marken och st\u00e4rker samtidigt ekosystemets h\u00e4lsa. Ber\u00e4kningen av kolbindningen baseras p\u00e5 omfattande finl\u00e4ndsk forskning som har verifierats av en oberoende tredje part.<\/p>\n<figure id=\"attachment_11153\" aria-describedby=\"caption-attachment-11153\" style=\"width: 567px\" class=\"wp-caption aligncenter\"><img loading=\"lazy\" decoding=\"async\" class=\"wp-image-11153\" src=\"https:\/\/makelaalu.fi\/wp-content\/uploads\/2025\/05\/makela-alu-metsitysprojekti-carboreal-scaled.jpeg\" alt=\"\" width=\"567\" height=\"428\" \/><figcaption id=\"caption-attachment-11153\" class=\"wp-caption-text\">\u00c4ven om plantorna \u00e4nnu \u00e4r sm\u00e5 kommer detta omr\u00e5de att binda betydande m\u00e4ngder koldioxid under de kommande \u00e5rtiondena.<\/figcaption><\/figure>\n<h3 data-start=\"3428\" data-end=\"3464\">Vi siktar p\u00e5 koldioxidnegativitet<\/h3>\n<p data-start=\"3466\" data-end=\"3843\">Vi kommer att forts\u00e4tta arbetet f\u00f6r att minska utsl\u00e4ppen i v\u00e5r produktion. Det finns fortfarande m\u00f6jlighet att genomf\u00f6ra elektrifieringsprojekt inom olika avdelningar. Det \u00e4r viktigt f\u00f6r oss att forts\u00e4tta v\u00e5rt milj\u00f6arbete \u2013 v\u00e5rt n\u00e4sta m\u00e5l \u00e4r att bli koldioxidnegativa. \u00c4ven om vi \u00e4nnu inte k\u00e4nner till varje steg p\u00e5 v\u00e4gen, vet vi redan vilka l\u00f6sningar som kan g\u00f6ra det m\u00f6jligt.<\/p>\n","protected":false},"excerpt":{"rendered":"M\u00e4kel\u00e4 Alu Oy \u00e4r koldioxidneutralt M\u00e4kel\u00e4 Alu har f\u00f6rbundit sig till l\u00e5ngsiktigt klimatarbete. V\u00e5rt m\u00e5l \u00e4r att tillverka aluminiumprofiler med s\u00e5 l\u00e5ga utsl\u00e4pp som m\u00f6jligt och vi har redan tagit betydande steg i r\u00e4tt riktning. Nu kan vi med stolthet s\u00e4ga att vi har uppn\u00e5tt koldioxidneutralitet i v\u00e5r egen produktion och interna logistik. Vi n\u00e5dde m\u00e5let genom att f\u00f6rb\u00e4ttra energieffektiviteten, byta ut fossila br\u00e4nslen mot f\u00f6rnybar energi och optimera v\u00e5ra produktionsprocesser. En del av v\u00e5ra koldioxidutsl\u00e4pp har vi balanserat genom klimat\u00e5tg\u00e4rder som verifierats av en tredje part. \u00c5tg\u00e4rden genomf\u00f6rdes i samarbete med en finl\u00e4ndsk partner genom ett skogsplanteringsprojekt, d\u00e4r cirka 1\u202f000 tall- och 1\u202f000 granplantor per hektar planterades p\u00e5 tidigare \u00e5kermark. L\u00f6sningen har en verklig effekt p\u00e5 milj\u00f6n och gynnar \u00e4ven v\u00e5rt n\u00e4romr\u00e5de, eftersom omr\u00e5det ligger i Levijoki i Alaj\u00e4rvi. Energieffektivisering minskade v\u00e5ra utsl\u00e4pp Vi har genomf\u00f6rt ett flertal projekt f\u00f6r att f\u00f6rb\u00e4ttra energieffektiviteten och ers\u00e4tta fossila br\u00e4nslen med f\u00f6rnybara alternativ. V\u00e5rt st\u00f6rsta projektpaket har f\u00e5tt investeringsst\u00f6d fr\u00e5n Finlands arbets- och n\u00e4ringsministerium (TEM). Paketet, som finansieras genom RRF, omfattar totalt \u00e5tta olika projekt till ett sammanlagt v\u00e4rde av \u00f6ver 10 miljoner euro. N\u00e4r samtliga projekt har genomf\u00f6rts minskar v\u00e5ra \u00e5rliga koldioxidutsl\u00e4pp med cirka 2\u202f800 ton. F\u00f6ljande projekt har redan slutf\u00f6rts: Elektrifiering av g\u00f6tuppv\u00e4rmningen, Luoma-aho (RRF) G\u00f6tuppv\u00e4rmning med gas ersattes med ett elektriskt system Minskar f\u00f6rbrukningen av gas med cirka 300 ton och CO\u2082-utsl\u00e4ppen med cirka 900 ton per \u00e5r V\u00e4rme\u00e5tervinning i m\u00e5leriet, Voikkaa (RRF) Uppv\u00e4rmning av processvatten utan naturgas Minskar CO\u2082-utsl\u00e4ppen med cirka 204 ton per \u00e5r V\u00e4rme\u00e5tervinning i m\u00e5leriet, Luoma-aho (RRF) Uppv\u00e4rmning av processvatten utan gas Minskar CO\u2082-utsl\u00e4ppen med cirka 290 ton per \u00e5r Elenergilagring och ny elstation, Luoma-aho (RRF) F\u00f6rb\u00e4ttrad elinfrastruktur p\u00e5 fabriksomr\u00e5det m\u00f6jliggjorde elektrifieringsprojekten F\u00f6rnyelse av energisystemet i anodiseringsverket, Luoma-aho V\u00e4rmepumpar och v\u00e4rme\u00e5tervinning En unik l\u00f6sning som bel\u00f6nats b\u00e5de nationellt och internationellt Minskar CO\u2082-utsl\u00e4ppen med cirka 800 ton per \u00e5r Helt koldioxidneutralt Skogsplantering binder kol och fr\u00e4mjar biologisk m\u00e5ngfald V\u00e5rt skogsplanteringsprojekt omfattar ett omr\u00e5de p\u00e5 sju hektar d\u00e4r barrtr\u00e4d har planterats. V\u00e5r partner i projektet \u00e4r Carboreal Oy. Marken \u00e4r tidigare \u00e5kermark med torvrik jord som inte l\u00e4ngre anv\u00e4nds f\u00f6r odling. N\u00e4r marken omvandlas till skog minskar utsl\u00e4ppen fr\u00e5n jorden. P\u00e5 omr\u00e5det v\u00e4xer \u00e4ven naturliga l\u00f6vtr\u00e4d, och andra tr\u00e4dslag kommer att sparas vid sk\u00f6tseln f\u00f6r att \u00f6ka den biologiska m\u00e5ngfalden. Marken ing\u00e5r inte i statens officiella koldioxidber\u00e4kningar och kan inte l\u00e4ngre anv\u00e4ndas f\u00f6r odling. Skogsplantering binder kol l\u00e5ngsiktigt i marken och st\u00e4rker samtidigt ekosystemets h\u00e4lsa. Ber\u00e4kningen av kolbindningen baseras p\u00e5 omfattande finl\u00e4ndsk forskning som har verifierats av en oberoende tredje part. Vi siktar p\u00e5 koldioxidnegativitet Vi kommer att forts\u00e4tta arbetet f\u00f6r att minska utsl\u00e4ppen i v\u00e5r produktion. Det finns fortfarande m\u00f6jlighet att genomf\u00f6ra elektrifieringsprojekt inom olika avdelningar. Det \u00e4r viktigt f\u00f6r oss att forts\u00e4tta v\u00e5rt milj\u00f6arbete \u2013 v\u00e5rt n\u00e4sta m\u00e5l \u00e4r att bli koldioxidnegativa. \u00c4ven om vi \u00e4nnu inte k\u00e4nner till varje steg p\u00e5 v\u00e4gen, vet vi redan vilka l\u00f6sningar som kan g\u00f6ra det m\u00f6jligt.","protected":false},"author":2,"featured_media":0,"parent":7236,"menu_order":3,"comment_status":"closed","ping_status":"closed","template":"","meta":{"_acf_changed":false,"footnotes":""},"class_list":["post-11235","page","type-page","status-publish","hentry"],"acf":[],"yoast_head":"<!-- This site is optimized with the Yoast SEO plugin v27.3 - https:\/\/yoast.com\/product\/yoast-seo-wordpress\/ -->\n<title>M\u00e4kel\u00e4 Alu \u00e4r koldioxidneutralt \u2013 p\u00e5 v\u00e4g mot koldioxidnegativitet<\/title>\n<meta name=\"description\" content=\"Vi har uppn\u00e5tt koldioxidneutralitet i v\u00e5r produktion genom energieffektivisering, f\u00f6rnybar energi och ett lokalt skogsplanteringsprojekt.\" \/>\n<meta name=\"robots\" content=\"index, follow, max-snippet:-1, max-image-preview:large, max-video-preview:-1\" \/>\n<link rel=\"canonical\" href=\"https:\/\/makelaalu.fi\/sv\/ansvar\/koldioxidneutralitet\/\" \/>\n<meta property=\"og:locale\" content=\"sv_SE\" \/>\n<meta property=\"og:type\" content=\"article\" \/>\n<meta property=\"og:title\" content=\"M\u00e4kel\u00e4 Alu \u00e4r koldioxidneutralt \u2013 p\u00e5 v\u00e4g mot koldioxidnegativitet\" \/>\n<meta property=\"og:description\" content=\"Vi har uppn\u00e5tt koldioxidneutralitet i v\u00e5r produktion genom energieffektivisering, f\u00f6rnybar energi och ett lokalt skogsplanteringsprojekt.\" \/>\n<meta property=\"og:url\" content=\"https:\/\/makelaalu.fi\/sv\/ansvar\/koldioxidneutralitet\/\" \/>\n<meta property=\"og:site_name\" content=\"M&auml;kel&auml; Alu Oy\" \/>\n<meta property=\"article:modified_time\" content=\"2025-06-02T10:44:58+00:00\" \/>\n<meta property=\"og:image\" content=\"https:\/\/makelaalu.fi\/wp-content\/uploads\/2025\/05\/Carboreal_Sertifikaatti25.png\" \/>\n\t<meta property=\"og:image:width\" content=\"500\" \/>\n\t<meta property=\"og:image:height\" content=\"483\" \/>\n\t<meta property=\"og:image:type\" content=\"image\/png\" \/>\n<meta name=\"twitter:card\" content=\"summary_large_image\" \/>\n<meta name=\"twitter:label1\" content=\"Ber\u00e4knad l\u00e4stid\" \/>\n\t<meta name=\"twitter:data1\" content=\"4 minuter\" \/>\n<script type=\"application\/ld+json\" class=\"yoast-schema-graph\">{\"@context\":\"https:\\\/\\\/schema.org\",\"@graph\":[{\"@type\":\"WebPage\",\"@id\":\"https:\\\/\\\/makelaalu.fi\\\/sv\\\/ansvar\\\/koldioxidneutralitet\\\/\",\"url\":\"https:\\\/\\\/makelaalu.fi\\\/sv\\\/ansvar\\\/koldioxidneutralitet\\\/\",\"name\":\"M\u00e4kel\u00e4 Alu \u00e4r koldioxidneutralt \u2013 p\u00e5 v\u00e4g mot koldioxidnegativitet\",\"isPartOf\":{\"@id\":\"https:\\\/\\\/dev.makelaalu.fi\\\/#website\"},\"primaryImageOfPage\":{\"@id\":\"https:\\\/\\\/makelaalu.fi\\\/sv\\\/ansvar\\\/koldioxidneutralitet\\\/#primaryimage\"},\"image\":{\"@id\":\"https:\\\/\\\/makelaalu.fi\\\/sv\\\/ansvar\\\/koldioxidneutralitet\\\/#primaryimage\"},\"thumbnailUrl\":\"https:\\\/\\\/makelaalu.fi\\\/wp-content\\\/uploads\\\/2025\\\/05\\\/Carboreal_Sertifikaatti25.png\",\"datePublished\":\"2025-06-01T08:45:15+00:00\",\"dateModified\":\"2025-06-02T10:44:58+00:00\",\"description\":\"Vi har uppn\u00e5tt koldioxidneutralitet i v\u00e5r produktion genom energieffektivisering, f\u00f6rnybar energi och ett lokalt skogsplanteringsprojekt.\",\"breadcrumb\":{\"@id\":\"https:\\\/\\\/makelaalu.fi\\\/sv\\\/ansvar\\\/koldioxidneutralitet\\\/#breadcrumb\"},\"inLanguage\":\"sv-SE\",\"potentialAction\":[{\"@type\":\"ReadAction\",\"target\":[\"https:\\\/\\\/makelaalu.fi\\\/sv\\\/ansvar\\\/koldioxidneutralitet\\\/\"]}]},{\"@type\":\"ImageObject\",\"inLanguage\":\"sv-SE\",\"@id\":\"https:\\\/\\\/makelaalu.fi\\\/sv\\\/ansvar\\\/koldioxidneutralitet\\\/#primaryimage\",\"url\":\"https:\\\/\\\/makelaalu.fi\\\/wp-content\\\/uploads\\\/2025\\\/05\\\/Carboreal_Sertifikaatti25.png\",\"contentUrl\":\"https:\\\/\\\/makelaalu.fi\\\/wp-content\\\/uploads\\\/2025\\\/05\\\/Carboreal_Sertifikaatti25.png\"},{\"@type\":\"BreadcrumbList\",\"@id\":\"https:\\\/\\\/makelaalu.fi\\\/sv\\\/ansvar\\\/koldioxidneutralitet\\\/#breadcrumb\",\"itemListElement\":[{\"@type\":\"ListItem\",\"position\":1,\"name\":\"Frontpage\",\"item\":\"https:\\\/\\\/makelaalu.fi\\\/sv\\\/\"},{\"@type\":\"ListItem\",\"position\":2,\"name\":\"Ansvar\",\"item\":\"https:\\\/\\\/makelaalu.fi\\\/sv\\\/ansvar\\\/\"},{\"@type\":\"ListItem\",\"position\":3,\"name\":\"Koldioxidneutralitet\"}]},{\"@type\":\"WebSite\",\"@id\":\"https:\\\/\\\/dev.makelaalu.fi\\\/#website\",\"url\":\"https:\\\/\\\/dev.makelaalu.fi\\\/\",\"name\":\"M&auml;kel&auml; Alu Oy\",\"description\":\"Alumiiniprofiilien puristaminen vuosikymmenten kokemuksella.\",\"potentialAction\":[{\"@type\":\"SearchAction\",\"target\":{\"@type\":\"EntryPoint\",\"urlTemplate\":\"https:\\\/\\\/dev.makelaalu.fi\\\/?s={search_term_string}\"},\"query-input\":{\"@type\":\"PropertyValueSpecification\",\"valueRequired\":true,\"valueName\":\"search_term_string\"}}],\"inLanguage\":\"sv-SE\"}]}<\/script>\n<!-- \/ Yoast SEO plugin. -->","yoast_head_json":{"title":"M\u00e4kel\u00e4 Alu \u00e4r koldioxidneutralt \u2013 p\u00e5 v\u00e4g mot koldioxidnegativitet","description":"Vi har uppn\u00e5tt koldioxidneutralitet i v\u00e5r produktion genom energieffektivisering, f\u00f6rnybar energi och ett lokalt skogsplanteringsprojekt.","robots":{"index":"index","follow":"follow","max-snippet":"max-snippet:-1","max-image-preview":"max-image-preview:large","max-video-preview":"max-video-preview:-1"},"canonical":"https:\/\/makelaalu.fi\/sv\/ansvar\/koldioxidneutralitet\/","og_locale":"sv_SE","og_type":"article","og_title":"M\u00e4kel\u00e4 Alu \u00e4r koldioxidneutralt \u2013 p\u00e5 v\u00e4g mot koldioxidnegativitet","og_description":"Vi har uppn\u00e5tt koldioxidneutralitet i v\u00e5r produktion genom energieffektivisering, f\u00f6rnybar energi och ett lokalt skogsplanteringsprojekt.","og_url":"https:\/\/makelaalu.fi\/sv\/ansvar\/koldioxidneutralitet\/","og_site_name":"M&auml;kel&auml; Alu Oy","article_modified_time":"2025-06-02T10:44:58+00:00","og_image":[{"width":500,"height":483,"url":"https:\/\/makelaalu.fi\/wp-content\/uploads\/2025\/05\/Carboreal_Sertifikaatti25.png","type":"image\/png"}],"twitter_card":"summary_large_image","twitter_misc":{"Ber\u00e4knad l\u00e4stid":"4 minuter"},"schema":{"@context":"https:\/\/schema.org","@graph":[{"@type":"WebPage","@id":"https:\/\/makelaalu.fi\/sv\/ansvar\/koldioxidneutralitet\/","url":"https:\/\/makelaalu.fi\/sv\/ansvar\/koldioxidneutralitet\/","name":"M\u00e4kel\u00e4 Alu \u00e4r koldioxidneutralt \u2013 p\u00e5 v\u00e4g mot koldioxidnegativitet","isPartOf":{"@id":"https:\/\/dev.makelaalu.fi\/#website"},"primaryImageOfPage":{"@id":"https:\/\/makelaalu.fi\/sv\/ansvar\/koldioxidneutralitet\/#primaryimage"},"image":{"@id":"https:\/\/makelaalu.fi\/sv\/ansvar\/koldioxidneutralitet\/#primaryimage"},"thumbnailUrl":"https:\/\/makelaalu.fi\/wp-content\/uploads\/2025\/05\/Carboreal_Sertifikaatti25.png","datePublished":"2025-06-01T08:45:15+00:00","dateModified":"2025-06-02T10:44:58+00:00","description":"Vi har uppn\u00e5tt koldioxidneutralitet i v\u00e5r produktion genom energieffektivisering, f\u00f6rnybar energi och ett lokalt skogsplanteringsprojekt.","breadcrumb":{"@id":"https:\/\/makelaalu.fi\/sv\/ansvar\/koldioxidneutralitet\/#breadcrumb"},"inLanguage":"sv-SE","potentialAction":[{"@type":"ReadAction","target":["https:\/\/makelaalu.fi\/sv\/ansvar\/koldioxidneutralitet\/"]}]},{"@type":"ImageObject","inLanguage":"sv-SE","@id":"https:\/\/makelaalu.fi\/sv\/ansvar\/koldioxidneutralitet\/#primaryimage","url":"https:\/\/makelaalu.fi\/wp-content\/uploads\/2025\/05\/Carboreal_Sertifikaatti25.png","contentUrl":"https:\/\/makelaalu.fi\/wp-content\/uploads\/2025\/05\/Carboreal_Sertifikaatti25.png"},{"@type":"BreadcrumbList","@id":"https:\/\/makelaalu.fi\/sv\/ansvar\/koldioxidneutralitet\/#breadcrumb","itemListElement":[{"@type":"ListItem","position":1,"name":"Frontpage","item":"https:\/\/makelaalu.fi\/sv\/"},{"@type":"ListItem","position":2,"name":"Ansvar","item":"https:\/\/makelaalu.fi\/sv\/ansvar\/"},{"@type":"ListItem","position":3,"name":"Koldioxidneutralitet"}]},{"@type":"WebSite","@id":"https:\/\/dev.makelaalu.fi\/#website","url":"https:\/\/dev.makelaalu.fi\/","name":"M&auml;kel&auml; Alu Oy","description":"Alumiiniprofiilien puristaminen vuosikymmenten kokemuksella.","potentialAction":[{"@type":"SearchAction","target":{"@type":"EntryPoint","urlTemplate":"https:\/\/dev.makelaalu.fi\/?s={search_term_string}"},"query-input":{"@type":"PropertyValueSpecification","valueRequired":true,"valueName":"search_term_string"}}],"inLanguage":"sv-SE"}]}},"_links":{"self":[{"href":"https:\/\/makelaalu.fi\/sv\/wp-json\/wp\/v2\/pages\/11235","targetHints":{"allow":["GET"]}}],"collection":[{"href":"https:\/\/makelaalu.fi\/sv\/wp-json\/wp\/v2\/pages"}],"about":[{"href":"https:\/\/makelaalu.fi\/sv\/wp-json\/wp\/v2\/types\/page"}],"author":[{"embeddable":true,"href":"https:\/\/makelaalu.fi\/sv\/wp-json\/wp\/v2\/users\/2"}],"replies":[{"embeddable":true,"href":"https:\/\/makelaalu.fi\/sv\/wp-json\/wp\/v2\/comments?post=11235"}],"version-history":[{"count":3,"href":"https:\/\/makelaalu.fi\/sv\/wp-json\/wp\/v2\/pages\/11235\/revisions"}],"predecessor-version":[{"id":11250,"href":"https:\/\/makelaalu.fi\/sv\/wp-json\/wp\/v2\/pages\/11235\/revisions\/11250"}],"up":[{"embeddable":true,"href":"https:\/\/makelaalu.fi\/sv\/wp-json\/wp\/v2\/pages\/7236"}],"wp:attachment":[{"href":"https:\/\/makelaalu.fi\/sv\/wp-json\/wp\/v2\/media?parent=11235"}],"curies":[{"name":"wp","href":"https:\/\/api.w.org\/{rel}","templated":true}]}}