{"id":7158,"date":"2022-04-05T09:24:49","date_gmt":"2022-04-05T06:24:49","guid":{"rendered":"https:\/\/dev.makelaalu.fi\/?page_id=7158"},"modified":"2022-05-25T12:40:16","modified_gmt":"2022-05-25T09:40:16","slug":"profil-design","status":"publish","type":"page","link":"https:\/\/makelaalu.fi\/sv\/aluminiumprofiler\/profil-design\/","title":{"rendered":"Profil design"},"content":{"rendered":"<div class=\"wpb-content-wrapper\"><p>[vc_row][vc_column][vc_column_text]<\/p>\n<h2>Gemensamt designad produkt<\/h2>\n<h4>Det b\u00e4sta m\u00f6jliga slutresultatet garanteras av bra design, som startar med att kartl\u00e4gga och skriva ned kundens behov och krav g\u00e4llande produkten. Kunden f\u00e5r anv\u00e4nda sig av v\u00e5r breda yrkeskunskap f\u00f6r att designa mekanik och sammans\u00e4ttning samt f\u00f6r att skapa produktbilder och 3D-modeller. Vi designar alltid aluminiumprofilerna i n\u00e4ra samarbete och dialog med kunden.<\/h4>\n<p>Med hj\u00e4lp av design s\u00e4kerst\u00e4ller vi att det finns tillr\u00e4ckligt med material, att produkten fungerar och att produktionen \u00e4r effektiv. Med modern verktygsteknik kan vi skapa allt mer m\u00e5ngsidiga aluminiumprofiler. Med r\u00e4tt design och innovativa l\u00f6sningar utvecklar vi en slutprodukt som ocks\u00e5 minskar kostnaderna.<\/p>\n<p>Om kunden vill \u00e4r det m\u00f6jligt att vara med i alla skeden av designen. D\u00e5 talar vi alltid samma spr\u00e5k och slutresultatet \u00e4r en h\u00f6gklassig aluminiumprofil som uppfyller kundens krav in i minsta detalj.<\/p>\n<p><img loading=\"lazy\" decoding=\"async\" class=\"alignnone wp-image-774 size-full\" src=\"https:\/\/makelaalu.fi\/wp-content\/uploads\/2017\/06\/suunnittelu-iso.jpg\" alt=\"\" width=\"1200\" height=\"600\" srcset=\"https:\/\/makelaalu.fi\/wp-content\/uploads\/2017\/06\/suunnittelu-iso.jpg 1200w, https:\/\/makelaalu.fi\/wp-content\/uploads\/2017\/06\/suunnittelu-iso-300x150.jpg 300w, https:\/\/makelaalu.fi\/wp-content\/uploads\/2017\/06\/suunnittelu-iso-768x384.jpg 768w, https:\/\/makelaalu.fi\/wp-content\/uploads\/2017\/06\/suunnittelu-iso-1024x512.jpg 1024w, https:\/\/makelaalu.fi\/wp-content\/uploads\/2017\/06\/suunnittelu-iso-600x300.jpg 600w\" sizes=\"auto, (max-width: 1200px) 100vw, 1200px\" \/><\/p>\n<h3>Vad kr\u00e4vs av en profil?<\/h3>\n<p>Vi tillverkar 90 % av v\u00e5ra aluminiumprofiler enligt kundens behov. V\u00e5ra designers och\/eller f\u00f6rs\u00e4ljare g\u00e5r tillsammans med kunden igenom kraven p\u00e5 profilen in i minsta detalj. Vid hurdana temperaturer och f\u00f6rh\u00e5llanden kommer aluminiumprofilen att anv\u00e4ndas? Hur m\u00e5nga profiler ska levereras och med vilken tidtabell? Vilka specialkrav finns det p\u00e5 produkten? Beh\u00f6vs till exempel anodisering eller lackering? Hurdana modeller beh\u00f6ver kunden?<\/p>\n<p>Det \u00e4r viktigt att redan fr\u00e5n b\u00f6rjan ta i beaktande b\u00e5de hur v\u00e4l profilen kan tillverkas och hur produkten ska se ut och fungera. D\u00e4rf\u00f6r \u00e4r ett smidigt samarbete mellan kunden och designern oerh\u00f6rt viktigt.<\/p>\n<p>V\u00e5ra designers har mycket erfarenhet och m\u00e5ngsidigt kunnande om aluminium; de vet exakt hur milj\u00f6f\u00f6rh\u00e5llanden p\u00e5verkar valet av aluminiumprofil och kan rekommendera de ytbehandlingar som eventuellt beh\u00f6vs. Ytbel\u00e4ggning av profilen till exempel med hj\u00e4lp av anodisering ger extra skydd f\u00f6r kr\u00e4vande bruk d\u00e4r f\u00f6rh\u00e5llandena \u00e4r sv\u00e5rare \u00e4n vanligt.<\/p>\n<h3>Checklista<\/h3>\n<p>F\u00f6r att l\u00e4ttare kunna behandla erbjudanden \u00e4r det bra om vi redan i b\u00f6rjan av designprocessen f\u00e5 s\u00e5 mycket information om den \u00f6nskade produkten som m\u00f6jligt \u2013 till exempel:<\/p>\n<ul>\n<li>en profilritning i PDF-, DWG- eller DXF-format, \u00e4ven en handgjord skiss r\u00e4cker<\/li>\n<li>profilens anv\u00e4ndnings\u00e4ndam\u00e5l<\/li>\n<li>m\u00f6jlig ytbehandling och profilens synliga ytor<\/li>\n<li>m\u00e5tt som \u00e4r viktiga f\u00f6r funktionen<\/li>\n<li>legeringsinformationen<\/li>\n<li>leveransl\u00e4ngden<\/li>\n<li>delleveransernas storlek och \u00e5rsf\u00f6rbrukningen<\/li>\n<li>kundens kontaktuppgifter.<\/li>\n<\/ul>\n<h3>Verktyg<\/h3>\n<p>Hj\u00e4lp av sakkunniga N\u00e4r profilens egenskaper fastst\u00e4llts flyttas planerna fr\u00e5n pappret till CAD-design. Hos oss designas profilerna med modern utrustning och de nyaste CAD-programmen, vars skapelser kan f\u00f6rflyttas ocks\u00e5 till kunden i elektronisk form. Vid behov kan produktens utseende simuleras med 3D-modeller, vilket producerar en s\u00e5 realistisk bild av slutprodukten som m\u00f6jligt.<\/p>\n<p>Som st\u00f6d har kunden v\u00e5ra profildesigners gedigna yrkeskunskap och l\u00e5nga erfarenhet. De kan utnyttja aluminiumprofilens utm\u00e4rkta formbarhet, bygga upp olika skarvningss\u00e4tt och v\u00e4lja den r\u00e4tta legeringen och ytbel\u00e4ggningen f\u00f6r alla \u00e4ndam\u00e5l. V\u00e5ra designers \u00e4r mycket kostnadsmedvetna eftersom de \u00e4r vana att samarbeta t\u00e4tt med b\u00e5de v\u00e5r f\u00f6rs\u00e4ljningstj\u00e4nst och kunden.<\/p>\n<h3>Material och modeller<\/h3>\n<p>Efter CAD-designen kan vi leverera antingen en traditionell 2D-bild eller vid behov en 3D-modellbild som. Kunden f\u00e5r alltid tillg\u00e5ng till de designade materialen och modellerna. Om kunden vill \u00e4r det m\u00f6jligt att f\u00e5 en 3D-printad plastmodell som motsvarar profilen och kan testas i kundens slutprodukt. S\u00e5 f\u00f6rs\u00e4krar vi att profilen fungerar innan du best\u00e4ller det egentliga verktyget.<\/p>\n<p>N\u00e4r produktionsverktyget anl\u00e4nder till verktygsservicen g\u00f6r vi de n\u00f6dv\u00e4ndiga f\u00f6rberedelserna f\u00f6r produktion. Om kunden har best\u00e4llt en provk\u00f6rning, kunden kan f\u00e5r modeller fr\u00e5n den lyckade provk\u00f6rningen, om vi har kommits \u00f6verens om det. Modellerna har samma tv\u00e4rsnittsm\u00e5tt som p\u00e5 profilbilden. P\u00e5 grund av provk\u00f6rningens natur kan ytans kvalitet och profilens h\u00e5llfasthet avvika fr\u00e5n det \u00f6verenskomna, och d\u00e4rf\u00f6r l\u00f6nar det sig att undvika ytbehandling av modellerna.<\/p>\n<p>Om du har n\u00e5gra fr\u00e5gor om design eller verktyg kan du fr\u00e5ga v\u00e5ra <a href=\"https:\/\/makelaalu.fi\/sv\/kontakta\/\">s\u00e4ljare<\/a> mer.[\/vc_column_text][\/vc_column][\/vc_row]<\/p>\n<\/div>","protected":false},"excerpt":{"rendered":"[vc_row][vc_column][vc_column_text] Gemensamt designad produkt Det b\u00e4sta m\u00f6jliga slutresultatet garanteras av bra design, som startar med att kartl\u00e4gga och skriva ned kundens behov och krav g\u00e4llande produkten. Kunden f\u00e5r anv\u00e4nda sig av v\u00e5r breda yrkeskunskap f\u00f6r att designa mekanik och sammans\u00e4ttning samt f\u00f6r att skapa produktbilder och 3D-modeller. Vi designar alltid aluminiumprofilerna i n\u00e4ra samarbete och dialog med kunden. Med hj\u00e4lp av design s\u00e4kerst\u00e4ller vi att det finns tillr\u00e4ckligt med material, att produkten fungerar och att produktionen \u00e4r effektiv. Med modern verktygsteknik kan vi skapa allt mer m\u00e5ngsidiga aluminiumprofiler. Med r\u00e4tt design och innovativa l\u00f6sningar utvecklar vi en slutprodukt som ocks\u00e5 minskar kostnaderna. Om kunden vill \u00e4r det m\u00f6jligt att vara med i alla skeden av designen. D\u00e5 talar vi alltid samma spr\u00e5k och slutresultatet \u00e4r en h\u00f6gklassig aluminiumprofil som uppfyller kundens krav in i minsta detalj. Vad kr\u00e4vs av en profil? Vi tillverkar 90 % av v\u00e5ra aluminiumprofiler enligt kundens behov. V\u00e5ra designers och\/eller f\u00f6rs\u00e4ljare g\u00e5r tillsammans med kunden igenom kraven p\u00e5 profilen in i minsta detalj. Vid hurdana temperaturer och f\u00f6rh\u00e5llanden kommer aluminiumprofilen att anv\u00e4ndas? Hur m\u00e5nga profiler ska levereras och med vilken tidtabell? Vilka specialkrav finns det p\u00e5 produkten? Beh\u00f6vs till exempel anodisering eller lackering? Hurdana modeller beh\u00f6ver kunden? Det \u00e4r viktigt att redan fr\u00e5n b\u00f6rjan ta i beaktande b\u00e5de hur v\u00e4l profilen kan tillverkas och hur produkten ska se ut och fungera. D\u00e4rf\u00f6r \u00e4r ett smidigt samarbete mellan kunden och designern oerh\u00f6rt viktigt. V\u00e5ra designers har mycket erfarenhet och m\u00e5ngsidigt kunnande om aluminium; de vet exakt hur milj\u00f6f\u00f6rh\u00e5llanden p\u00e5verkar valet av aluminiumprofil och kan rekommendera de ytbehandlingar som eventuellt beh\u00f6vs. Ytbel\u00e4ggning av profilen till exempel med hj\u00e4lp av anodisering ger extra skydd f\u00f6r kr\u00e4vande bruk d\u00e4r f\u00f6rh\u00e5llandena \u00e4r sv\u00e5rare \u00e4n vanligt. Checklista F\u00f6r att l\u00e4ttare kunna behandla erbjudanden \u00e4r det bra om vi redan i b\u00f6rjan av designprocessen f\u00e5 s\u00e5 mycket information om den \u00f6nskade produkten som m\u00f6jligt \u2013 till exempel: en profilritning i PDF-, DWG- eller DXF-format, \u00e4ven en handgjord skiss r\u00e4cker profilens anv\u00e4ndnings\u00e4ndam\u00e5l m\u00f6jlig ytbehandling och profilens synliga ytor m\u00e5tt som \u00e4r viktiga f\u00f6r funktionen legeringsinformationen leveransl\u00e4ngden delleveransernas storlek och \u00e5rsf\u00f6rbrukningen kundens kontaktuppgifter. Verktyg Hj\u00e4lp av sakkunniga N\u00e4r profilens egenskaper fastst\u00e4llts flyttas planerna fr\u00e5n pappret till CAD-design. Hos oss designas profilerna med modern utrustning och de nyaste CAD-programmen, vars skapelser kan f\u00f6rflyttas ocks\u00e5 till kunden i elektronisk form. Vid behov kan produktens utseende simuleras med 3D-modeller, vilket producerar en s\u00e5 realistisk bild av slutprodukten som m\u00f6jligt. Som st\u00f6d har kunden v\u00e5ra profildesigners gedigna yrkeskunskap och l\u00e5nga erfarenhet. De kan utnyttja aluminiumprofilens utm\u00e4rkta formbarhet, bygga upp olika skarvningss\u00e4tt och v\u00e4lja den r\u00e4tta legeringen och ytbel\u00e4ggningen f\u00f6r alla \u00e4ndam\u00e5l. V\u00e5ra designers \u00e4r mycket kostnadsmedvetna eftersom de \u00e4r vana att samarbeta t\u00e4tt med b\u00e5de v\u00e5r f\u00f6rs\u00e4ljningstj\u00e4nst och kunden. Material och modeller Efter CAD-designen kan vi leverera antingen en traditionell 2D-bild eller vid behov en 3D-modellbild som. Kunden f\u00e5r alltid tillg\u00e5ng till de designade materialen och modellerna. Om kunden vill \u00e4r det m\u00f6jligt att f\u00e5 en 3D-printad plastmodell som motsvarar profilen och kan testas i kundens slutprodukt. S\u00e5 f\u00f6rs\u00e4krar vi att profilen fungerar innan du best\u00e4ller det egentliga verktyget. N\u00e4r produktionsverktyget anl\u00e4nder till verktygsservicen g\u00f6r vi de n\u00f6dv\u00e4ndiga f\u00f6rberedelserna f\u00f6r produktion. Om kunden har best\u00e4llt en provk\u00f6rning, kunden kan f\u00e5r modeller fr\u00e5n den lyckade provk\u00f6rningen, om vi har kommits \u00f6verens om det. Modellerna har samma tv\u00e4rsnittsm\u00e5tt som p\u00e5 profilbilden. P\u00e5 grund av provk\u00f6rningens natur kan ytans kvalitet och profilens h\u00e5llfasthet avvika fr\u00e5n det \u00f6verenskomna, och d\u00e4rf\u00f6r l\u00f6nar det sig att undvika ytbehandling av modellerna. Om du har n\u00e5gra fr\u00e5gor om design eller verktyg kan du fr\u00e5ga v\u00e5ra s\u00e4ljare mer.[\/vc_column_text][\/vc_column][\/vc_row]","protected":false},"author":5,"featured_media":0,"parent":7152,"menu_order":27,"comment_status":"closed","ping_status":"closed","template":"","meta":{"_acf_changed":false,"footnotes":""},"class_list":["post-7158","page","type-page","status-publish","hentry"],"acf":[],"yoast_head":"<!-- This site is optimized with the Yoast SEO plugin v27.3 - https:\/\/yoast.com\/product\/yoast-seo-wordpress\/ -->\n<title>Profil design - M&auml;kel&auml; Alu Oy<\/title>\n<meta name=\"description\" content=\"Vi designar alltid aluminiumprofilerna i n\u00e4ra samarbete och dialog med kunden.\" \/>\n<meta name=\"robots\" content=\"index, follow, max-snippet:-1, max-image-preview:large, max-video-preview:-1\" \/>\n<link rel=\"canonical\" href=\"https:\/\/makelaalu.fi\/sv\/aluminiumprofiler\/profil-design\/\" \/>\n<meta property=\"og:locale\" content=\"sv_SE\" \/>\n<meta property=\"og:type\" content=\"article\" \/>\n<meta property=\"og:title\" content=\"Profil design - M&auml;kel&auml; Alu Oy\" \/>\n<meta property=\"og:description\" content=\"Vi designar alltid aluminiumprofilerna i n\u00e4ra samarbete och dialog med kunden.\" \/>\n<meta property=\"og:url\" content=\"https:\/\/makelaalu.fi\/sv\/aluminiumprofiler\/profil-design\/\" \/>\n<meta property=\"og:site_name\" content=\"M&auml;kel&auml; Alu Oy\" \/>\n<meta property=\"article:modified_time\" content=\"2022-05-25T09:40:16+00:00\" \/>\n<meta property=\"og:image\" content=\"https:\/\/makelaalu.fi\/wp-content\/uploads\/2017\/06\/suunnittelu-iso.jpg\" \/>\n<meta name=\"twitter:card\" content=\"summary_large_image\" \/>\n<meta name=\"twitter:label1\" content=\"Ber\u00e4knad l\u00e4stid\" \/>\n\t<meta name=\"twitter:data1\" content=\"4 minuter\" \/>\n<script type=\"application\/ld+json\" class=\"yoast-schema-graph\">{\"@context\":\"https:\\\/\\\/schema.org\",\"@graph\":[{\"@type\":\"WebPage\",\"@id\":\"https:\\\/\\\/makelaalu.fi\\\/sv\\\/aluminiumprofiler\\\/profil-design\\\/\",\"url\":\"https:\\\/\\\/makelaalu.fi\\\/sv\\\/aluminiumprofiler\\\/profil-design\\\/\",\"name\":\"Profil design - M&auml;kel&auml; Alu Oy\",\"isPartOf\":{\"@id\":\"https:\\\/\\\/dev.makelaalu.fi\\\/#website\"},\"primaryImageOfPage\":{\"@id\":\"https:\\\/\\\/makelaalu.fi\\\/sv\\\/aluminiumprofiler\\\/profil-design\\\/#primaryimage\"},\"image\":{\"@id\":\"https:\\\/\\\/makelaalu.fi\\\/sv\\\/aluminiumprofiler\\\/profil-design\\\/#primaryimage\"},\"thumbnailUrl\":\"https:\\\/\\\/makelaalu.fi\\\/wp-content\\\/uploads\\\/2017\\\/06\\\/suunnittelu-iso.jpg\",\"datePublished\":\"2022-04-05T06:24:49+00:00\",\"dateModified\":\"2022-05-25T09:40:16+00:00\",\"description\":\"Vi designar alltid aluminiumprofilerna i n\u00e4ra samarbete och dialog med kunden.\",\"breadcrumb\":{\"@id\":\"https:\\\/\\\/makelaalu.fi\\\/sv\\\/aluminiumprofiler\\\/profil-design\\\/#breadcrumb\"},\"inLanguage\":\"sv-SE\",\"potentialAction\":[{\"@type\":\"ReadAction\",\"target\":[\"https:\\\/\\\/makelaalu.fi\\\/sv\\\/aluminiumprofiler\\\/profil-design\\\/\"]}]},{\"@type\":\"ImageObject\",\"inLanguage\":\"sv-SE\",\"@id\":\"https:\\\/\\\/makelaalu.fi\\\/sv\\\/aluminiumprofiler\\\/profil-design\\\/#primaryimage\",\"url\":\"https:\\\/\\\/makelaalu.fi\\\/wp-content\\\/uploads\\\/2017\\\/06\\\/suunnittelu-iso.jpg\",\"contentUrl\":\"https:\\\/\\\/makelaalu.fi\\\/wp-content\\\/uploads\\\/2017\\\/06\\\/suunnittelu-iso.jpg\"},{\"@type\":\"BreadcrumbList\",\"@id\":\"https:\\\/\\\/makelaalu.fi\\\/sv\\\/aluminiumprofiler\\\/profil-design\\\/#breadcrumb\",\"itemListElement\":[{\"@type\":\"ListItem\",\"position\":1,\"name\":\"Frontpage\",\"item\":\"https:\\\/\\\/makelaalu.fi\\\/sv\\\/\"},{\"@type\":\"ListItem\",\"position\":2,\"name\":\"Aluminiumprofiler\",\"item\":\"https:\\\/\\\/makelaalu.fi\\\/sv\\\/aluminiumprofiler\\\/\"},{\"@type\":\"ListItem\",\"position\":3,\"name\":\"Profil design\"}]},{\"@type\":\"WebSite\",\"@id\":\"https:\\\/\\\/dev.makelaalu.fi\\\/#website\",\"url\":\"https:\\\/\\\/dev.makelaalu.fi\\\/\",\"name\":\"M&auml;kel&auml; Alu Oy\",\"description\":\"Alumiiniprofiilien puristaminen vuosikymmenten kokemuksella.\",\"potentialAction\":[{\"@type\":\"SearchAction\",\"target\":{\"@type\":\"EntryPoint\",\"urlTemplate\":\"https:\\\/\\\/dev.makelaalu.fi\\\/?s={search_term_string}\"},\"query-input\":{\"@type\":\"PropertyValueSpecification\",\"valueRequired\":true,\"valueName\":\"search_term_string\"}}],\"inLanguage\":\"sv-SE\"}]}<\/script>\n<!-- \/ Yoast SEO plugin. -->","yoast_head_json":{"title":"Profil design - M&auml;kel&auml; Alu Oy","description":"Vi designar alltid aluminiumprofilerna i n\u00e4ra samarbete och dialog med kunden.","robots":{"index":"index","follow":"follow","max-snippet":"max-snippet:-1","max-image-preview":"max-image-preview:large","max-video-preview":"max-video-preview:-1"},"canonical":"https:\/\/makelaalu.fi\/sv\/aluminiumprofiler\/profil-design\/","og_locale":"sv_SE","og_type":"article","og_title":"Profil design - M&auml;kel&auml; Alu Oy","og_description":"Vi designar alltid aluminiumprofilerna i n\u00e4ra samarbete och dialog med kunden.","og_url":"https:\/\/makelaalu.fi\/sv\/aluminiumprofiler\/profil-design\/","og_site_name":"M&auml;kel&auml; Alu Oy","article_modified_time":"2022-05-25T09:40:16+00:00","og_image":[{"url":"https:\/\/makelaalu.fi\/wp-content\/uploads\/2017\/06\/suunnittelu-iso.jpg","type":"","width":"","height":""}],"twitter_card":"summary_large_image","twitter_misc":{"Ber\u00e4knad l\u00e4stid":"4 minuter"},"schema":{"@context":"https:\/\/schema.org","@graph":[{"@type":"WebPage","@id":"https:\/\/makelaalu.fi\/sv\/aluminiumprofiler\/profil-design\/","url":"https:\/\/makelaalu.fi\/sv\/aluminiumprofiler\/profil-design\/","name":"Profil design - M&auml;kel&auml; Alu Oy","isPartOf":{"@id":"https:\/\/dev.makelaalu.fi\/#website"},"primaryImageOfPage":{"@id":"https:\/\/makelaalu.fi\/sv\/aluminiumprofiler\/profil-design\/#primaryimage"},"image":{"@id":"https:\/\/makelaalu.fi\/sv\/aluminiumprofiler\/profil-design\/#primaryimage"},"thumbnailUrl":"https:\/\/makelaalu.fi\/wp-content\/uploads\/2017\/06\/suunnittelu-iso.jpg","datePublished":"2022-04-05T06:24:49+00:00","dateModified":"2022-05-25T09:40:16+00:00","description":"Vi designar alltid aluminiumprofilerna i n\u00e4ra samarbete och dialog med kunden.","breadcrumb":{"@id":"https:\/\/makelaalu.fi\/sv\/aluminiumprofiler\/profil-design\/#breadcrumb"},"inLanguage":"sv-SE","potentialAction":[{"@type":"ReadAction","target":["https:\/\/makelaalu.fi\/sv\/aluminiumprofiler\/profil-design\/"]}]},{"@type":"ImageObject","inLanguage":"sv-SE","@id":"https:\/\/makelaalu.fi\/sv\/aluminiumprofiler\/profil-design\/#primaryimage","url":"https:\/\/makelaalu.fi\/wp-content\/uploads\/2017\/06\/suunnittelu-iso.jpg","contentUrl":"https:\/\/makelaalu.fi\/wp-content\/uploads\/2017\/06\/suunnittelu-iso.jpg"},{"@type":"BreadcrumbList","@id":"https:\/\/makelaalu.fi\/sv\/aluminiumprofiler\/profil-design\/#breadcrumb","itemListElement":[{"@type":"ListItem","position":1,"name":"Frontpage","item":"https:\/\/makelaalu.fi\/sv\/"},{"@type":"ListItem","position":2,"name":"Aluminiumprofiler","item":"https:\/\/makelaalu.fi\/sv\/aluminiumprofiler\/"},{"@type":"ListItem","position":3,"name":"Profil design"}]},{"@type":"WebSite","@id":"https:\/\/dev.makelaalu.fi\/#website","url":"https:\/\/dev.makelaalu.fi\/","name":"M&auml;kel&auml; Alu Oy","description":"Alumiiniprofiilien puristaminen vuosikymmenten kokemuksella.","potentialAction":[{"@type":"SearchAction","target":{"@type":"EntryPoint","urlTemplate":"https:\/\/dev.makelaalu.fi\/?s={search_term_string}"},"query-input":{"@type":"PropertyValueSpecification","valueRequired":true,"valueName":"search_term_string"}}],"inLanguage":"sv-SE"}]}},"_links":{"self":[{"href":"https:\/\/makelaalu.fi\/sv\/wp-json\/wp\/v2\/pages\/7158","targetHints":{"allow":["GET"]}}],"collection":[{"href":"https:\/\/makelaalu.fi\/sv\/wp-json\/wp\/v2\/pages"}],"about":[{"href":"https:\/\/makelaalu.fi\/sv\/wp-json\/wp\/v2\/types\/page"}],"author":[{"embeddable":true,"href":"https:\/\/makelaalu.fi\/sv\/wp-json\/wp\/v2\/users\/5"}],"replies":[{"embeddable":true,"href":"https:\/\/makelaalu.fi\/sv\/wp-json\/wp\/v2\/comments?post=7158"}],"version-history":[{"count":11,"href":"https:\/\/makelaalu.fi\/sv\/wp-json\/wp\/v2\/pages\/7158\/revisions"}],"predecessor-version":[{"id":8528,"href":"https:\/\/makelaalu.fi\/sv\/wp-json\/wp\/v2\/pages\/7158\/revisions\/8528"}],"up":[{"embeddable":true,"href":"https:\/\/makelaalu.fi\/sv\/wp-json\/wp\/v2\/pages\/7152"}],"wp:attachment":[{"href":"https:\/\/makelaalu.fi\/sv\/wp-json\/wp\/v2\/media?parent=7158"}],"curies":[{"name":"wp","href":"https:\/\/api.w.org\/{rel}","templated":true}]}}