{"id":7166,"date":"2022-04-05T09:38:48","date_gmt":"2022-04-05T06:38:48","guid":{"rendered":"https:\/\/dev.makelaalu.fi\/?page_id=7166"},"modified":"2022-05-18T13:37:22","modified_gmt":"2022-05-18T10:37:22","slug":"ytbehandlingar","status":"publish","type":"page","link":"https:\/\/makelaalu.fi\/sv\/ytbehandlingar\/","title":{"rendered":"Ytbehandlingar"},"content":{"rendered":"<div class=\"wpb-content-wrapper\"><p>[vc_row lg_spacing=&#8221;padding_top:60;padding_bottom:20&#8243;][vc_column][vc_row_inner][vc_column_inner][vc_column_text]<\/p>\n<h2>V\u00e5r ytbehandlingstj\u00e4nst AluCoating\u00ae ger valm\u00f6jligheter<\/h2>\n<h4>Den slutf\u00f6rda produkten ytbel\u00e4ggs enligt anv\u00e4ndnings\u00e4ndam\u00e5lets krav.\u00a0 F\u00f6r st\u00e4ndigt \u00f6kande bel\u00e4ggningsbehov har vi utvecklat ett omfattande servicekoncept, AluCoating, som inneh\u00e5ller de vanligaste bel\u00e4ggningsalternativen, s\u00e5som pulverlackering\u00ae eller anodisering av aluminiumprofilen.<\/h4>\n<p>[\/vc_column_text][vc_zigzag][\/vc_column_inner][\/vc_row_inner][\/vc_column][\/vc_row][vc_row lg_spacing=&#8221;padding_bottom:30&#8243;][vc_column][vc_row_inner][vc_column_inner][vc_column_text]V\u00e5ra kunder kan v\u00e4lja aluminiumprofilens ytbehandlingsf\u00e4rg ur ett brett f\u00e4rgsortiment eller naturf\u00e4rgad anodisering. Profilerna kan ocks\u00e5 lackeras med specialf\u00e4rger eller tv\u00e5f\u00e4rgslackering. V\u00e5ra GSB-certifierade lackeringslinjer garanterar h\u00f6gklassig m\u00e5lning. Vi \u00f6vervakar att lackeringen har j\u00e4mn kvalitet och str\u00e4var efter att st\u00e4ndigt f\u00f6rb\u00e4ttra kvaliteten. Eventuella bikomponenter sk\u00f6ts problemfritt samtidigt med profilerna.[\/vc_column_text][\/vc_column_inner][\/vc_row_inner][\/vc_column][\/vc_row][vc_row lg_spacing=&#8221;padding_bottom:30&#8243;][vc_column][vc_row_inner][vc_column_inner width=&#8221;1\/2&#8243;][vc_column_text]<\/p>\n<h3>Pulverlackering<\/h3>\n<p><img loading=\"lazy\" decoding=\"async\" class=\"alignright wp-image-7060\" src=\"https:\/\/makelaalu.fi\/wp-content\/uploads\/2022\/04\/GSB_International-150x150-1.png\" alt=\"\" width=\"80\" height=\"80\" \/>Aluminiumprofiler kan \u00e4ven m\u00e5las i speciella f\u00e4rger eller med en tv\u00e5f\u00e4rgsm\u00e5lning. Aluminiumprofilerna kan ocks\u00e5 lackeras med specialf\u00e4rger eller tv\u00e5f\u00e4rgslackering. V\u00e5ra egna GSB-certifierade lackeringslinjer garanterar h\u00f6gklassigt resultat. Pulverlackering av aluminiumprofiler \u00e4r en mycket vanlig ytbehandling, som du kan l\u00e4sa mer om h\u00e4r. Vi \u00f6vervakar m\u00e5lningarnas homogenitet och str\u00e4var efter att st\u00e4ndigt f\u00f6rb\u00e4ttra kvaliteten. M\u00e5lning av eventuell kringutrustning kan g\u00f6ras utan problem samtidigt som profilerna.<\/p>\n<p>Certifieringen av v\u00e5ra m\u00e5lerier \u00e4r ett bevis p\u00e5 v\u00e5r kontinuerliga kvalitetskontroll och utveckling.<\/p>\n<p>Observera att du kan kombinera <a href=\"https:\/\/makelaalu.fi\/sv\/tjanster\/alucoating\/\">AluCoating\u00ae<\/a> med <a href=\"https:\/\/makelaalu.fi\/sv\/tjanster\/alustorage\/\">AluStorage\u00ae<\/a> extra service, s\u00e5 att ytbehandlade profiler levereras flexibelt och snabbt n\u00e4r du beh\u00f6ver dem.[\/vc_column_text][\/vc_column_inner][vc_column_inner width=&#8221;1\/2&#8243;][vc_single_image image=&#8221;6603&#8243; img_size=&#8221;1200&#215;600&#8243;][\/vc_column_inner][\/vc_row_inner][\/vc_column][\/vc_row][vc_row full_width=&#8221;stretch_row&#8221; overlay_background=&#8221;overlay_custom_background&#8221; overlay_custom_background=&#8221;#ffffff&#8221; overlay_opacity=&#8221;90&#8243; lg_spacing=&#8221;padding_top:20;padding_bottom:20&#8243; el_id=&#8221;palvelumme&#8221;][vc_column][vc_row_inner lg_spacing=&#8221;padding_bottom:40&#8243;][vc_column_inner][vc_zigzag][\/vc_column_inner][\/vc_row_inner][vc_row_inner][vc_column_inner width=&#8221;1\/5&#8243;][vc_single_image image=&#8221;6586&#8243; img_size=&#8221;600&#215;350&#8243; alignment=&#8221;center&#8221; style=&#8221;vc_box_shadow&#8221; onclick=&#8221;custom_link&#8221; link=&#8221;\/sv\/tjanster\/&#8221;][vc_column_text]<\/p>\n<h4 style=\"text-align: center;\"><a href=\"\/sv\/tjanster\/\">Tj\u00e4nster<\/a><\/h4>\n<p>[\/vc_column_text][\/vc_column_inner][vc_column_inner width=&#8221;1\/5&#8243;][vc_single_image image=&#8221;6479&#8243; img_size=&#8221;600&#215;350&#8243; alignment=&#8221;center&#8221; style=&#8221;vc_box_shadow&#8221; onclick=&#8221;custom_link&#8221; link=&#8221;\/sv\/referenser\/&#8221;][vc_column_text]<\/p>\n<h4 style=\"text-align: center;\"><a href=\"\/sv\/referenser\/\">Referenser<\/a><\/h4>\n<p>[\/vc_column_text][\/vc_column_inner][vc_column_inner width=&#8221;1\/5&#8243;][vc_single_image image=&#8221;6539&#8243; img_size=&#8221;600&#215;350&#8243; alignment=&#8221;center&#8221; style=&#8221;vc_box_shadow&#8221; onclick=&#8221;custom_link&#8221; link=&#8221;\/sv\/nyheter\/&#8221;][vc_column_text]<\/p>\n<h4 style=\"text-align: center;\"><a href=\"\/sv\/nyheter\/\">Nyheter<\/a><\/h4>\n<p>[\/vc_column_text][\/vc_column_inner][vc_column_inner width=&#8221;1\/5&#8243;][vc_single_image image=&#8221;6548&#8243; img_size=&#8221;600&#215;350&#8243; alignment=&#8221;center&#8221; style=&#8221;vc_box_shadow&#8221; onclick=&#8221;custom_link&#8221; link=&#8221;\/sv\/kontakta\/&#8221;][vc_column_text]<\/p>\n<h4 style=\"text-align: center;\"><a href=\"\/sv\/kontakta\/\">Kontakta<\/a><\/h4>\n<p>[\/vc_column_text][\/vc_column_inner][vc_column_inner width=&#8221;1\/5&#8243;][vc_single_image image=&#8221;6533&#8243; img_size=&#8221;600&#215;350&#8243; alignment=&#8221;center&#8221; style=&#8221;vc_box_shadow&#8221; onclick=&#8221;custom_link&#8221; link=&#8221;\/sv\/foretaget\/&#8221;][vc_column_text]<\/p>\n<h4 style=\"text-align: center;\"><a href=\"\/sv\/foretaget\/\">F\u00f6retaget<\/a><\/h4>\n<p>[\/vc_column_text][\/vc_column_inner][\/vc_row_inner][\/vc_column][\/vc_row][vc_row full_width=&#8221;stretch_row&#8221; background_color=&#8221;custom_color&#8221; background_attachment=&#8221;fixed&#8221; overlay_background=&#8221;overlay_custom_background&#8221; overlay_opacity=&#8221;80&#8243; lg_spacing=&#8221;margin_bottom:-40;padding_top:70;padding_bottom:50&#8243; el_class=&#8221;faq&#8221; custom_background_color=&#8221;#ffffff&#8221; el_id=&#8221;faq&#8221; background_image=&#8221;6357&#8243; background_position=&#8221;center center&#8221;][vc_column][vc_row_inner lg_spacing=&#8221;padding_bottom:20&#8243;][vc_column_inner][vc_text_separator title=&#8221;Fr\u00e5gor och svar&#8221;][\/vc_column_inner][\/vc_row_inner][vc_column_text]<\/p>\n<h3 style=\"text-align: center;\">Fr\u00e5gor och svar om ytbehandling av aluminiumprofiler<\/h3>\n<p>[\/vc_column_text][vc_column_text]<\/p>\n<article class=\"caption\">\n<p style=\"text-align: center;\">\u00c4r n\u00e5gon upptagen? Vi har sammanst\u00e4llt n\u00e5gra av de fr\u00e5gor som vi oftast f\u00e5r fr\u00e5gan om i samband med dosering eller pulverlackering av aluminiumprofiler. Om du inte hittar svaret p\u00e5 din fr\u00e5ga kan du kontakta v\u00e5r f\u00f6rs\u00e4ljning direkt s\u00e5 l\u00f6ses \u00e4rendet tillsammans.<\/p>\n<\/article>\n<p>[\/vc_column_text][vc_tta_accordion style=&#8221;flat&#8221; shape=&#8221;square&#8221; color=&#8221;black&#8221; active_section=&#8221;999&#8243; no_fill=&#8221;true&#8221; collapsible_all=&#8221;true&#8221;][vc_tta_section title=&#8221;Se fr\u00e5gor och svar h\u00e4r&#8221; tab_id=&#8221;faq-questions1647865206086&#8243;][vc_column_text]<\/p>\n<div class=\"row question-answer\">\n<ol>\n<li class=\"large-12 medium-12 small-12 columns question-column\"><strong>Kan anodiseringslagret lossna?<\/strong><br \/>\nNej, eftersom det \u00e4r aluminiumets egen yta som behandlas under anodiseringen.<\/li>\n<li class=\"large-12 medium-12 small-12 columns question-column\"><strong>T\u00e5l anodiseringsf\u00e4rgen UV-ljus?<\/strong><br \/>\nNaturf\u00e4rg, svart och de olika f\u00e4rgnyanserna av brunt samt guld t\u00e5l UV-ljus utm\u00e4rkt. Anodiseringsf\u00e4rg som f\u00e4rgats med s.k. organiska \u00e4mnen t\u00e5l inte UV-ljus.<\/li>\n<li class=\"large-12 medium-12 small-12 columns question-column\"><strong>Kan lackeringen p\u00e5 en pulverlackerad profil repareras i efterskott?<\/strong><br \/>\nAnvisningarna f\u00f6r reparationslackering av pulverlackerade ytor varierar mellan pulverleverant\u00f6rer, du f\u00e5r mer information av v\u00e5ra f\u00f6rs\u00e4ljare.<\/li>\n<li class=\"large-12 medium-12 small-12 columns question-column\"><strong>Hur f\u00f6rbehandlas en lackerad profil?<\/strong><br \/>\nAlla v\u00e5ra lackeringslinjer anv\u00e4nder en kromfri f\u00f6rbehandling som testats omfattande och fungerar som en utm\u00e4rkt f\u00e4styta f\u00f6r pulverlackering.<\/li>\n<\/ol>\n<\/div>\n<p>[\/vc_column_text][\/vc_tta_section][\/vc_tta_accordion][\/vc_column][\/vc_row]<\/p>\n<\/div>","protected":false},"excerpt":{"rendered":"[vc_row lg_spacing=&#8221;padding_top:60;padding_bottom:20&#8243;][vc_column][vc_row_inner][vc_column_inner][vc_column_text] V\u00e5r ytbehandlingstj\u00e4nst AluCoating\u00ae ger valm\u00f6jligheter Den slutf\u00f6rda produkten ytbel\u00e4ggs enligt anv\u00e4ndnings\u00e4ndam\u00e5lets krav.\u00a0 F\u00f6r st\u00e4ndigt \u00f6kande bel\u00e4ggningsbehov har vi utvecklat ett omfattande servicekoncept, AluCoating, som inneh\u00e5ller de vanligaste bel\u00e4ggningsalternativen, s\u00e5som pulverlackering\u00ae eller anodisering av aluminiumprofilen. [\/vc_column_text][vc_zigzag][\/vc_column_inner][\/vc_row_inner][\/vc_column][\/vc_row][vc_row lg_spacing=&#8221;padding_bottom:30&#8243;][vc_column][vc_row_inner][vc_column_inner][vc_column_text]V\u00e5ra kunder kan v\u00e4lja aluminiumprofilens ytbehandlingsf\u00e4rg ur ett brett f\u00e4rgsortiment eller naturf\u00e4rgad anodisering. Profilerna kan ocks\u00e5 lackeras med specialf\u00e4rger eller tv\u00e5f\u00e4rgslackering. V\u00e5ra GSB-certifierade lackeringslinjer garanterar h\u00f6gklassig m\u00e5lning. Vi \u00f6vervakar att lackeringen har j\u00e4mn kvalitet och str\u00e4var efter att st\u00e4ndigt f\u00f6rb\u00e4ttra kvaliteten. Eventuella bikomponenter sk\u00f6ts problemfritt samtidigt med profilerna.[\/vc_column_text][\/vc_column_inner][\/vc_row_inner][\/vc_column][\/vc_row][vc_row lg_spacing=&#8221;padding_bottom:30&#8243;][vc_column][vc_row_inner][vc_column_inner width=&#8221;1\/2&#8243;][vc_column_text] Pulverlackering Aluminiumprofiler kan \u00e4ven m\u00e5las i speciella f\u00e4rger eller med en tv\u00e5f\u00e4rgsm\u00e5lning. Aluminiumprofilerna kan ocks\u00e5 lackeras med specialf\u00e4rger eller tv\u00e5f\u00e4rgslackering. V\u00e5ra egna GSB-certifierade lackeringslinjer garanterar h\u00f6gklassigt resultat. Pulverlackering av aluminiumprofiler \u00e4r en mycket vanlig ytbehandling, som du kan l\u00e4sa mer om h\u00e4r. Vi \u00f6vervakar m\u00e5lningarnas homogenitet och str\u00e4var efter att st\u00e4ndigt f\u00f6rb\u00e4ttra kvaliteten. M\u00e5lning av eventuell kringutrustning kan g\u00f6ras utan problem samtidigt som profilerna. Certifieringen av v\u00e5ra m\u00e5lerier \u00e4r ett bevis p\u00e5 v\u00e5r kontinuerliga kvalitetskontroll och utveckling. Observera att du kan kombinera AluCoating\u00ae med AluStorage\u00ae extra service, s\u00e5 att ytbehandlade profiler levereras flexibelt och snabbt n\u00e4r du beh\u00f6ver dem.[\/vc_column_text][\/vc_column_inner][vc_column_inner width=&#8221;1\/2&#8243;][vc_single_image image=&#8221;6603&#8243; img_size=&#8221;1200&#215;600&#8243;][\/vc_column_inner][\/vc_row_inner][\/vc_column][\/vc_row][vc_row full_width=&#8221;stretch_row&#8221; overlay_background=&#8221;overlay_custom_background&#8221; overlay_custom_background=&#8221;#ffffff&#8221; overlay_opacity=&#8221;90&#8243; lg_spacing=&#8221;padding_top:20;padding_bottom:20&#8243; el_id=&#8221;palvelumme&#8221;][vc_column][vc_row_inner lg_spacing=&#8221;padding_bottom:40&#8243;][vc_column_inner][vc_zigzag][\/vc_column_inner][\/vc_row_inner][vc_row_inner][vc_column_inner width=&#8221;1\/5&#8243;][vc_single_image image=&#8221;6586&#8243; img_size=&#8221;600&#215;350&#8243; alignment=&#8221;center&#8221; style=&#8221;vc_box_shadow&#8221; onclick=&#8221;custom_link&#8221; link=&#8221;\/sv\/tjanster\/&#8221;][vc_column_text] Tj\u00e4nster [\/vc_column_text][\/vc_column_inner][vc_column_inner width=&#8221;1\/5&#8243;][vc_single_image image=&#8221;6479&#8243; img_size=&#8221;600&#215;350&#8243; alignment=&#8221;center&#8221; style=&#8221;vc_box_shadow&#8221; onclick=&#8221;custom_link&#8221; link=&#8221;\/sv\/referenser\/&#8221;][vc_column_text] Referenser [\/vc_column_text][\/vc_column_inner][vc_column_inner width=&#8221;1\/5&#8243;][vc_single_image image=&#8221;6539&#8243; img_size=&#8221;600&#215;350&#8243; alignment=&#8221;center&#8221; style=&#8221;vc_box_shadow&#8221; onclick=&#8221;custom_link&#8221; link=&#8221;\/sv\/nyheter\/&#8221;][vc_column_text] Nyheter [\/vc_column_text][\/vc_column_inner][vc_column_inner width=&#8221;1\/5&#8243;][vc_single_image image=&#8221;6548&#8243; img_size=&#8221;600&#215;350&#8243; alignment=&#8221;center&#8221; style=&#8221;vc_box_shadow&#8221; onclick=&#8221;custom_link&#8221; link=&#8221;\/sv\/kontakta\/&#8221;][vc_column_text] Kontakta [\/vc_column_text][\/vc_column_inner][vc_column_inner width=&#8221;1\/5&#8243;][vc_single_image image=&#8221;6533&#8243; img_size=&#8221;600&#215;350&#8243; alignment=&#8221;center&#8221; style=&#8221;vc_box_shadow&#8221; onclick=&#8221;custom_link&#8221; link=&#8221;\/sv\/foretaget\/&#8221;][vc_column_text] F\u00f6retaget [\/vc_column_text][\/vc_column_inner][\/vc_row_inner][\/vc_column][\/vc_row][vc_row full_width=&#8221;stretch_row&#8221; background_color=&#8221;custom_color&#8221; background_attachment=&#8221;fixed&#8221; overlay_background=&#8221;overlay_custom_background&#8221; overlay_opacity=&#8221;80&#8243; lg_spacing=&#8221;margin_bottom:-40;padding_top:70;padding_bottom:50&#8243; el_class=&#8221;faq&#8221; custom_background_color=&#8221;#ffffff&#8221; el_id=&#8221;faq&#8221; background_image=&#8221;6357&#8243; background_position=&#8221;center center&#8221;][vc_column][vc_row_inner lg_spacing=&#8221;padding_bottom:20&#8243;][vc_column_inner][vc_text_separator title=&#8221;Fr\u00e5gor och svar&#8221;][\/vc_column_inner][\/vc_row_inner][vc_column_text] Fr\u00e5gor och svar om ytbehandling av aluminiumprofiler [\/vc_column_text][vc_column_text] \u00c4r n\u00e5gon upptagen? Vi har sammanst\u00e4llt n\u00e5gra av de fr\u00e5gor som vi oftast f\u00e5r fr\u00e5gan om i samband med dosering eller pulverlackering av aluminiumprofiler. Om du inte hittar svaret p\u00e5 din fr\u00e5ga kan du kontakta v\u00e5r f\u00f6rs\u00e4ljning direkt s\u00e5 l\u00f6ses \u00e4rendet tillsammans. [\/vc_column_text][vc_tta_accordion style=&#8221;flat&#8221; shape=&#8221;square&#8221; color=&#8221;black&#8221; active_section=&#8221;999&#8243; no_fill=&#8221;true&#8221; collapsible_all=&#8221;true&#8221;][vc_tta_section title=&#8221;Se fr\u00e5gor och svar h\u00e4r&#8221; tab_id=&#8221;faq-questions1647865206086&#8243;][vc_column_text] Kan anodiseringslagret lossna? Nej, eftersom det \u00e4r aluminiumets egen yta som behandlas under anodiseringen. T\u00e5l anodiseringsf\u00e4rgen UV-ljus? Naturf\u00e4rg, svart och de olika f\u00e4rgnyanserna av brunt samt guld t\u00e5l UV-ljus utm\u00e4rkt. Anodiseringsf\u00e4rg som f\u00e4rgats med s.k. organiska \u00e4mnen t\u00e5l inte UV-ljus. Kan lackeringen p\u00e5 en pulverlackerad profil repareras i efterskott? Anvisningarna f\u00f6r reparationslackering av pulverlackerade ytor varierar mellan pulverleverant\u00f6rer, du f\u00e5r mer information av v\u00e5ra f\u00f6rs\u00e4ljare. Hur f\u00f6rbehandlas en lackerad profil? Alla v\u00e5ra lackeringslinjer anv\u00e4nder en kromfri f\u00f6rbehandling som testats omfattande och fungerar som en utm\u00e4rkt f\u00e4styta f\u00f6r pulverlackering. [\/vc_column_text][\/vc_tta_section][\/vc_tta_accordion][\/vc_column][\/vc_row]","protected":false},"author":5,"featured_media":6187,"parent":0,"menu_order":32,"comment_status":"closed","ping_status":"closed","template":"","meta":{"_acf_changed":false,"footnotes":""},"class_list":["post-7166","page","type-page","status-publish","has-post-thumbnail","hentry"],"acf":[],"yoast_head":"<!-- This site is optimized with the Yoast SEO plugin v27.3 - https:\/\/yoast.com\/product\/yoast-seo-wordpress\/ -->\n<title>Ytbehandlingar - Ytbehandling av aluminiumprofiler<\/title>\n<meta name=\"description\" content=\"V\u00e5r ytbehandlingstj\u00e4nst AluCoating\u00ae av aluminiumprofiler ger valm\u00f6jligheter.\" \/>\n<meta name=\"robots\" content=\"index, follow, max-snippet:-1, max-image-preview:large, max-video-preview:-1\" \/>\n<link rel=\"canonical\" href=\"https:\/\/dev.makelaalu.fi\/sv\/ytbehandlingar\/\" \/>\n<meta property=\"og:locale\" content=\"sv_SE\" \/>\n<meta property=\"og:type\" content=\"article\" \/>\n<meta property=\"og:title\" content=\"Ytbehandlingar - Ytbehandling av aluminiumprofiler\" \/>\n<meta property=\"og:description\" content=\"V\u00e5r ytbehandlingstj\u00e4nst AluCoating\u00ae av aluminiumprofiler ger valm\u00f6jligheter.\" \/>\n<meta property=\"og:url\" content=\"https:\/\/dev.makelaalu.fi\/sv\/ytbehandlingar\/\" \/>\n<meta property=\"og:site_name\" content=\"M&auml;kel&auml; Alu Oy\" \/>\n<meta property=\"article:modified_time\" content=\"2022-05-18T10:37:22+00:00\" \/>\n<meta property=\"og:image\" content=\"https:\/\/dev.makelaalu.fi\/wp-content\/uploads\/2022\/02\/makelaalu_pintakasittely.jpg\" \/>\n\t<meta property=\"og:image:width\" content=\"2500\" \/>\n\t<meta property=\"og:image:height\" content=\"1506\" \/>\n\t<meta property=\"og:image:type\" content=\"image\/jpeg\" \/>\n<meta name=\"twitter:card\" content=\"summary_large_image\" \/>\n<meta name=\"twitter:label1\" content=\"Ber\u00e4knad l\u00e4stid\" \/>\n\t<meta name=\"twitter:data1\" content=\"3 minuter\" \/>\n<script type=\"application\/ld+json\" class=\"yoast-schema-graph\">{\"@context\":\"https:\\\/\\\/schema.org\",\"@graph\":[{\"@type\":\"WebPage\",\"@id\":\"https:\\\/\\\/dev.makelaalu.fi\\\/sv\\\/ytbehandlingar\\\/\",\"url\":\"https:\\\/\\\/dev.makelaalu.fi\\\/sv\\\/ytbehandlingar\\\/\",\"name\":\"Ytbehandlingar - Ytbehandling av aluminiumprofiler\",\"isPartOf\":{\"@id\":\"https:\\\/\\\/dev.makelaalu.fi\\\/#website\"},\"primaryImageOfPage\":{\"@id\":\"https:\\\/\\\/dev.makelaalu.fi\\\/sv\\\/ytbehandlingar\\\/#primaryimage\"},\"image\":{\"@id\":\"https:\\\/\\\/dev.makelaalu.fi\\\/sv\\\/ytbehandlingar\\\/#primaryimage\"},\"thumbnailUrl\":\"https:\\\/\\\/makelaalu.fi\\\/wp-content\\\/uploads\\\/2022\\\/02\\\/makelaalu_pintakasittely.jpg\",\"datePublished\":\"2022-04-05T06:38:48+00:00\",\"dateModified\":\"2022-05-18T10:37:22+00:00\",\"description\":\"V\u00e5r ytbehandlingstj\u00e4nst AluCoating\u00ae av aluminiumprofiler ger valm\u00f6jligheter.\",\"breadcrumb\":{\"@id\":\"https:\\\/\\\/dev.makelaalu.fi\\\/sv\\\/ytbehandlingar\\\/#breadcrumb\"},\"inLanguage\":\"sv-SE\",\"potentialAction\":[{\"@type\":\"ReadAction\",\"target\":[\"https:\\\/\\\/dev.makelaalu.fi\\\/sv\\\/ytbehandlingar\\\/\"]}]},{\"@type\":\"ImageObject\",\"inLanguage\":\"sv-SE\",\"@id\":\"https:\\\/\\\/dev.makelaalu.fi\\\/sv\\\/ytbehandlingar\\\/#primaryimage\",\"url\":\"https:\\\/\\\/makelaalu.fi\\\/wp-content\\\/uploads\\\/2022\\\/02\\\/makelaalu_pintakasittely.jpg\",\"contentUrl\":\"https:\\\/\\\/makelaalu.fi\\\/wp-content\\\/uploads\\\/2022\\\/02\\\/makelaalu_pintakasittely.jpg\",\"width\":2500,\"height\":1506},{\"@type\":\"BreadcrumbList\",\"@id\":\"https:\\\/\\\/dev.makelaalu.fi\\\/sv\\\/ytbehandlingar\\\/#breadcrumb\",\"itemListElement\":[{\"@type\":\"ListItem\",\"position\":1,\"name\":\"Frontpage\",\"item\":\"https:\\\/\\\/makelaalu.fi\\\/sv\\\/\"},{\"@type\":\"ListItem\",\"position\":2,\"name\":\"Ytbehandlingar\"}]},{\"@type\":\"WebSite\",\"@id\":\"https:\\\/\\\/dev.makelaalu.fi\\\/#website\",\"url\":\"https:\\\/\\\/dev.makelaalu.fi\\\/\",\"name\":\"M&auml;kel&auml; Alu Oy\",\"description\":\"Alumiiniprofiilien puristaminen vuosikymmenten kokemuksella.\",\"potentialAction\":[{\"@type\":\"SearchAction\",\"target\":{\"@type\":\"EntryPoint\",\"urlTemplate\":\"https:\\\/\\\/dev.makelaalu.fi\\\/?s={search_term_string}\"},\"query-input\":{\"@type\":\"PropertyValueSpecification\",\"valueRequired\":true,\"valueName\":\"search_term_string\"}}],\"inLanguage\":\"sv-SE\"}]}<\/script>\n<!-- \/ Yoast SEO plugin. -->","yoast_head_json":{"title":"Ytbehandlingar - Ytbehandling av aluminiumprofiler","description":"V\u00e5r ytbehandlingstj\u00e4nst AluCoating\u00ae av aluminiumprofiler ger valm\u00f6jligheter.","robots":{"index":"index","follow":"follow","max-snippet":"max-snippet:-1","max-image-preview":"max-image-preview:large","max-video-preview":"max-video-preview:-1"},"canonical":"https:\/\/dev.makelaalu.fi\/sv\/ytbehandlingar\/","og_locale":"sv_SE","og_type":"article","og_title":"Ytbehandlingar - Ytbehandling av aluminiumprofiler","og_description":"V\u00e5r ytbehandlingstj\u00e4nst AluCoating\u00ae av aluminiumprofiler ger valm\u00f6jligheter.","og_url":"https:\/\/dev.makelaalu.fi\/sv\/ytbehandlingar\/","og_site_name":"M&auml;kel&auml; Alu Oy","article_modified_time":"2022-05-18T10:37:22+00:00","og_image":[{"width":2500,"height":1506,"url":"https:\/\/dev.makelaalu.fi\/wp-content\/uploads\/2022\/02\/makelaalu_pintakasittely.jpg","type":"image\/jpeg"}],"twitter_card":"summary_large_image","twitter_misc":{"Ber\u00e4knad l\u00e4stid":"3 minuter"},"schema":{"@context":"https:\/\/schema.org","@graph":[{"@type":"WebPage","@id":"https:\/\/dev.makelaalu.fi\/sv\/ytbehandlingar\/","url":"https:\/\/dev.makelaalu.fi\/sv\/ytbehandlingar\/","name":"Ytbehandlingar - Ytbehandling av aluminiumprofiler","isPartOf":{"@id":"https:\/\/dev.makelaalu.fi\/#website"},"primaryImageOfPage":{"@id":"https:\/\/dev.makelaalu.fi\/sv\/ytbehandlingar\/#primaryimage"},"image":{"@id":"https:\/\/dev.makelaalu.fi\/sv\/ytbehandlingar\/#primaryimage"},"thumbnailUrl":"https:\/\/makelaalu.fi\/wp-content\/uploads\/2022\/02\/makelaalu_pintakasittely.jpg","datePublished":"2022-04-05T06:38:48+00:00","dateModified":"2022-05-18T10:37:22+00:00","description":"V\u00e5r ytbehandlingstj\u00e4nst AluCoating\u00ae av aluminiumprofiler ger valm\u00f6jligheter.","breadcrumb":{"@id":"https:\/\/dev.makelaalu.fi\/sv\/ytbehandlingar\/#breadcrumb"},"inLanguage":"sv-SE","potentialAction":[{"@type":"ReadAction","target":["https:\/\/dev.makelaalu.fi\/sv\/ytbehandlingar\/"]}]},{"@type":"ImageObject","inLanguage":"sv-SE","@id":"https:\/\/dev.makelaalu.fi\/sv\/ytbehandlingar\/#primaryimage","url":"https:\/\/makelaalu.fi\/wp-content\/uploads\/2022\/02\/makelaalu_pintakasittely.jpg","contentUrl":"https:\/\/makelaalu.fi\/wp-content\/uploads\/2022\/02\/makelaalu_pintakasittely.jpg","width":2500,"height":1506},{"@type":"BreadcrumbList","@id":"https:\/\/dev.makelaalu.fi\/sv\/ytbehandlingar\/#breadcrumb","itemListElement":[{"@type":"ListItem","position":1,"name":"Frontpage","item":"https:\/\/makelaalu.fi\/sv\/"},{"@type":"ListItem","position":2,"name":"Ytbehandlingar"}]},{"@type":"WebSite","@id":"https:\/\/dev.makelaalu.fi\/#website","url":"https:\/\/dev.makelaalu.fi\/","name":"M&auml;kel&auml; Alu Oy","description":"Alumiiniprofiilien puristaminen vuosikymmenten kokemuksella.","potentialAction":[{"@type":"SearchAction","target":{"@type":"EntryPoint","urlTemplate":"https:\/\/dev.makelaalu.fi\/?s={search_term_string}"},"query-input":{"@type":"PropertyValueSpecification","valueRequired":true,"valueName":"search_term_string"}}],"inLanguage":"sv-SE"}]}},"_links":{"self":[{"href":"https:\/\/makelaalu.fi\/sv\/wp-json\/wp\/v2\/pages\/7166","targetHints":{"allow":["GET"]}}],"collection":[{"href":"https:\/\/makelaalu.fi\/sv\/wp-json\/wp\/v2\/pages"}],"about":[{"href":"https:\/\/makelaalu.fi\/sv\/wp-json\/wp\/v2\/types\/page"}],"author":[{"embeddable":true,"href":"https:\/\/makelaalu.fi\/sv\/wp-json\/wp\/v2\/users\/5"}],"replies":[{"embeddable":true,"href":"https:\/\/makelaalu.fi\/sv\/wp-json\/wp\/v2\/comments?post=7166"}],"version-history":[{"count":11,"href":"https:\/\/makelaalu.fi\/sv\/wp-json\/wp\/v2\/pages\/7166\/revisions"}],"predecessor-version":[{"id":8392,"href":"https:\/\/makelaalu.fi\/sv\/wp-json\/wp\/v2\/pages\/7166\/revisions\/8392"}],"wp:featuredmedia":[{"embeddable":true,"href":"https:\/\/makelaalu.fi\/sv\/wp-json\/wp\/v2\/media\/6187"}],"wp:attachment":[{"href":"https:\/\/makelaalu.fi\/sv\/wp-json\/wp\/v2\/media?parent=7166"}],"curies":[{"name":"wp","href":"https:\/\/api.w.org\/{rel}","templated":true}]}}