{"id":7170,"date":"2022-04-05T09:42:18","date_gmt":"2022-04-05T06:42:18","guid":{"rendered":"https:\/\/dev.makelaalu.fi\/?page_id=7170"},"modified":"2022-05-23T14:21:31","modified_gmt":"2022-05-23T11:21:31","slug":"anodisering","status":"publish","type":"page","link":"https:\/\/makelaalu.fi\/sv\/ytbehandlingar\/anodisering\/","title":{"rendered":"Anodisering"},"content":{"rendered":"<h2>Anodisering f\u00f6rb\u00e4ttrar aluminiumprofilens t\u00e5lighet<\/h2>\n<h4>V\u00e5r anodiseringsenhet f\u00f6r\u00e4dlar aluminiumets naturliga egenskaper och \u00f6kar profilernas korrosionst\u00e5lighet betydligt. Ocks\u00e5 anodisering av enskilda delar \u00e4r m\u00f6jlig.<\/h4>\n<p><img loading=\"lazy\" decoding=\"async\" class=\"alignnone size-full wp-image-829\" src=\"https:\/\/makelaalu.fi\/wp-content\/uploads\/2017\/06\/anodisointi_sivulle.jpg\" alt=\"\" width=\"1200\" height=\"600\" srcset=\"https:\/\/makelaalu.fi\/wp-content\/uploads\/2017\/06\/anodisointi_sivulle.jpg 1200w, https:\/\/makelaalu.fi\/wp-content\/uploads\/2017\/06\/anodisointi_sivulle-300x150.jpg 300w, https:\/\/makelaalu.fi\/wp-content\/uploads\/2017\/06\/anodisointi_sivulle-768x384.jpg 768w, https:\/\/makelaalu.fi\/wp-content\/uploads\/2017\/06\/anodisointi_sivulle-1024x512.jpg 1024w, https:\/\/makelaalu.fi\/wp-content\/uploads\/2017\/06\/anodisointi_sivulle-600x300.jpg 600w\" sizes=\"auto, (max-width: 1200px) 100vw, 1200px\" \/><\/p>\n<p>Anodisering \u00e4r en elektrokemisk ytbehandlingsmetod som f\u00f6rb\u00e4ttrar aluminiumets korrosionst\u00e5lighet och h\u00e5llbarhetstid. Tack vare anodiseringen \u00e4r ser den behandlade ytan snygg ut och \u00e4r ocks\u00e5 l\u00e4ttare att h\u00e5lla ren. P\u00e5 anodiseringslinjen producerar vi naturf\u00e4rgade aluminiumprofiler med olika ytbel\u00e4ggningsstyrkor.<\/p>\n<p>Ytbel\u00e4ggningsstyrkan v\u00e4ljs enligt anv\u00e4ndnings\u00e4ndam\u00e5let och vid behov kan vi g\u00f6ra enbart en skyddsanodisering f\u00f6r att skydda ytan till exempel under bearbetningar. P\u00e5 anodiseringslinjen kan vi ytbel\u00e4gga profiler med en maximal l\u00e4ngd p\u00e5 7,8 m, och ocks\u00e5 anodisering av enskilda delar \u00e4r m\u00f6jlig.<\/p>\n<p><img loading=\"lazy\" decoding=\"async\" class=\"alignnone wp-image-8486\" src=\"https:\/\/makelaalu.fi\/wp-content\/uploads\/2022\/05\/IMG_0059-1024x627.jpg\" alt=\"\" width=\"1200\" height=\"735\" srcset=\"https:\/\/makelaalu.fi\/wp-content\/uploads\/2022\/05\/IMG_0059-1024x627.jpg 1024w, https:\/\/makelaalu.fi\/wp-content\/uploads\/2022\/05\/IMG_0059-300x184.jpg 300w, https:\/\/makelaalu.fi\/wp-content\/uploads\/2022\/05\/IMG_0059-768x470.jpg 768w, https:\/\/makelaalu.fi\/wp-content\/uploads\/2022\/05\/IMG_0059-1536x941.jpg 1536w, https:\/\/makelaalu.fi\/wp-content\/uploads\/2022\/05\/IMG_0059-2048x1255.jpg 2048w, https:\/\/makelaalu.fi\/wp-content\/uploads\/2022\/05\/IMG_0059-500x306.jpg 500w\" sizes=\"auto, (max-width: 1200px) 100vw, 1200px\" \/><\/p>\n<p>P\u00e5 grund av upph\u00e4ngningen kan det i \u00e4ndorna av profilen, ibland ocks\u00e5 i mitten, finnas upph\u00e4ngningsm\u00e4rken eller f\u00f6r\u00e4ndringar, s\u00e5 vid behov kommer vi \u00f6verens om specialkrav f\u00f6r ytbel\u00e4ggningnen tillsammans med kunden.<\/p>\n<p>Via v\u00e5ra samarbetspartners kan vi ocks\u00e5 producera profilen i f\u00e4rg.<\/p>\n","protected":false},"excerpt":{"rendered":"Anodisering f\u00f6rb\u00e4ttrar aluminiumprofilens t\u00e5lighet V\u00e5r anodiseringsenhet f\u00f6r\u00e4dlar aluminiumets naturliga egenskaper och \u00f6kar profilernas korrosionst\u00e5lighet betydligt. Ocks\u00e5 anodisering av enskilda delar \u00e4r m\u00f6jlig. Anodisering \u00e4r en elektrokemisk ytbehandlingsmetod som f\u00f6rb\u00e4ttrar aluminiumets korrosionst\u00e5lighet och h\u00e5llbarhetstid. Tack vare anodiseringen \u00e4r ser den behandlade ytan snygg ut och \u00e4r ocks\u00e5 l\u00e4ttare att h\u00e5lla ren. P\u00e5 anodiseringslinjen producerar vi naturf\u00e4rgade aluminiumprofiler med olika ytbel\u00e4ggningsstyrkor. Ytbel\u00e4ggningsstyrkan v\u00e4ljs enligt anv\u00e4ndnings\u00e4ndam\u00e5let och vid behov kan vi g\u00f6ra enbart en skyddsanodisering f\u00f6r att skydda ytan till exempel under bearbetningar. P\u00e5 anodiseringslinjen kan vi ytbel\u00e4gga profiler med en maximal l\u00e4ngd p\u00e5 7,8 m, och ocks\u00e5 anodisering av enskilda delar \u00e4r m\u00f6jlig. P\u00e5 grund av upph\u00e4ngningen kan det i \u00e4ndorna av profilen, ibland ocks\u00e5 i mitten, finnas upph\u00e4ngningsm\u00e4rken eller f\u00f6r\u00e4ndringar, s\u00e5 vid behov kommer vi \u00f6verens om specialkrav f\u00f6r ytbel\u00e4ggningnen tillsammans med kunden. Via v\u00e5ra samarbetspartners kan vi ocks\u00e5 producera profilen i f\u00e4rg.","protected":false},"author":5,"featured_media":0,"parent":7166,"menu_order":34,"comment_status":"closed","ping_status":"closed","template":"","meta":{"_acf_changed":false,"footnotes":""},"class_list":["post-7170","page","type-page","status-publish","hentry"],"acf":[],"yoast_head":"<!-- This site is optimized with the Yoast SEO plugin v27.4 - https:\/\/yoast.com\/product\/yoast-seo-wordpress\/ -->\n<title>Anodisering - M&auml;kel&auml; Alu Oy<\/title>\n<meta name=\"robots\" content=\"index, follow, max-snippet:-1, max-image-preview:large, max-video-preview:-1\" \/>\n<link rel=\"canonical\" href=\"https:\/\/dev.makelaalu.fi\/sv\/ytbehandlingar\/anodisering\/\" \/>\n<meta property=\"og:locale\" content=\"sv_SE\" \/>\n<meta property=\"og:type\" content=\"article\" \/>\n<meta property=\"og:title\" content=\"Anodisering - M&auml;kel&auml; Alu Oy\" \/>\n<meta property=\"og:description\" content=\"Anodisering f\u00f6rb\u00e4ttrar aluminiumprofilens t\u00e5lighet V\u00e5r anodiseringsenhet f\u00f6r\u00e4dlar aluminiumets naturliga egenskaper och \u00f6kar profilernas korrosionst\u00e5lighet betydligt. Ocks\u00e5 anodisering av enskilda delar \u00e4r m\u00f6jlig. Anodisering \u00e4r en elektrokemisk ytbehandlingsmetod som f\u00f6rb\u00e4ttrar aluminiumets korrosionst\u00e5lighet och h\u00e5llbarhetstid. Tack vare anodiseringen \u00e4r ser den behandlade ytan snygg ut och \u00e4r ocks\u00e5 l\u00e4ttare att h\u00e5lla ren. P\u00e5 anodiseringslinjen producerar vi naturf\u00e4rgade aluminiumprofiler med olika ytbel\u00e4ggningsstyrkor. Ytbel\u00e4ggningsstyrkan v\u00e4ljs enligt anv\u00e4ndnings\u00e4ndam\u00e5let och vid behov kan vi g\u00f6ra enbart en skyddsanodisering f\u00f6r att skydda ytan till exempel under bearbetningar. P\u00e5 anodiseringslinjen kan vi ytbel\u00e4gga profiler med en maximal l\u00e4ngd p\u00e5 7,8 m, och ocks\u00e5 anodisering av enskilda delar \u00e4r m\u00f6jlig. P\u00e5 grund av upph\u00e4ngningen kan det i \u00e4ndorna av profilen, ibland ocks\u00e5 i mitten, finnas upph\u00e4ngningsm\u00e4rken eller f\u00f6r\u00e4ndringar, s\u00e5 vid behov kommer vi \u00f6verens om specialkrav f\u00f6r ytbel\u00e4ggningnen tillsammans med kunden. Via v\u00e5ra samarbetspartners kan vi ocks\u00e5 producera profilen i f\u00e4rg.\" \/>\n<meta property=\"og:url\" content=\"https:\/\/dev.makelaalu.fi\/sv\/ytbehandlingar\/anodisering\/\" \/>\n<meta property=\"og:site_name\" content=\"M&auml;kel&auml; Alu Oy\" \/>\n<meta property=\"article:modified_time\" content=\"2022-05-23T11:21:31+00:00\" \/>\n<meta property=\"og:image\" content=\"https:\/\/makelaalu.fi\/wp-content\/uploads\/2017\/06\/anodisointi_sivulle.jpg\" \/>\n<meta name=\"twitter:card\" content=\"summary_large_image\" \/>\n<meta name=\"twitter:label1\" content=\"Ber\u00e4knad l\u00e4stid\" \/>\n\t<meta name=\"twitter:data1\" content=\"2 minuter\" \/>\n<script type=\"application\/ld+json\" class=\"yoast-schema-graph\">{\"@context\":\"https:\\\/\\\/schema.org\",\"@graph\":[{\"@type\":\"WebPage\",\"@id\":\"https:\\\/\\\/dev.makelaalu.fi\\\/sv\\\/ytbehandlingar\\\/anodisering\\\/\",\"url\":\"https:\\\/\\\/dev.makelaalu.fi\\\/sv\\\/ytbehandlingar\\\/anodisering\\\/\",\"name\":\"Anodisering - M&auml;kel&auml; Alu Oy\",\"isPartOf\":{\"@id\":\"https:\\\/\\\/dev.makelaalu.fi\\\/#website\"},\"primaryImageOfPage\":{\"@id\":\"https:\\\/\\\/dev.makelaalu.fi\\\/sv\\\/ytbehandlingar\\\/anodisering\\\/#primaryimage\"},\"image\":{\"@id\":\"https:\\\/\\\/dev.makelaalu.fi\\\/sv\\\/ytbehandlingar\\\/anodisering\\\/#primaryimage\"},\"thumbnailUrl\":\"https:\\\/\\\/makelaalu.fi\\\/wp-content\\\/uploads\\\/2017\\\/06\\\/anodisointi_sivulle.jpg\",\"datePublished\":\"2022-04-05T06:42:18+00:00\",\"dateModified\":\"2022-05-23T11:21:31+00:00\",\"breadcrumb\":{\"@id\":\"https:\\\/\\\/dev.makelaalu.fi\\\/sv\\\/ytbehandlingar\\\/anodisering\\\/#breadcrumb\"},\"inLanguage\":\"sv-SE\",\"potentialAction\":[{\"@type\":\"ReadAction\",\"target\":[\"https:\\\/\\\/dev.makelaalu.fi\\\/sv\\\/ytbehandlingar\\\/anodisering\\\/\"]}]},{\"@type\":\"ImageObject\",\"inLanguage\":\"sv-SE\",\"@id\":\"https:\\\/\\\/dev.makelaalu.fi\\\/sv\\\/ytbehandlingar\\\/anodisering\\\/#primaryimage\",\"url\":\"https:\\\/\\\/makelaalu.fi\\\/wp-content\\\/uploads\\\/2017\\\/06\\\/anodisointi_sivulle.jpg\",\"contentUrl\":\"https:\\\/\\\/makelaalu.fi\\\/wp-content\\\/uploads\\\/2017\\\/06\\\/anodisointi_sivulle.jpg\"},{\"@type\":\"BreadcrumbList\",\"@id\":\"https:\\\/\\\/dev.makelaalu.fi\\\/sv\\\/ytbehandlingar\\\/anodisering\\\/#breadcrumb\",\"itemListElement\":[{\"@type\":\"ListItem\",\"position\":1,\"name\":\"Frontpage\",\"item\":\"https:\\\/\\\/makelaalu.fi\\\/sv\\\/\"},{\"@type\":\"ListItem\",\"position\":2,\"name\":\"Ytbehandlingar\",\"item\":\"https:\\\/\\\/dev.makelaalu.fi\\\/sv\\\/ytbehandlingar\\\/\"},{\"@type\":\"ListItem\",\"position\":3,\"name\":\"Anodisering\"}]},{\"@type\":\"WebSite\",\"@id\":\"https:\\\/\\\/dev.makelaalu.fi\\\/#website\",\"url\":\"https:\\\/\\\/dev.makelaalu.fi\\\/\",\"name\":\"M&auml;kel&auml; Alu Oy\",\"description\":\"Alumiiniprofiilien puristaminen vuosikymmenten kokemuksella.\",\"potentialAction\":[{\"@type\":\"SearchAction\",\"target\":{\"@type\":\"EntryPoint\",\"urlTemplate\":\"https:\\\/\\\/dev.makelaalu.fi\\\/?s={search_term_string}\"},\"query-input\":{\"@type\":\"PropertyValueSpecification\",\"valueRequired\":true,\"valueName\":\"search_term_string\"}}],\"inLanguage\":\"sv-SE\"}]}<\/script>\n<!-- \/ Yoast SEO plugin. -->","yoast_head_json":{"title":"Anodisering - M&auml;kel&auml; Alu Oy","robots":{"index":"index","follow":"follow","max-snippet":"max-snippet:-1","max-image-preview":"max-image-preview:large","max-video-preview":"max-video-preview:-1"},"canonical":"https:\/\/dev.makelaalu.fi\/sv\/ytbehandlingar\/anodisering\/","og_locale":"sv_SE","og_type":"article","og_title":"Anodisering - M&auml;kel&auml; Alu Oy","og_description":"Anodisering f\u00f6rb\u00e4ttrar aluminiumprofilens t\u00e5lighet V\u00e5r anodiseringsenhet f\u00f6r\u00e4dlar aluminiumets naturliga egenskaper och \u00f6kar profilernas korrosionst\u00e5lighet betydligt. Ocks\u00e5 anodisering av enskilda delar \u00e4r m\u00f6jlig. Anodisering \u00e4r en elektrokemisk ytbehandlingsmetod som f\u00f6rb\u00e4ttrar aluminiumets korrosionst\u00e5lighet och h\u00e5llbarhetstid. Tack vare anodiseringen \u00e4r ser den behandlade ytan snygg ut och \u00e4r ocks\u00e5 l\u00e4ttare att h\u00e5lla ren. P\u00e5 anodiseringslinjen producerar vi naturf\u00e4rgade aluminiumprofiler med olika ytbel\u00e4ggningsstyrkor. Ytbel\u00e4ggningsstyrkan v\u00e4ljs enligt anv\u00e4ndnings\u00e4ndam\u00e5let och vid behov kan vi g\u00f6ra enbart en skyddsanodisering f\u00f6r att skydda ytan till exempel under bearbetningar. P\u00e5 anodiseringslinjen kan vi ytbel\u00e4gga profiler med en maximal l\u00e4ngd p\u00e5 7,8 m, och ocks\u00e5 anodisering av enskilda delar \u00e4r m\u00f6jlig. P\u00e5 grund av upph\u00e4ngningen kan det i \u00e4ndorna av profilen, ibland ocks\u00e5 i mitten, finnas upph\u00e4ngningsm\u00e4rken eller f\u00f6r\u00e4ndringar, s\u00e5 vid behov kommer vi \u00f6verens om specialkrav f\u00f6r ytbel\u00e4ggningnen tillsammans med kunden. Via v\u00e5ra samarbetspartners kan vi ocks\u00e5 producera profilen i f\u00e4rg.","og_url":"https:\/\/dev.makelaalu.fi\/sv\/ytbehandlingar\/anodisering\/","og_site_name":"M&auml;kel&auml; Alu Oy","article_modified_time":"2022-05-23T11:21:31+00:00","og_image":[{"url":"https:\/\/makelaalu.fi\/wp-content\/uploads\/2017\/06\/anodisointi_sivulle.jpg","type":"","width":"","height":""}],"twitter_card":"summary_large_image","twitter_misc":{"Ber\u00e4knad l\u00e4stid":"2 minuter"},"schema":{"@context":"https:\/\/schema.org","@graph":[{"@type":"WebPage","@id":"https:\/\/dev.makelaalu.fi\/sv\/ytbehandlingar\/anodisering\/","url":"https:\/\/dev.makelaalu.fi\/sv\/ytbehandlingar\/anodisering\/","name":"Anodisering - M&auml;kel&auml; Alu Oy","isPartOf":{"@id":"https:\/\/dev.makelaalu.fi\/#website"},"primaryImageOfPage":{"@id":"https:\/\/dev.makelaalu.fi\/sv\/ytbehandlingar\/anodisering\/#primaryimage"},"image":{"@id":"https:\/\/dev.makelaalu.fi\/sv\/ytbehandlingar\/anodisering\/#primaryimage"},"thumbnailUrl":"https:\/\/makelaalu.fi\/wp-content\/uploads\/2017\/06\/anodisointi_sivulle.jpg","datePublished":"2022-04-05T06:42:18+00:00","dateModified":"2022-05-23T11:21:31+00:00","breadcrumb":{"@id":"https:\/\/dev.makelaalu.fi\/sv\/ytbehandlingar\/anodisering\/#breadcrumb"},"inLanguage":"sv-SE","potentialAction":[{"@type":"ReadAction","target":["https:\/\/dev.makelaalu.fi\/sv\/ytbehandlingar\/anodisering\/"]}]},{"@type":"ImageObject","inLanguage":"sv-SE","@id":"https:\/\/dev.makelaalu.fi\/sv\/ytbehandlingar\/anodisering\/#primaryimage","url":"https:\/\/makelaalu.fi\/wp-content\/uploads\/2017\/06\/anodisointi_sivulle.jpg","contentUrl":"https:\/\/makelaalu.fi\/wp-content\/uploads\/2017\/06\/anodisointi_sivulle.jpg"},{"@type":"BreadcrumbList","@id":"https:\/\/dev.makelaalu.fi\/sv\/ytbehandlingar\/anodisering\/#breadcrumb","itemListElement":[{"@type":"ListItem","position":1,"name":"Frontpage","item":"https:\/\/makelaalu.fi\/sv\/"},{"@type":"ListItem","position":2,"name":"Ytbehandlingar","item":"https:\/\/dev.makelaalu.fi\/sv\/ytbehandlingar\/"},{"@type":"ListItem","position":3,"name":"Anodisering"}]},{"@type":"WebSite","@id":"https:\/\/dev.makelaalu.fi\/#website","url":"https:\/\/dev.makelaalu.fi\/","name":"M&auml;kel&auml; Alu Oy","description":"Alumiiniprofiilien puristaminen vuosikymmenten kokemuksella.","potentialAction":[{"@type":"SearchAction","target":{"@type":"EntryPoint","urlTemplate":"https:\/\/dev.makelaalu.fi\/?s={search_term_string}"},"query-input":{"@type":"PropertyValueSpecification","valueRequired":true,"valueName":"search_term_string"}}],"inLanguage":"sv-SE"}]}},"_links":{"self":[{"href":"https:\/\/makelaalu.fi\/sv\/wp-json\/wp\/v2\/pages\/7170","targetHints":{"allow":["GET"]}}],"collection":[{"href":"https:\/\/makelaalu.fi\/sv\/wp-json\/wp\/v2\/pages"}],"about":[{"href":"https:\/\/makelaalu.fi\/sv\/wp-json\/wp\/v2\/types\/page"}],"author":[{"embeddable":true,"href":"https:\/\/makelaalu.fi\/sv\/wp-json\/wp\/v2\/users\/5"}],"replies":[{"embeddable":true,"href":"https:\/\/makelaalu.fi\/sv\/wp-json\/wp\/v2\/comments?post=7170"}],"version-history":[{"count":3,"href":"https:\/\/makelaalu.fi\/sv\/wp-json\/wp\/v2\/pages\/7170\/revisions"}],"predecessor-version":[{"id":8493,"href":"https:\/\/makelaalu.fi\/sv\/wp-json\/wp\/v2\/pages\/7170\/revisions\/8493"}],"up":[{"embeddable":true,"href":"https:\/\/makelaalu.fi\/sv\/wp-json\/wp\/v2\/pages\/7166"}],"wp:attachment":[{"href":"https:\/\/makelaalu.fi\/sv\/wp-json\/wp\/v2\/media?parent=7170"}],"curies":[{"name":"wp","href":"https:\/\/api.w.org\/{rel}","templated":true}]}}