{"id":7174,"date":"2022-04-05T09:46:43","date_gmt":"2022-04-05T06:46:43","guid":{"rendered":"https:\/\/dev.makelaalu.fi\/?page_id=7174"},"modified":"2022-05-27T12:58:59","modified_gmt":"2022-05-27T09:58:59","slug":"pulverlackering","status":"publish","type":"page","link":"https:\/\/makelaalu.fi\/sv\/ytbehandlingar\/pulverlackering\/","title":{"rendered":"Pulverlackering"},"content":{"rendered":"<h2>\u00c4ven sm\u00e5akalig lackering kostnadseffektivt<\/h2>\n<h4>Pulverlackering \u00e4r numera den mest anv\u00e4nda lackeringsmetoden, eftersom den producerar en yta som t\u00e5l UV-str\u00e5lning, korrosion, friktion och st\u00f6tar. Pulverlackering skapar n\u00e4stan o\u00e4ndliga m\u00f6jligheter f\u00f6r f\u00e4rgnyansering av aluminiumprofiler. P\u00e5 v\u00e5ra tre pulverlackeringslinjer kan profilens yta f\u00e4rgas i tusentals olika nyanser.<\/h4>\n<p><img loading=\"lazy\" decoding=\"async\" class=\"alignnone size-full wp-image-832\" src=\"https:\/\/makelaalu.fi\/wp-content\/uploads\/2017\/06\/maalaus2.jpg\" alt=\"\" width=\"1200\" height=\"600\" srcset=\"https:\/\/makelaalu.fi\/wp-content\/uploads\/2017\/06\/maalaus2.jpg 1200w, https:\/\/makelaalu.fi\/wp-content\/uploads\/2017\/06\/maalaus2-300x150.jpg 300w, https:\/\/makelaalu.fi\/wp-content\/uploads\/2017\/06\/maalaus2-768x384.jpg 768w, https:\/\/makelaalu.fi\/wp-content\/uploads\/2017\/06\/maalaus2-1024x512.jpg 1024w, https:\/\/makelaalu.fi\/wp-content\/uploads\/2017\/06\/maalaus2-600x300.jpg 600w\" sizes=\"auto, (max-width: 1200px) 100vw, 1200px\" \/><\/p>\n<p><img loading=\"lazy\" decoding=\"async\" class=\"wp-image-377 alignright\" src=\"https:\/\/makelaalu.fi\/wp-content\/uploads\/2017\/03\/GSB_International-150x150.jpg\" alt=\"\" width=\"79\" height=\"80\" srcset=\"https:\/\/makelaalu.fi\/wp-content\/uploads\/2017\/03\/GSB_International-150x150.jpg 150w, https:\/\/makelaalu.fi\/wp-content\/uploads\/2017\/03\/GSB_International-298x300.jpg 298w, https:\/\/makelaalu.fi\/wp-content\/uploads\/2017\/03\/GSB_International-125x125.jpg 125w, https:\/\/makelaalu.fi\/wp-content\/uploads\/2017\/03\/GSB_International.jpg 634w\" sizes=\"auto, (max-width: 79px) 100vw, 79px\" \/>Decoral-dekorationsytbel\u00e4ggning, en stilig och snygg speciall\u00f6sning, \u00f6kar st\u00e4ndigt i popularitet. Med Decoral kan vi skapa de mest sp\u00e4nnande figurer p\u00e5 aluminiumets yta. De kan till exempel likna fantasy, tr\u00e4 eller sten.<\/p>\n<p>Vid behov f\u00f6rbehandlar vi profilerna genom anodisering f\u00f6re lackeringen. S\u00e5 utnyttjar vi b\u00e5de anodiserade profilers utm\u00e4rkta korrosionst\u00e5lighet och pulverlackeringens n\u00e4rap\u00e5 gr\u00e4nsl\u00f6sa f\u00e4rgskala f\u00f6r samma slutprodukt. P\u00e5 lackeringslinjen kan vi ytbel\u00e4gga profiler med en maximil\u00e4ngd p\u00e5 7,4 m.<\/p>\n<p>Lackering \u00e4r ett ytbel\u00e4ggningsalternativ som \u00f6kar m\u00e4ngden material, s\u00e5 profilens m\u00e5tt f\u00f6r\u00e4ndras n\u00e4r den ytbel\u00e4ggs. Det \u00e4r viktigt att ta detta i beaktande n\u00e4r lackerade profiler kombineras med andra profiler eller material. P\u00e5 grund av upph\u00e4ngningen kan det i \u00e4ndorna av profilen, ibland \u00e4ven i mitten, finnas upph\u00e4ngningsm\u00e4rken, s\u00e5 vid behov kommer vi med kunden \u00f6verens om specialkraven f\u00f6r ytbehandlingen.<\/p>\n<p>V\u00e5ra fyra lackeringslinjer, tv\u00e5 lodr\u00e4t linje och tv\u00e5 v\u00e5gr\u00e4ta linjer garanterar produktionskapaciteten. V\u00e5rt moderna produktionsmaskineri producerar \u00e4ven sm\u00e5skalig lackering kostnadseffektivt. Ett bevis p\u00e5 v\u00e5r kvalitet \u00e4r GSB-certifikatet vi har f\u00e5tt.<\/p>\n<p><img loading=\"lazy\" decoding=\"async\" class=\"alignnone size-full wp-image-831\" src=\"https:\/\/makelaalu.fi\/wp-content\/uploads\/2017\/06\/maalaus1.jpg\" alt=\"\" width=\"1200\" height=\"600\" srcset=\"https:\/\/makelaalu.fi\/wp-content\/uploads\/2017\/06\/maalaus1.jpg 1200w, https:\/\/makelaalu.fi\/wp-content\/uploads\/2017\/06\/maalaus1-300x150.jpg 300w, https:\/\/makelaalu.fi\/wp-content\/uploads\/2017\/06\/maalaus1-768x384.jpg 768w, https:\/\/makelaalu.fi\/wp-content\/uploads\/2017\/06\/maalaus1-1024x512.jpg 1024w, https:\/\/makelaalu.fi\/wp-content\/uploads\/2017\/06\/maalaus1-600x300.jpg 600w\" sizes=\"auto, (max-width: 1200px) 100vw, 1200px\" \/><\/p>\n<p>I videon kan du se vilken typ av system v\u00e5r f\u00e4rgverkstad har. Det h\u00f6gautomatiserade systemet m\u00e5lar flera aluminiumprofiler samtidigt med stor precision.<\/p>\n<p><iframe loading=\"lazy\" src=\"https:\/\/www.youtube.com\/embed\/6TyYkW02zbI\" width=\"560\" height=\"315\" frameborder=\"0\" allowfullscreen=\"allowfullscreen\" data-mce-fragment=\"1\"><\/iframe><\/p>\n","protected":false},"excerpt":{"rendered":"\u00c4ven sm\u00e5akalig lackering kostnadseffektivt Pulverlackering \u00e4r numera den mest anv\u00e4nda lackeringsmetoden, eftersom den producerar en yta som t\u00e5l UV-str\u00e5lning, korrosion, friktion och st\u00f6tar. Pulverlackering skapar n\u00e4stan o\u00e4ndliga m\u00f6jligheter f\u00f6r f\u00e4rgnyansering av aluminiumprofiler. P\u00e5 v\u00e5ra tre pulverlackeringslinjer kan profilens yta f\u00e4rgas i tusentals olika nyanser. Decoral-dekorationsytbel\u00e4ggning, en stilig och snygg speciall\u00f6sning, \u00f6kar st\u00e4ndigt i popularitet. Med Decoral kan vi skapa de mest sp\u00e4nnande figurer p\u00e5 aluminiumets yta. De kan till exempel likna fantasy, tr\u00e4 eller sten. Vid behov f\u00f6rbehandlar vi profilerna genom anodisering f\u00f6re lackeringen. S\u00e5 utnyttjar vi b\u00e5de anodiserade profilers utm\u00e4rkta korrosionst\u00e5lighet och pulverlackeringens n\u00e4rap\u00e5 gr\u00e4nsl\u00f6sa f\u00e4rgskala f\u00f6r samma slutprodukt. P\u00e5 lackeringslinjen kan vi ytbel\u00e4gga profiler med en maximil\u00e4ngd p\u00e5 7,4 m. Lackering \u00e4r ett ytbel\u00e4ggningsalternativ som \u00f6kar m\u00e4ngden material, s\u00e5 profilens m\u00e5tt f\u00f6r\u00e4ndras n\u00e4r den ytbel\u00e4ggs. Det \u00e4r viktigt att ta detta i beaktande n\u00e4r lackerade profiler kombineras med andra profiler eller material. P\u00e5 grund av upph\u00e4ngningen kan det i \u00e4ndorna av profilen, ibland \u00e4ven i mitten, finnas upph\u00e4ngningsm\u00e4rken, s\u00e5 vid behov kommer vi med kunden \u00f6verens om specialkraven f\u00f6r ytbehandlingen. V\u00e5ra fyra lackeringslinjer, tv\u00e5 lodr\u00e4t linje och tv\u00e5 v\u00e5gr\u00e4ta linjer garanterar produktionskapaciteten. V\u00e5rt moderna produktionsmaskineri producerar \u00e4ven sm\u00e5skalig lackering kostnadseffektivt. Ett bevis p\u00e5 v\u00e5r kvalitet \u00e4r GSB-certifikatet vi har f\u00e5tt. I videon kan du se vilken typ av system v\u00e5r f\u00e4rgverkstad har. Det h\u00f6gautomatiserade systemet m\u00e5lar flera aluminiumprofiler samtidigt med stor precision.","protected":false},"author":5,"featured_media":0,"parent":7166,"menu_order":35,"comment_status":"closed","ping_status":"closed","template":"","meta":{"_acf_changed":false,"footnotes":""},"class_list":["post-7174","page","type-page","status-publish","hentry"],"acf":[],"yoast_head":"<!-- This site is optimized with the Yoast SEO plugin v27.3 - https:\/\/yoast.com\/product\/yoast-seo-wordpress\/ -->\n<title>Pulverlackering - M&auml;kel&auml; Alu Oy<\/title>\n<meta name=\"robots\" content=\"index, follow, max-snippet:-1, max-image-preview:large, max-video-preview:-1\" \/>\n<link rel=\"canonical\" href=\"https:\/\/makelaalu.fi\/sv\/ytbehandlingar\/pulverlackering\/\" \/>\n<meta property=\"og:locale\" content=\"sv_SE\" \/>\n<meta property=\"og:type\" content=\"article\" \/>\n<meta property=\"og:title\" content=\"Pulverlackering - M&auml;kel&auml; Alu Oy\" \/>\n<meta property=\"og:description\" content=\"\u00c4ven sm\u00e5akalig lackering kostnadseffektivt Pulverlackering \u00e4r numera den mest anv\u00e4nda lackeringsmetoden, eftersom den producerar en yta som t\u00e5l UV-str\u00e5lning, korrosion, friktion och st\u00f6tar. Pulverlackering skapar n\u00e4stan o\u00e4ndliga m\u00f6jligheter f\u00f6r f\u00e4rgnyansering av aluminiumprofiler. P\u00e5 v\u00e5ra tre pulverlackeringslinjer kan profilens yta f\u00e4rgas i tusentals olika nyanser. Decoral-dekorationsytbel\u00e4ggning, en stilig och snygg speciall\u00f6sning, \u00f6kar st\u00e4ndigt i popularitet. Med Decoral kan vi skapa de mest sp\u00e4nnande figurer p\u00e5 aluminiumets yta. De kan till exempel likna fantasy, tr\u00e4 eller sten. Vid behov f\u00f6rbehandlar vi profilerna genom anodisering f\u00f6re lackeringen. S\u00e5 utnyttjar vi b\u00e5de anodiserade profilers utm\u00e4rkta korrosionst\u00e5lighet och pulverlackeringens n\u00e4rap\u00e5 gr\u00e4nsl\u00f6sa f\u00e4rgskala f\u00f6r samma slutprodukt. P\u00e5 lackeringslinjen kan vi ytbel\u00e4gga profiler med en maximil\u00e4ngd p\u00e5 7,4 m. Lackering \u00e4r ett ytbel\u00e4ggningsalternativ som \u00f6kar m\u00e4ngden material, s\u00e5 profilens m\u00e5tt f\u00f6r\u00e4ndras n\u00e4r den ytbel\u00e4ggs. Det \u00e4r viktigt att ta detta i beaktande n\u00e4r lackerade profiler kombineras med andra profiler eller material. P\u00e5 grund av upph\u00e4ngningen kan det i \u00e4ndorna av profilen, ibland \u00e4ven i mitten, finnas upph\u00e4ngningsm\u00e4rken, s\u00e5 vid behov kommer vi med kunden \u00f6verens om specialkraven f\u00f6r ytbehandlingen. V\u00e5ra fyra lackeringslinjer, tv\u00e5 lodr\u00e4t linje och tv\u00e5 v\u00e5gr\u00e4ta linjer garanterar produktionskapaciteten. V\u00e5rt moderna produktionsmaskineri producerar \u00e4ven sm\u00e5skalig lackering kostnadseffektivt. Ett bevis p\u00e5 v\u00e5r kvalitet \u00e4r GSB-certifikatet vi har f\u00e5tt. I videon kan du se vilken typ av system v\u00e5r f\u00e4rgverkstad har. Det h\u00f6gautomatiserade systemet m\u00e5lar flera aluminiumprofiler samtidigt med stor precision.\" \/>\n<meta property=\"og:url\" content=\"https:\/\/makelaalu.fi\/sv\/ytbehandlingar\/pulverlackering\/\" \/>\n<meta property=\"og:site_name\" content=\"M&auml;kel&auml; Alu Oy\" \/>\n<meta property=\"article:modified_time\" content=\"2022-05-27T09:58:59+00:00\" \/>\n<meta property=\"og:image\" content=\"https:\/\/makelaalu.fi\/wp-content\/uploads\/2017\/06\/maalaus2.jpg\" \/>\n<meta name=\"twitter:card\" content=\"summary_large_image\" \/>\n<meta name=\"twitter:label1\" content=\"Ber\u00e4knad l\u00e4stid\" \/>\n\t<meta name=\"twitter:data1\" content=\"2 minuter\" \/>\n<script type=\"application\/ld+json\" class=\"yoast-schema-graph\">{\"@context\":\"https:\\\/\\\/schema.org\",\"@graph\":[{\"@type\":\"WebPage\",\"@id\":\"https:\\\/\\\/makelaalu.fi\\\/sv\\\/ytbehandlingar\\\/pulverlackering\\\/\",\"url\":\"https:\\\/\\\/makelaalu.fi\\\/sv\\\/ytbehandlingar\\\/pulverlackering\\\/\",\"name\":\"Pulverlackering - M&auml;kel&auml; Alu Oy\",\"isPartOf\":{\"@id\":\"https:\\\/\\\/dev.makelaalu.fi\\\/#website\"},\"primaryImageOfPage\":{\"@id\":\"https:\\\/\\\/makelaalu.fi\\\/sv\\\/ytbehandlingar\\\/pulverlackering\\\/#primaryimage\"},\"image\":{\"@id\":\"https:\\\/\\\/makelaalu.fi\\\/sv\\\/ytbehandlingar\\\/pulverlackering\\\/#primaryimage\"},\"thumbnailUrl\":\"https:\\\/\\\/makelaalu.fi\\\/wp-content\\\/uploads\\\/2017\\\/06\\\/maalaus2.jpg\",\"datePublished\":\"2022-04-05T06:46:43+00:00\",\"dateModified\":\"2022-05-27T09:58:59+00:00\",\"breadcrumb\":{\"@id\":\"https:\\\/\\\/makelaalu.fi\\\/sv\\\/ytbehandlingar\\\/pulverlackering\\\/#breadcrumb\"},\"inLanguage\":\"sv-SE\",\"potentialAction\":[{\"@type\":\"ReadAction\",\"target\":[\"https:\\\/\\\/makelaalu.fi\\\/sv\\\/ytbehandlingar\\\/pulverlackering\\\/\"]}]},{\"@type\":\"ImageObject\",\"inLanguage\":\"sv-SE\",\"@id\":\"https:\\\/\\\/makelaalu.fi\\\/sv\\\/ytbehandlingar\\\/pulverlackering\\\/#primaryimage\",\"url\":\"https:\\\/\\\/makelaalu.fi\\\/wp-content\\\/uploads\\\/2017\\\/06\\\/maalaus2.jpg\",\"contentUrl\":\"https:\\\/\\\/makelaalu.fi\\\/wp-content\\\/uploads\\\/2017\\\/06\\\/maalaus2.jpg\"},{\"@type\":\"BreadcrumbList\",\"@id\":\"https:\\\/\\\/makelaalu.fi\\\/sv\\\/ytbehandlingar\\\/pulverlackering\\\/#breadcrumb\",\"itemListElement\":[{\"@type\":\"ListItem\",\"position\":1,\"name\":\"Frontpage\",\"item\":\"https:\\\/\\\/makelaalu.fi\\\/sv\\\/\"},{\"@type\":\"ListItem\",\"position\":2,\"name\":\"Ytbehandlingar\",\"item\":\"https:\\\/\\\/dev.makelaalu.fi\\\/sv\\\/ytbehandlingar\\\/\"},{\"@type\":\"ListItem\",\"position\":3,\"name\":\"Pulverlackering\"}]},{\"@type\":\"WebSite\",\"@id\":\"https:\\\/\\\/dev.makelaalu.fi\\\/#website\",\"url\":\"https:\\\/\\\/dev.makelaalu.fi\\\/\",\"name\":\"M&auml;kel&auml; Alu Oy\",\"description\":\"Alumiiniprofiilien puristaminen vuosikymmenten kokemuksella.\",\"potentialAction\":[{\"@type\":\"SearchAction\",\"target\":{\"@type\":\"EntryPoint\",\"urlTemplate\":\"https:\\\/\\\/dev.makelaalu.fi\\\/?s={search_term_string}\"},\"query-input\":{\"@type\":\"PropertyValueSpecification\",\"valueRequired\":true,\"valueName\":\"search_term_string\"}}],\"inLanguage\":\"sv-SE\"}]}<\/script>\n<!-- \/ Yoast SEO plugin. -->","yoast_head_json":{"title":"Pulverlackering - M&auml;kel&auml; Alu Oy","robots":{"index":"index","follow":"follow","max-snippet":"max-snippet:-1","max-image-preview":"max-image-preview:large","max-video-preview":"max-video-preview:-1"},"canonical":"https:\/\/makelaalu.fi\/sv\/ytbehandlingar\/pulverlackering\/","og_locale":"sv_SE","og_type":"article","og_title":"Pulverlackering - M&auml;kel&auml; Alu Oy","og_description":"\u00c4ven sm\u00e5akalig lackering kostnadseffektivt Pulverlackering \u00e4r numera den mest anv\u00e4nda lackeringsmetoden, eftersom den producerar en yta som t\u00e5l UV-str\u00e5lning, korrosion, friktion och st\u00f6tar. Pulverlackering skapar n\u00e4stan o\u00e4ndliga m\u00f6jligheter f\u00f6r f\u00e4rgnyansering av aluminiumprofiler. P\u00e5 v\u00e5ra tre pulverlackeringslinjer kan profilens yta f\u00e4rgas i tusentals olika nyanser. Decoral-dekorationsytbel\u00e4ggning, en stilig och snygg speciall\u00f6sning, \u00f6kar st\u00e4ndigt i popularitet. Med Decoral kan vi skapa de mest sp\u00e4nnande figurer p\u00e5 aluminiumets yta. De kan till exempel likna fantasy, tr\u00e4 eller sten. Vid behov f\u00f6rbehandlar vi profilerna genom anodisering f\u00f6re lackeringen. S\u00e5 utnyttjar vi b\u00e5de anodiserade profilers utm\u00e4rkta korrosionst\u00e5lighet och pulverlackeringens n\u00e4rap\u00e5 gr\u00e4nsl\u00f6sa f\u00e4rgskala f\u00f6r samma slutprodukt. P\u00e5 lackeringslinjen kan vi ytbel\u00e4gga profiler med en maximil\u00e4ngd p\u00e5 7,4 m. Lackering \u00e4r ett ytbel\u00e4ggningsalternativ som \u00f6kar m\u00e4ngden material, s\u00e5 profilens m\u00e5tt f\u00f6r\u00e4ndras n\u00e4r den ytbel\u00e4ggs. Det \u00e4r viktigt att ta detta i beaktande n\u00e4r lackerade profiler kombineras med andra profiler eller material. P\u00e5 grund av upph\u00e4ngningen kan det i \u00e4ndorna av profilen, ibland \u00e4ven i mitten, finnas upph\u00e4ngningsm\u00e4rken, s\u00e5 vid behov kommer vi med kunden \u00f6verens om specialkraven f\u00f6r ytbehandlingen. V\u00e5ra fyra lackeringslinjer, tv\u00e5 lodr\u00e4t linje och tv\u00e5 v\u00e5gr\u00e4ta linjer garanterar produktionskapaciteten. V\u00e5rt moderna produktionsmaskineri producerar \u00e4ven sm\u00e5skalig lackering kostnadseffektivt. Ett bevis p\u00e5 v\u00e5r kvalitet \u00e4r GSB-certifikatet vi har f\u00e5tt. I videon kan du se vilken typ av system v\u00e5r f\u00e4rgverkstad har. Det h\u00f6gautomatiserade systemet m\u00e5lar flera aluminiumprofiler samtidigt med stor precision.","og_url":"https:\/\/makelaalu.fi\/sv\/ytbehandlingar\/pulverlackering\/","og_site_name":"M&auml;kel&auml; Alu Oy","article_modified_time":"2022-05-27T09:58:59+00:00","og_image":[{"url":"https:\/\/makelaalu.fi\/wp-content\/uploads\/2017\/06\/maalaus2.jpg","type":"","width":"","height":""}],"twitter_card":"summary_large_image","twitter_misc":{"Ber\u00e4knad l\u00e4stid":"2 minuter"},"schema":{"@context":"https:\/\/schema.org","@graph":[{"@type":"WebPage","@id":"https:\/\/makelaalu.fi\/sv\/ytbehandlingar\/pulverlackering\/","url":"https:\/\/makelaalu.fi\/sv\/ytbehandlingar\/pulverlackering\/","name":"Pulverlackering - M&auml;kel&auml; Alu Oy","isPartOf":{"@id":"https:\/\/dev.makelaalu.fi\/#website"},"primaryImageOfPage":{"@id":"https:\/\/makelaalu.fi\/sv\/ytbehandlingar\/pulverlackering\/#primaryimage"},"image":{"@id":"https:\/\/makelaalu.fi\/sv\/ytbehandlingar\/pulverlackering\/#primaryimage"},"thumbnailUrl":"https:\/\/makelaalu.fi\/wp-content\/uploads\/2017\/06\/maalaus2.jpg","datePublished":"2022-04-05T06:46:43+00:00","dateModified":"2022-05-27T09:58:59+00:00","breadcrumb":{"@id":"https:\/\/makelaalu.fi\/sv\/ytbehandlingar\/pulverlackering\/#breadcrumb"},"inLanguage":"sv-SE","potentialAction":[{"@type":"ReadAction","target":["https:\/\/makelaalu.fi\/sv\/ytbehandlingar\/pulverlackering\/"]}]},{"@type":"ImageObject","inLanguage":"sv-SE","@id":"https:\/\/makelaalu.fi\/sv\/ytbehandlingar\/pulverlackering\/#primaryimage","url":"https:\/\/makelaalu.fi\/wp-content\/uploads\/2017\/06\/maalaus2.jpg","contentUrl":"https:\/\/makelaalu.fi\/wp-content\/uploads\/2017\/06\/maalaus2.jpg"},{"@type":"BreadcrumbList","@id":"https:\/\/makelaalu.fi\/sv\/ytbehandlingar\/pulverlackering\/#breadcrumb","itemListElement":[{"@type":"ListItem","position":1,"name":"Frontpage","item":"https:\/\/makelaalu.fi\/sv\/"},{"@type":"ListItem","position":2,"name":"Ytbehandlingar","item":"https:\/\/dev.makelaalu.fi\/sv\/ytbehandlingar\/"},{"@type":"ListItem","position":3,"name":"Pulverlackering"}]},{"@type":"WebSite","@id":"https:\/\/dev.makelaalu.fi\/#website","url":"https:\/\/dev.makelaalu.fi\/","name":"M&auml;kel&auml; Alu Oy","description":"Alumiiniprofiilien puristaminen vuosikymmenten kokemuksella.","potentialAction":[{"@type":"SearchAction","target":{"@type":"EntryPoint","urlTemplate":"https:\/\/dev.makelaalu.fi\/?s={search_term_string}"},"query-input":{"@type":"PropertyValueSpecification","valueRequired":true,"valueName":"search_term_string"}}],"inLanguage":"sv-SE"}]}},"_links":{"self":[{"href":"https:\/\/makelaalu.fi\/sv\/wp-json\/wp\/v2\/pages\/7174","targetHints":{"allow":["GET"]}}],"collection":[{"href":"https:\/\/makelaalu.fi\/sv\/wp-json\/wp\/v2\/pages"}],"about":[{"href":"https:\/\/makelaalu.fi\/sv\/wp-json\/wp\/v2\/types\/page"}],"author":[{"embeddable":true,"href":"https:\/\/makelaalu.fi\/sv\/wp-json\/wp\/v2\/users\/5"}],"replies":[{"embeddable":true,"href":"https:\/\/makelaalu.fi\/sv\/wp-json\/wp\/v2\/comments?post=7174"}],"version-history":[{"count":3,"href":"https:\/\/makelaalu.fi\/sv\/wp-json\/wp\/v2\/pages\/7174\/revisions"}],"predecessor-version":[{"id":8639,"href":"https:\/\/makelaalu.fi\/sv\/wp-json\/wp\/v2\/pages\/7174\/revisions\/8639"}],"up":[{"embeddable":true,"href":"https:\/\/makelaalu.fi\/sv\/wp-json\/wp\/v2\/pages\/7166"}],"wp:attachment":[{"href":"https:\/\/makelaalu.fi\/sv\/wp-json\/wp\/v2\/media?parent=7174"}],"curies":[{"name":"wp","href":"https:\/\/api.w.org\/{rel}","templated":true}]}}