{"id":7180,"date":"2022-04-05T09:57:40","date_gmt":"2022-04-05T06:57:40","guid":{"rendered":"https:\/\/dev.makelaalu.fi\/?page_id=7180"},"modified":"2024-11-01T11:20:23","modified_gmt":"2024-11-01T09:20:23","slug":"decoral","status":"publish","type":"page","link":"https:\/\/makelaalu.fi\/sv\/ytbehandlingar\/decoral\/","title":{"rendered":"Decoral"},"content":{"rendered":"<h2>Decoral \u00e4r en unik ytbehandling f\u00f6r aluminiumprofiler<\/h2>\n<h4>Den vackra m\u00f6nstrade Decoral-bel\u00e4ggningen l\u00e4mpar sig mycket bra f\u00f6r ytbehandling av aluminiumprofiler. En Decoral-m\u00f6nstrad aluminiumprofil har samma egenskaper som en pulverlackerad aluminiumprofil.<\/h4>\n<figure id=\"attachment_5236\" aria-describedby=\"caption-attachment-5236\" style=\"width: 1200px\" class=\"wp-caption alignnone\"><img loading=\"lazy\" decoding=\"async\" class=\"wp-image-5236\" src=\"https:\/\/makelaalu.fi\/wp-content\/uploads\/2021\/02\/Makela_Alu_2021_decoral_alu_alucoating_kauppakeskus_columbus_1-300x200.jpg\" alt=\"M\u00e4kel\u00e4 Alun Decoral-pinnoite Kauppakeskus Columbuksessa\" width=\"1200\" height=\"800\" srcset=\"https:\/\/makelaalu.fi\/wp-content\/uploads\/2021\/02\/Makela_Alu_2021_decoral_alu_alucoating_kauppakeskus_columbus_1-300x200.jpg 300w, https:\/\/makelaalu.fi\/wp-content\/uploads\/2021\/02\/Makela_Alu_2021_decoral_alu_alucoating_kauppakeskus_columbus_1-1024x683.jpg 1024w, https:\/\/makelaalu.fi\/wp-content\/uploads\/2021\/02\/Makela_Alu_2021_decoral_alu_alucoating_kauppakeskus_columbus_1-768x512.jpg 768w, https:\/\/makelaalu.fi\/wp-content\/uploads\/2021\/02\/Makela_Alu_2021_decoral_alu_alucoating_kauppakeskus_columbus_1-1536x1024.jpg 1536w, https:\/\/makelaalu.fi\/wp-content\/uploads\/2021\/02\/Makela_Alu_2021_decoral_alu_alucoating_kauppakeskus_columbus_1.jpg 1920w\" sizes=\"auto, (max-width: 1200px) 100vw, 1200px\" \/><figcaption id=\"caption-attachment-5236\" class=\"wp-caption-text\">M\u00e4kel\u00e4 Alun Dekorm\u00f6nsterbel\u00e4ggning i korridoren i k\u00f6pcentret Columbus i Nordsj\u00f6. Foto av Jarno Mela<\/figcaption><\/figure>\n<p>Utm\u00e4rkande f\u00f6r ytbehandlingskonceptet\u00a0<a href=\"https:\/\/makelaalu.fi\/sv\/tjanster\/alucoating\/\">AluCoating\u00ae<\/a>\u00a0\u00e4r Decoral-bel\u00e4ggningen, med vilken man kan imitera sten, tr\u00e4 eller n\u00e4stan vilket \u00f6nskat m\u00f6nster som helst. Decoral-ytbehandlingen finns att f\u00e5 f\u00f6r max. 6,7 meter l\u00e5nga aluminiumprofiler.<\/p>\n<p><iframe loading=\"lazy\" src=\"https:\/\/www.youtube.com\/embed\/OD5UtQ7DT6A\" width=\"560\" height=\"315\" frameborder=\"0\" allowfullscreen=\"allowfullscreen\" data-mce-fragment=\"1\"><\/iframe><\/p>\n<h3>Var kan man anv\u00e4nda Decoral-ytbel\u00e4ggning?<\/h3>\n<p>Decoral \u00e4r en utm\u00e4rkt bel\u00e4ggning f\u00f6r aluminiumprofiler p\u00e5 s\u00e5dana st\u00e4llen d\u00e4r man kr\u00e4ver en vacker yta, men en l\u00e4tt konstruktion. Tr\u00e4konstruktioner \u00e4r naturligtvis tunga; f\u00f6r stora objekt kan aluminium vara ett f\u00f6rnuftigare alternativ. Genom att anv\u00e4nda aluminium kan man \u00e4ven minska brandrisken. Med Decoral-ytbehandlingen kan man ge profilen en yta som liknar \u00f6nskat tr\u00e4slag eller stenm\u00f6nster. Egenskaperna hos en Decoral-ytbelagd aluminiumprofil \u00e4r desamma som hos en pulverlackerad. Ytbel\u00e4ggningen st\u00e5r sig mycket bra mot tidens tand och skyddar aluminiumprofilen mot slitage. En Decoral-ytbel\u00e4ggning utomhus kr\u00e4ver inget underh\u00e5ll och smuts kan avl\u00e4gsnas fr\u00e5n ytorna genom att tv\u00e4tta dem. Decoral-ytbelagda produkter kan \u00e4ven \u00e5tervinnas.<\/p>\n<p>I v\u00e5r Decoral <em>&#8217;Instructions for delivering items for batch coating&#8217;<\/em> -guide ger vi detaljerad information om vad som beh\u00f6ver beaktas f\u00f6r de delar som skickas f\u00f6r bel\u00e4ggning. Ladda ner guiden fr\u00e5n <a href=\"https:\/\/makelaalu.fi\/wp-content\/uploads\/2024\/11\/Decoral_Instructions_for_delivering_items_for_batch_coating_2024.pdf\">denna l\u00e4nk<\/a>.<\/p>\n<h3>H\u00e5llbarhet och elegans<\/h3>\n<p>I Decoral-processen \u00f6verf\u00f6rs m\u00f6nstret och pigmenten som finns p\u00e5 en film till den pulverlackerade aluminiumprofilens f\u00e4rglager. Ytbel\u00e4ggningen \u00e4r mycket h\u00e5llbar och passar d\u00e4rf\u00f6r \u00e4ven f\u00f6r kr\u00e4vande objekt. Ytan t\u00e5l vatten, fukt och UV-str\u00e5lning mycket bra och d\u00e4rf\u00f6r \u00e4r Decoral ett bra val f\u00f6r s\u00e5dana objekt d\u00e4r man kr\u00e4ver en snygg yta men \u00e4ven h\u00e5llbarhet. Decoral-behandlade aluminiumprofiler f\u00f6rbehandlas p\u00e5 samma s\u00e4tt som \u00f6vriga ytbehandlade profiler: reng\u00f6ring, oxilan-behandling och grundf\u00e4rg. F\u00e4rgen p\u00e5 den valda Decoral-ytbel\u00e4ggningen inverkar \u00e4ven p\u00e5 grundf\u00e4rgens nyans. Se olika filmalternativ\u00a0<a href=\"https:\/\/makelaalu.fi\/wp-content\/uploads\/2024\/05\/makela_alu_decoral_standard_colours_A4_2024.pdf\" target=\"_blank\" rel=\"noopener\">h\u00e4r<\/a>.\u00a0Det finns tusentals alternativ, h\u00e4r \u00e4r bara n\u00e5gra exempel.<\/p>\n<p>Vill du veta mer om Decoral-ytbel\u00e4ggningen? <a href=\"https:\/\/makelaalu.fi\/sv\/kontakta\/\">Kontakta oss<\/a> f\u00f6r mer information.<\/p>\n<p><img loading=\"lazy\" decoding=\"async\" class=\"wp-image-2126 alignnone\" src=\"https:\/\/www.makelaalu.fi\/wp-content\/uploads\/2018\/03\/m\u00e4kel\u00e4alu_alumiiniprofiilit_pintak\u00e4sittely_pulverimaalaus_decoral1-731x1024.jpg\" alt=\"\" width=\"562\" height=\"788\" srcset=\"https:\/\/makelaalu.fi\/wp-content\/uploads\/2018\/03\/m\u00e4kel\u00e4alu_alumiiniprofiilit_pintak\u00e4sittely_pulverimaalaus_decoral1-731x1024.jpg 731w, https:\/\/makelaalu.fi\/wp-content\/uploads\/2018\/03\/m\u00e4kel\u00e4alu_alumiiniprofiilit_pintak\u00e4sittely_pulverimaalaus_decoral1-214x300.jpg 214w, https:\/\/makelaalu.fi\/wp-content\/uploads\/2018\/03\/m\u00e4kel\u00e4alu_alumiiniprofiilit_pintak\u00e4sittely_pulverimaalaus_decoral1-768x1076.jpg 768w, https:\/\/makelaalu.fi\/wp-content\/uploads\/2018\/03\/m\u00e4kel\u00e4alu_alumiiniprofiilit_pintak\u00e4sittely_pulverimaalaus_decoral1.jpg 874w\" sizes=\"auto, (max-width: 562px) 100vw, 562px\" \/><\/p>\n","protected":false},"excerpt":{"rendered":"Decoral \u00e4r en unik ytbehandling f\u00f6r aluminiumprofiler Den vackra m\u00f6nstrade Decoral-bel\u00e4ggningen l\u00e4mpar sig mycket bra f\u00f6r ytbehandling av aluminiumprofiler. En Decoral-m\u00f6nstrad aluminiumprofil har samma egenskaper som en pulverlackerad aluminiumprofil. Utm\u00e4rkande f\u00f6r ytbehandlingskonceptet\u00a0AluCoating\u00ae\u00a0\u00e4r Decoral-bel\u00e4ggningen, med vilken man kan imitera sten, tr\u00e4 eller n\u00e4stan vilket \u00f6nskat m\u00f6nster som helst. Decoral-ytbehandlingen finns att f\u00e5 f\u00f6r max. 6,7 meter l\u00e5nga aluminiumprofiler. Var kan man anv\u00e4nda Decoral-ytbel\u00e4ggning? Decoral \u00e4r en utm\u00e4rkt bel\u00e4ggning f\u00f6r aluminiumprofiler p\u00e5 s\u00e5dana st\u00e4llen d\u00e4r man kr\u00e4ver en vacker yta, men en l\u00e4tt konstruktion. Tr\u00e4konstruktioner \u00e4r naturligtvis tunga; f\u00f6r stora objekt kan aluminium vara ett f\u00f6rnuftigare alternativ. Genom att anv\u00e4nda aluminium kan man \u00e4ven minska brandrisken. Med Decoral-ytbehandlingen kan man ge profilen en yta som liknar \u00f6nskat tr\u00e4slag eller stenm\u00f6nster. Egenskaperna hos en Decoral-ytbelagd aluminiumprofil \u00e4r desamma som hos en pulverlackerad. Ytbel\u00e4ggningen st\u00e5r sig mycket bra mot tidens tand och skyddar aluminiumprofilen mot slitage. En Decoral-ytbel\u00e4ggning utomhus kr\u00e4ver inget underh\u00e5ll och smuts kan avl\u00e4gsnas fr\u00e5n ytorna genom att tv\u00e4tta dem. Decoral-ytbelagda produkter kan \u00e4ven \u00e5tervinnas. I v\u00e5r Decoral &#8217;Instructions for delivering items for batch coating&#8217; -guide ger vi detaljerad information om vad som beh\u00f6ver beaktas f\u00f6r de delar som skickas f\u00f6r bel\u00e4ggning. Ladda ner guiden fr\u00e5n denna l\u00e4nk. H\u00e5llbarhet och elegans I Decoral-processen \u00f6verf\u00f6rs m\u00f6nstret och pigmenten som finns p\u00e5 en film till den pulverlackerade aluminiumprofilens f\u00e4rglager. Ytbel\u00e4ggningen \u00e4r mycket h\u00e5llbar och passar d\u00e4rf\u00f6r \u00e4ven f\u00f6r kr\u00e4vande objekt. Ytan t\u00e5l vatten, fukt och UV-str\u00e5lning mycket bra och d\u00e4rf\u00f6r \u00e4r Decoral ett bra val f\u00f6r s\u00e5dana objekt d\u00e4r man kr\u00e4ver en snygg yta men \u00e4ven h\u00e5llbarhet. Decoral-behandlade aluminiumprofiler f\u00f6rbehandlas p\u00e5 samma s\u00e4tt som \u00f6vriga ytbehandlade profiler: reng\u00f6ring, oxilan-behandling och grundf\u00e4rg. F\u00e4rgen p\u00e5 den valda Decoral-ytbel\u00e4ggningen inverkar \u00e4ven p\u00e5 grundf\u00e4rgens nyans. Se olika filmalternativ\u00a0h\u00e4r.\u00a0Det finns tusentals alternativ, h\u00e4r \u00e4r bara n\u00e5gra exempel. Vill du veta mer om Decoral-ytbel\u00e4ggningen? Kontakta oss f\u00f6r mer information.","protected":false},"author":5,"featured_media":0,"parent":7166,"menu_order":38,"comment_status":"closed","ping_status":"closed","template":"","meta":{"_acf_changed":false,"footnotes":""},"class_list":["post-7180","page","type-page","status-publish","hentry"],"acf":[],"yoast_head":"<!-- This site is optimized with the Yoast SEO plugin v27.3 - https:\/\/yoast.com\/product\/yoast-seo-wordpress\/ -->\n<title>Decoral - M&auml;kel&auml; Alu Oy<\/title>\n<meta name=\"robots\" content=\"index, follow, max-snippet:-1, max-image-preview:large, max-video-preview:-1\" \/>\n<link rel=\"canonical\" href=\"https:\/\/makelaalu.fi\/sv\/ytbehandlingar\/decoral\/\" \/>\n<meta property=\"og:locale\" content=\"sv_SE\" \/>\n<meta property=\"og:type\" content=\"article\" \/>\n<meta property=\"og:title\" content=\"Decoral - M&auml;kel&auml; Alu Oy\" \/>\n<meta property=\"og:description\" content=\"Decoral \u00e4r en unik ytbehandling f\u00f6r aluminiumprofiler Den vackra m\u00f6nstrade Decoral-bel\u00e4ggningen l\u00e4mpar sig mycket bra f\u00f6r ytbehandling av aluminiumprofiler. En Decoral-m\u00f6nstrad aluminiumprofil har samma egenskaper som en pulverlackerad aluminiumprofil. Utm\u00e4rkande f\u00f6r ytbehandlingskonceptet\u00a0AluCoating\u00ae\u00a0\u00e4r Decoral-bel\u00e4ggningen, med vilken man kan imitera sten, tr\u00e4 eller n\u00e4stan vilket \u00f6nskat m\u00f6nster som helst. Decoral-ytbehandlingen finns att f\u00e5 f\u00f6r max. 6,7 meter l\u00e5nga aluminiumprofiler. Var kan man anv\u00e4nda Decoral-ytbel\u00e4ggning? Decoral \u00e4r en utm\u00e4rkt bel\u00e4ggning f\u00f6r aluminiumprofiler p\u00e5 s\u00e5dana st\u00e4llen d\u00e4r man kr\u00e4ver en vacker yta, men en l\u00e4tt konstruktion. Tr\u00e4konstruktioner \u00e4r naturligtvis tunga; f\u00f6r stora objekt kan aluminium vara ett f\u00f6rnuftigare alternativ. Genom att anv\u00e4nda aluminium kan man \u00e4ven minska brandrisken. Med Decoral-ytbehandlingen kan man ge profilen en yta som liknar \u00f6nskat tr\u00e4slag eller stenm\u00f6nster. Egenskaperna hos en Decoral-ytbelagd aluminiumprofil \u00e4r desamma som hos en pulverlackerad. Ytbel\u00e4ggningen st\u00e5r sig mycket bra mot tidens tand och skyddar aluminiumprofilen mot slitage. En Decoral-ytbel\u00e4ggning utomhus kr\u00e4ver inget underh\u00e5ll och smuts kan avl\u00e4gsnas fr\u00e5n ytorna genom att tv\u00e4tta dem. Decoral-ytbelagda produkter kan \u00e4ven \u00e5tervinnas. I v\u00e5r Decoral &#8217;Instructions for delivering items for batch coating&#8217; -guide ger vi detaljerad information om vad som beh\u00f6ver beaktas f\u00f6r de delar som skickas f\u00f6r bel\u00e4ggning. Ladda ner guiden fr\u00e5n denna l\u00e4nk. H\u00e5llbarhet och elegans I Decoral-processen \u00f6verf\u00f6rs m\u00f6nstret och pigmenten som finns p\u00e5 en film till den pulverlackerade aluminiumprofilens f\u00e4rglager. Ytbel\u00e4ggningen \u00e4r mycket h\u00e5llbar och passar d\u00e4rf\u00f6r \u00e4ven f\u00f6r kr\u00e4vande objekt. Ytan t\u00e5l vatten, fukt och UV-str\u00e5lning mycket bra och d\u00e4rf\u00f6r \u00e4r Decoral ett bra val f\u00f6r s\u00e5dana objekt d\u00e4r man kr\u00e4ver en snygg yta men \u00e4ven h\u00e5llbarhet. Decoral-behandlade aluminiumprofiler f\u00f6rbehandlas p\u00e5 samma s\u00e4tt som \u00f6vriga ytbehandlade profiler: reng\u00f6ring, oxilan-behandling och grundf\u00e4rg. F\u00e4rgen p\u00e5 den valda Decoral-ytbel\u00e4ggningen inverkar \u00e4ven p\u00e5 grundf\u00e4rgens nyans. Se olika filmalternativ\u00a0h\u00e4r.\u00a0Det finns tusentals alternativ, h\u00e4r \u00e4r bara n\u00e5gra exempel. Vill du veta mer om Decoral-ytbel\u00e4ggningen? Kontakta oss f\u00f6r mer information.\" \/>\n<meta property=\"og:url\" content=\"https:\/\/makelaalu.fi\/sv\/ytbehandlingar\/decoral\/\" \/>\n<meta property=\"og:site_name\" content=\"M&auml;kel&auml; Alu Oy\" \/>\n<meta property=\"article:modified_time\" content=\"2024-11-01T09:20:23+00:00\" \/>\n<meta property=\"og:image\" content=\"https:\/\/makelaalu.fi\/wp-content\/uploads\/2021\/02\/Makela_Alu_2021_decoral_alu_alucoating_kauppakeskus_columbus_1-1024x683.jpg\" \/>\n\t<meta property=\"og:image:width\" content=\"1024\" \/>\n\t<meta property=\"og:image:height\" content=\"683\" \/>\n\t<meta property=\"og:image:type\" content=\"image\/jpeg\" \/>\n<meta name=\"twitter:card\" content=\"summary_large_image\" \/>\n<meta name=\"twitter:label1\" content=\"Ber\u00e4knad l\u00e4stid\" \/>\n\t<meta name=\"twitter:data1\" content=\"3 minuter\" \/>\n<script type=\"application\/ld+json\" class=\"yoast-schema-graph\">{\"@context\":\"https:\\\/\\\/schema.org\",\"@graph\":[{\"@type\":\"WebPage\",\"@id\":\"https:\\\/\\\/makelaalu.fi\\\/sv\\\/ytbehandlingar\\\/decoral\\\/\",\"url\":\"https:\\\/\\\/makelaalu.fi\\\/sv\\\/ytbehandlingar\\\/decoral\\\/\",\"name\":\"Decoral - M&auml;kel&auml; Alu Oy\",\"isPartOf\":{\"@id\":\"https:\\\/\\\/dev.makelaalu.fi\\\/#website\"},\"primaryImageOfPage\":{\"@id\":\"https:\\\/\\\/makelaalu.fi\\\/sv\\\/ytbehandlingar\\\/decoral\\\/#primaryimage\"},\"image\":{\"@id\":\"https:\\\/\\\/makelaalu.fi\\\/sv\\\/ytbehandlingar\\\/decoral\\\/#primaryimage\"},\"thumbnailUrl\":\"https:\\\/\\\/makelaalu.fi\\\/wp-content\\\/uploads\\\/2021\\\/02\\\/Makela_Alu_2021_decoral_alu_alucoating_kauppakeskus_columbus_1-300x200.jpg\",\"datePublished\":\"2022-04-05T06:57:40+00:00\",\"dateModified\":\"2024-11-01T09:20:23+00:00\",\"breadcrumb\":{\"@id\":\"https:\\\/\\\/makelaalu.fi\\\/sv\\\/ytbehandlingar\\\/decoral\\\/#breadcrumb\"},\"inLanguage\":\"sv-SE\",\"potentialAction\":[{\"@type\":\"ReadAction\",\"target\":[\"https:\\\/\\\/makelaalu.fi\\\/sv\\\/ytbehandlingar\\\/decoral\\\/\"]}]},{\"@type\":\"ImageObject\",\"inLanguage\":\"sv-SE\",\"@id\":\"https:\\\/\\\/makelaalu.fi\\\/sv\\\/ytbehandlingar\\\/decoral\\\/#primaryimage\",\"url\":\"https:\\\/\\\/makelaalu.fi\\\/wp-content\\\/uploads\\\/2021\\\/02\\\/Makela_Alu_2021_decoral_alu_alucoating_kauppakeskus_columbus_1-300x200.jpg\",\"contentUrl\":\"https:\\\/\\\/makelaalu.fi\\\/wp-content\\\/uploads\\\/2021\\\/02\\\/Makela_Alu_2021_decoral_alu_alucoating_kauppakeskus_columbus_1-300x200.jpg\"},{\"@type\":\"BreadcrumbList\",\"@id\":\"https:\\\/\\\/makelaalu.fi\\\/sv\\\/ytbehandlingar\\\/decoral\\\/#breadcrumb\",\"itemListElement\":[{\"@type\":\"ListItem\",\"position\":1,\"name\":\"Frontpage\",\"item\":\"https:\\\/\\\/makelaalu.fi\\\/sv\\\/\"},{\"@type\":\"ListItem\",\"position\":2,\"name\":\"Ytbehandlingar\",\"item\":\"https:\\\/\\\/dev.makelaalu.fi\\\/sv\\\/ytbehandlingar\\\/\"},{\"@type\":\"ListItem\",\"position\":3,\"name\":\"Decoral\"}]},{\"@type\":\"WebSite\",\"@id\":\"https:\\\/\\\/dev.makelaalu.fi\\\/#website\",\"url\":\"https:\\\/\\\/dev.makelaalu.fi\\\/\",\"name\":\"M&auml;kel&auml; Alu Oy\",\"description\":\"Alumiiniprofiilien puristaminen vuosikymmenten kokemuksella.\",\"potentialAction\":[{\"@type\":\"SearchAction\",\"target\":{\"@type\":\"EntryPoint\",\"urlTemplate\":\"https:\\\/\\\/dev.makelaalu.fi\\\/?s={search_term_string}\"},\"query-input\":{\"@type\":\"PropertyValueSpecification\",\"valueRequired\":true,\"valueName\":\"search_term_string\"}}],\"inLanguage\":\"sv-SE\"}]}<\/script>\n<!-- \/ Yoast SEO plugin. -->","yoast_head_json":{"title":"Decoral - M&auml;kel&auml; Alu Oy","robots":{"index":"index","follow":"follow","max-snippet":"max-snippet:-1","max-image-preview":"max-image-preview:large","max-video-preview":"max-video-preview:-1"},"canonical":"https:\/\/makelaalu.fi\/sv\/ytbehandlingar\/decoral\/","og_locale":"sv_SE","og_type":"article","og_title":"Decoral - M&auml;kel&auml; Alu Oy","og_description":"Decoral \u00e4r en unik ytbehandling f\u00f6r aluminiumprofiler Den vackra m\u00f6nstrade Decoral-bel\u00e4ggningen l\u00e4mpar sig mycket bra f\u00f6r ytbehandling av aluminiumprofiler. En Decoral-m\u00f6nstrad aluminiumprofil har samma egenskaper som en pulverlackerad aluminiumprofil. Utm\u00e4rkande f\u00f6r ytbehandlingskonceptet\u00a0AluCoating\u00ae\u00a0\u00e4r Decoral-bel\u00e4ggningen, med vilken man kan imitera sten, tr\u00e4 eller n\u00e4stan vilket \u00f6nskat m\u00f6nster som helst. Decoral-ytbehandlingen finns att f\u00e5 f\u00f6r max. 6,7 meter l\u00e5nga aluminiumprofiler. Var kan man anv\u00e4nda Decoral-ytbel\u00e4ggning? Decoral \u00e4r en utm\u00e4rkt bel\u00e4ggning f\u00f6r aluminiumprofiler p\u00e5 s\u00e5dana st\u00e4llen d\u00e4r man kr\u00e4ver en vacker yta, men en l\u00e4tt konstruktion. Tr\u00e4konstruktioner \u00e4r naturligtvis tunga; f\u00f6r stora objekt kan aluminium vara ett f\u00f6rnuftigare alternativ. Genom att anv\u00e4nda aluminium kan man \u00e4ven minska brandrisken. Med Decoral-ytbehandlingen kan man ge profilen en yta som liknar \u00f6nskat tr\u00e4slag eller stenm\u00f6nster. Egenskaperna hos en Decoral-ytbelagd aluminiumprofil \u00e4r desamma som hos en pulverlackerad. Ytbel\u00e4ggningen st\u00e5r sig mycket bra mot tidens tand och skyddar aluminiumprofilen mot slitage. En Decoral-ytbel\u00e4ggning utomhus kr\u00e4ver inget underh\u00e5ll och smuts kan avl\u00e4gsnas fr\u00e5n ytorna genom att tv\u00e4tta dem. Decoral-ytbelagda produkter kan \u00e4ven \u00e5tervinnas. I v\u00e5r Decoral &#8217;Instructions for delivering items for batch coating&#8217; -guide ger vi detaljerad information om vad som beh\u00f6ver beaktas f\u00f6r de delar som skickas f\u00f6r bel\u00e4ggning. Ladda ner guiden fr\u00e5n denna l\u00e4nk. H\u00e5llbarhet och elegans I Decoral-processen \u00f6verf\u00f6rs m\u00f6nstret och pigmenten som finns p\u00e5 en film till den pulverlackerade aluminiumprofilens f\u00e4rglager. Ytbel\u00e4ggningen \u00e4r mycket h\u00e5llbar och passar d\u00e4rf\u00f6r \u00e4ven f\u00f6r kr\u00e4vande objekt. Ytan t\u00e5l vatten, fukt och UV-str\u00e5lning mycket bra och d\u00e4rf\u00f6r \u00e4r Decoral ett bra val f\u00f6r s\u00e5dana objekt d\u00e4r man kr\u00e4ver en snygg yta men \u00e4ven h\u00e5llbarhet. Decoral-behandlade aluminiumprofiler f\u00f6rbehandlas p\u00e5 samma s\u00e4tt som \u00f6vriga ytbehandlade profiler: reng\u00f6ring, oxilan-behandling och grundf\u00e4rg. F\u00e4rgen p\u00e5 den valda Decoral-ytbel\u00e4ggningen inverkar \u00e4ven p\u00e5 grundf\u00e4rgens nyans. Se olika filmalternativ\u00a0h\u00e4r.\u00a0Det finns tusentals alternativ, h\u00e4r \u00e4r bara n\u00e5gra exempel. Vill du veta mer om Decoral-ytbel\u00e4ggningen? Kontakta oss f\u00f6r mer information.","og_url":"https:\/\/makelaalu.fi\/sv\/ytbehandlingar\/decoral\/","og_site_name":"M&auml;kel&auml; Alu Oy","article_modified_time":"2024-11-01T09:20:23+00:00","og_image":[{"width":1024,"height":683,"url":"https:\/\/makelaalu.fi\/wp-content\/uploads\/2021\/02\/Makela_Alu_2021_decoral_alu_alucoating_kauppakeskus_columbus_1-1024x683.jpg","type":"image\/jpeg"}],"twitter_card":"summary_large_image","twitter_misc":{"Ber\u00e4knad l\u00e4stid":"3 minuter"},"schema":{"@context":"https:\/\/schema.org","@graph":[{"@type":"WebPage","@id":"https:\/\/makelaalu.fi\/sv\/ytbehandlingar\/decoral\/","url":"https:\/\/makelaalu.fi\/sv\/ytbehandlingar\/decoral\/","name":"Decoral - M&auml;kel&auml; Alu Oy","isPartOf":{"@id":"https:\/\/dev.makelaalu.fi\/#website"},"primaryImageOfPage":{"@id":"https:\/\/makelaalu.fi\/sv\/ytbehandlingar\/decoral\/#primaryimage"},"image":{"@id":"https:\/\/makelaalu.fi\/sv\/ytbehandlingar\/decoral\/#primaryimage"},"thumbnailUrl":"https:\/\/makelaalu.fi\/wp-content\/uploads\/2021\/02\/Makela_Alu_2021_decoral_alu_alucoating_kauppakeskus_columbus_1-300x200.jpg","datePublished":"2022-04-05T06:57:40+00:00","dateModified":"2024-11-01T09:20:23+00:00","breadcrumb":{"@id":"https:\/\/makelaalu.fi\/sv\/ytbehandlingar\/decoral\/#breadcrumb"},"inLanguage":"sv-SE","potentialAction":[{"@type":"ReadAction","target":["https:\/\/makelaalu.fi\/sv\/ytbehandlingar\/decoral\/"]}]},{"@type":"ImageObject","inLanguage":"sv-SE","@id":"https:\/\/makelaalu.fi\/sv\/ytbehandlingar\/decoral\/#primaryimage","url":"https:\/\/makelaalu.fi\/wp-content\/uploads\/2021\/02\/Makela_Alu_2021_decoral_alu_alucoating_kauppakeskus_columbus_1-300x200.jpg","contentUrl":"https:\/\/makelaalu.fi\/wp-content\/uploads\/2021\/02\/Makela_Alu_2021_decoral_alu_alucoating_kauppakeskus_columbus_1-300x200.jpg"},{"@type":"BreadcrumbList","@id":"https:\/\/makelaalu.fi\/sv\/ytbehandlingar\/decoral\/#breadcrumb","itemListElement":[{"@type":"ListItem","position":1,"name":"Frontpage","item":"https:\/\/makelaalu.fi\/sv\/"},{"@type":"ListItem","position":2,"name":"Ytbehandlingar","item":"https:\/\/dev.makelaalu.fi\/sv\/ytbehandlingar\/"},{"@type":"ListItem","position":3,"name":"Decoral"}]},{"@type":"WebSite","@id":"https:\/\/dev.makelaalu.fi\/#website","url":"https:\/\/dev.makelaalu.fi\/","name":"M&auml;kel&auml; Alu Oy","description":"Alumiiniprofiilien puristaminen vuosikymmenten kokemuksella.","potentialAction":[{"@type":"SearchAction","target":{"@type":"EntryPoint","urlTemplate":"https:\/\/dev.makelaalu.fi\/?s={search_term_string}"},"query-input":{"@type":"PropertyValueSpecification","valueRequired":true,"valueName":"search_term_string"}}],"inLanguage":"sv-SE"}]}},"_links":{"self":[{"href":"https:\/\/makelaalu.fi\/sv\/wp-json\/wp\/v2\/pages\/7180","targetHints":{"allow":["GET"]}}],"collection":[{"href":"https:\/\/makelaalu.fi\/sv\/wp-json\/wp\/v2\/pages"}],"about":[{"href":"https:\/\/makelaalu.fi\/sv\/wp-json\/wp\/v2\/types\/page"}],"author":[{"embeddable":true,"href":"https:\/\/makelaalu.fi\/sv\/wp-json\/wp\/v2\/users\/5"}],"replies":[{"embeddable":true,"href":"https:\/\/makelaalu.fi\/sv\/wp-json\/wp\/v2\/comments?post=7180"}],"version-history":[{"count":9,"href":"https:\/\/makelaalu.fi\/sv\/wp-json\/wp\/v2\/pages\/7180\/revisions"}],"predecessor-version":[{"id":10656,"href":"https:\/\/makelaalu.fi\/sv\/wp-json\/wp\/v2\/pages\/7180\/revisions\/10656"}],"up":[{"embeddable":true,"href":"https:\/\/makelaalu.fi\/sv\/wp-json\/wp\/v2\/pages\/7166"}],"wp:attachment":[{"href":"https:\/\/makelaalu.fi\/sv\/wp-json\/wp\/v2\/media?parent=7180"}],"curies":[{"name":"wp","href":"https:\/\/api.w.org\/{rel}","templated":true}]}}