{"id":7186,"date":"2022-04-05T10:06:42","date_gmt":"2022-04-05T07:06:42","guid":{"rendered":"https:\/\/dev.makelaalu.fi\/?page_id=7186"},"modified":"2025-10-06T11:38:44","modified_gmt":"2025-10-06T08:38:44","slug":"tjanster","status":"publish","type":"page","link":"https:\/\/makelaalu.fi\/sv\/tjanster\/","title":{"rendered":"Tj\u00e4nster"},"content":{"rendered":"<div class=\"wpb-content-wrapper\"><p>[vc_row lg_spacing=&#8221;padding_top:60;padding_bottom:20&#8243;][vc_column][vc_row_inner][vc_column_inner][vc_column_text]<\/p>\n<h2>AluServices effektiviserar processerna<\/h2>\n<h4>De till\u00e4ggstj\u00e4nster inom logistiken som vi utvecklat tillsammans med v\u00e5ra kunder svarar p\u00e5 utmaningarna med hantering, transport och lagring av profilerna. Vi str\u00e4var efter att g\u00f6ra tillg\u00e5ngen till aluminiumprofiler s\u00e5 enkel som m\u00f6jligt f\u00f6r v\u00e5ra kunder, precis vid den tidpunkt och i s\u00e5dana partier som de beh\u00f6ver.<\/h4>\n<h4><\/h4>\n<p>[\/vc_column_text][vc_zigzag][\/vc_column_inner][\/vc_row_inner][\/vc_column][\/vc_row][vc_row][vc_column][vc_row_inner][vc_column_inner][vc_column_text]V\u00e5rt m\u00e5l \u00e4r att erbjuda kunderna det ekonomiskt mest f\u00f6rdelaktiga alternativet. Det slutliga priset utg\u00f6rs ju inte enbart av r\u00e5materialet, utan p\u00e5verkas av hela produktionsprocessen och dess effektivitet. Det \u00e4r precis h\u00e4r som vi kan erbjuda merv\u00e4rde med konceptet AluServices.[\/vc_column_text][\/vc_column_inner][\/vc_row_inner][\/vc_column][\/vc_row][vc_row lg_spacing=&#8221;padding_top:30&#8243;][vc_column][vc_row_inner][vc_column_inner width=&#8221;1\/2&#8243;][vc_column_text]<\/p>\n<div id=\"tm-row-6267e1e61a457\" class=\"vc_row vc_row-outer vc_row-fluid\">\n<div id=\"tm-column-6267e1e61a614\" class=\"wpb_column vc_column_container vc_col-sm-12\">\n<div class=\"vc_column-inner \">\n<div class=\"wpb_wrapper\">\n<div id=\"tm-row-inner-6267e1e61a72f\" class=\"vc_row vc_inner vc_row-fluid\">\n<div id=\"tm-column-inner-6267e1e61a835\" class=\"wpb_column vc_column_container vc_col-sm-12\">\n<div class=\"vc_column-inner \">\n<div class=\"wpb_wrapper\">\n<div class=\"wpb_text_column wpb_content_element \">\n<div class=\"wpb_wrapper\">\n<p>Ditt f\u00f6retag sparar b\u00e5de tid och pengar n\u00e4r allt som f\u00f6rknippas med leveranser av aluminiumprofiler har utkontrakterats. Till exempel v\u00e5ra <a href=\"https:\/\/makelaalu.fi\/sv\/tjanster\/alustorage\/\">lagringstj\u00e4nster<\/a> minskar ditt f\u00f6retags egna fastighets- och utrymmesbehov och kostnader som f\u00f6rknippas med dem. Med lagringstj\u00e4nsten kan du effektivisera din egen aff\u00e4rsverksamhet och \u00f6ka din konkurrenskraft. Vi utvecklar kontinuerligt v\u00e5ra tj\u00e4nster i n\u00e4ra samarbete med v\u00e5ra kunder. Produktionens effektivitet och tj\u00e4nsternas smidighet utvecklas med kontinuerlig utbildning och nya investeringar. Med ett helt\u00e4ckande partnerskap med oss f\u00e5r ditt f\u00f6retag ut det mesta m\u00f6jliga av kundrelationen.<\/p>\n<p>L\u00e4s mer om v\u00e5rt tj\u00e4nsteutbud h\u00e4r eller kontakta v\u00e5ra <a href=\"https:\/\/makelaalu.fi\/sv\/kontakta\/\">f\u00f6rs\u00e4ljare<\/a>! V\u00e5ra tj\u00e4nster har ocks\u00e5 beskrivits i bifogad animation.<\/p>\n<p><iframe loading=\"lazy\" title=\"M\u00e4kel\u00e4 Alu Services\" width=\"640\" height=\"360\" src=\"https:\/\/www.youtube.com\/embed\/uLGb6VW8ncc?feature=oembed\" frameborder=\"0\" allow=\"accelerometer; autoplay; clipboard-write; encrypted-media; gyroscope; picture-in-picture; web-share\" referrerpolicy=\"strict-origin-when-cross-origin\" allowfullscreen><\/iframe><\/p>\n<\/div>\n<\/div>\n<\/div>\n<\/div>\n<\/div>\n<\/div>\n<\/div>\n<\/div>\n<\/div>\n<\/div>\n<p>[\/vc_column_text][\/vc_column_inner][vc_column_inner width=&#8221;1\/2&#8243;][vc_single_image image=&#8221;11400&#8243; img_size=&#8221;1200&#215;600&#8243; css=&#8221;&#8221;][\/vc_column_inner][\/vc_row_inner][\/vc_column][\/vc_row][vc_row full_width=&#8221;stretch_row&#8221; overlay_background=&#8221;overlay_custom_background&#8221; overlay_custom_background=&#8221;#ffffff&#8221; overlay_opacity=&#8221;90&#8243; lg_spacing=&#8221;padding_top:20;padding_bottom:20&#8243; el_id=&#8221;palvelumme&#8221;][vc_column][vc_row_inner lg_spacing=&#8221;padding_bottom:40&#8243;][vc_column_inner][vc_zigzag][\/vc_column_inner][\/vc_row_inner][vc_row_inner lg_spacing=&#8221;padding_bottom:10&#8243;][vc_column_inner][vc_column_text]<\/p>\n<h2>Tj\u00e4nster<\/h2>\n<p>[\/vc_column_text][\/vc_column_inner][\/vc_row_inner][vc_row_inner][vc_column_inner width=&#8221;1\/6&#8243;][vc_single_image image=&#8221;793&#8243; img_size=&#8221;600&#215;350&#8243; alignment=&#8221;center&#8221; style=&#8221;vc_box_shadow&#8221; onclick=&#8221;custom_link&#8221; link=&#8221;\/sv\/tjanster\/alubasket\/&#8221;][vc_column_text]<\/p>\n<h4 style=\"text-align: center;\"><a href=\"https:\/\/makelaalu.fi\/sv\/tjanster\/alubasket\/\">AluBasket\u00ae<\/a><\/h4>\n<p>[\/vc_column_text][\/vc_column_inner][vc_column_inner width=&#8221;1\/6&#8243;][vc_single_image image=&#8221;6188&#8243; img_size=&#8221;600&#215;350&#8243; alignment=&#8221;center&#8221; style=&#8221;vc_box_shadow&#8221; onclick=&#8221;custom_link&#8221; link=&#8221;\/sv\/tjanster\/alustorage\/&#8221;][vc_column_text]<\/p>\n<h4 style=\"text-align: center;\"><a href=\"https:\/\/makelaalu.fi\/sv\/tjanster\/alustorage\/\">AluStorage\u00ae<\/a><\/h4>\n<p>[\/vc_column_text][\/vc_column_inner][vc_column_inner width=&#8221;1\/6&#8243;][vc_single_image image=&#8221;8475&#8243; img_size=&#8221;600&#215;350&#8243; alignment=&#8221;center&#8221; style=&#8221;vc_box_shadow&#8221; onclick=&#8221;custom_link&#8221; link=&#8221;\/sv\/tjanster\/alucalloff&#8221;][vc_column_text]<\/p>\n<h4 style=\"text-align: center;\"><a href=\"https:\/\/makelaalu.fi\/sv\/tjanster\/alucalloff\/\">AluCallOff\u00ae<\/a><\/h4>\n<p>[\/vc_column_text][\/vc_column_inner][vc_column_inner width=&#8221;1\/6&#8243;][vc_single_image image=&#8221;6184&#8243; img_size=&#8221;600&#215;350&#8243; alignment=&#8221;center&#8221; style=&#8221;vc_box_shadow&#8221; onclick=&#8221;custom_link&#8221; link=&#8221;\/sv\/tjanster\/alucoating&#8221;][vc_column_text]<\/p>\n<h4 style=\"text-align: center;\"><a href=\"https:\/\/makelaalu.fi\/sv\/tjanster\/alucoating\/\">AluCoating\u00ae<\/a><\/h4>\n<p>[\/vc_column_text][\/vc_column_inner][vc_column_inner width=&#8221;1\/6&#8243;][vc_single_image image=&#8221;6325&#8243; img_size=&#8221;600&#215;350&#8243; alignment=&#8221;center&#8221; style=&#8221;vc_box_shadow&#8221; onclick=&#8221;custom_link&#8221; link=&#8221;\/sv\/tjanster\/alustorage&#8221;][vc_column_text]<\/p>\n<h4 style=\"text-align: center;\"><a href=\"https:\/\/makelaalu.fi\/sv\/tjanster\/aludesign\/\">AluDesign<\/a><\/h4>\n<p>[\/vc_column_text][\/vc_column_inner][vc_column_inner width=&#8221;1\/6&#8243;][vc_single_image image=&#8221;10669&#8243; img_size=&#8221;600&#215;350&#8243; alignment=&#8221;center&#8221; style=&#8221;vc_box_shadow&#8221; onclick=&#8221;custom_link&#8221; css=&#8221;&#8221; link=&#8221;\/sv\/tjanster\/aluplanet\/&#8221;][vc_column_text css=&#8221;&#8221;]<\/p>\n<h4 style=\"text-align: center;\"><a href=\"https:\/\/makelaalu.fi\/sv\/tjanster\/aluplanet\/\">AluPlanet\u00ae<\/a><\/h4>\n<p>[\/vc_column_text][\/vc_column_inner][\/vc_row_inner][\/vc_column][\/vc_row]<\/p>\n<\/div>","protected":false},"excerpt":{"rendered":"[vc_row lg_spacing=&#8221;padding_top:60;padding_bottom:20&#8243;][vc_column][vc_row_inner][vc_column_inner][vc_column_text] AluServices effektiviserar processerna De till\u00e4ggstj\u00e4nster inom logistiken som vi utvecklat tillsammans med v\u00e5ra kunder svarar p\u00e5 utmaningarna med hantering, transport och lagring av profilerna. Vi str\u00e4var efter att g\u00f6ra tillg\u00e5ngen till aluminiumprofiler s\u00e5 enkel som m\u00f6jligt f\u00f6r v\u00e5ra kunder, precis vid den tidpunkt och i s\u00e5dana partier som de beh\u00f6ver. [\/vc_column_text][vc_zigzag][\/vc_column_inner][\/vc_row_inner][\/vc_column][\/vc_row][vc_row][vc_column][vc_row_inner][vc_column_inner][vc_column_text]V\u00e5rt m\u00e5l \u00e4r att erbjuda kunderna det ekonomiskt mest f\u00f6rdelaktiga alternativet. Det slutliga priset utg\u00f6rs ju inte enbart av r\u00e5materialet, utan p\u00e5verkas av hela produktionsprocessen och dess effektivitet. Det \u00e4r precis h\u00e4r som vi kan erbjuda merv\u00e4rde med konceptet AluServices.[\/vc_column_text][\/vc_column_inner][\/vc_row_inner][\/vc_column][\/vc_row][vc_row lg_spacing=&#8221;padding_top:30&#8243;][vc_column][vc_row_inner][vc_column_inner width=&#8221;1\/2&#8243;][vc_column_text] Ditt f\u00f6retag sparar b\u00e5de tid och pengar n\u00e4r allt som f\u00f6rknippas med leveranser av aluminiumprofiler har utkontrakterats. Till exempel v\u00e5ra lagringstj\u00e4nster minskar ditt f\u00f6retags egna fastighets- och utrymmesbehov och kostnader som f\u00f6rknippas med dem. Med lagringstj\u00e4nsten kan du effektivisera din egen aff\u00e4rsverksamhet och \u00f6ka din konkurrenskraft. Vi utvecklar kontinuerligt v\u00e5ra tj\u00e4nster i n\u00e4ra samarbete med v\u00e5ra kunder. Produktionens effektivitet och tj\u00e4nsternas smidighet utvecklas med kontinuerlig utbildning och nya investeringar. Med ett helt\u00e4ckande partnerskap med oss f\u00e5r ditt f\u00f6retag ut det mesta m\u00f6jliga av kundrelationen. L\u00e4s mer om v\u00e5rt tj\u00e4nsteutbud h\u00e4r eller kontakta v\u00e5ra f\u00f6rs\u00e4ljare! V\u00e5ra tj\u00e4nster har ocks\u00e5 beskrivits i bifogad animation. [\/vc_column_text][\/vc_column_inner][vc_column_inner width=&#8221;1\/2&#8243;][vc_single_image image=&#8221;11400&#8243; img_size=&#8221;1200&#215;600&#8243; css=&#8221;&#8221;][\/vc_column_inner][\/vc_row_inner][\/vc_column][\/vc_row][vc_row full_width=&#8221;stretch_row&#8221; overlay_background=&#8221;overlay_custom_background&#8221; overlay_custom_background=&#8221;#ffffff&#8221; overlay_opacity=&#8221;90&#8243; lg_spacing=&#8221;padding_top:20;padding_bottom:20&#8243; el_id=&#8221;palvelumme&#8221;][vc_column][vc_row_inner lg_spacing=&#8221;padding_bottom:40&#8243;][vc_column_inner][vc_zigzag][\/vc_column_inner][\/vc_row_inner][vc_row_inner lg_spacing=&#8221;padding_bottom:10&#8243;][vc_column_inner][vc_column_text] Tj\u00e4nster [\/vc_column_text][\/vc_column_inner][\/vc_row_inner][vc_row_inner][vc_column_inner width=&#8221;1\/6&#8243;][vc_single_image image=&#8221;793&#8243; img_size=&#8221;600&#215;350&#8243; alignment=&#8221;center&#8221; style=&#8221;vc_box_shadow&#8221; onclick=&#8221;custom_link&#8221; link=&#8221;\/sv\/tjanster\/alubasket\/&#8221;][vc_column_text] AluBasket\u00ae [\/vc_column_text][\/vc_column_inner][vc_column_inner width=&#8221;1\/6&#8243;][vc_single_image image=&#8221;6188&#8243; img_size=&#8221;600&#215;350&#8243; alignment=&#8221;center&#8221; style=&#8221;vc_box_shadow&#8221; onclick=&#8221;custom_link&#8221; link=&#8221;\/sv\/tjanster\/alustorage\/&#8221;][vc_column_text] AluStorage\u00ae [\/vc_column_text][\/vc_column_inner][vc_column_inner width=&#8221;1\/6&#8243;][vc_single_image image=&#8221;8475&#8243; img_size=&#8221;600&#215;350&#8243; alignment=&#8221;center&#8221; style=&#8221;vc_box_shadow&#8221; onclick=&#8221;custom_link&#8221; link=&#8221;\/sv\/tjanster\/alucalloff&#8221;][vc_column_text] AluCallOff\u00ae [\/vc_column_text][\/vc_column_inner][vc_column_inner width=&#8221;1\/6&#8243;][vc_single_image image=&#8221;6184&#8243; img_size=&#8221;600&#215;350&#8243; alignment=&#8221;center&#8221; style=&#8221;vc_box_shadow&#8221; onclick=&#8221;custom_link&#8221; link=&#8221;\/sv\/tjanster\/alucoating&#8221;][vc_column_text] AluCoating\u00ae [\/vc_column_text][\/vc_column_inner][vc_column_inner width=&#8221;1\/6&#8243;][vc_single_image image=&#8221;6325&#8243; img_size=&#8221;600&#215;350&#8243; alignment=&#8221;center&#8221; style=&#8221;vc_box_shadow&#8221; onclick=&#8221;custom_link&#8221; link=&#8221;\/sv\/tjanster\/alustorage&#8221;][vc_column_text] AluDesign [\/vc_column_text][\/vc_column_inner][vc_column_inner width=&#8221;1\/6&#8243;][vc_single_image image=&#8221;10669&#8243; img_size=&#8221;600&#215;350&#8243; alignment=&#8221;center&#8221; style=&#8221;vc_box_shadow&#8221; onclick=&#8221;custom_link&#8221; css=&#8221;&#8221; link=&#8221;\/sv\/tjanster\/aluplanet\/&#8221;][vc_column_text css=&#8221;&#8221;] AluPlanet\u00ae [\/vc_column_text][\/vc_column_inner][\/vc_row_inner][\/vc_column][\/vc_row]","protected":false},"author":5,"featured_media":0,"parent":0,"menu_order":40,"comment_status":"closed","ping_status":"closed","template":"","meta":{"_acf_changed":false,"footnotes":""},"class_list":["post-7186","page","type-page","status-publish","hentry"],"acf":[],"yoast_head":"<!-- This site is optimized with the Yoast SEO plugin v27.4 - https:\/\/yoast.com\/product\/yoast-seo-wordpress\/ -->\n<title>Tj\u00e4nster - hantering, transport och lagring av aluminiumprofilerna<\/title>\n<meta name=\"description\" content=\"De till\u00e4ggstj\u00e4nster inom logistiken som vi utvecklat tillsammans med v\u00e5ra kunder svarar p\u00e5 utmaningarna med hantering, transport och lagring av aluminiumprofilerna.\" \/>\n<meta name=\"robots\" content=\"index, follow, max-snippet:-1, max-image-preview:large, max-video-preview:-1\" \/>\n<link rel=\"canonical\" href=\"https:\/\/makelaalu.fi\/sv\/tjanster\/\" \/>\n<meta property=\"og:locale\" content=\"sv_SE\" \/>\n<meta property=\"og:type\" content=\"article\" \/>\n<meta property=\"og:title\" content=\"Tj\u00e4nster - hantering, transport och lagring av aluminiumprofilerna\" \/>\n<meta property=\"og:description\" content=\"De till\u00e4ggstj\u00e4nster inom logistiken som vi utvecklat tillsammans med v\u00e5ra kunder svarar p\u00e5 utmaningarna med hantering, transport och lagring av aluminiumprofilerna.\" \/>\n<meta property=\"og:url\" content=\"https:\/\/makelaalu.fi\/sv\/tjanster\/\" \/>\n<meta property=\"og:site_name\" content=\"M&auml;kel&auml; Alu Oy\" \/>\n<meta property=\"article:modified_time\" content=\"2025-10-06T08:38:44+00:00\" \/>\n<meta name=\"twitter:card\" content=\"summary_large_image\" \/>\n<meta name=\"twitter:label1\" content=\"Ber\u00e4knad l\u00e4stid\" \/>\n\t<meta name=\"twitter:data1\" content=\"4 minuter\" \/>\n<script type=\"application\/ld+json\" class=\"yoast-schema-graph\">{\"@context\":\"https:\\\/\\\/schema.org\",\"@graph\":[{\"@type\":\"WebPage\",\"@id\":\"https:\\\/\\\/makelaalu.fi\\\/sv\\\/tjanster\\\/\",\"url\":\"https:\\\/\\\/makelaalu.fi\\\/sv\\\/tjanster\\\/\",\"name\":\"Tj\u00e4nster - hantering, transport och lagring av aluminiumprofilerna\",\"isPartOf\":{\"@id\":\"https:\\\/\\\/dev.makelaalu.fi\\\/#website\"},\"datePublished\":\"2022-04-05T07:06:42+00:00\",\"dateModified\":\"2025-10-06T08:38:44+00:00\",\"description\":\"De till\u00e4ggstj\u00e4nster inom logistiken som vi utvecklat tillsammans med v\u00e5ra kunder svarar p\u00e5 utmaningarna med hantering, transport och lagring av aluminiumprofilerna.\",\"breadcrumb\":{\"@id\":\"https:\\\/\\\/makelaalu.fi\\\/sv\\\/tjanster\\\/#breadcrumb\"},\"inLanguage\":\"sv-SE\",\"potentialAction\":[{\"@type\":\"ReadAction\",\"target\":[\"https:\\\/\\\/makelaalu.fi\\\/sv\\\/tjanster\\\/\"]}]},{\"@type\":\"BreadcrumbList\",\"@id\":\"https:\\\/\\\/makelaalu.fi\\\/sv\\\/tjanster\\\/#breadcrumb\",\"itemListElement\":[{\"@type\":\"ListItem\",\"position\":1,\"name\":\"Frontpage\",\"item\":\"https:\\\/\\\/makelaalu.fi\\\/sv\\\/\"},{\"@type\":\"ListItem\",\"position\":2,\"name\":\"Tj\u00e4nster\"}]},{\"@type\":\"WebSite\",\"@id\":\"https:\\\/\\\/dev.makelaalu.fi\\\/#website\",\"url\":\"https:\\\/\\\/dev.makelaalu.fi\\\/\",\"name\":\"M&auml;kel&auml; Alu Oy\",\"description\":\"Alumiiniprofiilien puristaminen vuosikymmenten kokemuksella.\",\"potentialAction\":[{\"@type\":\"SearchAction\",\"target\":{\"@type\":\"EntryPoint\",\"urlTemplate\":\"https:\\\/\\\/dev.makelaalu.fi\\\/?s={search_term_string}\"},\"query-input\":{\"@type\":\"PropertyValueSpecification\",\"valueRequired\":true,\"valueName\":\"search_term_string\"}}],\"inLanguage\":\"sv-SE\"}]}<\/script>\n<!-- \/ Yoast SEO plugin. -->","yoast_head_json":{"title":"Tj\u00e4nster - hantering, transport och lagring av aluminiumprofilerna","description":"De till\u00e4ggstj\u00e4nster inom logistiken som vi utvecklat tillsammans med v\u00e5ra kunder svarar p\u00e5 utmaningarna med hantering, transport och lagring av aluminiumprofilerna.","robots":{"index":"index","follow":"follow","max-snippet":"max-snippet:-1","max-image-preview":"max-image-preview:large","max-video-preview":"max-video-preview:-1"},"canonical":"https:\/\/makelaalu.fi\/sv\/tjanster\/","og_locale":"sv_SE","og_type":"article","og_title":"Tj\u00e4nster - hantering, transport och lagring av aluminiumprofilerna","og_description":"De till\u00e4ggstj\u00e4nster inom logistiken som vi utvecklat tillsammans med v\u00e5ra kunder svarar p\u00e5 utmaningarna med hantering, transport och lagring av aluminiumprofilerna.","og_url":"https:\/\/makelaalu.fi\/sv\/tjanster\/","og_site_name":"M&auml;kel&auml; Alu Oy","article_modified_time":"2025-10-06T08:38:44+00:00","twitter_card":"summary_large_image","twitter_misc":{"Ber\u00e4knad l\u00e4stid":"4 minuter"},"schema":{"@context":"https:\/\/schema.org","@graph":[{"@type":"WebPage","@id":"https:\/\/makelaalu.fi\/sv\/tjanster\/","url":"https:\/\/makelaalu.fi\/sv\/tjanster\/","name":"Tj\u00e4nster - hantering, transport och lagring av aluminiumprofilerna","isPartOf":{"@id":"https:\/\/dev.makelaalu.fi\/#website"},"datePublished":"2022-04-05T07:06:42+00:00","dateModified":"2025-10-06T08:38:44+00:00","description":"De till\u00e4ggstj\u00e4nster inom logistiken som vi utvecklat tillsammans med v\u00e5ra kunder svarar p\u00e5 utmaningarna med hantering, transport och lagring av aluminiumprofilerna.","breadcrumb":{"@id":"https:\/\/makelaalu.fi\/sv\/tjanster\/#breadcrumb"},"inLanguage":"sv-SE","potentialAction":[{"@type":"ReadAction","target":["https:\/\/makelaalu.fi\/sv\/tjanster\/"]}]},{"@type":"BreadcrumbList","@id":"https:\/\/makelaalu.fi\/sv\/tjanster\/#breadcrumb","itemListElement":[{"@type":"ListItem","position":1,"name":"Frontpage","item":"https:\/\/makelaalu.fi\/sv\/"},{"@type":"ListItem","position":2,"name":"Tj\u00e4nster"}]},{"@type":"WebSite","@id":"https:\/\/dev.makelaalu.fi\/#website","url":"https:\/\/dev.makelaalu.fi\/","name":"M&auml;kel&auml; Alu Oy","description":"Alumiiniprofiilien puristaminen vuosikymmenten kokemuksella.","potentialAction":[{"@type":"SearchAction","target":{"@type":"EntryPoint","urlTemplate":"https:\/\/dev.makelaalu.fi\/?s={search_term_string}"},"query-input":{"@type":"PropertyValueSpecification","valueRequired":true,"valueName":"search_term_string"}}],"inLanguage":"sv-SE"}]}},"_links":{"self":[{"href":"https:\/\/makelaalu.fi\/sv\/wp-json\/wp\/v2\/pages\/7186","targetHints":{"allow":["GET"]}}],"collection":[{"href":"https:\/\/makelaalu.fi\/sv\/wp-json\/wp\/v2\/pages"}],"about":[{"href":"https:\/\/makelaalu.fi\/sv\/wp-json\/wp\/v2\/types\/page"}],"author":[{"embeddable":true,"href":"https:\/\/makelaalu.fi\/sv\/wp-json\/wp\/v2\/users\/5"}],"replies":[{"embeddable":true,"href":"https:\/\/makelaalu.fi\/sv\/wp-json\/wp\/v2\/comments?post=7186"}],"version-history":[{"count":20,"href":"https:\/\/makelaalu.fi\/sv\/wp-json\/wp\/v2\/pages\/7186\/revisions"}],"predecessor-version":[{"id":11421,"href":"https:\/\/makelaalu.fi\/sv\/wp-json\/wp\/v2\/pages\/7186\/revisions\/11421"}],"wp:attachment":[{"href":"https:\/\/makelaalu.fi\/sv\/wp-json\/wp\/v2\/media?parent=7186"}],"curies":[{"name":"wp","href":"https:\/\/api.w.org\/{rel}","templated":true}]}}