{"id":7197,"date":"2022-04-05T10:10:35","date_gmt":"2022-04-05T07:10:35","guid":{"rendered":"https:\/\/dev.makelaalu.fi\/?page_id=7197"},"modified":"2025-09-26T14:16:27","modified_gmt":"2025-09-26T11:16:27","slug":"alubasket","status":"publish","type":"page","link":"https:\/\/makelaalu.fi\/sv\/tjanster\/alubasket\/","title":{"rendered":"AluBasket\u00ae"},"content":{"rendered":"<div class=\"wpb-content-wrapper\"><p>[vc_row][vc_column][vc_column_text css=&#8221;&#8221;]<\/p>\n<h2>Egna servicel\u00f6sningar f\u00f6r transport och behandling<\/h2>\n<h4>P\u00e5 basis av v\u00e5ra olika kunders behov har vi utvecklar l\u00f6sningar f\u00f6r transport och behandling av aluminiumprofiler. Ut\u00f6ver tillverkningen av aluminiumprofiler som skr\u00e4ddarsytts enligt kundernas behov vill vi ge v\u00e5ra kunder s\u00e5 helt\u00e4ckande tj\u00e4nster som m\u00f6jligt.<\/h4>\n<p><img loading=\"lazy\" decoding=\"async\" class=\"alignnone size-full wp-image-793\" src=\"https:\/\/makelaalu.fi\/wp-content\/uploads\/2017\/06\/logistiikka-iso.jpg\" alt=\"\" width=\"1200\" height=\"800\" srcset=\"https:\/\/makelaalu.fi\/wp-content\/uploads\/2017\/06\/logistiikka-iso.jpg 1200w, https:\/\/makelaalu.fi\/wp-content\/uploads\/2017\/06\/logistiikka-iso-300x200.jpg 300w, https:\/\/makelaalu.fi\/wp-content\/uploads\/2017\/06\/logistiikka-iso-768x512.jpg 768w, https:\/\/makelaalu.fi\/wp-content\/uploads\/2017\/06\/logistiikka-iso-1024x683.jpg 1024w\" sizes=\"auto, (max-width: 1200px) 100vw, 1200px\" \/><\/p>\n<p>AluBasket\u00ae \u00e4r en v\u00e4dert\u00e5lig och milj\u00f6v\u00e4nlig aluminiumkorg f\u00f6r transport, behandling och lagring av l\u00e5nga profiler. Mot betalning f\u00e5r du tillg\u00e5ng till korgarna f\u00f6r transport och lagring av aluminiumprofiler. Korgarna kan staplas p\u00e5 varandra och \u00e4r l\u00e4tta att hantera med truck. Med korgarna blir hantering av profilerna snabbare och korgen skyddar \u00e4ven profilerna mot st\u00f6tar. Eftersom korgarna kan \u00e5teranv\u00e4ndas h\u00e5lls \u00e4ven m\u00e4ngden f\u00f6rpackningsavfall p\u00e5 miniminiv\u00e5.<\/p>\n<h3>S\u00e5 h\u00e4r fungerar det<\/h3>\n<p>AluBasket\u00ae-tj\u00e4nsten fungerar s\u00e5, att du n\u00e4r du best\u00e4ller produkter kommer \u00f6verens med oss om anv\u00e4ndning av korgarna. Vi fakturerar leveranskostnaden. Vi levererar profilerna du best\u00e4llt i burar. Du hanterar och lagrar dina profiler enligt dina behov. Efter anv\u00e4ndningen returneras korgarna till oss enligt \u00f6verenskommelse.<\/p>\n<p>Intresserad? Fr\u00e5ga mer av v\u00e5ra\u00a0<a href=\"https:\/\/makelaalu.fi\/sv\/kontakta\/\">f\u00f6rs\u00e4ljare<\/a>.[\/vc_column_text][\/vc_column][\/vc_row]<\/p>\n<\/div>","protected":false},"excerpt":{"rendered":"[vc_row][vc_column][vc_column_text css=&#8221;&#8221;] Egna servicel\u00f6sningar f\u00f6r transport och behandling P\u00e5 basis av v\u00e5ra olika kunders behov har vi utvecklar l\u00f6sningar f\u00f6r transport och behandling av aluminiumprofiler. Ut\u00f6ver tillverkningen av aluminiumprofiler som skr\u00e4ddarsytts enligt kundernas behov vill vi ge v\u00e5ra kunder s\u00e5 helt\u00e4ckande tj\u00e4nster som m\u00f6jligt. AluBasket\u00ae \u00e4r en v\u00e4dert\u00e5lig och milj\u00f6v\u00e4nlig aluminiumkorg f\u00f6r transport, behandling och lagring av l\u00e5nga profiler. Mot betalning f\u00e5r du tillg\u00e5ng till korgarna f\u00f6r transport och lagring av aluminiumprofiler. Korgarna kan staplas p\u00e5 varandra och \u00e4r l\u00e4tta att hantera med truck. Med korgarna blir hantering av profilerna snabbare och korgen skyddar \u00e4ven profilerna mot st\u00f6tar. Eftersom korgarna kan \u00e5teranv\u00e4ndas h\u00e5lls \u00e4ven m\u00e4ngden f\u00f6rpackningsavfall p\u00e5 miniminiv\u00e5. S\u00e5 h\u00e4r fungerar det AluBasket\u00ae-tj\u00e4nsten fungerar s\u00e5, att du n\u00e4r du best\u00e4ller produkter kommer \u00f6verens med oss om anv\u00e4ndning av korgarna. Vi fakturerar leveranskostnaden. Vi levererar profilerna du best\u00e4llt i burar. Du hanterar och lagrar dina profiler enligt dina behov. Efter anv\u00e4ndningen returneras korgarna till oss enligt \u00f6verenskommelse. Intresserad? Fr\u00e5ga mer av v\u00e5ra\u00a0f\u00f6rs\u00e4ljare.[\/vc_column_text][\/vc_column][\/vc_row]","protected":false},"author":5,"featured_media":5997,"parent":7186,"menu_order":41,"comment_status":"closed","ping_status":"closed","template":"","meta":{"_acf_changed":false,"footnotes":""},"class_list":["post-7197","page","type-page","status-publish","has-post-thumbnail","hentry"],"acf":[],"yoast_head":"<!-- This site is optimized with the Yoast SEO plugin v27.3 - https:\/\/yoast.com\/product\/yoast-seo-wordpress\/ -->\n<title>AluBasket\u00ae - Transport och behandling av aluminiumprofiler<\/title>\n<meta name=\"description\" content=\"P\u00e5 basis av v\u00e5ra olika kunders behov har vi utvecklar l\u00f6sningar f\u00f6r transport och behandling av aluminiumprofiler. Ut\u00f6ver tillverkningen av aluminiumprofiler som skr\u00e4ddarsytts enligt kundernas behov vill vi ge v\u00e5ra kunder s\u00e5 helt\u00e4ckande tj\u00e4nster som m\u00f6jligt.\" \/>\n<meta name=\"robots\" content=\"index, follow, max-snippet:-1, max-image-preview:large, max-video-preview:-1\" \/>\n<link rel=\"canonical\" href=\"https:\/\/makelaalu.fi\/sv\/tjanster\/alubasket\/\" \/>\n<meta property=\"og:locale\" content=\"sv_SE\" \/>\n<meta property=\"og:type\" content=\"article\" \/>\n<meta property=\"og:title\" content=\"AluBasket\u00ae - Transport och behandling av aluminiumprofiler\" \/>\n<meta property=\"og:description\" content=\"P\u00e5 basis av v\u00e5ra olika kunders behov har vi utvecklar l\u00f6sningar f\u00f6r transport och behandling av aluminiumprofiler. Ut\u00f6ver tillverkningen av aluminiumprofiler som skr\u00e4ddarsytts enligt kundernas behov vill vi ge v\u00e5ra kunder s\u00e5 helt\u00e4ckande tj\u00e4nster som m\u00f6jligt.\" \/>\n<meta property=\"og:url\" content=\"https:\/\/makelaalu.fi\/sv\/tjanster\/alubasket\/\" \/>\n<meta property=\"og:site_name\" content=\"M&auml;kel&auml; Alu Oy\" \/>\n<meta property=\"article:modified_time\" content=\"2025-09-26T11:16:27+00:00\" \/>\n<meta property=\"og:image\" content=\"https:\/\/makelaalu.fi\/wp-content\/uploads\/2017\/06\/hakki.jpg\" \/>\n\t<meta property=\"og:image:width\" content=\"600\" \/>\n\t<meta property=\"og:image:height\" content=\"300\" \/>\n\t<meta property=\"og:image:type\" content=\"image\/jpeg\" \/>\n<meta name=\"twitter:card\" content=\"summary_large_image\" \/>\n<meta name=\"twitter:label1\" content=\"Ber\u00e4knad l\u00e4stid\" \/>\n\t<meta name=\"twitter:data1\" content=\"2 minuter\" \/>\n<script type=\"application\/ld+json\" class=\"yoast-schema-graph\">{\"@context\":\"https:\\\/\\\/schema.org\",\"@graph\":[{\"@type\":\"WebPage\",\"@id\":\"https:\\\/\\\/makelaalu.fi\\\/sv\\\/tjanster\\\/alubasket\\\/\",\"url\":\"https:\\\/\\\/makelaalu.fi\\\/sv\\\/tjanster\\\/alubasket\\\/\",\"name\":\"AluBasket\u00ae - Transport och behandling av aluminiumprofiler\",\"isPartOf\":{\"@id\":\"https:\\\/\\\/dev.makelaalu.fi\\\/#website\"},\"primaryImageOfPage\":{\"@id\":\"https:\\\/\\\/makelaalu.fi\\\/sv\\\/tjanster\\\/alubasket\\\/#primaryimage\"},\"image\":{\"@id\":\"https:\\\/\\\/makelaalu.fi\\\/sv\\\/tjanster\\\/alubasket\\\/#primaryimage\"},\"thumbnailUrl\":\"https:\\\/\\\/makelaalu.fi\\\/wp-content\\\/uploads\\\/2017\\\/06\\\/hakki.jpg\",\"datePublished\":\"2022-04-05T07:10:35+00:00\",\"dateModified\":\"2025-09-26T11:16:27+00:00\",\"description\":\"P\u00e5 basis av v\u00e5ra olika kunders behov har vi utvecklar l\u00f6sningar f\u00f6r transport och behandling av aluminiumprofiler. Ut\u00f6ver tillverkningen av aluminiumprofiler som skr\u00e4ddarsytts enligt kundernas behov vill vi ge v\u00e5ra kunder s\u00e5 helt\u00e4ckande tj\u00e4nster som m\u00f6jligt.\",\"breadcrumb\":{\"@id\":\"https:\\\/\\\/makelaalu.fi\\\/sv\\\/tjanster\\\/alubasket\\\/#breadcrumb\"},\"inLanguage\":\"sv-SE\",\"potentialAction\":[{\"@type\":\"ReadAction\",\"target\":[\"https:\\\/\\\/makelaalu.fi\\\/sv\\\/tjanster\\\/alubasket\\\/\"]}]},{\"@type\":\"ImageObject\",\"inLanguage\":\"sv-SE\",\"@id\":\"https:\\\/\\\/makelaalu.fi\\\/sv\\\/tjanster\\\/alubasket\\\/#primaryimage\",\"url\":\"https:\\\/\\\/makelaalu.fi\\\/wp-content\\\/uploads\\\/2017\\\/06\\\/hakki.jpg\",\"contentUrl\":\"https:\\\/\\\/makelaalu.fi\\\/wp-content\\\/uploads\\\/2017\\\/06\\\/hakki.jpg\",\"width\":600,\"height\":300},{\"@type\":\"BreadcrumbList\",\"@id\":\"https:\\\/\\\/makelaalu.fi\\\/sv\\\/tjanster\\\/alubasket\\\/#breadcrumb\",\"itemListElement\":[{\"@type\":\"ListItem\",\"position\":1,\"name\":\"Frontpage\",\"item\":\"https:\\\/\\\/makelaalu.fi\\\/sv\\\/\"},{\"@type\":\"ListItem\",\"position\":2,\"name\":\"Tj\u00e4nster\",\"item\":\"https:\\\/\\\/makelaalu.fi\\\/sv\\\/tjanster\\\/\"},{\"@type\":\"ListItem\",\"position\":3,\"name\":\"AluBasket\u00ae\"}]},{\"@type\":\"WebSite\",\"@id\":\"https:\\\/\\\/dev.makelaalu.fi\\\/#website\",\"url\":\"https:\\\/\\\/dev.makelaalu.fi\\\/\",\"name\":\"M&auml;kel&auml; Alu Oy\",\"description\":\"Alumiiniprofiilien puristaminen vuosikymmenten kokemuksella.\",\"potentialAction\":[{\"@type\":\"SearchAction\",\"target\":{\"@type\":\"EntryPoint\",\"urlTemplate\":\"https:\\\/\\\/dev.makelaalu.fi\\\/?s={search_term_string}\"},\"query-input\":{\"@type\":\"PropertyValueSpecification\",\"valueRequired\":true,\"valueName\":\"search_term_string\"}}],\"inLanguage\":\"sv-SE\"}]}<\/script>\n<!-- \/ Yoast SEO plugin. -->","yoast_head_json":{"title":"AluBasket\u00ae - Transport och behandling av aluminiumprofiler","description":"P\u00e5 basis av v\u00e5ra olika kunders behov har vi utvecklar l\u00f6sningar f\u00f6r transport och behandling av aluminiumprofiler. Ut\u00f6ver tillverkningen av aluminiumprofiler som skr\u00e4ddarsytts enligt kundernas behov vill vi ge v\u00e5ra kunder s\u00e5 helt\u00e4ckande tj\u00e4nster som m\u00f6jligt.","robots":{"index":"index","follow":"follow","max-snippet":"max-snippet:-1","max-image-preview":"max-image-preview:large","max-video-preview":"max-video-preview:-1"},"canonical":"https:\/\/makelaalu.fi\/sv\/tjanster\/alubasket\/","og_locale":"sv_SE","og_type":"article","og_title":"AluBasket\u00ae - Transport och behandling av aluminiumprofiler","og_description":"P\u00e5 basis av v\u00e5ra olika kunders behov har vi utvecklar l\u00f6sningar f\u00f6r transport och behandling av aluminiumprofiler. Ut\u00f6ver tillverkningen av aluminiumprofiler som skr\u00e4ddarsytts enligt kundernas behov vill vi ge v\u00e5ra kunder s\u00e5 helt\u00e4ckande tj\u00e4nster som m\u00f6jligt.","og_url":"https:\/\/makelaalu.fi\/sv\/tjanster\/alubasket\/","og_site_name":"M&auml;kel&auml; Alu Oy","article_modified_time":"2025-09-26T11:16:27+00:00","og_image":[{"width":600,"height":300,"url":"https:\/\/makelaalu.fi\/wp-content\/uploads\/2017\/06\/hakki.jpg","type":"image\/jpeg"}],"twitter_card":"summary_large_image","twitter_misc":{"Ber\u00e4knad l\u00e4stid":"2 minuter"},"schema":{"@context":"https:\/\/schema.org","@graph":[{"@type":"WebPage","@id":"https:\/\/makelaalu.fi\/sv\/tjanster\/alubasket\/","url":"https:\/\/makelaalu.fi\/sv\/tjanster\/alubasket\/","name":"AluBasket\u00ae - Transport och behandling av aluminiumprofiler","isPartOf":{"@id":"https:\/\/dev.makelaalu.fi\/#website"},"primaryImageOfPage":{"@id":"https:\/\/makelaalu.fi\/sv\/tjanster\/alubasket\/#primaryimage"},"image":{"@id":"https:\/\/makelaalu.fi\/sv\/tjanster\/alubasket\/#primaryimage"},"thumbnailUrl":"https:\/\/makelaalu.fi\/wp-content\/uploads\/2017\/06\/hakki.jpg","datePublished":"2022-04-05T07:10:35+00:00","dateModified":"2025-09-26T11:16:27+00:00","description":"P\u00e5 basis av v\u00e5ra olika kunders behov har vi utvecklar l\u00f6sningar f\u00f6r transport och behandling av aluminiumprofiler. Ut\u00f6ver tillverkningen av aluminiumprofiler som skr\u00e4ddarsytts enligt kundernas behov vill vi ge v\u00e5ra kunder s\u00e5 helt\u00e4ckande tj\u00e4nster som m\u00f6jligt.","breadcrumb":{"@id":"https:\/\/makelaalu.fi\/sv\/tjanster\/alubasket\/#breadcrumb"},"inLanguage":"sv-SE","potentialAction":[{"@type":"ReadAction","target":["https:\/\/makelaalu.fi\/sv\/tjanster\/alubasket\/"]}]},{"@type":"ImageObject","inLanguage":"sv-SE","@id":"https:\/\/makelaalu.fi\/sv\/tjanster\/alubasket\/#primaryimage","url":"https:\/\/makelaalu.fi\/wp-content\/uploads\/2017\/06\/hakki.jpg","contentUrl":"https:\/\/makelaalu.fi\/wp-content\/uploads\/2017\/06\/hakki.jpg","width":600,"height":300},{"@type":"BreadcrumbList","@id":"https:\/\/makelaalu.fi\/sv\/tjanster\/alubasket\/#breadcrumb","itemListElement":[{"@type":"ListItem","position":1,"name":"Frontpage","item":"https:\/\/makelaalu.fi\/sv\/"},{"@type":"ListItem","position":2,"name":"Tj\u00e4nster","item":"https:\/\/makelaalu.fi\/sv\/tjanster\/"},{"@type":"ListItem","position":3,"name":"AluBasket\u00ae"}]},{"@type":"WebSite","@id":"https:\/\/dev.makelaalu.fi\/#website","url":"https:\/\/dev.makelaalu.fi\/","name":"M&auml;kel&auml; Alu Oy","description":"Alumiiniprofiilien puristaminen vuosikymmenten kokemuksella.","potentialAction":[{"@type":"SearchAction","target":{"@type":"EntryPoint","urlTemplate":"https:\/\/dev.makelaalu.fi\/?s={search_term_string}"},"query-input":{"@type":"PropertyValueSpecification","valueRequired":true,"valueName":"search_term_string"}}],"inLanguage":"sv-SE"}]}},"_links":{"self":[{"href":"https:\/\/makelaalu.fi\/sv\/wp-json\/wp\/v2\/pages\/7197","targetHints":{"allow":["GET"]}}],"collection":[{"href":"https:\/\/makelaalu.fi\/sv\/wp-json\/wp\/v2\/pages"}],"about":[{"href":"https:\/\/makelaalu.fi\/sv\/wp-json\/wp\/v2\/types\/page"}],"author":[{"embeddable":true,"href":"https:\/\/makelaalu.fi\/sv\/wp-json\/wp\/v2\/users\/5"}],"replies":[{"embeddable":true,"href":"https:\/\/makelaalu.fi\/sv\/wp-json\/wp\/v2\/comments?post=7197"}],"version-history":[{"count":9,"href":"https:\/\/makelaalu.fi\/sv\/wp-json\/wp\/v2\/pages\/7197\/revisions"}],"predecessor-version":[{"id":11386,"href":"https:\/\/makelaalu.fi\/sv\/wp-json\/wp\/v2\/pages\/7197\/revisions\/11386"}],"up":[{"embeddable":true,"href":"https:\/\/makelaalu.fi\/sv\/wp-json\/wp\/v2\/pages\/7186"}],"wp:featuredmedia":[{"embeddable":true,"href":"https:\/\/makelaalu.fi\/sv\/wp-json\/wp\/v2\/media\/5997"}],"wp:attachment":[{"href":"https:\/\/makelaalu.fi\/sv\/wp-json\/wp\/v2\/media?parent=7197"}],"curies":[{"name":"wp","href":"https:\/\/api.w.org\/{rel}","templated":true}]}}