{"id":7200,"date":"2022-04-05T10:22:51","date_gmt":"2022-04-05T07:22:51","guid":{"rendered":"https:\/\/dev.makelaalu.fi\/?page_id=7200"},"modified":"2022-05-25T09:20:26","modified_gmt":"2022-05-25T06:20:26","slug":"alucalloff","status":"publish","type":"page","link":"https:\/\/makelaalu.fi\/sv\/tjanster\/alucalloff\/","title":{"rendered":"AluCallOff\u00ae"},"content":{"rendered":"<h2>Lagring utan bekymmer med AluCallOff\u00ae<\/h2>\n<p>AluCallOff\u00ae \u00e4r en lagringstj\u00e4nst som utnyttjar kundens lokaler, men tillhandah\u00e5lls av oss. Med v\u00e5ra lagringstj\u00e4nster sparar du tid och pengar. Lagringstj\u00e4nsterna vi utvecklat tillsammans med v\u00e5ra kunder frig\u00f6r ditt f\u00f6retags resurser till er k\u00e4rnverksamhet.<\/p>\n<p><img loading=\"lazy\" decoding=\"async\" class=\"alignnone wp-image-825 size-full\" src=\"https:\/\/makelaalu.fi\/wp-content\/uploads\/2017\/06\/callof.jpg\" alt=\"\" width=\"1200\" height=\"600\" srcset=\"https:\/\/makelaalu.fi\/wp-content\/uploads\/2017\/06\/callof.jpg 1200w, https:\/\/makelaalu.fi\/wp-content\/uploads\/2017\/06\/callof-300x150.jpg 300w, https:\/\/makelaalu.fi\/wp-content\/uploads\/2017\/06\/callof-768x384.jpg 768w, https:\/\/makelaalu.fi\/wp-content\/uploads\/2017\/06\/callof-1024x512.jpg 1024w, https:\/\/makelaalu.fi\/wp-content\/uploads\/2017\/06\/callof-600x300.jpg 600w\" sizes=\"auto, (max-width: 1200px) 100vw, 1200px\" \/><\/p>\n<p>Det blir l\u00e4ttare att kontrollera lagerkapitalet och oms\u00e4ttningshastigheten eftersom v\u00e5rt <a href=\"https:\/\/makelaalu.fi\/palvelumme\/aluvendor-appi\/\">AluVendor-system<\/a> sk\u00f6ter lagerniv\u00e5n och -p\u00e5fyllningar av de aluminiumprofiler som omfattas av tj\u00e4nsten. Via systemet kan du f\u00f6lja lager- och leveransstatusen i realtid.<\/p>\n<p>Tj\u00e4nsten inneb\u00e4r en rej\u00e4l minskning av kundens arbete och det kapital som binds i lagringen. AluCallOff\u00ae garanterar kunderna kontinuerlig tillg\u00e5ng till profiler utan separata best\u00e4llningar eller leveranstider.<\/p>\n<h3>S\u00e5 h\u00e4r fungerar det<\/h3>\n<p>I AluCallOff-lagringstj\u00e4nsten fastst\u00e4ller man f\u00f6rst tillsammans med kunden en \u00e4ndam\u00e5lsenlig lagerniv\u00e5 f\u00f6r kundf\u00f6retaget. Programmet AluVendor kontrollerar lagersaldon automatiskt, vilket sparar arbetstimmar till annat. Kompletterande best\u00e4llningar sker helt automatiskt enligt den lagerniv\u00e5 som man kommit \u00f6verens om. Profilerna levereras till kundf\u00f6retagets eget lager d\u00e4r de sedan finns f\u00e4rdiga f\u00f6r produktion.<\/p>\n<p>Se v\u00e5r animationsvideo om hur enkelt allt fungerar i praktiken!<\/p>\n<p><iframe loading=\"lazy\" title=\"M\u00e4kel\u00e4 AluCallOff p\u00e5 Svenska\" width=\"640\" height=\"360\" src=\"https:\/\/www.youtube.com\/embed\/gLIBfN4CyZ8?feature=oembed\" frameborder=\"0\" allow=\"accelerometer; autoplay; clipboard-write; encrypted-media; gyroscope; picture-in-picture; web-share\" referrerpolicy=\"strict-origin-when-cross-origin\" allowfullscreen><\/iframe><\/p>\n<p>Intresserad? Fr\u00e5ga mer av v\u00e5ra\u00a0<a href=\"https:\/\/makelaalu.fi\/sv\/kontakta\">f\u00f6rs\u00e4ljare<\/a>.<\/p>\n<div class=\"addtoany_share_save_container addtoany_content addtoany_content_bottom\">\n<div class=\"a2a_kit a2a_kit_size_20 addtoany_list\" data-a2a-url=\"https:\/\/www.makelaalu.fi\/palvelumme\/varastointi\/\" data-a2a-title=\"Varastointi\"><\/div>\n<\/div>\n","protected":false},"excerpt":{"rendered":"Lagring utan bekymmer med AluCallOff\u00ae AluCallOff\u00ae \u00e4r en lagringstj\u00e4nst som utnyttjar kundens lokaler, men tillhandah\u00e5lls av oss. Med v\u00e5ra lagringstj\u00e4nster sparar du tid och pengar. Lagringstj\u00e4nsterna vi utvecklat tillsammans med v\u00e5ra kunder frig\u00f6r ditt f\u00f6retags resurser till er k\u00e4rnverksamhet. Det blir l\u00e4ttare att kontrollera lagerkapitalet och oms\u00e4ttningshastigheten eftersom v\u00e5rt AluVendor-system sk\u00f6ter lagerniv\u00e5n och -p\u00e5fyllningar av de aluminiumprofiler som omfattas av tj\u00e4nsten. Via systemet kan du f\u00f6lja lager- och leveransstatusen i realtid. Tj\u00e4nsten inneb\u00e4r en rej\u00e4l minskning av kundens arbete och det kapital som binds i lagringen. AluCallOff\u00ae garanterar kunderna kontinuerlig tillg\u00e5ng till profiler utan separata best\u00e4llningar eller leveranstider. S\u00e5 h\u00e4r fungerar det I AluCallOff-lagringstj\u00e4nsten fastst\u00e4ller man f\u00f6rst tillsammans med kunden en \u00e4ndam\u00e5lsenlig lagerniv\u00e5 f\u00f6r kundf\u00f6retaget. Programmet AluVendor kontrollerar lagersaldon automatiskt, vilket sparar arbetstimmar till annat. Kompletterande best\u00e4llningar sker helt automatiskt enligt den lagerniv\u00e5 som man kommit \u00f6verens om. Profilerna levereras till kundf\u00f6retagets eget lager d\u00e4r de sedan finns f\u00e4rdiga f\u00f6r produktion. Se v\u00e5r animationsvideo om hur enkelt allt fungerar i praktiken! Intresserad? Fr\u00e5ga mer av v\u00e5ra\u00a0f\u00f6rs\u00e4ljare.","protected":false},"author":5,"featured_media":0,"parent":7186,"menu_order":44,"comment_status":"closed","ping_status":"closed","template":"","meta":{"_acf_changed":false,"footnotes":""},"class_list":["post-7200","page","type-page","status-publish","hentry"],"acf":[],"yoast_head":"<!-- This site is optimized with the Yoast SEO plugin v27.3 - https:\/\/yoast.com\/product\/yoast-seo-wordpress\/ -->\n<title>AluCallOff\u00ae - M&auml;kel&auml; Alu Oy<\/title>\n<meta name=\"robots\" content=\"index, follow, max-snippet:-1, max-image-preview:large, max-video-preview:-1\" \/>\n<link rel=\"canonical\" href=\"https:\/\/makelaalu.fi\/sv\/tjanster\/alucalloff\/\" \/>\n<meta property=\"og:locale\" content=\"sv_SE\" \/>\n<meta property=\"og:type\" content=\"article\" \/>\n<meta property=\"og:title\" content=\"AluCallOff\u00ae - M&auml;kel&auml; Alu Oy\" \/>\n<meta property=\"og:description\" content=\"Lagring utan bekymmer med AluCallOff\u00ae AluCallOff\u00ae \u00e4r en lagringstj\u00e4nst som utnyttjar kundens lokaler, men tillhandah\u00e5lls av oss. Med v\u00e5ra lagringstj\u00e4nster sparar du tid och pengar. Lagringstj\u00e4nsterna vi utvecklat tillsammans med v\u00e5ra kunder frig\u00f6r ditt f\u00f6retags resurser till er k\u00e4rnverksamhet. Det blir l\u00e4ttare att kontrollera lagerkapitalet och oms\u00e4ttningshastigheten eftersom v\u00e5rt AluVendor-system sk\u00f6ter lagerniv\u00e5n och -p\u00e5fyllningar av de aluminiumprofiler som omfattas av tj\u00e4nsten. Via systemet kan du f\u00f6lja lager- och leveransstatusen i realtid. Tj\u00e4nsten inneb\u00e4r en rej\u00e4l minskning av kundens arbete och det kapital som binds i lagringen. AluCallOff\u00ae garanterar kunderna kontinuerlig tillg\u00e5ng till profiler utan separata best\u00e4llningar eller leveranstider. S\u00e5 h\u00e4r fungerar det I AluCallOff-lagringstj\u00e4nsten fastst\u00e4ller man f\u00f6rst tillsammans med kunden en \u00e4ndam\u00e5lsenlig lagerniv\u00e5 f\u00f6r kundf\u00f6retaget. Programmet AluVendor kontrollerar lagersaldon automatiskt, vilket sparar arbetstimmar till annat. Kompletterande best\u00e4llningar sker helt automatiskt enligt den lagerniv\u00e5 som man kommit \u00f6verens om. Profilerna levereras till kundf\u00f6retagets eget lager d\u00e4r de sedan finns f\u00e4rdiga f\u00f6r produktion. Se v\u00e5r animationsvideo om hur enkelt allt fungerar i praktiken! Intresserad? Fr\u00e5ga mer av v\u00e5ra\u00a0f\u00f6rs\u00e4ljare.\" \/>\n<meta property=\"og:url\" content=\"https:\/\/makelaalu.fi\/sv\/tjanster\/alucalloff\/\" \/>\n<meta property=\"og:site_name\" content=\"M&auml;kel&auml; Alu Oy\" \/>\n<meta property=\"article:modified_time\" content=\"2022-05-25T06:20:26+00:00\" \/>\n<meta property=\"og:image\" content=\"https:\/\/dev.makelaalu.fi\/wp-content\/uploads\/2017\/06\/callof.jpg\" \/>\n<meta name=\"twitter:card\" content=\"summary_large_image\" \/>\n<meta name=\"twitter:label1\" content=\"Ber\u00e4knad l\u00e4stid\" \/>\n\t<meta name=\"twitter:data1\" content=\"1 minut\" \/>\n<script type=\"application\/ld+json\" class=\"yoast-schema-graph\">{\"@context\":\"https:\\\/\\\/schema.org\",\"@graph\":[{\"@type\":\"WebPage\",\"@id\":\"https:\\\/\\\/makelaalu.fi\\\/sv\\\/tjanster\\\/alucalloff\\\/\",\"url\":\"https:\\\/\\\/makelaalu.fi\\\/sv\\\/tjanster\\\/alucalloff\\\/\",\"name\":\"AluCallOff\u00ae - M&auml;kel&auml; Alu Oy\",\"isPartOf\":{\"@id\":\"https:\\\/\\\/dev.makelaalu.fi\\\/#website\"},\"primaryImageOfPage\":{\"@id\":\"https:\\\/\\\/makelaalu.fi\\\/sv\\\/tjanster\\\/alucalloff\\\/#primaryimage\"},\"image\":{\"@id\":\"https:\\\/\\\/makelaalu.fi\\\/sv\\\/tjanster\\\/alucalloff\\\/#primaryimage\"},\"thumbnailUrl\":\"https:\\\/\\\/makelaalu.fi\\\/wp-content\\\/uploads\\\/2017\\\/06\\\/callof.jpg\",\"datePublished\":\"2022-04-05T07:22:51+00:00\",\"dateModified\":\"2022-05-25T06:20:26+00:00\",\"breadcrumb\":{\"@id\":\"https:\\\/\\\/makelaalu.fi\\\/sv\\\/tjanster\\\/alucalloff\\\/#breadcrumb\"},\"inLanguage\":\"sv-SE\",\"potentialAction\":[{\"@type\":\"ReadAction\",\"target\":[\"https:\\\/\\\/makelaalu.fi\\\/sv\\\/tjanster\\\/alucalloff\\\/\"]}]},{\"@type\":\"ImageObject\",\"inLanguage\":\"sv-SE\",\"@id\":\"https:\\\/\\\/makelaalu.fi\\\/sv\\\/tjanster\\\/alucalloff\\\/#primaryimage\",\"url\":\"https:\\\/\\\/makelaalu.fi\\\/wp-content\\\/uploads\\\/2017\\\/06\\\/callof.jpg\",\"contentUrl\":\"https:\\\/\\\/makelaalu.fi\\\/wp-content\\\/uploads\\\/2017\\\/06\\\/callof.jpg\"},{\"@type\":\"BreadcrumbList\",\"@id\":\"https:\\\/\\\/makelaalu.fi\\\/sv\\\/tjanster\\\/alucalloff\\\/#breadcrumb\",\"itemListElement\":[{\"@type\":\"ListItem\",\"position\":1,\"name\":\"Frontpage\",\"item\":\"https:\\\/\\\/makelaalu.fi\\\/sv\\\/\"},{\"@type\":\"ListItem\",\"position\":2,\"name\":\"Tj\u00e4nster\",\"item\":\"https:\\\/\\\/makelaalu.fi\\\/sv\\\/tjanster\\\/\"},{\"@type\":\"ListItem\",\"position\":3,\"name\":\"AluCallOff\u00ae\"}]},{\"@type\":\"WebSite\",\"@id\":\"https:\\\/\\\/dev.makelaalu.fi\\\/#website\",\"url\":\"https:\\\/\\\/dev.makelaalu.fi\\\/\",\"name\":\"M&auml;kel&auml; Alu Oy\",\"description\":\"Alumiiniprofiilien puristaminen vuosikymmenten kokemuksella.\",\"potentialAction\":[{\"@type\":\"SearchAction\",\"target\":{\"@type\":\"EntryPoint\",\"urlTemplate\":\"https:\\\/\\\/dev.makelaalu.fi\\\/?s={search_term_string}\"},\"query-input\":{\"@type\":\"PropertyValueSpecification\",\"valueRequired\":true,\"valueName\":\"search_term_string\"}}],\"inLanguage\":\"sv-SE\"}]}<\/script>\n<!-- \/ Yoast SEO plugin. -->","yoast_head_json":{"title":"AluCallOff\u00ae - M&auml;kel&auml; Alu Oy","robots":{"index":"index","follow":"follow","max-snippet":"max-snippet:-1","max-image-preview":"max-image-preview:large","max-video-preview":"max-video-preview:-1"},"canonical":"https:\/\/makelaalu.fi\/sv\/tjanster\/alucalloff\/","og_locale":"sv_SE","og_type":"article","og_title":"AluCallOff\u00ae - M&auml;kel&auml; Alu Oy","og_description":"Lagring utan bekymmer med AluCallOff\u00ae AluCallOff\u00ae \u00e4r en lagringstj\u00e4nst som utnyttjar kundens lokaler, men tillhandah\u00e5lls av oss. Med v\u00e5ra lagringstj\u00e4nster sparar du tid och pengar. Lagringstj\u00e4nsterna vi utvecklat tillsammans med v\u00e5ra kunder frig\u00f6r ditt f\u00f6retags resurser till er k\u00e4rnverksamhet. Det blir l\u00e4ttare att kontrollera lagerkapitalet och oms\u00e4ttningshastigheten eftersom v\u00e5rt AluVendor-system sk\u00f6ter lagerniv\u00e5n och -p\u00e5fyllningar av de aluminiumprofiler som omfattas av tj\u00e4nsten. Via systemet kan du f\u00f6lja lager- och leveransstatusen i realtid. Tj\u00e4nsten inneb\u00e4r en rej\u00e4l minskning av kundens arbete och det kapital som binds i lagringen. AluCallOff\u00ae garanterar kunderna kontinuerlig tillg\u00e5ng till profiler utan separata best\u00e4llningar eller leveranstider. S\u00e5 h\u00e4r fungerar det I AluCallOff-lagringstj\u00e4nsten fastst\u00e4ller man f\u00f6rst tillsammans med kunden en \u00e4ndam\u00e5lsenlig lagerniv\u00e5 f\u00f6r kundf\u00f6retaget. Programmet AluVendor kontrollerar lagersaldon automatiskt, vilket sparar arbetstimmar till annat. Kompletterande best\u00e4llningar sker helt automatiskt enligt den lagerniv\u00e5 som man kommit \u00f6verens om. Profilerna levereras till kundf\u00f6retagets eget lager d\u00e4r de sedan finns f\u00e4rdiga f\u00f6r produktion. Se v\u00e5r animationsvideo om hur enkelt allt fungerar i praktiken! Intresserad? Fr\u00e5ga mer av v\u00e5ra\u00a0f\u00f6rs\u00e4ljare.","og_url":"https:\/\/makelaalu.fi\/sv\/tjanster\/alucalloff\/","og_site_name":"M&auml;kel&auml; Alu Oy","article_modified_time":"2022-05-25T06:20:26+00:00","og_image":[{"url":"https:\/\/dev.makelaalu.fi\/wp-content\/uploads\/2017\/06\/callof.jpg","type":"","width":"","height":""}],"twitter_card":"summary_large_image","twitter_misc":{"Ber\u00e4knad l\u00e4stid":"1 minut"},"schema":{"@context":"https:\/\/schema.org","@graph":[{"@type":"WebPage","@id":"https:\/\/makelaalu.fi\/sv\/tjanster\/alucalloff\/","url":"https:\/\/makelaalu.fi\/sv\/tjanster\/alucalloff\/","name":"AluCallOff\u00ae - M&auml;kel&auml; Alu Oy","isPartOf":{"@id":"https:\/\/dev.makelaalu.fi\/#website"},"primaryImageOfPage":{"@id":"https:\/\/makelaalu.fi\/sv\/tjanster\/alucalloff\/#primaryimage"},"image":{"@id":"https:\/\/makelaalu.fi\/sv\/tjanster\/alucalloff\/#primaryimage"},"thumbnailUrl":"https:\/\/makelaalu.fi\/wp-content\/uploads\/2017\/06\/callof.jpg","datePublished":"2022-04-05T07:22:51+00:00","dateModified":"2022-05-25T06:20:26+00:00","breadcrumb":{"@id":"https:\/\/makelaalu.fi\/sv\/tjanster\/alucalloff\/#breadcrumb"},"inLanguage":"sv-SE","potentialAction":[{"@type":"ReadAction","target":["https:\/\/makelaalu.fi\/sv\/tjanster\/alucalloff\/"]}]},{"@type":"ImageObject","inLanguage":"sv-SE","@id":"https:\/\/makelaalu.fi\/sv\/tjanster\/alucalloff\/#primaryimage","url":"https:\/\/makelaalu.fi\/wp-content\/uploads\/2017\/06\/callof.jpg","contentUrl":"https:\/\/makelaalu.fi\/wp-content\/uploads\/2017\/06\/callof.jpg"},{"@type":"BreadcrumbList","@id":"https:\/\/makelaalu.fi\/sv\/tjanster\/alucalloff\/#breadcrumb","itemListElement":[{"@type":"ListItem","position":1,"name":"Frontpage","item":"https:\/\/makelaalu.fi\/sv\/"},{"@type":"ListItem","position":2,"name":"Tj\u00e4nster","item":"https:\/\/makelaalu.fi\/sv\/tjanster\/"},{"@type":"ListItem","position":3,"name":"AluCallOff\u00ae"}]},{"@type":"WebSite","@id":"https:\/\/dev.makelaalu.fi\/#website","url":"https:\/\/dev.makelaalu.fi\/","name":"M&auml;kel&auml; Alu Oy","description":"Alumiiniprofiilien puristaminen vuosikymmenten kokemuksella.","potentialAction":[{"@type":"SearchAction","target":{"@type":"EntryPoint","urlTemplate":"https:\/\/dev.makelaalu.fi\/?s={search_term_string}"},"query-input":{"@type":"PropertyValueSpecification","valueRequired":true,"valueName":"search_term_string"}}],"inLanguage":"sv-SE"}]}},"_links":{"self":[{"href":"https:\/\/makelaalu.fi\/sv\/wp-json\/wp\/v2\/pages\/7200","targetHints":{"allow":["GET"]}}],"collection":[{"href":"https:\/\/makelaalu.fi\/sv\/wp-json\/wp\/v2\/pages"}],"about":[{"href":"https:\/\/makelaalu.fi\/sv\/wp-json\/wp\/v2\/types\/page"}],"author":[{"embeddable":true,"href":"https:\/\/makelaalu.fi\/sv\/wp-json\/wp\/v2\/users\/5"}],"replies":[{"embeddable":true,"href":"https:\/\/makelaalu.fi\/sv\/wp-json\/wp\/v2\/comments?post=7200"}],"version-history":[{"count":9,"href":"https:\/\/makelaalu.fi\/sv\/wp-json\/wp\/v2\/pages\/7200\/revisions"}],"predecessor-version":[{"id":8515,"href":"https:\/\/makelaalu.fi\/sv\/wp-json\/wp\/v2\/pages\/7200\/revisions\/8515"}],"up":[{"embeddable":true,"href":"https:\/\/makelaalu.fi\/sv\/wp-json\/wp\/v2\/pages\/7186"}],"wp:attachment":[{"href":"https:\/\/makelaalu.fi\/sv\/wp-json\/wp\/v2\/media?parent=7200"}],"curies":[{"name":"wp","href":"https:\/\/api.w.org\/{rel}","templated":true}]}}