{"id":7202,"date":"2022-04-05T10:29:27","date_gmt":"2022-04-05T07:29:27","guid":{"rendered":"https:\/\/dev.makelaalu.fi\/?page_id=7202"},"modified":"2022-05-25T09:20:36","modified_gmt":"2022-05-25T06:20:36","slug":"alucoating","status":"publish","type":"page","link":"https:\/\/makelaalu.fi\/sv\/tjanster\/alucoating\/","title":{"rendered":"AluCoating\u00ae"},"content":{"rendered":"<h2>V\u00e5r ytbehandlingstj\u00e4nst AluCoating\u00ae ger valm\u00f6jligheter<\/h2>\n<h4>Aluminiumprofiler g\u00f6r det m\u00f6jligt att skapa mycket komplicerade former och till\u00e4gga funktioner som \u00e4r mycket sv\u00e5ra att \u00e5stadkomma med andra material.<\/h4>\n<p><img loading=\"lazy\" decoding=\"async\" class=\"alignnone wp-image-6184\" src=\"https:\/\/makelaalu.fi\/wp-content\/uploads\/2022\/02\/makelaalu_pintakasittely-300x181.jpg\" alt=\"\" width=\"1200\" height=\"723\" srcset=\"https:\/\/makelaalu.fi\/wp-content\/uploads\/2022\/02\/makelaalu_pintakasittely-300x181.jpg 300w, https:\/\/makelaalu.fi\/wp-content\/uploads\/2022\/02\/makelaalu_pintakasittely-1024x617.jpg 1024w, https:\/\/makelaalu.fi\/wp-content\/uploads\/2022\/02\/makelaalu_pintakasittely-768x463.jpg 768w, https:\/\/makelaalu.fi\/wp-content\/uploads\/2022\/02\/makelaalu_pintakasittely-1536x925.jpg 1536w, https:\/\/makelaalu.fi\/wp-content\/uploads\/2022\/02\/makelaalu_pintakasittely-2048x1234.jpg 2048w, https:\/\/makelaalu.fi\/wp-content\/uploads\/2022\/02\/makelaalu_pintakasittely-500x301.jpg 500w\" sizes=\"auto, (max-width: 1200px) 100vw, 1200px\" \/><\/p>\n<p>Den slutf\u00f6rda produkten ytbel\u00e4ggs enligt anv\u00e4ndnings\u00e4ndam\u00e5lets krav. F\u00f6r att svara p\u00e5 st\u00e4ndigt \u00f6kande behov av ytbel\u00e4ggning har vi utvecklat servicekonceptet AluCoating\u00ae. Till tj\u00e4nsten h\u00f6r de vanligaste ytbel\u00e4ggningsalternativen.<\/p>\n<p>V\u00e5ra kunder kan v\u00e4lja aluminiumprofilens ytbehandlingsf\u00e4rg ur ett brett f\u00e4rgsortiment eller naturf\u00e4rgad anodisering. Anodisering \u00e4r en popul\u00e4r ytbehandlingsmetod f\u00f6r aluminium i och med att den \u00f6kar aluminiumprofilernas korrosionst\u00e5lighet och livsl\u00e4ngd. L\u00e4s mer om anodisering <a href=\"https:\/\/makelaalu.fi\/sv\/ytbehandlingar\/anodisering\/\">h\u00e4r<\/a>. Via v\u00e5rt n\u00e4tverk av underleverant\u00f6rer kan vi ocks\u00e5 erbjuda anodisering i f\u00e4rg.<\/p>\n<h3>Pulverlackering<\/h3>\n<p><img loading=\"lazy\" decoding=\"async\" class=\"alignright wp-image-7060\" src=\"https:\/\/makelaalu.fi\/wp-content\/uploads\/2022\/04\/GSB_International-150x150-1.png\" alt=\"\" width=\"80\" height=\"80\" \/>Aluminiumprofiler kan \u00e4ven m\u00e5las i speciella f\u00e4rger eller med en tv\u00e5f\u00e4rgsm\u00e5lning. Vi har tre egna GSB-certifierade lackeringslinjer som garanterar h\u00f6gklassigt resultat. Pulverlackering av aluminiumprofiler \u00e4r en mycket vanlig ytbehandling, som du kan l\u00e4sa mer om <a href=\"https:\/\/makelaalu.fi\/sv\/ytbehandlingar\/pulverlackering\/\">h\u00e4r<\/a>. Vi \u00f6vervakar m\u00e5lningarnas homogenitet och str\u00e4var efter att st\u00e4ndigt f\u00f6rb\u00e4ttra kvaliteten. M\u00e5lning av eventuell kringutrustning kan g\u00f6ras utan problem samtidigt som profilerna.<\/p>\n<p>Observera att du kan kombinera AluCoating\u00ae med <a href=\"https:\/\/makelaalu.fi\/sv\/tjanster\/alustorage\/\">AluStorage\u00ae<\/a> extra service, s\u00e5 att ytbehandlade profiler levereras flexibelt och snabbt n\u00e4r du beh\u00f6ver dem.<\/p>\n<h3>S\u00e5 h\u00e4r fungerar det<\/h3>\n<p>Ytbehandlingen v\u00e4ljs tillsammans med kunden enligt profilens anv\u00e4ndnings\u00e4ndam\u00e5l. Sedan ytbehandlas profilerna och eventuella till\u00e4ggskomponenter p\u00e5 v\u00e5rt m\u00e5leri. Produkterna packas och levereras till kunden. Om du \u00e4ven har valt tj\u00e4nsten <a href=\"https:\/\/makelaalu.fi\/sv\/tjanster\/alustorage\/\">AluStorage\u00ae<\/a>, \u00e4r det m\u00f6jligt att snabbt f\u00e5 i produktion de ytbehandlade m\u00e4ngder du beh\u00f6ver. AluStorage\u00ae-tj\u00e4nsten ger flexibilitet n\u00e4r du planerar dina egna produktion och lagringsbehov.<\/p>\n<h3><\/h3>\n","protected":false},"excerpt":{"rendered":"V\u00e5r ytbehandlingstj\u00e4nst AluCoating\u00ae ger valm\u00f6jligheter Aluminiumprofiler g\u00f6r det m\u00f6jligt att skapa mycket komplicerade former och till\u00e4gga funktioner som \u00e4r mycket sv\u00e5ra att \u00e5stadkomma med andra material. Den slutf\u00f6rda produkten ytbel\u00e4ggs enligt anv\u00e4ndnings\u00e4ndam\u00e5lets krav. F\u00f6r att svara p\u00e5 st\u00e4ndigt \u00f6kande behov av ytbel\u00e4ggning har vi utvecklat servicekonceptet AluCoating\u00ae. Till tj\u00e4nsten h\u00f6r de vanligaste ytbel\u00e4ggningsalternativen. V\u00e5ra kunder kan v\u00e4lja aluminiumprofilens ytbehandlingsf\u00e4rg ur ett brett f\u00e4rgsortiment eller naturf\u00e4rgad anodisering. Anodisering \u00e4r en popul\u00e4r ytbehandlingsmetod f\u00f6r aluminium i och med att den \u00f6kar aluminiumprofilernas korrosionst\u00e5lighet och livsl\u00e4ngd. L\u00e4s mer om anodisering h\u00e4r. Via v\u00e5rt n\u00e4tverk av underleverant\u00f6rer kan vi ocks\u00e5 erbjuda anodisering i f\u00e4rg. Pulverlackering Aluminiumprofiler kan \u00e4ven m\u00e5las i speciella f\u00e4rger eller med en tv\u00e5f\u00e4rgsm\u00e5lning. Vi har tre egna GSB-certifierade lackeringslinjer som garanterar h\u00f6gklassigt resultat. Pulverlackering av aluminiumprofiler \u00e4r en mycket vanlig ytbehandling, som du kan l\u00e4sa mer om h\u00e4r. Vi \u00f6vervakar m\u00e5lningarnas homogenitet och str\u00e4var efter att st\u00e4ndigt f\u00f6rb\u00e4ttra kvaliteten. M\u00e5lning av eventuell kringutrustning kan g\u00f6ras utan problem samtidigt som profilerna. Observera att du kan kombinera AluCoating\u00ae med AluStorage\u00ae extra service, s\u00e5 att ytbehandlade profiler levereras flexibelt och snabbt n\u00e4r du beh\u00f6ver dem. S\u00e5 h\u00e4r fungerar det Ytbehandlingen v\u00e4ljs tillsammans med kunden enligt profilens anv\u00e4ndnings\u00e4ndam\u00e5l. Sedan ytbehandlas profilerna och eventuella till\u00e4ggskomponenter p\u00e5 v\u00e5rt m\u00e5leri. Produkterna packas och levereras till kunden. Om du \u00e4ven har valt tj\u00e4nsten AluStorage\u00ae, \u00e4r det m\u00f6jligt att snabbt f\u00e5 i produktion de ytbehandlade m\u00e4ngder du beh\u00f6ver. AluStorage\u00ae-tj\u00e4nsten ger flexibilitet n\u00e4r du planerar dina egna produktion och lagringsbehov.","protected":false},"author":5,"featured_media":0,"parent":7186,"menu_order":46,"comment_status":"closed","ping_status":"closed","template":"","meta":{"_acf_changed":false,"footnotes":""},"class_list":["post-7202","page","type-page","status-publish","hentry"],"acf":[],"yoast_head":"<!-- This site is optimized with the Yoast SEO plugin v27.3 - https:\/\/yoast.com\/product\/yoast-seo-wordpress\/ -->\n<title>AluCoating\u00ae - ytbehandlingstj\u00e4nst av Aluminiumprofiler<\/title>\n<meta name=\"description\" content=\"V\u00e5r ytbehandlingstj\u00e4nst AluCoating\u00ae ger valm\u00f6jligheter. Aluminiumprofiler g\u00f6r det m\u00f6jligt att skapa mycket komplicerade former och till\u00e4gga funktioner som \u00e4r mycket sv\u00e5ra att \u00e5stadkomma med andra material.\" \/>\n<meta name=\"robots\" content=\"index, follow, max-snippet:-1, max-image-preview:large, max-video-preview:-1\" \/>\n<link rel=\"canonical\" href=\"https:\/\/makelaalu.fi\/sv\/tjanster\/alucoating\/\" \/>\n<meta property=\"og:locale\" content=\"sv_SE\" \/>\n<meta property=\"og:type\" content=\"article\" \/>\n<meta property=\"og:title\" content=\"AluCoating\u00ae - ytbehandlingstj\u00e4nst av Aluminiumprofiler\" \/>\n<meta property=\"og:description\" content=\"V\u00e5r ytbehandlingstj\u00e4nst AluCoating\u00ae ger valm\u00f6jligheter. Aluminiumprofiler g\u00f6r det m\u00f6jligt att skapa mycket komplicerade former och till\u00e4gga funktioner som \u00e4r mycket sv\u00e5ra att \u00e5stadkomma med andra material.\" \/>\n<meta property=\"og:url\" content=\"https:\/\/makelaalu.fi\/sv\/tjanster\/alucoating\/\" \/>\n<meta property=\"og:site_name\" content=\"M&auml;kel&auml; Alu Oy\" \/>\n<meta property=\"article:modified_time\" content=\"2022-05-25T06:20:36+00:00\" \/>\n<meta property=\"og:image\" content=\"https:\/\/dev.makelaalu.fi\/wp-content\/uploads\/2022\/02\/makelaalu_pintakasittely-300x181.jpg\" \/>\n<meta name=\"twitter:card\" content=\"summary_large_image\" \/>\n<meta name=\"twitter:label1\" content=\"Ber\u00e4knad l\u00e4stid\" \/>\n\t<meta name=\"twitter:data1\" content=\"2 minuter\" \/>\n<script type=\"application\/ld+json\" class=\"yoast-schema-graph\">{\"@context\":\"https:\\\/\\\/schema.org\",\"@graph\":[{\"@type\":\"WebPage\",\"@id\":\"https:\\\/\\\/makelaalu.fi\\\/sv\\\/tjanster\\\/alucoating\\\/\",\"url\":\"https:\\\/\\\/makelaalu.fi\\\/sv\\\/tjanster\\\/alucoating\\\/\",\"name\":\"AluCoating\u00ae - ytbehandlingstj\u00e4nst av Aluminiumprofiler\",\"isPartOf\":{\"@id\":\"https:\\\/\\\/dev.makelaalu.fi\\\/#website\"},\"primaryImageOfPage\":{\"@id\":\"https:\\\/\\\/makelaalu.fi\\\/sv\\\/tjanster\\\/alucoating\\\/#primaryimage\"},\"image\":{\"@id\":\"https:\\\/\\\/makelaalu.fi\\\/sv\\\/tjanster\\\/alucoating\\\/#primaryimage\"},\"thumbnailUrl\":\"https:\\\/\\\/makelaalu.fi\\\/wp-content\\\/uploads\\\/2022\\\/02\\\/makelaalu_pintakasittely-300x181.jpg\",\"datePublished\":\"2022-04-05T07:29:27+00:00\",\"dateModified\":\"2022-05-25T06:20:36+00:00\",\"description\":\"V\u00e5r ytbehandlingstj\u00e4nst AluCoating\u00ae ger valm\u00f6jligheter. Aluminiumprofiler g\u00f6r det m\u00f6jligt att skapa mycket komplicerade former och till\u00e4gga funktioner som \u00e4r mycket sv\u00e5ra att \u00e5stadkomma med andra material.\",\"breadcrumb\":{\"@id\":\"https:\\\/\\\/makelaalu.fi\\\/sv\\\/tjanster\\\/alucoating\\\/#breadcrumb\"},\"inLanguage\":\"sv-SE\",\"potentialAction\":[{\"@type\":\"ReadAction\",\"target\":[\"https:\\\/\\\/makelaalu.fi\\\/sv\\\/tjanster\\\/alucoating\\\/\"]}]},{\"@type\":\"ImageObject\",\"inLanguage\":\"sv-SE\",\"@id\":\"https:\\\/\\\/makelaalu.fi\\\/sv\\\/tjanster\\\/alucoating\\\/#primaryimage\",\"url\":\"https:\\\/\\\/makelaalu.fi\\\/wp-content\\\/uploads\\\/2022\\\/02\\\/makelaalu_pintakasittely-300x181.jpg\",\"contentUrl\":\"https:\\\/\\\/makelaalu.fi\\\/wp-content\\\/uploads\\\/2022\\\/02\\\/makelaalu_pintakasittely-300x181.jpg\"},{\"@type\":\"BreadcrumbList\",\"@id\":\"https:\\\/\\\/makelaalu.fi\\\/sv\\\/tjanster\\\/alucoating\\\/#breadcrumb\",\"itemListElement\":[{\"@type\":\"ListItem\",\"position\":1,\"name\":\"Frontpage\",\"item\":\"https:\\\/\\\/makelaalu.fi\\\/sv\\\/\"},{\"@type\":\"ListItem\",\"position\":2,\"name\":\"Tj\u00e4nster\",\"item\":\"https:\\\/\\\/makelaalu.fi\\\/sv\\\/tjanster\\\/\"},{\"@type\":\"ListItem\",\"position\":3,\"name\":\"AluCoating\u00ae\"}]},{\"@type\":\"WebSite\",\"@id\":\"https:\\\/\\\/dev.makelaalu.fi\\\/#website\",\"url\":\"https:\\\/\\\/dev.makelaalu.fi\\\/\",\"name\":\"M&auml;kel&auml; Alu Oy\",\"description\":\"Alumiiniprofiilien puristaminen vuosikymmenten kokemuksella.\",\"potentialAction\":[{\"@type\":\"SearchAction\",\"target\":{\"@type\":\"EntryPoint\",\"urlTemplate\":\"https:\\\/\\\/dev.makelaalu.fi\\\/?s={search_term_string}\"},\"query-input\":{\"@type\":\"PropertyValueSpecification\",\"valueRequired\":true,\"valueName\":\"search_term_string\"}}],\"inLanguage\":\"sv-SE\"}]}<\/script>\n<!-- \/ Yoast SEO plugin. -->","yoast_head_json":{"title":"AluCoating\u00ae - ytbehandlingstj\u00e4nst av Aluminiumprofiler","description":"V\u00e5r ytbehandlingstj\u00e4nst AluCoating\u00ae ger valm\u00f6jligheter. Aluminiumprofiler g\u00f6r det m\u00f6jligt att skapa mycket komplicerade former och till\u00e4gga funktioner som \u00e4r mycket sv\u00e5ra att \u00e5stadkomma med andra material.","robots":{"index":"index","follow":"follow","max-snippet":"max-snippet:-1","max-image-preview":"max-image-preview:large","max-video-preview":"max-video-preview:-1"},"canonical":"https:\/\/makelaalu.fi\/sv\/tjanster\/alucoating\/","og_locale":"sv_SE","og_type":"article","og_title":"AluCoating\u00ae - ytbehandlingstj\u00e4nst av Aluminiumprofiler","og_description":"V\u00e5r ytbehandlingstj\u00e4nst AluCoating\u00ae ger valm\u00f6jligheter. Aluminiumprofiler g\u00f6r det m\u00f6jligt att skapa mycket komplicerade former och till\u00e4gga funktioner som \u00e4r mycket sv\u00e5ra att \u00e5stadkomma med andra material.","og_url":"https:\/\/makelaalu.fi\/sv\/tjanster\/alucoating\/","og_site_name":"M&auml;kel&auml; Alu Oy","article_modified_time":"2022-05-25T06:20:36+00:00","og_image":[{"url":"https:\/\/dev.makelaalu.fi\/wp-content\/uploads\/2022\/02\/makelaalu_pintakasittely-300x181.jpg","type":"","width":"","height":""}],"twitter_card":"summary_large_image","twitter_misc":{"Ber\u00e4knad l\u00e4stid":"2 minuter"},"schema":{"@context":"https:\/\/schema.org","@graph":[{"@type":"WebPage","@id":"https:\/\/makelaalu.fi\/sv\/tjanster\/alucoating\/","url":"https:\/\/makelaalu.fi\/sv\/tjanster\/alucoating\/","name":"AluCoating\u00ae - ytbehandlingstj\u00e4nst av Aluminiumprofiler","isPartOf":{"@id":"https:\/\/dev.makelaalu.fi\/#website"},"primaryImageOfPage":{"@id":"https:\/\/makelaalu.fi\/sv\/tjanster\/alucoating\/#primaryimage"},"image":{"@id":"https:\/\/makelaalu.fi\/sv\/tjanster\/alucoating\/#primaryimage"},"thumbnailUrl":"https:\/\/makelaalu.fi\/wp-content\/uploads\/2022\/02\/makelaalu_pintakasittely-300x181.jpg","datePublished":"2022-04-05T07:29:27+00:00","dateModified":"2022-05-25T06:20:36+00:00","description":"V\u00e5r ytbehandlingstj\u00e4nst AluCoating\u00ae ger valm\u00f6jligheter. Aluminiumprofiler g\u00f6r det m\u00f6jligt att skapa mycket komplicerade former och till\u00e4gga funktioner som \u00e4r mycket sv\u00e5ra att \u00e5stadkomma med andra material.","breadcrumb":{"@id":"https:\/\/makelaalu.fi\/sv\/tjanster\/alucoating\/#breadcrumb"},"inLanguage":"sv-SE","potentialAction":[{"@type":"ReadAction","target":["https:\/\/makelaalu.fi\/sv\/tjanster\/alucoating\/"]}]},{"@type":"ImageObject","inLanguage":"sv-SE","@id":"https:\/\/makelaalu.fi\/sv\/tjanster\/alucoating\/#primaryimage","url":"https:\/\/makelaalu.fi\/wp-content\/uploads\/2022\/02\/makelaalu_pintakasittely-300x181.jpg","contentUrl":"https:\/\/makelaalu.fi\/wp-content\/uploads\/2022\/02\/makelaalu_pintakasittely-300x181.jpg"},{"@type":"BreadcrumbList","@id":"https:\/\/makelaalu.fi\/sv\/tjanster\/alucoating\/#breadcrumb","itemListElement":[{"@type":"ListItem","position":1,"name":"Frontpage","item":"https:\/\/makelaalu.fi\/sv\/"},{"@type":"ListItem","position":2,"name":"Tj\u00e4nster","item":"https:\/\/makelaalu.fi\/sv\/tjanster\/"},{"@type":"ListItem","position":3,"name":"AluCoating\u00ae"}]},{"@type":"WebSite","@id":"https:\/\/dev.makelaalu.fi\/#website","url":"https:\/\/dev.makelaalu.fi\/","name":"M&auml;kel&auml; Alu Oy","description":"Alumiiniprofiilien puristaminen vuosikymmenten kokemuksella.","potentialAction":[{"@type":"SearchAction","target":{"@type":"EntryPoint","urlTemplate":"https:\/\/dev.makelaalu.fi\/?s={search_term_string}"},"query-input":{"@type":"PropertyValueSpecification","valueRequired":true,"valueName":"search_term_string"}}],"inLanguage":"sv-SE"}]}},"_links":{"self":[{"href":"https:\/\/makelaalu.fi\/sv\/wp-json\/wp\/v2\/pages\/7202","targetHints":{"allow":["GET"]}}],"collection":[{"href":"https:\/\/makelaalu.fi\/sv\/wp-json\/wp\/v2\/pages"}],"about":[{"href":"https:\/\/makelaalu.fi\/sv\/wp-json\/wp\/v2\/types\/page"}],"author":[{"embeddable":true,"href":"https:\/\/makelaalu.fi\/sv\/wp-json\/wp\/v2\/users\/5"}],"replies":[{"embeddable":true,"href":"https:\/\/makelaalu.fi\/sv\/wp-json\/wp\/v2\/comments?post=7202"}],"version-history":[{"count":13,"href":"https:\/\/makelaalu.fi\/sv\/wp-json\/wp\/v2\/pages\/7202\/revisions"}],"predecessor-version":[{"id":8516,"href":"https:\/\/makelaalu.fi\/sv\/wp-json\/wp\/v2\/pages\/7202\/revisions\/8516"}],"up":[{"embeddable":true,"href":"https:\/\/makelaalu.fi\/sv\/wp-json\/wp\/v2\/pages\/7186"}],"wp:attachment":[{"href":"https:\/\/makelaalu.fi\/sv\/wp-json\/wp\/v2\/media?parent=7202"}],"curies":[{"name":"wp","href":"https:\/\/api.w.org\/{rel}","templated":true}]}}