{"id":7205,"date":"2022-04-05T10:31:57","date_gmt":"2022-04-05T07:31:57","guid":{"rendered":"https:\/\/dev.makelaalu.fi\/?page_id=7205"},"modified":"2022-05-23T11:06:36","modified_gmt":"2022-05-23T08:06:36","slug":"aludesign","status":"publish","type":"page","link":"https:\/\/makelaalu.fi\/sv\/tjanster\/aludesign\/","title":{"rendered":"AluDesign"},"content":{"rendered":"<h2>Designtj\u00e4nst AluDesign\u00ae<\/h2>\n<h4>Meningen med AluDesign\u00ae-tj\u00e4nsten \u00e4r att i samarbete med kunden designa en s\u00e5 kostnadseffektiv aluminiumprofil som m\u00f6jligt. Det b\u00e4sta slutresultatet uppn\u00e5s om vi f\u00e5r delta i produktdesignen redan i ett mycket tidigt skede, g\u00e4rna redan fr\u00e5n den f\u00f6rsta id\u00e9n.<\/h4>\n<p><img loading=\"lazy\" decoding=\"async\" class=\"alignnone wp-image-6325\" src=\"https:\/\/makelaalu.fi\/wp-content\/uploads\/2022\/03\/DSF1455-300x194.jpg\" alt=\"\" width=\"1200\" height=\"775\" srcset=\"https:\/\/makelaalu.fi\/wp-content\/uploads\/2022\/03\/DSF1455-300x194.jpg 300w, https:\/\/makelaalu.fi\/wp-content\/uploads\/2022\/03\/DSF1455-1024x661.jpg 1024w, https:\/\/makelaalu.fi\/wp-content\/uploads\/2022\/03\/DSF1455-768x496.jpg 768w, https:\/\/makelaalu.fi\/wp-content\/uploads\/2022\/03\/DSF1455-1536x992.jpg 1536w, https:\/\/makelaalu.fi\/wp-content\/uploads\/2022\/03\/DSF1455-2048x1322.jpg 2048w, https:\/\/makelaalu.fi\/wp-content\/uploads\/2022\/03\/DSF1455-500x323.jpg 500w\" sizes=\"auto, (max-width: 1200px) 100vw, 1200px\" \/><\/p>\n<p>F\u00f6r oss \u00e4r det viktigt att kunder som best\u00e4ller aluminiumprofiler av oss f\u00e5r exakt s\u00e5dana profiler som de beh\u00f6ver. Som v\u00e5r kund f\u00e5r du yrkeskunnig hj\u00e4lp med bland annat mekanik- och sammans\u00e4ttningsdesign samt med att skapa produktbilder och 3D-modeller. Med hj\u00e4lp av AluDesign\u00ae-tj\u00e4nsten kan vi ocks\u00e5 effektivera tillverkningen och sammans\u00e4ttningen samt optimera anv\u00e4ndningen av material.<\/p>\n<p>Via v\u00e5rt n\u00e4tverk av yrkeskunniga\u00a0<a href=\"https:\/\/makelaalu.fi\/sv\/vidareforadling\/\">underleverant\u00f6rer<\/a>\u00a0\u00e4r \u00e4ven n\u00f6dv\u00e4ndig vidaref\u00f6r\u00e4dling m\u00f6jlig p\u00e5 ett mycket kostnadseffektivt vis.<\/p>\n<h3>S\u00e5 h\u00e4r fungerar det<\/h3>\n<p>Med tj\u00e4nsten AluDesign\u00ae tillhandah\u00e5lls kunden profiler som \u00e4r avsedda f\u00f6r kundens s\u00e4rskilda behov tack vare att en expert inom profildesign har deltagit i till exempel fastst\u00e4llandet av en l\u00e4mplig aluminiumlegering och profilens ytbehandling. Innan designarbetet inleds utreder vi tillsammans kundens behov av profiler och vilka krav som st\u00e4lls p\u00e5 profilerna. Kunden kan ha en id\u00e9 om sin produkt eller \u00e4ven ett f\u00e4rdigt utkast. Profilen planeras med ett CAD-program. Kunden kan anv\u00e4nda de f\u00e4rdiga produktbilderna i planen.<\/p>\n<p>Intresserad? Ta kontakt med v\u00e5r\u00a0<a href=\"https:\/\/makelaalu.fi\/sv\/kontakta\/\">f\u00f6rs\u00e4ljning<\/a>\u00a0och ber\u00e4tta vad du beh\u00f6ver!<\/p>\n<p>&nbsp;<\/p>\n","protected":false},"excerpt":{"rendered":"Designtj\u00e4nst AluDesign\u00ae Meningen med AluDesign\u00ae-tj\u00e4nsten \u00e4r att i samarbete med kunden designa en s\u00e5 kostnadseffektiv aluminiumprofil som m\u00f6jligt. Det b\u00e4sta slutresultatet uppn\u00e5s om vi f\u00e5r delta i produktdesignen redan i ett mycket tidigt skede, g\u00e4rna redan fr\u00e5n den f\u00f6rsta id\u00e9n. F\u00f6r oss \u00e4r det viktigt att kunder som best\u00e4ller aluminiumprofiler av oss f\u00e5r exakt s\u00e5dana profiler som de beh\u00f6ver. Som v\u00e5r kund f\u00e5r du yrkeskunnig hj\u00e4lp med bland annat mekanik- och sammans\u00e4ttningsdesign samt med att skapa produktbilder och 3D-modeller. Med hj\u00e4lp av AluDesign\u00ae-tj\u00e4nsten kan vi ocks\u00e5 effektivera tillverkningen och sammans\u00e4ttningen samt optimera anv\u00e4ndningen av material. Via v\u00e5rt n\u00e4tverk av yrkeskunniga\u00a0underleverant\u00f6rer\u00a0\u00e4r \u00e4ven n\u00f6dv\u00e4ndig vidaref\u00f6r\u00e4dling m\u00f6jlig p\u00e5 ett mycket kostnadseffektivt vis. S\u00e5 h\u00e4r fungerar det Med tj\u00e4nsten AluDesign\u00ae tillhandah\u00e5lls kunden profiler som \u00e4r avsedda f\u00f6r kundens s\u00e4rskilda behov tack vare att en expert inom profildesign har deltagit i till exempel fastst\u00e4llandet av en l\u00e4mplig aluminiumlegering och profilens ytbehandling. Innan designarbetet inleds utreder vi tillsammans kundens behov av profiler och vilka krav som st\u00e4lls p\u00e5 profilerna. Kunden kan ha en id\u00e9 om sin produkt eller \u00e4ven ett f\u00e4rdigt utkast. Profilen planeras med ett CAD-program. Kunden kan anv\u00e4nda de f\u00e4rdiga produktbilderna i planen. Intresserad? Ta kontakt med v\u00e5r\u00a0f\u00f6rs\u00e4ljning\u00a0och ber\u00e4tta vad du beh\u00f6ver! &nbsp;","protected":false},"author":5,"featured_media":6000,"parent":7186,"menu_order":47,"comment_status":"closed","ping_status":"closed","template":"","meta":{"_acf_changed":false,"footnotes":""},"class_list":["post-7205","page","type-page","status-publish","has-post-thumbnail","hentry"],"acf":[],"yoast_head":"<!-- This site is optimized with the Yoast SEO plugin v27.4 - https:\/\/yoast.com\/product\/yoast-seo-wordpress\/ -->\n<title>AluDesign - Designtj\u00e4nst av aluminiumprofilerna<\/title>\n<meta name=\"description\" content=\"Designtj\u00e4nst av aluminiumprofilerna, AluDesign\u00ae, \u00e4r att i samarbete med kunden designa en s\u00e5 kostnadseffektiv profiler som m\u00f6jligt.\" \/>\n<meta name=\"robots\" content=\"index, follow, max-snippet:-1, max-image-preview:large, max-video-preview:-1\" \/>\n<link rel=\"canonical\" href=\"https:\/\/makelaalu.fi\/sv\/tjanster\/aludesign\/\" \/>\n<meta property=\"og:locale\" content=\"sv_SE\" \/>\n<meta property=\"og:type\" content=\"article\" \/>\n<meta property=\"og:title\" content=\"AluDesign - Designtj\u00e4nst av aluminiumprofilerna\" \/>\n<meta property=\"og:description\" content=\"Designtj\u00e4nst av aluminiumprofilerna, AluDesign\u00ae, \u00e4r att i samarbete med kunden designa en s\u00e5 kostnadseffektiv profiler som m\u00f6jligt.\" \/>\n<meta property=\"og:url\" content=\"https:\/\/makelaalu.fi\/sv\/tjanster\/aludesign\/\" \/>\n<meta property=\"og:site_name\" content=\"M&auml;kel&auml; Alu Oy\" \/>\n<meta property=\"article:modified_time\" content=\"2022-05-23T08:06:36+00:00\" \/>\n<meta property=\"og:image\" content=\"https:\/\/dev.makelaalu.fi\/wp-content\/uploads\/2017\/03\/ma-cadsuunnittelu.jpg\" \/>\n\t<meta property=\"og:image:width\" content=\"600\" \/>\n\t<meta property=\"og:image:height\" content=\"300\" \/>\n\t<meta property=\"og:image:type\" content=\"image\/jpeg\" \/>\n<meta name=\"twitter:card\" content=\"summary_large_image\" \/>\n<meta name=\"twitter:label1\" content=\"Ber\u00e4knad l\u00e4stid\" \/>\n\t<meta name=\"twitter:data1\" content=\"2 minuter\" \/>\n<script type=\"application\/ld+json\" class=\"yoast-schema-graph\">{\"@context\":\"https:\\\/\\\/schema.org\",\"@graph\":[{\"@type\":\"WebPage\",\"@id\":\"https:\\\/\\\/makelaalu.fi\\\/sv\\\/tjanster\\\/aludesign\\\/\",\"url\":\"https:\\\/\\\/makelaalu.fi\\\/sv\\\/tjanster\\\/aludesign\\\/\",\"name\":\"AluDesign - Designtj\u00e4nst av aluminiumprofilerna\",\"isPartOf\":{\"@id\":\"https:\\\/\\\/dev.makelaalu.fi\\\/#website\"},\"primaryImageOfPage\":{\"@id\":\"https:\\\/\\\/makelaalu.fi\\\/sv\\\/tjanster\\\/aludesign\\\/#primaryimage\"},\"image\":{\"@id\":\"https:\\\/\\\/makelaalu.fi\\\/sv\\\/tjanster\\\/aludesign\\\/#primaryimage\"},\"thumbnailUrl\":\"https:\\\/\\\/makelaalu.fi\\\/wp-content\\\/uploads\\\/2017\\\/03\\\/ma-cadsuunnittelu.jpg\",\"datePublished\":\"2022-04-05T07:31:57+00:00\",\"dateModified\":\"2022-05-23T08:06:36+00:00\",\"description\":\"Designtj\u00e4nst av aluminiumprofilerna, AluDesign\u00ae, \u00e4r att i samarbete med kunden designa en s\u00e5 kostnadseffektiv profiler som m\u00f6jligt.\",\"breadcrumb\":{\"@id\":\"https:\\\/\\\/makelaalu.fi\\\/sv\\\/tjanster\\\/aludesign\\\/#breadcrumb\"},\"inLanguage\":\"sv-SE\",\"potentialAction\":[{\"@type\":\"ReadAction\",\"target\":[\"https:\\\/\\\/makelaalu.fi\\\/sv\\\/tjanster\\\/aludesign\\\/\"]}]},{\"@type\":\"ImageObject\",\"inLanguage\":\"sv-SE\",\"@id\":\"https:\\\/\\\/makelaalu.fi\\\/sv\\\/tjanster\\\/aludesign\\\/#primaryimage\",\"url\":\"https:\\\/\\\/makelaalu.fi\\\/wp-content\\\/uploads\\\/2017\\\/03\\\/ma-cadsuunnittelu.jpg\",\"contentUrl\":\"https:\\\/\\\/makelaalu.fi\\\/wp-content\\\/uploads\\\/2017\\\/03\\\/ma-cadsuunnittelu.jpg\",\"width\":600,\"height\":300},{\"@type\":\"BreadcrumbList\",\"@id\":\"https:\\\/\\\/makelaalu.fi\\\/sv\\\/tjanster\\\/aludesign\\\/#breadcrumb\",\"itemListElement\":[{\"@type\":\"ListItem\",\"position\":1,\"name\":\"Frontpage\",\"item\":\"https:\\\/\\\/makelaalu.fi\\\/sv\\\/\"},{\"@type\":\"ListItem\",\"position\":2,\"name\":\"Tj\u00e4nster\",\"item\":\"https:\\\/\\\/makelaalu.fi\\\/sv\\\/tjanster\\\/\"},{\"@type\":\"ListItem\",\"position\":3,\"name\":\"AluDesign\"}]},{\"@type\":\"WebSite\",\"@id\":\"https:\\\/\\\/dev.makelaalu.fi\\\/#website\",\"url\":\"https:\\\/\\\/dev.makelaalu.fi\\\/\",\"name\":\"M&auml;kel&auml; Alu Oy\",\"description\":\"Alumiiniprofiilien puristaminen vuosikymmenten kokemuksella.\",\"potentialAction\":[{\"@type\":\"SearchAction\",\"target\":{\"@type\":\"EntryPoint\",\"urlTemplate\":\"https:\\\/\\\/dev.makelaalu.fi\\\/?s={search_term_string}\"},\"query-input\":{\"@type\":\"PropertyValueSpecification\",\"valueRequired\":true,\"valueName\":\"search_term_string\"}}],\"inLanguage\":\"sv-SE\"}]}<\/script>\n<!-- \/ Yoast SEO plugin. -->","yoast_head_json":{"title":"AluDesign - Designtj\u00e4nst av aluminiumprofilerna","description":"Designtj\u00e4nst av aluminiumprofilerna, AluDesign\u00ae, \u00e4r att i samarbete med kunden designa en s\u00e5 kostnadseffektiv profiler som m\u00f6jligt.","robots":{"index":"index","follow":"follow","max-snippet":"max-snippet:-1","max-image-preview":"max-image-preview:large","max-video-preview":"max-video-preview:-1"},"canonical":"https:\/\/makelaalu.fi\/sv\/tjanster\/aludesign\/","og_locale":"sv_SE","og_type":"article","og_title":"AluDesign - Designtj\u00e4nst av aluminiumprofilerna","og_description":"Designtj\u00e4nst av aluminiumprofilerna, AluDesign\u00ae, \u00e4r att i samarbete med kunden designa en s\u00e5 kostnadseffektiv profiler som m\u00f6jligt.","og_url":"https:\/\/makelaalu.fi\/sv\/tjanster\/aludesign\/","og_site_name":"M&auml;kel&auml; Alu Oy","article_modified_time":"2022-05-23T08:06:36+00:00","og_image":[{"width":600,"height":300,"url":"https:\/\/dev.makelaalu.fi\/wp-content\/uploads\/2017\/03\/ma-cadsuunnittelu.jpg","type":"image\/jpeg"}],"twitter_card":"summary_large_image","twitter_misc":{"Ber\u00e4knad l\u00e4stid":"2 minuter"},"schema":{"@context":"https:\/\/schema.org","@graph":[{"@type":"WebPage","@id":"https:\/\/makelaalu.fi\/sv\/tjanster\/aludesign\/","url":"https:\/\/makelaalu.fi\/sv\/tjanster\/aludesign\/","name":"AluDesign - Designtj\u00e4nst av aluminiumprofilerna","isPartOf":{"@id":"https:\/\/dev.makelaalu.fi\/#website"},"primaryImageOfPage":{"@id":"https:\/\/makelaalu.fi\/sv\/tjanster\/aludesign\/#primaryimage"},"image":{"@id":"https:\/\/makelaalu.fi\/sv\/tjanster\/aludesign\/#primaryimage"},"thumbnailUrl":"https:\/\/makelaalu.fi\/wp-content\/uploads\/2017\/03\/ma-cadsuunnittelu.jpg","datePublished":"2022-04-05T07:31:57+00:00","dateModified":"2022-05-23T08:06:36+00:00","description":"Designtj\u00e4nst av aluminiumprofilerna, AluDesign\u00ae, \u00e4r att i samarbete med kunden designa en s\u00e5 kostnadseffektiv profiler som m\u00f6jligt.","breadcrumb":{"@id":"https:\/\/makelaalu.fi\/sv\/tjanster\/aludesign\/#breadcrumb"},"inLanguage":"sv-SE","potentialAction":[{"@type":"ReadAction","target":["https:\/\/makelaalu.fi\/sv\/tjanster\/aludesign\/"]}]},{"@type":"ImageObject","inLanguage":"sv-SE","@id":"https:\/\/makelaalu.fi\/sv\/tjanster\/aludesign\/#primaryimage","url":"https:\/\/makelaalu.fi\/wp-content\/uploads\/2017\/03\/ma-cadsuunnittelu.jpg","contentUrl":"https:\/\/makelaalu.fi\/wp-content\/uploads\/2017\/03\/ma-cadsuunnittelu.jpg","width":600,"height":300},{"@type":"BreadcrumbList","@id":"https:\/\/makelaalu.fi\/sv\/tjanster\/aludesign\/#breadcrumb","itemListElement":[{"@type":"ListItem","position":1,"name":"Frontpage","item":"https:\/\/makelaalu.fi\/sv\/"},{"@type":"ListItem","position":2,"name":"Tj\u00e4nster","item":"https:\/\/makelaalu.fi\/sv\/tjanster\/"},{"@type":"ListItem","position":3,"name":"AluDesign"}]},{"@type":"WebSite","@id":"https:\/\/dev.makelaalu.fi\/#website","url":"https:\/\/dev.makelaalu.fi\/","name":"M&auml;kel&auml; Alu Oy","description":"Alumiiniprofiilien puristaminen vuosikymmenten kokemuksella.","potentialAction":[{"@type":"SearchAction","target":{"@type":"EntryPoint","urlTemplate":"https:\/\/dev.makelaalu.fi\/?s={search_term_string}"},"query-input":{"@type":"PropertyValueSpecification","valueRequired":true,"valueName":"search_term_string"}}],"inLanguage":"sv-SE"}]}},"_links":{"self":[{"href":"https:\/\/makelaalu.fi\/sv\/wp-json\/wp\/v2\/pages\/7205","targetHints":{"allow":["GET"]}}],"collection":[{"href":"https:\/\/makelaalu.fi\/sv\/wp-json\/wp\/v2\/pages"}],"about":[{"href":"https:\/\/makelaalu.fi\/sv\/wp-json\/wp\/v2\/types\/page"}],"author":[{"embeddable":true,"href":"https:\/\/makelaalu.fi\/sv\/wp-json\/wp\/v2\/users\/5"}],"replies":[{"embeddable":true,"href":"https:\/\/makelaalu.fi\/sv\/wp-json\/wp\/v2\/comments?post=7205"}],"version-history":[{"count":9,"href":"https:\/\/makelaalu.fi\/sv\/wp-json\/wp\/v2\/pages\/7205\/revisions"}],"predecessor-version":[{"id":8433,"href":"https:\/\/makelaalu.fi\/sv\/wp-json\/wp\/v2\/pages\/7205\/revisions\/8433"}],"up":[{"embeddable":true,"href":"https:\/\/makelaalu.fi\/sv\/wp-json\/wp\/v2\/pages\/7186"}],"wp:featuredmedia":[{"embeddable":true,"href":"https:\/\/makelaalu.fi\/sv\/wp-json\/wp\/v2\/media\/6000"}],"wp:attachment":[{"href":"https:\/\/makelaalu.fi\/sv\/wp-json\/wp\/v2\/media?parent=7205"}],"curies":[{"name":"wp","href":"https:\/\/api.w.org\/{rel}","templated":true}]}}