{"id":7209,"date":"2022-04-05T10:35:11","date_gmt":"2022-04-05T07:35:11","guid":{"rendered":"https:\/\/dev.makelaalu.fi\/?page_id=7209"},"modified":"2025-09-26T14:17:57","modified_gmt":"2025-09-26T11:17:57","slug":"alustorage","status":"publish","type":"page","link":"https:\/\/makelaalu.fi\/sv\/tjanster\/alustorage\/","title":{"rendered":"AluStorage\u00ae"},"content":{"rendered":"<div class=\"wpb-content-wrapper\"><p>[vc_row][vc_column][vc_column_text css=&#8221;&#8221;]<\/p>\n<h2>Tj\u00e4nsten AluStorage\u00ae i v\u00e5rt lager<\/h2>\n<h4>AluStorage\u00ae-tj\u00e4nsten inneb\u00e4r att vi lagrar dina aluminiumprofiler i v\u00e5rt lager i Luoma-aho eller i Voikkaa i Kuusankoski.<\/h4>\n<p><img loading=\"lazy\" decoding=\"async\" class=\"alignnone wp-image-6188\" src=\"https:\/\/makelaalu.fi\/wp-content\/uploads\/2022\/02\/makelaalu_alustorage-300x200.jpg\" alt=\"\" width=\"1200\" height=\"800\" srcset=\"https:\/\/makelaalu.fi\/wp-content\/uploads\/2022\/02\/makelaalu_alustorage-300x200.jpg 300w, https:\/\/makelaalu.fi\/wp-content\/uploads\/2022\/02\/makelaalu_alustorage-1024x683.jpg 1024w, https:\/\/makelaalu.fi\/wp-content\/uploads\/2022\/02\/makelaalu_alustorage-768x512.jpg 768w, https:\/\/makelaalu.fi\/wp-content\/uploads\/2022\/02\/makelaalu_alustorage-1536x1024.jpg 1536w, https:\/\/makelaalu.fi\/wp-content\/uploads\/2022\/02\/makelaalu_alustorage-1170x780.jpg 1170w, https:\/\/makelaalu.fi\/wp-content\/uploads\/2022\/02\/makelaalu_alustorage-500x333.jpg 500w, https:\/\/makelaalu.fi\/wp-content\/uploads\/2022\/02\/makelaalu_alustorage.jpg 1920w\" sizes=\"auto, (max-width: 1200px) 100vw, 1200px\" \/><\/p>\n<p>Underh\u00e5ll och p\u00e5fyllning av lagret sker automatiskt via v\u00e5rt system enligt den tj\u00e4nsteniv\u00e5 du kommit \u00f6verens om. Vi ser till att det alltid finns tillr\u00e4ckligt med profiler i lagret f\u00f6r ditt f\u00f6retags behov. Med hj\u00e4lp av automation h\u00e5lls lagersaldot alltid p\u00e5 den \u00f6verenskomna niv\u00e5n, s\u00e5 att du bara beh\u00f6ver g\u00f6ra en best\u00e4llning och v\u00e4nta p\u00e5 leverans.<\/p>\n<h3>S\u00e5 h\u00e4r fungerar det<\/h3>\n<p>F\u00f6rst fastst\u00e4ller vi en l\u00e4mplig lagerniv\u00e5 f\u00f6r varje kund enligt deras behov. <a href=\"https:\/\/makelaalu.fi\/sv\/tjanster\/aluvendor\/\">AluVendor-systemet<\/a> f\u00f6ljer automatiskt upp lagersaldot, och lagret kompletteras fr\u00e5n v\u00e5r produktion i enlighet med de saldon som vi kommit \u00f6verens om. N\u00e4r du beh\u00f6ver profiler i din egen produktion, best\u00e4ller du det antal du beh\u00f6ver fr\u00e5n din egen lagerkvot. Best\u00e4llningen levereras till dig, och lagersaldon uppdateras igen automatiskt.<\/p>\n<p>Se hur enkelt allt fungerar i praktiken i v\u00e5r animation!<\/p>\n<p><iframe loading=\"lazy\" title=\"M\u00e4kel\u00e4 AluStorage service p\u00e5 Svenska\" width=\"640\" height=\"360\" src=\"https:\/\/www.youtube.com\/embed\/a_7S7bf6kgc?feature=oembed\" frameborder=\"0\" allow=\"accelerometer; autoplay; clipboard-write; encrypted-media; gyroscope; picture-in-picture; web-share\" referrerpolicy=\"strict-origin-when-cross-origin\" allowfullscreen><\/iframe><\/p>\n<p>Fr\u00e5ga mer om tj\u00e4nsten av v\u00e5ra\u00a0<a href=\"https:\/\/makelaalu.fi\/sv\/kontakta\/\">f\u00f6rs\u00e4ljare<\/a>[\/vc_column_text][\/vc_column][\/vc_row]<\/p>\n<\/div>","protected":false},"excerpt":{"rendered":"[vc_row][vc_column][vc_column_text css=&#8221;&#8221;] Tj\u00e4nsten AluStorage\u00ae i v\u00e5rt lager AluStorage\u00ae-tj\u00e4nsten inneb\u00e4r att vi lagrar dina aluminiumprofiler i v\u00e5rt lager i Luoma-aho eller i Voikkaa i Kuusankoski. Underh\u00e5ll och p\u00e5fyllning av lagret sker automatiskt via v\u00e5rt system enligt den tj\u00e4nsteniv\u00e5 du kommit \u00f6verens om. Vi ser till att det alltid finns tillr\u00e4ckligt med profiler i lagret f\u00f6r ditt f\u00f6retags behov. Med hj\u00e4lp av automation h\u00e5lls lagersaldot alltid p\u00e5 den \u00f6verenskomna niv\u00e5n, s\u00e5 att du bara beh\u00f6ver g\u00f6ra en best\u00e4llning och v\u00e4nta p\u00e5 leverans. S\u00e5 h\u00e4r fungerar det F\u00f6rst fastst\u00e4ller vi en l\u00e4mplig lagerniv\u00e5 f\u00f6r varje kund enligt deras behov. AluVendor-systemet f\u00f6ljer automatiskt upp lagersaldot, och lagret kompletteras fr\u00e5n v\u00e5r produktion i enlighet med de saldon som vi kommit \u00f6verens om. N\u00e4r du beh\u00f6ver profiler i din egen produktion, best\u00e4ller du det antal du beh\u00f6ver fr\u00e5n din egen lagerkvot. Best\u00e4llningen levereras till dig, och lagersaldon uppdateras igen automatiskt. Se hur enkelt allt fungerar i praktiken i v\u00e5r animation! Fr\u00e5ga mer om tj\u00e4nsten av v\u00e5ra\u00a0f\u00f6rs\u00e4ljare[\/vc_column_text][\/vc_column][\/vc_row]","protected":false},"author":5,"featured_media":0,"parent":7186,"menu_order":51,"comment_status":"closed","ping_status":"closed","template":"","meta":{"_acf_changed":false,"footnotes":""},"class_list":["post-7209","page","type-page","status-publish","hentry"],"acf":[],"yoast_head":"<!-- This site is optimized with the Yoast SEO plugin v27.4 - https:\/\/yoast.com\/product\/yoast-seo-wordpress\/ -->\n<title>AluStorage\u00ae - Lagringstj\u00e4nst<\/title>\n<meta name=\"description\" content=\"Tj\u00e4nsten AluStorage\u00ae i v\u00e5rt lager. AluStorage\u00ae-tj\u00e4nsten inneb\u00e4r att vi lagrar dina aluminiumprofiler i v\u00e5rt lager i Luoma-aho eller i Voikkaa i Kuusankoski.\" \/>\n<meta name=\"robots\" content=\"index, follow, max-snippet:-1, max-image-preview:large, max-video-preview:-1\" \/>\n<link rel=\"canonical\" href=\"https:\/\/makelaalu.fi\/sv\/tjanster\/alustorage\/\" \/>\n<meta property=\"og:locale\" content=\"sv_SE\" \/>\n<meta property=\"og:type\" content=\"article\" \/>\n<meta property=\"og:title\" content=\"AluStorage\u00ae - Lagringstj\u00e4nst\" \/>\n<meta property=\"og:description\" content=\"Tj\u00e4nsten AluStorage\u00ae i v\u00e5rt lager. AluStorage\u00ae-tj\u00e4nsten inneb\u00e4r att vi lagrar dina aluminiumprofiler i v\u00e5rt lager i Luoma-aho eller i Voikkaa i Kuusankoski.\" \/>\n<meta property=\"og:url\" content=\"https:\/\/makelaalu.fi\/sv\/tjanster\/alustorage\/\" \/>\n<meta property=\"og:site_name\" content=\"M&auml;kel&auml; Alu Oy\" \/>\n<meta property=\"article:modified_time\" content=\"2025-09-26T11:17:57+00:00\" \/>\n<meta property=\"og:image\" content=\"https:\/\/makelaalu.fi\/wp-content\/uploads\/2022\/02\/makelaalu_alustorage.jpg\" \/>\n\t<meta property=\"og:image:width\" content=\"1920\" \/>\n\t<meta property=\"og:image:height\" content=\"1280\" \/>\n\t<meta property=\"og:image:type\" content=\"image\/jpeg\" \/>\n<meta name=\"twitter:card\" content=\"summary_large_image\" \/>\n<meta name=\"twitter:label1\" content=\"Ber\u00e4knad l\u00e4stid\" \/>\n\t<meta name=\"twitter:data1\" content=\"2 minuter\" \/>\n<script type=\"application\/ld+json\" class=\"yoast-schema-graph\">{\"@context\":\"https:\\\/\\\/schema.org\",\"@graph\":[{\"@type\":\"WebPage\",\"@id\":\"https:\\\/\\\/makelaalu.fi\\\/sv\\\/tjanster\\\/alustorage\\\/\",\"url\":\"https:\\\/\\\/makelaalu.fi\\\/sv\\\/tjanster\\\/alustorage\\\/\",\"name\":\"AluStorage\u00ae - Lagringstj\u00e4nst\",\"isPartOf\":{\"@id\":\"https:\\\/\\\/dev.makelaalu.fi\\\/#website\"},\"primaryImageOfPage\":{\"@id\":\"https:\\\/\\\/makelaalu.fi\\\/sv\\\/tjanster\\\/alustorage\\\/#primaryimage\"},\"image\":{\"@id\":\"https:\\\/\\\/makelaalu.fi\\\/sv\\\/tjanster\\\/alustorage\\\/#primaryimage\"},\"thumbnailUrl\":\"https:\\\/\\\/makelaalu.fi\\\/wp-content\\\/uploads\\\/2022\\\/02\\\/makelaalu_alustorage-300x200.jpg\",\"datePublished\":\"2022-04-05T07:35:11+00:00\",\"dateModified\":\"2025-09-26T11:17:57+00:00\",\"description\":\"Tj\u00e4nsten AluStorage\u00ae i v\u00e5rt lager. AluStorage\u00ae-tj\u00e4nsten inneb\u00e4r att vi lagrar dina aluminiumprofiler i v\u00e5rt lager i Luoma-aho eller i Voikkaa i Kuusankoski.\",\"breadcrumb\":{\"@id\":\"https:\\\/\\\/makelaalu.fi\\\/sv\\\/tjanster\\\/alustorage\\\/#breadcrumb\"},\"inLanguage\":\"sv-SE\",\"potentialAction\":[{\"@type\":\"ReadAction\",\"target\":[\"https:\\\/\\\/makelaalu.fi\\\/sv\\\/tjanster\\\/alustorage\\\/\"]}]},{\"@type\":\"ImageObject\",\"inLanguage\":\"sv-SE\",\"@id\":\"https:\\\/\\\/makelaalu.fi\\\/sv\\\/tjanster\\\/alustorage\\\/#primaryimage\",\"url\":\"https:\\\/\\\/makelaalu.fi\\\/wp-content\\\/uploads\\\/2022\\\/02\\\/makelaalu_alustorage-300x200.jpg\",\"contentUrl\":\"https:\\\/\\\/makelaalu.fi\\\/wp-content\\\/uploads\\\/2022\\\/02\\\/makelaalu_alustorage-300x200.jpg\"},{\"@type\":\"BreadcrumbList\",\"@id\":\"https:\\\/\\\/makelaalu.fi\\\/sv\\\/tjanster\\\/alustorage\\\/#breadcrumb\",\"itemListElement\":[{\"@type\":\"ListItem\",\"position\":1,\"name\":\"Frontpage\",\"item\":\"https:\\\/\\\/makelaalu.fi\\\/sv\\\/\"},{\"@type\":\"ListItem\",\"position\":2,\"name\":\"Tj\u00e4nster\",\"item\":\"https:\\\/\\\/makelaalu.fi\\\/sv\\\/tjanster\\\/\"},{\"@type\":\"ListItem\",\"position\":3,\"name\":\"AluStorage\u00ae\"}]},{\"@type\":\"WebSite\",\"@id\":\"https:\\\/\\\/dev.makelaalu.fi\\\/#website\",\"url\":\"https:\\\/\\\/dev.makelaalu.fi\\\/\",\"name\":\"M&auml;kel&auml; Alu Oy\",\"description\":\"Alumiiniprofiilien puristaminen vuosikymmenten kokemuksella.\",\"potentialAction\":[{\"@type\":\"SearchAction\",\"target\":{\"@type\":\"EntryPoint\",\"urlTemplate\":\"https:\\\/\\\/dev.makelaalu.fi\\\/?s={search_term_string}\"},\"query-input\":{\"@type\":\"PropertyValueSpecification\",\"valueRequired\":true,\"valueName\":\"search_term_string\"}}],\"inLanguage\":\"sv-SE\"}]}<\/script>\n<!-- \/ Yoast SEO plugin. -->","yoast_head_json":{"title":"AluStorage\u00ae - Lagringstj\u00e4nst","description":"Tj\u00e4nsten AluStorage\u00ae i v\u00e5rt lager. AluStorage\u00ae-tj\u00e4nsten inneb\u00e4r att vi lagrar dina aluminiumprofiler i v\u00e5rt lager i Luoma-aho eller i Voikkaa i Kuusankoski.","robots":{"index":"index","follow":"follow","max-snippet":"max-snippet:-1","max-image-preview":"max-image-preview:large","max-video-preview":"max-video-preview:-1"},"canonical":"https:\/\/makelaalu.fi\/sv\/tjanster\/alustorage\/","og_locale":"sv_SE","og_type":"article","og_title":"AluStorage\u00ae - Lagringstj\u00e4nst","og_description":"Tj\u00e4nsten AluStorage\u00ae i v\u00e5rt lager. AluStorage\u00ae-tj\u00e4nsten inneb\u00e4r att vi lagrar dina aluminiumprofiler i v\u00e5rt lager i Luoma-aho eller i Voikkaa i Kuusankoski.","og_url":"https:\/\/makelaalu.fi\/sv\/tjanster\/alustorage\/","og_site_name":"M&auml;kel&auml; Alu Oy","article_modified_time":"2025-09-26T11:17:57+00:00","og_image":[{"width":1920,"height":1280,"url":"https:\/\/makelaalu.fi\/wp-content\/uploads\/2022\/02\/makelaalu_alustorage.jpg","type":"image\/jpeg"}],"twitter_card":"summary_large_image","twitter_misc":{"Ber\u00e4knad l\u00e4stid":"2 minuter"},"schema":{"@context":"https:\/\/schema.org","@graph":[{"@type":"WebPage","@id":"https:\/\/makelaalu.fi\/sv\/tjanster\/alustorage\/","url":"https:\/\/makelaalu.fi\/sv\/tjanster\/alustorage\/","name":"AluStorage\u00ae - Lagringstj\u00e4nst","isPartOf":{"@id":"https:\/\/dev.makelaalu.fi\/#website"},"primaryImageOfPage":{"@id":"https:\/\/makelaalu.fi\/sv\/tjanster\/alustorage\/#primaryimage"},"image":{"@id":"https:\/\/makelaalu.fi\/sv\/tjanster\/alustorage\/#primaryimage"},"thumbnailUrl":"https:\/\/makelaalu.fi\/wp-content\/uploads\/2022\/02\/makelaalu_alustorage-300x200.jpg","datePublished":"2022-04-05T07:35:11+00:00","dateModified":"2025-09-26T11:17:57+00:00","description":"Tj\u00e4nsten AluStorage\u00ae i v\u00e5rt lager. AluStorage\u00ae-tj\u00e4nsten inneb\u00e4r att vi lagrar dina aluminiumprofiler i v\u00e5rt lager i Luoma-aho eller i Voikkaa i Kuusankoski.","breadcrumb":{"@id":"https:\/\/makelaalu.fi\/sv\/tjanster\/alustorage\/#breadcrumb"},"inLanguage":"sv-SE","potentialAction":[{"@type":"ReadAction","target":["https:\/\/makelaalu.fi\/sv\/tjanster\/alustorage\/"]}]},{"@type":"ImageObject","inLanguage":"sv-SE","@id":"https:\/\/makelaalu.fi\/sv\/tjanster\/alustorage\/#primaryimage","url":"https:\/\/makelaalu.fi\/wp-content\/uploads\/2022\/02\/makelaalu_alustorage-300x200.jpg","contentUrl":"https:\/\/makelaalu.fi\/wp-content\/uploads\/2022\/02\/makelaalu_alustorage-300x200.jpg"},{"@type":"BreadcrumbList","@id":"https:\/\/makelaalu.fi\/sv\/tjanster\/alustorage\/#breadcrumb","itemListElement":[{"@type":"ListItem","position":1,"name":"Frontpage","item":"https:\/\/makelaalu.fi\/sv\/"},{"@type":"ListItem","position":2,"name":"Tj\u00e4nster","item":"https:\/\/makelaalu.fi\/sv\/tjanster\/"},{"@type":"ListItem","position":3,"name":"AluStorage\u00ae"}]},{"@type":"WebSite","@id":"https:\/\/dev.makelaalu.fi\/#website","url":"https:\/\/dev.makelaalu.fi\/","name":"M&auml;kel&auml; Alu Oy","description":"Alumiiniprofiilien puristaminen vuosikymmenten kokemuksella.","potentialAction":[{"@type":"SearchAction","target":{"@type":"EntryPoint","urlTemplate":"https:\/\/dev.makelaalu.fi\/?s={search_term_string}"},"query-input":{"@type":"PropertyValueSpecification","valueRequired":true,"valueName":"search_term_string"}}],"inLanguage":"sv-SE"}]}},"_links":{"self":[{"href":"https:\/\/makelaalu.fi\/sv\/wp-json\/wp\/v2\/pages\/7209","targetHints":{"allow":["GET"]}}],"collection":[{"href":"https:\/\/makelaalu.fi\/sv\/wp-json\/wp\/v2\/pages"}],"about":[{"href":"https:\/\/makelaalu.fi\/sv\/wp-json\/wp\/v2\/types\/page"}],"author":[{"embeddable":true,"href":"https:\/\/makelaalu.fi\/sv\/wp-json\/wp\/v2\/users\/5"}],"replies":[{"embeddable":true,"href":"https:\/\/makelaalu.fi\/sv\/wp-json\/wp\/v2\/comments?post=7209"}],"version-history":[{"count":14,"href":"https:\/\/makelaalu.fi\/sv\/wp-json\/wp\/v2\/pages\/7209\/revisions"}],"predecessor-version":[{"id":11387,"href":"https:\/\/makelaalu.fi\/sv\/wp-json\/wp\/v2\/pages\/7209\/revisions\/11387"}],"up":[{"embeddable":true,"href":"https:\/\/makelaalu.fi\/sv\/wp-json\/wp\/v2\/pages\/7186"}],"wp:attachment":[{"href":"https:\/\/makelaalu.fi\/sv\/wp-json\/wp\/v2\/media?parent=7209"}],"curies":[{"name":"wp","href":"https:\/\/api.w.org\/{rel}","templated":true}]}}