{"id":7231,"date":"2022-04-05T10:51:51","date_gmt":"2022-04-05T07:51:51","guid":{"rendered":"https:\/\/dev.makelaalu.fi\/?page_id=7231"},"modified":"2022-05-27T12:47:14","modified_gmt":"2022-05-27T09:47:14","slug":"vidareforadling","status":"publish","type":"page","link":"https:\/\/makelaalu.fi\/sv\/vidareforadling\/","title":{"rendered":"Vidaref\u00f6r\u00e4dling"},"content":{"rendered":"<div class=\"wpb-content-wrapper\"><p>[vc_row lg_spacing=&#8221;padding_top:60;padding_bottom:20&#8243;][vc_column][vc_row_inner][vc_column_inner][vc_column_text]<\/p>\n<h2>V\u00e5rt n\u00e4tverk av sakkunniga ut\u00f6kar v\u00e5r egen vidaref\u00f6r\u00e4dling<\/h2>\n<h4>Vid vidaref\u00f6r\u00e4dling av aluminiumprofiler har vi \u00e4ven tillg\u00e5ng till specialkunnande om ytbehandling och bearbetningstekniker via v\u00e5rt n\u00e4tverk av sakkunniga. LA Alucenter i Alaj\u00e4rvi \u00e4r Finlands ledande aluminiumn\u00e4tverk med full service d\u00e4r alla delaktiga kan fokusera p\u00e5 sitt eget specialomr\u00e5de.<\/h4>\n<p>[\/vc_column_text][vc_zigzag][\/vc_column_inner][\/vc_row_inner][\/vc_column][\/vc_row][vc_row][vc_column][vc_row_inner][vc_column_inner width=&#8221;1\/2&#8243;][vc_column_text]Som v\u00e5r kund kan du \u00e4ven skaffa f\u00e4rdiga delar via oss. Vi har m\u00f6jligheten att utnyttja sakkunnign\u00e4tverket\u00a0<a href=\"http:\/\/www.laalucenter.fi\/\" target=\"_blank\" rel=\"noopener\">LA Alucenter<\/a>, vars f\u00f6retag ligger mycket n\u00e4ra v\u00e5rt eget fabriksomr\u00e5de. D\u00e4rmed \u00e4r det ocks\u00e5 mycket kostnadseffektivt och h\u00e5llbart att bearbeta f\u00e4rdiga exemplar fr\u00e5n best\u00e4llning till leverans. Tack vare v\u00e5rt samarbete med LA Alucenter kan vi leverera mycket l\u00e5ngt f\u00f6r\u00e4dlade, individuella produkter \u2013 fr\u00e5n en del \u00e4nda till stora, sammansatta helheter som nyckelf\u00e4rdiga l\u00f6sningar. N\u00e4r du kombinerar detta med v\u00e5r lagringstj\u00e4nst f\u00e5r ditt f\u00f6retag tillg\u00e5ng till en mycket bra, kostnadseffektiv och smidig verksamhetsmodell.<\/p>\n<p>Fr\u00e5ga mer av v\u00e5ra\u00a0<a href=\"https:\/\/makelaalu.fi\/sv\/kontakta\/\">f\u00f6rs\u00e4ljare<\/a>\u00a0eller be oss\u00a0ta kontakt\u00a0med dig.[\/vc_column_text][\/vc_column_inner][vc_column_inner width=&#8221;1\/2&#8243;][vc_single_image image=&#8221;872&#8243; img_size=&#8221;1200&#215;600&#8243;][\/vc_column_inner][\/vc_row_inner][\/vc_column][\/vc_row]<\/p>\n<\/div>","protected":false},"excerpt":{"rendered":"[vc_row lg_spacing=&#8221;padding_top:60;padding_bottom:20&#8243;][vc_column][vc_row_inner][vc_column_inner][vc_column_text] V\u00e5rt n\u00e4tverk av sakkunniga ut\u00f6kar v\u00e5r egen vidaref\u00f6r\u00e4dling Vid vidaref\u00f6r\u00e4dling av aluminiumprofiler har vi \u00e4ven tillg\u00e5ng till specialkunnande om ytbehandling och bearbetningstekniker via v\u00e5rt n\u00e4tverk av sakkunniga. LA Alucenter i Alaj\u00e4rvi \u00e4r Finlands ledande aluminiumn\u00e4tverk med full service d\u00e4r alla delaktiga kan fokusera p\u00e5 sitt eget specialomr\u00e5de. [\/vc_column_text][vc_zigzag][\/vc_column_inner][\/vc_row_inner][\/vc_column][\/vc_row][vc_row][vc_column][vc_row_inner][vc_column_inner width=&#8221;1\/2&#8243;][vc_column_text]Som v\u00e5r kund kan du \u00e4ven skaffa f\u00e4rdiga delar via oss. Vi har m\u00f6jligheten att utnyttja sakkunnign\u00e4tverket\u00a0LA Alucenter, vars f\u00f6retag ligger mycket n\u00e4ra v\u00e5rt eget fabriksomr\u00e5de. D\u00e4rmed \u00e4r det ocks\u00e5 mycket kostnadseffektivt och h\u00e5llbart att bearbeta f\u00e4rdiga exemplar fr\u00e5n best\u00e4llning till leverans. Tack vare v\u00e5rt samarbete med LA Alucenter kan vi leverera mycket l\u00e5ngt f\u00f6r\u00e4dlade, individuella produkter \u2013 fr\u00e5n en del \u00e4nda till stora, sammansatta helheter som nyckelf\u00e4rdiga l\u00f6sningar. N\u00e4r du kombinerar detta med v\u00e5r lagringstj\u00e4nst f\u00e5r ditt f\u00f6retag tillg\u00e5ng till en mycket bra, kostnadseffektiv och smidig verksamhetsmodell. Fr\u00e5ga mer av v\u00e5ra\u00a0f\u00f6rs\u00e4ljare\u00a0eller be oss\u00a0ta kontakt\u00a0med dig.[\/vc_column_text][\/vc_column_inner][vc_column_inner width=&#8221;1\/2&#8243;][vc_single_image image=&#8221;872&#8243; img_size=&#8221;1200&#215;600&#8243;][\/vc_column_inner][\/vc_row_inner][\/vc_column][\/vc_row]","protected":false},"author":5,"featured_media":0,"parent":0,"menu_order":54,"comment_status":"closed","ping_status":"closed","template":"","meta":{"_acf_changed":false,"footnotes":""},"class_list":["post-7231","page","type-page","status-publish","hentry"],"acf":[],"yoast_head":"<!-- This site is optimized with the Yoast SEO plugin v27.4 - https:\/\/yoast.com\/product\/yoast-seo-wordpress\/ -->\n<title>Vidaref\u00f6r\u00e4dling - M&auml;kel&auml; Alu Oy<\/title>\n<meta name=\"robots\" content=\"index, follow, max-snippet:-1, max-image-preview:large, max-video-preview:-1\" \/>\n<link rel=\"canonical\" href=\"https:\/\/makelaalu.fi\/sv\/vidareforadling\/\" \/>\n<meta property=\"og:locale\" content=\"sv_SE\" \/>\n<meta property=\"og:type\" content=\"article\" \/>\n<meta property=\"og:title\" content=\"Vidaref\u00f6r\u00e4dling - M&auml;kel&auml; Alu Oy\" \/>\n<meta property=\"og:description\" content=\"[vc_row lg_spacing=&#8221;padding_top:60;padding_bottom:20&#8243;][vc_column][vc_row_inner][vc_column_inner][vc_column_text] V\u00e5rt n\u00e4tverk av sakkunniga ut\u00f6kar v\u00e5r egen vidaref\u00f6r\u00e4dling Vid vidaref\u00f6r\u00e4dling av aluminiumprofiler har vi \u00e4ven tillg\u00e5ng till specialkunnande om ytbehandling och bearbetningstekniker via v\u00e5rt n\u00e4tverk av sakkunniga. LA Alucenter i Alaj\u00e4rvi \u00e4r Finlands ledande aluminiumn\u00e4tverk med full service d\u00e4r alla delaktiga kan fokusera p\u00e5 sitt eget specialomr\u00e5de. [\/vc_column_text][vc_zigzag][\/vc_column_inner][\/vc_row_inner][\/vc_column][\/vc_row][vc_row][vc_column][vc_row_inner][vc_column_inner width=&#8221;1\/2&#8243;][vc_column_text]Som v\u00e5r kund kan du \u00e4ven skaffa f\u00e4rdiga delar via oss. Vi har m\u00f6jligheten att utnyttja sakkunnign\u00e4tverket\u00a0LA Alucenter, vars f\u00f6retag ligger mycket n\u00e4ra v\u00e5rt eget fabriksomr\u00e5de. D\u00e4rmed \u00e4r det ocks\u00e5 mycket kostnadseffektivt och h\u00e5llbart att bearbeta f\u00e4rdiga exemplar fr\u00e5n best\u00e4llning till leverans. Tack vare v\u00e5rt samarbete med LA Alucenter kan vi leverera mycket l\u00e5ngt f\u00f6r\u00e4dlade, individuella produkter \u2013 fr\u00e5n en del \u00e4nda till stora, sammansatta helheter som nyckelf\u00e4rdiga l\u00f6sningar. N\u00e4r du kombinerar detta med v\u00e5r lagringstj\u00e4nst f\u00e5r ditt f\u00f6retag tillg\u00e5ng till en mycket bra, kostnadseffektiv och smidig verksamhetsmodell. Fr\u00e5ga mer av v\u00e5ra\u00a0f\u00f6rs\u00e4ljare\u00a0eller be oss\u00a0ta kontakt\u00a0med dig.[\/vc_column_text][\/vc_column_inner][vc_column_inner width=&#8221;1\/2&#8243;][vc_single_image image=&#8221;872&#8243; img_size=&#8221;1200&#215;600&#8243;][\/vc_column_inner][\/vc_row_inner][\/vc_column][\/vc_row]\" \/>\n<meta property=\"og:url\" content=\"https:\/\/makelaalu.fi\/sv\/vidareforadling\/\" \/>\n<meta property=\"og:site_name\" content=\"M&auml;kel&auml; Alu Oy\" \/>\n<meta property=\"article:modified_time\" content=\"2022-05-27T09:47:14+00:00\" \/>\n<meta name=\"twitter:card\" content=\"summary_large_image\" \/>\n<meta name=\"twitter:label1\" content=\"Ber\u00e4knad l\u00e4stid\" \/>\n\t<meta name=\"twitter:data1\" content=\"1 minut\" \/>\n<script type=\"application\/ld+json\" class=\"yoast-schema-graph\">{\"@context\":\"https:\\\/\\\/schema.org\",\"@graph\":[{\"@type\":\"WebPage\",\"@id\":\"https:\\\/\\\/makelaalu.fi\\\/sv\\\/vidareforadling\\\/\",\"url\":\"https:\\\/\\\/makelaalu.fi\\\/sv\\\/vidareforadling\\\/\",\"name\":\"Vidaref\u00f6r\u00e4dling - M&auml;kel&auml; Alu Oy\",\"isPartOf\":{\"@id\":\"https:\\\/\\\/dev.makelaalu.fi\\\/#website\"},\"datePublished\":\"2022-04-05T07:51:51+00:00\",\"dateModified\":\"2022-05-27T09:47:14+00:00\",\"breadcrumb\":{\"@id\":\"https:\\\/\\\/makelaalu.fi\\\/sv\\\/vidareforadling\\\/#breadcrumb\"},\"inLanguage\":\"sv-SE\",\"potentialAction\":[{\"@type\":\"ReadAction\",\"target\":[\"https:\\\/\\\/makelaalu.fi\\\/sv\\\/vidareforadling\\\/\"]}]},{\"@type\":\"BreadcrumbList\",\"@id\":\"https:\\\/\\\/makelaalu.fi\\\/sv\\\/vidareforadling\\\/#breadcrumb\",\"itemListElement\":[{\"@type\":\"ListItem\",\"position\":1,\"name\":\"Frontpage\",\"item\":\"https:\\\/\\\/makelaalu.fi\\\/sv\\\/\"},{\"@type\":\"ListItem\",\"position\":2,\"name\":\"Vidaref\u00f6r\u00e4dling\"}]},{\"@type\":\"WebSite\",\"@id\":\"https:\\\/\\\/dev.makelaalu.fi\\\/#website\",\"url\":\"https:\\\/\\\/dev.makelaalu.fi\\\/\",\"name\":\"M&auml;kel&auml; Alu Oy\",\"description\":\"Alumiiniprofiilien puristaminen vuosikymmenten kokemuksella.\",\"potentialAction\":[{\"@type\":\"SearchAction\",\"target\":{\"@type\":\"EntryPoint\",\"urlTemplate\":\"https:\\\/\\\/dev.makelaalu.fi\\\/?s={search_term_string}\"},\"query-input\":{\"@type\":\"PropertyValueSpecification\",\"valueRequired\":true,\"valueName\":\"search_term_string\"}}],\"inLanguage\":\"sv-SE\"}]}<\/script>\n<!-- \/ Yoast SEO plugin. -->","yoast_head_json":{"title":"Vidaref\u00f6r\u00e4dling - M&auml;kel&auml; Alu Oy","robots":{"index":"index","follow":"follow","max-snippet":"max-snippet:-1","max-image-preview":"max-image-preview:large","max-video-preview":"max-video-preview:-1"},"canonical":"https:\/\/makelaalu.fi\/sv\/vidareforadling\/","og_locale":"sv_SE","og_type":"article","og_title":"Vidaref\u00f6r\u00e4dling - M&auml;kel&auml; Alu Oy","og_description":"[vc_row lg_spacing=&#8221;padding_top:60;padding_bottom:20&#8243;][vc_column][vc_row_inner][vc_column_inner][vc_column_text] V\u00e5rt n\u00e4tverk av sakkunniga ut\u00f6kar v\u00e5r egen vidaref\u00f6r\u00e4dling Vid vidaref\u00f6r\u00e4dling av aluminiumprofiler har vi \u00e4ven tillg\u00e5ng till specialkunnande om ytbehandling och bearbetningstekniker via v\u00e5rt n\u00e4tverk av sakkunniga. LA Alucenter i Alaj\u00e4rvi \u00e4r Finlands ledande aluminiumn\u00e4tverk med full service d\u00e4r alla delaktiga kan fokusera p\u00e5 sitt eget specialomr\u00e5de. [\/vc_column_text][vc_zigzag][\/vc_column_inner][\/vc_row_inner][\/vc_column][\/vc_row][vc_row][vc_column][vc_row_inner][vc_column_inner width=&#8221;1\/2&#8243;][vc_column_text]Som v\u00e5r kund kan du \u00e4ven skaffa f\u00e4rdiga delar via oss. Vi har m\u00f6jligheten att utnyttja sakkunnign\u00e4tverket\u00a0LA Alucenter, vars f\u00f6retag ligger mycket n\u00e4ra v\u00e5rt eget fabriksomr\u00e5de. D\u00e4rmed \u00e4r det ocks\u00e5 mycket kostnadseffektivt och h\u00e5llbart att bearbeta f\u00e4rdiga exemplar fr\u00e5n best\u00e4llning till leverans. Tack vare v\u00e5rt samarbete med LA Alucenter kan vi leverera mycket l\u00e5ngt f\u00f6r\u00e4dlade, individuella produkter \u2013 fr\u00e5n en del \u00e4nda till stora, sammansatta helheter som nyckelf\u00e4rdiga l\u00f6sningar. N\u00e4r du kombinerar detta med v\u00e5r lagringstj\u00e4nst f\u00e5r ditt f\u00f6retag tillg\u00e5ng till en mycket bra, kostnadseffektiv och smidig verksamhetsmodell. Fr\u00e5ga mer av v\u00e5ra\u00a0f\u00f6rs\u00e4ljare\u00a0eller be oss\u00a0ta kontakt\u00a0med dig.[\/vc_column_text][\/vc_column_inner][vc_column_inner width=&#8221;1\/2&#8243;][vc_single_image image=&#8221;872&#8243; img_size=&#8221;1200&#215;600&#8243;][\/vc_column_inner][\/vc_row_inner][\/vc_column][\/vc_row]","og_url":"https:\/\/makelaalu.fi\/sv\/vidareforadling\/","og_site_name":"M&auml;kel&auml; Alu Oy","article_modified_time":"2022-05-27T09:47:14+00:00","twitter_card":"summary_large_image","twitter_misc":{"Ber\u00e4knad l\u00e4stid":"1 minut"},"schema":{"@context":"https:\/\/schema.org","@graph":[{"@type":"WebPage","@id":"https:\/\/makelaalu.fi\/sv\/vidareforadling\/","url":"https:\/\/makelaalu.fi\/sv\/vidareforadling\/","name":"Vidaref\u00f6r\u00e4dling - M&auml;kel&auml; Alu Oy","isPartOf":{"@id":"https:\/\/dev.makelaalu.fi\/#website"},"datePublished":"2022-04-05T07:51:51+00:00","dateModified":"2022-05-27T09:47:14+00:00","breadcrumb":{"@id":"https:\/\/makelaalu.fi\/sv\/vidareforadling\/#breadcrumb"},"inLanguage":"sv-SE","potentialAction":[{"@type":"ReadAction","target":["https:\/\/makelaalu.fi\/sv\/vidareforadling\/"]}]},{"@type":"BreadcrumbList","@id":"https:\/\/makelaalu.fi\/sv\/vidareforadling\/#breadcrumb","itemListElement":[{"@type":"ListItem","position":1,"name":"Frontpage","item":"https:\/\/makelaalu.fi\/sv\/"},{"@type":"ListItem","position":2,"name":"Vidaref\u00f6r\u00e4dling"}]},{"@type":"WebSite","@id":"https:\/\/dev.makelaalu.fi\/#website","url":"https:\/\/dev.makelaalu.fi\/","name":"M&auml;kel&auml; Alu Oy","description":"Alumiiniprofiilien puristaminen vuosikymmenten kokemuksella.","potentialAction":[{"@type":"SearchAction","target":{"@type":"EntryPoint","urlTemplate":"https:\/\/dev.makelaalu.fi\/?s={search_term_string}"},"query-input":{"@type":"PropertyValueSpecification","valueRequired":true,"valueName":"search_term_string"}}],"inLanguage":"sv-SE"}]}},"_links":{"self":[{"href":"https:\/\/makelaalu.fi\/sv\/wp-json\/wp\/v2\/pages\/7231","targetHints":{"allow":["GET"]}}],"collection":[{"href":"https:\/\/makelaalu.fi\/sv\/wp-json\/wp\/v2\/pages"}],"about":[{"href":"https:\/\/makelaalu.fi\/sv\/wp-json\/wp\/v2\/types\/page"}],"author":[{"embeddable":true,"href":"https:\/\/makelaalu.fi\/sv\/wp-json\/wp\/v2\/users\/5"}],"replies":[{"embeddable":true,"href":"https:\/\/makelaalu.fi\/sv\/wp-json\/wp\/v2\/comments?post=7231"}],"version-history":[{"count":5,"href":"https:\/\/makelaalu.fi\/sv\/wp-json\/wp\/v2\/pages\/7231\/revisions"}],"predecessor-version":[{"id":8638,"href":"https:\/\/makelaalu.fi\/sv\/wp-json\/wp\/v2\/pages\/7231\/revisions\/8638"}],"wp:attachment":[{"href":"https:\/\/makelaalu.fi\/sv\/wp-json\/wp\/v2\/media?parent=7231"}],"curies":[{"name":"wp","href":"https:\/\/api.w.org\/{rel}","templated":true}]}}