{"id":7236,"date":"2022-04-05T10:55:00","date_gmt":"2022-04-05T07:55:00","guid":{"rendered":"https:\/\/dev.makelaalu.fi\/?page_id=7236"},"modified":"2026-04-14T10:04:23","modified_gmt":"2026-04-14T07:04:23","slug":"ansvar","status":"publish","type":"page","link":"https:\/\/makelaalu.fi\/sv\/ansvar\/","title":{"rendered":"Ansvar"},"content":{"rendered":"<div class=\"wpb-content-wrapper\"><p>[vc_row lg_spacing=&#8221;padding_top:60;padding_bottom:20&#8243;][vc_column][vc_row_inner][vc_column_inner][vc_column_text]<\/p>\n<h2>M\u00e5let: V\u00e4rldens aluminiumprofil med l\u00e4gst utsl\u00e4pp<\/h2>\n<h4>H\u00e5llbarhet \u00e4r en integrerad del av allt vi g\u00f6r. Den omfattar \u00e5tg\u00e4rder relaterade till milj\u00f6n, ekonomin och sociala fr\u00e5gor. Dessa principer har v\u00e4glett oss fr\u00e5n f\u00f6rsta b\u00f6rjan.<\/h4>\n<h4>F\u00f6r oss \u00e4r h\u00e5llbarhet inte bara ett ord; den visar sig i dagliga, konkreta handlingar som g\u00f6r den till verklighet \u2013 varje dag. V\u00e5r egen produktion och interna logistik \u00e4r koldioxidneutrala. L\u00e4s mer om v\u00e5r <a href=\"https:\/\/makelaalu.fi\/sv\/ansvar\/koldioxidneutralitet\/\">KOLDIOXIDNEUTRALITET<\/a>.<\/h4>\n<h4><\/h4>\n<p>[\/vc_column_text][vc_zigzag][\/vc_column_inner][\/vc_row_inner][\/vc_column][\/vc_row][vc_row][vc_column][vc_row_inner][vc_column_inner][vc_column_text css=&#8221;&#8221;]Alla v\u00e5ra produkter finns tillg\u00e4ngliga med CE-m\u00e4rkning. Vid behov kan kunderna ocks\u00e5 best\u00e4lla de vanligaste kvalitetsintygen fr\u00e5n oss. Kvalitet \u00e4r ett viktigt tema f\u00f6r oss. Vi vill f\u00f6rs\u00e4kra oss om att den produkt som kunden best\u00e4llt \u00e4r felfri och utf\u00f6r d\u00e4rf\u00f6r kvalitetsarbete och -uppf\u00f6ljning kontinuerligt. Du hittar alla intygen i v\u00e5r <a href=\"https:\/\/makelaalu.fi\/sv\/foretaget\/materialbank\/\">materialbank<\/a>.<\/p>\n<h3>Corporate Responsibility Report<\/h3>\n<p>I v\u00e5r h\u00e5llbarhetsrapport ber\u00e4ttar vi i detalj om alla v\u00e5ra h\u00e5llbarhetsinitiativ. L\u00e4s v\u00e5r rapport h\u00e4r: <a href=\"https:\/\/makelaalu.fi\/wp-content\/uploads\/2026\/04\/Makela-Alu-Sustainability-report2025.pdf\" target=\"_blank\" rel=\"noopener\"><strong>M\u00e4kel\u00e4 Alu Oy Sustainability Report 2025<\/strong><\/a>.<\/p>\n<p>Se v\u00e5r styrelseordf\u00f6randes tankar om ansvar i videon.[\/vc_column_text][vc_video link=&#8221;https:\/\/youtu.be\/1HVQ7vj5xKA&#8221; el_width=&#8221;60&#8243; align=&#8221;center&#8221;][\/vc_column_inner][\/vc_row_inner][\/vc_column][\/vc_row][vc_row lg_spacing=&#8221;padding_top:60;padding_bottom:40&#8243;][vc_column][vc_row_inner lg_spacing=&#8221;padding_bottom:20&#8243;][vc_column_inner][vc_text_separator title=&#8221;M\u00e4nniskor&#8221;][\/vc_column_inner][\/vc_row_inner][vc_row_inner][vc_column_inner width=&#8221;1\/2&#8243;][vc_column_text]<\/p>\n<h3>VI TAR HAND OM M\u00c4NNISKOR<\/h3>\n<p>Vi uppr\u00e4tth\u00e5ller en arbetsgemenskap d\u00e4r v\u00e5ra medarbetare m\u00e5r bra, k\u00e4nner sig trygga och trivs p\u00e5 jobbet. Att s\u00e4kerst\u00e4lla kompetens \u00e4r viktigt, eftersom en smidig vardag i arbetsgemenskapen \u00e4r en garanti f\u00f6r trivsel, h\u00f6g kundn\u00f6jdhet, leveranss\u00e4kerhet och arbetss\u00e4kerhet.<\/p>\n<p>Hos oss har vi gjort det s\u00e5 enkelt som m\u00f6jligt att g\u00f6ra s\u00e4kerhetsobservationer, och alla kan f\u00f6lja upp de korrigerande \u00e5tg\u00e4rderna. Medarbetarna har m\u00f6jlighet att p\u00e5verka och ge utvecklingsf\u00f6rslag. Vi \u00e4r engagerade i visionen om noll olyckor och har tilldelats ISO 45001-certifikatet.<\/p>\n<p>Personalen har tillg\u00e5ng till omfattande f\u00f6retagsh\u00e4lsov\u00e5rdstj\u00e4nster, som f\u00f6rutom lagstadgade f\u00f6rebyggande och arbetsf\u00f6rm\u00e5gefr\u00e4mjande insatser \u00e4ven omfattar omfattande sjukv\u00e5rdstj\u00e4nster. Ut\u00f6ver f\u00f6rs\u00e4kringen f\u00f6r arbetstid omfattas alla v\u00e5ra anst\u00e4llda \u00e4ven av en fritidsolycksfallsf\u00f6rs\u00e4kring som tecknats av M\u00e4kel\u00e4 Alu.[\/vc_column_text][\/vc_column_inner][vc_column_inner width=&#8221;1\/2&#8243;][vc_single_image image=&#8221;10295&#8243; img_size=&#8221;1200&#215;1200&#8243;][\/vc_column_inner][\/vc_row_inner][\/vc_column][\/vc_row][vc_row lg_spacing=&#8221;padding_top:60;padding_bottom:40&#8243;][vc_column][vc_row_inner lg_spacing=&#8221;padding_bottom:20&#8243;][vc_column_inner][vc_text_separator title=&#8221;Milj\u00f6&#8221;][\/vc_column_inner][\/vc_row_inner][vc_row_inner][vc_column_inner width=&#8221;1\/2&#8243;][vc_single_image image=&#8221;10288&#8243; img_size=&#8221;1200&#215;1200&#8243;][\/vc_column_inner][vc_column_inner width=&#8221;1\/2&#8243;][vc_column_text]<\/p>\n<h3>KONKRETA \u00c5TG\u00c4RDER<\/h3>\n<p>K\u00e4rnan i allt vi g\u00f6r kan sammanfattas i tv\u00e5 ord: att ta hand om planetens h\u00e5llbarhet. V\u00e5ra viktigaste m\u00e5l \u00e4r att tillverka v\u00e4rldens aluminiumprofil med l\u00e4gst utsl\u00e4pp, antingen ytbehandlad eller inte, och att uppn\u00e5 koldioxidneutralitet i v\u00e5r egen produktion och interna logistik senast 2025.<\/p>\n<p>I v\u00e5r produktion anv\u00e4nder vi v\u00e4rme\u00e5tervinning och investerar i elektrifiering och att ers\u00e4tta gasol med andra, koldioxidsn\u00e5la energisystem. Sedan 2005 har vi minskat v\u00e5ra koldioxidutsl\u00e4pp (fr\u00e5n v\u00e5r port till kundens port) med 51 % per producerat ton aluminium. De l\u00e5ga utsl\u00e4ppen (2,01) fr\u00e5n v\u00e5ra \u00e5tervunna aluminiumg\u00f6t tillverkade i v\u00e5rt eget gjuteri visar att vi framg\u00e5ngsrikt har optimerat v\u00e5ra processer och energianv\u00e4ndning. De l\u00e5ga utsl\u00e4ppen (5,67) fr\u00e5n v\u00e5rt prim\u00e4raluminium visar att vi har lyckats v\u00e4lja de renaste aluminiumleverant\u00f6rerna i v\u00e4rlden, som fr\u00e4mst anv\u00e4nder vattenkraft vid tillverkningen.<\/p>\n<p><strong>Foto:<\/strong> Den vackra sj\u00f6n Lappaj\u00e4rvi, en kratersj\u00f6 i n\u00e4rheten av v\u00e5r produktionsanl\u00e4ggning. Bilden \u00e4r tagen fr\u00e5n &#8221;kraterkanten&#8221;, Lakeaharju. Foto av Tapio Niemi.[\/vc_column_text][\/vc_column_inner][\/vc_row_inner][\/vc_column][\/vc_row][vc_row full_width=&#8221;stretch_row&#8221; lg_spacing=&#8221;padding_top:65;padding_bottom:20&#8243; el_id=&#8221;uutiset&#8221;][vc_column][vc_row_inner][vc_column_inner width=&#8221;1\/2&#8243;][vc_column_text]<\/p>\n<h2>Ansvar<\/h2>\n<p>[\/vc_column_text][\/vc_column_inner][vc_column_inner el_class=&#8221;lue-lisaa&#8221; width=&#8221;1\/2&#8243;][vc_column_text]L\u00e4s mer i v\u00e5ra artiklar om <a href=\"\/sv\/category\/ansvar\/\">ansvarsfullhet<\/a>.[\/vc_column_text][\/vc_column_inner][\/vc_row_inner][vc_row_inner][vc_column_inner][tm_blog style=&#8221;2&#8243; gutter=&#8221;15&#8243; number=&#8221;4&#8243; taxonomies=&#8221;category:vastuullisuus&#8221; columns=&#8221;xs:1;sm:2;lg:4&#8243;][\/vc_column_inner][\/vc_row_inner][\/vc_column][\/vc_row]<\/p>\n<\/div>","protected":false},"excerpt":{"rendered":"[vc_row lg_spacing=&#8221;padding_top:60;padding_bottom:20&#8243;][vc_column][vc_row_inner][vc_column_inner][vc_column_text] M\u00e5let: V\u00e4rldens aluminiumprofil med l\u00e4gst utsl\u00e4pp H\u00e5llbarhet \u00e4r en integrerad del av allt vi g\u00f6r. Den omfattar \u00e5tg\u00e4rder relaterade till milj\u00f6n, ekonomin och sociala fr\u00e5gor. Dessa principer har v\u00e4glett oss fr\u00e5n f\u00f6rsta b\u00f6rjan. F\u00f6r oss \u00e4r h\u00e5llbarhet inte bara ett ord; den visar sig i dagliga, konkreta handlingar som g\u00f6r den till verklighet \u2013 varje dag. V\u00e5r egen produktion och interna logistik \u00e4r koldioxidneutrala. L\u00e4s mer om v\u00e5r KOLDIOXIDNEUTRALITET. [\/vc_column_text][vc_zigzag][\/vc_column_inner][\/vc_row_inner][\/vc_column][\/vc_row][vc_row][vc_column][vc_row_inner][vc_column_inner][vc_column_text css=&#8221;&#8221;]Alla v\u00e5ra produkter finns tillg\u00e4ngliga med CE-m\u00e4rkning. Vid behov kan kunderna ocks\u00e5 best\u00e4lla de vanligaste kvalitetsintygen fr\u00e5n oss. Kvalitet \u00e4r ett viktigt tema f\u00f6r oss. Vi vill f\u00f6rs\u00e4kra oss om att den produkt som kunden best\u00e4llt \u00e4r felfri och utf\u00f6r d\u00e4rf\u00f6r kvalitetsarbete och -uppf\u00f6ljning kontinuerligt. Du hittar alla intygen i v\u00e5r materialbank. Corporate Responsibility Report I v\u00e5r h\u00e5llbarhetsrapport ber\u00e4ttar vi i detalj om alla v\u00e5ra h\u00e5llbarhetsinitiativ. L\u00e4s v\u00e5r rapport h\u00e4r: M\u00e4kel\u00e4 Alu Oy Sustainability Report 2025. Se v\u00e5r styrelseordf\u00f6randes tankar om ansvar i videon.[\/vc_column_text][vc_video link=&#8221;https:\/\/youtu.be\/1HVQ7vj5xKA&#8221; el_width=&#8221;60&#8243; align=&#8221;center&#8221;][\/vc_column_inner][\/vc_row_inner][\/vc_column][\/vc_row][vc_row lg_spacing=&#8221;padding_top:60;padding_bottom:40&#8243;][vc_column][vc_row_inner lg_spacing=&#8221;padding_bottom:20&#8243;][vc_column_inner][vc_text_separator title=&#8221;M\u00e4nniskor&#8221;][\/vc_column_inner][\/vc_row_inner][vc_row_inner][vc_column_inner width=&#8221;1\/2&#8243;][vc_column_text] VI TAR HAND OM M\u00c4NNISKOR Vi uppr\u00e4tth\u00e5ller en arbetsgemenskap d\u00e4r v\u00e5ra medarbetare m\u00e5r bra, k\u00e4nner sig trygga och trivs p\u00e5 jobbet. Att s\u00e4kerst\u00e4lla kompetens \u00e4r viktigt, eftersom en smidig vardag i arbetsgemenskapen \u00e4r en garanti f\u00f6r trivsel, h\u00f6g kundn\u00f6jdhet, leveranss\u00e4kerhet och arbetss\u00e4kerhet. Hos oss har vi gjort det s\u00e5 enkelt som m\u00f6jligt att g\u00f6ra s\u00e4kerhetsobservationer, och alla kan f\u00f6lja upp de korrigerande \u00e5tg\u00e4rderna. Medarbetarna har m\u00f6jlighet att p\u00e5verka och ge utvecklingsf\u00f6rslag. Vi \u00e4r engagerade i visionen om noll olyckor och har tilldelats ISO 45001-certifikatet. Personalen har tillg\u00e5ng till omfattande f\u00f6retagsh\u00e4lsov\u00e5rdstj\u00e4nster, som f\u00f6rutom lagstadgade f\u00f6rebyggande och arbetsf\u00f6rm\u00e5gefr\u00e4mjande insatser \u00e4ven omfattar omfattande sjukv\u00e5rdstj\u00e4nster. Ut\u00f6ver f\u00f6rs\u00e4kringen f\u00f6r arbetstid omfattas alla v\u00e5ra anst\u00e4llda \u00e4ven av en fritidsolycksfallsf\u00f6rs\u00e4kring som tecknats av M\u00e4kel\u00e4 Alu.[\/vc_column_text][\/vc_column_inner][vc_column_inner width=&#8221;1\/2&#8243;][vc_single_image image=&#8221;10295&#8243; img_size=&#8221;1200&#215;1200&#8243;][\/vc_column_inner][\/vc_row_inner][\/vc_column][\/vc_row][vc_row lg_spacing=&#8221;padding_top:60;padding_bottom:40&#8243;][vc_column][vc_row_inner lg_spacing=&#8221;padding_bottom:20&#8243;][vc_column_inner][vc_text_separator title=&#8221;Milj\u00f6&#8221;][\/vc_column_inner][\/vc_row_inner][vc_row_inner][vc_column_inner width=&#8221;1\/2&#8243;][vc_single_image image=&#8221;10288&#8243; img_size=&#8221;1200&#215;1200&#8243;][\/vc_column_inner][vc_column_inner width=&#8221;1\/2&#8243;][vc_column_text] KONKRETA \u00c5TG\u00c4RDER K\u00e4rnan i allt vi g\u00f6r kan sammanfattas i tv\u00e5 ord: att ta hand om planetens h\u00e5llbarhet. V\u00e5ra viktigaste m\u00e5l \u00e4r att tillverka v\u00e4rldens aluminiumprofil med l\u00e4gst utsl\u00e4pp, antingen ytbehandlad eller inte, och att uppn\u00e5 koldioxidneutralitet i v\u00e5r egen produktion och interna logistik senast 2025. I v\u00e5r produktion anv\u00e4nder vi v\u00e4rme\u00e5tervinning och investerar i elektrifiering och att ers\u00e4tta gasol med andra, koldioxidsn\u00e5la energisystem. Sedan 2005 har vi minskat v\u00e5ra koldioxidutsl\u00e4pp (fr\u00e5n v\u00e5r port till kundens port) med 51 % per producerat ton aluminium. De l\u00e5ga utsl\u00e4ppen (2,01) fr\u00e5n v\u00e5ra \u00e5tervunna aluminiumg\u00f6t tillverkade i v\u00e5rt eget gjuteri visar att vi framg\u00e5ngsrikt har optimerat v\u00e5ra processer och energianv\u00e4ndning. De l\u00e5ga utsl\u00e4ppen (5,67) fr\u00e5n v\u00e5rt prim\u00e4raluminium visar att vi har lyckats v\u00e4lja de renaste aluminiumleverant\u00f6rerna i v\u00e4rlden, som fr\u00e4mst anv\u00e4nder vattenkraft vid tillverkningen. Foto: Den vackra sj\u00f6n Lappaj\u00e4rvi, en kratersj\u00f6 i n\u00e4rheten av v\u00e5r produktionsanl\u00e4ggning. Bilden \u00e4r tagen fr\u00e5n &#8221;kraterkanten&#8221;, Lakeaharju. Foto av Tapio Niemi.[\/vc_column_text][\/vc_column_inner][\/vc_row_inner][\/vc_column][\/vc_row][vc_row full_width=&#8221;stretch_row&#8221; lg_spacing=&#8221;padding_top:65;padding_bottom:20&#8243; el_id=&#8221;uutiset&#8221;][vc_column][vc_row_inner][vc_column_inner width=&#8221;1\/2&#8243;][vc_column_text] Ansvar [\/vc_column_text][\/vc_column_inner][vc_column_inner el_class=&#8221;lue-lisaa&#8221; width=&#8221;1\/2&#8243;][vc_column_text]L\u00e4s mer i v\u00e5ra artiklar om ansvarsfullhet.[\/vc_column_text][\/vc_column_inner][\/vc_row_inner][vc_row_inner][vc_column_inner][tm_blog style=&#8221;2&#8243; gutter=&#8221;15&#8243; number=&#8221;4&#8243; taxonomies=&#8221;category:vastuullisuus&#8221; columns=&#8221;xs:1;sm:2;lg:4&#8243;][\/vc_column_inner][\/vc_row_inner][\/vc_column][\/vc_row]","protected":false},"author":5,"featured_media":0,"parent":0,"menu_order":55,"comment_status":"closed","ping_status":"closed","template":"","meta":{"_acf_changed":false,"footnotes":""},"class_list":["post-7236","page","type-page","status-publish","hentry"],"acf":[],"yoast_head":"<!-- This site is optimized with the Yoast SEO plugin v27.4 - https:\/\/yoast.com\/product\/yoast-seo-wordpress\/ -->\n<title>Ansvar - M&auml;kel&auml; Alu Oy<\/title>\n<meta name=\"description\" content=\"Certifikaten visar att vi utf\u00f6r systematiskt arbete f\u00f6r bland annat milj\u00f6n, de anst\u00e4lldas s\u00e4kerhet samt produktionens kvalitet och s\u00e4kerhet\" \/>\n<meta name=\"robots\" content=\"index, follow, max-snippet:-1, max-image-preview:large, max-video-preview:-1\" \/>\n<link rel=\"canonical\" href=\"https:\/\/makelaalu.fi\/sv\/ansvar\/\" \/>\n<meta property=\"og:locale\" content=\"sv_SE\" \/>\n<meta property=\"og:type\" content=\"article\" \/>\n<meta property=\"og:title\" content=\"Ansvar - M&auml;kel&auml; Alu Oy\" \/>\n<meta property=\"og:description\" content=\"Certifikaten visar att vi utf\u00f6r systematiskt arbete f\u00f6r bland annat milj\u00f6n, de anst\u00e4lldas s\u00e4kerhet samt produktionens kvalitet och s\u00e4kerhet\" \/>\n<meta property=\"og:url\" content=\"https:\/\/makelaalu.fi\/sv\/ansvar\/\" \/>\n<meta property=\"og:site_name\" content=\"M&auml;kel&auml; Alu Oy\" \/>\n<meta property=\"article:modified_time\" content=\"2026-04-14T07:04:23+00:00\" \/>\n<meta name=\"twitter:card\" content=\"summary_large_image\" \/>\n<meta name=\"twitter:label1\" content=\"Ber\u00e4knad l\u00e4stid\" \/>\n\t<meta name=\"twitter:data1\" content=\"4 minuter\" \/>\n<script type=\"application\/ld+json\" class=\"yoast-schema-graph\">{\"@context\":\"https:\\\/\\\/schema.org\",\"@graph\":[{\"@type\":\"WebPage\",\"@id\":\"https:\\\/\\\/makelaalu.fi\\\/sv\\\/ansvar\\\/\",\"url\":\"https:\\\/\\\/makelaalu.fi\\\/sv\\\/ansvar\\\/\",\"name\":\"Ansvar - M&auml;kel&auml; Alu Oy\",\"isPartOf\":{\"@id\":\"https:\\\/\\\/dev.makelaalu.fi\\\/#website\"},\"datePublished\":\"2022-04-05T07:55:00+00:00\",\"dateModified\":\"2026-04-14T07:04:23+00:00\",\"description\":\"Certifikaten visar att vi utf\u00f6r systematiskt arbete f\u00f6r bland annat milj\u00f6n, de anst\u00e4lldas s\u00e4kerhet samt produktionens kvalitet och s\u00e4kerhet\",\"breadcrumb\":{\"@id\":\"https:\\\/\\\/makelaalu.fi\\\/sv\\\/ansvar\\\/#breadcrumb\"},\"inLanguage\":\"sv-SE\",\"potentialAction\":[{\"@type\":\"ReadAction\",\"target\":[\"https:\\\/\\\/makelaalu.fi\\\/sv\\\/ansvar\\\/\"]}]},{\"@type\":\"BreadcrumbList\",\"@id\":\"https:\\\/\\\/makelaalu.fi\\\/sv\\\/ansvar\\\/#breadcrumb\",\"itemListElement\":[{\"@type\":\"ListItem\",\"position\":1,\"name\":\"Frontpage\",\"item\":\"https:\\\/\\\/makelaalu.fi\\\/sv\\\/\"},{\"@type\":\"ListItem\",\"position\":2,\"name\":\"Ansvar\"}]},{\"@type\":\"WebSite\",\"@id\":\"https:\\\/\\\/dev.makelaalu.fi\\\/#website\",\"url\":\"https:\\\/\\\/dev.makelaalu.fi\\\/\",\"name\":\"M&auml;kel&auml; Alu Oy\",\"description\":\"Alumiiniprofiilien puristaminen vuosikymmenten kokemuksella.\",\"potentialAction\":[{\"@type\":\"SearchAction\",\"target\":{\"@type\":\"EntryPoint\",\"urlTemplate\":\"https:\\\/\\\/dev.makelaalu.fi\\\/?s={search_term_string}\"},\"query-input\":{\"@type\":\"PropertyValueSpecification\",\"valueRequired\":true,\"valueName\":\"search_term_string\"}}],\"inLanguage\":\"sv-SE\"}]}<\/script>\n<!-- \/ Yoast SEO plugin. -->","yoast_head_json":{"title":"Ansvar - M&auml;kel&auml; Alu Oy","description":"Certifikaten visar att vi utf\u00f6r systematiskt arbete f\u00f6r bland annat milj\u00f6n, de anst\u00e4lldas s\u00e4kerhet samt produktionens kvalitet och s\u00e4kerhet","robots":{"index":"index","follow":"follow","max-snippet":"max-snippet:-1","max-image-preview":"max-image-preview:large","max-video-preview":"max-video-preview:-1"},"canonical":"https:\/\/makelaalu.fi\/sv\/ansvar\/","og_locale":"sv_SE","og_type":"article","og_title":"Ansvar - M&auml;kel&auml; Alu Oy","og_description":"Certifikaten visar att vi utf\u00f6r systematiskt arbete f\u00f6r bland annat milj\u00f6n, de anst\u00e4lldas s\u00e4kerhet samt produktionens kvalitet och s\u00e4kerhet","og_url":"https:\/\/makelaalu.fi\/sv\/ansvar\/","og_site_name":"M&auml;kel&auml; Alu Oy","article_modified_time":"2026-04-14T07:04:23+00:00","twitter_card":"summary_large_image","twitter_misc":{"Ber\u00e4knad l\u00e4stid":"4 minuter"},"schema":{"@context":"https:\/\/schema.org","@graph":[{"@type":"WebPage","@id":"https:\/\/makelaalu.fi\/sv\/ansvar\/","url":"https:\/\/makelaalu.fi\/sv\/ansvar\/","name":"Ansvar - M&auml;kel&auml; Alu Oy","isPartOf":{"@id":"https:\/\/dev.makelaalu.fi\/#website"},"datePublished":"2022-04-05T07:55:00+00:00","dateModified":"2026-04-14T07:04:23+00:00","description":"Certifikaten visar att vi utf\u00f6r systematiskt arbete f\u00f6r bland annat milj\u00f6n, de anst\u00e4lldas s\u00e4kerhet samt produktionens kvalitet och s\u00e4kerhet","breadcrumb":{"@id":"https:\/\/makelaalu.fi\/sv\/ansvar\/#breadcrumb"},"inLanguage":"sv-SE","potentialAction":[{"@type":"ReadAction","target":["https:\/\/makelaalu.fi\/sv\/ansvar\/"]}]},{"@type":"BreadcrumbList","@id":"https:\/\/makelaalu.fi\/sv\/ansvar\/#breadcrumb","itemListElement":[{"@type":"ListItem","position":1,"name":"Frontpage","item":"https:\/\/makelaalu.fi\/sv\/"},{"@type":"ListItem","position":2,"name":"Ansvar"}]},{"@type":"WebSite","@id":"https:\/\/dev.makelaalu.fi\/#website","url":"https:\/\/dev.makelaalu.fi\/","name":"M&auml;kel&auml; Alu Oy","description":"Alumiiniprofiilien puristaminen vuosikymmenten kokemuksella.","potentialAction":[{"@type":"SearchAction","target":{"@type":"EntryPoint","urlTemplate":"https:\/\/dev.makelaalu.fi\/?s={search_term_string}"},"query-input":{"@type":"PropertyValueSpecification","valueRequired":true,"valueName":"search_term_string"}}],"inLanguage":"sv-SE"}]}},"_links":{"self":[{"href":"https:\/\/makelaalu.fi\/sv\/wp-json\/wp\/v2\/pages\/7236","targetHints":{"allow":["GET"]}}],"collection":[{"href":"https:\/\/makelaalu.fi\/sv\/wp-json\/wp\/v2\/pages"}],"about":[{"href":"https:\/\/makelaalu.fi\/sv\/wp-json\/wp\/v2\/types\/page"}],"author":[{"embeddable":true,"href":"https:\/\/makelaalu.fi\/sv\/wp-json\/wp\/v2\/users\/5"}],"replies":[{"embeddable":true,"href":"https:\/\/makelaalu.fi\/sv\/wp-json\/wp\/v2\/comments?post=7236"}],"version-history":[{"count":20,"href":"https:\/\/makelaalu.fi\/sv\/wp-json\/wp\/v2\/pages\/7236\/revisions"}],"predecessor-version":[{"id":11642,"href":"https:\/\/makelaalu.fi\/sv\/wp-json\/wp\/v2\/pages\/7236\/revisions\/11642"}],"wp:attachment":[{"href":"https:\/\/makelaalu.fi\/sv\/wp-json\/wp\/v2\/media?parent=7236"}],"curies":[{"name":"wp","href":"https:\/\/api.w.org\/{rel}","templated":true}]}}