{"id":7240,"date":"2022-04-05T11:08:18","date_gmt":"2022-04-05T08:08:18","guid":{"rendered":"https:\/\/dev.makelaalu.fi\/?page_id=7240"},"modified":"2022-05-18T10:01:16","modified_gmt":"2022-05-18T07:01:16","slug":"referenser","status":"publish","type":"page","link":"https:\/\/makelaalu.fi\/sv\/referenser\/","title":{"rendered":"Referenser"},"content":{"rendered":"<div class=\"wpb-content-wrapper\"><p>[vc_row lg_spacing=&#8221;padding_top:60;padding_bottom:20&#8243;][vc_column][vc_row_inner][vc_column_inner][vc_column_text]<\/p>\n<h2>Kunderfarenheter<\/h2>\n<h4>Ett l\u00e5ngt samarbete med M\u00e4kel\u00e4 Alu har medf\u00f6rt l\u00f6nsamhet i verksamheten hos flera av v\u00e5ra kunder. P\u00e5 denna sida har vi samlat n\u00e5gra exempel p\u00e5 kunder som anv\u00e4nder n\u00e5gon av tj\u00e4nsterna inom<a href=\"https:\/\/makelaalu.fi\/sv\/tjanster\/\"> konceptet AluServices<\/a>.<\/h4>\n<h4><\/h4>\n<p>[\/vc_column_text][vc_zigzag][\/vc_column_inner][\/vc_row_inner][\/vc_column][\/vc_row][vc_row][vc_column][vc_column_text]I v\u00e5ra artiklar om kunderfarenheter ber\u00e4ttar kunder med egna ord hur anv\u00e4ndningen av AluServices-tj\u00e4nster, s\u00e5som lagringstj\u00e4nsterna AluStorage och AluCallOff, p\u00e5verkar deras verksamhet i praktiken. Genom artiklarna f\u00e5r du ocks\u00e5 bekanta dig med flera fina f\u00f6retag inom olika branscher.[\/vc_column_text][\/vc_column][\/vc_row][vc_row full_width=&#8221;stretch_row&#8221; lg_spacing=&#8221;padding_top:60;padding_bottom:30&#8243; el_id=&#8221;uutiset&#8221;][vc_column][vc_row_inner][vc_column_inner width=&#8221;1\/2&#8243;][vc_column_text]<\/p>\n<h2>Lagring<\/h2>\n<p>[\/vc_column_text][\/vc_column_inner][vc_column_inner el_class=&#8221;lue-lisaa&#8221; width=&#8221;1\/2&#8243;][vc_column_text]<a href=\"\/sv\/category\/kunderfarenheter\/lagring\/\">L\u00e4s mer<\/a> i v\u00e5ra artiklar om lagring.[\/vc_column_text][\/vc_column_inner][\/vc_row_inner][vc_row_inner][vc_column_inner][tm_blog style=&#8221;2&#8243; gutter=&#8221;15&#8243; number=&#8221;4&#8243; taxonomies=&#8221;category:varastointi-asiakaskokemukset&#8221; columns=&#8221;xs:1;sm:2;lg:4&#8243;][\/vc_column_inner][\/vc_row_inner][\/vc_column][\/vc_row][vc_row full_width=&#8221;stretch_row&#8221; lg_spacing=&#8221;padding_top:30;padding_bottom:30&#8243; el_id=&#8221;uutiset&#8221;][vc_column][vc_row_inner][vc_column_inner width=&#8221;1\/2&#8243;][vc_column_text]<\/p>\n<h2>Logistik<\/h2>\n<p>[\/vc_column_text][\/vc_column_inner][vc_column_inner el_class=&#8221;lue-lisaa&#8221; width=&#8221;1\/2&#8243;][vc_column_text]<a href=\"\/sv\/category\/kunderfarenheter\/logistik\/\">L\u00e4s mer<\/a> i v\u00e5ra artiklar om logistik.[\/vc_column_text][\/vc_column_inner][\/vc_row_inner][vc_row_inner][vc_column_inner][tm_blog style=&#8221;2&#8243; gutter=&#8221;15&#8243; number=&#8221;4&#8243; taxonomies=&#8221;category:logistiikka-asiakaskokemukset&#8221; columns=&#8221;xs:1;sm:2;lg:4&#8243;][\/vc_column_inner][\/vc_row_inner][\/vc_column][\/vc_row][vc_row full_width=&#8221;stretch_row&#8221; lg_spacing=&#8221;padding_top:30;padding_bottom:30&#8243; el_id=&#8221;uutiset&#8221;][vc_column][vc_row_inner][vc_column_inner width=&#8221;1\/2&#8243;][vc_column_text]<\/p>\n<h2>Ytbehandlingar<\/h2>\n<p>[\/vc_column_text][\/vc_column_inner][vc_column_inner el_class=&#8221;lue-lisaa&#8221; width=&#8221;1\/2&#8243;][vc_column_text]<a href=\"\/sv\/category\/kunderfarenheter\/ytbehandlingar\/\">L\u00e4s mer<\/a> i v\u00e5ra artiklar om ytbehandling.[\/vc_column_text][\/vc_column_inner][\/vc_row_inner][vc_row_inner][vc_column_inner][tm_blog style=&#8221;2&#8243; gutter=&#8221;15&#8243; number=&#8221;4&#8243; taxonomies=&#8221;category:pintakasittelyt-asiakaskokemukset&#8221; columns=&#8221;xs:1;sm:2;lg:4&#8243;][\/vc_column_inner][\/vc_row_inner][\/vc_column][\/vc_row]<\/p>\n<\/div>","protected":false},"excerpt":{"rendered":"[vc_row lg_spacing=&#8221;padding_top:60;padding_bottom:20&#8243;][vc_column][vc_row_inner][vc_column_inner][vc_column_text] Kunderfarenheter Ett l\u00e5ngt samarbete med M\u00e4kel\u00e4 Alu har medf\u00f6rt l\u00f6nsamhet i verksamheten hos flera av v\u00e5ra kunder. P\u00e5 denna sida har vi samlat n\u00e5gra exempel p\u00e5 kunder som anv\u00e4nder n\u00e5gon av tj\u00e4nsterna inom konceptet AluServices. [\/vc_column_text][vc_zigzag][\/vc_column_inner][\/vc_row_inner][\/vc_column][\/vc_row][vc_row][vc_column][vc_column_text]I v\u00e5ra artiklar om kunderfarenheter ber\u00e4ttar kunder med egna ord hur anv\u00e4ndningen av AluServices-tj\u00e4nster, s\u00e5som lagringstj\u00e4nsterna AluStorage och AluCallOff, p\u00e5verkar deras verksamhet i praktiken. Genom artiklarna f\u00e5r du ocks\u00e5 bekanta dig med flera fina f\u00f6retag inom olika branscher.[\/vc_column_text][\/vc_column][\/vc_row][vc_row full_width=&#8221;stretch_row&#8221; lg_spacing=&#8221;padding_top:60;padding_bottom:30&#8243; el_id=&#8221;uutiset&#8221;][vc_column][vc_row_inner][vc_column_inner width=&#8221;1\/2&#8243;][vc_column_text] Lagring [\/vc_column_text][\/vc_column_inner][vc_column_inner el_class=&#8221;lue-lisaa&#8221; width=&#8221;1\/2&#8243;][vc_column_text]L\u00e4s mer i v\u00e5ra artiklar om lagring.[\/vc_column_text][\/vc_column_inner][\/vc_row_inner][vc_row_inner][vc_column_inner][tm_blog style=&#8221;2&#8243; gutter=&#8221;15&#8243; number=&#8221;4&#8243; taxonomies=&#8221;category:varastointi-asiakaskokemukset&#8221; columns=&#8221;xs:1;sm:2;lg:4&#8243;][\/vc_column_inner][\/vc_row_inner][\/vc_column][\/vc_row][vc_row full_width=&#8221;stretch_row&#8221; lg_spacing=&#8221;padding_top:30;padding_bottom:30&#8243; el_id=&#8221;uutiset&#8221;][vc_column][vc_row_inner][vc_column_inner width=&#8221;1\/2&#8243;][vc_column_text] Logistik [\/vc_column_text][\/vc_column_inner][vc_column_inner el_class=&#8221;lue-lisaa&#8221; width=&#8221;1\/2&#8243;][vc_column_text]L\u00e4s mer i v\u00e5ra artiklar om logistik.[\/vc_column_text][\/vc_column_inner][\/vc_row_inner][vc_row_inner][vc_column_inner][tm_blog style=&#8221;2&#8243; gutter=&#8221;15&#8243; number=&#8221;4&#8243; taxonomies=&#8221;category:logistiikka-asiakaskokemukset&#8221; columns=&#8221;xs:1;sm:2;lg:4&#8243;][\/vc_column_inner][\/vc_row_inner][\/vc_column][\/vc_row][vc_row full_width=&#8221;stretch_row&#8221; lg_spacing=&#8221;padding_top:30;padding_bottom:30&#8243; el_id=&#8221;uutiset&#8221;][vc_column][vc_row_inner][vc_column_inner width=&#8221;1\/2&#8243;][vc_column_text] Ytbehandlingar [\/vc_column_text][\/vc_column_inner][vc_column_inner el_class=&#8221;lue-lisaa&#8221; width=&#8221;1\/2&#8243;][vc_column_text]L\u00e4s mer i v\u00e5ra artiklar om ytbehandling.[\/vc_column_text][\/vc_column_inner][\/vc_row_inner][vc_row_inner][vc_column_inner][tm_blog style=&#8221;2&#8243; gutter=&#8221;15&#8243; number=&#8221;4&#8243; taxonomies=&#8221;category:pintakasittelyt-asiakaskokemukset&#8221; columns=&#8221;xs:1;sm:2;lg:4&#8243;][\/vc_column_inner][\/vc_row_inner][\/vc_column][\/vc_row]","protected":false},"author":5,"featured_media":0,"parent":0,"menu_order":57,"comment_status":"closed","ping_status":"closed","template":"","meta":{"_acf_changed":false,"footnotes":""},"class_list":["post-7240","page","type-page","status-publish","hentry"],"acf":[],"yoast_head":"<!-- This site is optimized with the Yoast SEO plugin v27.3 - https:\/\/yoast.com\/product\/yoast-seo-wordpress\/ -->\n<title>Referenser - M&auml;kel&auml; Alu Oy<\/title>\n<meta name=\"robots\" content=\"index, follow, max-snippet:-1, max-image-preview:large, max-video-preview:-1\" \/>\n<link rel=\"canonical\" href=\"https:\/\/dev.makelaalu.fi\/sv\/referenser\/\" \/>\n<meta property=\"og:locale\" content=\"sv_SE\" \/>\n<meta property=\"og:type\" content=\"article\" \/>\n<meta property=\"og:title\" content=\"Referenser - M&auml;kel&auml; Alu Oy\" \/>\n<meta property=\"og:description\" content=\"[vc_row lg_spacing=&#8221;padding_top:60;padding_bottom:20&#8243;][vc_column][vc_row_inner][vc_column_inner][vc_column_text] Kunderfarenheter Ett l\u00e5ngt samarbete med M\u00e4kel\u00e4 Alu har medf\u00f6rt l\u00f6nsamhet i verksamheten hos flera av v\u00e5ra kunder. P\u00e5 denna sida har vi samlat n\u00e5gra exempel p\u00e5 kunder som anv\u00e4nder n\u00e5gon av tj\u00e4nsterna inom konceptet AluServices. [\/vc_column_text][vc_zigzag][\/vc_column_inner][\/vc_row_inner][\/vc_column][\/vc_row][vc_row][vc_column][vc_column_text]I v\u00e5ra artiklar om kunderfarenheter ber\u00e4ttar kunder med egna ord hur anv\u00e4ndningen av AluServices-tj\u00e4nster, s\u00e5som lagringstj\u00e4nsterna AluStorage och AluCallOff, p\u00e5verkar deras verksamhet i praktiken. Genom artiklarna f\u00e5r du ocks\u00e5 bekanta dig med flera fina f\u00f6retag inom olika branscher.[\/vc_column_text][\/vc_column][\/vc_row][vc_row full_width=&#8221;stretch_row&#8221; lg_spacing=&#8221;padding_top:60;padding_bottom:30&#8243; el_id=&#8221;uutiset&#8221;][vc_column][vc_row_inner][vc_column_inner width=&#8221;1\/2&#8243;][vc_column_text] Lagring [\/vc_column_text][\/vc_column_inner][vc_column_inner el_class=&#8221;lue-lisaa&#8221; width=&#8221;1\/2&#8243;][vc_column_text]L\u00e4s mer i v\u00e5ra artiklar om lagring.[\/vc_column_text][\/vc_column_inner][\/vc_row_inner][vc_row_inner][vc_column_inner][tm_blog style=&#8221;2&#8243; gutter=&#8221;15&#8243; number=&#8221;4&#8243; taxonomies=&#8221;category:varastointi-asiakaskokemukset&#8221; columns=&#8221;xs:1;sm:2;lg:4&#8243;][\/vc_column_inner][\/vc_row_inner][\/vc_column][\/vc_row][vc_row full_width=&#8221;stretch_row&#8221; lg_spacing=&#8221;padding_top:30;padding_bottom:30&#8243; el_id=&#8221;uutiset&#8221;][vc_column][vc_row_inner][vc_column_inner width=&#8221;1\/2&#8243;][vc_column_text] Logistik [\/vc_column_text][\/vc_column_inner][vc_column_inner el_class=&#8221;lue-lisaa&#8221; width=&#8221;1\/2&#8243;][vc_column_text]L\u00e4s mer i v\u00e5ra artiklar om logistik.[\/vc_column_text][\/vc_column_inner][\/vc_row_inner][vc_row_inner][vc_column_inner][tm_blog style=&#8221;2&#8243; gutter=&#8221;15&#8243; number=&#8221;4&#8243; taxonomies=&#8221;category:logistiikka-asiakaskokemukset&#8221; columns=&#8221;xs:1;sm:2;lg:4&#8243;][\/vc_column_inner][\/vc_row_inner][\/vc_column][\/vc_row][vc_row full_width=&#8221;stretch_row&#8221; lg_spacing=&#8221;padding_top:30;padding_bottom:30&#8243; el_id=&#8221;uutiset&#8221;][vc_column][vc_row_inner][vc_column_inner width=&#8221;1\/2&#8243;][vc_column_text] Ytbehandlingar [\/vc_column_text][\/vc_column_inner][vc_column_inner el_class=&#8221;lue-lisaa&#8221; width=&#8221;1\/2&#8243;][vc_column_text]L\u00e4s mer i v\u00e5ra artiklar om ytbehandling.[\/vc_column_text][\/vc_column_inner][\/vc_row_inner][vc_row_inner][vc_column_inner][tm_blog style=&#8221;2&#8243; gutter=&#8221;15&#8243; number=&#8221;4&#8243; taxonomies=&#8221;category:pintakasittelyt-asiakaskokemukset&#8221; columns=&#8221;xs:1;sm:2;lg:4&#8243;][\/vc_column_inner][\/vc_row_inner][\/vc_column][\/vc_row]\" \/>\n<meta property=\"og:url\" content=\"https:\/\/dev.makelaalu.fi\/sv\/referenser\/\" \/>\n<meta property=\"og:site_name\" content=\"M&auml;kel&auml; Alu Oy\" \/>\n<meta property=\"article:modified_time\" content=\"2022-05-18T07:01:16+00:00\" \/>\n<meta name=\"twitter:card\" content=\"summary_large_image\" \/>\n<meta name=\"twitter:label1\" content=\"Ber\u00e4knad l\u00e4stid\" \/>\n\t<meta name=\"twitter:data1\" content=\"1 minut\" \/>\n<script type=\"application\/ld+json\" class=\"yoast-schema-graph\">{\"@context\":\"https:\\\/\\\/schema.org\",\"@graph\":[{\"@type\":\"WebPage\",\"@id\":\"https:\\\/\\\/dev.makelaalu.fi\\\/sv\\\/referenser\\\/\",\"url\":\"https:\\\/\\\/dev.makelaalu.fi\\\/sv\\\/referenser\\\/\",\"name\":\"Referenser - M&auml;kel&auml; Alu Oy\",\"isPartOf\":{\"@id\":\"https:\\\/\\\/dev.makelaalu.fi\\\/#website\"},\"datePublished\":\"2022-04-05T08:08:18+00:00\",\"dateModified\":\"2022-05-18T07:01:16+00:00\",\"breadcrumb\":{\"@id\":\"https:\\\/\\\/dev.makelaalu.fi\\\/sv\\\/referenser\\\/#breadcrumb\"},\"inLanguage\":\"sv-SE\",\"potentialAction\":[{\"@type\":\"ReadAction\",\"target\":[\"https:\\\/\\\/dev.makelaalu.fi\\\/sv\\\/referenser\\\/\"]}]},{\"@type\":\"BreadcrumbList\",\"@id\":\"https:\\\/\\\/dev.makelaalu.fi\\\/sv\\\/referenser\\\/#breadcrumb\",\"itemListElement\":[{\"@type\":\"ListItem\",\"position\":1,\"name\":\"Frontpage\",\"item\":\"https:\\\/\\\/makelaalu.fi\\\/sv\\\/\"},{\"@type\":\"ListItem\",\"position\":2,\"name\":\"Referenser\"}]},{\"@type\":\"WebSite\",\"@id\":\"https:\\\/\\\/dev.makelaalu.fi\\\/#website\",\"url\":\"https:\\\/\\\/dev.makelaalu.fi\\\/\",\"name\":\"M&auml;kel&auml; Alu Oy\",\"description\":\"Alumiiniprofiilien puristaminen vuosikymmenten kokemuksella.\",\"potentialAction\":[{\"@type\":\"SearchAction\",\"target\":{\"@type\":\"EntryPoint\",\"urlTemplate\":\"https:\\\/\\\/dev.makelaalu.fi\\\/?s={search_term_string}\"},\"query-input\":{\"@type\":\"PropertyValueSpecification\",\"valueRequired\":true,\"valueName\":\"search_term_string\"}}],\"inLanguage\":\"sv-SE\"}]}<\/script>\n<!-- \/ Yoast SEO plugin. -->","yoast_head_json":{"title":"Referenser - M&auml;kel&auml; Alu Oy","robots":{"index":"index","follow":"follow","max-snippet":"max-snippet:-1","max-image-preview":"max-image-preview:large","max-video-preview":"max-video-preview:-1"},"canonical":"https:\/\/dev.makelaalu.fi\/sv\/referenser\/","og_locale":"sv_SE","og_type":"article","og_title":"Referenser - M&auml;kel&auml; Alu Oy","og_description":"[vc_row lg_spacing=&#8221;padding_top:60;padding_bottom:20&#8243;][vc_column][vc_row_inner][vc_column_inner][vc_column_text] Kunderfarenheter Ett l\u00e5ngt samarbete med M\u00e4kel\u00e4 Alu har medf\u00f6rt l\u00f6nsamhet i verksamheten hos flera av v\u00e5ra kunder. P\u00e5 denna sida har vi samlat n\u00e5gra exempel p\u00e5 kunder som anv\u00e4nder n\u00e5gon av tj\u00e4nsterna inom konceptet AluServices. [\/vc_column_text][vc_zigzag][\/vc_column_inner][\/vc_row_inner][\/vc_column][\/vc_row][vc_row][vc_column][vc_column_text]I v\u00e5ra artiklar om kunderfarenheter ber\u00e4ttar kunder med egna ord hur anv\u00e4ndningen av AluServices-tj\u00e4nster, s\u00e5som lagringstj\u00e4nsterna AluStorage och AluCallOff, p\u00e5verkar deras verksamhet i praktiken. Genom artiklarna f\u00e5r du ocks\u00e5 bekanta dig med flera fina f\u00f6retag inom olika branscher.[\/vc_column_text][\/vc_column][\/vc_row][vc_row full_width=&#8221;stretch_row&#8221; lg_spacing=&#8221;padding_top:60;padding_bottom:30&#8243; el_id=&#8221;uutiset&#8221;][vc_column][vc_row_inner][vc_column_inner width=&#8221;1\/2&#8243;][vc_column_text] Lagring [\/vc_column_text][\/vc_column_inner][vc_column_inner el_class=&#8221;lue-lisaa&#8221; width=&#8221;1\/2&#8243;][vc_column_text]L\u00e4s mer i v\u00e5ra artiklar om lagring.[\/vc_column_text][\/vc_column_inner][\/vc_row_inner][vc_row_inner][vc_column_inner][tm_blog style=&#8221;2&#8243; gutter=&#8221;15&#8243; number=&#8221;4&#8243; taxonomies=&#8221;category:varastointi-asiakaskokemukset&#8221; columns=&#8221;xs:1;sm:2;lg:4&#8243;][\/vc_column_inner][\/vc_row_inner][\/vc_column][\/vc_row][vc_row full_width=&#8221;stretch_row&#8221; lg_spacing=&#8221;padding_top:30;padding_bottom:30&#8243; el_id=&#8221;uutiset&#8221;][vc_column][vc_row_inner][vc_column_inner width=&#8221;1\/2&#8243;][vc_column_text] Logistik [\/vc_column_text][\/vc_column_inner][vc_column_inner el_class=&#8221;lue-lisaa&#8221; width=&#8221;1\/2&#8243;][vc_column_text]L\u00e4s mer i v\u00e5ra artiklar om logistik.[\/vc_column_text][\/vc_column_inner][\/vc_row_inner][vc_row_inner][vc_column_inner][tm_blog style=&#8221;2&#8243; gutter=&#8221;15&#8243; number=&#8221;4&#8243; taxonomies=&#8221;category:logistiikka-asiakaskokemukset&#8221; columns=&#8221;xs:1;sm:2;lg:4&#8243;][\/vc_column_inner][\/vc_row_inner][\/vc_column][\/vc_row][vc_row full_width=&#8221;stretch_row&#8221; lg_spacing=&#8221;padding_top:30;padding_bottom:30&#8243; el_id=&#8221;uutiset&#8221;][vc_column][vc_row_inner][vc_column_inner width=&#8221;1\/2&#8243;][vc_column_text] Ytbehandlingar [\/vc_column_text][\/vc_column_inner][vc_column_inner el_class=&#8221;lue-lisaa&#8221; width=&#8221;1\/2&#8243;][vc_column_text]L\u00e4s mer i v\u00e5ra artiklar om ytbehandling.[\/vc_column_text][\/vc_column_inner][\/vc_row_inner][vc_row_inner][vc_column_inner][tm_blog style=&#8221;2&#8243; gutter=&#8221;15&#8243; number=&#8221;4&#8243; taxonomies=&#8221;category:pintakasittelyt-asiakaskokemukset&#8221; columns=&#8221;xs:1;sm:2;lg:4&#8243;][\/vc_column_inner][\/vc_row_inner][\/vc_column][\/vc_row]","og_url":"https:\/\/dev.makelaalu.fi\/sv\/referenser\/","og_site_name":"M&auml;kel&auml; Alu Oy","article_modified_time":"2022-05-18T07:01:16+00:00","twitter_card":"summary_large_image","twitter_misc":{"Ber\u00e4knad l\u00e4stid":"1 minut"},"schema":{"@context":"https:\/\/schema.org","@graph":[{"@type":"WebPage","@id":"https:\/\/dev.makelaalu.fi\/sv\/referenser\/","url":"https:\/\/dev.makelaalu.fi\/sv\/referenser\/","name":"Referenser - M&auml;kel&auml; Alu Oy","isPartOf":{"@id":"https:\/\/dev.makelaalu.fi\/#website"},"datePublished":"2022-04-05T08:08:18+00:00","dateModified":"2022-05-18T07:01:16+00:00","breadcrumb":{"@id":"https:\/\/dev.makelaalu.fi\/sv\/referenser\/#breadcrumb"},"inLanguage":"sv-SE","potentialAction":[{"@type":"ReadAction","target":["https:\/\/dev.makelaalu.fi\/sv\/referenser\/"]}]},{"@type":"BreadcrumbList","@id":"https:\/\/dev.makelaalu.fi\/sv\/referenser\/#breadcrumb","itemListElement":[{"@type":"ListItem","position":1,"name":"Frontpage","item":"https:\/\/makelaalu.fi\/sv\/"},{"@type":"ListItem","position":2,"name":"Referenser"}]},{"@type":"WebSite","@id":"https:\/\/dev.makelaalu.fi\/#website","url":"https:\/\/dev.makelaalu.fi\/","name":"M&auml;kel&auml; Alu Oy","description":"Alumiiniprofiilien puristaminen vuosikymmenten kokemuksella.","potentialAction":[{"@type":"SearchAction","target":{"@type":"EntryPoint","urlTemplate":"https:\/\/dev.makelaalu.fi\/?s={search_term_string}"},"query-input":{"@type":"PropertyValueSpecification","valueRequired":true,"valueName":"search_term_string"}}],"inLanguage":"sv-SE"}]}},"_links":{"self":[{"href":"https:\/\/makelaalu.fi\/sv\/wp-json\/wp\/v2\/pages\/7240","targetHints":{"allow":["GET"]}}],"collection":[{"href":"https:\/\/makelaalu.fi\/sv\/wp-json\/wp\/v2\/pages"}],"about":[{"href":"https:\/\/makelaalu.fi\/sv\/wp-json\/wp\/v2\/types\/page"}],"author":[{"embeddable":true,"href":"https:\/\/makelaalu.fi\/sv\/wp-json\/wp\/v2\/users\/5"}],"replies":[{"embeddable":true,"href":"https:\/\/makelaalu.fi\/sv\/wp-json\/wp\/v2\/comments?post=7240"}],"version-history":[{"count":16,"href":"https:\/\/makelaalu.fi\/sv\/wp-json\/wp\/v2\/pages\/7240\/revisions"}],"predecessor-version":[{"id":8362,"href":"https:\/\/makelaalu.fi\/sv\/wp-json\/wp\/v2\/pages\/7240\/revisions\/8362"}],"wp:attachment":[{"href":"https:\/\/makelaalu.fi\/sv\/wp-json\/wp\/v2\/media?parent=7240"}],"curies":[{"name":"wp","href":"https:\/\/api.w.org\/{rel}","templated":true}]}}