{"id":7242,"date":"2022-04-05T11:09:53","date_gmt":"2022-04-05T08:09:53","guid":{"rendered":"https:\/\/dev.makelaalu.fi\/?page_id=7242"},"modified":"2022-09-21T10:19:00","modified_gmt":"2022-09-21T07:19:00","slug":"nyheter","status":"publish","type":"page","link":"https:\/\/makelaalu.fi\/sv\/nyheter\/","title":{"rendered":"Nyheter"},"content":{"rendered":"<div class=\"wpb-content-wrapper\"><p>[vc_row full_width=&#8221;stretch_row&#8221; lg_spacing=&#8221;padding_top:65;padding_bottom:20&#8243; el_id=&#8221;uutiset&#8221;][vc_column][vc_row_inner][vc_column_inner width=&#8221;1\/2&#8243;][vc_column_text]<\/p>\n<h2>Nyheter<\/h2>\n<p>[\/vc_column_text][\/vc_column_inner][vc_column_inner el_class=&#8221;lue-lisaa&#8221; width=&#8221;1\/2&#8243;][vc_column_text]L\u00e4s mer <a href=\"\/sv\/category\/nyheter\/\">nyheter<\/a>[\/vc_column_text][\/vc_column_inner][\/vc_row_inner][vc_row_inner lg_spacing=&#8221;margin_bottom:20&#8243;][vc_column_inner][vc_column_text]Vi publicera ett nyhetsbrev AluNews fyra g\u00e5nger om \u00e5ret. Den h\u00e4r sidan inneh\u00e5ller nyhetsbrevsartiklar och v\u00e5ra aktuella nyheter.[\/vc_column_text][\/vc_column_inner][\/vc_row_inner][vc_row_inner][vc_column_inner][tm_blog style=&#8221;2&#8243; gutter=&#8221;15&#8243; number=&#8221;8&#8243; taxonomies=&#8221;category:nyheter&#8221; columns=&#8221;xs:1;sm:2;lg:4&#8243;][\/vc_column_inner][\/vc_row_inner][\/vc_column][\/vc_row][vc_row el_id=&#8221;nyhetsbrev&#8221;][vc_column width=&#8221;1\/3&#8243;][\/vc_column][vc_column width=&#8221;1\/3&#8243;][vc_separator][vc_custom_heading text=&#8221;Prenumerera p\u00e5 M\u00e4kel\u00e4 Alu nyhetsbrev AluNews&#8221; font_container=&#8221;tag:h3|text_align:center&#8221; use_theme_fonts=&#8221;yes&#8221;][tm_contact_form_7 id=&#8221;7986&#8243;][\/vc_column][vc_column width=&#8221;1\/3&#8243;][\/vc_column][\/vc_row]<\/p>\n<\/div>","protected":false},"excerpt":{"rendered":"[vc_row full_width=&#8221;stretch_row&#8221; lg_spacing=&#8221;padding_top:65;padding_bottom:20&#8243; el_id=&#8221;uutiset&#8221;][vc_column][vc_row_inner][vc_column_inner width=&#8221;1\/2&#8243;][vc_column_text] Nyheter [\/vc_column_text][\/vc_column_inner][vc_column_inner el_class=&#8221;lue-lisaa&#8221; width=&#8221;1\/2&#8243;][vc_column_text]L\u00e4s mer nyheter[\/vc_column_text][\/vc_column_inner][\/vc_row_inner][vc_row_inner lg_spacing=&#8221;margin_bottom:20&#8243;][vc_column_inner][vc_column_text]Vi publicera ett nyhetsbrev AluNews fyra g\u00e5nger om \u00e5ret. Den h\u00e4r sidan inneh\u00e5ller nyhetsbrevsartiklar och v\u00e5ra aktuella nyheter.[\/vc_column_text][\/vc_column_inner][\/vc_row_inner][vc_row_inner][vc_column_inner][tm_blog style=&#8221;2&#8243; gutter=&#8221;15&#8243; number=&#8221;8&#8243; taxonomies=&#8221;category:nyheter&#8221; columns=&#8221;xs:1;sm:2;lg:4&#8243;][\/vc_column_inner][\/vc_row_inner][\/vc_column][\/vc_row][vc_row el_id=&#8221;nyhetsbrev&#8221;][vc_column width=&#8221;1\/3&#8243;][\/vc_column][vc_column width=&#8221;1\/3&#8243;][vc_separator][vc_custom_heading text=&#8221;Prenumerera p\u00e5 M\u00e4kel\u00e4 Alu nyhetsbrev AluNews&#8221; font_container=&#8221;tag:h3|text_align:center&#8221; use_theme_fonts=&#8221;yes&#8221;][tm_contact_form_7 id=&#8221;7986&#8243;][\/vc_column][vc_column width=&#8221;1\/3&#8243;][\/vc_column][\/vc_row]","protected":false},"author":5,"featured_media":0,"parent":0,"menu_order":58,"comment_status":"closed","ping_status":"closed","template":"","meta":{"_acf_changed":false,"footnotes":""},"class_list":["post-7242","page","type-page","status-publish","hentry"],"acf":[],"yoast_head":"<!-- This site is optimized with the Yoast SEO plugin v27.4 - https:\/\/yoast.com\/product\/yoast-seo-wordpress\/ -->\n<title>Nyheter - M&auml;kel&auml; Alu Oy<\/title>\n<meta name=\"robots\" content=\"index, follow, max-snippet:-1, max-image-preview:large, max-video-preview:-1\" \/>\n<link rel=\"canonical\" href=\"https:\/\/makelaalu.fi\/sv\/nyheter\/\" \/>\n<meta property=\"og:locale\" content=\"sv_SE\" \/>\n<meta property=\"og:type\" content=\"article\" \/>\n<meta property=\"og:title\" content=\"Nyheter - M&auml;kel&auml; Alu Oy\" \/>\n<meta property=\"og:description\" content=\"[vc_row full_width=&#8221;stretch_row&#8221; lg_spacing=&#8221;padding_top:65;padding_bottom:20&#8243; el_id=&#8221;uutiset&#8221;][vc_column][vc_row_inner][vc_column_inner width=&#8221;1\/2&#8243;][vc_column_text] Nyheter [\/vc_column_text][\/vc_column_inner][vc_column_inner el_class=&#8221;lue-lisaa&#8221; width=&#8221;1\/2&#8243;][vc_column_text]L\u00e4s mer nyheter[\/vc_column_text][\/vc_column_inner][\/vc_row_inner][vc_row_inner lg_spacing=&#8221;margin_bottom:20&#8243;][vc_column_inner][vc_column_text]Vi publicera ett nyhetsbrev AluNews fyra g\u00e5nger om \u00e5ret. Den h\u00e4r sidan inneh\u00e5ller nyhetsbrevsartiklar och v\u00e5ra aktuella nyheter.[\/vc_column_text][\/vc_column_inner][\/vc_row_inner][vc_row_inner][vc_column_inner][tm_blog style=&#8221;2&#8243; gutter=&#8221;15&#8243; number=&#8221;8&#8243; taxonomies=&#8221;category:nyheter&#8221; columns=&#8221;xs:1;sm:2;lg:4&#8243;][\/vc_column_inner][\/vc_row_inner][\/vc_column][\/vc_row][vc_row el_id=&#8221;nyhetsbrev&#8221;][vc_column width=&#8221;1\/3&#8243;][\/vc_column][vc_column width=&#8221;1\/3&#8243;][vc_separator][vc_custom_heading text=&#8221;Prenumerera p\u00e5 M\u00e4kel\u00e4 Alu nyhetsbrev AluNews&#8221; font_container=&#8221;tag:h3|text_align:center&#8221; use_theme_fonts=&#8221;yes&#8221;][tm_contact_form_7 id=&#8221;7986&#8243;][\/vc_column][vc_column width=&#8221;1\/3&#8243;][\/vc_column][\/vc_row]\" \/>\n<meta property=\"og:url\" content=\"https:\/\/makelaalu.fi\/sv\/nyheter\/\" \/>\n<meta property=\"og:site_name\" content=\"M&auml;kel&auml; Alu Oy\" \/>\n<meta property=\"article:modified_time\" content=\"2022-09-21T07:19:00+00:00\" \/>\n<meta name=\"twitter:card\" content=\"summary_large_image\" \/>\n<meta name=\"twitter:label1\" content=\"Ber\u00e4knad l\u00e4stid\" \/>\n\t<meta name=\"twitter:data1\" content=\"1 minut\" \/>\n<script type=\"application\/ld+json\" class=\"yoast-schema-graph\">{\"@context\":\"https:\\\/\\\/schema.org\",\"@graph\":[{\"@type\":\"WebPage\",\"@id\":\"https:\\\/\\\/makelaalu.fi\\\/sv\\\/nyheter\\\/\",\"url\":\"https:\\\/\\\/makelaalu.fi\\\/sv\\\/nyheter\\\/\",\"name\":\"Nyheter - M&auml;kel&auml; Alu Oy\",\"isPartOf\":{\"@id\":\"https:\\\/\\\/dev.makelaalu.fi\\\/#website\"},\"datePublished\":\"2022-04-05T08:09:53+00:00\",\"dateModified\":\"2022-09-21T07:19:00+00:00\",\"breadcrumb\":{\"@id\":\"https:\\\/\\\/makelaalu.fi\\\/sv\\\/nyheter\\\/#breadcrumb\"},\"inLanguage\":\"sv-SE\",\"potentialAction\":[{\"@type\":\"ReadAction\",\"target\":[\"https:\\\/\\\/makelaalu.fi\\\/sv\\\/nyheter\\\/\"]}]},{\"@type\":\"BreadcrumbList\",\"@id\":\"https:\\\/\\\/makelaalu.fi\\\/sv\\\/nyheter\\\/#breadcrumb\",\"itemListElement\":[{\"@type\":\"ListItem\",\"position\":1,\"name\":\"Frontpage\",\"item\":\"https:\\\/\\\/makelaalu.fi\\\/sv\\\/\"},{\"@type\":\"ListItem\",\"position\":2,\"name\":\"Nyheter\"}]},{\"@type\":\"WebSite\",\"@id\":\"https:\\\/\\\/dev.makelaalu.fi\\\/#website\",\"url\":\"https:\\\/\\\/dev.makelaalu.fi\\\/\",\"name\":\"M&auml;kel&auml; Alu Oy\",\"description\":\"Alumiiniprofiilien puristaminen vuosikymmenten kokemuksella.\",\"potentialAction\":[{\"@type\":\"SearchAction\",\"target\":{\"@type\":\"EntryPoint\",\"urlTemplate\":\"https:\\\/\\\/dev.makelaalu.fi\\\/?s={search_term_string}\"},\"query-input\":{\"@type\":\"PropertyValueSpecification\",\"valueRequired\":true,\"valueName\":\"search_term_string\"}}],\"inLanguage\":\"sv-SE\"}]}<\/script>\n<!-- \/ Yoast SEO plugin. -->","yoast_head_json":{"title":"Nyheter - M&auml;kel&auml; Alu Oy","robots":{"index":"index","follow":"follow","max-snippet":"max-snippet:-1","max-image-preview":"max-image-preview:large","max-video-preview":"max-video-preview:-1"},"canonical":"https:\/\/makelaalu.fi\/sv\/nyheter\/","og_locale":"sv_SE","og_type":"article","og_title":"Nyheter - M&auml;kel&auml; Alu Oy","og_description":"[vc_row full_width=&#8221;stretch_row&#8221; lg_spacing=&#8221;padding_top:65;padding_bottom:20&#8243; el_id=&#8221;uutiset&#8221;][vc_column][vc_row_inner][vc_column_inner width=&#8221;1\/2&#8243;][vc_column_text] Nyheter [\/vc_column_text][\/vc_column_inner][vc_column_inner el_class=&#8221;lue-lisaa&#8221; width=&#8221;1\/2&#8243;][vc_column_text]L\u00e4s mer nyheter[\/vc_column_text][\/vc_column_inner][\/vc_row_inner][vc_row_inner lg_spacing=&#8221;margin_bottom:20&#8243;][vc_column_inner][vc_column_text]Vi publicera ett nyhetsbrev AluNews fyra g\u00e5nger om \u00e5ret. Den h\u00e4r sidan inneh\u00e5ller nyhetsbrevsartiklar och v\u00e5ra aktuella nyheter.[\/vc_column_text][\/vc_column_inner][\/vc_row_inner][vc_row_inner][vc_column_inner][tm_blog style=&#8221;2&#8243; gutter=&#8221;15&#8243; number=&#8221;8&#8243; taxonomies=&#8221;category:nyheter&#8221; columns=&#8221;xs:1;sm:2;lg:4&#8243;][\/vc_column_inner][\/vc_row_inner][\/vc_column][\/vc_row][vc_row el_id=&#8221;nyhetsbrev&#8221;][vc_column width=&#8221;1\/3&#8243;][\/vc_column][vc_column width=&#8221;1\/3&#8243;][vc_separator][vc_custom_heading text=&#8221;Prenumerera p\u00e5 M\u00e4kel\u00e4 Alu nyhetsbrev AluNews&#8221; font_container=&#8221;tag:h3|text_align:center&#8221; use_theme_fonts=&#8221;yes&#8221;][tm_contact_form_7 id=&#8221;7986&#8243;][\/vc_column][vc_column width=&#8221;1\/3&#8243;][\/vc_column][\/vc_row]","og_url":"https:\/\/makelaalu.fi\/sv\/nyheter\/","og_site_name":"M&auml;kel&auml; Alu Oy","article_modified_time":"2022-09-21T07:19:00+00:00","twitter_card":"summary_large_image","twitter_misc":{"Ber\u00e4knad l\u00e4stid":"1 minut"},"schema":{"@context":"https:\/\/schema.org","@graph":[{"@type":"WebPage","@id":"https:\/\/makelaalu.fi\/sv\/nyheter\/","url":"https:\/\/makelaalu.fi\/sv\/nyheter\/","name":"Nyheter - M&auml;kel&auml; Alu Oy","isPartOf":{"@id":"https:\/\/dev.makelaalu.fi\/#website"},"datePublished":"2022-04-05T08:09:53+00:00","dateModified":"2022-09-21T07:19:00+00:00","breadcrumb":{"@id":"https:\/\/makelaalu.fi\/sv\/nyheter\/#breadcrumb"},"inLanguage":"sv-SE","potentialAction":[{"@type":"ReadAction","target":["https:\/\/makelaalu.fi\/sv\/nyheter\/"]}]},{"@type":"BreadcrumbList","@id":"https:\/\/makelaalu.fi\/sv\/nyheter\/#breadcrumb","itemListElement":[{"@type":"ListItem","position":1,"name":"Frontpage","item":"https:\/\/makelaalu.fi\/sv\/"},{"@type":"ListItem","position":2,"name":"Nyheter"}]},{"@type":"WebSite","@id":"https:\/\/dev.makelaalu.fi\/#website","url":"https:\/\/dev.makelaalu.fi\/","name":"M&auml;kel&auml; Alu Oy","description":"Alumiiniprofiilien puristaminen vuosikymmenten kokemuksella.","potentialAction":[{"@type":"SearchAction","target":{"@type":"EntryPoint","urlTemplate":"https:\/\/dev.makelaalu.fi\/?s={search_term_string}"},"query-input":{"@type":"PropertyValueSpecification","valueRequired":true,"valueName":"search_term_string"}}],"inLanguage":"sv-SE"}]}},"_links":{"self":[{"href":"https:\/\/makelaalu.fi\/sv\/wp-json\/wp\/v2\/pages\/7242","targetHints":{"allow":["GET"]}}],"collection":[{"href":"https:\/\/makelaalu.fi\/sv\/wp-json\/wp\/v2\/pages"}],"about":[{"href":"https:\/\/makelaalu.fi\/sv\/wp-json\/wp\/v2\/types\/page"}],"author":[{"embeddable":true,"href":"https:\/\/makelaalu.fi\/sv\/wp-json\/wp\/v2\/users\/5"}],"replies":[{"embeddable":true,"href":"https:\/\/makelaalu.fi\/sv\/wp-json\/wp\/v2\/comments?post=7242"}],"version-history":[{"count":9,"href":"https:\/\/makelaalu.fi\/sv\/wp-json\/wp\/v2\/pages\/7242\/revisions"}],"predecessor-version":[{"id":9090,"href":"https:\/\/makelaalu.fi\/sv\/wp-json\/wp\/v2\/pages\/7242\/revisions\/9090"}],"wp:attachment":[{"href":"https:\/\/makelaalu.fi\/sv\/wp-json\/wp\/v2\/media?parent=7242"}],"curies":[{"name":"wp","href":"https:\/\/api.w.org\/{rel}","templated":true}]}}