{"id":7252,"date":"2022-04-05T11:30:13","date_gmt":"2022-04-05T08:30:13","guid":{"rendered":"https:\/\/dev.makelaalu.fi\/?page_id=7252"},"modified":"2023-10-23T14:18:23","modified_gmt":"2023-10-23T11:18:23","slug":"foretaget","status":"publish","type":"page","link":"https:\/\/makelaalu.fi\/sv\/foretaget\/","title":{"rendered":"F\u00f6retaget"},"content":{"rendered":"<div class=\"wpb-content-wrapper\"><p>[vc_row lg_spacing=&#8221;padding_top:60;padding_bottom:20&#8243;][vc_column][vc_row_inner][vc_column_inner][vc_column_text]<\/p>\n<h2>Vi utvecklar v\u00e5ra produktionslokaler, logistiken och v\u00e5rt kunnande kontinuerligt.<\/h2>\n<h4>Omkring 90 % av v\u00e5ra produkter utg\u00f6rs av aluminiumprofiler som designats helt enligt kundernas behov. Vid sidan av produktionen av aluminiumprofiler ger v\u00e5ra m\u00e5ngsidiga till\u00e4ggstj\u00e4nster merv\u00e4rde till v\u00e5ra kunder till exempel genom minimering av lagringskostnaderna: vid behov lagrar vi kundens profiler i v\u00e5ra egna lokaler.<\/h4>\n<p>[\/vc_column_text][\/vc_column_inner][\/vc_row_inner][\/vc_column][\/vc_row][vc_row][vc_column][vc_row_inner][vc_column_inner][vc_column_text]Med hj\u00e4lp av v\u00e5rt <a href=\"https:\/\/makelaalu.fi\/sv\/vidareforadling\/\">kompetensn\u00e4tverk<\/a> kan vi genomf\u00f6ra kr\u00e4vande till\u00e4ggstj\u00e4nster och -behandlingar fr\u00e5n CNC-bearbetning och -m\u00f6nstrade ytbel\u00e4ggningar till slipning, polering och hops\u00e4ttning. Bekanta dig med v\u00e5ra tj\u00e4nster f\u00f6r lagring, logistik och ytbehandling, AluServices-konceptet <a href=\"https:\/\/makelaalu.fi\/sv\/tjanster\/\">h\u00e4r<\/a>.<\/p>\n<p>Kolla in v\u00e5r senaste video f\u00f6r att se v\u00e5r verksamhet och lokaler.[\/vc_column_text][vc_video link=&#8221;https:\/\/www.youtube.com\/watch?v=HzyRdMo3uqg&#8221; el_width=&#8221;60&#8243; align=&#8221;center&#8221;][\/vc_column_inner][\/vc_row_inner][\/vc_column][\/vc_row][vc_row lg_spacing=&#8221;padding_top:60;padding_bottom:40&#8243;][vc_column][vc_row_inner lg_spacing=&#8221;padding_bottom:20&#8243;][vc_column_inner][vc_text_separator title=&#8221;V\u00e5ra verksamhetsst\u00e4llen&#8221;][\/vc_column_inner][\/vc_row_inner][vc_row_inner lg_spacing=&#8221;padding_bottom:30&#8243;][vc_column_inner width=&#8221;1\/2&#8243;][vc_column_text]<\/p>\n<h3>Luoma-aho<\/h3>\n<p>Huvudkontoret, gjuteriet, presslinjerna, de lodr\u00e4ta och v\u00e5gr\u00e4ta lackeringslinjerna, lagret, anodiseringsanl\u00e4ggningen samt det finska f\u00f6rs\u00e4ljningskontoret finns i Luoma-aho i Alaj\u00e4rvi, Finland, d\u00e4r M\u00e4kel\u00e4 Alus verksamhet ocks\u00e5 b\u00f6rjade \u00e5r 1937. L\u00e4s mer om v\u00e5r historia i <a href=\"https:\/\/makelaalu.fi\/sv\/foretaget\/historia\/\">ber\u00e4ttelsen om v\u00e5rt f\u00f6retag<\/a>. Fabriksomr\u00e5det i Luoma-aho \u00e4r ett sammanh\u00e4ngande komplex runt vilket det under \u00e5ren har utvecklats ett omfattande samarbetsn\u00e4tverk och andra akt\u00f6rer inom aluminiumbranschen.[\/vc_column_text][\/vc_column_inner][vc_column_inner width=&#8221;1\/2&#8243;][vc_single_image image=&#8221;6523&#8243; img_size=&#8221;1200&#215;600&#8243;][\/vc_column_inner][\/vc_row_inner][vc_row_inner lg_spacing=&#8221;padding_bottom:30&#8243;][vc_column_inner width=&#8221;1\/2&#8243;][vc_single_image image=&#8221;6527&#8243; img_size=&#8221;1200&#215;600&#8243;][\/vc_column_inner][vc_column_inner width=&#8221;1\/2&#8243;][vc_column_text]<\/p>\n<h3>Voikkaa<\/h3>\n<p>Den andra lodr\u00e4ta lackeringslinjen och ett lager finns i Voikkaa i Kuusankoski, Finland. Lackeringsenheten i Voikkaa syssels\u00e4tter omkring 20 personer. Voikkaa ligger ypperligt till f\u00f6r v\u00e5ra leveranser till\/via s\u00f6dra Finland.[\/vc_column_text][\/vc_column_inner][\/vc_row_inner][vc_row_inner lg_spacing=&#8221;padding_bottom:30&#8243;][vc_column_inner width=&#8221;1\/2&#8243;][vc_column_text]<\/p>\n<h3>M\u00e4kel\u00e4 Alu AB<\/h3>\n<p>M\u00e4kel\u00e4 Alus svenska dotterbolag best\u00e5r av ett f\u00f6rs\u00e4ljningskontor som ansvarar f\u00f6r f\u00f6rs\u00e4ljningen till Sverige. V\u00e5rt verksamhetsst\u00e4lle finns p\u00e5 \u00c5seda.[\/vc_column_text][\/vc_column_inner][vc_column_inner width=&#8221;1\/2&#8243;][vc_column_text][\/vc_column_text][\/vc_column_inner][\/vc_row_inner][\/vc_column][\/vc_row]<\/p>\n<\/div>","protected":false},"excerpt":{"rendered":"[vc_row lg_spacing=&#8221;padding_top:60;padding_bottom:20&#8243;][vc_column][vc_row_inner][vc_column_inner][vc_column_text] Vi utvecklar v\u00e5ra produktionslokaler, logistiken och v\u00e5rt kunnande kontinuerligt. Omkring 90 % av v\u00e5ra produkter utg\u00f6rs av aluminiumprofiler som designats helt enligt kundernas behov. Vid sidan av produktionen av aluminiumprofiler ger v\u00e5ra m\u00e5ngsidiga till\u00e4ggstj\u00e4nster merv\u00e4rde till v\u00e5ra kunder till exempel genom minimering av lagringskostnaderna: vid behov lagrar vi kundens profiler i v\u00e5ra egna lokaler. [\/vc_column_text][\/vc_column_inner][\/vc_row_inner][\/vc_column][\/vc_row][vc_row][vc_column][vc_row_inner][vc_column_inner][vc_column_text]Med hj\u00e4lp av v\u00e5rt kompetensn\u00e4tverk kan vi genomf\u00f6ra kr\u00e4vande till\u00e4ggstj\u00e4nster och -behandlingar fr\u00e5n CNC-bearbetning och -m\u00f6nstrade ytbel\u00e4ggningar till slipning, polering och hops\u00e4ttning. Bekanta dig med v\u00e5ra tj\u00e4nster f\u00f6r lagring, logistik och ytbehandling, AluServices-konceptet h\u00e4r. Kolla in v\u00e5r senaste video f\u00f6r att se v\u00e5r verksamhet och lokaler.[\/vc_column_text][vc_video link=&#8221;https:\/\/www.youtube.com\/watch?v=HzyRdMo3uqg&#8221; el_width=&#8221;60&#8243; align=&#8221;center&#8221;][\/vc_column_inner][\/vc_row_inner][\/vc_column][\/vc_row][vc_row lg_spacing=&#8221;padding_top:60;padding_bottom:40&#8243;][vc_column][vc_row_inner lg_spacing=&#8221;padding_bottom:20&#8243;][vc_column_inner][vc_text_separator title=&#8221;V\u00e5ra verksamhetsst\u00e4llen&#8221;][\/vc_column_inner][\/vc_row_inner][vc_row_inner lg_spacing=&#8221;padding_bottom:30&#8243;][vc_column_inner width=&#8221;1\/2&#8243;][vc_column_text] Luoma-aho Huvudkontoret, gjuteriet, presslinjerna, de lodr\u00e4ta och v\u00e5gr\u00e4ta lackeringslinjerna, lagret, anodiseringsanl\u00e4ggningen samt det finska f\u00f6rs\u00e4ljningskontoret finns i Luoma-aho i Alaj\u00e4rvi, Finland, d\u00e4r M\u00e4kel\u00e4 Alus verksamhet ocks\u00e5 b\u00f6rjade \u00e5r 1937. L\u00e4s mer om v\u00e5r historia i ber\u00e4ttelsen om v\u00e5rt f\u00f6retag. Fabriksomr\u00e5det i Luoma-aho \u00e4r ett sammanh\u00e4ngande komplex runt vilket det under \u00e5ren har utvecklats ett omfattande samarbetsn\u00e4tverk och andra akt\u00f6rer inom aluminiumbranschen.[\/vc_column_text][\/vc_column_inner][vc_column_inner width=&#8221;1\/2&#8243;][vc_single_image image=&#8221;6523&#8243; img_size=&#8221;1200&#215;600&#8243;][\/vc_column_inner][\/vc_row_inner][vc_row_inner lg_spacing=&#8221;padding_bottom:30&#8243;][vc_column_inner width=&#8221;1\/2&#8243;][vc_single_image image=&#8221;6527&#8243; img_size=&#8221;1200&#215;600&#8243;][\/vc_column_inner][vc_column_inner width=&#8221;1\/2&#8243;][vc_column_text] Voikkaa Den andra lodr\u00e4ta lackeringslinjen och ett lager finns i Voikkaa i Kuusankoski, Finland. Lackeringsenheten i Voikkaa syssels\u00e4tter omkring 20 personer. Voikkaa ligger ypperligt till f\u00f6r v\u00e5ra leveranser till\/via s\u00f6dra Finland.[\/vc_column_text][\/vc_column_inner][\/vc_row_inner][vc_row_inner lg_spacing=&#8221;padding_bottom:30&#8243;][vc_column_inner width=&#8221;1\/2&#8243;][vc_column_text] M\u00e4kel\u00e4 Alu AB M\u00e4kel\u00e4 Alus svenska dotterbolag best\u00e5r av ett f\u00f6rs\u00e4ljningskontor som ansvarar f\u00f6r f\u00f6rs\u00e4ljningen till Sverige. V\u00e5rt verksamhetsst\u00e4lle finns p\u00e5 \u00c5seda.[\/vc_column_text][\/vc_column_inner][vc_column_inner width=&#8221;1\/2&#8243;][vc_column_text][\/vc_column_text][\/vc_column_inner][\/vc_row_inner][\/vc_column][\/vc_row]","protected":false},"author":5,"featured_media":0,"parent":0,"menu_order":60,"comment_status":"closed","ping_status":"closed","template":"","meta":{"_acf_changed":false,"footnotes":""},"class_list":["post-7252","page","type-page","status-publish","hentry"],"acf":[],"yoast_head":"<!-- This site is optimized with the Yoast SEO plugin v27.3 - https:\/\/yoast.com\/product\/yoast-seo-wordpress\/ -->\n<title>F\u00f6retaget - M&auml;kel&auml; Alu Oy<\/title>\n<meta name=\"robots\" content=\"index, follow, max-snippet:-1, max-image-preview:large, max-video-preview:-1\" \/>\n<link rel=\"canonical\" href=\"https:\/\/makelaalu.fi\/sv\/foretaget\/\" \/>\n<meta property=\"og:locale\" content=\"sv_SE\" \/>\n<meta property=\"og:type\" content=\"article\" \/>\n<meta property=\"og:title\" content=\"F\u00f6retaget - M&auml;kel&auml; Alu Oy\" \/>\n<meta property=\"og:description\" content=\"[vc_row lg_spacing=&#8221;padding_top:60;padding_bottom:20&#8243;][vc_column][vc_row_inner][vc_column_inner][vc_column_text] Vi utvecklar v\u00e5ra produktionslokaler, logistiken och v\u00e5rt kunnande kontinuerligt. Omkring 90 % av v\u00e5ra produkter utg\u00f6rs av aluminiumprofiler som designats helt enligt kundernas behov. Vid sidan av produktionen av aluminiumprofiler ger v\u00e5ra m\u00e5ngsidiga till\u00e4ggstj\u00e4nster merv\u00e4rde till v\u00e5ra kunder till exempel genom minimering av lagringskostnaderna: vid behov lagrar vi kundens profiler i v\u00e5ra egna lokaler. [\/vc_column_text][\/vc_column_inner][\/vc_row_inner][\/vc_column][\/vc_row][vc_row][vc_column][vc_row_inner][vc_column_inner][vc_column_text]Med hj\u00e4lp av v\u00e5rt kompetensn\u00e4tverk kan vi genomf\u00f6ra kr\u00e4vande till\u00e4ggstj\u00e4nster och -behandlingar fr\u00e5n CNC-bearbetning och -m\u00f6nstrade ytbel\u00e4ggningar till slipning, polering och hops\u00e4ttning. Bekanta dig med v\u00e5ra tj\u00e4nster f\u00f6r lagring, logistik och ytbehandling, AluServices-konceptet h\u00e4r. Kolla in v\u00e5r senaste video f\u00f6r att se v\u00e5r verksamhet och lokaler.[\/vc_column_text][vc_video link=&#8221;https:\/\/www.youtube.com\/watch?v=HzyRdMo3uqg&#8221; el_width=&#8221;60&#8243; align=&#8221;center&#8221;][\/vc_column_inner][\/vc_row_inner][\/vc_column][\/vc_row][vc_row lg_spacing=&#8221;padding_top:60;padding_bottom:40&#8243;][vc_column][vc_row_inner lg_spacing=&#8221;padding_bottom:20&#8243;][vc_column_inner][vc_text_separator title=&#8221;V\u00e5ra verksamhetsst\u00e4llen&#8221;][\/vc_column_inner][\/vc_row_inner][vc_row_inner lg_spacing=&#8221;padding_bottom:30&#8243;][vc_column_inner width=&#8221;1\/2&#8243;][vc_column_text] Luoma-aho Huvudkontoret, gjuteriet, presslinjerna, de lodr\u00e4ta och v\u00e5gr\u00e4ta lackeringslinjerna, lagret, anodiseringsanl\u00e4ggningen samt det finska f\u00f6rs\u00e4ljningskontoret finns i Luoma-aho i Alaj\u00e4rvi, Finland, d\u00e4r M\u00e4kel\u00e4 Alus verksamhet ocks\u00e5 b\u00f6rjade \u00e5r 1937. L\u00e4s mer om v\u00e5r historia i ber\u00e4ttelsen om v\u00e5rt f\u00f6retag. Fabriksomr\u00e5det i Luoma-aho \u00e4r ett sammanh\u00e4ngande komplex runt vilket det under \u00e5ren har utvecklats ett omfattande samarbetsn\u00e4tverk och andra akt\u00f6rer inom aluminiumbranschen.[\/vc_column_text][\/vc_column_inner][vc_column_inner width=&#8221;1\/2&#8243;][vc_single_image image=&#8221;6523&#8243; img_size=&#8221;1200&#215;600&#8243;][\/vc_column_inner][\/vc_row_inner][vc_row_inner lg_spacing=&#8221;padding_bottom:30&#8243;][vc_column_inner width=&#8221;1\/2&#8243;][vc_single_image image=&#8221;6527&#8243; img_size=&#8221;1200&#215;600&#8243;][\/vc_column_inner][vc_column_inner width=&#8221;1\/2&#8243;][vc_column_text] Voikkaa Den andra lodr\u00e4ta lackeringslinjen och ett lager finns i Voikkaa i Kuusankoski, Finland. Lackeringsenheten i Voikkaa syssels\u00e4tter omkring 20 personer. Voikkaa ligger ypperligt till f\u00f6r v\u00e5ra leveranser till\/via s\u00f6dra Finland.[\/vc_column_text][\/vc_column_inner][\/vc_row_inner][vc_row_inner lg_spacing=&#8221;padding_bottom:30&#8243;][vc_column_inner width=&#8221;1\/2&#8243;][vc_column_text] M\u00e4kel\u00e4 Alu AB M\u00e4kel\u00e4 Alus svenska dotterbolag best\u00e5r av ett f\u00f6rs\u00e4ljningskontor som ansvarar f\u00f6r f\u00f6rs\u00e4ljningen till Sverige. V\u00e5rt verksamhetsst\u00e4lle finns p\u00e5 \u00c5seda.[\/vc_column_text][\/vc_column_inner][vc_column_inner width=&#8221;1\/2&#8243;][vc_column_text][\/vc_column_text][\/vc_column_inner][\/vc_row_inner][\/vc_column][\/vc_row]\" \/>\n<meta property=\"og:url\" content=\"https:\/\/makelaalu.fi\/sv\/foretaget\/\" \/>\n<meta property=\"og:site_name\" content=\"M&auml;kel&auml; Alu Oy\" \/>\n<meta property=\"article:modified_time\" content=\"2023-10-23T11:18:23+00:00\" \/>\n<meta name=\"twitter:card\" content=\"summary_large_image\" \/>\n<meta name=\"twitter:label1\" content=\"Ber\u00e4knad l\u00e4stid\" \/>\n\t<meta name=\"twitter:data1\" content=\"2 minuter\" \/>\n<script type=\"application\/ld+json\" class=\"yoast-schema-graph\">{\"@context\":\"https:\\\/\\\/schema.org\",\"@graph\":[{\"@type\":\"WebPage\",\"@id\":\"https:\\\/\\\/makelaalu.fi\\\/sv\\\/foretaget\\\/\",\"url\":\"https:\\\/\\\/makelaalu.fi\\\/sv\\\/foretaget\\\/\",\"name\":\"F\u00f6retaget - M&auml;kel&auml; Alu Oy\",\"isPartOf\":{\"@id\":\"https:\\\/\\\/dev.makelaalu.fi\\\/#website\"},\"datePublished\":\"2022-04-05T08:30:13+00:00\",\"dateModified\":\"2023-10-23T11:18:23+00:00\",\"breadcrumb\":{\"@id\":\"https:\\\/\\\/makelaalu.fi\\\/sv\\\/foretaget\\\/#breadcrumb\"},\"inLanguage\":\"sv-SE\",\"potentialAction\":[{\"@type\":\"ReadAction\",\"target\":[\"https:\\\/\\\/makelaalu.fi\\\/sv\\\/foretaget\\\/\"]}]},{\"@type\":\"BreadcrumbList\",\"@id\":\"https:\\\/\\\/makelaalu.fi\\\/sv\\\/foretaget\\\/#breadcrumb\",\"itemListElement\":[{\"@type\":\"ListItem\",\"position\":1,\"name\":\"Frontpage\",\"item\":\"https:\\\/\\\/makelaalu.fi\\\/sv\\\/\"},{\"@type\":\"ListItem\",\"position\":2,\"name\":\"F\u00f6retaget\"}]},{\"@type\":\"WebSite\",\"@id\":\"https:\\\/\\\/dev.makelaalu.fi\\\/#website\",\"url\":\"https:\\\/\\\/dev.makelaalu.fi\\\/\",\"name\":\"M&auml;kel&auml; Alu Oy\",\"description\":\"Alumiiniprofiilien puristaminen vuosikymmenten kokemuksella.\",\"potentialAction\":[{\"@type\":\"SearchAction\",\"target\":{\"@type\":\"EntryPoint\",\"urlTemplate\":\"https:\\\/\\\/dev.makelaalu.fi\\\/?s={search_term_string}\"},\"query-input\":{\"@type\":\"PropertyValueSpecification\",\"valueRequired\":true,\"valueName\":\"search_term_string\"}}],\"inLanguage\":\"sv-SE\"}]}<\/script>\n<!-- \/ Yoast SEO plugin. -->","yoast_head_json":{"title":"F\u00f6retaget - M&auml;kel&auml; Alu Oy","robots":{"index":"index","follow":"follow","max-snippet":"max-snippet:-1","max-image-preview":"max-image-preview:large","max-video-preview":"max-video-preview:-1"},"canonical":"https:\/\/makelaalu.fi\/sv\/foretaget\/","og_locale":"sv_SE","og_type":"article","og_title":"F\u00f6retaget - M&auml;kel&auml; Alu Oy","og_description":"[vc_row lg_spacing=&#8221;padding_top:60;padding_bottom:20&#8243;][vc_column][vc_row_inner][vc_column_inner][vc_column_text] Vi utvecklar v\u00e5ra produktionslokaler, logistiken och v\u00e5rt kunnande kontinuerligt. Omkring 90 % av v\u00e5ra produkter utg\u00f6rs av aluminiumprofiler som designats helt enligt kundernas behov. Vid sidan av produktionen av aluminiumprofiler ger v\u00e5ra m\u00e5ngsidiga till\u00e4ggstj\u00e4nster merv\u00e4rde till v\u00e5ra kunder till exempel genom minimering av lagringskostnaderna: vid behov lagrar vi kundens profiler i v\u00e5ra egna lokaler. [\/vc_column_text][\/vc_column_inner][\/vc_row_inner][\/vc_column][\/vc_row][vc_row][vc_column][vc_row_inner][vc_column_inner][vc_column_text]Med hj\u00e4lp av v\u00e5rt kompetensn\u00e4tverk kan vi genomf\u00f6ra kr\u00e4vande till\u00e4ggstj\u00e4nster och -behandlingar fr\u00e5n CNC-bearbetning och -m\u00f6nstrade ytbel\u00e4ggningar till slipning, polering och hops\u00e4ttning. Bekanta dig med v\u00e5ra tj\u00e4nster f\u00f6r lagring, logistik och ytbehandling, AluServices-konceptet h\u00e4r. Kolla in v\u00e5r senaste video f\u00f6r att se v\u00e5r verksamhet och lokaler.[\/vc_column_text][vc_video link=&#8221;https:\/\/www.youtube.com\/watch?v=HzyRdMo3uqg&#8221; el_width=&#8221;60&#8243; align=&#8221;center&#8221;][\/vc_column_inner][\/vc_row_inner][\/vc_column][\/vc_row][vc_row lg_spacing=&#8221;padding_top:60;padding_bottom:40&#8243;][vc_column][vc_row_inner lg_spacing=&#8221;padding_bottom:20&#8243;][vc_column_inner][vc_text_separator title=&#8221;V\u00e5ra verksamhetsst\u00e4llen&#8221;][\/vc_column_inner][\/vc_row_inner][vc_row_inner lg_spacing=&#8221;padding_bottom:30&#8243;][vc_column_inner width=&#8221;1\/2&#8243;][vc_column_text] Luoma-aho Huvudkontoret, gjuteriet, presslinjerna, de lodr\u00e4ta och v\u00e5gr\u00e4ta lackeringslinjerna, lagret, anodiseringsanl\u00e4ggningen samt det finska f\u00f6rs\u00e4ljningskontoret finns i Luoma-aho i Alaj\u00e4rvi, Finland, d\u00e4r M\u00e4kel\u00e4 Alus verksamhet ocks\u00e5 b\u00f6rjade \u00e5r 1937. L\u00e4s mer om v\u00e5r historia i ber\u00e4ttelsen om v\u00e5rt f\u00f6retag. Fabriksomr\u00e5det i Luoma-aho \u00e4r ett sammanh\u00e4ngande komplex runt vilket det under \u00e5ren har utvecklats ett omfattande samarbetsn\u00e4tverk och andra akt\u00f6rer inom aluminiumbranschen.[\/vc_column_text][\/vc_column_inner][vc_column_inner width=&#8221;1\/2&#8243;][vc_single_image image=&#8221;6523&#8243; img_size=&#8221;1200&#215;600&#8243;][\/vc_column_inner][\/vc_row_inner][vc_row_inner lg_spacing=&#8221;padding_bottom:30&#8243;][vc_column_inner width=&#8221;1\/2&#8243;][vc_single_image image=&#8221;6527&#8243; img_size=&#8221;1200&#215;600&#8243;][\/vc_column_inner][vc_column_inner width=&#8221;1\/2&#8243;][vc_column_text] Voikkaa Den andra lodr\u00e4ta lackeringslinjen och ett lager finns i Voikkaa i Kuusankoski, Finland. Lackeringsenheten i Voikkaa syssels\u00e4tter omkring 20 personer. Voikkaa ligger ypperligt till f\u00f6r v\u00e5ra leveranser till\/via s\u00f6dra Finland.[\/vc_column_text][\/vc_column_inner][\/vc_row_inner][vc_row_inner lg_spacing=&#8221;padding_bottom:30&#8243;][vc_column_inner width=&#8221;1\/2&#8243;][vc_column_text] M\u00e4kel\u00e4 Alu AB M\u00e4kel\u00e4 Alus svenska dotterbolag best\u00e5r av ett f\u00f6rs\u00e4ljningskontor som ansvarar f\u00f6r f\u00f6rs\u00e4ljningen till Sverige. V\u00e5rt verksamhetsst\u00e4lle finns p\u00e5 \u00c5seda.[\/vc_column_text][\/vc_column_inner][vc_column_inner width=&#8221;1\/2&#8243;][vc_column_text][\/vc_column_text][\/vc_column_inner][\/vc_row_inner][\/vc_column][\/vc_row]","og_url":"https:\/\/makelaalu.fi\/sv\/foretaget\/","og_site_name":"M&auml;kel&auml; Alu Oy","article_modified_time":"2023-10-23T11:18:23+00:00","twitter_card":"summary_large_image","twitter_misc":{"Ber\u00e4knad l\u00e4stid":"2 minuter"},"schema":{"@context":"https:\/\/schema.org","@graph":[{"@type":"WebPage","@id":"https:\/\/makelaalu.fi\/sv\/foretaget\/","url":"https:\/\/makelaalu.fi\/sv\/foretaget\/","name":"F\u00f6retaget - M&auml;kel&auml; Alu Oy","isPartOf":{"@id":"https:\/\/dev.makelaalu.fi\/#website"},"datePublished":"2022-04-05T08:30:13+00:00","dateModified":"2023-10-23T11:18:23+00:00","breadcrumb":{"@id":"https:\/\/makelaalu.fi\/sv\/foretaget\/#breadcrumb"},"inLanguage":"sv-SE","potentialAction":[{"@type":"ReadAction","target":["https:\/\/makelaalu.fi\/sv\/foretaget\/"]}]},{"@type":"BreadcrumbList","@id":"https:\/\/makelaalu.fi\/sv\/foretaget\/#breadcrumb","itemListElement":[{"@type":"ListItem","position":1,"name":"Frontpage","item":"https:\/\/makelaalu.fi\/sv\/"},{"@type":"ListItem","position":2,"name":"F\u00f6retaget"}]},{"@type":"WebSite","@id":"https:\/\/dev.makelaalu.fi\/#website","url":"https:\/\/dev.makelaalu.fi\/","name":"M&auml;kel&auml; Alu Oy","description":"Alumiiniprofiilien puristaminen vuosikymmenten kokemuksella.","potentialAction":[{"@type":"SearchAction","target":{"@type":"EntryPoint","urlTemplate":"https:\/\/dev.makelaalu.fi\/?s={search_term_string}"},"query-input":{"@type":"PropertyValueSpecification","valueRequired":true,"valueName":"search_term_string"}}],"inLanguage":"sv-SE"}]}},"_links":{"self":[{"href":"https:\/\/makelaalu.fi\/sv\/wp-json\/wp\/v2\/pages\/7252","targetHints":{"allow":["GET"]}}],"collection":[{"href":"https:\/\/makelaalu.fi\/sv\/wp-json\/wp\/v2\/pages"}],"about":[{"href":"https:\/\/makelaalu.fi\/sv\/wp-json\/wp\/v2\/types\/page"}],"author":[{"embeddable":true,"href":"https:\/\/makelaalu.fi\/sv\/wp-json\/wp\/v2\/users\/5"}],"replies":[{"embeddable":true,"href":"https:\/\/makelaalu.fi\/sv\/wp-json\/wp\/v2\/comments?post=7252"}],"version-history":[{"count":14,"href":"https:\/\/makelaalu.fi\/sv\/wp-json\/wp\/v2\/pages\/7252\/revisions"}],"predecessor-version":[{"id":9668,"href":"https:\/\/makelaalu.fi\/sv\/wp-json\/wp\/v2\/pages\/7252\/revisions\/9668"}],"wp:attachment":[{"href":"https:\/\/makelaalu.fi\/sv\/wp-json\/wp\/v2\/media?parent=7252"}],"curies":[{"name":"wp","href":"https:\/\/api.w.org\/{rel}","templated":true}]}}