{"id":7256,"date":"2022-04-05T11:32:56","date_gmt":"2022-04-05T08:32:56","guid":{"rendered":"https:\/\/dev.makelaalu.fi\/?page_id=7256"},"modified":"2022-05-23T10:31:59","modified_gmt":"2022-05-23T07:31:59","slug":"historia","status":"publish","type":"page","link":"https:\/\/makelaalu.fi\/sv\/foretaget\/historia\/","title":{"rendered":"Historia"},"content":{"rendered":"<h2>Den dynamiska 80-\u00e5riga familjef\u00f6retaget<\/h2>\n<h4><strong>Fredrik \u201dReeti\u201d M\u00e4kel\u00e4<\/strong>\u00a0var 20 \u00e5r gammal n\u00e4r han \u00e5r 1937 f\u00f6rverkligade sin dr\u00f6m om ett eget f\u00f6retag.<\/h4>\n<p>Den tekniskt beg\u00e5vade Fredrik f\u00f6ruts\u00e5g kommande behov och f\u00f6r\u00e4ndringar, och utvecklade st\u00e4ndigt produkter och produktion efter dessa. Fr\u00e5n blekpl\u00e5t gick han \u00f6ver till f\u00f6rtenning av mj\u00f6lkkannor, spisar, ventilationssystem och takpl\u00e5tar. I sin marknadsf\u00f6ring litade han p\u00e5 personliga kontakter. Under \u00e5rtiondenas lopp tog f\u00f6retaget tag i nya str\u00f6mningar och investerade modigt, till och med vid ekonomisk kris. F\u00f6r att garantera forts\u00e4ttningen utbildades personalen och deras v\u00e4lm\u00e5ende togs hand om. Familjef\u00f6retagets mod och f\u00f6retagsamhet skapade en framtid inte bara f\u00f6r M\u00e4kel\u00e4 Alu, utan ocks\u00e5 f\u00f6r m\u00e4nniskorna i regionen.<\/p>\n<p>F\u00f6retagsr\u00e5d\u00a0<strong>Esko M\u00e4kel\u00e4<\/strong>s karri\u00e4r b\u00f6rjade \u00e5r 1962 i f\u00f6retaget hans far Fredrik M\u00e4kel\u00e4 skapat. Produktionen utvecklades i en ny riktning \u00e5r 1965 n\u00e4r f\u00f6retaget b\u00f6rjade tillverka tak- och v\u00e4ggprofiler. Under profilverksamheten levererades stora helheter till Sovjetunionen, bl.a. Till Kostamus-projektet.<\/p>\n<p>Under en f\u00f6retagvisit i Norge i b\u00f6rjan p\u00e5 1980-talet bekantade sig Esko med ett pressverk f\u00f6r aluminium. Tanken om att skaffa ett s\u00e5dant grodde, och s\u00e5 startade produktionen av aluminiumprofiler i b\u00f6rjan av 1990-talet. Ur aff\u00e4rsverksamheten med aluminium har det nationellt betydande aluminiumklustret LA Alucenter utvecklats, och med i dess verksamhet finns ett flertal vidaref\u00f6r\u00e4dlingsf\u00f6retag.<\/p>\n<p>M\u00e4kel\u00e4 Alus historia forts\u00e4tter nu redan i en tredje generation, d\u00e5\u00a0<strong>Petri M\u00e4kel\u00e4<\/strong>\u00a0fungerar som styrelsens ordf\u00f6rande.<\/p>\n<p><img loading=\"lazy\" decoding=\"async\" class=\"alignnone size-full wp-image-875\" src=\"https:\/\/makelaalu.fi\/wp-content\/uploads\/2017\/06\/tarina.jpg\" alt=\"\" width=\"1200\" height=\"796\" srcset=\"https:\/\/makelaalu.fi\/wp-content\/uploads\/2017\/06\/tarina.jpg 1200w, https:\/\/makelaalu.fi\/wp-content\/uploads\/2017\/06\/tarina-300x199.jpg 300w, https:\/\/makelaalu.fi\/wp-content\/uploads\/2017\/06\/tarina-768x509.jpg 768w, https:\/\/makelaalu.fi\/wp-content\/uploads\/2017\/06\/tarina-1024x679.jpg 1024w\" sizes=\"auto, (max-width: 1200px) 100vw, 1200px\" \/><\/p>\n<h3>Samarbete och internationalitet<\/h3>\n<p>En v\u00e4sentlig del av M\u00e4kel\u00e4 Alus verksamhetsprinciper \u00e4r samarbete och internationalitet. Bakom de h\u00e5llbara samarbetsf\u00f6rh\u00e5llandena finns en vilja att lyssna p\u00e5 kunderna och st\u00e4ndigt utvecklas. Vi reagerar snabbt p\u00e5 situationer och s\u00f6ker tillsammans flexibla l\u00f6sningar. Kostnadseffektiviteten g\u00f6r inhemsk produktion m\u00f6jlig. R\u00f6tterna till v\u00e5r internationalisering \u00e4r fr\u00e5n 40 \u00e5r tillbaka och i dag exporteras n\u00e4sta 40 % av v\u00e5ra produkter. De viktigaste exportl\u00e4nderna \u00e4r de nordiska l\u00e4nderna, de baltiska l\u00e4nderna och Tyskland. I v\u00e5rt samarbetsn\u00e4tverk finns regionala, finska och internationella samarbetspartners.<\/p>\n","protected":false},"excerpt":{"rendered":"Den dynamiska 80-\u00e5riga familjef\u00f6retaget Fredrik \u201dReeti\u201d M\u00e4kel\u00e4\u00a0var 20 \u00e5r gammal n\u00e4r han \u00e5r 1937 f\u00f6rverkligade sin dr\u00f6m om ett eget f\u00f6retag. Den tekniskt beg\u00e5vade Fredrik f\u00f6ruts\u00e5g kommande behov och f\u00f6r\u00e4ndringar, och utvecklade st\u00e4ndigt produkter och produktion efter dessa. Fr\u00e5n blekpl\u00e5t gick han \u00f6ver till f\u00f6rtenning av mj\u00f6lkkannor, spisar, ventilationssystem och takpl\u00e5tar. I sin marknadsf\u00f6ring litade han p\u00e5 personliga kontakter. Under \u00e5rtiondenas lopp tog f\u00f6retaget tag i nya str\u00f6mningar och investerade modigt, till och med vid ekonomisk kris. F\u00f6r att garantera forts\u00e4ttningen utbildades personalen och deras v\u00e4lm\u00e5ende togs hand om. Familjef\u00f6retagets mod och f\u00f6retagsamhet skapade en framtid inte bara f\u00f6r M\u00e4kel\u00e4 Alu, utan ocks\u00e5 f\u00f6r m\u00e4nniskorna i regionen. F\u00f6retagsr\u00e5d\u00a0Esko M\u00e4kel\u00e4s karri\u00e4r b\u00f6rjade \u00e5r 1962 i f\u00f6retaget hans far Fredrik M\u00e4kel\u00e4 skapat. Produktionen utvecklades i en ny riktning \u00e5r 1965 n\u00e4r f\u00f6retaget b\u00f6rjade tillverka tak- och v\u00e4ggprofiler. Under profilverksamheten levererades stora helheter till Sovjetunionen, bl.a. Till Kostamus-projektet. Under en f\u00f6retagvisit i Norge i b\u00f6rjan p\u00e5 1980-talet bekantade sig Esko med ett pressverk f\u00f6r aluminium. Tanken om att skaffa ett s\u00e5dant grodde, och s\u00e5 startade produktionen av aluminiumprofiler i b\u00f6rjan av 1990-talet. Ur aff\u00e4rsverksamheten med aluminium har det nationellt betydande aluminiumklustret LA Alucenter utvecklats, och med i dess verksamhet finns ett flertal vidaref\u00f6r\u00e4dlingsf\u00f6retag. M\u00e4kel\u00e4 Alus historia forts\u00e4tter nu redan i en tredje generation, d\u00e5\u00a0Petri M\u00e4kel\u00e4\u00a0fungerar som styrelsens ordf\u00f6rande. Samarbete och internationalitet En v\u00e4sentlig del av M\u00e4kel\u00e4 Alus verksamhetsprinciper \u00e4r samarbete och internationalitet. Bakom de h\u00e5llbara samarbetsf\u00f6rh\u00e5llandena finns en vilja att lyssna p\u00e5 kunderna och st\u00e4ndigt utvecklas. Vi reagerar snabbt p\u00e5 situationer och s\u00f6ker tillsammans flexibla l\u00f6sningar. Kostnadseffektiviteten g\u00f6r inhemsk produktion m\u00f6jlig. R\u00f6tterna till v\u00e5r internationalisering \u00e4r fr\u00e5n 40 \u00e5r tillbaka och i dag exporteras n\u00e4sta 40 % av v\u00e5ra produkter. De viktigaste exportl\u00e4nderna \u00e4r de nordiska l\u00e4nderna, de baltiska l\u00e4nderna och Tyskland. I v\u00e5rt samarbetsn\u00e4tverk finns regionala, finska och internationella samarbetspartners.","protected":false},"author":5,"featured_media":0,"parent":7252,"menu_order":61,"comment_status":"closed","ping_status":"closed","template":"","meta":{"_acf_changed":false,"footnotes":""},"class_list":["post-7256","page","type-page","status-publish","hentry"],"acf":[],"yoast_head":"<!-- This site is optimized with the Yoast SEO plugin v27.3 - https:\/\/yoast.com\/product\/yoast-seo-wordpress\/ -->\n<title>Historia - M&auml;kel&auml; Alu Oy<\/title>\n<meta name=\"robots\" content=\"index, follow, max-snippet:-1, max-image-preview:large, max-video-preview:-1\" \/>\n<link rel=\"canonical\" href=\"https:\/\/makelaalu.fi\/sv\/foretaget\/historia\/\" \/>\n<meta property=\"og:locale\" content=\"sv_SE\" \/>\n<meta property=\"og:type\" content=\"article\" \/>\n<meta property=\"og:title\" content=\"Historia - M&auml;kel&auml; Alu Oy\" \/>\n<meta property=\"og:description\" content=\"Den dynamiska 80-\u00e5riga familjef\u00f6retaget Fredrik \u201dReeti\u201d M\u00e4kel\u00e4\u00a0var 20 \u00e5r gammal n\u00e4r han \u00e5r 1937 f\u00f6rverkligade sin dr\u00f6m om ett eget f\u00f6retag. Den tekniskt beg\u00e5vade Fredrik f\u00f6ruts\u00e5g kommande behov och f\u00f6r\u00e4ndringar, och utvecklade st\u00e4ndigt produkter och produktion efter dessa. Fr\u00e5n blekpl\u00e5t gick han \u00f6ver till f\u00f6rtenning av mj\u00f6lkkannor, spisar, ventilationssystem och takpl\u00e5tar. I sin marknadsf\u00f6ring litade han p\u00e5 personliga kontakter. Under \u00e5rtiondenas lopp tog f\u00f6retaget tag i nya str\u00f6mningar och investerade modigt, till och med vid ekonomisk kris. F\u00f6r att garantera forts\u00e4ttningen utbildades personalen och deras v\u00e4lm\u00e5ende togs hand om. Familjef\u00f6retagets mod och f\u00f6retagsamhet skapade en framtid inte bara f\u00f6r M\u00e4kel\u00e4 Alu, utan ocks\u00e5 f\u00f6r m\u00e4nniskorna i regionen. F\u00f6retagsr\u00e5d\u00a0Esko M\u00e4kel\u00e4s karri\u00e4r b\u00f6rjade \u00e5r 1962 i f\u00f6retaget hans far Fredrik M\u00e4kel\u00e4 skapat. Produktionen utvecklades i en ny riktning \u00e5r 1965 n\u00e4r f\u00f6retaget b\u00f6rjade tillverka tak- och v\u00e4ggprofiler. Under profilverksamheten levererades stora helheter till Sovjetunionen, bl.a. Till Kostamus-projektet. Under en f\u00f6retagvisit i Norge i b\u00f6rjan p\u00e5 1980-talet bekantade sig Esko med ett pressverk f\u00f6r aluminium. Tanken om att skaffa ett s\u00e5dant grodde, och s\u00e5 startade produktionen av aluminiumprofiler i b\u00f6rjan av 1990-talet. Ur aff\u00e4rsverksamheten med aluminium har det nationellt betydande aluminiumklustret LA Alucenter utvecklats, och med i dess verksamhet finns ett flertal vidaref\u00f6r\u00e4dlingsf\u00f6retag. M\u00e4kel\u00e4 Alus historia forts\u00e4tter nu redan i en tredje generation, d\u00e5\u00a0Petri M\u00e4kel\u00e4\u00a0fungerar som styrelsens ordf\u00f6rande. Samarbete och internationalitet En v\u00e4sentlig del av M\u00e4kel\u00e4 Alus verksamhetsprinciper \u00e4r samarbete och internationalitet. Bakom de h\u00e5llbara samarbetsf\u00f6rh\u00e5llandena finns en vilja att lyssna p\u00e5 kunderna och st\u00e4ndigt utvecklas. Vi reagerar snabbt p\u00e5 situationer och s\u00f6ker tillsammans flexibla l\u00f6sningar. Kostnadseffektiviteten g\u00f6r inhemsk produktion m\u00f6jlig. R\u00f6tterna till v\u00e5r internationalisering \u00e4r fr\u00e5n 40 \u00e5r tillbaka och i dag exporteras n\u00e4sta 40 % av v\u00e5ra produkter. De viktigaste exportl\u00e4nderna \u00e4r de nordiska l\u00e4nderna, de baltiska l\u00e4nderna och Tyskland. I v\u00e5rt samarbetsn\u00e4tverk finns regionala, finska och internationella samarbetspartners.\" \/>\n<meta property=\"og:url\" content=\"https:\/\/makelaalu.fi\/sv\/foretaget\/historia\/\" \/>\n<meta property=\"og:site_name\" content=\"M&auml;kel&auml; Alu Oy\" \/>\n<meta property=\"article:modified_time\" content=\"2022-05-23T07:31:59+00:00\" \/>\n<meta property=\"og:image\" content=\"https:\/\/makelaalu.fi\/wp-content\/uploads\/2017\/06\/tarina.jpg\" \/>\n<meta name=\"twitter:card\" content=\"summary_large_image\" \/>\n<meta name=\"twitter:label1\" content=\"Ber\u00e4knad l\u00e4stid\" \/>\n\t<meta name=\"twitter:data1\" content=\"3 minuter\" \/>\n<script type=\"application\/ld+json\" class=\"yoast-schema-graph\">{\"@context\":\"https:\\\/\\\/schema.org\",\"@graph\":[{\"@type\":\"WebPage\",\"@id\":\"https:\\\/\\\/makelaalu.fi\\\/sv\\\/foretaget\\\/historia\\\/\",\"url\":\"https:\\\/\\\/makelaalu.fi\\\/sv\\\/foretaget\\\/historia\\\/\",\"name\":\"Historia - M&auml;kel&auml; Alu Oy\",\"isPartOf\":{\"@id\":\"https:\\\/\\\/dev.makelaalu.fi\\\/#website\"},\"primaryImageOfPage\":{\"@id\":\"https:\\\/\\\/makelaalu.fi\\\/sv\\\/foretaget\\\/historia\\\/#primaryimage\"},\"image\":{\"@id\":\"https:\\\/\\\/makelaalu.fi\\\/sv\\\/foretaget\\\/historia\\\/#primaryimage\"},\"thumbnailUrl\":\"https:\\\/\\\/makelaalu.fi\\\/wp-content\\\/uploads\\\/2017\\\/06\\\/tarina.jpg\",\"datePublished\":\"2022-04-05T08:32:56+00:00\",\"dateModified\":\"2022-05-23T07:31:59+00:00\",\"breadcrumb\":{\"@id\":\"https:\\\/\\\/makelaalu.fi\\\/sv\\\/foretaget\\\/historia\\\/#breadcrumb\"},\"inLanguage\":\"sv-SE\",\"potentialAction\":[{\"@type\":\"ReadAction\",\"target\":[\"https:\\\/\\\/makelaalu.fi\\\/sv\\\/foretaget\\\/historia\\\/\"]}]},{\"@type\":\"ImageObject\",\"inLanguage\":\"sv-SE\",\"@id\":\"https:\\\/\\\/makelaalu.fi\\\/sv\\\/foretaget\\\/historia\\\/#primaryimage\",\"url\":\"https:\\\/\\\/makelaalu.fi\\\/wp-content\\\/uploads\\\/2017\\\/06\\\/tarina.jpg\",\"contentUrl\":\"https:\\\/\\\/makelaalu.fi\\\/wp-content\\\/uploads\\\/2017\\\/06\\\/tarina.jpg\"},{\"@type\":\"BreadcrumbList\",\"@id\":\"https:\\\/\\\/makelaalu.fi\\\/sv\\\/foretaget\\\/historia\\\/#breadcrumb\",\"itemListElement\":[{\"@type\":\"ListItem\",\"position\":1,\"name\":\"Frontpage\",\"item\":\"https:\\\/\\\/makelaalu.fi\\\/sv\\\/\"},{\"@type\":\"ListItem\",\"position\":2,\"name\":\"F\u00f6retaget\",\"item\":\"https:\\\/\\\/makelaalu.fi\\\/sv\\\/foretaget\\\/\"},{\"@type\":\"ListItem\",\"position\":3,\"name\":\"Historia\"}]},{\"@type\":\"WebSite\",\"@id\":\"https:\\\/\\\/dev.makelaalu.fi\\\/#website\",\"url\":\"https:\\\/\\\/dev.makelaalu.fi\\\/\",\"name\":\"M&auml;kel&auml; Alu Oy\",\"description\":\"Alumiiniprofiilien puristaminen vuosikymmenten kokemuksella.\",\"potentialAction\":[{\"@type\":\"SearchAction\",\"target\":{\"@type\":\"EntryPoint\",\"urlTemplate\":\"https:\\\/\\\/dev.makelaalu.fi\\\/?s={search_term_string}\"},\"query-input\":{\"@type\":\"PropertyValueSpecification\",\"valueRequired\":true,\"valueName\":\"search_term_string\"}}],\"inLanguage\":\"sv-SE\"}]}<\/script>\n<!-- \/ Yoast SEO plugin. -->","yoast_head_json":{"title":"Historia - M&auml;kel&auml; Alu Oy","robots":{"index":"index","follow":"follow","max-snippet":"max-snippet:-1","max-image-preview":"max-image-preview:large","max-video-preview":"max-video-preview:-1"},"canonical":"https:\/\/makelaalu.fi\/sv\/foretaget\/historia\/","og_locale":"sv_SE","og_type":"article","og_title":"Historia - M&auml;kel&auml; Alu Oy","og_description":"Den dynamiska 80-\u00e5riga familjef\u00f6retaget Fredrik \u201dReeti\u201d M\u00e4kel\u00e4\u00a0var 20 \u00e5r gammal n\u00e4r han \u00e5r 1937 f\u00f6rverkligade sin dr\u00f6m om ett eget f\u00f6retag. Den tekniskt beg\u00e5vade Fredrik f\u00f6ruts\u00e5g kommande behov och f\u00f6r\u00e4ndringar, och utvecklade st\u00e4ndigt produkter och produktion efter dessa. Fr\u00e5n blekpl\u00e5t gick han \u00f6ver till f\u00f6rtenning av mj\u00f6lkkannor, spisar, ventilationssystem och takpl\u00e5tar. I sin marknadsf\u00f6ring litade han p\u00e5 personliga kontakter. Under \u00e5rtiondenas lopp tog f\u00f6retaget tag i nya str\u00f6mningar och investerade modigt, till och med vid ekonomisk kris. F\u00f6r att garantera forts\u00e4ttningen utbildades personalen och deras v\u00e4lm\u00e5ende togs hand om. Familjef\u00f6retagets mod och f\u00f6retagsamhet skapade en framtid inte bara f\u00f6r M\u00e4kel\u00e4 Alu, utan ocks\u00e5 f\u00f6r m\u00e4nniskorna i regionen. F\u00f6retagsr\u00e5d\u00a0Esko M\u00e4kel\u00e4s karri\u00e4r b\u00f6rjade \u00e5r 1962 i f\u00f6retaget hans far Fredrik M\u00e4kel\u00e4 skapat. Produktionen utvecklades i en ny riktning \u00e5r 1965 n\u00e4r f\u00f6retaget b\u00f6rjade tillverka tak- och v\u00e4ggprofiler. Under profilverksamheten levererades stora helheter till Sovjetunionen, bl.a. Till Kostamus-projektet. Under en f\u00f6retagvisit i Norge i b\u00f6rjan p\u00e5 1980-talet bekantade sig Esko med ett pressverk f\u00f6r aluminium. Tanken om att skaffa ett s\u00e5dant grodde, och s\u00e5 startade produktionen av aluminiumprofiler i b\u00f6rjan av 1990-talet. Ur aff\u00e4rsverksamheten med aluminium har det nationellt betydande aluminiumklustret LA Alucenter utvecklats, och med i dess verksamhet finns ett flertal vidaref\u00f6r\u00e4dlingsf\u00f6retag. M\u00e4kel\u00e4 Alus historia forts\u00e4tter nu redan i en tredje generation, d\u00e5\u00a0Petri M\u00e4kel\u00e4\u00a0fungerar som styrelsens ordf\u00f6rande. Samarbete och internationalitet En v\u00e4sentlig del av M\u00e4kel\u00e4 Alus verksamhetsprinciper \u00e4r samarbete och internationalitet. Bakom de h\u00e5llbara samarbetsf\u00f6rh\u00e5llandena finns en vilja att lyssna p\u00e5 kunderna och st\u00e4ndigt utvecklas. Vi reagerar snabbt p\u00e5 situationer och s\u00f6ker tillsammans flexibla l\u00f6sningar. Kostnadseffektiviteten g\u00f6r inhemsk produktion m\u00f6jlig. R\u00f6tterna till v\u00e5r internationalisering \u00e4r fr\u00e5n 40 \u00e5r tillbaka och i dag exporteras n\u00e4sta 40 % av v\u00e5ra produkter. De viktigaste exportl\u00e4nderna \u00e4r de nordiska l\u00e4nderna, de baltiska l\u00e4nderna och Tyskland. I v\u00e5rt samarbetsn\u00e4tverk finns regionala, finska och internationella samarbetspartners.","og_url":"https:\/\/makelaalu.fi\/sv\/foretaget\/historia\/","og_site_name":"M&auml;kel&auml; Alu Oy","article_modified_time":"2022-05-23T07:31:59+00:00","og_image":[{"url":"https:\/\/makelaalu.fi\/wp-content\/uploads\/2017\/06\/tarina.jpg","type":"","width":"","height":""}],"twitter_card":"summary_large_image","twitter_misc":{"Ber\u00e4knad l\u00e4stid":"3 minuter"},"schema":{"@context":"https:\/\/schema.org","@graph":[{"@type":"WebPage","@id":"https:\/\/makelaalu.fi\/sv\/foretaget\/historia\/","url":"https:\/\/makelaalu.fi\/sv\/foretaget\/historia\/","name":"Historia - M&auml;kel&auml; Alu Oy","isPartOf":{"@id":"https:\/\/dev.makelaalu.fi\/#website"},"primaryImageOfPage":{"@id":"https:\/\/makelaalu.fi\/sv\/foretaget\/historia\/#primaryimage"},"image":{"@id":"https:\/\/makelaalu.fi\/sv\/foretaget\/historia\/#primaryimage"},"thumbnailUrl":"https:\/\/makelaalu.fi\/wp-content\/uploads\/2017\/06\/tarina.jpg","datePublished":"2022-04-05T08:32:56+00:00","dateModified":"2022-05-23T07:31:59+00:00","breadcrumb":{"@id":"https:\/\/makelaalu.fi\/sv\/foretaget\/historia\/#breadcrumb"},"inLanguage":"sv-SE","potentialAction":[{"@type":"ReadAction","target":["https:\/\/makelaalu.fi\/sv\/foretaget\/historia\/"]}]},{"@type":"ImageObject","inLanguage":"sv-SE","@id":"https:\/\/makelaalu.fi\/sv\/foretaget\/historia\/#primaryimage","url":"https:\/\/makelaalu.fi\/wp-content\/uploads\/2017\/06\/tarina.jpg","contentUrl":"https:\/\/makelaalu.fi\/wp-content\/uploads\/2017\/06\/tarina.jpg"},{"@type":"BreadcrumbList","@id":"https:\/\/makelaalu.fi\/sv\/foretaget\/historia\/#breadcrumb","itemListElement":[{"@type":"ListItem","position":1,"name":"Frontpage","item":"https:\/\/makelaalu.fi\/sv\/"},{"@type":"ListItem","position":2,"name":"F\u00f6retaget","item":"https:\/\/makelaalu.fi\/sv\/foretaget\/"},{"@type":"ListItem","position":3,"name":"Historia"}]},{"@type":"WebSite","@id":"https:\/\/dev.makelaalu.fi\/#website","url":"https:\/\/dev.makelaalu.fi\/","name":"M&auml;kel&auml; Alu Oy","description":"Alumiiniprofiilien puristaminen vuosikymmenten kokemuksella.","potentialAction":[{"@type":"SearchAction","target":{"@type":"EntryPoint","urlTemplate":"https:\/\/dev.makelaalu.fi\/?s={search_term_string}"},"query-input":{"@type":"PropertyValueSpecification","valueRequired":true,"valueName":"search_term_string"}}],"inLanguage":"sv-SE"}]}},"_links":{"self":[{"href":"https:\/\/makelaalu.fi\/sv\/wp-json\/wp\/v2\/pages\/7256","targetHints":{"allow":["GET"]}}],"collection":[{"href":"https:\/\/makelaalu.fi\/sv\/wp-json\/wp\/v2\/pages"}],"about":[{"href":"https:\/\/makelaalu.fi\/sv\/wp-json\/wp\/v2\/types\/page"}],"author":[{"embeddable":true,"href":"https:\/\/makelaalu.fi\/sv\/wp-json\/wp\/v2\/users\/5"}],"replies":[{"embeddable":true,"href":"https:\/\/makelaalu.fi\/sv\/wp-json\/wp\/v2\/comments?post=7256"}],"version-history":[{"count":2,"href":"https:\/\/makelaalu.fi\/sv\/wp-json\/wp\/v2\/pages\/7256\/revisions"}],"predecessor-version":[{"id":8421,"href":"https:\/\/makelaalu.fi\/sv\/wp-json\/wp\/v2\/pages\/7256\/revisions\/8421"}],"up":[{"embeddable":true,"href":"https:\/\/makelaalu.fi\/sv\/wp-json\/wp\/v2\/pages\/7252"}],"wp:attachment":[{"href":"https:\/\/makelaalu.fi\/sv\/wp-json\/wp\/v2\/media?parent=7256"}],"curies":[{"name":"wp","href":"https:\/\/api.w.org\/{rel}","templated":true}]}}